{"id":13492,"date":"2025-12-12T17:48:05","date_gmt":"2025-12-12T16:48:05","guid":{"rendered":"https:\/\/test.ecbeaute.com\/?post_type=product&#038;p=13492"},"modified":"2025-12-12T17:48:24","modified_gmt":"2025-12-12T16:48:24","slug":"avene-antirougeurs-jour-emulsion-apaisante-spf30-40ml-2","status":"publish","type":"product","link":"https:\/\/paracherkaoui.ma\/index.php\/produit\/avene-antirougeurs-jour-emulsion-apaisante-spf30-40ml-2\/","title":{"rendered":"AVENE ANTIROUGEURS JOUR EMULSION APAISANTE SPF30 40ML"},"content":{"rendered":"<p>Description:<br \/>\nCette \u00e9mulsion l\u00e9g\u00e8re Antirougeurs JOUR apaise, att\u00e9nue et pr\u00e9vient les rougeurs cutan\u00e9es. Adapt\u00e9e aux peaux normales \u00e0 mixtes, sa texture l\u00e9g\u00e8re et non grasse laisse la peau douce toute la journ\u00e9e. R\u00e9duit les rougeurs gr\u00e2ce \u00e0 une association d&rsquo;actifs brevet\u00e9e.\u2022 ANTI-ROUGEURS : le TRP-Regulin\u00a0diminue la r\u00e9activit\u00e9 cutan\u00e9e.\u2022 APAISANT : gr\u00e2ce \u00e0 l\u2019Eau thermale d\u2019Av\u00e8ne, naturellement apaisant. \u2022 PHOTO-PROTECTEUR SPF30 : pour pr\u00e9venir les effets n\u00e9fastes des UVA\/UVB<\/p>\n","protected":false},"excerpt":{"rendered":"<p>Description: Cette \u00e9mulsion l\u00e9g\u00e8re Antirougeurs JOUR apaise, att\u00e9nue et pr\u00e9vient les rougeurs cutan\u00e9es. Adapt\u00e9e aux peaux normales \u00e0 mixtes, sa<\/p>\n","protected":false},"featured_media":11679,"comment_status":"open","ping_status":"closed","template":"","meta":[],"product_brand":[136],"product_cat":[173],"product_tag":[],"class_list":{"0":"post-13492","1":"product","2":"type-product","3":"status-publish","4":"has-post-thumbnail","6":"product_brand-avene","7":"product_cat-cremes-et-soins-visage","9":"first","10":"instock","11":"sale","12":"shipping-taxable","13":"purchasable","14":"product-type-simple"},"yoast_head":"<!-- This site is optimized with the Yoast SEO plugin v26.6 - https:\/\/yoast.com\/wordpress\/plugins\/seo\/ -->\r\n<title>AVENE ANTIROUGEURS JOUR EMULSION APAISANTE SPF30 40ML - Paracherkaoui.ma<\/title>\r\n<meta name=\"robots\" content=\"index, follow, max-snippet:-1, max-image-preview:large, max-video-preview:-1\" \/>\r\n<link rel=\"canonical\" href=\"https:\/\/paracherkaoui.ma\/index.php\/produit\/avene-antirougeurs-jour-emulsion-apaisante-spf30-40ml-2\/\" \/>\r\n<meta property=\"og:locale\" content=\"fr_FR\" \/>\r\n<meta property=\"og:type\" content=\"article\" \/>\r\n<meta property=\"og:title\" content=\"AVENE ANTIROUGEURS JOUR EMULSION APAISANTE SPF30 40ML - Paracherkaoui.ma\" \/>\r\n<meta property=\"og:description\" content=\"Description: Cette \u00e9mulsion l\u00e9g\u00e8re Antirougeurs JOUR apaise, att\u00e9nue et pr\u00e9vient les rougeurs cutan\u00e9es. Adapt\u00e9e aux peaux normales \u00e0 mixtes, sa\" \/>\r\n<meta property=\"og:url\" content=\"https:\/\/paracherkaoui.ma\/index.php\/produit\/avene-antirougeurs-jour-emulsion-apaisante-spf30-40ml-2\/\" \/>\r\n<meta property=\"og:site_name\" content=\"Paracherkaoui.ma\" \/>\r\n<meta property=\"article:modified_time\" content=\"2025-12-12T16:48:24+00:00\" \/>\r\n<meta property=\"og:image\" content=\"https:\/\/paracherkaoui.ma\/wp-content\/uploads\/2025\/12\/avene-antirougeurs-jour-emulsion-apaisante-spf30-40ml.jpg\" \/>\r\n\t<meta property=\"og:image:width\" content=\"700\" \/>\r\n\t<meta property=\"og:image:height\" content=\"700\" \/>\r\n\t<meta property=\"og:image:type\" content=\"image\/jpeg\" \/>\r\n<meta name=\"twitter:card\" content=\"summary_large_image\" \/>\r\n<script type=\"application\/ld+json\" class=\"yoast-schema-graph\">{\"@context\":\"https:\/\/schema.org\",\"@graph\":[{\"@type\":\"WebPage\",\"@id\":\"https:\/\/paracherkaoui.ma\/index.php\/produit\/avene-antirougeurs-jour-emulsion-apaisante-spf30-40ml-2\/\",\"url\":\"https:\/\/paracherkaoui.ma\/index.php\/produit\/avene-antirougeurs-jour-emulsion-apaisante-spf30-40ml-2\/\",\"name\":\"AVENE ANTIROUGEURS JOUR EMULSION APAISANTE SPF30 40ML - Paracherkaoui.ma\",\"isPartOf\":{\"@id\":\"https:\/\/paracherkaoui.ma\/#website\"},\"primaryImageOfPage\":{\"@id\":\"https:\/\/paracherkaoui.ma\/index.php\/produit\/avene-antirougeurs-jour-emulsion-apaisante-spf30-40ml-2\/#primaryimage\"},\"image\":{\"@id\":\"https:\/\/paracherkaoui.ma\/index.php\/produit\/avene-antirougeurs-jour-emulsion-apaisante-spf30-40ml-2\/#primaryimage\"},\"thumbnailUrl\":\"https:\/\/paracherkaoui.ma\/wp-content\/uploads\/2025\/12\/avene-antirougeurs-jour-emulsion-apaisante-spf30-40ml.jpg\",\"datePublished\":\"2025-12-12T16:48:05+00:00\",\"dateModified\":\"2025-12-12T16:48:24+00:00\",\"breadcrumb\":{\"@id\":\"https:\/\/paracherkaoui.ma\/index.php\/produit\/avene-antirougeurs-jour-emulsion-apaisante-spf30-40ml-2\/#breadcrumb\"},\"inLanguage\":\"fr-FR\",\"potentialAction\":[{\"@type\":\"ReadAction\",\"target\":[\"https:\/\/paracherkaoui.ma\/index.php\/produit\/avene-antirougeurs-jour-emulsion-apaisante-spf30-40ml-2\/\"]}]},{\"@type\":\"ImageObject\",\"inLanguage\":\"fr-FR\",\"@id\":\"https:\/\/paracherkaoui.ma\/index.php\/produit\/avene-antirougeurs-jour-emulsion-apaisante-spf30-40ml-2\/#primaryimage\",\"url\":\"https:\/\/paracherkaoui.ma\/wp-content\/uploads\/2025\/12\/avene-antirougeurs-jour-emulsion-apaisante-spf30-40ml.jpg\",\"contentUrl\":\"https:\/\/paracherkaoui.ma\/wp-content\/uploads\/2025\/12\/avene-antirougeurs-jour-emulsion-apaisante-spf30-40ml.jpg\",\"width\":700,\"height\":700},{\"@type\":\"BreadcrumbList\",\"@id\":\"https:\/\/paracherkaoui.ma\/index.php\/produit\/avene-antirougeurs-jour-emulsion-apaisante-spf30-40ml-2\/#breadcrumb\",\"itemListElement\":[{\"@type\":\"ListItem\",\"position\":1,\"name\":\"Accueil\",\"item\":\"https:\/\/paracherkaoui.ma\/\"},{\"@type\":\"ListItem\",\"position\":2,\"name\":\"Boutique\",\"item\":\"https:\/\/paracherkaoui.ma\/index.php\/boutique\/\"},{\"@type\":\"ListItem\",\"position\":3,\"name\":\"AVENE ANTIROUGEURS JOUR EMULSION APAISANTE SPF30 40ML\"}]},{\"@type\":\"WebSite\",\"@id\":\"https:\/\/paracherkaoui.ma\/#website\",\"url\":\"https:\/\/paracherkaoui.ma\/\",\"name\":\"Paracherkaoui.ma\",\"description\":\"Achetez en ligne sur Paracherkaoui.ma\",\"potentialAction\":[{\"@type\":\"SearchAction\",\"target\":{\"@type\":\"EntryPoint\",\"urlTemplate\":\"https:\/\/paracherkaoui.ma\/?s={search_term_string}\"},\"query-input\":{\"@type\":\"PropertyValueSpecification\",\"valueRequired\":true,\"valueName\":\"search_term_string\"}}],\"inLanguage\":\"fr-FR\"}]}<\/script>\r\n<!-- \/ Yoast SEO plugin. -->","yoast_head_json":{"title":"AVENE ANTIROUGEURS JOUR EMULSION APAISANTE SPF30 40ML - Paracherkaoui.ma","robots":{"index":"index","follow":"follow","max-snippet":"max-snippet:-1","max-image-preview":"max-image-preview:large","max-video-preview":"max-video-preview:-1"},"canonical":"https:\/\/paracherkaoui.ma\/index.php\/produit\/avene-antirougeurs-jour-emulsion-apaisante-spf30-40ml-2\/","og_locale":"fr_FR","og_type":"article","og_title":"AVENE ANTIROUGEURS JOUR EMULSION APAISANTE SPF30 40ML - Paracherkaoui.ma","og_description":"Description: Cette \u00e9mulsion l\u00e9g\u00e8re Antirougeurs JOUR apaise, att\u00e9nue et pr\u00e9vient les rougeurs cutan\u00e9es. Adapt\u00e9e aux peaux normales \u00e0 mixtes, sa","og_url":"https:\/\/paracherkaoui.ma\/index.php\/produit\/avene-antirougeurs-jour-emulsion-apaisante-spf30-40ml-2\/","og_site_name":"Paracherkaoui.ma","article_modified_time":"2025-12-12T16:48:24+00:00","og_image":[{"width":700,"height":700,"url":"https:\/\/paracherkaoui.ma\/wp-content\/uploads\/2025\/12\/avene-antirougeurs-jour-emulsion-apaisante-spf30-40ml.jpg","type":"image\/jpeg"}],"twitter_card":"summary_large_image","schema":{"@context":"https:\/\/schema.org","@graph":[{"@type":"WebPage","@id":"https:\/\/paracherkaoui.ma\/index.php\/produit\/avene-antirougeurs-jour-emulsion-apaisante-spf30-40ml-2\/","url":"https:\/\/paracherkaoui.ma\/index.php\/produit\/avene-antirougeurs-jour-emulsion-apaisante-spf30-40ml-2\/","name":"AVENE ANTIROUGEURS JOUR EMULSION APAISANTE SPF30 40ML - Paracherkaoui.ma","isPartOf":{"@id":"https:\/\/paracherkaoui.ma\/#website"},"primaryImageOfPage":{"@id":"https:\/\/paracherkaoui.ma\/index.php\/produit\/avene-antirougeurs-jour-emulsion-apaisante-spf30-40ml-2\/#primaryimage"},"image":{"@id":"https:\/\/paracherkaoui.ma\/index.php\/produit\/avene-antirougeurs-jour-emulsion-apaisante-spf30-40ml-2\/#primaryimage"},"thumbnailUrl":"https:\/\/paracherkaoui.ma\/wp-content\/uploads\/2025\/12\/avene-antirougeurs-jour-emulsion-apaisante-spf30-40ml.jpg","datePublished":"2025-12-12T16:48:05+00:00","dateModified":"2025-12-12T16:48:24+00:00","breadcrumb":{"@id":"https:\/\/paracherkaoui.ma\/index.php\/produit\/avene-antirougeurs-jour-emulsion-apaisante-spf30-40ml-2\/#breadcrumb"},"inLanguage":"fr-FR","potentialAction":[{"@type":"ReadAction","target":["https:\/\/paracherkaoui.ma\/index.php\/produit\/avene-antirougeurs-jour-emulsion-apaisante-spf30-40ml-2\/"]}]},{"@type":"ImageObject","inLanguage":"fr-FR","@id":"https:\/\/paracherkaoui.ma\/index.php\/produit\/avene-antirougeurs-jour-emulsion-apaisante-spf30-40ml-2\/#primaryimage","url":"https:\/\/paracherkaoui.ma\/wp-content\/uploads\/2025\/12\/avene-antirougeurs-jour-emulsion-apaisante-spf30-40ml.jpg","contentUrl":"https:\/\/paracherkaoui.ma\/wp-content\/uploads\/2025\/12\/avene-antirougeurs-jour-emulsion-apaisante-spf30-40ml.jpg","width":700,"height":700},{"@type":"BreadcrumbList","@id":"https:\/\/paracherkaoui.ma\/index.php\/produit\/avene-antirougeurs-jour-emulsion-apaisante-spf30-40ml-2\/#breadcrumb","itemListElement":[{"@type":"ListItem","position":1,"name":"Accueil","item":"https:\/\/paracherkaoui.ma\/"},{"@type":"ListItem","position":2,"name":"Boutique","item":"https:\/\/paracherkaoui.ma\/index.php\/boutique\/"},{"@type":"ListItem","position":3,"name":"AVENE ANTIROUGEURS JOUR EMULSION APAISANTE SPF30 40ML"}]},{"@type":"WebSite","@id":"https:\/\/paracherkaoui.ma\/#website","url":"https:\/\/paracherkaoui.ma\/","name":"Paracherkaoui.ma","description":"Achetez en ligne sur Paracherkaoui.ma","potentialAction":[{"@type":"SearchAction","target":{"@type":"EntryPoint","urlTemplate":"https:\/\/paracherkaoui.ma\/?s={search_term_string}"},"query-input":{"@type":"PropertyValueSpecification","valueRequired":true,"valueName":"search_term_string"}}],"inLanguage":"fr-FR"}]}},"_links":{"self":[{"href":"https:\/\/paracherkaoui.ma\/index.php\/wp-json\/wp\/v2\/product\/13492","targetHints":{"allow":["GET"]}}],"collection":[{"href":"https:\/\/paracherkaoui.ma\/index.php\/wp-json\/wp\/v2\/product"}],"about":[{"href":"https:\/\/paracherkaoui.ma\/index.php\/wp-json\/wp\/v2\/types\/product"}],"replies":[{"embeddable":true,"href":"https:\/\/paracherkaoui.ma\/index.php\/wp-json\/wp\/v2\/comments?post=13492"}],"version-history":[{"count":1,"href":"https:\/\/paracherkaoui.ma\/index.php\/wp-json\/wp\/v2\/product\/13492\/revisions"}],"predecessor-version":[{"id":13534,"href":"https:\/\/paracherkaoui.ma\/index.php\/wp-json\/wp\/v2\/product\/13492\/revisions\/13534"}],"wp:featuredmedia":[{"embeddable":true,"href":"https:\/\/paracherkaoui.ma\/index.php\/wp-json\/wp\/v2\/media\/11679"}],"wp:attachment":[{"href":"https:\/\/paracherkaoui.ma\/index.php\/wp-json\/wp\/v2\/media?parent=13492"}],"wp:term":[{"taxonomy":"product_brand","embeddable":true,"href":"https:\/\/paracherkaoui.ma\/index.php\/wp-json\/wp\/v2\/product_brand?post=13492"},{"taxonomy":"product_cat","embeddable":true,"href":"https:\/\/paracherkaoui.ma\/index.php\/wp-json\/wp\/v2\/product_cat?post=13492"},{"taxonomy":"product_tag","embeddable":true,"href":"https:\/\/paracherkaoui.ma\/index.php\/wp-json\/wp\/v2\/product_tag?post=13492"}],"curies":[{"name":"wp","href":"https:\/\/api.w.org\/{rel}","templated":true}]}}