{"id":13488,"date":"2025-12-12T17:48:04","date_gmt":"2025-12-12T16:48:04","guid":{"rendered":"https:\/\/test.ecbeaute.com\/?post_type=product&#038;p=13488"},"modified":"2025-12-12T17:48:21","modified_gmt":"2025-12-12T16:48:21","slug":"acm-duolys-riche-soin-hydratant-anti-age-40-ml","status":"publish","type":"product","link":"https:\/\/paracherkaoui.ma\/index.php\/produit\/acm-duolys-riche-soin-hydratant-anti-age-40-ml\/","title":{"rendered":"ACM DUOLYS RICHE SOIN HYDRATANT ANTI AGE 40 ML"},"content":{"rendered":"<p>Description:<br \/>\nACM Duolys Riche Soin Hydratant Anti-\u00e2ge 40ml .CE SOIN LUTTE CONTRE LE VIEILLISSEMENT CUTAN\u00c9 EN RENFOR\u00c7ANT L\u2019HYDRATATION DES PEAUX S\u00c8CHES \u00c0 TR\u00c8S S\u00c8CHES.\u00a0La d\u00e9shydratation est une cause importante du vieillissement de la peau, notamment des peaux s\u00e8ches qui ont tendance \u00e0 se rider plus vite. Gr\u00e2ce \u00e0 Duolys riche la peau retrouve son taux d\u2019hydratation id\u00e9ale, ce qui la rend plus ferme, plus lumineuse et plus douce. Il s\u2019agit d\u2019une \u00e9mulsion \u00e0 cristaux liquides qui favorise une meilleure p\u00e9n\u00e9tration des actifs hydratants.<\/p>\n<p>-Complexe \u00e0 base d\u2019acide hyaluronique et c\u00e9ramides<br \/>\n-Confort imm\u00e9diat et hydratation durable<br \/>\n-Texture fondante et onctueuse, toucher doux et velout\u00e9<br \/>\n-\u00c9mulsion \u00e0 cristaux liquides pour un meilleur pouvoir hydratant<\/p>\n<p>CONSEILS D&rsquo;UTILISATION :<\/p>\n<p>Appliquer matin et \/ ou soir sur une peau propre et s\u00e8che sur l\u2019ensemble du visage et du cou. Peut-\u00eatre utilis\u00e9 apr\u00e8s l\u2019application du S\u00e9rum Intensif anti-oxydant Duolys C.E ou le S\u00e9rum Intensif anti-\u00e2ge Duolys Hyal pour optimiser l\u2019efficacit\u00e9 anti-\u00e2ge.<\/p>\n","protected":false},"excerpt":{"rendered":"<p>Description: ACM Duolys Riche Soin Hydratant Anti-\u00e2ge 40ml .CE SOIN LUTTE CONTRE LE VIEILLISSEMENT CUTAN\u00c9 EN RENFOR\u00c7ANT L\u2019HYDRATATION DES PEAUX<\/p>\n","protected":false},"featured_media":13527,"comment_status":"open","ping_status":"closed","template":"","meta":[],"product_brand":[142],"product_cat":[173],"product_tag":[],"class_list":{"0":"post-13488","1":"product","2":"type-product","3":"status-publish","4":"has-post-thumbnail","6":"product_brand-acm","7":"product_cat-cremes-et-soins-visage","9":"first","10":"instock","11":"sale","12":"shipping-taxable","13":"purchasable","14":"product-type-simple"},"yoast_head":"<!-- This site is optimized with the Yoast SEO plugin v26.6 - https:\/\/yoast.com\/wordpress\/plugins\/seo\/ -->\r\n<title>ACM DUOLYS RICHE SOIN HYDRATANT ANTI AGE 40 ML - Paracherkaoui.ma<\/title>\r\n<meta name=\"robots\" content=\"index, follow, max-snippet:-1, max-image-preview:large, max-video-preview:-1\" \/>\r\n<link rel=\"canonical\" href=\"https:\/\/paracherkaoui.ma\/index.php\/produit\/acm-duolys-riche-soin-hydratant-anti-age-40-ml\/\" \/>\r\n<meta property=\"og:locale\" content=\"fr_FR\" \/>\r\n<meta property=\"og:type\" content=\"article\" \/>\r\n<meta property=\"og:title\" content=\"ACM DUOLYS RICHE SOIN HYDRATANT ANTI AGE 40 ML - Paracherkaoui.ma\" \/>\r\n<meta property=\"og:description\" content=\"Description: ACM Duolys Riche Soin Hydratant Anti-\u00e2ge 40ml .CE SOIN LUTTE CONTRE LE VIEILLISSEMENT CUTAN\u00c9 EN RENFOR\u00c7ANT L\u2019HYDRATATION DES PEAUX\" \/>\r\n<meta property=\"og:url\" content=\"https:\/\/paracherkaoui.ma\/index.php\/produit\/acm-duolys-riche-soin-hydratant-anti-age-40-ml\/\" \/>\r\n<meta property=\"og:site_name\" content=\"Paracherkaoui.ma\" \/>\r\n<meta property=\"article:modified_time\" content=\"2025-12-12T16:48:21+00:00\" \/>\r\n<meta property=\"og:image\" content=\"https:\/\/paracherkaoui.ma\/wp-content\/uploads\/2025\/12\/acm-acm-duolys-riche-soin-hydratant-anti-age-40-ml-peaux-matures.jpg\" \/>\r\n\t<meta property=\"og:image:width\" content=\"700\" \/>\r\n\t<meta property=\"og:image:height\" content=\"700\" \/>\r\n\t<meta property=\"og:image:type\" content=\"image\/jpeg\" \/>\r\n<meta name=\"twitter:card\" content=\"summary_large_image\" \/>\r\n<meta name=\"twitter:label1\" content=\"Dur\u00e9e de lecture estim\u00e9e\" \/>\n\t<meta name=\"twitter:data1\" content=\"1 minute\" \/>\r\n<script type=\"application\/ld+json\" class=\"yoast-schema-graph\">{\"@context\":\"https:\/\/schema.org\",\"@graph\":[{\"@type\":\"WebPage\",\"@id\":\"https:\/\/paracherkaoui.ma\/index.php\/produit\/acm-duolys-riche-soin-hydratant-anti-age-40-ml\/\",\"url\":\"https:\/\/paracherkaoui.ma\/index.php\/produit\/acm-duolys-riche-soin-hydratant-anti-age-40-ml\/\",\"name\":\"ACM DUOLYS RICHE SOIN HYDRATANT ANTI AGE 40 ML - Paracherkaoui.ma\",\"isPartOf\":{\"@id\":\"https:\/\/paracherkaoui.ma\/#website\"},\"primaryImageOfPage\":{\"@id\":\"https:\/\/paracherkaoui.ma\/index.php\/produit\/acm-duolys-riche-soin-hydratant-anti-age-40-ml\/#primaryimage\"},\"image\":{\"@id\":\"https:\/\/paracherkaoui.ma\/index.php\/produit\/acm-duolys-riche-soin-hydratant-anti-age-40-ml\/#primaryimage\"},\"thumbnailUrl\":\"https:\/\/paracherkaoui.ma\/wp-content\/uploads\/2025\/12\/acm-acm-duolys-riche-soin-hydratant-anti-age-40-ml-peaux-matures.jpg\",\"datePublished\":\"2025-12-12T16:48:04+00:00\",\"dateModified\":\"2025-12-12T16:48:21+00:00\",\"breadcrumb\":{\"@id\":\"https:\/\/paracherkaoui.ma\/index.php\/produit\/acm-duolys-riche-soin-hydratant-anti-age-40-ml\/#breadcrumb\"},\"inLanguage\":\"fr-FR\",\"potentialAction\":[{\"@type\":\"ReadAction\",\"target\":[\"https:\/\/paracherkaoui.ma\/index.php\/produit\/acm-duolys-riche-soin-hydratant-anti-age-40-ml\/\"]}]},{\"@type\":\"ImageObject\",\"inLanguage\":\"fr-FR\",\"@id\":\"https:\/\/paracherkaoui.ma\/index.php\/produit\/acm-duolys-riche-soin-hydratant-anti-age-40-ml\/#primaryimage\",\"url\":\"https:\/\/paracherkaoui.ma\/wp-content\/uploads\/2025\/12\/acm-acm-duolys-riche-soin-hydratant-anti-age-40-ml-peaux-matures.jpg\",\"contentUrl\":\"https:\/\/paracherkaoui.ma\/wp-content\/uploads\/2025\/12\/acm-acm-duolys-riche-soin-hydratant-anti-age-40-ml-peaux-matures.jpg\",\"width\":700,\"height\":700},{\"@type\":\"BreadcrumbList\",\"@id\":\"https:\/\/paracherkaoui.ma\/index.php\/produit\/acm-duolys-riche-soin-hydratant-anti-age-40-ml\/#breadcrumb\",\"itemListElement\":[{\"@type\":\"ListItem\",\"position\":1,\"name\":\"Accueil\",\"item\":\"https:\/\/paracherkaoui.ma\/\"},{\"@type\":\"ListItem\",\"position\":2,\"name\":\"Boutique\",\"item\":\"https:\/\/paracherkaoui.ma\/index.php\/boutique\/\"},{\"@type\":\"ListItem\",\"position\":3,\"name\":\"ACM DUOLYS RICHE SOIN HYDRATANT ANTI AGE 40 ML\"}]},{\"@type\":\"WebSite\",\"@id\":\"https:\/\/paracherkaoui.ma\/#website\",\"url\":\"https:\/\/paracherkaoui.ma\/\",\"name\":\"Paracherkaoui.ma\",\"description\":\"Achetez en ligne sur Paracherkaoui.ma\",\"potentialAction\":[{\"@type\":\"SearchAction\",\"target\":{\"@type\":\"EntryPoint\",\"urlTemplate\":\"https:\/\/paracherkaoui.ma\/?s={search_term_string}\"},\"query-input\":{\"@type\":\"PropertyValueSpecification\",\"valueRequired\":true,\"valueName\":\"search_term_string\"}}],\"inLanguage\":\"fr-FR\"}]}<\/script>\r\n<!-- \/ Yoast SEO plugin. -->","yoast_head_json":{"title":"ACM DUOLYS RICHE SOIN HYDRATANT ANTI AGE 40 ML - Paracherkaoui.ma","robots":{"index":"index","follow":"follow","max-snippet":"max-snippet:-1","max-image-preview":"max-image-preview:large","max-video-preview":"max-video-preview:-1"},"canonical":"https:\/\/paracherkaoui.ma\/index.php\/produit\/acm-duolys-riche-soin-hydratant-anti-age-40-ml\/","og_locale":"fr_FR","og_type":"article","og_title":"ACM DUOLYS RICHE SOIN HYDRATANT ANTI AGE 40 ML - Paracherkaoui.ma","og_description":"Description: ACM Duolys Riche Soin Hydratant Anti-\u00e2ge 40ml .CE SOIN LUTTE CONTRE LE VIEILLISSEMENT CUTAN\u00c9 EN RENFOR\u00c7ANT L\u2019HYDRATATION DES PEAUX","og_url":"https:\/\/paracherkaoui.ma\/index.php\/produit\/acm-duolys-riche-soin-hydratant-anti-age-40-ml\/","og_site_name":"Paracherkaoui.ma","article_modified_time":"2025-12-12T16:48:21+00:00","og_image":[{"width":700,"height":700,"url":"https:\/\/paracherkaoui.ma\/wp-content\/uploads\/2025\/12\/acm-acm-duolys-riche-soin-hydratant-anti-age-40-ml-peaux-matures.jpg","type":"image\/jpeg"}],"twitter_card":"summary_large_image","twitter_misc":{"Dur\u00e9e de lecture estim\u00e9e":"1 minute"},"schema":{"@context":"https:\/\/schema.org","@graph":[{"@type":"WebPage","@id":"https:\/\/paracherkaoui.ma\/index.php\/produit\/acm-duolys-riche-soin-hydratant-anti-age-40-ml\/","url":"https:\/\/paracherkaoui.ma\/index.php\/produit\/acm-duolys-riche-soin-hydratant-anti-age-40-ml\/","name":"ACM DUOLYS RICHE SOIN HYDRATANT ANTI AGE 40 ML - Paracherkaoui.ma","isPartOf":{"@id":"https:\/\/paracherkaoui.ma\/#website"},"primaryImageOfPage":{"@id":"https:\/\/paracherkaoui.ma\/index.php\/produit\/acm-duolys-riche-soin-hydratant-anti-age-40-ml\/#primaryimage"},"image":{"@id":"https:\/\/paracherkaoui.ma\/index.php\/produit\/acm-duolys-riche-soin-hydratant-anti-age-40-ml\/#primaryimage"},"thumbnailUrl":"https:\/\/paracherkaoui.ma\/wp-content\/uploads\/2025\/12\/acm-acm-duolys-riche-soin-hydratant-anti-age-40-ml-peaux-matures.jpg","datePublished":"2025-12-12T16:48:04+00:00","dateModified":"2025-12-12T16:48:21+00:00","breadcrumb":{"@id":"https:\/\/paracherkaoui.ma\/index.php\/produit\/acm-duolys-riche-soin-hydratant-anti-age-40-ml\/#breadcrumb"},"inLanguage":"fr-FR","potentialAction":[{"@type":"ReadAction","target":["https:\/\/paracherkaoui.ma\/index.php\/produit\/acm-duolys-riche-soin-hydratant-anti-age-40-ml\/"]}]},{"@type":"ImageObject","inLanguage":"fr-FR","@id":"https:\/\/paracherkaoui.ma\/index.php\/produit\/acm-duolys-riche-soin-hydratant-anti-age-40-ml\/#primaryimage","url":"https:\/\/paracherkaoui.ma\/wp-content\/uploads\/2025\/12\/acm-acm-duolys-riche-soin-hydratant-anti-age-40-ml-peaux-matures.jpg","contentUrl":"https:\/\/paracherkaoui.ma\/wp-content\/uploads\/2025\/12\/acm-acm-duolys-riche-soin-hydratant-anti-age-40-ml-peaux-matures.jpg","width":700,"height":700},{"@type":"BreadcrumbList","@id":"https:\/\/paracherkaoui.ma\/index.php\/produit\/acm-duolys-riche-soin-hydratant-anti-age-40-ml\/#breadcrumb","itemListElement":[{"@type":"ListItem","position":1,"name":"Accueil","item":"https:\/\/paracherkaoui.ma\/"},{"@type":"ListItem","position":2,"name":"Boutique","item":"https:\/\/paracherkaoui.ma\/index.php\/boutique\/"},{"@type":"ListItem","position":3,"name":"ACM DUOLYS RICHE SOIN HYDRATANT ANTI AGE 40 ML"}]},{"@type":"WebSite","@id":"https:\/\/paracherkaoui.ma\/#website","url":"https:\/\/paracherkaoui.ma\/","name":"Paracherkaoui.ma","description":"Achetez en ligne sur Paracherkaoui.ma","potentialAction":[{"@type":"SearchAction","target":{"@type":"EntryPoint","urlTemplate":"https:\/\/paracherkaoui.ma\/?s={search_term_string}"},"query-input":{"@type":"PropertyValueSpecification","valueRequired":true,"valueName":"search_term_string"}}],"inLanguage":"fr-FR"}]}},"_links":{"self":[{"href":"https:\/\/paracherkaoui.ma\/index.php\/wp-json\/wp\/v2\/product\/13488","targetHints":{"allow":["GET"]}}],"collection":[{"href":"https:\/\/paracherkaoui.ma\/index.php\/wp-json\/wp\/v2\/product"}],"about":[{"href":"https:\/\/paracherkaoui.ma\/index.php\/wp-json\/wp\/v2\/types\/product"}],"replies":[{"embeddable":true,"href":"https:\/\/paracherkaoui.ma\/index.php\/wp-json\/wp\/v2\/comments?post=13488"}],"version-history":[{"count":1,"href":"https:\/\/paracherkaoui.ma\/index.php\/wp-json\/wp\/v2\/product\/13488\/revisions"}],"predecessor-version":[{"id":13528,"href":"https:\/\/paracherkaoui.ma\/index.php\/wp-json\/wp\/v2\/product\/13488\/revisions\/13528"}],"wp:featuredmedia":[{"embeddable":true,"href":"https:\/\/paracherkaoui.ma\/index.php\/wp-json\/wp\/v2\/media\/13527"}],"wp:attachment":[{"href":"https:\/\/paracherkaoui.ma\/index.php\/wp-json\/wp\/v2\/media?parent=13488"}],"wp:term":[{"taxonomy":"product_brand","embeddable":true,"href":"https:\/\/paracherkaoui.ma\/index.php\/wp-json\/wp\/v2\/product_brand?post=13488"},{"taxonomy":"product_cat","embeddable":true,"href":"https:\/\/paracherkaoui.ma\/index.php\/wp-json\/wp\/v2\/product_cat?post=13488"},{"taxonomy":"product_tag","embeddable":true,"href":"https:\/\/paracherkaoui.ma\/index.php\/wp-json\/wp\/v2\/product_tag?post=13488"}],"curies":[{"name":"wp","href":"https:\/\/api.w.org\/{rel}","templated":true}]}}