{"id":13485,"date":"2025-12-12T17:48:02","date_gmt":"2025-12-12T16:48:02","guid":{"rendered":"https:\/\/test.ecbeaute.com\/?post_type=product&#038;p=13485"},"modified":"2025-12-12T17:48:17","modified_gmt":"2025-12-12T16:48:17","slug":"bioderma-sensibio-ar-creme-40ml-anti-rougeurs-2","status":"publish","type":"product","link":"https:\/\/paracherkaoui.ma\/index.php\/produit\/bioderma-sensibio-ar-creme-40ml-anti-rougeurs-2\/","title":{"rendered":"BIODERMA SENSIBIO AR+ CREME 40ML ANTI ROUGEURS"},"content":{"rendered":"<p>Description:<br \/>\nLe soin quotidien ultra-confort qui garantit aux peaux sensibles fines et r\u00e9actives pr\u00e9sentant des rougeurs passag\u00e8res intenses (agressions climatiques, \u00e9motions, alimentation, chauffage, \u2026) ou permanentes (petits vaisseaux apparents) une protection active Anti-Rougeur.\u2022\u00a0Sensibio\u00a0AR\u00a0garantit un r\u00e9sultat imm\u00e9diat et prolong\u00e9 :- L\u2019association d\u2019actifs apaisants intenses de\u00a0Sensibio\u00a0AR\u00a0diminue instantan\u00e9ment les rougeurs et les sensations de chaleur.- Gr\u00e2ce \u00e0 l\u2019ef\ufb01cacit\u00e9 des actifs anti-rougeurs s\u00e9lectionn\u00e9s, son brevet exclusif et novateur\u00a0Rosactiv\u00a0(Brevet BIODERMA) agit directement sur le facteur responsable de la dilatation et de la fragilisation des capillaires cutan\u00e9s (sources de rougeurs permanentes). Utilis\u00e9 quotidiennement,\u00a0Sensibio\u00a0AR\u00a0diminue ainsi durablement l\u2019intensit\u00e9 des rougeurs et r\u00e9duit leur fr\u00e9quence d\u2019apparition.\u2022\u00a0Les nacres iris\u00e9es vertes de\u00a0Sensibio\u00a0AR\u00a0neutralisent et att\u00e9nuent les rougeurs diffuses.\u2022\u00a0Les actifs hydratants et restructurants de\u00a0Sensibio\u00a0AR\u00a0apportent un r\u00e9el confort cutan\u00e9.\u00a0Sensibio\u00a0AR\u00a0permet de retrouver un teint lumineux.\u2022\u00a0Tr\u00e8s agr\u00e9able, la texture \u201ccr\u00e8me\u201d, l\u00e9g\u00e8re et non grasse, de\u00a0Sensibio\u00a0AR\u00a0optimise le bien-\u00eatre de la peau.\u2022\u00a0Sensibio\u00a0AR\u00a0offre une excellente tol\u00e9rance, m\u00eame aux peaux les plus sensibles.<br \/>\nConseils d&rsquo;utilisation<br \/>\n\u2022\u00a0Appliquez\u00a0Sensibio\u00a0AR\u00a01 \u00e0 2 fois par jour sur une peau nettoy\u00e9e.\u2022\u00a0Sensibio\u00a0AR\u00a0constitue une tr\u00e8s bonne base de maquillage.<\/p>\n","protected":false},"excerpt":{"rendered":"<p>Description: Le soin quotidien ultra-confort qui garantit aux peaux sensibles fines et r\u00e9actives pr\u00e9sentant des rougeurs passag\u00e8res intenses (agressions climatiques,<\/p>\n","protected":false},"featured_media":11590,"comment_status":"open","ping_status":"closed","template":"","meta":[],"product_brand":[137],"product_cat":[173],"product_tag":[],"class_list":{"0":"post-13485","1":"product","2":"type-product","3":"status-publish","4":"has-post-thumbnail","6":"product_brand-bioderma","7":"product_cat-cremes-et-soins-visage","9":"first","10":"instock","11":"sale","12":"shipping-taxable","13":"purchasable","14":"product-type-simple"},"yoast_head":"<!-- This site is optimized with the Yoast SEO plugin v26.6 - https:\/\/yoast.com\/wordpress\/plugins\/seo\/ -->\r\n<title>BIODERMA SENSIBIO AR+ CREME 40ML ANTI ROUGEURS - Paracherkaoui.ma<\/title>\r\n<meta name=\"robots\" content=\"index, follow, max-snippet:-1, max-image-preview:large, max-video-preview:-1\" \/>\r\n<link rel=\"canonical\" href=\"https:\/\/paracherkaoui.ma\/index.php\/produit\/bioderma-sensibio-ar-creme-40ml-anti-rougeurs-2\/\" \/>\r\n<meta property=\"og:locale\" content=\"fr_FR\" \/>\r\n<meta property=\"og:type\" content=\"article\" \/>\r\n<meta property=\"og:title\" content=\"BIODERMA SENSIBIO AR+ CREME 40ML ANTI ROUGEURS - Paracherkaoui.ma\" \/>\r\n<meta property=\"og:description\" content=\"Description: Le soin quotidien ultra-confort qui garantit aux peaux sensibles fines et r\u00e9actives pr\u00e9sentant des rougeurs passag\u00e8res intenses (agressions climatiques,\" \/>\r\n<meta property=\"og:url\" content=\"https:\/\/paracherkaoui.ma\/index.php\/produit\/bioderma-sensibio-ar-creme-40ml-anti-rougeurs-2\/\" \/>\r\n<meta property=\"og:site_name\" content=\"Paracherkaoui.ma\" \/>\r\n<meta property=\"article:modified_time\" content=\"2025-12-12T16:48:17+00:00\" \/>\r\n<meta property=\"og:image\" content=\"https:\/\/paracherkaoui.ma\/wp-content\/uploads\/2025\/12\/bioderma-sensibio-ar-creme-40ml-anti-rougeurs.jpg\" \/>\r\n\t<meta property=\"og:image:width\" content=\"700\" \/>\r\n\t<meta property=\"og:image:height\" content=\"700\" \/>\r\n\t<meta property=\"og:image:type\" content=\"image\/jpeg\" \/>\r\n<meta name=\"twitter:card\" content=\"summary_large_image\" \/>\r\n<meta name=\"twitter:label1\" content=\"Dur\u00e9e de lecture estim\u00e9e\" \/>\n\t<meta name=\"twitter:data1\" content=\"1 minute\" \/>\r\n<script type=\"application\/ld+json\" class=\"yoast-schema-graph\">{\"@context\":\"https:\/\/schema.org\",\"@graph\":[{\"@type\":\"WebPage\",\"@id\":\"https:\/\/paracherkaoui.ma\/index.php\/produit\/bioderma-sensibio-ar-creme-40ml-anti-rougeurs-2\/\",\"url\":\"https:\/\/paracherkaoui.ma\/index.php\/produit\/bioderma-sensibio-ar-creme-40ml-anti-rougeurs-2\/\",\"name\":\"BIODERMA SENSIBIO AR+ CREME 40ML ANTI ROUGEURS - Paracherkaoui.ma\",\"isPartOf\":{\"@id\":\"https:\/\/paracherkaoui.ma\/#website\"},\"primaryImageOfPage\":{\"@id\":\"https:\/\/paracherkaoui.ma\/index.php\/produit\/bioderma-sensibio-ar-creme-40ml-anti-rougeurs-2\/#primaryimage\"},\"image\":{\"@id\":\"https:\/\/paracherkaoui.ma\/index.php\/produit\/bioderma-sensibio-ar-creme-40ml-anti-rougeurs-2\/#primaryimage\"},\"thumbnailUrl\":\"https:\/\/paracherkaoui.ma\/wp-content\/uploads\/2025\/12\/bioderma-sensibio-ar-creme-40ml-anti-rougeurs.jpg\",\"datePublished\":\"2025-12-12T16:48:02+00:00\",\"dateModified\":\"2025-12-12T16:48:17+00:00\",\"breadcrumb\":{\"@id\":\"https:\/\/paracherkaoui.ma\/index.php\/produit\/bioderma-sensibio-ar-creme-40ml-anti-rougeurs-2\/#breadcrumb\"},\"inLanguage\":\"fr-FR\",\"potentialAction\":[{\"@type\":\"ReadAction\",\"target\":[\"https:\/\/paracherkaoui.ma\/index.php\/produit\/bioderma-sensibio-ar-creme-40ml-anti-rougeurs-2\/\"]}]},{\"@type\":\"ImageObject\",\"inLanguage\":\"fr-FR\",\"@id\":\"https:\/\/paracherkaoui.ma\/index.php\/produit\/bioderma-sensibio-ar-creme-40ml-anti-rougeurs-2\/#primaryimage\",\"url\":\"https:\/\/paracherkaoui.ma\/wp-content\/uploads\/2025\/12\/bioderma-sensibio-ar-creme-40ml-anti-rougeurs.jpg\",\"contentUrl\":\"https:\/\/paracherkaoui.ma\/wp-content\/uploads\/2025\/12\/bioderma-sensibio-ar-creme-40ml-anti-rougeurs.jpg\",\"width\":700,\"height\":700},{\"@type\":\"BreadcrumbList\",\"@id\":\"https:\/\/paracherkaoui.ma\/index.php\/produit\/bioderma-sensibio-ar-creme-40ml-anti-rougeurs-2\/#breadcrumb\",\"itemListElement\":[{\"@type\":\"ListItem\",\"position\":1,\"name\":\"Accueil\",\"item\":\"https:\/\/paracherkaoui.ma\/\"},{\"@type\":\"ListItem\",\"position\":2,\"name\":\"Boutique\",\"item\":\"https:\/\/paracherkaoui.ma\/index.php\/boutique\/\"},{\"@type\":\"ListItem\",\"position\":3,\"name\":\"BIODERMA SENSIBIO AR+ CREME 40ML ANTI ROUGEURS\"}]},{\"@type\":\"WebSite\",\"@id\":\"https:\/\/paracherkaoui.ma\/#website\",\"url\":\"https:\/\/paracherkaoui.ma\/\",\"name\":\"Paracherkaoui.ma\",\"description\":\"Achetez en ligne sur Paracherkaoui.ma\",\"potentialAction\":[{\"@type\":\"SearchAction\",\"target\":{\"@type\":\"EntryPoint\",\"urlTemplate\":\"https:\/\/paracherkaoui.ma\/?s={search_term_string}\"},\"query-input\":{\"@type\":\"PropertyValueSpecification\",\"valueRequired\":true,\"valueName\":\"search_term_string\"}}],\"inLanguage\":\"fr-FR\"}]}<\/script>\r\n<!-- \/ Yoast SEO plugin. -->","yoast_head_json":{"title":"BIODERMA SENSIBIO AR+ CREME 40ML ANTI ROUGEURS - Paracherkaoui.ma","robots":{"index":"index","follow":"follow","max-snippet":"max-snippet:-1","max-image-preview":"max-image-preview:large","max-video-preview":"max-video-preview:-1"},"canonical":"https:\/\/paracherkaoui.ma\/index.php\/produit\/bioderma-sensibio-ar-creme-40ml-anti-rougeurs-2\/","og_locale":"fr_FR","og_type":"article","og_title":"BIODERMA SENSIBIO AR+ CREME 40ML ANTI ROUGEURS - Paracherkaoui.ma","og_description":"Description: Le soin quotidien ultra-confort qui garantit aux peaux sensibles fines et r\u00e9actives pr\u00e9sentant des rougeurs passag\u00e8res intenses (agressions climatiques,","og_url":"https:\/\/paracherkaoui.ma\/index.php\/produit\/bioderma-sensibio-ar-creme-40ml-anti-rougeurs-2\/","og_site_name":"Paracherkaoui.ma","article_modified_time":"2025-12-12T16:48:17+00:00","og_image":[{"width":700,"height":700,"url":"https:\/\/paracherkaoui.ma\/wp-content\/uploads\/2025\/12\/bioderma-sensibio-ar-creme-40ml-anti-rougeurs.jpg","type":"image\/jpeg"}],"twitter_card":"summary_large_image","twitter_misc":{"Dur\u00e9e de lecture estim\u00e9e":"1 minute"},"schema":{"@context":"https:\/\/schema.org","@graph":[{"@type":"WebPage","@id":"https:\/\/paracherkaoui.ma\/index.php\/produit\/bioderma-sensibio-ar-creme-40ml-anti-rougeurs-2\/","url":"https:\/\/paracherkaoui.ma\/index.php\/produit\/bioderma-sensibio-ar-creme-40ml-anti-rougeurs-2\/","name":"BIODERMA SENSIBIO AR+ CREME 40ML ANTI ROUGEURS - Paracherkaoui.ma","isPartOf":{"@id":"https:\/\/paracherkaoui.ma\/#website"},"primaryImageOfPage":{"@id":"https:\/\/paracherkaoui.ma\/index.php\/produit\/bioderma-sensibio-ar-creme-40ml-anti-rougeurs-2\/#primaryimage"},"image":{"@id":"https:\/\/paracherkaoui.ma\/index.php\/produit\/bioderma-sensibio-ar-creme-40ml-anti-rougeurs-2\/#primaryimage"},"thumbnailUrl":"https:\/\/paracherkaoui.ma\/wp-content\/uploads\/2025\/12\/bioderma-sensibio-ar-creme-40ml-anti-rougeurs.jpg","datePublished":"2025-12-12T16:48:02+00:00","dateModified":"2025-12-12T16:48:17+00:00","breadcrumb":{"@id":"https:\/\/paracherkaoui.ma\/index.php\/produit\/bioderma-sensibio-ar-creme-40ml-anti-rougeurs-2\/#breadcrumb"},"inLanguage":"fr-FR","potentialAction":[{"@type":"ReadAction","target":["https:\/\/paracherkaoui.ma\/index.php\/produit\/bioderma-sensibio-ar-creme-40ml-anti-rougeurs-2\/"]}]},{"@type":"ImageObject","inLanguage":"fr-FR","@id":"https:\/\/paracherkaoui.ma\/index.php\/produit\/bioderma-sensibio-ar-creme-40ml-anti-rougeurs-2\/#primaryimage","url":"https:\/\/paracherkaoui.ma\/wp-content\/uploads\/2025\/12\/bioderma-sensibio-ar-creme-40ml-anti-rougeurs.jpg","contentUrl":"https:\/\/paracherkaoui.ma\/wp-content\/uploads\/2025\/12\/bioderma-sensibio-ar-creme-40ml-anti-rougeurs.jpg","width":700,"height":700},{"@type":"BreadcrumbList","@id":"https:\/\/paracherkaoui.ma\/index.php\/produit\/bioderma-sensibio-ar-creme-40ml-anti-rougeurs-2\/#breadcrumb","itemListElement":[{"@type":"ListItem","position":1,"name":"Accueil","item":"https:\/\/paracherkaoui.ma\/"},{"@type":"ListItem","position":2,"name":"Boutique","item":"https:\/\/paracherkaoui.ma\/index.php\/boutique\/"},{"@type":"ListItem","position":3,"name":"BIODERMA SENSIBIO AR+ CREME 40ML ANTI ROUGEURS"}]},{"@type":"WebSite","@id":"https:\/\/paracherkaoui.ma\/#website","url":"https:\/\/paracherkaoui.ma\/","name":"Paracherkaoui.ma","description":"Achetez en ligne sur Paracherkaoui.ma","potentialAction":[{"@type":"SearchAction","target":{"@type":"EntryPoint","urlTemplate":"https:\/\/paracherkaoui.ma\/?s={search_term_string}"},"query-input":{"@type":"PropertyValueSpecification","valueRequired":true,"valueName":"search_term_string"}}],"inLanguage":"fr-FR"}]}},"_links":{"self":[{"href":"https:\/\/paracherkaoui.ma\/index.php\/wp-json\/wp\/v2\/product\/13485","targetHints":{"allow":["GET"]}}],"collection":[{"href":"https:\/\/paracherkaoui.ma\/index.php\/wp-json\/wp\/v2\/product"}],"about":[{"href":"https:\/\/paracherkaoui.ma\/index.php\/wp-json\/wp\/v2\/types\/product"}],"replies":[{"embeddable":true,"href":"https:\/\/paracherkaoui.ma\/index.php\/wp-json\/wp\/v2\/comments?post=13485"}],"version-history":[{"count":1,"href":"https:\/\/paracherkaoui.ma\/index.php\/wp-json\/wp\/v2\/product\/13485\/revisions"}],"predecessor-version":[{"id":13522,"href":"https:\/\/paracherkaoui.ma\/index.php\/wp-json\/wp\/v2\/product\/13485\/revisions\/13522"}],"wp:featuredmedia":[{"embeddable":true,"href":"https:\/\/paracherkaoui.ma\/index.php\/wp-json\/wp\/v2\/media\/11590"}],"wp:attachment":[{"href":"https:\/\/paracherkaoui.ma\/index.php\/wp-json\/wp\/v2\/media?parent=13485"}],"wp:term":[{"taxonomy":"product_brand","embeddable":true,"href":"https:\/\/paracherkaoui.ma\/index.php\/wp-json\/wp\/v2\/product_brand?post=13485"},{"taxonomy":"product_cat","embeddable":true,"href":"https:\/\/paracherkaoui.ma\/index.php\/wp-json\/wp\/v2\/product_cat?post=13485"},{"taxonomy":"product_tag","embeddable":true,"href":"https:\/\/paracherkaoui.ma\/index.php\/wp-json\/wp\/v2\/product_tag?post=13485"}],"curies":[{"name":"wp","href":"https:\/\/api.w.org\/{rel}","templated":true}]}}