{"id":13430,"date":"2025-12-12T17:47:42","date_gmt":"2025-12-12T16:47:42","guid":{"rendered":"https:\/\/test.ecbeaute.com\/?post_type=product&#038;p=13430"},"modified":"2025-12-12T17:47:43","modified_gmt":"2025-12-12T16:47:43","slug":"ducray-dexyane-med-creme-reparatrice-apaisante-100ml","status":"publish","type":"product","link":"https:\/\/paracherkaoui.ma\/index.php\/produit\/ducray-dexyane-med-creme-reparatrice-apaisante-100ml\/","title":{"rendered":"DUCRAY DEXYANE MED CREME REPARATRICE APAISANTE 100ML"},"content":{"rendered":"<p>La cr\u00e8me r\u00e9paratrice apaisante DEXYANE MeD est un dispositif m\u00e9dical* qui traite et favorise la disparition des l\u00e9sions d&rsquo;ecz\u00e9ma atopique, de contact ou chronique et limite leur r\u00e9apparition\u2022 Elle apaise les d\u00e9mangeaisons et diminue l&rsquo;intensit\u00e9 des signes inflammatoires d&rsquo;ecz\u00e9ma localis\u00e9s sur le corps, le visage ou les mains\u2022 Peut \u00eatre utilis\u00e9 seul, en association ou en relais des dermocortico\u00efdes*DEXYANE MED cr\u00e8me r\u00e9paratrice apaisante, est un dispositif m\u00e9dical de classe CE. Lire attentivement les instructions figurant dans la notice. Ne pas utiliser sur la femme enceinte ou allaitante, sur les muqueuses, sur la zone du si\u00e8ge des enfants porteurs de couches. \u00c9viter tout contact direct avec les yeux.<\/p>\n<p>Conseils d&rsquo;utilisation:<br \/>\n\u2022 Appliquer directement sur les l\u00e9sions inflammatoires d\u2019ecz\u00e9mas<br \/>\n\u2022 A utiliser seul ou en association avec les dermo-cortico\u00efdes<\/p>\n","protected":false},"excerpt":{"rendered":"<p>La cr\u00e8me r\u00e9paratrice apaisante DEXYANE MeD est un dispositif m\u00e9dical* qui traite et favorise la disparition des l\u00e9sions d&rsquo;ecz\u00e9ma atopique,<\/p>\n","protected":false},"featured_media":13456,"comment_status":"open","ping_status":"closed","template":"","meta":[],"product_brand":[138],"product_cat":[173],"product_tag":[],"class_list":{"0":"post-13430","1":"product","2":"type-product","3":"status-publish","4":"has-post-thumbnail","6":"product_brand-ducray","7":"product_cat-cremes-et-soins-visage","9":"first","10":"instock","11":"sale","12":"shipping-taxable","13":"purchasable","14":"product-type-simple"},"yoast_head":"<!-- This site is optimized with the Yoast SEO plugin v26.6 - https:\/\/yoast.com\/wordpress\/plugins\/seo\/ -->\r\n<title>DUCRAY DEXYANE MED CREME REPARATRICE APAISANTE 100ML - Paracherkaoui.ma<\/title>\r\n<meta name=\"robots\" content=\"index, follow, max-snippet:-1, max-image-preview:large, max-video-preview:-1\" \/>\r\n<link rel=\"canonical\" href=\"https:\/\/paracherkaoui.ma\/index.php\/produit\/ducray-dexyane-med-creme-reparatrice-apaisante-100ml\/\" \/>\r\n<meta property=\"og:locale\" content=\"fr_FR\" \/>\r\n<meta property=\"og:type\" content=\"article\" \/>\r\n<meta property=\"og:title\" content=\"DUCRAY DEXYANE MED CREME REPARATRICE APAISANTE 100ML - Paracherkaoui.ma\" \/>\r\n<meta property=\"og:description\" content=\"La cr\u00e8me r\u00e9paratrice apaisante DEXYANE MeD est un dispositif m\u00e9dical* qui traite et favorise la disparition des l\u00e9sions d&rsquo;ecz\u00e9ma atopique,\" \/>\r\n<meta property=\"og:url\" content=\"https:\/\/paracherkaoui.ma\/index.php\/produit\/ducray-dexyane-med-creme-reparatrice-apaisante-100ml\/\" \/>\r\n<meta property=\"og:site_name\" content=\"Paracherkaoui.ma\" \/>\r\n<meta property=\"article:modified_time\" content=\"2025-12-12T16:47:43+00:00\" \/>\r\n<meta property=\"og:image\" content=\"https:\/\/paracherkaoui.ma\/wp-content\/uploads\/2025\/12\/ducray-dexyane-med-creme-reparatrice-apaisante-100ml.jpg\" \/>\r\n\t<meta property=\"og:image:width\" content=\"700\" \/>\r\n\t<meta property=\"og:image:height\" content=\"700\" \/>\r\n\t<meta property=\"og:image:type\" content=\"image\/jpeg\" \/>\r\n<meta name=\"twitter:card\" content=\"summary_large_image\" \/>\r\n<meta name=\"twitter:label1\" content=\"Dur\u00e9e de lecture estim\u00e9e\" \/>\n\t<meta name=\"twitter:data1\" content=\"1 minute\" \/>\r\n<script type=\"application\/ld+json\" class=\"yoast-schema-graph\">{\"@context\":\"https:\/\/schema.org\",\"@graph\":[{\"@type\":\"WebPage\",\"@id\":\"https:\/\/paracherkaoui.ma\/index.php\/produit\/ducray-dexyane-med-creme-reparatrice-apaisante-100ml\/\",\"url\":\"https:\/\/paracherkaoui.ma\/index.php\/produit\/ducray-dexyane-med-creme-reparatrice-apaisante-100ml\/\",\"name\":\"DUCRAY DEXYANE MED CREME REPARATRICE APAISANTE 100ML - Paracherkaoui.ma\",\"isPartOf\":{\"@id\":\"https:\/\/paracherkaoui.ma\/#website\"},\"primaryImageOfPage\":{\"@id\":\"https:\/\/paracherkaoui.ma\/index.php\/produit\/ducray-dexyane-med-creme-reparatrice-apaisante-100ml\/#primaryimage\"},\"image\":{\"@id\":\"https:\/\/paracherkaoui.ma\/index.php\/produit\/ducray-dexyane-med-creme-reparatrice-apaisante-100ml\/#primaryimage\"},\"thumbnailUrl\":\"https:\/\/paracherkaoui.ma\/wp-content\/uploads\/2025\/12\/ducray-dexyane-med-creme-reparatrice-apaisante-100ml.jpg\",\"datePublished\":\"2025-12-12T16:47:42+00:00\",\"dateModified\":\"2025-12-12T16:47:43+00:00\",\"breadcrumb\":{\"@id\":\"https:\/\/paracherkaoui.ma\/index.php\/produit\/ducray-dexyane-med-creme-reparatrice-apaisante-100ml\/#breadcrumb\"},\"inLanguage\":\"fr-FR\",\"potentialAction\":[{\"@type\":\"ReadAction\",\"target\":[\"https:\/\/paracherkaoui.ma\/index.php\/produit\/ducray-dexyane-med-creme-reparatrice-apaisante-100ml\/\"]}]},{\"@type\":\"ImageObject\",\"inLanguage\":\"fr-FR\",\"@id\":\"https:\/\/paracherkaoui.ma\/index.php\/produit\/ducray-dexyane-med-creme-reparatrice-apaisante-100ml\/#primaryimage\",\"url\":\"https:\/\/paracherkaoui.ma\/wp-content\/uploads\/2025\/12\/ducray-dexyane-med-creme-reparatrice-apaisante-100ml.jpg\",\"contentUrl\":\"https:\/\/paracherkaoui.ma\/wp-content\/uploads\/2025\/12\/ducray-dexyane-med-creme-reparatrice-apaisante-100ml.jpg\",\"width\":700,\"height\":700},{\"@type\":\"BreadcrumbList\",\"@id\":\"https:\/\/paracherkaoui.ma\/index.php\/produit\/ducray-dexyane-med-creme-reparatrice-apaisante-100ml\/#breadcrumb\",\"itemListElement\":[{\"@type\":\"ListItem\",\"position\":1,\"name\":\"Accueil\",\"item\":\"https:\/\/paracherkaoui.ma\/\"},{\"@type\":\"ListItem\",\"position\":2,\"name\":\"Boutique\",\"item\":\"https:\/\/paracherkaoui.ma\/index.php\/boutique\/\"},{\"@type\":\"ListItem\",\"position\":3,\"name\":\"DUCRAY DEXYANE MED CREME REPARATRICE APAISANTE 100ML\"}]},{\"@type\":\"WebSite\",\"@id\":\"https:\/\/paracherkaoui.ma\/#website\",\"url\":\"https:\/\/paracherkaoui.ma\/\",\"name\":\"Paracherkaoui.ma\",\"description\":\"Achetez en ligne sur Paracherkaoui.ma\",\"potentialAction\":[{\"@type\":\"SearchAction\",\"target\":{\"@type\":\"EntryPoint\",\"urlTemplate\":\"https:\/\/paracherkaoui.ma\/?s={search_term_string}\"},\"query-input\":{\"@type\":\"PropertyValueSpecification\",\"valueRequired\":true,\"valueName\":\"search_term_string\"}}],\"inLanguage\":\"fr-FR\"}]}<\/script>\r\n<!-- \/ Yoast SEO plugin. -->","yoast_head_json":{"title":"DUCRAY DEXYANE MED CREME REPARATRICE APAISANTE 100ML - Paracherkaoui.ma","robots":{"index":"index","follow":"follow","max-snippet":"max-snippet:-1","max-image-preview":"max-image-preview:large","max-video-preview":"max-video-preview:-1"},"canonical":"https:\/\/paracherkaoui.ma\/index.php\/produit\/ducray-dexyane-med-creme-reparatrice-apaisante-100ml\/","og_locale":"fr_FR","og_type":"article","og_title":"DUCRAY DEXYANE MED CREME REPARATRICE APAISANTE 100ML - Paracherkaoui.ma","og_description":"La cr\u00e8me r\u00e9paratrice apaisante DEXYANE MeD est un dispositif m\u00e9dical* qui traite et favorise la disparition des l\u00e9sions d&rsquo;ecz\u00e9ma atopique,","og_url":"https:\/\/paracherkaoui.ma\/index.php\/produit\/ducray-dexyane-med-creme-reparatrice-apaisante-100ml\/","og_site_name":"Paracherkaoui.ma","article_modified_time":"2025-12-12T16:47:43+00:00","og_image":[{"width":700,"height":700,"url":"https:\/\/paracherkaoui.ma\/wp-content\/uploads\/2025\/12\/ducray-dexyane-med-creme-reparatrice-apaisante-100ml.jpg","type":"image\/jpeg"}],"twitter_card":"summary_large_image","twitter_misc":{"Dur\u00e9e de lecture estim\u00e9e":"1 minute"},"schema":{"@context":"https:\/\/schema.org","@graph":[{"@type":"WebPage","@id":"https:\/\/paracherkaoui.ma\/index.php\/produit\/ducray-dexyane-med-creme-reparatrice-apaisante-100ml\/","url":"https:\/\/paracherkaoui.ma\/index.php\/produit\/ducray-dexyane-med-creme-reparatrice-apaisante-100ml\/","name":"DUCRAY DEXYANE MED CREME REPARATRICE APAISANTE 100ML - Paracherkaoui.ma","isPartOf":{"@id":"https:\/\/paracherkaoui.ma\/#website"},"primaryImageOfPage":{"@id":"https:\/\/paracherkaoui.ma\/index.php\/produit\/ducray-dexyane-med-creme-reparatrice-apaisante-100ml\/#primaryimage"},"image":{"@id":"https:\/\/paracherkaoui.ma\/index.php\/produit\/ducray-dexyane-med-creme-reparatrice-apaisante-100ml\/#primaryimage"},"thumbnailUrl":"https:\/\/paracherkaoui.ma\/wp-content\/uploads\/2025\/12\/ducray-dexyane-med-creme-reparatrice-apaisante-100ml.jpg","datePublished":"2025-12-12T16:47:42+00:00","dateModified":"2025-12-12T16:47:43+00:00","breadcrumb":{"@id":"https:\/\/paracherkaoui.ma\/index.php\/produit\/ducray-dexyane-med-creme-reparatrice-apaisante-100ml\/#breadcrumb"},"inLanguage":"fr-FR","potentialAction":[{"@type":"ReadAction","target":["https:\/\/paracherkaoui.ma\/index.php\/produit\/ducray-dexyane-med-creme-reparatrice-apaisante-100ml\/"]}]},{"@type":"ImageObject","inLanguage":"fr-FR","@id":"https:\/\/paracherkaoui.ma\/index.php\/produit\/ducray-dexyane-med-creme-reparatrice-apaisante-100ml\/#primaryimage","url":"https:\/\/paracherkaoui.ma\/wp-content\/uploads\/2025\/12\/ducray-dexyane-med-creme-reparatrice-apaisante-100ml.jpg","contentUrl":"https:\/\/paracherkaoui.ma\/wp-content\/uploads\/2025\/12\/ducray-dexyane-med-creme-reparatrice-apaisante-100ml.jpg","width":700,"height":700},{"@type":"BreadcrumbList","@id":"https:\/\/paracherkaoui.ma\/index.php\/produit\/ducray-dexyane-med-creme-reparatrice-apaisante-100ml\/#breadcrumb","itemListElement":[{"@type":"ListItem","position":1,"name":"Accueil","item":"https:\/\/paracherkaoui.ma\/"},{"@type":"ListItem","position":2,"name":"Boutique","item":"https:\/\/paracherkaoui.ma\/index.php\/boutique\/"},{"@type":"ListItem","position":3,"name":"DUCRAY DEXYANE MED CREME REPARATRICE APAISANTE 100ML"}]},{"@type":"WebSite","@id":"https:\/\/paracherkaoui.ma\/#website","url":"https:\/\/paracherkaoui.ma\/","name":"Paracherkaoui.ma","description":"Achetez en ligne sur Paracherkaoui.ma","potentialAction":[{"@type":"SearchAction","target":{"@type":"EntryPoint","urlTemplate":"https:\/\/paracherkaoui.ma\/?s={search_term_string}"},"query-input":{"@type":"PropertyValueSpecification","valueRequired":true,"valueName":"search_term_string"}}],"inLanguage":"fr-FR"}]}},"_links":{"self":[{"href":"https:\/\/paracherkaoui.ma\/index.php\/wp-json\/wp\/v2\/product\/13430","targetHints":{"allow":["GET"]}}],"collection":[{"href":"https:\/\/paracherkaoui.ma\/index.php\/wp-json\/wp\/v2\/product"}],"about":[{"href":"https:\/\/paracherkaoui.ma\/index.php\/wp-json\/wp\/v2\/types\/product"}],"replies":[{"embeddable":true,"href":"https:\/\/paracherkaoui.ma\/index.php\/wp-json\/wp\/v2\/comments?post=13430"}],"version-history":[{"count":1,"href":"https:\/\/paracherkaoui.ma\/index.php\/wp-json\/wp\/v2\/product\/13430\/revisions"}],"predecessor-version":[{"id":13457,"href":"https:\/\/paracherkaoui.ma\/index.php\/wp-json\/wp\/v2\/product\/13430\/revisions\/13457"}],"wp:featuredmedia":[{"embeddable":true,"href":"https:\/\/paracherkaoui.ma\/index.php\/wp-json\/wp\/v2\/media\/13456"}],"wp:attachment":[{"href":"https:\/\/paracherkaoui.ma\/index.php\/wp-json\/wp\/v2\/media?parent=13430"}],"wp:term":[{"taxonomy":"product_brand","embeddable":true,"href":"https:\/\/paracherkaoui.ma\/index.php\/wp-json\/wp\/v2\/product_brand?post=13430"},{"taxonomy":"product_cat","embeddable":true,"href":"https:\/\/paracherkaoui.ma\/index.php\/wp-json\/wp\/v2\/product_cat?post=13430"},{"taxonomy":"product_tag","embeddable":true,"href":"https:\/\/paracherkaoui.ma\/index.php\/wp-json\/wp\/v2\/product_tag?post=13430"}],"curies":[{"name":"wp","href":"https:\/\/api.w.org\/{rel}","templated":true}]}}