{"id":13429,"date":"2025-12-12T17:47:42","date_gmt":"2025-12-12T16:47:42","guid":{"rendered":"https:\/\/test.ecbeaute.com\/?post_type=product&#038;p=13429"},"modified":"2025-12-12T17:47:43","modified_gmt":"2025-12-12T16:47:43","slug":"uriage-bariederm-cica-daily-gel-creme-reparateur-40-ml","status":"publish","type":"product","link":"https:\/\/paracherkaoui.ma\/index.php\/produit\/uriage-bariederm-cica-daily-gel-creme-reparateur-40-ml\/","title":{"rendered":"URIAGE BARIEDERM CICA DAILY GEL CREME REPARATEUR 40 ML"},"content":{"rendered":"<p>Gr\u00e2ce \u00e0 son complexe unique de 10,5% Thermal-Biotic, une association exclusive de l\u2019Eau Thermale d\u2019Uriage\u00a0et de l\u2019inuline pr\u00e9biotique, il r\u00e9\u00e9quilibre la barri\u00e8re cutan\u00e9e et le microbiome, offrant une protection durable contre les agressions quotidiennes.<br \/>\nURIAGE BARIEDERM CICA DAILY GEL CR\u00c8ME hydrate intens\u00e9ment gr\u00e2ce \u00e0 la Centella Asiatica et l\u2019Acide Hyaluronique de haut et bas poids mol\u00e9culaire. Ces ingr\u00e9dients favorisent la r\u00e9g\u00e9n\u00e9ration de l\u2019\u00e9piderme et restaurent l\u2019\u00e9clat naturel de la peau. De plus, la Vitamine B5 renforce cette action hydratante, apaisant instantan\u00e9ment les sensations d\u2019inconfort.<br \/>\nPour une protection optimale, le Cuivre Zinc purifiant aide \u00e0 restaurer le confort cutan\u00e9, minimisant les imperfections et les rougeurs. Ce soin multifonction offre une texture l\u00e9g\u00e8re et non collante, id\u00e9ale pour une utilisation quotidienne. Votre peau est ainsi prot\u00e9g\u00e9e, r\u00e9par\u00e9e et \u00e9clatante de sant\u00e9.<br \/>\nCONSEIL D\u2019UTILISATION<br \/>\nCommencez par nettoyer votre visage avec un nettoyant doux adapt\u00e9 \u00e0 votre type de peau. Prenez une petite quantit\u00e9 de gel cr\u00e8me et appliquez le uniform\u00e9ment sur l&rsquo;ensemble de votre visage et de votre cou. Faites p\u00e9n\u00e9trer le produit par de l\u00e9gers mouvements circulaires jusqu&rsquo;\u00e0 absorption compl\u00e8te. Pour des r\u00e9sultats optimaux, utilisez le gel cr\u00e8me matin et soir.<\/p>\n","protected":false},"excerpt":{"rendered":"<p>Gr\u00e2ce \u00e0 son complexe unique de 10,5% Thermal-Biotic, une association exclusive de l\u2019Eau Thermale d\u2019Uriage\u00a0et de l\u2019inuline pr\u00e9biotique, il r\u00e9\u00e9quilibre<\/p>\n","protected":false},"featured_media":13454,"comment_status":"open","ping_status":"closed","template":"","meta":[],"product_brand":[130],"product_cat":[173],"product_tag":[],"class_list":{"0":"post-13429","1":"product","2":"type-product","3":"status-publish","4":"has-post-thumbnail","6":"product_brand-uriage","7":"product_cat-cremes-et-soins-visage","9":"first","10":"instock","11":"sale","12":"shipping-taxable","13":"purchasable","14":"product-type-simple"},"yoast_head":"<!-- This site is optimized with the Yoast SEO plugin v26.6 - https:\/\/yoast.com\/wordpress\/plugins\/seo\/ -->\r\n<title>URIAGE BARIEDERM CICA DAILY GEL CREME REPARATEUR 40 ML - Paracherkaoui.ma<\/title>\r\n<meta name=\"robots\" content=\"index, follow, max-snippet:-1, max-image-preview:large, max-video-preview:-1\" \/>\r\n<link rel=\"canonical\" href=\"https:\/\/paracherkaoui.ma\/index.php\/produit\/uriage-bariederm-cica-daily-gel-creme-reparateur-40-ml\/\" \/>\r\n<meta property=\"og:locale\" content=\"fr_FR\" \/>\r\n<meta property=\"og:type\" content=\"article\" \/>\r\n<meta property=\"og:title\" content=\"URIAGE BARIEDERM CICA DAILY GEL CREME REPARATEUR 40 ML - Paracherkaoui.ma\" \/>\r\n<meta property=\"og:description\" content=\"Gr\u00e2ce \u00e0 son complexe unique de 10,5% Thermal-Biotic, une association exclusive de l\u2019Eau Thermale d\u2019Uriage\u00a0et de l\u2019inuline pr\u00e9biotique, il r\u00e9\u00e9quilibre\" \/>\r\n<meta property=\"og:url\" content=\"https:\/\/paracherkaoui.ma\/index.php\/produit\/uriage-bariederm-cica-daily-gel-creme-reparateur-40-ml\/\" \/>\r\n<meta property=\"og:site_name\" content=\"Paracherkaoui.ma\" \/>\r\n<meta property=\"article:modified_time\" content=\"2025-12-12T16:47:43+00:00\" \/>\r\n<meta property=\"og:image\" content=\"https:\/\/paracherkaoui.ma\/wp-content\/uploads\/2025\/12\/uriage-uriage-bariederm-cica-daily-gel-creme-reparateur-40-ml-cremes-cicatrisantes.jpg\" \/>\r\n\t<meta property=\"og:image:width\" content=\"700\" \/>\r\n\t<meta property=\"og:image:height\" content=\"700\" \/>\r\n\t<meta property=\"og:image:type\" content=\"image\/jpeg\" \/>\r\n<meta name=\"twitter:card\" content=\"summary_large_image\" \/>\r\n<meta name=\"twitter:label1\" content=\"Dur\u00e9e de lecture estim\u00e9e\" \/>\n\t<meta name=\"twitter:data1\" content=\"1 minute\" \/>\r\n<script type=\"application\/ld+json\" class=\"yoast-schema-graph\">{\"@context\":\"https:\/\/schema.org\",\"@graph\":[{\"@type\":\"WebPage\",\"@id\":\"https:\/\/paracherkaoui.ma\/index.php\/produit\/uriage-bariederm-cica-daily-gel-creme-reparateur-40-ml\/\",\"url\":\"https:\/\/paracherkaoui.ma\/index.php\/produit\/uriage-bariederm-cica-daily-gel-creme-reparateur-40-ml\/\",\"name\":\"URIAGE BARIEDERM CICA DAILY GEL CREME REPARATEUR 40 ML - Paracherkaoui.ma\",\"isPartOf\":{\"@id\":\"https:\/\/paracherkaoui.ma\/#website\"},\"primaryImageOfPage\":{\"@id\":\"https:\/\/paracherkaoui.ma\/index.php\/produit\/uriage-bariederm-cica-daily-gel-creme-reparateur-40-ml\/#primaryimage\"},\"image\":{\"@id\":\"https:\/\/paracherkaoui.ma\/index.php\/produit\/uriage-bariederm-cica-daily-gel-creme-reparateur-40-ml\/#primaryimage\"},\"thumbnailUrl\":\"https:\/\/paracherkaoui.ma\/wp-content\/uploads\/2025\/12\/uriage-uriage-bariederm-cica-daily-gel-creme-reparateur-40-ml-cremes-cicatrisantes.jpg\",\"datePublished\":\"2025-12-12T16:47:42+00:00\",\"dateModified\":\"2025-12-12T16:47:43+00:00\",\"breadcrumb\":{\"@id\":\"https:\/\/paracherkaoui.ma\/index.php\/produit\/uriage-bariederm-cica-daily-gel-creme-reparateur-40-ml\/#breadcrumb\"},\"inLanguage\":\"fr-FR\",\"potentialAction\":[{\"@type\":\"ReadAction\",\"target\":[\"https:\/\/paracherkaoui.ma\/index.php\/produit\/uriage-bariederm-cica-daily-gel-creme-reparateur-40-ml\/\"]}]},{\"@type\":\"ImageObject\",\"inLanguage\":\"fr-FR\",\"@id\":\"https:\/\/paracherkaoui.ma\/index.php\/produit\/uriage-bariederm-cica-daily-gel-creme-reparateur-40-ml\/#primaryimage\",\"url\":\"https:\/\/paracherkaoui.ma\/wp-content\/uploads\/2025\/12\/uriage-uriage-bariederm-cica-daily-gel-creme-reparateur-40-ml-cremes-cicatrisantes.jpg\",\"contentUrl\":\"https:\/\/paracherkaoui.ma\/wp-content\/uploads\/2025\/12\/uriage-uriage-bariederm-cica-daily-gel-creme-reparateur-40-ml-cremes-cicatrisantes.jpg\",\"width\":700,\"height\":700},{\"@type\":\"BreadcrumbList\",\"@id\":\"https:\/\/paracherkaoui.ma\/index.php\/produit\/uriage-bariederm-cica-daily-gel-creme-reparateur-40-ml\/#breadcrumb\",\"itemListElement\":[{\"@type\":\"ListItem\",\"position\":1,\"name\":\"Accueil\",\"item\":\"https:\/\/paracherkaoui.ma\/\"},{\"@type\":\"ListItem\",\"position\":2,\"name\":\"Boutique\",\"item\":\"https:\/\/paracherkaoui.ma\/index.php\/boutique\/\"},{\"@type\":\"ListItem\",\"position\":3,\"name\":\"URIAGE BARIEDERM CICA DAILY GEL CREME REPARATEUR 40 ML\"}]},{\"@type\":\"WebSite\",\"@id\":\"https:\/\/paracherkaoui.ma\/#website\",\"url\":\"https:\/\/paracherkaoui.ma\/\",\"name\":\"Paracherkaoui.ma\",\"description\":\"Achetez en ligne sur Paracherkaoui.ma\",\"potentialAction\":[{\"@type\":\"SearchAction\",\"target\":{\"@type\":\"EntryPoint\",\"urlTemplate\":\"https:\/\/paracherkaoui.ma\/?s={search_term_string}\"},\"query-input\":{\"@type\":\"PropertyValueSpecification\",\"valueRequired\":true,\"valueName\":\"search_term_string\"}}],\"inLanguage\":\"fr-FR\"}]}<\/script>\r\n<!-- \/ Yoast SEO plugin. -->","yoast_head_json":{"title":"URIAGE BARIEDERM CICA DAILY GEL CREME REPARATEUR 40 ML - Paracherkaoui.ma","robots":{"index":"index","follow":"follow","max-snippet":"max-snippet:-1","max-image-preview":"max-image-preview:large","max-video-preview":"max-video-preview:-1"},"canonical":"https:\/\/paracherkaoui.ma\/index.php\/produit\/uriage-bariederm-cica-daily-gel-creme-reparateur-40-ml\/","og_locale":"fr_FR","og_type":"article","og_title":"URIAGE BARIEDERM CICA DAILY GEL CREME REPARATEUR 40 ML - Paracherkaoui.ma","og_description":"Gr\u00e2ce \u00e0 son complexe unique de 10,5% Thermal-Biotic, une association exclusive de l\u2019Eau Thermale d\u2019Uriage\u00a0et de l\u2019inuline pr\u00e9biotique, il r\u00e9\u00e9quilibre","og_url":"https:\/\/paracherkaoui.ma\/index.php\/produit\/uriage-bariederm-cica-daily-gel-creme-reparateur-40-ml\/","og_site_name":"Paracherkaoui.ma","article_modified_time":"2025-12-12T16:47:43+00:00","og_image":[{"width":700,"height":700,"url":"https:\/\/paracherkaoui.ma\/wp-content\/uploads\/2025\/12\/uriage-uriage-bariederm-cica-daily-gel-creme-reparateur-40-ml-cremes-cicatrisantes.jpg","type":"image\/jpeg"}],"twitter_card":"summary_large_image","twitter_misc":{"Dur\u00e9e de lecture estim\u00e9e":"1 minute"},"schema":{"@context":"https:\/\/schema.org","@graph":[{"@type":"WebPage","@id":"https:\/\/paracherkaoui.ma\/index.php\/produit\/uriage-bariederm-cica-daily-gel-creme-reparateur-40-ml\/","url":"https:\/\/paracherkaoui.ma\/index.php\/produit\/uriage-bariederm-cica-daily-gel-creme-reparateur-40-ml\/","name":"URIAGE BARIEDERM CICA DAILY GEL CREME REPARATEUR 40 ML - Paracherkaoui.ma","isPartOf":{"@id":"https:\/\/paracherkaoui.ma\/#website"},"primaryImageOfPage":{"@id":"https:\/\/paracherkaoui.ma\/index.php\/produit\/uriage-bariederm-cica-daily-gel-creme-reparateur-40-ml\/#primaryimage"},"image":{"@id":"https:\/\/paracherkaoui.ma\/index.php\/produit\/uriage-bariederm-cica-daily-gel-creme-reparateur-40-ml\/#primaryimage"},"thumbnailUrl":"https:\/\/paracherkaoui.ma\/wp-content\/uploads\/2025\/12\/uriage-uriage-bariederm-cica-daily-gel-creme-reparateur-40-ml-cremes-cicatrisantes.jpg","datePublished":"2025-12-12T16:47:42+00:00","dateModified":"2025-12-12T16:47:43+00:00","breadcrumb":{"@id":"https:\/\/paracherkaoui.ma\/index.php\/produit\/uriage-bariederm-cica-daily-gel-creme-reparateur-40-ml\/#breadcrumb"},"inLanguage":"fr-FR","potentialAction":[{"@type":"ReadAction","target":["https:\/\/paracherkaoui.ma\/index.php\/produit\/uriage-bariederm-cica-daily-gel-creme-reparateur-40-ml\/"]}]},{"@type":"ImageObject","inLanguage":"fr-FR","@id":"https:\/\/paracherkaoui.ma\/index.php\/produit\/uriage-bariederm-cica-daily-gel-creme-reparateur-40-ml\/#primaryimage","url":"https:\/\/paracherkaoui.ma\/wp-content\/uploads\/2025\/12\/uriage-uriage-bariederm-cica-daily-gel-creme-reparateur-40-ml-cremes-cicatrisantes.jpg","contentUrl":"https:\/\/paracherkaoui.ma\/wp-content\/uploads\/2025\/12\/uriage-uriage-bariederm-cica-daily-gel-creme-reparateur-40-ml-cremes-cicatrisantes.jpg","width":700,"height":700},{"@type":"BreadcrumbList","@id":"https:\/\/paracherkaoui.ma\/index.php\/produit\/uriage-bariederm-cica-daily-gel-creme-reparateur-40-ml\/#breadcrumb","itemListElement":[{"@type":"ListItem","position":1,"name":"Accueil","item":"https:\/\/paracherkaoui.ma\/"},{"@type":"ListItem","position":2,"name":"Boutique","item":"https:\/\/paracherkaoui.ma\/index.php\/boutique\/"},{"@type":"ListItem","position":3,"name":"URIAGE BARIEDERM CICA DAILY GEL CREME REPARATEUR 40 ML"}]},{"@type":"WebSite","@id":"https:\/\/paracherkaoui.ma\/#website","url":"https:\/\/paracherkaoui.ma\/","name":"Paracherkaoui.ma","description":"Achetez en ligne sur Paracherkaoui.ma","potentialAction":[{"@type":"SearchAction","target":{"@type":"EntryPoint","urlTemplate":"https:\/\/paracherkaoui.ma\/?s={search_term_string}"},"query-input":{"@type":"PropertyValueSpecification","valueRequired":true,"valueName":"search_term_string"}}],"inLanguage":"fr-FR"}]}},"_links":{"self":[{"href":"https:\/\/paracherkaoui.ma\/index.php\/wp-json\/wp\/v2\/product\/13429","targetHints":{"allow":["GET"]}}],"collection":[{"href":"https:\/\/paracherkaoui.ma\/index.php\/wp-json\/wp\/v2\/product"}],"about":[{"href":"https:\/\/paracherkaoui.ma\/index.php\/wp-json\/wp\/v2\/types\/product"}],"replies":[{"embeddable":true,"href":"https:\/\/paracherkaoui.ma\/index.php\/wp-json\/wp\/v2\/comments?post=13429"}],"version-history":[{"count":1,"href":"https:\/\/paracherkaoui.ma\/index.php\/wp-json\/wp\/v2\/product\/13429\/revisions"}],"predecessor-version":[{"id":13455,"href":"https:\/\/paracherkaoui.ma\/index.php\/wp-json\/wp\/v2\/product\/13429\/revisions\/13455"}],"wp:featuredmedia":[{"embeddable":true,"href":"https:\/\/paracherkaoui.ma\/index.php\/wp-json\/wp\/v2\/media\/13454"}],"wp:attachment":[{"href":"https:\/\/paracherkaoui.ma\/index.php\/wp-json\/wp\/v2\/media?parent=13429"}],"wp:term":[{"taxonomy":"product_brand","embeddable":true,"href":"https:\/\/paracherkaoui.ma\/index.php\/wp-json\/wp\/v2\/product_brand?post=13429"},{"taxonomy":"product_cat","embeddable":true,"href":"https:\/\/paracherkaoui.ma\/index.php\/wp-json\/wp\/v2\/product_cat?post=13429"},{"taxonomy":"product_tag","embeddable":true,"href":"https:\/\/paracherkaoui.ma\/index.php\/wp-json\/wp\/v2\/product_tag?post=13429"}],"curies":[{"name":"wp","href":"https:\/\/api.w.org\/{rel}","templated":true}]}}