{"id":13427,"date":"2025-12-12T17:47:42","date_gmt":"2025-12-12T16:47:42","guid":{"rendered":"https:\/\/test.ecbeaute.com\/?post_type=product&#038;p=13427"},"modified":"2025-12-12T17:47:43","modified_gmt":"2025-12-12T16:47:43","slug":"bioderma-cicabio-creme-soin-ultra-reparateur-apaisant-40-ml","status":"publish","type":"product","link":"https:\/\/paracherkaoui.ma\/index.php\/produit\/bioderma-cicabio-creme-soin-ultra-reparateur-apaisant-40-ml\/","title":{"rendered":"BIODERMA CICABIO CREME + SOIN ULTRA REPARATEUR APAISANT 40 ML"},"content":{"rendered":"<p>Descriptif :<br \/>\nCicabio Cr\u00e8me agit sur chaque \u00e9tape de la reconstruction \u00e9pidermique pour favoriser une parfaite r\u00e9paration.La texture \u00ab pansement perspirant \u00bb de Cicabio Cr\u00e8me et son complexe antibact\u00e9rien prot\u00e8gent la blessure.Le Complexe Antalgicine\u00a0de Cicabio Cr\u00e8me, innovation Bioderma, soulage rapidement la sensation d\u2019inconfort et r\u00e9duit l\u2019incitation au grattage.L\u2019association synergique de Resveratrol et de Cuivre favorise une restauration \u00e9pidermique de qualit\u00e9.Le complexe naturel brevet\u00e9 D.A.F. (Dermatological Advanced Formulation) augmente le seuil de tol\u00e9rance de la peau.R\u00e9par\u00e9e, apais\u00e9e, la blessure se fait oublier.Formule sans parfum.Sans colorant. La coloration beige est naturelle et li\u00e9e aux actifs du produit.Antibact\u00e9rien, hypoallerg\u00e9nique.<br \/>\nConseils d&rsquo;utilisation\u00a0:<br \/>\nAppliquez Cicabio Cr\u00e8me en couche \u00e9paisse sur la zone l\u00e9s\u00e9e, pr\u00e9alablement nettoy\u00e9e et s\u00e9ch\u00e9e.<br \/>\nUtilisez 2 fois par jour jusqu\u2019\u00e0 compl\u00e8te r\u00e9paration de la l\u00e9sion.Cicabio Cr\u00e8me peut s\u2019utiliser sur le visage et le corps.\u00a0Cicabio Cr\u00e8me convient aux adultes et aux enfants.Cicabio Cr\u00e8me ne s\u2019utilise pas sur les muqueuses internes (l\u2019int\u00e9rieur de la bouche, le rectum, le vagin) et sur les l\u00e9sions saignantes.<\/p>\n","protected":false},"excerpt":{"rendered":"<p>Descriptif : Cicabio Cr\u00e8me agit sur chaque \u00e9tape de la reconstruction \u00e9pidermique pour favoriser une parfaite r\u00e9paration.La texture \u00ab pansement<\/p>\n","protected":false},"featured_media":13451,"comment_status":"open","ping_status":"closed","template":"","meta":[],"product_brand":[137],"product_cat":[173],"product_tag":[],"class_list":{"0":"post-13427","1":"product","2":"type-product","3":"status-publish","4":"has-post-thumbnail","6":"product_brand-bioderma","7":"product_cat-cremes-et-soins-visage","9":"first","10":"instock","11":"sale","12":"shipping-taxable","13":"purchasable","14":"product-type-simple"},"yoast_head":"<!-- This site is optimized with the Yoast SEO plugin v26.6 - https:\/\/yoast.com\/wordpress\/plugins\/seo\/ -->\r\n<title>BIODERMA CICABIO CREME + SOIN ULTRA REPARATEUR APAISANT 40 ML - Paracherkaoui.ma<\/title>\r\n<meta name=\"robots\" content=\"index, follow, max-snippet:-1, max-image-preview:large, max-video-preview:-1\" \/>\r\n<link rel=\"canonical\" href=\"https:\/\/paracherkaoui.ma\/index.php\/produit\/bioderma-cicabio-creme-soin-ultra-reparateur-apaisant-40-ml\/\" \/>\r\n<meta property=\"og:locale\" content=\"fr_FR\" \/>\r\n<meta property=\"og:type\" content=\"article\" \/>\r\n<meta property=\"og:title\" content=\"BIODERMA CICABIO CREME + SOIN ULTRA REPARATEUR APAISANT 40 ML - Paracherkaoui.ma\" \/>\r\n<meta property=\"og:description\" content=\"Descriptif : Cicabio Cr\u00e8me agit sur chaque \u00e9tape de la reconstruction \u00e9pidermique pour favoriser une parfaite r\u00e9paration.La texture \u00ab pansement\" \/>\r\n<meta property=\"og:url\" content=\"https:\/\/paracherkaoui.ma\/index.php\/produit\/bioderma-cicabio-creme-soin-ultra-reparateur-apaisant-40-ml\/\" \/>\r\n<meta property=\"og:site_name\" content=\"Paracherkaoui.ma\" \/>\r\n<meta property=\"article:modified_time\" content=\"2025-12-12T16:47:43+00:00\" \/>\r\n<meta property=\"og:image\" content=\"https:\/\/paracherkaoui.ma\/wp-content\/uploads\/2025\/12\/bioderma-bioderma-cicabio-creme-soin-ultra-reparateur-apaisant-40-ml-home.jpg\" \/>\r\n\t<meta property=\"og:image:width\" content=\"700\" \/>\r\n\t<meta property=\"og:image:height\" content=\"700\" \/>\r\n\t<meta property=\"og:image:type\" content=\"image\/jpeg\" \/>\r\n<meta name=\"twitter:card\" content=\"summary_large_image\" \/>\r\n<meta name=\"twitter:label1\" content=\"Dur\u00e9e de lecture estim\u00e9e\" \/>\n\t<meta name=\"twitter:data1\" content=\"1 minute\" \/>\r\n<script type=\"application\/ld+json\" class=\"yoast-schema-graph\">{\"@context\":\"https:\/\/schema.org\",\"@graph\":[{\"@type\":\"WebPage\",\"@id\":\"https:\/\/paracherkaoui.ma\/index.php\/produit\/bioderma-cicabio-creme-soin-ultra-reparateur-apaisant-40-ml\/\",\"url\":\"https:\/\/paracherkaoui.ma\/index.php\/produit\/bioderma-cicabio-creme-soin-ultra-reparateur-apaisant-40-ml\/\",\"name\":\"BIODERMA CICABIO CREME + SOIN ULTRA REPARATEUR APAISANT 40 ML - Paracherkaoui.ma\",\"isPartOf\":{\"@id\":\"https:\/\/paracherkaoui.ma\/#website\"},\"primaryImageOfPage\":{\"@id\":\"https:\/\/paracherkaoui.ma\/index.php\/produit\/bioderma-cicabio-creme-soin-ultra-reparateur-apaisant-40-ml\/#primaryimage\"},\"image\":{\"@id\":\"https:\/\/paracherkaoui.ma\/index.php\/produit\/bioderma-cicabio-creme-soin-ultra-reparateur-apaisant-40-ml\/#primaryimage\"},\"thumbnailUrl\":\"https:\/\/paracherkaoui.ma\/wp-content\/uploads\/2025\/12\/bioderma-bioderma-cicabio-creme-soin-ultra-reparateur-apaisant-40-ml-home.jpg\",\"datePublished\":\"2025-12-12T16:47:42+00:00\",\"dateModified\":\"2025-12-12T16:47:43+00:00\",\"breadcrumb\":{\"@id\":\"https:\/\/paracherkaoui.ma\/index.php\/produit\/bioderma-cicabio-creme-soin-ultra-reparateur-apaisant-40-ml\/#breadcrumb\"},\"inLanguage\":\"fr-FR\",\"potentialAction\":[{\"@type\":\"ReadAction\",\"target\":[\"https:\/\/paracherkaoui.ma\/index.php\/produit\/bioderma-cicabio-creme-soin-ultra-reparateur-apaisant-40-ml\/\"]}]},{\"@type\":\"ImageObject\",\"inLanguage\":\"fr-FR\",\"@id\":\"https:\/\/paracherkaoui.ma\/index.php\/produit\/bioderma-cicabio-creme-soin-ultra-reparateur-apaisant-40-ml\/#primaryimage\",\"url\":\"https:\/\/paracherkaoui.ma\/wp-content\/uploads\/2025\/12\/bioderma-bioderma-cicabio-creme-soin-ultra-reparateur-apaisant-40-ml-home.jpg\",\"contentUrl\":\"https:\/\/paracherkaoui.ma\/wp-content\/uploads\/2025\/12\/bioderma-bioderma-cicabio-creme-soin-ultra-reparateur-apaisant-40-ml-home.jpg\",\"width\":700,\"height\":700},{\"@type\":\"BreadcrumbList\",\"@id\":\"https:\/\/paracherkaoui.ma\/index.php\/produit\/bioderma-cicabio-creme-soin-ultra-reparateur-apaisant-40-ml\/#breadcrumb\",\"itemListElement\":[{\"@type\":\"ListItem\",\"position\":1,\"name\":\"Accueil\",\"item\":\"https:\/\/paracherkaoui.ma\/\"},{\"@type\":\"ListItem\",\"position\":2,\"name\":\"Boutique\",\"item\":\"https:\/\/paracherkaoui.ma\/index.php\/boutique\/\"},{\"@type\":\"ListItem\",\"position\":3,\"name\":\"BIODERMA CICABIO CREME + SOIN ULTRA REPARATEUR APAISANT 40 ML\"}]},{\"@type\":\"WebSite\",\"@id\":\"https:\/\/paracherkaoui.ma\/#website\",\"url\":\"https:\/\/paracherkaoui.ma\/\",\"name\":\"Paracherkaoui.ma\",\"description\":\"Achetez en ligne sur Paracherkaoui.ma\",\"potentialAction\":[{\"@type\":\"SearchAction\",\"target\":{\"@type\":\"EntryPoint\",\"urlTemplate\":\"https:\/\/paracherkaoui.ma\/?s={search_term_string}\"},\"query-input\":{\"@type\":\"PropertyValueSpecification\",\"valueRequired\":true,\"valueName\":\"search_term_string\"}}],\"inLanguage\":\"fr-FR\"}]}<\/script>\r\n<!-- \/ Yoast SEO plugin. -->","yoast_head_json":{"title":"BIODERMA CICABIO CREME + SOIN ULTRA REPARATEUR APAISANT 40 ML - Paracherkaoui.ma","robots":{"index":"index","follow":"follow","max-snippet":"max-snippet:-1","max-image-preview":"max-image-preview:large","max-video-preview":"max-video-preview:-1"},"canonical":"https:\/\/paracherkaoui.ma\/index.php\/produit\/bioderma-cicabio-creme-soin-ultra-reparateur-apaisant-40-ml\/","og_locale":"fr_FR","og_type":"article","og_title":"BIODERMA CICABIO CREME + SOIN ULTRA REPARATEUR APAISANT 40 ML - Paracherkaoui.ma","og_description":"Descriptif : Cicabio Cr\u00e8me agit sur chaque \u00e9tape de la reconstruction \u00e9pidermique pour favoriser une parfaite r\u00e9paration.La texture \u00ab pansement","og_url":"https:\/\/paracherkaoui.ma\/index.php\/produit\/bioderma-cicabio-creme-soin-ultra-reparateur-apaisant-40-ml\/","og_site_name":"Paracherkaoui.ma","article_modified_time":"2025-12-12T16:47:43+00:00","og_image":[{"width":700,"height":700,"url":"https:\/\/paracherkaoui.ma\/wp-content\/uploads\/2025\/12\/bioderma-bioderma-cicabio-creme-soin-ultra-reparateur-apaisant-40-ml-home.jpg","type":"image\/jpeg"}],"twitter_card":"summary_large_image","twitter_misc":{"Dur\u00e9e de lecture estim\u00e9e":"1 minute"},"schema":{"@context":"https:\/\/schema.org","@graph":[{"@type":"WebPage","@id":"https:\/\/paracherkaoui.ma\/index.php\/produit\/bioderma-cicabio-creme-soin-ultra-reparateur-apaisant-40-ml\/","url":"https:\/\/paracherkaoui.ma\/index.php\/produit\/bioderma-cicabio-creme-soin-ultra-reparateur-apaisant-40-ml\/","name":"BIODERMA CICABIO CREME + SOIN ULTRA REPARATEUR APAISANT 40 ML - Paracherkaoui.ma","isPartOf":{"@id":"https:\/\/paracherkaoui.ma\/#website"},"primaryImageOfPage":{"@id":"https:\/\/paracherkaoui.ma\/index.php\/produit\/bioderma-cicabio-creme-soin-ultra-reparateur-apaisant-40-ml\/#primaryimage"},"image":{"@id":"https:\/\/paracherkaoui.ma\/index.php\/produit\/bioderma-cicabio-creme-soin-ultra-reparateur-apaisant-40-ml\/#primaryimage"},"thumbnailUrl":"https:\/\/paracherkaoui.ma\/wp-content\/uploads\/2025\/12\/bioderma-bioderma-cicabio-creme-soin-ultra-reparateur-apaisant-40-ml-home.jpg","datePublished":"2025-12-12T16:47:42+00:00","dateModified":"2025-12-12T16:47:43+00:00","breadcrumb":{"@id":"https:\/\/paracherkaoui.ma\/index.php\/produit\/bioderma-cicabio-creme-soin-ultra-reparateur-apaisant-40-ml\/#breadcrumb"},"inLanguage":"fr-FR","potentialAction":[{"@type":"ReadAction","target":["https:\/\/paracherkaoui.ma\/index.php\/produit\/bioderma-cicabio-creme-soin-ultra-reparateur-apaisant-40-ml\/"]}]},{"@type":"ImageObject","inLanguage":"fr-FR","@id":"https:\/\/paracherkaoui.ma\/index.php\/produit\/bioderma-cicabio-creme-soin-ultra-reparateur-apaisant-40-ml\/#primaryimage","url":"https:\/\/paracherkaoui.ma\/wp-content\/uploads\/2025\/12\/bioderma-bioderma-cicabio-creme-soin-ultra-reparateur-apaisant-40-ml-home.jpg","contentUrl":"https:\/\/paracherkaoui.ma\/wp-content\/uploads\/2025\/12\/bioderma-bioderma-cicabio-creme-soin-ultra-reparateur-apaisant-40-ml-home.jpg","width":700,"height":700},{"@type":"BreadcrumbList","@id":"https:\/\/paracherkaoui.ma\/index.php\/produit\/bioderma-cicabio-creme-soin-ultra-reparateur-apaisant-40-ml\/#breadcrumb","itemListElement":[{"@type":"ListItem","position":1,"name":"Accueil","item":"https:\/\/paracherkaoui.ma\/"},{"@type":"ListItem","position":2,"name":"Boutique","item":"https:\/\/paracherkaoui.ma\/index.php\/boutique\/"},{"@type":"ListItem","position":3,"name":"BIODERMA CICABIO CREME + SOIN ULTRA REPARATEUR APAISANT 40 ML"}]},{"@type":"WebSite","@id":"https:\/\/paracherkaoui.ma\/#website","url":"https:\/\/paracherkaoui.ma\/","name":"Paracherkaoui.ma","description":"Achetez en ligne sur Paracherkaoui.ma","potentialAction":[{"@type":"SearchAction","target":{"@type":"EntryPoint","urlTemplate":"https:\/\/paracherkaoui.ma\/?s={search_term_string}"},"query-input":{"@type":"PropertyValueSpecification","valueRequired":true,"valueName":"search_term_string"}}],"inLanguage":"fr-FR"}]}},"_links":{"self":[{"href":"https:\/\/paracherkaoui.ma\/index.php\/wp-json\/wp\/v2\/product\/13427","targetHints":{"allow":["GET"]}}],"collection":[{"href":"https:\/\/paracherkaoui.ma\/index.php\/wp-json\/wp\/v2\/product"}],"about":[{"href":"https:\/\/paracherkaoui.ma\/index.php\/wp-json\/wp\/v2\/types\/product"}],"replies":[{"embeddable":true,"href":"https:\/\/paracherkaoui.ma\/index.php\/wp-json\/wp\/v2\/comments?post=13427"}],"version-history":[{"count":1,"href":"https:\/\/paracherkaoui.ma\/index.php\/wp-json\/wp\/v2\/product\/13427\/revisions"}],"predecessor-version":[{"id":13452,"href":"https:\/\/paracherkaoui.ma\/index.php\/wp-json\/wp\/v2\/product\/13427\/revisions\/13452"}],"wp:featuredmedia":[{"embeddable":true,"href":"https:\/\/paracherkaoui.ma\/index.php\/wp-json\/wp\/v2\/media\/13451"}],"wp:attachment":[{"href":"https:\/\/paracherkaoui.ma\/index.php\/wp-json\/wp\/v2\/media?parent=13427"}],"wp:term":[{"taxonomy":"product_brand","embeddable":true,"href":"https:\/\/paracherkaoui.ma\/index.php\/wp-json\/wp\/v2\/product_brand?post=13427"},{"taxonomy":"product_cat","embeddable":true,"href":"https:\/\/paracherkaoui.ma\/index.php\/wp-json\/wp\/v2\/product_cat?post=13427"},{"taxonomy":"product_tag","embeddable":true,"href":"https:\/\/paracherkaoui.ma\/index.php\/wp-json\/wp\/v2\/product_tag?post=13427"}],"curies":[{"name":"wp","href":"https:\/\/api.w.org\/{rel}","templated":true}]}}