{"id":13426,"date":"2025-12-12T17:47:42","date_gmt":"2025-12-12T16:47:42","guid":{"rendered":"https:\/\/test.ecbeaute.com\/?post_type=product&#038;p=13426"},"modified":"2025-12-12T17:47:43","modified_gmt":"2025-12-12T16:47:43","slug":"vichy-liftactiv-supreme-h-a-epidermic-filler-30-ml","status":"publish","type":"product","link":"https:\/\/paracherkaoui.ma\/index.php\/produit\/vichy-liftactiv-supreme-h-a-epidermic-filler-30-ml\/","title":{"rendered":"VICHY LIFTACTIV SUPREME H.A EPIDERMIC FILLER 30 ML"},"content":{"rendered":"<p>.elementor-229 .elementor-element.elementor-element-7a9c7ab1 .elementor-tab-title, .elementor-229 .elementor-element.elementor-element-7a9c7ab1 .elementor-tab-title:before, .elementor-229 .elementor-element.elementor-element-7a9c7ab1 .elementor-tab-title:after, .elementor-229 .elementor-element.elementor-element-7a9c7ab1 .elementor-tab-content, .elementor-229 .elementor-element.elementor-element-7a9c7ab1 .elementor-tabs-content-wrapper{border-width:0.5px;}.elementor-229 .elementor-element.elementor-element-7a9c7ab1 .elementor-tab-title{color:#000000;}.elementor-229 .elementor-element.elementor-element-7a9c7ab1 .elementor-tab-title.elementor-active{color:#00a28d;}.elementor-229 .elementor-element.elementor-element-7a9c7ab1 .elementor-tab-content{color:#000000;}.elementor-229 .elementor-element.elementor-element-4836f05c .axps-swiper-slider .swiper-slide img{width:auto;}.elementor-229 .elementor-element.elementor-element-4836f05c .wrapper-items:not(.swiper-container-initialized) .item{-ms-flex:0 0 calc(100%\/2);flex:0 0 calc(100%\/2);max-width:calc(100%\/2);}.elementor-229 .elementor-element.elementor-element-4836f05c .wrapper-items .swiper-slide{padding-left:calc(30px\/2);padding-right:calc(30px\/2);}.elementor-229 .elementor-element.elementor-element-4836f05c .wrapper-items .swiper-slide .item-inner{margin-bottom:30px;}.elementor-229 .elementor-element.elementor-element-4836f05c .wrapper-items{margin-left:calc(-30px\/2);margin-right:calc(-30px\/2);}.elementor-229 .elementor-element.elementor-element-4836f05c .swiper-wrapper .item-inner{text-align:center;}.elementor-229 .elementor-element.elementor-element-c369e05{margin-top:-16px;margin-bottom:0px;}.elementor-229 .elementor-element.elementor-element-5dcc9a0 > .elementor-widget-container{margin:-46px 0px 0px 0px;}.elementor-229 .elementor-element.elementor-element-6d018b3 > .elementor-widget-container{margin:-46px 0px 0px 0px;}.elementor-229 .elementor-element.elementor-element-17cc43b > .elementor-widget-container{margin:-46px 0px 0px 0px;}.elementor-229 .elementor-element.elementor-element-ce96135 > .elementor-widget-container{margin:-46px 0px 0px 0px;}.elementor-229 .elementor-element.elementor-element-a85e9d7{margin-top:-16px;margin-bottom:0px;}.elementor-229 .elementor-element.elementor-element-eb378c6 > .elementor-widget-container{margin:-46px 0px 0px 0px;}.elementor-229 .elementor-element.elementor-element-a07e784 > .elementor-widget-container{margin:-46px 0px 0px 0px;}.elementor-229 .elementor-element.elementor-element-c04ec2e > .elementor-widget-container{margin:-46px 0px 0px 0px;}.elementor-229 .elementor-element.elementor-element-1a192d2 > .elementor-widget-container{margin:-46px 0px 0px 0px;}@media(max-width:1024px){.elementor-229 .elementor-element.elementor-element-4836f05c .wrapper-items:not(.swiper-container-initialized) .item{-ms-flex:0 0 calc(100%\/4);flex:0 0 calc(100%\/4);max-width:calc(100%\/4);}.elementor-229 .elementor-element.elementor-element-4836f05c .wrapper-items .swiper-slide{padding-left:calc(20px\/2);padding-right:calc(20px\/2);}.elementor-229 .elementor-element.elementor-element-4836f05c .wrapper-items .swiper-slide .item-inner{margin-bottom:20px;}.elementor-229 .elementor-element.elementor-element-4836f05c .wrapper-items{margin-left:calc(-20px\/2);margin-right:calc(-20px\/2);}.elementor-229 .elementor-element.elementor-element-5dcc9a0 > .elementor-widget-container{margin:-33px 0px 0px 0px;}.elementor-229 .elementor-element.elementor-element-6d018b3 > .elementor-widget-container{margin:-33px 0px 0px 0px;}.elementor-229 .elementor-element.elementor-element-17cc43b > .elementor-widget-container{margin:-33px 0px 0px 0px;}.elementor-229 .elementor-element.elementor-element-ce96135 > .elementor-widget-container{margin:-33px 0px 0px 0px;}.elementor-229 .elementor-element.elementor-element-eb378c6 > .elementor-widget-container{margin:-33px 0px 0px 0px;}.elementor-229 .elementor-element.elementor-element-a07e784 > .elementor-widget-container{margin:-33px 0px 0px 0px;}.elementor-229 .elementor-element.elementor-element-c04ec2e > .elementor-widget-container{margin:-33px 0px 0px 0px;}.elementor-229 .elementor-element.elementor-element-1a192d2 > .elementor-widget-container{margin:-33px 0px 0px 0px;}}@media(max-width:767px){.elementor-229 .elementor-element.elementor-element-4836f05c .wrapper-items:not(.swiper-container-initialized) .item{-ms-flex:0 0 calc(100%\/4);flex:0 0 calc(100%\/4);max-width:calc(100%\/4);}.elementor-229 .elementor-element.elementor-element-4836f05c .wrapper-items .swiper-slide{padding-left:calc(10px\/2);padding-right:calc(10px\/2);}.elementor-229 .elementor-element.elementor-element-4836f05c .wrapper-items .swiper-slide .item-inner{margin-bottom:10px;}.elementor-229 .elementor-element.elementor-element-4836f05c .wrapper-items{margin-left:calc(-10px\/2);margin-right:calc(-10px\/2);}.elementor-229 .elementor-element.elementor-element-440936e{width:50%;}.elementor-229 .elementor-element.elementor-element-5dcc9a0 > .elementor-widget-container{margin:-26px 0px 0px 0px;}.elementor-229 .elementor-element.elementor-element-bafe23f{width:50%;}.elementor-229 .elementor-element.elementor-element-6d018b3 > .elementor-widget-container{margin:-26px 0px 0px 0px;}.elementor-229 .elementor-element.elementor-element-450f40c{width:50%;}.elementor-229 .elementor-element.elementor-element-17cc43b > .elementor-widget-container{margin:-26px 0px 0px 0px;}.elementor-229 .elementor-element.elementor-element-0a8db92{width:50%;}.elementor-229 .elementor-element.elementor-element-ce96135 > .elementor-widget-container{margin:-26px 0px 0px 0px;}.elementor-229 .elementor-element.elementor-element-ebcfac2{width:50%;}.elementor-229 .elementor-element.elementor-element-eb378c6 > .elementor-widget-container{margin:-26px 0px 0px 0px;}.elementor-229 .elementor-element.elementor-element-de6f51b{width:50%;}.elementor-229 .elementor-element.elementor-element-a07e784 > .elementor-widget-container{margin:-26px 0px 0px 0px;}.elementor-229 .elementor-element.elementor-element-10068d9{width:50%;}.elementor-229 .elementor-element.elementor-element-c04ec2e > .elementor-widget-container{margin:-26px 0px 0px 0px;}.elementor-229 .elementor-element.elementor-element-38789eed{width:50%;}.elementor-229 .elementor-element.elementor-element-1a192d2 > .elementor-widget-container{margin:-26px 0px 0px 0px;}}<br \/>\nDescription<br \/>\nConseils d&rsquo;utilisation<br \/>\nComposition<br \/>\nDescription<br \/>\nCon\u00e7u pour\u00a0tous les types de peaux, m\u00eame les plus sensibles, ce s\u00e9rum dermatologique de pointe agit d\u00e8s les premi\u00e8res applications. En comblant\u00a0100 % de la perte quotidienne d\u2019acide hyaluronique, il repulpe intens\u00e9ment la peau tout en lissant les signes visibles de l&rsquo;\u00e2ge. Gr\u00e2ce \u00e0 sa formule enrichie en\u00a0Vitamine Cg antioxydante\u00a0et en\u00a0Eau Volcanique de Vichy, il renforce la barri\u00e8re cutan\u00e9e, prot\u00e8ge des agressions ext\u00e9rieures et illumine le teint.<br \/>\nCliniquement prouv\u00e9, son efficacit\u00e9 est remarquable :<br \/>\nApr\u00e8s 2 semaines : jusqu\u2019\u00e0\u00a0-14% de rides\u00a0et\u00a0-19% de ridules<br \/>\nApr\u00e8s 6 semaines : jusqu\u2019\u00e0\u00a0-47% de rides\u00a0et\u00a0-60% de ridules<br \/>\nSa texture l\u00e9g\u00e8re, sans parfum ni silicone, p\u00e9n\u00e8tre rapidement et convient aussi bien au\u00a0visage qu\u2019au contour des yeux. Hypoallerg\u00e9nique et test\u00e9 sous contr\u00f4le ophtalmologique, il respecte parfaitement les peaux les plus d\u00e9licates.<br \/>\nConseils d&rsquo;utilisation<br \/>\nMatin et soir, sur peau propre et l\u00e9g\u00e8rement humide, appliquez\u00a02 \u00e0 3 gouttes\u00a0du s\u00e9rum. D\u00e9posez-les directement sur les zones marqu\u00e9es (pattes d\u2019oie, sillon nasog\u00e9nien), puis \u00e9talez uniform\u00e9ment sur l\u2019ensemble du visage. Le matin, poursuivez avec une cr\u00e8me de jour et une\u00a0protection solaire\u00a0pour pr\u00e9server les r\u00e9sultats.<br \/>\nComposition<br \/>\nAQUA \/ WATER, GLYCERIN, HYDROXYETHYLPIPERAZINE ETHANE SULFONIC ACID, SODIUM HYALURONATE, PEG-60 HYDROGENATED CASTOR OIL, SECALE CEREALE SEED EXTRACT \/ RYE SEED EXTRACT, CALCIUM PANTOTHENATE, DIPEPTIDE DIAMINOBUTYROYL BENZYLAMIDE DIACETATE, PHENOXYETHANOL, CHLORPHENESIN, ASCORBYL GLUCOSIDE, DISODIUM EDTA, PENTYLENE GLYCOL<br \/>\nAjouter au Panier<br \/>\nAjouter au Panier<br \/>\nAjouter au Panier<br \/>\nAjouter au Panier<br \/>\nAjouter au Panier<br \/>\nAjouter au Panier<br \/>\nAjouter au Panier<br \/>\nAjouter au Panier<\/p>\n","protected":false},"excerpt":{"rendered":"<p>.elementor-229 .elementor-element.elementor-element-7a9c7ab1 .elementor-tab-title, .elementor-229 .elementor-element.elementor-element-7a9c7ab1 .elementor-tab-title:before, .elementor-229 .elementor-element.elementor-element-7a9c7ab1 .elementor-tab-title:after, .elementor-229 .elementor-element.elementor-element-7a9c7ab1 .elementor-tab-content, .elementor-229 .elementor-element.elementor-element-7a9c7ab1 .elementor-tabs-content-wrapper{border-width:0.5px;}.elementor-229 .elementor-element.elementor-element-7a9c7ab1 .elementor-tab-title{color:#000000;}.elementor-229 .elementor-element.elementor-element-7a9c7ab1 .elementor-tab-title.elementor-active{color:#00a28d;}.elementor-229 .elementor-element.elementor-element-7a9c7ab1<\/p>\n","protected":false},"featured_media":13449,"comment_status":"open","ping_status":"closed","template":"","meta":[],"product_brand":[139],"product_cat":[173],"product_tag":[],"class_list":{"0":"post-13426","1":"product","2":"type-product","3":"status-publish","4":"has-post-thumbnail","6":"product_brand-vichy","7":"product_cat-cremes-et-soins-visage","9":"first","10":"instock","11":"sale","12":"shipping-taxable","13":"purchasable","14":"product-type-simple"},"yoast_head":"<!-- This site is optimized with the Yoast SEO plugin v26.6 - https:\/\/yoast.com\/wordpress\/plugins\/seo\/ -->\r\n<title>VICHY LIFTACTIV SUPREME H.A EPIDERMIC FILLER 30 ML - Paracherkaoui.ma<\/title>\r\n<meta name=\"robots\" content=\"index, follow, max-snippet:-1, max-image-preview:large, max-video-preview:-1\" \/>\r\n<link rel=\"canonical\" href=\"https:\/\/paracherkaoui.ma\/index.php\/produit\/vichy-liftactiv-supreme-h-a-epidermic-filler-30-ml\/\" \/>\r\n<meta property=\"og:locale\" content=\"fr_FR\" \/>\r\n<meta property=\"og:type\" content=\"article\" \/>\r\n<meta property=\"og:title\" content=\"VICHY LIFTACTIV SUPREME H.A EPIDERMIC FILLER 30 ML - Paracherkaoui.ma\" \/>\r\n<meta property=\"og:description\" content=\".elementor-229 .elementor-element.elementor-element-7a9c7ab1 .elementor-tab-title, .elementor-229 .elementor-element.elementor-element-7a9c7ab1 .elementor-tab-title:before, .elementor-229 .elementor-element.elementor-element-7a9c7ab1 .elementor-tab-title:after, .elementor-229 .elementor-element.elementor-element-7a9c7ab1 .elementor-tab-content, .elementor-229 .elementor-element.elementor-element-7a9c7ab1 .elementor-tabs-content-wrapper{border-width:0.5px;}.elementor-229 .elementor-element.elementor-element-7a9c7ab1 .elementor-tab-title{color:#000000;}.elementor-229 .elementor-element.elementor-element-7a9c7ab1 .elementor-tab-title.elementor-active{color:#00a28d;}.elementor-229 .elementor-element.elementor-element-7a9c7ab1\" \/>\r\n<meta property=\"og:url\" content=\"https:\/\/paracherkaoui.ma\/index.php\/produit\/vichy-liftactiv-supreme-h-a-epidermic-filler-30-ml\/\" \/>\r\n<meta property=\"og:site_name\" content=\"Paracherkaoui.ma\" \/>\r\n<meta property=\"article:modified_time\" content=\"2025-12-12T16:47:43+00:00\" \/>\r\n<meta property=\"og:image\" content=\"https:\/\/paracherkaoui.ma\/wp-content\/uploads\/2025\/12\/vichy-vichy-liftactiv-supreme-ha-epidermic-filler-30-ml-premieres-rides.jpg\" \/>\r\n\t<meta property=\"og:image:width\" content=\"700\" \/>\r\n\t<meta property=\"og:image:height\" content=\"700\" \/>\r\n\t<meta property=\"og:image:type\" content=\"image\/jpeg\" \/>\r\n<meta name=\"twitter:card\" content=\"summary_large_image\" \/>\r\n<meta name=\"twitter:label1\" content=\"Dur\u00e9e de lecture estim\u00e9e\" \/>\n\t<meta name=\"twitter:data1\" content=\"4 minutes\" \/>\r\n<script type=\"application\/ld+json\" class=\"yoast-schema-graph\">{\"@context\":\"https:\/\/schema.org\",\"@graph\":[{\"@type\":\"WebPage\",\"@id\":\"https:\/\/paracherkaoui.ma\/index.php\/produit\/vichy-liftactiv-supreme-h-a-epidermic-filler-30-ml\/\",\"url\":\"https:\/\/paracherkaoui.ma\/index.php\/produit\/vichy-liftactiv-supreme-h-a-epidermic-filler-30-ml\/\",\"name\":\"VICHY LIFTACTIV SUPREME H.A EPIDERMIC FILLER 30 ML - Paracherkaoui.ma\",\"isPartOf\":{\"@id\":\"https:\/\/paracherkaoui.ma\/#website\"},\"primaryImageOfPage\":{\"@id\":\"https:\/\/paracherkaoui.ma\/index.php\/produit\/vichy-liftactiv-supreme-h-a-epidermic-filler-30-ml\/#primaryimage\"},\"image\":{\"@id\":\"https:\/\/paracherkaoui.ma\/index.php\/produit\/vichy-liftactiv-supreme-h-a-epidermic-filler-30-ml\/#primaryimage\"},\"thumbnailUrl\":\"https:\/\/paracherkaoui.ma\/wp-content\/uploads\/2025\/12\/vichy-vichy-liftactiv-supreme-ha-epidermic-filler-30-ml-premieres-rides.jpg\",\"datePublished\":\"2025-12-12T16:47:42+00:00\",\"dateModified\":\"2025-12-12T16:47:43+00:00\",\"breadcrumb\":{\"@id\":\"https:\/\/paracherkaoui.ma\/index.php\/produit\/vichy-liftactiv-supreme-h-a-epidermic-filler-30-ml\/#breadcrumb\"},\"inLanguage\":\"fr-FR\",\"potentialAction\":[{\"@type\":\"ReadAction\",\"target\":[\"https:\/\/paracherkaoui.ma\/index.php\/produit\/vichy-liftactiv-supreme-h-a-epidermic-filler-30-ml\/\"]}]},{\"@type\":\"ImageObject\",\"inLanguage\":\"fr-FR\",\"@id\":\"https:\/\/paracherkaoui.ma\/index.php\/produit\/vichy-liftactiv-supreme-h-a-epidermic-filler-30-ml\/#primaryimage\",\"url\":\"https:\/\/paracherkaoui.ma\/wp-content\/uploads\/2025\/12\/vichy-vichy-liftactiv-supreme-ha-epidermic-filler-30-ml-premieres-rides.jpg\",\"contentUrl\":\"https:\/\/paracherkaoui.ma\/wp-content\/uploads\/2025\/12\/vichy-vichy-liftactiv-supreme-ha-epidermic-filler-30-ml-premieres-rides.jpg\",\"width\":700,\"height\":700},{\"@type\":\"BreadcrumbList\",\"@id\":\"https:\/\/paracherkaoui.ma\/index.php\/produit\/vichy-liftactiv-supreme-h-a-epidermic-filler-30-ml\/#breadcrumb\",\"itemListElement\":[{\"@type\":\"ListItem\",\"position\":1,\"name\":\"Accueil\",\"item\":\"https:\/\/paracherkaoui.ma\/\"},{\"@type\":\"ListItem\",\"position\":2,\"name\":\"Boutique\",\"item\":\"https:\/\/paracherkaoui.ma\/index.php\/boutique\/\"},{\"@type\":\"ListItem\",\"position\":3,\"name\":\"VICHY LIFTACTIV SUPREME H.A EPIDERMIC FILLER 30 ML\"}]},{\"@type\":\"WebSite\",\"@id\":\"https:\/\/paracherkaoui.ma\/#website\",\"url\":\"https:\/\/paracherkaoui.ma\/\",\"name\":\"Paracherkaoui.ma\",\"description\":\"Achetez en ligne sur Paracherkaoui.ma\",\"potentialAction\":[{\"@type\":\"SearchAction\",\"target\":{\"@type\":\"EntryPoint\",\"urlTemplate\":\"https:\/\/paracherkaoui.ma\/?s={search_term_string}\"},\"query-input\":{\"@type\":\"PropertyValueSpecification\",\"valueRequired\":true,\"valueName\":\"search_term_string\"}}],\"inLanguage\":\"fr-FR\"}]}<\/script>\r\n<!-- \/ Yoast SEO plugin. -->","yoast_head_json":{"title":"VICHY LIFTACTIV SUPREME H.A EPIDERMIC FILLER 30 ML - Paracherkaoui.ma","robots":{"index":"index","follow":"follow","max-snippet":"max-snippet:-1","max-image-preview":"max-image-preview:large","max-video-preview":"max-video-preview:-1"},"canonical":"https:\/\/paracherkaoui.ma\/index.php\/produit\/vichy-liftactiv-supreme-h-a-epidermic-filler-30-ml\/","og_locale":"fr_FR","og_type":"article","og_title":"VICHY LIFTACTIV SUPREME H.A EPIDERMIC FILLER 30 ML - Paracherkaoui.ma","og_description":".elementor-229 .elementor-element.elementor-element-7a9c7ab1 .elementor-tab-title, .elementor-229 .elementor-element.elementor-element-7a9c7ab1 .elementor-tab-title:before, .elementor-229 .elementor-element.elementor-element-7a9c7ab1 .elementor-tab-title:after, .elementor-229 .elementor-element.elementor-element-7a9c7ab1 .elementor-tab-content, .elementor-229 .elementor-element.elementor-element-7a9c7ab1 .elementor-tabs-content-wrapper{border-width:0.5px;}.elementor-229 .elementor-element.elementor-element-7a9c7ab1 .elementor-tab-title{color:#000000;}.elementor-229 .elementor-element.elementor-element-7a9c7ab1 .elementor-tab-title.elementor-active{color:#00a28d;}.elementor-229 .elementor-element.elementor-element-7a9c7ab1","og_url":"https:\/\/paracherkaoui.ma\/index.php\/produit\/vichy-liftactiv-supreme-h-a-epidermic-filler-30-ml\/","og_site_name":"Paracherkaoui.ma","article_modified_time":"2025-12-12T16:47:43+00:00","og_image":[{"width":700,"height":700,"url":"https:\/\/paracherkaoui.ma\/wp-content\/uploads\/2025\/12\/vichy-vichy-liftactiv-supreme-ha-epidermic-filler-30-ml-premieres-rides.jpg","type":"image\/jpeg"}],"twitter_card":"summary_large_image","twitter_misc":{"Dur\u00e9e de lecture estim\u00e9e":"4 minutes"},"schema":{"@context":"https:\/\/schema.org","@graph":[{"@type":"WebPage","@id":"https:\/\/paracherkaoui.ma\/index.php\/produit\/vichy-liftactiv-supreme-h-a-epidermic-filler-30-ml\/","url":"https:\/\/paracherkaoui.ma\/index.php\/produit\/vichy-liftactiv-supreme-h-a-epidermic-filler-30-ml\/","name":"VICHY LIFTACTIV SUPREME H.A EPIDERMIC FILLER 30 ML - Paracherkaoui.ma","isPartOf":{"@id":"https:\/\/paracherkaoui.ma\/#website"},"primaryImageOfPage":{"@id":"https:\/\/paracherkaoui.ma\/index.php\/produit\/vichy-liftactiv-supreme-h-a-epidermic-filler-30-ml\/#primaryimage"},"image":{"@id":"https:\/\/paracherkaoui.ma\/index.php\/produit\/vichy-liftactiv-supreme-h-a-epidermic-filler-30-ml\/#primaryimage"},"thumbnailUrl":"https:\/\/paracherkaoui.ma\/wp-content\/uploads\/2025\/12\/vichy-vichy-liftactiv-supreme-ha-epidermic-filler-30-ml-premieres-rides.jpg","datePublished":"2025-12-12T16:47:42+00:00","dateModified":"2025-12-12T16:47:43+00:00","breadcrumb":{"@id":"https:\/\/paracherkaoui.ma\/index.php\/produit\/vichy-liftactiv-supreme-h-a-epidermic-filler-30-ml\/#breadcrumb"},"inLanguage":"fr-FR","potentialAction":[{"@type":"ReadAction","target":["https:\/\/paracherkaoui.ma\/index.php\/produit\/vichy-liftactiv-supreme-h-a-epidermic-filler-30-ml\/"]}]},{"@type":"ImageObject","inLanguage":"fr-FR","@id":"https:\/\/paracherkaoui.ma\/index.php\/produit\/vichy-liftactiv-supreme-h-a-epidermic-filler-30-ml\/#primaryimage","url":"https:\/\/paracherkaoui.ma\/wp-content\/uploads\/2025\/12\/vichy-vichy-liftactiv-supreme-ha-epidermic-filler-30-ml-premieres-rides.jpg","contentUrl":"https:\/\/paracherkaoui.ma\/wp-content\/uploads\/2025\/12\/vichy-vichy-liftactiv-supreme-ha-epidermic-filler-30-ml-premieres-rides.jpg","width":700,"height":700},{"@type":"BreadcrumbList","@id":"https:\/\/paracherkaoui.ma\/index.php\/produit\/vichy-liftactiv-supreme-h-a-epidermic-filler-30-ml\/#breadcrumb","itemListElement":[{"@type":"ListItem","position":1,"name":"Accueil","item":"https:\/\/paracherkaoui.ma\/"},{"@type":"ListItem","position":2,"name":"Boutique","item":"https:\/\/paracherkaoui.ma\/index.php\/boutique\/"},{"@type":"ListItem","position":3,"name":"VICHY LIFTACTIV SUPREME H.A EPIDERMIC FILLER 30 ML"}]},{"@type":"WebSite","@id":"https:\/\/paracherkaoui.ma\/#website","url":"https:\/\/paracherkaoui.ma\/","name":"Paracherkaoui.ma","description":"Achetez en ligne sur Paracherkaoui.ma","potentialAction":[{"@type":"SearchAction","target":{"@type":"EntryPoint","urlTemplate":"https:\/\/paracherkaoui.ma\/?s={search_term_string}"},"query-input":{"@type":"PropertyValueSpecification","valueRequired":true,"valueName":"search_term_string"}}],"inLanguage":"fr-FR"}]}},"_links":{"self":[{"href":"https:\/\/paracherkaoui.ma\/index.php\/wp-json\/wp\/v2\/product\/13426","targetHints":{"allow":["GET"]}}],"collection":[{"href":"https:\/\/paracherkaoui.ma\/index.php\/wp-json\/wp\/v2\/product"}],"about":[{"href":"https:\/\/paracherkaoui.ma\/index.php\/wp-json\/wp\/v2\/types\/product"}],"replies":[{"embeddable":true,"href":"https:\/\/paracherkaoui.ma\/index.php\/wp-json\/wp\/v2\/comments?post=13426"}],"version-history":[{"count":1,"href":"https:\/\/paracherkaoui.ma\/index.php\/wp-json\/wp\/v2\/product\/13426\/revisions"}],"predecessor-version":[{"id":13450,"href":"https:\/\/paracherkaoui.ma\/index.php\/wp-json\/wp\/v2\/product\/13426\/revisions\/13450"}],"wp:featuredmedia":[{"embeddable":true,"href":"https:\/\/paracherkaoui.ma\/index.php\/wp-json\/wp\/v2\/media\/13449"}],"wp:attachment":[{"href":"https:\/\/paracherkaoui.ma\/index.php\/wp-json\/wp\/v2\/media?parent=13426"}],"wp:term":[{"taxonomy":"product_brand","embeddable":true,"href":"https:\/\/paracherkaoui.ma\/index.php\/wp-json\/wp\/v2\/product_brand?post=13426"},{"taxonomy":"product_cat","embeddable":true,"href":"https:\/\/paracherkaoui.ma\/index.php\/wp-json\/wp\/v2\/product_cat?post=13426"},{"taxonomy":"product_tag","embeddable":true,"href":"https:\/\/paracherkaoui.ma\/index.php\/wp-json\/wp\/v2\/product_tag?post=13426"}],"curies":[{"name":"wp","href":"https:\/\/api.w.org\/{rel}","templated":true}]}}