{"id":13358,"date":"2025-12-12T17:47:37","date_gmt":"2025-12-12T16:47:37","guid":{"rendered":"https:\/\/test.ecbeaute.com\/?post_type=product&#038;p=13358"},"modified":"2025-12-12T17:47:39","modified_gmt":"2025-12-12T16:47:39","slug":"vichy-liftactiv-supreme-vitamine-c-serum-20-ml","status":"publish","type":"product","link":"https:\/\/paracherkaoui.ma\/index.php\/produit\/vichy-liftactiv-supreme-vitamine-c-serum-20-ml\/","title":{"rendered":"VICHY LIFTACTIV SUPREME VITAMINE C SERUM 20 ML"},"content":{"rendered":"<p>.elementor-232 .elementor-element.elementor-element-51c9088 .elementor-tab-title, .elementor-232 .elementor-element.elementor-element-51c9088 .elementor-tab-title:before, .elementor-232 .elementor-element.elementor-element-51c9088 .elementor-tab-title:after, .elementor-232 .elementor-element.elementor-element-51c9088 .elementor-tab-content, .elementor-232 .elementor-element.elementor-element-51c9088 .elementor-tabs-content-wrapper{border-width:0.5px;}.elementor-232 .elementor-element.elementor-element-51c9088 .elementor-tab-title{color:#000000;}.elementor-232 .elementor-element.elementor-element-51c9088 .elementor-tab-title.elementor-active{color:#00a28d;}.elementor-232 .elementor-element.elementor-element-51c9088 .elementor-tab-content{color:#000000;}.elementor-232 .elementor-element.elementor-element-4ee0c840 .axps-swiper-slider .swiper-slide img{width:auto;}.elementor-232 .elementor-element.elementor-element-4ee0c840 .wrapper-items:not(.swiper-container-initialized) .item{-ms-flex:0 0 calc(100%\/2);flex:0 0 calc(100%\/2);max-width:calc(100%\/2);}.elementor-232 .elementor-element.elementor-element-4ee0c840 .wrapper-items .swiper-slide{padding-left:calc(30px\/2);padding-right:calc(30px\/2);}.elementor-232 .elementor-element.elementor-element-4ee0c840 .wrapper-items .swiper-slide .item-inner{margin-bottom:30px;}.elementor-232 .elementor-element.elementor-element-4ee0c840 .wrapper-items{margin-left:calc(-30px\/2);margin-right:calc(-30px\/2);}.elementor-232 .elementor-element.elementor-element-4ee0c840 .swiper-wrapper .item-inner{text-align:center;}.elementor-232 .elementor-element.elementor-element-4142896d{margin-top:-16px;margin-bottom:0px;}.elementor-232 .elementor-element.elementor-element-de08707 > .elementor-widget-container{margin:-46px 0px 0px 0px;}.elementor-232 .elementor-element.elementor-element-f9e1aba > .elementor-widget-container{margin:-46px 0px 0px 0px;}.elementor-232 .elementor-element.elementor-element-4f19659e > .elementor-widget-container{margin:-46px 0px 0px 0px;}.elementor-232 .elementor-element.elementor-element-374459f5 > .elementor-widget-container{margin:-46px 0px 0px 0px;}.elementor-232 .elementor-element.elementor-element-1556ce1{margin-top:-16px;margin-bottom:0px;}.elementor-232 .elementor-element.elementor-element-e42bd2b > .elementor-widget-container{margin:-46px 0px 0px 0px;}.elementor-232 .elementor-element.elementor-element-e7192d8 > .elementor-widget-container{margin:-46px 0px 0px 0px;}.elementor-232 .elementor-element.elementor-element-dc12c4a > .elementor-widget-container{margin:-46px 0px 0px 0px;}.elementor-232 .elementor-element.elementor-element-2337dee > .elementor-widget-container{margin:-46px 0px 0px 0px;}@media(max-width:1024px){.elementor-232 .elementor-element.elementor-element-4ee0c840 .wrapper-items:not(.swiper-container-initialized) .item{-ms-flex:0 0 calc(100%\/4);flex:0 0 calc(100%\/4);max-width:calc(100%\/4);}.elementor-232 .elementor-element.elementor-element-4ee0c840 .wrapper-items .swiper-slide{padding-left:calc(20px\/2);padding-right:calc(20px\/2);}.elementor-232 .elementor-element.elementor-element-4ee0c840 .wrapper-items .swiper-slide .item-inner{margin-bottom:20px;}.elementor-232 .elementor-element.elementor-element-4ee0c840 .wrapper-items{margin-left:calc(-20px\/2);margin-right:calc(-20px\/2);}.elementor-232 .elementor-element.elementor-element-de08707 > .elementor-widget-container{margin:-33px 0px 0px 0px;}.elementor-232 .elementor-element.elementor-element-f9e1aba > .elementor-widget-container{margin:-33px 0px 0px 0px;}.elementor-232 .elementor-element.elementor-element-4f19659e > .elementor-widget-container{margin:-33px 0px 0px 0px;}.elementor-232 .elementor-element.elementor-element-374459f5 > .elementor-widget-container{margin:-33px 0px 0px 0px;}.elementor-232 .elementor-element.elementor-element-e42bd2b > .elementor-widget-container{margin:-33px 0px 0px 0px;}.elementor-232 .elementor-element.elementor-element-e7192d8 > .elementor-widget-container{margin:-33px 0px 0px 0px;}.elementor-232 .elementor-element.elementor-element-dc12c4a > .elementor-widget-container{margin:-33px 0px 0px 0px;}.elementor-232 .elementor-element.elementor-element-2337dee > .elementor-widget-container{margin:-33px 0px 0px 0px;}}@media(max-width:767px){.elementor-232 .elementor-element.elementor-element-4ee0c840 .wrapper-items:not(.swiper-container-initialized) .item{-ms-flex:0 0 calc(100%\/4);flex:0 0 calc(100%\/4);max-width:calc(100%\/4);}.elementor-232 .elementor-element.elementor-element-4ee0c840 .wrapper-items .swiper-slide{padding-left:calc(10px\/2);padding-right:calc(10px\/2);}.elementor-232 .elementor-element.elementor-element-4ee0c840 .wrapper-items .swiper-slide .item-inner{margin-bottom:10px;}.elementor-232 .elementor-element.elementor-element-4ee0c840 .wrapper-items{margin-left:calc(-10px\/2);margin-right:calc(-10px\/2);}.elementor-232 .elementor-element.elementor-element-a3f8de1{width:50%;}.elementor-232 .elementor-element.elementor-element-de08707 > .elementor-widget-container{margin:-26px 0px 0px 0px;}.elementor-232 .elementor-element.elementor-element-692b955{width:50%;}.elementor-232 .elementor-element.elementor-element-f9e1aba > .elementor-widget-container{margin:-26px 0px 0px 0px;}.elementor-232 .elementor-element.elementor-element-5b30e49e{width:50%;}.elementor-232 .elementor-element.elementor-element-4f19659e > .elementor-widget-container{margin:-26px 0px 0px 0px;}.elementor-232 .elementor-element.elementor-element-33b72838{width:50%;}.elementor-232 .elementor-element.elementor-element-374459f5 > .elementor-widget-container{margin:-26px 0px 0px 0px;}.elementor-232 .elementor-element.elementor-element-8ad6a2f{width:50%;}.elementor-232 .elementor-element.elementor-element-e42bd2b > .elementor-widget-container{margin:-26px 0px 0px 0px;}.elementor-232 .elementor-element.elementor-element-da40a81{width:50%;}.elementor-232 .elementor-element.elementor-element-e7192d8 > .elementor-widget-container{margin:-26px 0px 0px 0px;}.elementor-232 .elementor-element.elementor-element-23eaa87{width:50%;}.elementor-232 .elementor-element.elementor-element-dc12c4a > .elementor-widget-container{margin:-26px 0px 0px 0px;}.elementor-232 .elementor-element.elementor-element-c2ade16{width:50%;}.elementor-232 .elementor-element.elementor-element-2337dee > .elementor-widget-container{margin:-26px 0px 0px 0px;}}<br \/>\nDescription<br \/>\nConseils d&rsquo;utilisation<br \/>\nComposition<br \/>\nDescription<br \/>\nSa formule hautement concentr\u00e9e associe :<br \/>\nVitamine C &#038; E\u00a0: puissants antioxydants qui illuminent le teint et luttent contre les agressions ext\u00e9rieures comme la pollution.<br \/>\nAcide hyaluronique fragment\u00e9\u00a0: hydrate intens\u00e9ment, repulpe et lisse les ridules en profondeur.<br \/>\nPolyph\u00e9nols de pin maritime &#038; n\u00e9ohesp\u00e9ridine\u00a0: prot\u00e8gent l\u2019\u00e9lastine et le collag\u00e8ne, stimulent la microcirculation et pr\u00e9viennent les effets du vieillissement.<br \/>\nEau volcanique de Vichy\u00a0: riche en min\u00e9raux, elle apaise et fortifie la barri\u00e8re cutan\u00e9e.<br \/>\nD\u00e8s la premi\u00e8re application, la peau para\u00eet\u00a0plus tonique (+23%). En 10 jours, le teint est\u00a0visiblement plus lumineux (+21%), et la peau\u00a0plus lisse (+71%). Sa texture l\u00e9g\u00e8re p\u00e9n\u00e8tre rapidement, sans fini gras ni collant.<br \/>\nFormul\u00e9\u00a0sans parfum, sans parab\u00e8ne, hypoallerg\u00e9nique\u00a0et test\u00e9 dermatologiquement, ce soin est adapt\u00e9 \u00e0\u00a0tous les types de peaux, m\u00eame sensibles.<br \/>\nConseils d&rsquo;utilisation<br \/>\nAppliquer\u00a04 \u00e0 5 gouttes\u00a0sur le visage parfaitement nettoy\u00e9 et sec,\u00a0le matin ou le soir.<br \/>\n\u00c9viter le contour des yeux et des l\u00e8vres.<br \/>\nEn cas d\u2019utilisation le matin,\u00a0ajouter un soin SPF 15 minimum\u00a0pour prot\u00e9ger la peau.<br \/>\nComposition<br \/>\nAQUA\/WATER, ASCORBIC ACID, ALCOHOL DENAT., DIPROPYLENE GLYCOL, GLYCERIN, LAURETH-23, NEOHESPERIDIN DIHYDROCHALCONE, SODIUM HYDROXIDE, TOCOPHEROL, HYDROLYZED HYALURONIC ACID, PINUS PINASTER BARK\/BUD EXTRACT<br \/>\nAjouter au Panier<br \/>\nAjouter au Panier<br \/>\nAjouter au Panier<br \/>\nAjouter au Panier<br \/>\nAjouter au Panier<br \/>\nAjouter au Panier<br \/>\nAjouter au Panier<br \/>\nAjouter au Panier<\/p>\n","protected":false},"excerpt":{"rendered":"<p>.elementor-232 .elementor-element.elementor-element-51c9088 .elementor-tab-title, .elementor-232 .elementor-element.elementor-element-51c9088 .elementor-tab-title:before, .elementor-232 .elementor-element.elementor-element-51c9088 .elementor-tab-title:after, .elementor-232 .elementor-element.elementor-element-51c9088 .elementor-tab-content, .elementor-232 .elementor-element.elementor-element-51c9088 .elementor-tabs-content-wrapper{border-width:0.5px;}.elementor-232 .elementor-element.elementor-element-51c9088 .elementor-tab-title{color:#000000;}.elementor-232 .elementor-element.elementor-element-51c9088 .elementor-tab-title.elementor-active{color:#00a28d;}.elementor-232 .elementor-element.elementor-element-51c9088<\/p>\n","protected":false},"featured_media":13396,"comment_status":"open","ping_status":"closed","template":"","meta":[],"product_brand":[139],"product_cat":[173],"product_tag":[],"class_list":{"0":"post-13358","1":"product","2":"type-product","3":"status-publish","4":"has-post-thumbnail","6":"product_brand-vichy","7":"product_cat-cremes-et-soins-visage","9":"first","10":"instock","11":"sale","12":"shipping-taxable","13":"purchasable","14":"product-type-simple"},"yoast_head":"<!-- This site is optimized with the Yoast SEO plugin v26.6 - https:\/\/yoast.com\/wordpress\/plugins\/seo\/ -->\r\n<title>VICHY LIFTACTIV SUPREME VITAMINE C SERUM 20 ML - Paracherkaoui.ma<\/title>\r\n<meta name=\"robots\" content=\"index, follow, max-snippet:-1, max-image-preview:large, max-video-preview:-1\" \/>\r\n<link rel=\"canonical\" href=\"https:\/\/paracherkaoui.ma\/index.php\/produit\/vichy-liftactiv-supreme-vitamine-c-serum-20-ml\/\" \/>\r\n<meta property=\"og:locale\" content=\"fr_FR\" \/>\r\n<meta property=\"og:type\" content=\"article\" \/>\r\n<meta property=\"og:title\" content=\"VICHY LIFTACTIV SUPREME VITAMINE C SERUM 20 ML - Paracherkaoui.ma\" \/>\r\n<meta property=\"og:description\" content=\".elementor-232 .elementor-element.elementor-element-51c9088 .elementor-tab-title, .elementor-232 .elementor-element.elementor-element-51c9088 .elementor-tab-title:before, .elementor-232 .elementor-element.elementor-element-51c9088 .elementor-tab-title:after, .elementor-232 .elementor-element.elementor-element-51c9088 .elementor-tab-content, .elementor-232 .elementor-element.elementor-element-51c9088 .elementor-tabs-content-wrapper{border-width:0.5px;}.elementor-232 .elementor-element.elementor-element-51c9088 .elementor-tab-title{color:#000000;}.elementor-232 .elementor-element.elementor-element-51c9088 .elementor-tab-title.elementor-active{color:#00a28d;}.elementor-232 .elementor-element.elementor-element-51c9088\" \/>\r\n<meta property=\"og:url\" content=\"https:\/\/paracherkaoui.ma\/index.php\/produit\/vichy-liftactiv-supreme-vitamine-c-serum-20-ml\/\" \/>\r\n<meta property=\"og:site_name\" content=\"Paracherkaoui.ma\" \/>\r\n<meta property=\"article:modified_time\" content=\"2025-12-12T16:47:39+00:00\" \/>\r\n<meta property=\"og:image\" content=\"https:\/\/paracherkaoui.ma\/wp-content\/uploads\/2025\/12\/vichy-vichy-liftactiv-supreme-vitamine-c-serum-20-ml-peaux-matures.jpg\" \/>\r\n\t<meta property=\"og:image:width\" content=\"700\" \/>\r\n\t<meta property=\"og:image:height\" content=\"700\" \/>\r\n\t<meta property=\"og:image:type\" content=\"image\/jpeg\" \/>\r\n<meta name=\"twitter:card\" content=\"summary_large_image\" \/>\r\n<meta name=\"twitter:label1\" content=\"Dur\u00e9e de lecture estim\u00e9e\" \/>\n\t<meta name=\"twitter:data1\" content=\"4 minutes\" \/>\r\n<script type=\"application\/ld+json\" class=\"yoast-schema-graph\">{\"@context\":\"https:\/\/schema.org\",\"@graph\":[{\"@type\":\"WebPage\",\"@id\":\"https:\/\/paracherkaoui.ma\/index.php\/produit\/vichy-liftactiv-supreme-vitamine-c-serum-20-ml\/\",\"url\":\"https:\/\/paracherkaoui.ma\/index.php\/produit\/vichy-liftactiv-supreme-vitamine-c-serum-20-ml\/\",\"name\":\"VICHY LIFTACTIV SUPREME VITAMINE C SERUM 20 ML - Paracherkaoui.ma\",\"isPartOf\":{\"@id\":\"https:\/\/paracherkaoui.ma\/#website\"},\"primaryImageOfPage\":{\"@id\":\"https:\/\/paracherkaoui.ma\/index.php\/produit\/vichy-liftactiv-supreme-vitamine-c-serum-20-ml\/#primaryimage\"},\"image\":{\"@id\":\"https:\/\/paracherkaoui.ma\/index.php\/produit\/vichy-liftactiv-supreme-vitamine-c-serum-20-ml\/#primaryimage\"},\"thumbnailUrl\":\"https:\/\/paracherkaoui.ma\/wp-content\/uploads\/2025\/12\/vichy-vichy-liftactiv-supreme-vitamine-c-serum-20-ml-peaux-matures.jpg\",\"datePublished\":\"2025-12-12T16:47:37+00:00\",\"dateModified\":\"2025-12-12T16:47:39+00:00\",\"breadcrumb\":{\"@id\":\"https:\/\/paracherkaoui.ma\/index.php\/produit\/vichy-liftactiv-supreme-vitamine-c-serum-20-ml\/#breadcrumb\"},\"inLanguage\":\"fr-FR\",\"potentialAction\":[{\"@type\":\"ReadAction\",\"target\":[\"https:\/\/paracherkaoui.ma\/index.php\/produit\/vichy-liftactiv-supreme-vitamine-c-serum-20-ml\/\"]}]},{\"@type\":\"ImageObject\",\"inLanguage\":\"fr-FR\",\"@id\":\"https:\/\/paracherkaoui.ma\/index.php\/produit\/vichy-liftactiv-supreme-vitamine-c-serum-20-ml\/#primaryimage\",\"url\":\"https:\/\/paracherkaoui.ma\/wp-content\/uploads\/2025\/12\/vichy-vichy-liftactiv-supreme-vitamine-c-serum-20-ml-peaux-matures.jpg\",\"contentUrl\":\"https:\/\/paracherkaoui.ma\/wp-content\/uploads\/2025\/12\/vichy-vichy-liftactiv-supreme-vitamine-c-serum-20-ml-peaux-matures.jpg\",\"width\":700,\"height\":700},{\"@type\":\"BreadcrumbList\",\"@id\":\"https:\/\/paracherkaoui.ma\/index.php\/produit\/vichy-liftactiv-supreme-vitamine-c-serum-20-ml\/#breadcrumb\",\"itemListElement\":[{\"@type\":\"ListItem\",\"position\":1,\"name\":\"Accueil\",\"item\":\"https:\/\/paracherkaoui.ma\/\"},{\"@type\":\"ListItem\",\"position\":2,\"name\":\"Boutique\",\"item\":\"https:\/\/paracherkaoui.ma\/index.php\/boutique\/\"},{\"@type\":\"ListItem\",\"position\":3,\"name\":\"VICHY LIFTACTIV SUPREME VITAMINE C SERUM 20 ML\"}]},{\"@type\":\"WebSite\",\"@id\":\"https:\/\/paracherkaoui.ma\/#website\",\"url\":\"https:\/\/paracherkaoui.ma\/\",\"name\":\"Paracherkaoui.ma\",\"description\":\"Achetez en ligne sur Paracherkaoui.ma\",\"potentialAction\":[{\"@type\":\"SearchAction\",\"target\":{\"@type\":\"EntryPoint\",\"urlTemplate\":\"https:\/\/paracherkaoui.ma\/?s={search_term_string}\"},\"query-input\":{\"@type\":\"PropertyValueSpecification\",\"valueRequired\":true,\"valueName\":\"search_term_string\"}}],\"inLanguage\":\"fr-FR\"}]}<\/script>\r\n<!-- \/ Yoast SEO plugin. -->","yoast_head_json":{"title":"VICHY LIFTACTIV SUPREME VITAMINE C SERUM 20 ML - Paracherkaoui.ma","robots":{"index":"index","follow":"follow","max-snippet":"max-snippet:-1","max-image-preview":"max-image-preview:large","max-video-preview":"max-video-preview:-1"},"canonical":"https:\/\/paracherkaoui.ma\/index.php\/produit\/vichy-liftactiv-supreme-vitamine-c-serum-20-ml\/","og_locale":"fr_FR","og_type":"article","og_title":"VICHY LIFTACTIV SUPREME VITAMINE C SERUM 20 ML - Paracherkaoui.ma","og_description":".elementor-232 .elementor-element.elementor-element-51c9088 .elementor-tab-title, .elementor-232 .elementor-element.elementor-element-51c9088 .elementor-tab-title:before, .elementor-232 .elementor-element.elementor-element-51c9088 .elementor-tab-title:after, .elementor-232 .elementor-element.elementor-element-51c9088 .elementor-tab-content, .elementor-232 .elementor-element.elementor-element-51c9088 .elementor-tabs-content-wrapper{border-width:0.5px;}.elementor-232 .elementor-element.elementor-element-51c9088 .elementor-tab-title{color:#000000;}.elementor-232 .elementor-element.elementor-element-51c9088 .elementor-tab-title.elementor-active{color:#00a28d;}.elementor-232 .elementor-element.elementor-element-51c9088","og_url":"https:\/\/paracherkaoui.ma\/index.php\/produit\/vichy-liftactiv-supreme-vitamine-c-serum-20-ml\/","og_site_name":"Paracherkaoui.ma","article_modified_time":"2025-12-12T16:47:39+00:00","og_image":[{"width":700,"height":700,"url":"https:\/\/paracherkaoui.ma\/wp-content\/uploads\/2025\/12\/vichy-vichy-liftactiv-supreme-vitamine-c-serum-20-ml-peaux-matures.jpg","type":"image\/jpeg"}],"twitter_card":"summary_large_image","twitter_misc":{"Dur\u00e9e de lecture estim\u00e9e":"4 minutes"},"schema":{"@context":"https:\/\/schema.org","@graph":[{"@type":"WebPage","@id":"https:\/\/paracherkaoui.ma\/index.php\/produit\/vichy-liftactiv-supreme-vitamine-c-serum-20-ml\/","url":"https:\/\/paracherkaoui.ma\/index.php\/produit\/vichy-liftactiv-supreme-vitamine-c-serum-20-ml\/","name":"VICHY LIFTACTIV SUPREME VITAMINE C SERUM 20 ML - Paracherkaoui.ma","isPartOf":{"@id":"https:\/\/paracherkaoui.ma\/#website"},"primaryImageOfPage":{"@id":"https:\/\/paracherkaoui.ma\/index.php\/produit\/vichy-liftactiv-supreme-vitamine-c-serum-20-ml\/#primaryimage"},"image":{"@id":"https:\/\/paracherkaoui.ma\/index.php\/produit\/vichy-liftactiv-supreme-vitamine-c-serum-20-ml\/#primaryimage"},"thumbnailUrl":"https:\/\/paracherkaoui.ma\/wp-content\/uploads\/2025\/12\/vichy-vichy-liftactiv-supreme-vitamine-c-serum-20-ml-peaux-matures.jpg","datePublished":"2025-12-12T16:47:37+00:00","dateModified":"2025-12-12T16:47:39+00:00","breadcrumb":{"@id":"https:\/\/paracherkaoui.ma\/index.php\/produit\/vichy-liftactiv-supreme-vitamine-c-serum-20-ml\/#breadcrumb"},"inLanguage":"fr-FR","potentialAction":[{"@type":"ReadAction","target":["https:\/\/paracherkaoui.ma\/index.php\/produit\/vichy-liftactiv-supreme-vitamine-c-serum-20-ml\/"]}]},{"@type":"ImageObject","inLanguage":"fr-FR","@id":"https:\/\/paracherkaoui.ma\/index.php\/produit\/vichy-liftactiv-supreme-vitamine-c-serum-20-ml\/#primaryimage","url":"https:\/\/paracherkaoui.ma\/wp-content\/uploads\/2025\/12\/vichy-vichy-liftactiv-supreme-vitamine-c-serum-20-ml-peaux-matures.jpg","contentUrl":"https:\/\/paracherkaoui.ma\/wp-content\/uploads\/2025\/12\/vichy-vichy-liftactiv-supreme-vitamine-c-serum-20-ml-peaux-matures.jpg","width":700,"height":700},{"@type":"BreadcrumbList","@id":"https:\/\/paracherkaoui.ma\/index.php\/produit\/vichy-liftactiv-supreme-vitamine-c-serum-20-ml\/#breadcrumb","itemListElement":[{"@type":"ListItem","position":1,"name":"Accueil","item":"https:\/\/paracherkaoui.ma\/"},{"@type":"ListItem","position":2,"name":"Boutique","item":"https:\/\/paracherkaoui.ma\/index.php\/boutique\/"},{"@type":"ListItem","position":3,"name":"VICHY LIFTACTIV SUPREME VITAMINE C SERUM 20 ML"}]},{"@type":"WebSite","@id":"https:\/\/paracherkaoui.ma\/#website","url":"https:\/\/paracherkaoui.ma\/","name":"Paracherkaoui.ma","description":"Achetez en ligne sur Paracherkaoui.ma","potentialAction":[{"@type":"SearchAction","target":{"@type":"EntryPoint","urlTemplate":"https:\/\/paracherkaoui.ma\/?s={search_term_string}"},"query-input":{"@type":"PropertyValueSpecification","valueRequired":true,"valueName":"search_term_string"}}],"inLanguage":"fr-FR"}]}},"_links":{"self":[{"href":"https:\/\/paracherkaoui.ma\/index.php\/wp-json\/wp\/v2\/product\/13358","targetHints":{"allow":["GET"]}}],"collection":[{"href":"https:\/\/paracherkaoui.ma\/index.php\/wp-json\/wp\/v2\/product"}],"about":[{"href":"https:\/\/paracherkaoui.ma\/index.php\/wp-json\/wp\/v2\/types\/product"}],"replies":[{"embeddable":true,"href":"https:\/\/paracherkaoui.ma\/index.php\/wp-json\/wp\/v2\/comments?post=13358"}],"version-history":[{"count":1,"href":"https:\/\/paracherkaoui.ma\/index.php\/wp-json\/wp\/v2\/product\/13358\/revisions"}],"predecessor-version":[{"id":13397,"href":"https:\/\/paracherkaoui.ma\/index.php\/wp-json\/wp\/v2\/product\/13358\/revisions\/13397"}],"wp:featuredmedia":[{"embeddable":true,"href":"https:\/\/paracherkaoui.ma\/index.php\/wp-json\/wp\/v2\/media\/13396"}],"wp:attachment":[{"href":"https:\/\/paracherkaoui.ma\/index.php\/wp-json\/wp\/v2\/media?parent=13358"}],"wp:term":[{"taxonomy":"product_brand","embeddable":true,"href":"https:\/\/paracherkaoui.ma\/index.php\/wp-json\/wp\/v2\/product_brand?post=13358"},{"taxonomy":"product_cat","embeddable":true,"href":"https:\/\/paracherkaoui.ma\/index.php\/wp-json\/wp\/v2\/product_cat?post=13358"},{"taxonomy":"product_tag","embeddable":true,"href":"https:\/\/paracherkaoui.ma\/index.php\/wp-json\/wp\/v2\/product_tag?post=13358"}],"curies":[{"name":"wp","href":"https:\/\/api.w.org\/{rel}","templated":true}]}}