{"id":13353,"date":"2025-12-12T17:47:37","date_gmt":"2025-12-12T16:47:37","guid":{"rendered":"https:\/\/test.ecbeaute.com\/?post_type=product&#038;p=13353"},"modified":"2025-12-12T17:47:39","modified_gmt":"2025-12-12T16:47:39","slug":"bioderma-hydrabio-creme-soin-hydratant-texture-riche-50-ml","status":"publish","type":"product","link":"https:\/\/paracherkaoui.ma\/index.php\/produit\/bioderma-hydrabio-creme-soin-hydratant-texture-riche-50-ml\/","title":{"rendered":"BIODERMA HYDRABIO CREME SOIN HYDRATANT TEXTURE RICHE 50 ML"},"content":{"rendered":"<p>Hydrabio Cr\u00e8me &#8211; le soin onctueux g\u00e9n\u00e9rateur d&rsquo;hydratation et d&rsquo;\u00e9clat intense,Hydrate et nourrit en profondeur et durablement. Lisse le grain de peau et r\u00e9v\u00e8le l&rsquo;\u00e9clat du teint. Apporte une sensation de douceur et de confort.Excellente tol\u00e9rance Non com\u00e9dog\u00e8ne Sans parab\u00e8ne Hypoallerg\u00e9nique Formule parfum\u00e9e Parfum frais et l\u00e9ger Excellente base de maquillage. Le complexe biologique brevet\u00e9 Aquagenium est un r\u00e9el g\u00e9n\u00e9rateur d&rsquo;hydratation, imm\u00e9diat et durable : la vitamine PP renforce la r\u00e9sistance de la peau et son imperm\u00e9abilit\u00e9 ; l&rsquo;extrait de p\u00e9pin de pomme stimule l&rsquo;expression des \u00ab\u00a0Aquaporines\u00a0\u00bb, r\u00e9els canaux naturels permettant la circulation de l&rsquo;eau dans la peau. Gr\u00e2ce \u00e0 une \u00e9mulsion inspir\u00e9e de la structure de l&rsquo;\u00e9piderme, les actifs du brevet Aquag\u00e9nium p\u00e9n\u00e8trent profond\u00e9ment et de fa\u00e7on cibl\u00e9e au c\u0153ur celui-ci. La peau retrouve ainsi ses capacit\u00e9s naturelles d&rsquo;hydratation pour un \u00e9clat intense, durablement.- Lisse le grain de peau : En \u00e9liminant les cellules mortes, et en r\u00e9duisant progressivement l&rsquo;\u00e9paisseur de la couche corn\u00e9e, la couche sup\u00e9rieure de la peau, l&rsquo;acide salicylique \u00e9galise et lisse la surface de la peau, qui gagne ainsi durablement en \u00e9clat.- Pr\u00e9vient le vieillissement cutan\u00e9 :La vitamine E contribue \u00e0 prot\u00e9ger la peau du stress oxydatif, des radicaux libres et \u00e0 pr\u00e9venir le vieillissement cutan\u00e9.<\/p>\n","protected":false},"excerpt":{"rendered":"<p>Hydrabio Cr\u00e8me &#8211; le soin onctueux g\u00e9n\u00e9rateur d&rsquo;hydratation et d&rsquo;\u00e9clat intense,Hydrate et nourrit en profondeur et durablement. Lisse le grain<\/p>\n","protected":false},"featured_media":13389,"comment_status":"open","ping_status":"closed","template":"","meta":[],"product_brand":[137],"product_cat":[173],"product_tag":[],"class_list":{"0":"post-13353","1":"product","2":"type-product","3":"status-publish","4":"has-post-thumbnail","6":"product_brand-bioderma","7":"product_cat-cremes-et-soins-visage","9":"first","10":"instock","11":"sale","12":"shipping-taxable","13":"purchasable","14":"product-type-simple"},"yoast_head":"<!-- This site is optimized with the Yoast SEO plugin v26.6 - https:\/\/yoast.com\/wordpress\/plugins\/seo\/ -->\r\n<title>BIODERMA HYDRABIO CREME SOIN HYDRATANT TEXTURE RICHE 50 ML - Paracherkaoui.ma<\/title>\r\n<meta name=\"robots\" content=\"index, follow, max-snippet:-1, max-image-preview:large, max-video-preview:-1\" \/>\r\n<link rel=\"canonical\" href=\"https:\/\/paracherkaoui.ma\/index.php\/produit\/bioderma-hydrabio-creme-soin-hydratant-texture-riche-50-ml\/\" \/>\r\n<meta property=\"og:locale\" content=\"fr_FR\" \/>\r\n<meta property=\"og:type\" content=\"article\" \/>\r\n<meta property=\"og:title\" content=\"BIODERMA HYDRABIO CREME SOIN HYDRATANT TEXTURE RICHE 50 ML - Paracherkaoui.ma\" \/>\r\n<meta property=\"og:description\" content=\"Hydrabio Cr\u00e8me &#8211; le soin onctueux g\u00e9n\u00e9rateur d&rsquo;hydratation et d&rsquo;\u00e9clat intense,Hydrate et nourrit en profondeur et durablement. Lisse le grain\" \/>\r\n<meta property=\"og:url\" content=\"https:\/\/paracherkaoui.ma\/index.php\/produit\/bioderma-hydrabio-creme-soin-hydratant-texture-riche-50-ml\/\" \/>\r\n<meta property=\"og:site_name\" content=\"Paracherkaoui.ma\" \/>\r\n<meta property=\"article:modified_time\" content=\"2025-12-12T16:47:39+00:00\" \/>\r\n<meta property=\"og:image\" content=\"https:\/\/paracherkaoui.ma\/wp-content\/uploads\/2025\/12\/bioderma-bioderma-hydrabio-creme-soin-hydratant-texture-riche-50-ml-cremes-jour.jpg\" \/>\r\n\t<meta property=\"og:image:width\" content=\"700\" \/>\r\n\t<meta property=\"og:image:height\" content=\"700\" \/>\r\n\t<meta property=\"og:image:type\" content=\"image\/jpeg\" \/>\r\n<meta name=\"twitter:card\" content=\"summary_large_image\" \/>\r\n<meta name=\"twitter:label1\" content=\"Dur\u00e9e de lecture estim\u00e9e\" \/>\n\t<meta name=\"twitter:data1\" content=\"1 minute\" \/>\r\n<script type=\"application\/ld+json\" class=\"yoast-schema-graph\">{\"@context\":\"https:\/\/schema.org\",\"@graph\":[{\"@type\":\"WebPage\",\"@id\":\"https:\/\/paracherkaoui.ma\/index.php\/produit\/bioderma-hydrabio-creme-soin-hydratant-texture-riche-50-ml\/\",\"url\":\"https:\/\/paracherkaoui.ma\/index.php\/produit\/bioderma-hydrabio-creme-soin-hydratant-texture-riche-50-ml\/\",\"name\":\"BIODERMA HYDRABIO CREME SOIN HYDRATANT TEXTURE RICHE 50 ML - Paracherkaoui.ma\",\"isPartOf\":{\"@id\":\"https:\/\/paracherkaoui.ma\/#website\"},\"primaryImageOfPage\":{\"@id\":\"https:\/\/paracherkaoui.ma\/index.php\/produit\/bioderma-hydrabio-creme-soin-hydratant-texture-riche-50-ml\/#primaryimage\"},\"image\":{\"@id\":\"https:\/\/paracherkaoui.ma\/index.php\/produit\/bioderma-hydrabio-creme-soin-hydratant-texture-riche-50-ml\/#primaryimage\"},\"thumbnailUrl\":\"https:\/\/paracherkaoui.ma\/wp-content\/uploads\/2025\/12\/bioderma-bioderma-hydrabio-creme-soin-hydratant-texture-riche-50-ml-cremes-jour.jpg\",\"datePublished\":\"2025-12-12T16:47:37+00:00\",\"dateModified\":\"2025-12-12T16:47:39+00:00\",\"breadcrumb\":{\"@id\":\"https:\/\/paracherkaoui.ma\/index.php\/produit\/bioderma-hydrabio-creme-soin-hydratant-texture-riche-50-ml\/#breadcrumb\"},\"inLanguage\":\"fr-FR\",\"potentialAction\":[{\"@type\":\"ReadAction\",\"target\":[\"https:\/\/paracherkaoui.ma\/index.php\/produit\/bioderma-hydrabio-creme-soin-hydratant-texture-riche-50-ml\/\"]}]},{\"@type\":\"ImageObject\",\"inLanguage\":\"fr-FR\",\"@id\":\"https:\/\/paracherkaoui.ma\/index.php\/produit\/bioderma-hydrabio-creme-soin-hydratant-texture-riche-50-ml\/#primaryimage\",\"url\":\"https:\/\/paracherkaoui.ma\/wp-content\/uploads\/2025\/12\/bioderma-bioderma-hydrabio-creme-soin-hydratant-texture-riche-50-ml-cremes-jour.jpg\",\"contentUrl\":\"https:\/\/paracherkaoui.ma\/wp-content\/uploads\/2025\/12\/bioderma-bioderma-hydrabio-creme-soin-hydratant-texture-riche-50-ml-cremes-jour.jpg\",\"width\":700,\"height\":700},{\"@type\":\"BreadcrumbList\",\"@id\":\"https:\/\/paracherkaoui.ma\/index.php\/produit\/bioderma-hydrabio-creme-soin-hydratant-texture-riche-50-ml\/#breadcrumb\",\"itemListElement\":[{\"@type\":\"ListItem\",\"position\":1,\"name\":\"Accueil\",\"item\":\"https:\/\/paracherkaoui.ma\/\"},{\"@type\":\"ListItem\",\"position\":2,\"name\":\"Boutique\",\"item\":\"https:\/\/paracherkaoui.ma\/index.php\/boutique\/\"},{\"@type\":\"ListItem\",\"position\":3,\"name\":\"BIODERMA HYDRABIO CREME SOIN HYDRATANT TEXTURE RICHE 50 ML\"}]},{\"@type\":\"WebSite\",\"@id\":\"https:\/\/paracherkaoui.ma\/#website\",\"url\":\"https:\/\/paracherkaoui.ma\/\",\"name\":\"Paracherkaoui.ma\",\"description\":\"Achetez en ligne sur Paracherkaoui.ma\",\"potentialAction\":[{\"@type\":\"SearchAction\",\"target\":{\"@type\":\"EntryPoint\",\"urlTemplate\":\"https:\/\/paracherkaoui.ma\/?s={search_term_string}\"},\"query-input\":{\"@type\":\"PropertyValueSpecification\",\"valueRequired\":true,\"valueName\":\"search_term_string\"}}],\"inLanguage\":\"fr-FR\"}]}<\/script>\r\n<!-- \/ Yoast SEO plugin. -->","yoast_head_json":{"title":"BIODERMA HYDRABIO CREME SOIN HYDRATANT TEXTURE RICHE 50 ML - Paracherkaoui.ma","robots":{"index":"index","follow":"follow","max-snippet":"max-snippet:-1","max-image-preview":"max-image-preview:large","max-video-preview":"max-video-preview:-1"},"canonical":"https:\/\/paracherkaoui.ma\/index.php\/produit\/bioderma-hydrabio-creme-soin-hydratant-texture-riche-50-ml\/","og_locale":"fr_FR","og_type":"article","og_title":"BIODERMA HYDRABIO CREME SOIN HYDRATANT TEXTURE RICHE 50 ML - Paracherkaoui.ma","og_description":"Hydrabio Cr\u00e8me &#8211; le soin onctueux g\u00e9n\u00e9rateur d&rsquo;hydratation et d&rsquo;\u00e9clat intense,Hydrate et nourrit en profondeur et durablement. Lisse le grain","og_url":"https:\/\/paracherkaoui.ma\/index.php\/produit\/bioderma-hydrabio-creme-soin-hydratant-texture-riche-50-ml\/","og_site_name":"Paracherkaoui.ma","article_modified_time":"2025-12-12T16:47:39+00:00","og_image":[{"width":700,"height":700,"url":"https:\/\/paracherkaoui.ma\/wp-content\/uploads\/2025\/12\/bioderma-bioderma-hydrabio-creme-soin-hydratant-texture-riche-50-ml-cremes-jour.jpg","type":"image\/jpeg"}],"twitter_card":"summary_large_image","twitter_misc":{"Dur\u00e9e de lecture estim\u00e9e":"1 minute"},"schema":{"@context":"https:\/\/schema.org","@graph":[{"@type":"WebPage","@id":"https:\/\/paracherkaoui.ma\/index.php\/produit\/bioderma-hydrabio-creme-soin-hydratant-texture-riche-50-ml\/","url":"https:\/\/paracherkaoui.ma\/index.php\/produit\/bioderma-hydrabio-creme-soin-hydratant-texture-riche-50-ml\/","name":"BIODERMA HYDRABIO CREME SOIN HYDRATANT TEXTURE RICHE 50 ML - Paracherkaoui.ma","isPartOf":{"@id":"https:\/\/paracherkaoui.ma\/#website"},"primaryImageOfPage":{"@id":"https:\/\/paracherkaoui.ma\/index.php\/produit\/bioderma-hydrabio-creme-soin-hydratant-texture-riche-50-ml\/#primaryimage"},"image":{"@id":"https:\/\/paracherkaoui.ma\/index.php\/produit\/bioderma-hydrabio-creme-soin-hydratant-texture-riche-50-ml\/#primaryimage"},"thumbnailUrl":"https:\/\/paracherkaoui.ma\/wp-content\/uploads\/2025\/12\/bioderma-bioderma-hydrabio-creme-soin-hydratant-texture-riche-50-ml-cremes-jour.jpg","datePublished":"2025-12-12T16:47:37+00:00","dateModified":"2025-12-12T16:47:39+00:00","breadcrumb":{"@id":"https:\/\/paracherkaoui.ma\/index.php\/produit\/bioderma-hydrabio-creme-soin-hydratant-texture-riche-50-ml\/#breadcrumb"},"inLanguage":"fr-FR","potentialAction":[{"@type":"ReadAction","target":["https:\/\/paracherkaoui.ma\/index.php\/produit\/bioderma-hydrabio-creme-soin-hydratant-texture-riche-50-ml\/"]}]},{"@type":"ImageObject","inLanguage":"fr-FR","@id":"https:\/\/paracherkaoui.ma\/index.php\/produit\/bioderma-hydrabio-creme-soin-hydratant-texture-riche-50-ml\/#primaryimage","url":"https:\/\/paracherkaoui.ma\/wp-content\/uploads\/2025\/12\/bioderma-bioderma-hydrabio-creme-soin-hydratant-texture-riche-50-ml-cremes-jour.jpg","contentUrl":"https:\/\/paracherkaoui.ma\/wp-content\/uploads\/2025\/12\/bioderma-bioderma-hydrabio-creme-soin-hydratant-texture-riche-50-ml-cremes-jour.jpg","width":700,"height":700},{"@type":"BreadcrumbList","@id":"https:\/\/paracherkaoui.ma\/index.php\/produit\/bioderma-hydrabio-creme-soin-hydratant-texture-riche-50-ml\/#breadcrumb","itemListElement":[{"@type":"ListItem","position":1,"name":"Accueil","item":"https:\/\/paracherkaoui.ma\/"},{"@type":"ListItem","position":2,"name":"Boutique","item":"https:\/\/paracherkaoui.ma\/index.php\/boutique\/"},{"@type":"ListItem","position":3,"name":"BIODERMA HYDRABIO CREME SOIN HYDRATANT TEXTURE RICHE 50 ML"}]},{"@type":"WebSite","@id":"https:\/\/paracherkaoui.ma\/#website","url":"https:\/\/paracherkaoui.ma\/","name":"Paracherkaoui.ma","description":"Achetez en ligne sur Paracherkaoui.ma","potentialAction":[{"@type":"SearchAction","target":{"@type":"EntryPoint","urlTemplate":"https:\/\/paracherkaoui.ma\/?s={search_term_string}"},"query-input":{"@type":"PropertyValueSpecification","valueRequired":true,"valueName":"search_term_string"}}],"inLanguage":"fr-FR"}]}},"_links":{"self":[{"href":"https:\/\/paracherkaoui.ma\/index.php\/wp-json\/wp\/v2\/product\/13353","targetHints":{"allow":["GET"]}}],"collection":[{"href":"https:\/\/paracherkaoui.ma\/index.php\/wp-json\/wp\/v2\/product"}],"about":[{"href":"https:\/\/paracherkaoui.ma\/index.php\/wp-json\/wp\/v2\/types\/product"}],"replies":[{"embeddable":true,"href":"https:\/\/paracherkaoui.ma\/index.php\/wp-json\/wp\/v2\/comments?post=13353"}],"version-history":[{"count":1,"href":"https:\/\/paracherkaoui.ma\/index.php\/wp-json\/wp\/v2\/product\/13353\/revisions"}],"predecessor-version":[{"id":13390,"href":"https:\/\/paracherkaoui.ma\/index.php\/wp-json\/wp\/v2\/product\/13353\/revisions\/13390"}],"wp:featuredmedia":[{"embeddable":true,"href":"https:\/\/paracherkaoui.ma\/index.php\/wp-json\/wp\/v2\/media\/13389"}],"wp:attachment":[{"href":"https:\/\/paracherkaoui.ma\/index.php\/wp-json\/wp\/v2\/media?parent=13353"}],"wp:term":[{"taxonomy":"product_brand","embeddable":true,"href":"https:\/\/paracherkaoui.ma\/index.php\/wp-json\/wp\/v2\/product_brand?post=13353"},{"taxonomy":"product_cat","embeddable":true,"href":"https:\/\/paracherkaoui.ma\/index.php\/wp-json\/wp\/v2\/product_cat?post=13353"},{"taxonomy":"product_tag","embeddable":true,"href":"https:\/\/paracherkaoui.ma\/index.php\/wp-json\/wp\/v2\/product_tag?post=13353"}],"curies":[{"name":"wp","href":"https:\/\/api.w.org\/{rel}","templated":true}]}}