{"id":13348,"date":"2025-12-12T17:47:37","date_gmt":"2025-12-12T16:47:37","guid":{"rendered":"https:\/\/test.ecbeaute.com\/?post_type=product&#038;p=13348"},"modified":"2025-12-12T17:47:38","modified_gmt":"2025-12-12T16:47:38","slug":"uriage-eau-thermale-300-ml-hydratante-apaisante-anti-radicalaire","status":"publish","type":"product","link":"https:\/\/paracherkaoui.ma\/index.php\/produit\/uriage-eau-thermale-300-ml-hydratante-apaisante-anti-radicalaire\/","title":{"rendered":"URIAGE EAU THERMALE 300 ML HYDRATANTE APAISANTE ANTI-RADICALAIRE"},"content":{"rendered":"<p>Le spray d\u2019Eau Thermale d\u2019Uriage\u00a0: 100 % d\u2019Eau Thermale, 100% de bienfaits toujours avec soi\u00a0!<br \/>\nPropri\u00e9tes:<br \/>\nA quelques m\u00e8tres de la source dans un centre de production ultra-moderne, le spray est conditionn\u00e9 \u00e0 la source, en salle st\u00e9rile, sans conservateur, sans parfum et conserve ainsi toute la richesse naturelle et la puret\u00e9 de l\u2019Eau.<br \/>\nPoints forts:<br \/>\nLe spray d\u2019Eau Thermale, c\u2019est l\u2019eau de soin id\u00e9al pour une cure d\u2019oligo-\u00e9l\u00e9ments et de sels min\u00e9raux au quotidien quel que soit le moment, quel que soit le besoin.<br \/>\n&#8211;\u00a0Une eau de soin qui\u00a0soulage<br \/>\nRougeurs, irritations, \u00e9ryth\u00e8mes fessiers, petits traitements chirurgicaux, d\u00e9mangeaisons, coups de soleil, probl\u00e8me de rasage pour les hommes.<br \/>\n&#8211;\u00a0Une eau de soin qui prot\u00e8ge et hydrate<br \/>\nAu quotidien, apr\u00e8s le d\u00e9maquillage, profitez de son action anti-radicalaire.<br \/>\nDe plus, ses propri\u00e9t\u00e9s filmog\u00e8nes et hydratantes laissent la peau particuli\u00e8rement douce et velout\u00e9e.<br \/>\n&#8211;\u00a0Une Eau de soin qui rend la peau plus belle<br \/>\nSon utilisation au quotidien permet \u00e0 la peau de retrouver tout son \u00e9clat et sa vitalit\u00e9.<br \/>\n&#8211;\u00a0Une eau de soin qui rafra\u00eechit et fixe le maquillage<br \/>\nEn voyage, apr\u00e8s le sport, au moment de sortir&#8230; l\u2019Eau Thermale d\u2019Uriage procure du bien \u00eatre au quotidien.<br \/>\nConseils d\u2019utilisation:<br \/>\nPulv\u00e9riser sur la peau autant que n\u00e9cessaire, laissez agir.<br \/>\nNe pas s\u00e9cher, ni tamponner.<br \/>\nComposition:<br \/>\n100 % Eau Thermale d\u2019Uriage.<br \/>\nHaute tol\u00e9rance :\u00a0 Hypoallerg\u00e9nique<br \/>\nPr\u00e9sentation\u00a0:<br \/>\nBrumisateur de 300 ml.<\/p>\n","protected":false},"excerpt":{"rendered":"<p>Le spray d\u2019Eau Thermale d\u2019Uriage\u00a0: 100 % d\u2019Eau Thermale, 100% de bienfaits toujours avec soi\u00a0! Propri\u00e9tes: A quelques m\u00e8tres de<\/p>\n","protected":false},"featured_media":13380,"comment_status":"open","ping_status":"closed","template":"","meta":[],"product_brand":[130],"product_cat":[173],"product_tag":[],"class_list":{"0":"post-13348","1":"product","2":"type-product","3":"status-publish","4":"has-post-thumbnail","6":"product_brand-uriage","7":"product_cat-cremes-et-soins-visage","9":"first","10":"instock","11":"sale","12":"shipping-taxable","13":"purchasable","14":"product-type-simple"},"yoast_head":"<!-- This site is optimized with the Yoast SEO plugin v26.6 - https:\/\/yoast.com\/wordpress\/plugins\/seo\/ -->\r\n<title>URIAGE EAU THERMALE 300 ML HYDRATANTE APAISANTE ANTI-RADICALAIRE - Paracherkaoui.ma<\/title>\r\n<meta name=\"robots\" content=\"index, follow, max-snippet:-1, max-image-preview:large, max-video-preview:-1\" \/>\r\n<link rel=\"canonical\" href=\"https:\/\/paracherkaoui.ma\/index.php\/produit\/uriage-eau-thermale-300-ml-hydratante-apaisante-anti-radicalaire\/\" \/>\r\n<meta property=\"og:locale\" content=\"fr_FR\" \/>\r\n<meta property=\"og:type\" content=\"article\" \/>\r\n<meta property=\"og:title\" content=\"URIAGE EAU THERMALE 300 ML HYDRATANTE APAISANTE ANTI-RADICALAIRE - Paracherkaoui.ma\" \/>\r\n<meta property=\"og:description\" content=\"Le spray d\u2019Eau Thermale d\u2019Uriage\u00a0: 100 % d\u2019Eau Thermale, 100% de bienfaits toujours avec soi\u00a0! Propri\u00e9tes: A quelques m\u00e8tres de\" \/>\r\n<meta property=\"og:url\" content=\"https:\/\/paracherkaoui.ma\/index.php\/produit\/uriage-eau-thermale-300-ml-hydratante-apaisante-anti-radicalaire\/\" \/>\r\n<meta property=\"og:site_name\" content=\"Paracherkaoui.ma\" \/>\r\n<meta property=\"article:modified_time\" content=\"2025-12-12T16:47:38+00:00\" \/>\r\n<meta property=\"og:image\" content=\"https:\/\/paracherkaoui.ma\/wp-content\/uploads\/2025\/12\/uriage-eau-thermale-300-ml-hydratante-apaisante-anti-radicalaire.jpg\" \/>\r\n\t<meta property=\"og:image:width\" content=\"700\" \/>\r\n\t<meta property=\"og:image:height\" content=\"700\" \/>\r\n\t<meta property=\"og:image:type\" content=\"image\/jpeg\" \/>\r\n<meta name=\"twitter:card\" content=\"summary_large_image\" \/>\r\n<meta name=\"twitter:label1\" content=\"Dur\u00e9e de lecture estim\u00e9e\" \/>\n\t<meta name=\"twitter:data1\" content=\"1 minute\" \/>\r\n<script type=\"application\/ld+json\" class=\"yoast-schema-graph\">{\"@context\":\"https:\/\/schema.org\",\"@graph\":[{\"@type\":\"WebPage\",\"@id\":\"https:\/\/paracherkaoui.ma\/index.php\/produit\/uriage-eau-thermale-300-ml-hydratante-apaisante-anti-radicalaire\/\",\"url\":\"https:\/\/paracherkaoui.ma\/index.php\/produit\/uriage-eau-thermale-300-ml-hydratante-apaisante-anti-radicalaire\/\",\"name\":\"URIAGE EAU THERMALE 300 ML HYDRATANTE APAISANTE ANTI-RADICALAIRE - Paracherkaoui.ma\",\"isPartOf\":{\"@id\":\"https:\/\/paracherkaoui.ma\/#website\"},\"primaryImageOfPage\":{\"@id\":\"https:\/\/paracherkaoui.ma\/index.php\/produit\/uriage-eau-thermale-300-ml-hydratante-apaisante-anti-radicalaire\/#primaryimage\"},\"image\":{\"@id\":\"https:\/\/paracherkaoui.ma\/index.php\/produit\/uriage-eau-thermale-300-ml-hydratante-apaisante-anti-radicalaire\/#primaryimage\"},\"thumbnailUrl\":\"https:\/\/paracherkaoui.ma\/wp-content\/uploads\/2025\/12\/uriage-eau-thermale-300-ml-hydratante-apaisante-anti-radicalaire.jpg\",\"datePublished\":\"2025-12-12T16:47:37+00:00\",\"dateModified\":\"2025-12-12T16:47:38+00:00\",\"breadcrumb\":{\"@id\":\"https:\/\/paracherkaoui.ma\/index.php\/produit\/uriage-eau-thermale-300-ml-hydratante-apaisante-anti-radicalaire\/#breadcrumb\"},\"inLanguage\":\"fr-FR\",\"potentialAction\":[{\"@type\":\"ReadAction\",\"target\":[\"https:\/\/paracherkaoui.ma\/index.php\/produit\/uriage-eau-thermale-300-ml-hydratante-apaisante-anti-radicalaire\/\"]}]},{\"@type\":\"ImageObject\",\"inLanguage\":\"fr-FR\",\"@id\":\"https:\/\/paracherkaoui.ma\/index.php\/produit\/uriage-eau-thermale-300-ml-hydratante-apaisante-anti-radicalaire\/#primaryimage\",\"url\":\"https:\/\/paracherkaoui.ma\/wp-content\/uploads\/2025\/12\/uriage-eau-thermale-300-ml-hydratante-apaisante-anti-radicalaire.jpg\",\"contentUrl\":\"https:\/\/paracherkaoui.ma\/wp-content\/uploads\/2025\/12\/uriage-eau-thermale-300-ml-hydratante-apaisante-anti-radicalaire.jpg\",\"width\":700,\"height\":700},{\"@type\":\"BreadcrumbList\",\"@id\":\"https:\/\/paracherkaoui.ma\/index.php\/produit\/uriage-eau-thermale-300-ml-hydratante-apaisante-anti-radicalaire\/#breadcrumb\",\"itemListElement\":[{\"@type\":\"ListItem\",\"position\":1,\"name\":\"Accueil\",\"item\":\"https:\/\/paracherkaoui.ma\/\"},{\"@type\":\"ListItem\",\"position\":2,\"name\":\"Boutique\",\"item\":\"https:\/\/paracherkaoui.ma\/index.php\/boutique\/\"},{\"@type\":\"ListItem\",\"position\":3,\"name\":\"URIAGE EAU THERMALE 300 ML HYDRATANTE APAISANTE ANTI-RADICALAIRE\"}]},{\"@type\":\"WebSite\",\"@id\":\"https:\/\/paracherkaoui.ma\/#website\",\"url\":\"https:\/\/paracherkaoui.ma\/\",\"name\":\"Paracherkaoui.ma\",\"description\":\"Achetez en ligne sur Paracherkaoui.ma\",\"potentialAction\":[{\"@type\":\"SearchAction\",\"target\":{\"@type\":\"EntryPoint\",\"urlTemplate\":\"https:\/\/paracherkaoui.ma\/?s={search_term_string}\"},\"query-input\":{\"@type\":\"PropertyValueSpecification\",\"valueRequired\":true,\"valueName\":\"search_term_string\"}}],\"inLanguage\":\"fr-FR\"}]}<\/script>\r\n<!-- \/ Yoast SEO plugin. -->","yoast_head_json":{"title":"URIAGE EAU THERMALE 300 ML HYDRATANTE APAISANTE ANTI-RADICALAIRE - Paracherkaoui.ma","robots":{"index":"index","follow":"follow","max-snippet":"max-snippet:-1","max-image-preview":"max-image-preview:large","max-video-preview":"max-video-preview:-1"},"canonical":"https:\/\/paracherkaoui.ma\/index.php\/produit\/uriage-eau-thermale-300-ml-hydratante-apaisante-anti-radicalaire\/","og_locale":"fr_FR","og_type":"article","og_title":"URIAGE EAU THERMALE 300 ML HYDRATANTE APAISANTE ANTI-RADICALAIRE - Paracherkaoui.ma","og_description":"Le spray d\u2019Eau Thermale d\u2019Uriage\u00a0: 100 % d\u2019Eau Thermale, 100% de bienfaits toujours avec soi\u00a0! Propri\u00e9tes: A quelques m\u00e8tres de","og_url":"https:\/\/paracherkaoui.ma\/index.php\/produit\/uriage-eau-thermale-300-ml-hydratante-apaisante-anti-radicalaire\/","og_site_name":"Paracherkaoui.ma","article_modified_time":"2025-12-12T16:47:38+00:00","og_image":[{"width":700,"height":700,"url":"https:\/\/paracherkaoui.ma\/wp-content\/uploads\/2025\/12\/uriage-eau-thermale-300-ml-hydratante-apaisante-anti-radicalaire.jpg","type":"image\/jpeg"}],"twitter_card":"summary_large_image","twitter_misc":{"Dur\u00e9e de lecture estim\u00e9e":"1 minute"},"schema":{"@context":"https:\/\/schema.org","@graph":[{"@type":"WebPage","@id":"https:\/\/paracherkaoui.ma\/index.php\/produit\/uriage-eau-thermale-300-ml-hydratante-apaisante-anti-radicalaire\/","url":"https:\/\/paracherkaoui.ma\/index.php\/produit\/uriage-eau-thermale-300-ml-hydratante-apaisante-anti-radicalaire\/","name":"URIAGE EAU THERMALE 300 ML HYDRATANTE APAISANTE ANTI-RADICALAIRE - Paracherkaoui.ma","isPartOf":{"@id":"https:\/\/paracherkaoui.ma\/#website"},"primaryImageOfPage":{"@id":"https:\/\/paracherkaoui.ma\/index.php\/produit\/uriage-eau-thermale-300-ml-hydratante-apaisante-anti-radicalaire\/#primaryimage"},"image":{"@id":"https:\/\/paracherkaoui.ma\/index.php\/produit\/uriage-eau-thermale-300-ml-hydratante-apaisante-anti-radicalaire\/#primaryimage"},"thumbnailUrl":"https:\/\/paracherkaoui.ma\/wp-content\/uploads\/2025\/12\/uriage-eau-thermale-300-ml-hydratante-apaisante-anti-radicalaire.jpg","datePublished":"2025-12-12T16:47:37+00:00","dateModified":"2025-12-12T16:47:38+00:00","breadcrumb":{"@id":"https:\/\/paracherkaoui.ma\/index.php\/produit\/uriage-eau-thermale-300-ml-hydratante-apaisante-anti-radicalaire\/#breadcrumb"},"inLanguage":"fr-FR","potentialAction":[{"@type":"ReadAction","target":["https:\/\/paracherkaoui.ma\/index.php\/produit\/uriage-eau-thermale-300-ml-hydratante-apaisante-anti-radicalaire\/"]}]},{"@type":"ImageObject","inLanguage":"fr-FR","@id":"https:\/\/paracherkaoui.ma\/index.php\/produit\/uriage-eau-thermale-300-ml-hydratante-apaisante-anti-radicalaire\/#primaryimage","url":"https:\/\/paracherkaoui.ma\/wp-content\/uploads\/2025\/12\/uriage-eau-thermale-300-ml-hydratante-apaisante-anti-radicalaire.jpg","contentUrl":"https:\/\/paracherkaoui.ma\/wp-content\/uploads\/2025\/12\/uriage-eau-thermale-300-ml-hydratante-apaisante-anti-radicalaire.jpg","width":700,"height":700},{"@type":"BreadcrumbList","@id":"https:\/\/paracherkaoui.ma\/index.php\/produit\/uriage-eau-thermale-300-ml-hydratante-apaisante-anti-radicalaire\/#breadcrumb","itemListElement":[{"@type":"ListItem","position":1,"name":"Accueil","item":"https:\/\/paracherkaoui.ma\/"},{"@type":"ListItem","position":2,"name":"Boutique","item":"https:\/\/paracherkaoui.ma\/index.php\/boutique\/"},{"@type":"ListItem","position":3,"name":"URIAGE EAU THERMALE 300 ML HYDRATANTE APAISANTE ANTI-RADICALAIRE"}]},{"@type":"WebSite","@id":"https:\/\/paracherkaoui.ma\/#website","url":"https:\/\/paracherkaoui.ma\/","name":"Paracherkaoui.ma","description":"Achetez en ligne sur Paracherkaoui.ma","potentialAction":[{"@type":"SearchAction","target":{"@type":"EntryPoint","urlTemplate":"https:\/\/paracherkaoui.ma\/?s={search_term_string}"},"query-input":{"@type":"PropertyValueSpecification","valueRequired":true,"valueName":"search_term_string"}}],"inLanguage":"fr-FR"}]}},"_links":{"self":[{"href":"https:\/\/paracherkaoui.ma\/index.php\/wp-json\/wp\/v2\/product\/13348","targetHints":{"allow":["GET"]}}],"collection":[{"href":"https:\/\/paracherkaoui.ma\/index.php\/wp-json\/wp\/v2\/product"}],"about":[{"href":"https:\/\/paracherkaoui.ma\/index.php\/wp-json\/wp\/v2\/types\/product"}],"replies":[{"embeddable":true,"href":"https:\/\/paracherkaoui.ma\/index.php\/wp-json\/wp\/v2\/comments?post=13348"}],"version-history":[{"count":1,"href":"https:\/\/paracherkaoui.ma\/index.php\/wp-json\/wp\/v2\/product\/13348\/revisions"}],"predecessor-version":[{"id":13381,"href":"https:\/\/paracherkaoui.ma\/index.php\/wp-json\/wp\/v2\/product\/13348\/revisions\/13381"}],"wp:featuredmedia":[{"embeddable":true,"href":"https:\/\/paracherkaoui.ma\/index.php\/wp-json\/wp\/v2\/media\/13380"}],"wp:attachment":[{"href":"https:\/\/paracherkaoui.ma\/index.php\/wp-json\/wp\/v2\/media?parent=13348"}],"wp:term":[{"taxonomy":"product_brand","embeddable":true,"href":"https:\/\/paracherkaoui.ma\/index.php\/wp-json\/wp\/v2\/product_brand?post=13348"},{"taxonomy":"product_cat","embeddable":true,"href":"https:\/\/paracherkaoui.ma\/index.php\/wp-json\/wp\/v2\/product_cat?post=13348"},{"taxonomy":"product_tag","embeddable":true,"href":"https:\/\/paracherkaoui.ma\/index.php\/wp-json\/wp\/v2\/product_tag?post=13348"}],"curies":[{"name":"wp","href":"https:\/\/api.w.org\/{rel}","templated":true}]}}