{"id":13343,"date":"2025-12-12T17:47:36","date_gmt":"2025-12-12T16:47:36","guid":{"rendered":"https:\/\/test.ecbeaute.com\/?post_type=product&#038;p=13343"},"modified":"2025-12-12T17:47:38","modified_gmt":"2025-12-12T16:47:38","slug":"avene-hydrance-riche-creme-hydratante-40-ml-2","status":"publish","type":"product","link":"https:\/\/paracherkaoui.ma\/index.php\/produit\/avene-hydrance-riche-creme-hydratante-40-ml-2\/","title":{"rendered":"AVENE HYDRANCE RICHE CREME HYDRATANTE 40 ML"},"content":{"rendered":"<p>Hydrance RICHE Cr\u00e8me hydratante apporte \u00e0 l\u2019\u00e9piderme une recharge d\u2019Eau thermale d&rsquo;Av\u00e8ne, pour une peau douce et hydrat\u00e9e durant 24 h. Particuli\u00e8rement indiqu\u00e9e aux peaux sensibles d\u00e9shydrat\u00e9es s\u00e8ches \u00e0 tr\u00e8s s\u00e8ches, Hydrance RICHE Cr\u00e8me hydratante est non collante laisse la peau souple et confortable tout au long de la journ\u00e9e. \u00c9galement disponible avec protection UV SPF30 ou en version teint\u00e9e BB.<br \/>\nLes bienfaits :<br \/>\n\u2022 HYDRATE 24 h en continu. L\u2019action du complexe hydratant d\u2019actifs Cohederm\u2122 brevet\u00e9* d&rsquo;Hydrance RICHE Cr\u00e8me hydratante assure une diffusion optimale de l\u2019Eau thermale d&rsquo;Av\u00e8ne et limite son \u00e9vaporation.<br \/>\n\u2022 ADOUCIT : Cette cr\u00e8me hydratante au subtil parfum frais apporte \u00e0 chaque application une recharge d\u2019Eau thermale d&rsquo;Av\u00e8ne, pour une peau douce et lumineuse.<br \/>\n\u2022 R\u00c9CONFORTE : Sa texture riche et non grasse d\u00e9salt\u00e8re la peau toute la journ\u00e9e et lui redonne souplesse et confort optimal.<\/p>\n<p>Ingr\u00e9dients :<br \/>\nAVENE THERMAL SPRING WATER (AVENE AQUA). MINERAL OIL (PARAFFINUM LIQUIDUM). GLYCERIN. ISOHEXADECANE. DIMETHICONE. CETEARYL ALCOHOL. CARTHAMUS TINCTORIUS (SAFFLOWER) SEED OIL (CARTHAMUS TINCTORIUS SEED OIL). ISOCETYL STEAROYL STEARATE. TRIETHYLHEXANOIN. GLYCERYL STEARATE. PEG-100 STEARATE. 1,2-HEXANEDIOL. BUTYROSPERMUM PARKII (SHEA) BUTTER (BUTYROSPERMUM PARKII BUTTER). CETEARYL GLUCOSIDE. BENZOIC ACID. FRAGRANCE (PARFUM). PHYTOSTEROLS. POLYACRYLATE-13. POLYISOBUTENE. POLYSORBATE 20. SODIUM HYDROXIDE. SORBITAN ISOSTEARATE. WATER (AQUA). XANTHAN GUM<br \/>\nConseils d&rsquo;utilisation:<br \/>\nEtalez une perle d&rsquo;Hydrance RICHE sur le bout de vos doigts, la d\u00e9posez par touches sur le visage et le cou et faites la p\u00e9n\u00e9trer en lissage du bout de vos doigts.<\/p>\n","protected":false},"excerpt":{"rendered":"<p>Hydrance RICHE Cr\u00e8me hydratante apporte \u00e0 l\u2019\u00e9piderme une recharge d\u2019Eau thermale d&rsquo;Av\u00e8ne, pour une peau douce et hydrat\u00e9e durant 24<\/p>\n","protected":false},"featured_media":11159,"comment_status":"open","ping_status":"closed","template":"","meta":[],"product_brand":[136],"product_cat":[173],"product_tag":[],"class_list":{"0":"post-13343","1":"product","2":"type-product","3":"status-publish","4":"has-post-thumbnail","6":"product_brand-avene","7":"product_cat-cremes-et-soins-visage","9":"first","10":"instock","11":"sale","12":"shipping-taxable","13":"purchasable","14":"product-type-simple"},"yoast_head":"<!-- This site is optimized with the Yoast SEO plugin v26.6 - https:\/\/yoast.com\/wordpress\/plugins\/seo\/ -->\r\n<title>AVENE HYDRANCE RICHE CREME HYDRATANTE 40 ML - Paracherkaoui.ma<\/title>\r\n<meta name=\"robots\" content=\"index, follow, max-snippet:-1, max-image-preview:large, max-video-preview:-1\" \/>\r\n<link rel=\"canonical\" href=\"https:\/\/paracherkaoui.ma\/index.php\/produit\/avene-hydrance-riche-creme-hydratante-40-ml-2\/\" \/>\r\n<meta property=\"og:locale\" content=\"fr_FR\" \/>\r\n<meta property=\"og:type\" content=\"article\" \/>\r\n<meta property=\"og:title\" content=\"AVENE HYDRANCE RICHE CREME HYDRATANTE 40 ML - Paracherkaoui.ma\" \/>\r\n<meta property=\"og:description\" content=\"Hydrance RICHE Cr\u00e8me hydratante apporte \u00e0 l\u2019\u00e9piderme une recharge d\u2019Eau thermale d&rsquo;Av\u00e8ne, pour une peau douce et hydrat\u00e9e durant 24\" \/>\r\n<meta property=\"og:url\" content=\"https:\/\/paracherkaoui.ma\/index.php\/produit\/avene-hydrance-riche-creme-hydratante-40-ml-2\/\" \/>\r\n<meta property=\"og:site_name\" content=\"Paracherkaoui.ma\" \/>\r\n<meta property=\"article:modified_time\" content=\"2025-12-12T16:47:38+00:00\" \/>\r\n<meta property=\"og:image\" content=\"https:\/\/paracherkaoui.ma\/wp-content\/uploads\/2025\/12\/avene-avene-hydrance-riche-creme-hydratante-40-ml-cremes-jour.jpg\" \/>\r\n\t<meta property=\"og:image:width\" content=\"700\" \/>\r\n\t<meta property=\"og:image:height\" content=\"700\" \/>\r\n\t<meta property=\"og:image:type\" content=\"image\/jpeg\" \/>\r\n<meta name=\"twitter:card\" content=\"summary_large_image\" \/>\r\n<meta name=\"twitter:label1\" content=\"Dur\u00e9e de lecture estim\u00e9e\" \/>\n\t<meta name=\"twitter:data1\" content=\"1 minute\" \/>\r\n<script type=\"application\/ld+json\" class=\"yoast-schema-graph\">{\"@context\":\"https:\/\/schema.org\",\"@graph\":[{\"@type\":\"WebPage\",\"@id\":\"https:\/\/paracherkaoui.ma\/index.php\/produit\/avene-hydrance-riche-creme-hydratante-40-ml-2\/\",\"url\":\"https:\/\/paracherkaoui.ma\/index.php\/produit\/avene-hydrance-riche-creme-hydratante-40-ml-2\/\",\"name\":\"AVENE HYDRANCE RICHE CREME HYDRATANTE 40 ML - Paracherkaoui.ma\",\"isPartOf\":{\"@id\":\"https:\/\/paracherkaoui.ma\/#website\"},\"primaryImageOfPage\":{\"@id\":\"https:\/\/paracherkaoui.ma\/index.php\/produit\/avene-hydrance-riche-creme-hydratante-40-ml-2\/#primaryimage\"},\"image\":{\"@id\":\"https:\/\/paracherkaoui.ma\/index.php\/produit\/avene-hydrance-riche-creme-hydratante-40-ml-2\/#primaryimage\"},\"thumbnailUrl\":\"https:\/\/paracherkaoui.ma\/wp-content\/uploads\/2025\/12\/avene-avene-hydrance-riche-creme-hydratante-40-ml-cremes-jour.jpg\",\"datePublished\":\"2025-12-12T16:47:36+00:00\",\"dateModified\":\"2025-12-12T16:47:38+00:00\",\"breadcrumb\":{\"@id\":\"https:\/\/paracherkaoui.ma\/index.php\/produit\/avene-hydrance-riche-creme-hydratante-40-ml-2\/#breadcrumb\"},\"inLanguage\":\"fr-FR\",\"potentialAction\":[{\"@type\":\"ReadAction\",\"target\":[\"https:\/\/paracherkaoui.ma\/index.php\/produit\/avene-hydrance-riche-creme-hydratante-40-ml-2\/\"]}]},{\"@type\":\"ImageObject\",\"inLanguage\":\"fr-FR\",\"@id\":\"https:\/\/paracherkaoui.ma\/index.php\/produit\/avene-hydrance-riche-creme-hydratante-40-ml-2\/#primaryimage\",\"url\":\"https:\/\/paracherkaoui.ma\/wp-content\/uploads\/2025\/12\/avene-avene-hydrance-riche-creme-hydratante-40-ml-cremes-jour.jpg\",\"contentUrl\":\"https:\/\/paracherkaoui.ma\/wp-content\/uploads\/2025\/12\/avene-avene-hydrance-riche-creme-hydratante-40-ml-cremes-jour.jpg\",\"width\":700,\"height\":700},{\"@type\":\"BreadcrumbList\",\"@id\":\"https:\/\/paracherkaoui.ma\/index.php\/produit\/avene-hydrance-riche-creme-hydratante-40-ml-2\/#breadcrumb\",\"itemListElement\":[{\"@type\":\"ListItem\",\"position\":1,\"name\":\"Accueil\",\"item\":\"https:\/\/paracherkaoui.ma\/\"},{\"@type\":\"ListItem\",\"position\":2,\"name\":\"Boutique\",\"item\":\"https:\/\/paracherkaoui.ma\/index.php\/boutique\/\"},{\"@type\":\"ListItem\",\"position\":3,\"name\":\"AVENE HYDRANCE RICHE CREME HYDRATANTE 40 ML\"}]},{\"@type\":\"WebSite\",\"@id\":\"https:\/\/paracherkaoui.ma\/#website\",\"url\":\"https:\/\/paracherkaoui.ma\/\",\"name\":\"Paracherkaoui.ma\",\"description\":\"Achetez en ligne sur Paracherkaoui.ma\",\"potentialAction\":[{\"@type\":\"SearchAction\",\"target\":{\"@type\":\"EntryPoint\",\"urlTemplate\":\"https:\/\/paracherkaoui.ma\/?s={search_term_string}\"},\"query-input\":{\"@type\":\"PropertyValueSpecification\",\"valueRequired\":true,\"valueName\":\"search_term_string\"}}],\"inLanguage\":\"fr-FR\"}]}<\/script>\r\n<!-- \/ Yoast SEO plugin. -->","yoast_head_json":{"title":"AVENE HYDRANCE RICHE CREME HYDRATANTE 40 ML - Paracherkaoui.ma","robots":{"index":"index","follow":"follow","max-snippet":"max-snippet:-1","max-image-preview":"max-image-preview:large","max-video-preview":"max-video-preview:-1"},"canonical":"https:\/\/paracherkaoui.ma\/index.php\/produit\/avene-hydrance-riche-creme-hydratante-40-ml-2\/","og_locale":"fr_FR","og_type":"article","og_title":"AVENE HYDRANCE RICHE CREME HYDRATANTE 40 ML - Paracherkaoui.ma","og_description":"Hydrance RICHE Cr\u00e8me hydratante apporte \u00e0 l\u2019\u00e9piderme une recharge d\u2019Eau thermale d&rsquo;Av\u00e8ne, pour une peau douce et hydrat\u00e9e durant 24","og_url":"https:\/\/paracherkaoui.ma\/index.php\/produit\/avene-hydrance-riche-creme-hydratante-40-ml-2\/","og_site_name":"Paracherkaoui.ma","article_modified_time":"2025-12-12T16:47:38+00:00","og_image":[{"width":700,"height":700,"url":"https:\/\/paracherkaoui.ma\/wp-content\/uploads\/2025\/12\/avene-avene-hydrance-riche-creme-hydratante-40-ml-cremes-jour.jpg","type":"image\/jpeg"}],"twitter_card":"summary_large_image","twitter_misc":{"Dur\u00e9e de lecture estim\u00e9e":"1 minute"},"schema":{"@context":"https:\/\/schema.org","@graph":[{"@type":"WebPage","@id":"https:\/\/paracherkaoui.ma\/index.php\/produit\/avene-hydrance-riche-creme-hydratante-40-ml-2\/","url":"https:\/\/paracherkaoui.ma\/index.php\/produit\/avene-hydrance-riche-creme-hydratante-40-ml-2\/","name":"AVENE HYDRANCE RICHE CREME HYDRATANTE 40 ML - Paracherkaoui.ma","isPartOf":{"@id":"https:\/\/paracherkaoui.ma\/#website"},"primaryImageOfPage":{"@id":"https:\/\/paracherkaoui.ma\/index.php\/produit\/avene-hydrance-riche-creme-hydratante-40-ml-2\/#primaryimage"},"image":{"@id":"https:\/\/paracherkaoui.ma\/index.php\/produit\/avene-hydrance-riche-creme-hydratante-40-ml-2\/#primaryimage"},"thumbnailUrl":"https:\/\/paracherkaoui.ma\/wp-content\/uploads\/2025\/12\/avene-avene-hydrance-riche-creme-hydratante-40-ml-cremes-jour.jpg","datePublished":"2025-12-12T16:47:36+00:00","dateModified":"2025-12-12T16:47:38+00:00","breadcrumb":{"@id":"https:\/\/paracherkaoui.ma\/index.php\/produit\/avene-hydrance-riche-creme-hydratante-40-ml-2\/#breadcrumb"},"inLanguage":"fr-FR","potentialAction":[{"@type":"ReadAction","target":["https:\/\/paracherkaoui.ma\/index.php\/produit\/avene-hydrance-riche-creme-hydratante-40-ml-2\/"]}]},{"@type":"ImageObject","inLanguage":"fr-FR","@id":"https:\/\/paracherkaoui.ma\/index.php\/produit\/avene-hydrance-riche-creme-hydratante-40-ml-2\/#primaryimage","url":"https:\/\/paracherkaoui.ma\/wp-content\/uploads\/2025\/12\/avene-avene-hydrance-riche-creme-hydratante-40-ml-cremes-jour.jpg","contentUrl":"https:\/\/paracherkaoui.ma\/wp-content\/uploads\/2025\/12\/avene-avene-hydrance-riche-creme-hydratante-40-ml-cremes-jour.jpg","width":700,"height":700},{"@type":"BreadcrumbList","@id":"https:\/\/paracherkaoui.ma\/index.php\/produit\/avene-hydrance-riche-creme-hydratante-40-ml-2\/#breadcrumb","itemListElement":[{"@type":"ListItem","position":1,"name":"Accueil","item":"https:\/\/paracherkaoui.ma\/"},{"@type":"ListItem","position":2,"name":"Boutique","item":"https:\/\/paracherkaoui.ma\/index.php\/boutique\/"},{"@type":"ListItem","position":3,"name":"AVENE HYDRANCE RICHE CREME HYDRATANTE 40 ML"}]},{"@type":"WebSite","@id":"https:\/\/paracherkaoui.ma\/#website","url":"https:\/\/paracherkaoui.ma\/","name":"Paracherkaoui.ma","description":"Achetez en ligne sur Paracherkaoui.ma","potentialAction":[{"@type":"SearchAction","target":{"@type":"EntryPoint","urlTemplate":"https:\/\/paracherkaoui.ma\/?s={search_term_string}"},"query-input":{"@type":"PropertyValueSpecification","valueRequired":true,"valueName":"search_term_string"}}],"inLanguage":"fr-FR"}]}},"_links":{"self":[{"href":"https:\/\/paracherkaoui.ma\/index.php\/wp-json\/wp\/v2\/product\/13343","targetHints":{"allow":["GET"]}}],"collection":[{"href":"https:\/\/paracherkaoui.ma\/index.php\/wp-json\/wp\/v2\/product"}],"about":[{"href":"https:\/\/paracherkaoui.ma\/index.php\/wp-json\/wp\/v2\/types\/product"}],"replies":[{"embeddable":true,"href":"https:\/\/paracherkaoui.ma\/index.php\/wp-json\/wp\/v2\/comments?post=13343"}],"version-history":[{"count":1,"href":"https:\/\/paracherkaoui.ma\/index.php\/wp-json\/wp\/v2\/product\/13343\/revisions"}],"predecessor-version":[{"id":13373,"href":"https:\/\/paracherkaoui.ma\/index.php\/wp-json\/wp\/v2\/product\/13343\/revisions\/13373"}],"wp:featuredmedia":[{"embeddable":true,"href":"https:\/\/paracherkaoui.ma\/index.php\/wp-json\/wp\/v2\/media\/11159"}],"wp:attachment":[{"href":"https:\/\/paracherkaoui.ma\/index.php\/wp-json\/wp\/v2\/media?parent=13343"}],"wp:term":[{"taxonomy":"product_brand","embeddable":true,"href":"https:\/\/paracherkaoui.ma\/index.php\/wp-json\/wp\/v2\/product_brand?post=13343"},{"taxonomy":"product_cat","embeddable":true,"href":"https:\/\/paracherkaoui.ma\/index.php\/wp-json\/wp\/v2\/product_cat?post=13343"},{"taxonomy":"product_tag","embeddable":true,"href":"https:\/\/paracherkaoui.ma\/index.php\/wp-json\/wp\/v2\/product_tag?post=13343"}],"curies":[{"name":"wp","href":"https:\/\/api.w.org\/{rel}","templated":true}]}}