{"id":13291,"date":"2025-12-12T17:47:30","date_gmt":"2025-12-12T16:47:30","guid":{"rendered":"https:\/\/test.ecbeaute.com\/?post_type=product&#038;p=13291"},"modified":"2025-12-12T17:47:35","modified_gmt":"2025-12-12T16:47:35","slug":"eucerin-dermopure-k10-soin-renovateur-cutane-40-ml","status":"publish","type":"product","link":"https:\/\/paracherkaoui.ma\/index.php\/produit\/eucerin-dermopure-k10-soin-renovateur-cutane-40-ml\/","title":{"rendered":"EUCERIN DERMOPURE K10 SOIN RENOVATEUR CUTANE 40 ML"},"content":{"rendered":"<p>Complexe Hydroxy 10 % \u2013 alli\u00e9 d\u2019excellence : cette concentration cibl\u00e9e d\u2019acides exfoliants (glycolique, salicylique et polyhydroxy) r\u00e9tablit le cycle de renouvellement cellulaire pour d\u00e9sobstruer les pores, \u00e9liminer les cellules mortes et pr\u00e9venir la formation des imperfections<br \/>\nAcide salicylique \u2013 r\u00e9f\u00e9rence anti\u2011boutons : cet exfoliant liposoluble p\u00e9n\u00e8tre le pore, r\u00e9duit l\u2019inflammation et freine la prolif\u00e9ration des bact\u00e9ries responsables de l\u2019acn\u00e9 .<br \/>\nLicochalcone A \u2013 apaise les rougeurs : issu de la r\u00e9glisse, ce calmant naturel aide \u00e0 r\u00e9duire les irritations et \u00e0 renforcer la barri\u00e8re cutan\u00e9e .<br \/>\nChaque goutte de ce soin agit \u00e0 360\u00b0 : les imperfections, boutons et pustules sont att\u00e9nu\u00e9s visiblement, tandis que les marques d\u2019acn\u00e9 s\u2019estompent avec le temps. Les pores apparaissent resserr\u00e9s (96 % des volontaires l\u2019ont confirm\u00e9) et la peau retrouve texture lisse, matit\u00e9 progressive et clart\u00e9 durable . Sa formule non com\u00e9dog\u00e8ne, enrichie en agents hydratants (glyc\u00e9rine, dim\u00e9thicone, panth\u00e9nol), garantit confort et douceur sans effet gras<br \/>\nTest\u00e9 cliniquement sur 160 volontaires et utilis\u00e9 d\u00e8s 7 jours, ce soin est id\u00e9al pour une cure de renouvellement cutan\u00e9 en profondeur . Tube de 40 ml, en format pratique et hygi\u00e9nique.<br \/>\nConseils d\u2019utilisation<br \/>\nNettoyez soigneusement votre visage.<br \/>\nAppliquez 1 fois par jour, de pr\u00e9f\u00e9rence le soir, sur une peau s\u00e8che.<br \/>\nD\u00e9posez une petite quantit\u00e9 (\u00e9quivalent d\u2019un pois) et massez d\u00e9licatement.<br \/>\n\u00c9vitez le contour des yeux.<br \/>\nRessentez un l\u00e9ger picotement ? C\u2019est normal, mais interrompez l\u2019utilisation en cas de persistance.<br \/>\nProtection solaire indispensable le matin et jusqu\u2019\u00e0 7 jours apr\u00e8s la fin de l\u2019utilisation Compatible pendant la grossesse, sauf si vous suivez un traitement contre l\u2019acn\u00e9.<br \/>\nComposition<br \/>\nAqua, Glycolic Acid, Dimethicone, Glycerin, Tapioca Starch, Cetearyl Alcohol, Glyceryl Stearate, Sodium Hydroxide, Gluconolactone, PEG-40 Stearate, Salicylic Acid, PEG-150 Distearate, Glycyrrhiza Inflata Root Extract, Panthenol, Xanthan Gum, Trisodium EDTA, Phenoxyethanol, Parfum.<\/p>\n","protected":false},"excerpt":{"rendered":"<p>Complexe Hydroxy 10 % \u2013 alli\u00e9 d\u2019excellence : cette concentration cibl\u00e9e d\u2019acides exfoliants (glycolique, salicylique et polyhydroxy) r\u00e9tablit le cycle<\/p>\n","protected":false},"featured_media":13335,"comment_status":"open","ping_status":"closed","template":"","meta":[],"product_brand":[134],"product_cat":[173],"product_tag":[],"class_list":{"0":"post-13291","1":"product","2":"type-product","3":"status-publish","4":"has-post-thumbnail","6":"product_brand-eucerin","7":"product_cat-cremes-et-soins-visage","9":"first","10":"instock","11":"sale","12":"shipping-taxable","13":"purchasable","14":"product-type-simple"},"yoast_head":"<!-- This site is optimized with the Yoast SEO plugin v26.6 - https:\/\/yoast.com\/wordpress\/plugins\/seo\/ -->\r\n<title>EUCERIN DERMOPURE K10 SOIN RENOVATEUR CUTANE 40 ML - Paracherkaoui.ma<\/title>\r\n<meta name=\"robots\" content=\"index, follow, max-snippet:-1, max-image-preview:large, max-video-preview:-1\" \/>\r\n<link rel=\"canonical\" href=\"https:\/\/paracherkaoui.ma\/index.php\/produit\/eucerin-dermopure-k10-soin-renovateur-cutane-40-ml\/\" \/>\r\n<meta property=\"og:locale\" content=\"fr_FR\" \/>\r\n<meta property=\"og:type\" content=\"article\" \/>\r\n<meta property=\"og:title\" content=\"EUCERIN DERMOPURE K10 SOIN RENOVATEUR CUTANE 40 ML - Paracherkaoui.ma\" \/>\r\n<meta property=\"og:description\" content=\"Complexe Hydroxy 10 % \u2013 alli\u00e9 d\u2019excellence : cette concentration cibl\u00e9e d\u2019acides exfoliants (glycolique, salicylique et polyhydroxy) r\u00e9tablit le cycle\" \/>\r\n<meta property=\"og:url\" content=\"https:\/\/paracherkaoui.ma\/index.php\/produit\/eucerin-dermopure-k10-soin-renovateur-cutane-40-ml\/\" \/>\r\n<meta property=\"og:site_name\" content=\"Paracherkaoui.ma\" \/>\r\n<meta property=\"article:modified_time\" content=\"2025-12-12T16:47:35+00:00\" \/>\r\n<meta property=\"og:image\" content=\"https:\/\/paracherkaoui.ma\/wp-content\/uploads\/2025\/12\/eucerin-eucerin-dermopure-k10-soin-renovateur-cutane-40-ml-soins-anti-imperfections.jpg\" \/>\r\n\t<meta property=\"og:image:width\" content=\"700\" \/>\r\n\t<meta property=\"og:image:height\" content=\"700\" \/>\r\n\t<meta property=\"og:image:type\" content=\"image\/jpeg\" \/>\r\n<meta name=\"twitter:card\" content=\"summary_large_image\" \/>\r\n<meta name=\"twitter:label1\" content=\"Dur\u00e9e de lecture estim\u00e9e\" \/>\n\t<meta name=\"twitter:data1\" content=\"2 minutes\" \/>\r\n<script type=\"application\/ld+json\" class=\"yoast-schema-graph\">{\"@context\":\"https:\/\/schema.org\",\"@graph\":[{\"@type\":\"WebPage\",\"@id\":\"https:\/\/paracherkaoui.ma\/index.php\/produit\/eucerin-dermopure-k10-soin-renovateur-cutane-40-ml\/\",\"url\":\"https:\/\/paracherkaoui.ma\/index.php\/produit\/eucerin-dermopure-k10-soin-renovateur-cutane-40-ml\/\",\"name\":\"EUCERIN DERMOPURE K10 SOIN RENOVATEUR CUTANE 40 ML - Paracherkaoui.ma\",\"isPartOf\":{\"@id\":\"https:\/\/paracherkaoui.ma\/#website\"},\"primaryImageOfPage\":{\"@id\":\"https:\/\/paracherkaoui.ma\/index.php\/produit\/eucerin-dermopure-k10-soin-renovateur-cutane-40-ml\/#primaryimage\"},\"image\":{\"@id\":\"https:\/\/paracherkaoui.ma\/index.php\/produit\/eucerin-dermopure-k10-soin-renovateur-cutane-40-ml\/#primaryimage\"},\"thumbnailUrl\":\"https:\/\/paracherkaoui.ma\/wp-content\/uploads\/2025\/12\/eucerin-eucerin-dermopure-k10-soin-renovateur-cutane-40-ml-soins-anti-imperfections.jpg\",\"datePublished\":\"2025-12-12T16:47:30+00:00\",\"dateModified\":\"2025-12-12T16:47:35+00:00\",\"breadcrumb\":{\"@id\":\"https:\/\/paracherkaoui.ma\/index.php\/produit\/eucerin-dermopure-k10-soin-renovateur-cutane-40-ml\/#breadcrumb\"},\"inLanguage\":\"fr-FR\",\"potentialAction\":[{\"@type\":\"ReadAction\",\"target\":[\"https:\/\/paracherkaoui.ma\/index.php\/produit\/eucerin-dermopure-k10-soin-renovateur-cutane-40-ml\/\"]}]},{\"@type\":\"ImageObject\",\"inLanguage\":\"fr-FR\",\"@id\":\"https:\/\/paracherkaoui.ma\/index.php\/produit\/eucerin-dermopure-k10-soin-renovateur-cutane-40-ml\/#primaryimage\",\"url\":\"https:\/\/paracherkaoui.ma\/wp-content\/uploads\/2025\/12\/eucerin-eucerin-dermopure-k10-soin-renovateur-cutane-40-ml-soins-anti-imperfections.jpg\",\"contentUrl\":\"https:\/\/paracherkaoui.ma\/wp-content\/uploads\/2025\/12\/eucerin-eucerin-dermopure-k10-soin-renovateur-cutane-40-ml-soins-anti-imperfections.jpg\",\"width\":700,\"height\":700},{\"@type\":\"BreadcrumbList\",\"@id\":\"https:\/\/paracherkaoui.ma\/index.php\/produit\/eucerin-dermopure-k10-soin-renovateur-cutane-40-ml\/#breadcrumb\",\"itemListElement\":[{\"@type\":\"ListItem\",\"position\":1,\"name\":\"Accueil\",\"item\":\"https:\/\/paracherkaoui.ma\/\"},{\"@type\":\"ListItem\",\"position\":2,\"name\":\"Boutique\",\"item\":\"https:\/\/paracherkaoui.ma\/index.php\/boutique\/\"},{\"@type\":\"ListItem\",\"position\":3,\"name\":\"EUCERIN DERMOPURE K10 SOIN RENOVATEUR CUTANE 40 ML\"}]},{\"@type\":\"WebSite\",\"@id\":\"https:\/\/paracherkaoui.ma\/#website\",\"url\":\"https:\/\/paracherkaoui.ma\/\",\"name\":\"Paracherkaoui.ma\",\"description\":\"Achetez en ligne sur Paracherkaoui.ma\",\"potentialAction\":[{\"@type\":\"SearchAction\",\"target\":{\"@type\":\"EntryPoint\",\"urlTemplate\":\"https:\/\/paracherkaoui.ma\/?s={search_term_string}\"},\"query-input\":{\"@type\":\"PropertyValueSpecification\",\"valueRequired\":true,\"valueName\":\"search_term_string\"}}],\"inLanguage\":\"fr-FR\"}]}<\/script>\r\n<!-- \/ Yoast SEO plugin. -->","yoast_head_json":{"title":"EUCERIN DERMOPURE K10 SOIN RENOVATEUR CUTANE 40 ML - Paracherkaoui.ma","robots":{"index":"index","follow":"follow","max-snippet":"max-snippet:-1","max-image-preview":"max-image-preview:large","max-video-preview":"max-video-preview:-1"},"canonical":"https:\/\/paracherkaoui.ma\/index.php\/produit\/eucerin-dermopure-k10-soin-renovateur-cutane-40-ml\/","og_locale":"fr_FR","og_type":"article","og_title":"EUCERIN DERMOPURE K10 SOIN RENOVATEUR CUTANE 40 ML - Paracherkaoui.ma","og_description":"Complexe Hydroxy 10 % \u2013 alli\u00e9 d\u2019excellence : cette concentration cibl\u00e9e d\u2019acides exfoliants (glycolique, salicylique et polyhydroxy) r\u00e9tablit le cycle","og_url":"https:\/\/paracherkaoui.ma\/index.php\/produit\/eucerin-dermopure-k10-soin-renovateur-cutane-40-ml\/","og_site_name":"Paracherkaoui.ma","article_modified_time":"2025-12-12T16:47:35+00:00","og_image":[{"width":700,"height":700,"url":"https:\/\/paracherkaoui.ma\/wp-content\/uploads\/2025\/12\/eucerin-eucerin-dermopure-k10-soin-renovateur-cutane-40-ml-soins-anti-imperfections.jpg","type":"image\/jpeg"}],"twitter_card":"summary_large_image","twitter_misc":{"Dur\u00e9e de lecture estim\u00e9e":"2 minutes"},"schema":{"@context":"https:\/\/schema.org","@graph":[{"@type":"WebPage","@id":"https:\/\/paracherkaoui.ma\/index.php\/produit\/eucerin-dermopure-k10-soin-renovateur-cutane-40-ml\/","url":"https:\/\/paracherkaoui.ma\/index.php\/produit\/eucerin-dermopure-k10-soin-renovateur-cutane-40-ml\/","name":"EUCERIN DERMOPURE K10 SOIN RENOVATEUR CUTANE 40 ML - Paracherkaoui.ma","isPartOf":{"@id":"https:\/\/paracherkaoui.ma\/#website"},"primaryImageOfPage":{"@id":"https:\/\/paracherkaoui.ma\/index.php\/produit\/eucerin-dermopure-k10-soin-renovateur-cutane-40-ml\/#primaryimage"},"image":{"@id":"https:\/\/paracherkaoui.ma\/index.php\/produit\/eucerin-dermopure-k10-soin-renovateur-cutane-40-ml\/#primaryimage"},"thumbnailUrl":"https:\/\/paracherkaoui.ma\/wp-content\/uploads\/2025\/12\/eucerin-eucerin-dermopure-k10-soin-renovateur-cutane-40-ml-soins-anti-imperfections.jpg","datePublished":"2025-12-12T16:47:30+00:00","dateModified":"2025-12-12T16:47:35+00:00","breadcrumb":{"@id":"https:\/\/paracherkaoui.ma\/index.php\/produit\/eucerin-dermopure-k10-soin-renovateur-cutane-40-ml\/#breadcrumb"},"inLanguage":"fr-FR","potentialAction":[{"@type":"ReadAction","target":["https:\/\/paracherkaoui.ma\/index.php\/produit\/eucerin-dermopure-k10-soin-renovateur-cutane-40-ml\/"]}]},{"@type":"ImageObject","inLanguage":"fr-FR","@id":"https:\/\/paracherkaoui.ma\/index.php\/produit\/eucerin-dermopure-k10-soin-renovateur-cutane-40-ml\/#primaryimage","url":"https:\/\/paracherkaoui.ma\/wp-content\/uploads\/2025\/12\/eucerin-eucerin-dermopure-k10-soin-renovateur-cutane-40-ml-soins-anti-imperfections.jpg","contentUrl":"https:\/\/paracherkaoui.ma\/wp-content\/uploads\/2025\/12\/eucerin-eucerin-dermopure-k10-soin-renovateur-cutane-40-ml-soins-anti-imperfections.jpg","width":700,"height":700},{"@type":"BreadcrumbList","@id":"https:\/\/paracherkaoui.ma\/index.php\/produit\/eucerin-dermopure-k10-soin-renovateur-cutane-40-ml\/#breadcrumb","itemListElement":[{"@type":"ListItem","position":1,"name":"Accueil","item":"https:\/\/paracherkaoui.ma\/"},{"@type":"ListItem","position":2,"name":"Boutique","item":"https:\/\/paracherkaoui.ma\/index.php\/boutique\/"},{"@type":"ListItem","position":3,"name":"EUCERIN DERMOPURE K10 SOIN RENOVATEUR CUTANE 40 ML"}]},{"@type":"WebSite","@id":"https:\/\/paracherkaoui.ma\/#website","url":"https:\/\/paracherkaoui.ma\/","name":"Paracherkaoui.ma","description":"Achetez en ligne sur Paracherkaoui.ma","potentialAction":[{"@type":"SearchAction","target":{"@type":"EntryPoint","urlTemplate":"https:\/\/paracherkaoui.ma\/?s={search_term_string}"},"query-input":{"@type":"PropertyValueSpecification","valueRequired":true,"valueName":"search_term_string"}}],"inLanguage":"fr-FR"}]}},"_links":{"self":[{"href":"https:\/\/paracherkaoui.ma\/index.php\/wp-json\/wp\/v2\/product\/13291","targetHints":{"allow":["GET"]}}],"collection":[{"href":"https:\/\/paracherkaoui.ma\/index.php\/wp-json\/wp\/v2\/product"}],"about":[{"href":"https:\/\/paracherkaoui.ma\/index.php\/wp-json\/wp\/v2\/types\/product"}],"replies":[{"embeddable":true,"href":"https:\/\/paracherkaoui.ma\/index.php\/wp-json\/wp\/v2\/comments?post=13291"}],"version-history":[{"count":1,"href":"https:\/\/paracherkaoui.ma\/index.php\/wp-json\/wp\/v2\/product\/13291\/revisions"}],"predecessor-version":[{"id":13336,"href":"https:\/\/paracherkaoui.ma\/index.php\/wp-json\/wp\/v2\/product\/13291\/revisions\/13336"}],"wp:featuredmedia":[{"embeddable":true,"href":"https:\/\/paracherkaoui.ma\/index.php\/wp-json\/wp\/v2\/media\/13335"}],"wp:attachment":[{"href":"https:\/\/paracherkaoui.ma\/index.php\/wp-json\/wp\/v2\/media?parent=13291"}],"wp:term":[{"taxonomy":"product_brand","embeddable":true,"href":"https:\/\/paracherkaoui.ma\/index.php\/wp-json\/wp\/v2\/product_brand?post=13291"},{"taxonomy":"product_cat","embeddable":true,"href":"https:\/\/paracherkaoui.ma\/index.php\/wp-json\/wp\/v2\/product_cat?post=13291"},{"taxonomy":"product_tag","embeddable":true,"href":"https:\/\/paracherkaoui.ma\/index.php\/wp-json\/wp\/v2\/product_tag?post=13291"}],"curies":[{"name":"wp","href":"https:\/\/api.w.org\/{rel}","templated":true}]}}