{"id":13286,"date":"2025-12-12T17:47:30","date_gmt":"2025-12-12T16:47:30","guid":{"rendered":"https:\/\/test.ecbeaute.com\/?post_type=product&#038;p=13286"},"modified":"2025-12-12T17:47:33","modified_gmt":"2025-12-12T16:47:33","slug":"cerave-baume-hydratant-340g-2","status":"publish","type":"product","link":"https:\/\/paracherkaoui.ma\/index.php\/produit\/cerave-baume-hydratant-340g-2\/","title":{"rendered":"CERAVE BAUME HYDRATANT 340G"},"content":{"rendered":"<p>.elementor-206 .elementor-element.elementor-element-678f53d2 .elementor-tab-title, .elementor-206 .elementor-element.elementor-element-678f53d2 .elementor-tab-title:before, .elementor-206 .elementor-element.elementor-element-678f53d2 .elementor-tab-title:after, .elementor-206 .elementor-element.elementor-element-678f53d2 .elementor-tab-content, .elementor-206 .elementor-element.elementor-element-678f53d2 .elementor-tabs-content-wrapper{border-width:0.5px;}.elementor-206 .elementor-element.elementor-element-678f53d2 .elementor-tab-title{color:#000000;}.elementor-206 .elementor-element.elementor-element-678f53d2 .elementor-tab-title.elementor-active{color:#00a28d;}.elementor-206 .elementor-element.elementor-element-678f53d2 .elementor-tab-content{color:#000000;}.elementor-206 .elementor-element.elementor-element-1e776083 .axps-swiper-slider .swiper-slide img{width:auto;}.elementor-206 .elementor-element.elementor-element-1e776083 .wrapper-items:not(.swiper-container-initialized) .item{-ms-flex:0 0 calc(100%\/4);flex:0 0 calc(100%\/4);max-width:calc(100%\/4);}.elementor-206 .elementor-element.elementor-element-1e776083 .wrapper-items .swiper-slide{padding-left:calc(30px\/2);padding-right:calc(30px\/2);}.elementor-206 .elementor-element.elementor-element-1e776083 .wrapper-items .swiper-slide .item-inner{margin-bottom:30px;}.elementor-206 .elementor-element.elementor-element-1e776083 .wrapper-items{margin-left:calc(-30px\/2);margin-right:calc(-30px\/2);}.elementor-206 .elementor-element.elementor-element-1e776083 .swiper-wrapper .item-inner{text-align:center;}.elementor-206 .elementor-element.elementor-element-c0032dc{text-align:center;}.elementor-206 .elementor-element.elementor-element-c0032dc.elementor-widget-heading .elementor-heading-title{color:#000000;}.elementor-206 .elementor-element.elementor-element-c0032dc .elementor-heading-title{font-size:25px;font-weight:900;}.elementor-206 .elementor-element.elementor-element-1f0cb34b{margin-top:-16px;margin-bottom:0px;}.elementor-206 .elementor-element.elementor-element-c88b442 > .elementor-widget-container{margin:-8px 0px 0px 0px;}.elementor-206 .elementor-element.elementor-element-783458d9 > .elementor-widget-container{margin:-8px 0px 0px 0px;}.elementor-206 .elementor-element.elementor-element-7b5db17c > .elementor-widget-container{margin:-8px 0px 0px 0px;}.elementor-206 .elementor-element.elementor-element-65cf7978 > .elementor-widget-container{margin:-8px 0px 0px 0px;}.elementor-206 .elementor-element.elementor-element-25aa8fee > .elementor-widget-container{margin:-8px 0px 0px 0px;}.elementor-206 .elementor-element.elementor-element-ea2a7ec{text-align:center;}.elementor-206 .elementor-element.elementor-element-ea2a7ec.elementor-widget-heading .elementor-heading-title{color:#000000;}.elementor-206 .elementor-element.elementor-element-ea2a7ec .elementor-heading-title{font-size:25px;font-weight:900;}.elementor-206 .elementor-element.elementor-element-7b809c6{margin-top:-16px;margin-bottom:0px;}.elementor-206 .elementor-element.elementor-element-213041e4 > .elementor-widget-container{margin:-46px 0px 0px 0px;}.elementor-206 .elementor-element.elementor-element-4a64918a > .elementor-widget-container{margin:-46px 0px 0px 0px;}.elementor-206 .elementor-element.elementor-element-78dfde09 > .elementor-widget-container{margin:-46px 0px 0px 0px;}@media(max-width:1024px){.elementor-206 .elementor-element.elementor-element-1e776083 .wrapper-items:not(.swiper-container-initialized) .item{-ms-flex:0 0 calc(100%\/4);flex:0 0 calc(100%\/4);max-width:calc(100%\/4);}.elementor-206 .elementor-element.elementor-element-1e776083 .wrapper-items .swiper-slide{padding-left:calc(20px\/2);padding-right:calc(20px\/2);}.elementor-206 .elementor-element.elementor-element-1e776083 .wrapper-items .swiper-slide .item-inner{margin-bottom:20px;}.elementor-206 .elementor-element.elementor-element-1e776083 .wrapper-items{margin-left:calc(-20px\/2);margin-right:calc(-20px\/2);}.elementor-206 .elementor-element.elementor-element-c88b442 > .elementor-widget-container{margin:-33px 0px 0px 0px;}.elementor-206 .elementor-element.elementor-element-783458d9 > .elementor-widget-container{margin:-33px 0px 0px 0px;}.elementor-206 .elementor-element.elementor-element-7b5db17c > .elementor-widget-container{margin:-33px 0px 0px 0px;}.elementor-206 .elementor-element.elementor-element-65cf7978 > .elementor-widget-container{margin:-33px 0px 0px 0px;}.elementor-206 .elementor-element.elementor-element-25aa8fee > .elementor-widget-container{margin:-33px 0px 0px 0px;}.elementor-206 .elementor-element.elementor-element-213041e4 > .elementor-widget-container{margin:-33px 0px 0px 0px;}.elementor-206 .elementor-element.elementor-element-4a64918a > .elementor-widget-container{margin:-33px 0px 0px 0px;}.elementor-206 .elementor-element.elementor-element-78dfde09 > .elementor-widget-container{margin:-33px 0px 0px 0px;}}@media(max-width:767px){.elementor-206 .elementor-element.elementor-element-1e776083 .wrapper-items:not(.swiper-container-initialized) .item{-ms-flex:0 0 calc(100%\/4);flex:0 0 calc(100%\/4);max-width:calc(100%\/4);}.elementor-206 .elementor-element.elementor-element-1e776083 .wrapper-items .swiper-slide{padding-left:calc(10px\/2);padding-right:calc(10px\/2);}.elementor-206 .elementor-element.elementor-element-1e776083 .wrapper-items .swiper-slide .item-inner{margin-bottom:10px;}.elementor-206 .elementor-element.elementor-element-1e776083 .wrapper-items{margin-left:calc(-10px\/2);margin-right:calc(-10px\/2);}.elementor-206 .elementor-element.elementor-element-7698fc19{width:50%;}.elementor-206 .elementor-element.elementor-element-c88b442 > .elementor-widget-container{margin:-26px 0px 0px 0px;}.elementor-206 .elementor-element.elementor-element-5fa6e3d3{width:50%;}.elementor-206 .elementor-element.elementor-element-783458d9 > .elementor-widget-container{margin:-26px 0px 0px 0px;}.elementor-206 .elementor-element.elementor-element-42547a57{width:50%;}.elementor-206 .elementor-element.elementor-element-7b5db17c > .elementor-widget-container{margin:-26px 0px 0px 0px;}.elementor-206 .elementor-element.elementor-element-7ba886ba{width:50%;}.elementor-206 .elementor-element.elementor-element-65cf7978 > .elementor-widget-container{margin:-26px 0px 0px 0px;}.elementor-206 .elementor-element.elementor-element-44d7ae2c{width:50%;}.elementor-206 .elementor-element.elementor-element-25aa8fee > .elementor-widget-container{margin:-26px 0px 0px 0px;}.elementor-206 .elementor-element.elementor-element-38e822bc{width:50%;}.elementor-206 .elementor-element.elementor-element-213041e4 > .elementor-widget-container{margin:-26px 0px 0px 0px;}.elementor-206 .elementor-element.elementor-element-71705681{width:50%;}.elementor-206 .elementor-element.elementor-element-4a64918a > .elementor-widget-container{margin:-26px 0px 0px 0px;}.elementor-206 .elementor-element.elementor-element-230ac15b{width:50%;}.elementor-206 .elementor-element.elementor-element-78dfde09 > .elementor-widget-container{margin:-26px 0px 0px 0px;}}<br \/>\nDescription<br \/>\nConseils d&rsquo;utilisation<br \/>\nComposition<br \/>\nDescription<br \/>\nSa\u00a0formule riche, non grasse et rapidement absorb\u00e9e, est enrichie en\u00a03 c\u00e9ramides essentiels (1, 3, 6-II),\u00a0acide hyaluronique\u00a0et\u00a0glyc\u00e9rine, pour apaiser, adoucir et renforcer la peau d\u00e8s la premi\u00e8re application. Gr\u00e2ce \u00e0 la\u00a0technologie MVE, les actifs sont lib\u00e9r\u00e9s progressivement pour une action prolong\u00e9e, id\u00e9ale en cas de s\u00e9cheresse chronique ou de tiraillements.<br \/>\nSans parfum,\u00a0hypoallerg\u00e9nique,\u00a0non-com\u00e9dog\u00e8ne, ce soin convient \u00e0 toute la famille (adultes et enfants), pour le\u00a0visage, le\u00a0corps\u00a0et m\u00eame les\u00a0mains. Approuv\u00e9 par l\u2019Association Fran\u00e7aise de l\u2019Ecz\u00e9ma, il est parfaitement adapt\u00e9 aux peaux atopiques.<br \/>\nR\u00e9sultat :\u00a0une peau douce, lisse, hydrat\u00e9e et prot\u00e9g\u00e9e durablement. Apr\u00e8s seulement 4 semaines d\u2019utilisation, une r\u00e9duction de 80% de la s\u00e9cheresse cutan\u00e9e a \u00e9t\u00e9 cliniquement observ\u00e9e*.<br \/>\nConseils d&rsquo;utilisation<br \/>\nAppliquez g\u00e9n\u00e9reusement le baume sur une peau propre et s\u00e8che.<br \/>\nUtilisez matin et soir, ou aussi souvent que n\u00e9cessaire.<br \/>\nId\u00e9al apr\u00e8s la douche pour renforcer l\u2019efficacit\u00e9.<br \/>\nConvient au\u00a0visage,\u00a0corps\u00a0et\u00a0mains\u00a0\u2013 \u00e9vitez le contour des yeux.<br \/>\nComposition<br \/>\nAqua\/Water, Glycerin, Cetearyl Alcohol, Phenoxyethanol, Stearyl Alcohol, Cetyl Alcohol, PEG-40 Stearate, Behentrimonium Methosulfate, Glyceryl Stearate, Polysorbate 20, Ethylhexylglycerin, Potassium Phosphate, Disodium EDTA, Dipotassium Phosphate, Sodium Lauroyl Lactylate, Ceramide NP, Ceramide AP, Phytosphingosine, Cholesterol, Sodium Hyaluronate, Xanthan Gum, Carbomer, Tocopherol, Ceramide EOP<br \/>\nVotre Routine Cerave<br \/>\nAjouter au Panier<br \/>\nAjouter au Panier<br \/>\nAjouter au Panier<br \/>\nAjouter au Panier<br \/>\nAjouter au Panier<br \/>\nSoins Similaires<br \/>\nAjouter au Panier<br \/>\nAjouter au Panier<br \/>\nAjouter au Panier<\/p>\n","protected":false},"excerpt":{"rendered":"<p>.elementor-206 .elementor-element.elementor-element-678f53d2 .elementor-tab-title, .elementor-206 .elementor-element.elementor-element-678f53d2 .elementor-tab-title:before, .elementor-206 .elementor-element.elementor-element-678f53d2 .elementor-tab-title:after, .elementor-206 .elementor-element.elementor-element-678f53d2 .elementor-tab-content, .elementor-206 .elementor-element.elementor-element-678f53d2 .elementor-tabs-content-wrapper{border-width:0.5px;}.elementor-206 .elementor-element.elementor-element-678f53d2 .elementor-tab-title{color:#000000;}.elementor-206 .elementor-element.elementor-element-678f53d2 .elementor-tab-title.elementor-active{color:#00a28d;}.elementor-206 .elementor-element.elementor-element-678f53d2<\/p>\n","protected":false},"featured_media":11125,"comment_status":"open","ping_status":"closed","template":"","meta":[],"product_brand":[131],"product_cat":[173],"product_tag":[],"class_list":{"0":"post-13286","1":"product","2":"type-product","3":"status-publish","4":"has-post-thumbnail","6":"product_brand-cerave","7":"product_cat-cremes-et-soins-visage","9":"first","10":"instock","11":"sale","12":"shipping-taxable","13":"purchasable","14":"product-type-simple"},"yoast_head":"<!-- This site is optimized with the Yoast SEO plugin v26.6 - https:\/\/yoast.com\/wordpress\/plugins\/seo\/ -->\r\n<title>CERAVE BAUME HYDRATANT 340G - Paracherkaoui.ma<\/title>\r\n<meta name=\"robots\" content=\"index, follow, max-snippet:-1, max-image-preview:large, max-video-preview:-1\" \/>\r\n<link rel=\"canonical\" href=\"https:\/\/paracherkaoui.ma\/index.php\/produit\/cerave-baume-hydratant-340g-2\/\" \/>\r\n<meta property=\"og:locale\" content=\"fr_FR\" \/>\r\n<meta property=\"og:type\" content=\"article\" \/>\r\n<meta property=\"og:title\" content=\"CERAVE BAUME HYDRATANT 340G - Paracherkaoui.ma\" \/>\r\n<meta property=\"og:description\" content=\".elementor-206 .elementor-element.elementor-element-678f53d2 .elementor-tab-title, .elementor-206 .elementor-element.elementor-element-678f53d2 .elementor-tab-title:before, .elementor-206 .elementor-element.elementor-element-678f53d2 .elementor-tab-title:after, .elementor-206 .elementor-element.elementor-element-678f53d2 .elementor-tab-content, .elementor-206 .elementor-element.elementor-element-678f53d2 .elementor-tabs-content-wrapper{border-width:0.5px;}.elementor-206 .elementor-element.elementor-element-678f53d2 .elementor-tab-title{color:#000000;}.elementor-206 .elementor-element.elementor-element-678f53d2 .elementor-tab-title.elementor-active{color:#00a28d;}.elementor-206 .elementor-element.elementor-element-678f53d2\" \/>\r\n<meta property=\"og:url\" content=\"https:\/\/paracherkaoui.ma\/index.php\/produit\/cerave-baume-hydratant-340g-2\/\" \/>\r\n<meta property=\"og:site_name\" content=\"Paracherkaoui.ma\" \/>\r\n<meta property=\"article:modified_time\" content=\"2025-12-12T16:47:33+00:00\" \/>\r\n<meta property=\"og:image\" content=\"https:\/\/paracherkaoui.ma\/wp-content\/uploads\/2025\/12\/cerave-cerave-baume-hydratant-340g-hydratation-corps.jpg\" \/>\r\n\t<meta property=\"og:image:width\" content=\"700\" \/>\r\n\t<meta property=\"og:image:height\" content=\"700\" \/>\r\n\t<meta property=\"og:image:type\" content=\"image\/jpeg\" \/>\r\n<meta name=\"twitter:card\" content=\"summary_large_image\" \/>\r\n<meta name=\"twitter:label1\" content=\"Dur\u00e9e de lecture estim\u00e9e\" \/>\n\t<meta name=\"twitter:data1\" content=\"4 minutes\" \/>\r\n<script type=\"application\/ld+json\" class=\"yoast-schema-graph\">{\"@context\":\"https:\/\/schema.org\",\"@graph\":[{\"@type\":\"WebPage\",\"@id\":\"https:\/\/paracherkaoui.ma\/index.php\/produit\/cerave-baume-hydratant-340g-2\/\",\"url\":\"https:\/\/paracherkaoui.ma\/index.php\/produit\/cerave-baume-hydratant-340g-2\/\",\"name\":\"CERAVE BAUME HYDRATANT 340G - Paracherkaoui.ma\",\"isPartOf\":{\"@id\":\"https:\/\/paracherkaoui.ma\/#website\"},\"primaryImageOfPage\":{\"@id\":\"https:\/\/paracherkaoui.ma\/index.php\/produit\/cerave-baume-hydratant-340g-2\/#primaryimage\"},\"image\":{\"@id\":\"https:\/\/paracherkaoui.ma\/index.php\/produit\/cerave-baume-hydratant-340g-2\/#primaryimage\"},\"thumbnailUrl\":\"https:\/\/paracherkaoui.ma\/wp-content\/uploads\/2025\/12\/cerave-cerave-baume-hydratant-340g-hydratation-corps.jpg\",\"datePublished\":\"2025-12-12T16:47:30+00:00\",\"dateModified\":\"2025-12-12T16:47:33+00:00\",\"breadcrumb\":{\"@id\":\"https:\/\/paracherkaoui.ma\/index.php\/produit\/cerave-baume-hydratant-340g-2\/#breadcrumb\"},\"inLanguage\":\"fr-FR\",\"potentialAction\":[{\"@type\":\"ReadAction\",\"target\":[\"https:\/\/paracherkaoui.ma\/index.php\/produit\/cerave-baume-hydratant-340g-2\/\"]}]},{\"@type\":\"ImageObject\",\"inLanguage\":\"fr-FR\",\"@id\":\"https:\/\/paracherkaoui.ma\/index.php\/produit\/cerave-baume-hydratant-340g-2\/#primaryimage\",\"url\":\"https:\/\/paracherkaoui.ma\/wp-content\/uploads\/2025\/12\/cerave-cerave-baume-hydratant-340g-hydratation-corps.jpg\",\"contentUrl\":\"https:\/\/paracherkaoui.ma\/wp-content\/uploads\/2025\/12\/cerave-cerave-baume-hydratant-340g-hydratation-corps.jpg\",\"width\":700,\"height\":700},{\"@type\":\"BreadcrumbList\",\"@id\":\"https:\/\/paracherkaoui.ma\/index.php\/produit\/cerave-baume-hydratant-340g-2\/#breadcrumb\",\"itemListElement\":[{\"@type\":\"ListItem\",\"position\":1,\"name\":\"Accueil\",\"item\":\"https:\/\/paracherkaoui.ma\/\"},{\"@type\":\"ListItem\",\"position\":2,\"name\":\"Boutique\",\"item\":\"https:\/\/paracherkaoui.ma\/index.php\/boutique\/\"},{\"@type\":\"ListItem\",\"position\":3,\"name\":\"CERAVE BAUME HYDRATANT 340G\"}]},{\"@type\":\"WebSite\",\"@id\":\"https:\/\/paracherkaoui.ma\/#website\",\"url\":\"https:\/\/paracherkaoui.ma\/\",\"name\":\"Paracherkaoui.ma\",\"description\":\"Achetez en ligne sur Paracherkaoui.ma\",\"potentialAction\":[{\"@type\":\"SearchAction\",\"target\":{\"@type\":\"EntryPoint\",\"urlTemplate\":\"https:\/\/paracherkaoui.ma\/?s={search_term_string}\"},\"query-input\":{\"@type\":\"PropertyValueSpecification\",\"valueRequired\":true,\"valueName\":\"search_term_string\"}}],\"inLanguage\":\"fr-FR\"}]}<\/script>\r\n<!-- \/ Yoast SEO plugin. -->","yoast_head_json":{"title":"CERAVE BAUME HYDRATANT 340G - Paracherkaoui.ma","robots":{"index":"index","follow":"follow","max-snippet":"max-snippet:-1","max-image-preview":"max-image-preview:large","max-video-preview":"max-video-preview:-1"},"canonical":"https:\/\/paracherkaoui.ma\/index.php\/produit\/cerave-baume-hydratant-340g-2\/","og_locale":"fr_FR","og_type":"article","og_title":"CERAVE BAUME HYDRATANT 340G - Paracherkaoui.ma","og_description":".elementor-206 .elementor-element.elementor-element-678f53d2 .elementor-tab-title, .elementor-206 .elementor-element.elementor-element-678f53d2 .elementor-tab-title:before, .elementor-206 .elementor-element.elementor-element-678f53d2 .elementor-tab-title:after, .elementor-206 .elementor-element.elementor-element-678f53d2 .elementor-tab-content, .elementor-206 .elementor-element.elementor-element-678f53d2 .elementor-tabs-content-wrapper{border-width:0.5px;}.elementor-206 .elementor-element.elementor-element-678f53d2 .elementor-tab-title{color:#000000;}.elementor-206 .elementor-element.elementor-element-678f53d2 .elementor-tab-title.elementor-active{color:#00a28d;}.elementor-206 .elementor-element.elementor-element-678f53d2","og_url":"https:\/\/paracherkaoui.ma\/index.php\/produit\/cerave-baume-hydratant-340g-2\/","og_site_name":"Paracherkaoui.ma","article_modified_time":"2025-12-12T16:47:33+00:00","og_image":[{"width":700,"height":700,"url":"https:\/\/paracherkaoui.ma\/wp-content\/uploads\/2025\/12\/cerave-cerave-baume-hydratant-340g-hydratation-corps.jpg","type":"image\/jpeg"}],"twitter_card":"summary_large_image","twitter_misc":{"Dur\u00e9e de lecture estim\u00e9e":"4 minutes"},"schema":{"@context":"https:\/\/schema.org","@graph":[{"@type":"WebPage","@id":"https:\/\/paracherkaoui.ma\/index.php\/produit\/cerave-baume-hydratant-340g-2\/","url":"https:\/\/paracherkaoui.ma\/index.php\/produit\/cerave-baume-hydratant-340g-2\/","name":"CERAVE BAUME HYDRATANT 340G - Paracherkaoui.ma","isPartOf":{"@id":"https:\/\/paracherkaoui.ma\/#website"},"primaryImageOfPage":{"@id":"https:\/\/paracherkaoui.ma\/index.php\/produit\/cerave-baume-hydratant-340g-2\/#primaryimage"},"image":{"@id":"https:\/\/paracherkaoui.ma\/index.php\/produit\/cerave-baume-hydratant-340g-2\/#primaryimage"},"thumbnailUrl":"https:\/\/paracherkaoui.ma\/wp-content\/uploads\/2025\/12\/cerave-cerave-baume-hydratant-340g-hydratation-corps.jpg","datePublished":"2025-12-12T16:47:30+00:00","dateModified":"2025-12-12T16:47:33+00:00","breadcrumb":{"@id":"https:\/\/paracherkaoui.ma\/index.php\/produit\/cerave-baume-hydratant-340g-2\/#breadcrumb"},"inLanguage":"fr-FR","potentialAction":[{"@type":"ReadAction","target":["https:\/\/paracherkaoui.ma\/index.php\/produit\/cerave-baume-hydratant-340g-2\/"]}]},{"@type":"ImageObject","inLanguage":"fr-FR","@id":"https:\/\/paracherkaoui.ma\/index.php\/produit\/cerave-baume-hydratant-340g-2\/#primaryimage","url":"https:\/\/paracherkaoui.ma\/wp-content\/uploads\/2025\/12\/cerave-cerave-baume-hydratant-340g-hydratation-corps.jpg","contentUrl":"https:\/\/paracherkaoui.ma\/wp-content\/uploads\/2025\/12\/cerave-cerave-baume-hydratant-340g-hydratation-corps.jpg","width":700,"height":700},{"@type":"BreadcrumbList","@id":"https:\/\/paracherkaoui.ma\/index.php\/produit\/cerave-baume-hydratant-340g-2\/#breadcrumb","itemListElement":[{"@type":"ListItem","position":1,"name":"Accueil","item":"https:\/\/paracherkaoui.ma\/"},{"@type":"ListItem","position":2,"name":"Boutique","item":"https:\/\/paracherkaoui.ma\/index.php\/boutique\/"},{"@type":"ListItem","position":3,"name":"CERAVE BAUME HYDRATANT 340G"}]},{"@type":"WebSite","@id":"https:\/\/paracherkaoui.ma\/#website","url":"https:\/\/paracherkaoui.ma\/","name":"Paracherkaoui.ma","description":"Achetez en ligne sur Paracherkaoui.ma","potentialAction":[{"@type":"SearchAction","target":{"@type":"EntryPoint","urlTemplate":"https:\/\/paracherkaoui.ma\/?s={search_term_string}"},"query-input":{"@type":"PropertyValueSpecification","valueRequired":true,"valueName":"search_term_string"}}],"inLanguage":"fr-FR"}]}},"_links":{"self":[{"href":"https:\/\/paracherkaoui.ma\/index.php\/wp-json\/wp\/v2\/product\/13286","targetHints":{"allow":["GET"]}}],"collection":[{"href":"https:\/\/paracherkaoui.ma\/index.php\/wp-json\/wp\/v2\/product"}],"about":[{"href":"https:\/\/paracherkaoui.ma\/index.php\/wp-json\/wp\/v2\/types\/product"}],"replies":[{"embeddable":true,"href":"https:\/\/paracherkaoui.ma\/index.php\/wp-json\/wp\/v2\/comments?post=13286"}],"version-history":[{"count":1,"href":"https:\/\/paracherkaoui.ma\/index.php\/wp-json\/wp\/v2\/product\/13286\/revisions"}],"predecessor-version":[{"id":13326,"href":"https:\/\/paracherkaoui.ma\/index.php\/wp-json\/wp\/v2\/product\/13286\/revisions\/13326"}],"wp:featuredmedia":[{"embeddable":true,"href":"https:\/\/paracherkaoui.ma\/index.php\/wp-json\/wp\/v2\/media\/11125"}],"wp:attachment":[{"href":"https:\/\/paracherkaoui.ma\/index.php\/wp-json\/wp\/v2\/media?parent=13286"}],"wp:term":[{"taxonomy":"product_brand","embeddable":true,"href":"https:\/\/paracherkaoui.ma\/index.php\/wp-json\/wp\/v2\/product_brand?post=13286"},{"taxonomy":"product_cat","embeddable":true,"href":"https:\/\/paracherkaoui.ma\/index.php\/wp-json\/wp\/v2\/product_cat?post=13286"},{"taxonomy":"product_tag","embeddable":true,"href":"https:\/\/paracherkaoui.ma\/index.php\/wp-json\/wp\/v2\/product_tag?post=13286"}],"curies":[{"name":"wp","href":"https:\/\/api.w.org\/{rel}","templated":true}]}}