{"id":13281,"date":"2025-12-12T17:47:30","date_gmt":"2025-12-12T16:47:30","guid":{"rendered":"https:\/\/test.ecbeaute.com\/?post_type=product&#038;p=13281"},"modified":"2025-12-12T17:47:32","modified_gmt":"2025-12-12T16:47:32","slug":"avene-cicalfate-soin-hydratant-reparateur-40-ml","status":"publish","type":"product","link":"https:\/\/paracherkaoui.ma\/index.php\/produit\/avene-cicalfate-soin-hydratant-reparateur-40-ml\/","title":{"rendered":"AVENE CICALFATE+ SOIN HYDRATANT REPARATEUR 40 ML"},"content":{"rendered":"<p>Une cr\u00e8me r\u00e9paratrice pour peau fragilis\u00e9e qui hydrate, apaise, et assainit les peaux sensibilis\u00e9es par un acte dermatologique superficiel (peeling, laser, microneedling\u2026) ou par un tatouage. Destin\u00e9 \u00e0 la peau sensible du visage et du corps de l\u2019adulte et compos\u00e9 de 91% d\u2019ingr\u00e9dients d\u2019origine naturelle, Cicalfate+ Soin hydratant r\u00e9parateur aide \u00e0 diminuer les inconforts (\u00e9chauffements, picotements\u2026), hydrate durablement et contribue \u00e0 une r\u00e9paration rapide de la peau. Sa formule sur-mesure \u00e0 la texture fluide sans parfum est tr\u00e8s bien tol\u00e9r\u00e9e par les peaux irrit\u00e9es et fragilis\u00e9es.<\/p>\n<p>*Favorise la r\u00e9paration \u00e9pidermique.<br \/>\n*Tatouage apr\u00e8s r\u00e9-\u00e9pidermisation.<br \/>\nLes bienfaits :<br \/>\n\u2022 APAISE imm\u00e9diatement les peaux irrit\u00e9es et fragilis\u00e9es.<br \/>\n\u2022 HYDRATE durablement (24h d\u2019hydratation).<br \/>\n\u2022 R\u00c9PARE d\u00e8s 48h et RESTAURE la barri\u00e8re cutan\u00e9e.<br \/>\nConseils d&rsquo;utilisation:<br \/>\nSuite \u00e0 un acte dermatologique superficiel, appliquez au moins 2 fois par jour Cicalfate Emulsion r\u00e9paratrice POST-ACTE pour apaiser les irritations, rougeurs et \u00e9chauffements de la peau du visage et\/ou du corps.<br \/>\nIngr\u00e9dients :<br \/>\nALCOHOL. NIACINAMIDE. C20-22 ALKYL PHOSPHATE. C20-22 ALCOHOLS. BUTYROSPERMUM PARKII (SHEA) BUTTER (BUTYROSPERMUM PARKII BUTTER). AQUAPHILUS DOLOMIAE FERMENT FILTRATE. ARGININE. CAPRYLYL GLYCOL. CETEARYL GLUCOSIDE. COPPER SULFATE. SODIUM BENZOATE. SODIUM HYALURONATE. SODIUM HYDROXIDE. TOCOPHERYL ACETATE. TROMETHAMINE. XANTHAN GUM. ZINC SULFATE<\/p>\n","protected":false},"excerpt":{"rendered":"<p>Une cr\u00e8me r\u00e9paratrice pour peau fragilis\u00e9e qui hydrate, apaise, et assainit les peaux sensibilis\u00e9es par un acte dermatologique superficiel (peeling,<\/p>\n","protected":false},"featured_media":13318,"comment_status":"open","ping_status":"closed","template":"","meta":[],"product_brand":[136],"product_cat":[173],"product_tag":[],"class_list":{"0":"post-13281","1":"product","2":"type-product","3":"status-publish","4":"has-post-thumbnail","6":"product_brand-avene","7":"product_cat-cremes-et-soins-visage","9":"first","10":"instock","11":"sale","12":"shipping-taxable","13":"purchasable","14":"product-type-simple"},"yoast_head":"<!-- This site is optimized with the Yoast SEO plugin v26.6 - https:\/\/yoast.com\/wordpress\/plugins\/seo\/ -->\r\n<title>AVENE CICALFATE+ SOIN HYDRATANT REPARATEUR 40 ML - Paracherkaoui.ma<\/title>\r\n<meta name=\"robots\" content=\"index, follow, max-snippet:-1, max-image-preview:large, max-video-preview:-1\" \/>\r\n<link rel=\"canonical\" href=\"https:\/\/paracherkaoui.ma\/index.php\/produit\/avene-cicalfate-soin-hydratant-reparateur-40-ml\/\" \/>\r\n<meta property=\"og:locale\" content=\"fr_FR\" \/>\r\n<meta property=\"og:type\" content=\"article\" \/>\r\n<meta property=\"og:title\" content=\"AVENE CICALFATE+ SOIN HYDRATANT REPARATEUR 40 ML - Paracherkaoui.ma\" \/>\r\n<meta property=\"og:description\" content=\"Une cr\u00e8me r\u00e9paratrice pour peau fragilis\u00e9e qui hydrate, apaise, et assainit les peaux sensibilis\u00e9es par un acte dermatologique superficiel (peeling,\" \/>\r\n<meta property=\"og:url\" content=\"https:\/\/paracherkaoui.ma\/index.php\/produit\/avene-cicalfate-soin-hydratant-reparateur-40-ml\/\" \/>\r\n<meta property=\"og:site_name\" content=\"Paracherkaoui.ma\" \/>\r\n<meta property=\"article:modified_time\" content=\"2025-12-12T16:47:32+00:00\" \/>\r\n<meta property=\"og:image\" content=\"https:\/\/paracherkaoui.ma\/wp-content\/uploads\/2025\/12\/avene-avene-cicalfate-soin-hydratant-reparateur-40-ml-home.jpg\" \/>\r\n\t<meta property=\"og:image:width\" content=\"700\" \/>\r\n\t<meta property=\"og:image:height\" content=\"700\" \/>\r\n\t<meta property=\"og:image:type\" content=\"image\/jpeg\" \/>\r\n<meta name=\"twitter:card\" content=\"summary_large_image\" \/>\r\n<meta name=\"twitter:label1\" content=\"Dur\u00e9e de lecture estim\u00e9e\" \/>\n\t<meta name=\"twitter:data1\" content=\"1 minute\" \/>\r\n<script type=\"application\/ld+json\" class=\"yoast-schema-graph\">{\"@context\":\"https:\/\/schema.org\",\"@graph\":[{\"@type\":\"WebPage\",\"@id\":\"https:\/\/paracherkaoui.ma\/index.php\/produit\/avene-cicalfate-soin-hydratant-reparateur-40-ml\/\",\"url\":\"https:\/\/paracherkaoui.ma\/index.php\/produit\/avene-cicalfate-soin-hydratant-reparateur-40-ml\/\",\"name\":\"AVENE CICALFATE+ SOIN HYDRATANT REPARATEUR 40 ML - Paracherkaoui.ma\",\"isPartOf\":{\"@id\":\"https:\/\/paracherkaoui.ma\/#website\"},\"primaryImageOfPage\":{\"@id\":\"https:\/\/paracherkaoui.ma\/index.php\/produit\/avene-cicalfate-soin-hydratant-reparateur-40-ml\/#primaryimage\"},\"image\":{\"@id\":\"https:\/\/paracherkaoui.ma\/index.php\/produit\/avene-cicalfate-soin-hydratant-reparateur-40-ml\/#primaryimage\"},\"thumbnailUrl\":\"https:\/\/paracherkaoui.ma\/wp-content\/uploads\/2025\/12\/avene-avene-cicalfate-soin-hydratant-reparateur-40-ml-home.jpg\",\"datePublished\":\"2025-12-12T16:47:30+00:00\",\"dateModified\":\"2025-12-12T16:47:32+00:00\",\"breadcrumb\":{\"@id\":\"https:\/\/paracherkaoui.ma\/index.php\/produit\/avene-cicalfate-soin-hydratant-reparateur-40-ml\/#breadcrumb\"},\"inLanguage\":\"fr-FR\",\"potentialAction\":[{\"@type\":\"ReadAction\",\"target\":[\"https:\/\/paracherkaoui.ma\/index.php\/produit\/avene-cicalfate-soin-hydratant-reparateur-40-ml\/\"]}]},{\"@type\":\"ImageObject\",\"inLanguage\":\"fr-FR\",\"@id\":\"https:\/\/paracherkaoui.ma\/index.php\/produit\/avene-cicalfate-soin-hydratant-reparateur-40-ml\/#primaryimage\",\"url\":\"https:\/\/paracherkaoui.ma\/wp-content\/uploads\/2025\/12\/avene-avene-cicalfate-soin-hydratant-reparateur-40-ml-home.jpg\",\"contentUrl\":\"https:\/\/paracherkaoui.ma\/wp-content\/uploads\/2025\/12\/avene-avene-cicalfate-soin-hydratant-reparateur-40-ml-home.jpg\",\"width\":700,\"height\":700},{\"@type\":\"BreadcrumbList\",\"@id\":\"https:\/\/paracherkaoui.ma\/index.php\/produit\/avene-cicalfate-soin-hydratant-reparateur-40-ml\/#breadcrumb\",\"itemListElement\":[{\"@type\":\"ListItem\",\"position\":1,\"name\":\"Accueil\",\"item\":\"https:\/\/paracherkaoui.ma\/\"},{\"@type\":\"ListItem\",\"position\":2,\"name\":\"Boutique\",\"item\":\"https:\/\/paracherkaoui.ma\/index.php\/boutique\/\"},{\"@type\":\"ListItem\",\"position\":3,\"name\":\"AVENE CICALFATE+ SOIN HYDRATANT REPARATEUR 40 ML\"}]},{\"@type\":\"WebSite\",\"@id\":\"https:\/\/paracherkaoui.ma\/#website\",\"url\":\"https:\/\/paracherkaoui.ma\/\",\"name\":\"Paracherkaoui.ma\",\"description\":\"Achetez en ligne sur Paracherkaoui.ma\",\"potentialAction\":[{\"@type\":\"SearchAction\",\"target\":{\"@type\":\"EntryPoint\",\"urlTemplate\":\"https:\/\/paracherkaoui.ma\/?s={search_term_string}\"},\"query-input\":{\"@type\":\"PropertyValueSpecification\",\"valueRequired\":true,\"valueName\":\"search_term_string\"}}],\"inLanguage\":\"fr-FR\"}]}<\/script>\r\n<!-- \/ Yoast SEO plugin. -->","yoast_head_json":{"title":"AVENE CICALFATE+ SOIN HYDRATANT REPARATEUR 40 ML - Paracherkaoui.ma","robots":{"index":"index","follow":"follow","max-snippet":"max-snippet:-1","max-image-preview":"max-image-preview:large","max-video-preview":"max-video-preview:-1"},"canonical":"https:\/\/paracherkaoui.ma\/index.php\/produit\/avene-cicalfate-soin-hydratant-reparateur-40-ml\/","og_locale":"fr_FR","og_type":"article","og_title":"AVENE CICALFATE+ SOIN HYDRATANT REPARATEUR 40 ML - Paracherkaoui.ma","og_description":"Une cr\u00e8me r\u00e9paratrice pour peau fragilis\u00e9e qui hydrate, apaise, et assainit les peaux sensibilis\u00e9es par un acte dermatologique superficiel (peeling,","og_url":"https:\/\/paracherkaoui.ma\/index.php\/produit\/avene-cicalfate-soin-hydratant-reparateur-40-ml\/","og_site_name":"Paracherkaoui.ma","article_modified_time":"2025-12-12T16:47:32+00:00","og_image":[{"width":700,"height":700,"url":"https:\/\/paracherkaoui.ma\/wp-content\/uploads\/2025\/12\/avene-avene-cicalfate-soin-hydratant-reparateur-40-ml-home.jpg","type":"image\/jpeg"}],"twitter_card":"summary_large_image","twitter_misc":{"Dur\u00e9e de lecture estim\u00e9e":"1 minute"},"schema":{"@context":"https:\/\/schema.org","@graph":[{"@type":"WebPage","@id":"https:\/\/paracherkaoui.ma\/index.php\/produit\/avene-cicalfate-soin-hydratant-reparateur-40-ml\/","url":"https:\/\/paracherkaoui.ma\/index.php\/produit\/avene-cicalfate-soin-hydratant-reparateur-40-ml\/","name":"AVENE CICALFATE+ SOIN HYDRATANT REPARATEUR 40 ML - Paracherkaoui.ma","isPartOf":{"@id":"https:\/\/paracherkaoui.ma\/#website"},"primaryImageOfPage":{"@id":"https:\/\/paracherkaoui.ma\/index.php\/produit\/avene-cicalfate-soin-hydratant-reparateur-40-ml\/#primaryimage"},"image":{"@id":"https:\/\/paracherkaoui.ma\/index.php\/produit\/avene-cicalfate-soin-hydratant-reparateur-40-ml\/#primaryimage"},"thumbnailUrl":"https:\/\/paracherkaoui.ma\/wp-content\/uploads\/2025\/12\/avene-avene-cicalfate-soin-hydratant-reparateur-40-ml-home.jpg","datePublished":"2025-12-12T16:47:30+00:00","dateModified":"2025-12-12T16:47:32+00:00","breadcrumb":{"@id":"https:\/\/paracherkaoui.ma\/index.php\/produit\/avene-cicalfate-soin-hydratant-reparateur-40-ml\/#breadcrumb"},"inLanguage":"fr-FR","potentialAction":[{"@type":"ReadAction","target":["https:\/\/paracherkaoui.ma\/index.php\/produit\/avene-cicalfate-soin-hydratant-reparateur-40-ml\/"]}]},{"@type":"ImageObject","inLanguage":"fr-FR","@id":"https:\/\/paracherkaoui.ma\/index.php\/produit\/avene-cicalfate-soin-hydratant-reparateur-40-ml\/#primaryimage","url":"https:\/\/paracherkaoui.ma\/wp-content\/uploads\/2025\/12\/avene-avene-cicalfate-soin-hydratant-reparateur-40-ml-home.jpg","contentUrl":"https:\/\/paracherkaoui.ma\/wp-content\/uploads\/2025\/12\/avene-avene-cicalfate-soin-hydratant-reparateur-40-ml-home.jpg","width":700,"height":700},{"@type":"BreadcrumbList","@id":"https:\/\/paracherkaoui.ma\/index.php\/produit\/avene-cicalfate-soin-hydratant-reparateur-40-ml\/#breadcrumb","itemListElement":[{"@type":"ListItem","position":1,"name":"Accueil","item":"https:\/\/paracherkaoui.ma\/"},{"@type":"ListItem","position":2,"name":"Boutique","item":"https:\/\/paracherkaoui.ma\/index.php\/boutique\/"},{"@type":"ListItem","position":3,"name":"AVENE CICALFATE+ SOIN HYDRATANT REPARATEUR 40 ML"}]},{"@type":"WebSite","@id":"https:\/\/paracherkaoui.ma\/#website","url":"https:\/\/paracherkaoui.ma\/","name":"Paracherkaoui.ma","description":"Achetez en ligne sur Paracherkaoui.ma","potentialAction":[{"@type":"SearchAction","target":{"@type":"EntryPoint","urlTemplate":"https:\/\/paracherkaoui.ma\/?s={search_term_string}"},"query-input":{"@type":"PropertyValueSpecification","valueRequired":true,"valueName":"search_term_string"}}],"inLanguage":"fr-FR"}]}},"_links":{"self":[{"href":"https:\/\/paracherkaoui.ma\/index.php\/wp-json\/wp\/v2\/product\/13281","targetHints":{"allow":["GET"]}}],"collection":[{"href":"https:\/\/paracherkaoui.ma\/index.php\/wp-json\/wp\/v2\/product"}],"about":[{"href":"https:\/\/paracherkaoui.ma\/index.php\/wp-json\/wp\/v2\/types\/product"}],"replies":[{"embeddable":true,"href":"https:\/\/paracherkaoui.ma\/index.php\/wp-json\/wp\/v2\/comments?post=13281"}],"version-history":[{"count":1,"href":"https:\/\/paracherkaoui.ma\/index.php\/wp-json\/wp\/v2\/product\/13281\/revisions"}],"predecessor-version":[{"id":13319,"href":"https:\/\/paracherkaoui.ma\/index.php\/wp-json\/wp\/v2\/product\/13281\/revisions\/13319"}],"wp:featuredmedia":[{"embeddable":true,"href":"https:\/\/paracherkaoui.ma\/index.php\/wp-json\/wp\/v2\/media\/13318"}],"wp:attachment":[{"href":"https:\/\/paracherkaoui.ma\/index.php\/wp-json\/wp\/v2\/media?parent=13281"}],"wp:term":[{"taxonomy":"product_brand","embeddable":true,"href":"https:\/\/paracherkaoui.ma\/index.php\/wp-json\/wp\/v2\/product_brand?post=13281"},{"taxonomy":"product_cat","embeddable":true,"href":"https:\/\/paracherkaoui.ma\/index.php\/wp-json\/wp\/v2\/product_cat?post=13281"},{"taxonomy":"product_tag","embeddable":true,"href":"https:\/\/paracherkaoui.ma\/index.php\/wp-json\/wp\/v2\/product_tag?post=13281"}],"curies":[{"name":"wp","href":"https:\/\/api.w.org\/{rel}","templated":true}]}}