{"id":13271,"date":"2025-12-12T17:47:30","date_gmt":"2025-12-12T16:47:30","guid":{"rendered":"https:\/\/test.ecbeaute.com\/?post_type=product&#038;p=13271"},"modified":"2025-12-12T17:47:31","modified_gmt":"2025-12-12T16:47:31","slug":"cerave-baume-hydratant-50-ml-2","status":"publish","type":"product","link":"https:\/\/paracherkaoui.ma\/index.php\/produit\/cerave-baume-hydratant-50-ml-2\/","title":{"rendered":"CERAVE BAUME HYDRATANT 50 ML"},"content":{"rendered":"<p>.elementor-204 .elementor-element.elementor-element-70c25ea .elementor-tab-title, .elementor-204 .elementor-element.elementor-element-70c25ea .elementor-tab-title:before, .elementor-204 .elementor-element.elementor-element-70c25ea .elementor-tab-title:after, .elementor-204 .elementor-element.elementor-element-70c25ea .elementor-tab-content, .elementor-204 .elementor-element.elementor-element-70c25ea .elementor-tabs-content-wrapper{border-width:0.5px;}.elementor-204 .elementor-element.elementor-element-70c25ea .elementor-tab-title{color:#000000;}.elementor-204 .elementor-element.elementor-element-70c25ea .elementor-tab-title.elementor-active{color:#00a28d;}.elementor-204 .elementor-element.elementor-element-70c25ea .elementor-tab-content{color:#000000;}.elementor-204 .elementor-element.elementor-element-090f3b2 .axps-swiper-slider .swiper-slide img{width:auto;}.elementor-204 .elementor-element.elementor-element-090f3b2 .wrapper-items:not(.swiper-container-initialized) .item{-ms-flex:0 0 calc(100%\/4);flex:0 0 calc(100%\/4);max-width:calc(100%\/4);}.elementor-204 .elementor-element.elementor-element-090f3b2 .wrapper-items .swiper-slide{padding-left:calc(30px\/2);padding-right:calc(30px\/2);}.elementor-204 .elementor-element.elementor-element-090f3b2 .wrapper-items .swiper-slide .item-inner{margin-bottom:30px;}.elementor-204 .elementor-element.elementor-element-090f3b2 .wrapper-items{margin-left:calc(-30px\/2);margin-right:calc(-30px\/2);}.elementor-204 .elementor-element.elementor-element-090f3b2 .swiper-wrapper .item-inner{text-align:center;}.elementor-204 .elementor-element.elementor-element-3340df6{text-align:center;}.elementor-204 .elementor-element.elementor-element-3340df6.elementor-widget-heading .elementor-heading-title{color:#000000;}.elementor-204 .elementor-element.elementor-element-3340df6 .elementor-heading-title{font-size:25px;font-weight:900;}.elementor-204 .elementor-element.elementor-element-50e07425{margin-top:-16px;margin-bottom:0px;}.elementor-204 .elementor-element.elementor-element-1058a056 > .elementor-widget-container{margin:-46px 0px 0px 0px;}.elementor-204 .elementor-element.elementor-element-4d95499 > .elementor-widget-container{margin:-46px 0px 0px 0px;}.elementor-204 .elementor-element.elementor-element-15061f1 > .elementor-widget-container{margin:-46px 0px 0px 0px;}.elementor-204 .elementor-element.elementor-element-da3f27b > .elementor-widget-container{margin:-46px 0px 0px 0px;}.elementor-204 .elementor-element.elementor-element-e46abef > .elementor-widget-container{margin:-46px 0px 0px 0px;}.elementor-204 .elementor-element.elementor-element-edaa029{text-align:center;}.elementor-204 .elementor-element.elementor-element-edaa029.elementor-widget-heading .elementor-heading-title{color:#000000;}.elementor-204 .elementor-element.elementor-element-edaa029 .elementor-heading-title{font-size:25px;font-weight:900;}.elementor-204 .elementor-element.elementor-element-6f70e30{margin-top:-16px;margin-bottom:0px;}.elementor-204 .elementor-element.elementor-element-6302e6f > .elementor-widget-container{margin:-46px 0px 0px 0px;}.elementor-204 .elementor-element.elementor-element-d3622fc > .elementor-widget-container{margin:-46px 0px 0px 0px;}.elementor-204 .elementor-element.elementor-element-6ce8c46 > .elementor-widget-container{margin:-46px 0px 0px 0px;}@media(max-width:1024px){.elementor-204 .elementor-element.elementor-element-090f3b2 .wrapper-items:not(.swiper-container-initialized) .item{-ms-flex:0 0 calc(100%\/4);flex:0 0 calc(100%\/4);max-width:calc(100%\/4);}.elementor-204 .elementor-element.elementor-element-090f3b2 .wrapper-items .swiper-slide{padding-left:calc(20px\/2);padding-right:calc(20px\/2);}.elementor-204 .elementor-element.elementor-element-090f3b2 .wrapper-items .swiper-slide .item-inner{margin-bottom:20px;}.elementor-204 .elementor-element.elementor-element-090f3b2 .wrapper-items{margin-left:calc(-20px\/2);margin-right:calc(-20px\/2);}.elementor-204 .elementor-element.elementor-element-1058a056 > .elementor-widget-container{margin:-33px 0px 0px 0px;}.elementor-204 .elementor-element.elementor-element-4d95499 > .elementor-widget-container{margin:-33px 0px 0px 0px;}.elementor-204 .elementor-element.elementor-element-15061f1 > .elementor-widget-container{margin:-33px 0px 0px 0px;}.elementor-204 .elementor-element.elementor-element-da3f27b > .elementor-widget-container{margin:-33px 0px 0px 0px;}.elementor-204 .elementor-element.elementor-element-e46abef > .elementor-widget-container{margin:-33px 0px 0px 0px;}.elementor-204 .elementor-element.elementor-element-6302e6f > .elementor-widget-container{margin:-33px 0px 0px 0px;}.elementor-204 .elementor-element.elementor-element-d3622fc > .elementor-widget-container{margin:-33px 0px 0px 0px;}.elementor-204 .elementor-element.elementor-element-6ce8c46 > .elementor-widget-container{margin:-33px 0px 0px 0px;}}@media(max-width:767px){.elementor-204 .elementor-element.elementor-element-090f3b2 .wrapper-items:not(.swiper-container-initialized) .item{-ms-flex:0 0 calc(100%\/4);flex:0 0 calc(100%\/4);max-width:calc(100%\/4);}.elementor-204 .elementor-element.elementor-element-090f3b2 .wrapper-items .swiper-slide{padding-left:calc(10px\/2);padding-right:calc(10px\/2);}.elementor-204 .elementor-element.elementor-element-090f3b2 .wrapper-items .swiper-slide .item-inner{margin-bottom:10px;}.elementor-204 .elementor-element.elementor-element-090f3b2 .wrapper-items{margin-left:calc(-10px\/2);margin-right:calc(-10px\/2);}.elementor-204 .elementor-element.elementor-element-2fe337e3{width:50%;}.elementor-204 .elementor-element.elementor-element-1058a056 > .elementor-widget-container{margin:-26px 0px 0px 0px;}.elementor-204 .elementor-element.elementor-element-c877bf9{width:50%;}.elementor-204 .elementor-element.elementor-element-4d95499 > .elementor-widget-container{margin:-26px 0px 0px 0px;}.elementor-204 .elementor-element.elementor-element-1f68639{width:50%;}.elementor-204 .elementor-element.elementor-element-15061f1 > .elementor-widget-container{margin:-26px 0px 0px 0px;}.elementor-204 .elementor-element.elementor-element-9dd09fc{width:50%;}.elementor-204 .elementor-element.elementor-element-da3f27b > .elementor-widget-container{margin:-26px 0px 0px 0px;}.elementor-204 .elementor-element.elementor-element-1c9ccee{width:50%;}.elementor-204 .elementor-element.elementor-element-e46abef > .elementor-widget-container{margin:-26px 0px 0px 0px;}.elementor-204 .elementor-element.elementor-element-0e4c42f{width:50%;}.elementor-204 .elementor-element.elementor-element-6302e6f > .elementor-widget-container{margin:-26px 0px 0px 0px;}.elementor-204 .elementor-element.elementor-element-8103811{width:50%;}.elementor-204 .elementor-element.elementor-element-d3622fc > .elementor-widget-container{margin:-26px 0px 0px 0px;}.elementor-204 .elementor-element.elementor-element-435edd6{width:50%;}.elementor-204 .elementor-element.elementor-element-6ce8c46 > .elementor-widget-container{margin:-26px 0px 0px 0px;}}<br \/>\nDescription<br \/>\nConseils d&rsquo;utilisation<br \/>\nComposition<br \/>\nDescription<br \/>\nGr\u00e2ce \u00e0 sa\u00a0formule riche en 3 c\u00e9ramides essentiels (1, 3 et 6-II), ce soin favorise la r\u00e9g\u00e9n\u00e9ration naturelle de l\u2019\u00e9piderme, tandis que l\u2019acide hyaluronique\u00a0et la\u00a0glyc\u00e9rine\u00a0agissent en synergie pour capter et maintenir l\u2019hydratation pendant 24 heures. Son efficacit\u00e9 est renforc\u00e9e par la\u00a0technologie brevet\u00e9e MVE, qui assure une diffusion continue des actifs tout au long de la journ\u00e9e.<br \/>\nHypoallerg\u00e9nique, sans parfum, sans parab\u00e8nes et\u00a0non-com\u00e9dog\u00e8ne, ce baume est parfaitement tol\u00e9r\u00e9, m\u00eame par les peaux sujettes \u00e0 l\u2019ecz\u00e9ma. Son format 50ml pratique le rend id\u00e9al \u00e0 emporter partout pour soulager la s\u00e9cheresse cutan\u00e9e en toutes circonstances.<br \/>\nR\u00e9sultat ?\u00a0Une peau intens\u00e9ment nourrie, apais\u00e9e, douce et visiblement plus souple d\u00e8s les premi\u00e8res applications. Cliniquement prouv\u00e9 : apr\u00e8s 4 semaines d\u2019utilisation, 80 % de la s\u00e9cheresse cutan\u00e9e est r\u00e9duite*.<br \/>\nConseils d&rsquo;utilisation<br \/>\nNettoyez votre peau avec un soin lavant doux comme la\u00a0cr\u00e8me lavante CeraVe.<br \/>\nAppliquez le baume sur peau propre et s\u00e8che ou l\u00e9g\u00e8rement humide.<br \/>\nMassez d\u00e9licatement jusqu&rsquo;\u00e0 absorption compl\u00e8te. Utilisation recommand\u00e9e sur le visage, le corps et les mains.<br \/>\nRenouvelez l&rsquo;application aussi souvent que n\u00e9cessaire, notamment apr\u00e8s la douche ou en p\u00e9riode de s\u00e9cheresse accrue.<br \/>\nComposition<br \/>\nAQUA\/WATER, GLYCERIN, CETEARYL ALCOHOL, PHENOXYETHANOL, STEARYL ALCOHOL, CETYL ALCOHOL, PEG-40 STEARATE, BEHENTRIMONIUM METHOSULFATE, GLYCERYL STEARATE, POLYSORBATE 20, ETHYLHEXYLGLYCERIN, POTASSIUM PHOSPHATE, DISODIUM EDTA, DIPOTASSIUM PHOSPHATE, SODIUM LAUROYL LACTYLATE, CERAMIDE NP, CERAMIDE AP, PHYTOSPHINGOSINE, CHOLESTEROL, SODIUM HYALURONATE, XANTHAN GUM, CARBOMER, TOCOPHEROL, CERAMIDE EOP<br \/>\nVotre Routine Cerave<br \/>\nAjouter au Panier<br \/>\nAjouter au Panier<br \/>\nAjouter au Panier<br \/>\nAjouter au Panier<br \/>\nAjouter au Panier<br \/>\nSoins Similaires<br \/>\nAjouter au Panier<br \/>\nAjouter au Panier<br \/>\nAjouter au Panier<\/p>\n","protected":false},"excerpt":{"rendered":"<p>.elementor-204 .elementor-element.elementor-element-70c25ea .elementor-tab-title, .elementor-204 .elementor-element.elementor-element-70c25ea .elementor-tab-title:before, .elementor-204 .elementor-element.elementor-element-70c25ea .elementor-tab-title:after, .elementor-204 .elementor-element.elementor-element-70c25ea .elementor-tab-content, .elementor-204 .elementor-element.elementor-element-70c25ea .elementor-tabs-content-wrapper{border-width:0.5px;}.elementor-204 .elementor-element.elementor-element-70c25ea .elementor-tab-title{color:#000000;}.elementor-204 .elementor-element.elementor-element-70c25ea .elementor-tab-title.elementor-active{color:#00a28d;}.elementor-204 .elementor-element.elementor-element-70c25ea<\/p>\n","protected":false},"featured_media":11133,"comment_status":"open","ping_status":"closed","template":"","meta":[],"product_brand":[131],"product_cat":[173],"product_tag":[],"class_list":{"0":"post-13271","1":"product","2":"type-product","3":"status-publish","4":"has-post-thumbnail","6":"product_brand-cerave","7":"product_cat-cremes-et-soins-visage","9":"first","10":"instock","11":"sale","12":"shipping-taxable","13":"purchasable","14":"product-type-simple"},"yoast_head":"<!-- This site is optimized with the Yoast SEO plugin v26.6 - https:\/\/yoast.com\/wordpress\/plugins\/seo\/ -->\r\n<title>CERAVE BAUME HYDRATANT 50 ML - Paracherkaoui.ma<\/title>\r\n<meta name=\"robots\" content=\"index, follow, max-snippet:-1, max-image-preview:large, max-video-preview:-1\" \/>\r\n<link rel=\"canonical\" href=\"https:\/\/paracherkaoui.ma\/index.php\/produit\/cerave-baume-hydratant-50-ml-2\/\" \/>\r\n<meta property=\"og:locale\" content=\"fr_FR\" \/>\r\n<meta property=\"og:type\" content=\"article\" \/>\r\n<meta property=\"og:title\" content=\"CERAVE BAUME HYDRATANT 50 ML - Paracherkaoui.ma\" \/>\r\n<meta property=\"og:description\" content=\".elementor-204 .elementor-element.elementor-element-70c25ea .elementor-tab-title, .elementor-204 .elementor-element.elementor-element-70c25ea .elementor-tab-title:before, .elementor-204 .elementor-element.elementor-element-70c25ea .elementor-tab-title:after, .elementor-204 .elementor-element.elementor-element-70c25ea .elementor-tab-content, .elementor-204 .elementor-element.elementor-element-70c25ea .elementor-tabs-content-wrapper{border-width:0.5px;}.elementor-204 .elementor-element.elementor-element-70c25ea .elementor-tab-title{color:#000000;}.elementor-204 .elementor-element.elementor-element-70c25ea .elementor-tab-title.elementor-active{color:#00a28d;}.elementor-204 .elementor-element.elementor-element-70c25ea\" \/>\r\n<meta property=\"og:url\" content=\"https:\/\/paracherkaoui.ma\/index.php\/produit\/cerave-baume-hydratant-50-ml-2\/\" \/>\r\n<meta property=\"og:site_name\" content=\"Paracherkaoui.ma\" \/>\r\n<meta property=\"article:modified_time\" content=\"2025-12-12T16:47:31+00:00\" \/>\r\n<meta property=\"og:image\" content=\"https:\/\/paracherkaoui.ma\/wp-content\/uploads\/2025\/12\/cerave-cerave-baume-hydratant-50-ml-cremes-jour.jpg\" \/>\r\n\t<meta property=\"og:image:width\" content=\"700\" \/>\r\n\t<meta property=\"og:image:height\" content=\"700\" \/>\r\n\t<meta property=\"og:image:type\" content=\"image\/jpeg\" \/>\r\n<meta name=\"twitter:card\" content=\"summary_large_image\" \/>\r\n<meta name=\"twitter:label1\" content=\"Dur\u00e9e de lecture estim\u00e9e\" \/>\n\t<meta name=\"twitter:data1\" content=\"5 minutes\" \/>\r\n<script type=\"application\/ld+json\" class=\"yoast-schema-graph\">{\"@context\":\"https:\/\/schema.org\",\"@graph\":[{\"@type\":\"WebPage\",\"@id\":\"https:\/\/paracherkaoui.ma\/index.php\/produit\/cerave-baume-hydratant-50-ml-2\/\",\"url\":\"https:\/\/paracherkaoui.ma\/index.php\/produit\/cerave-baume-hydratant-50-ml-2\/\",\"name\":\"CERAVE BAUME HYDRATANT 50 ML - Paracherkaoui.ma\",\"isPartOf\":{\"@id\":\"https:\/\/paracherkaoui.ma\/#website\"},\"primaryImageOfPage\":{\"@id\":\"https:\/\/paracherkaoui.ma\/index.php\/produit\/cerave-baume-hydratant-50-ml-2\/#primaryimage\"},\"image\":{\"@id\":\"https:\/\/paracherkaoui.ma\/index.php\/produit\/cerave-baume-hydratant-50-ml-2\/#primaryimage\"},\"thumbnailUrl\":\"https:\/\/paracherkaoui.ma\/wp-content\/uploads\/2025\/12\/cerave-cerave-baume-hydratant-50-ml-cremes-jour.jpg\",\"datePublished\":\"2025-12-12T16:47:30+00:00\",\"dateModified\":\"2025-12-12T16:47:31+00:00\",\"breadcrumb\":{\"@id\":\"https:\/\/paracherkaoui.ma\/index.php\/produit\/cerave-baume-hydratant-50-ml-2\/#breadcrumb\"},\"inLanguage\":\"fr-FR\",\"potentialAction\":[{\"@type\":\"ReadAction\",\"target\":[\"https:\/\/paracherkaoui.ma\/index.php\/produit\/cerave-baume-hydratant-50-ml-2\/\"]}]},{\"@type\":\"ImageObject\",\"inLanguage\":\"fr-FR\",\"@id\":\"https:\/\/paracherkaoui.ma\/index.php\/produit\/cerave-baume-hydratant-50-ml-2\/#primaryimage\",\"url\":\"https:\/\/paracherkaoui.ma\/wp-content\/uploads\/2025\/12\/cerave-cerave-baume-hydratant-50-ml-cremes-jour.jpg\",\"contentUrl\":\"https:\/\/paracherkaoui.ma\/wp-content\/uploads\/2025\/12\/cerave-cerave-baume-hydratant-50-ml-cremes-jour.jpg\",\"width\":700,\"height\":700},{\"@type\":\"BreadcrumbList\",\"@id\":\"https:\/\/paracherkaoui.ma\/index.php\/produit\/cerave-baume-hydratant-50-ml-2\/#breadcrumb\",\"itemListElement\":[{\"@type\":\"ListItem\",\"position\":1,\"name\":\"Accueil\",\"item\":\"https:\/\/paracherkaoui.ma\/\"},{\"@type\":\"ListItem\",\"position\":2,\"name\":\"Boutique\",\"item\":\"https:\/\/paracherkaoui.ma\/index.php\/boutique\/\"},{\"@type\":\"ListItem\",\"position\":3,\"name\":\"CERAVE BAUME HYDRATANT 50 ML\"}]},{\"@type\":\"WebSite\",\"@id\":\"https:\/\/paracherkaoui.ma\/#website\",\"url\":\"https:\/\/paracherkaoui.ma\/\",\"name\":\"Paracherkaoui.ma\",\"description\":\"Achetez en ligne sur Paracherkaoui.ma\",\"potentialAction\":[{\"@type\":\"SearchAction\",\"target\":{\"@type\":\"EntryPoint\",\"urlTemplate\":\"https:\/\/paracherkaoui.ma\/?s={search_term_string}\"},\"query-input\":{\"@type\":\"PropertyValueSpecification\",\"valueRequired\":true,\"valueName\":\"search_term_string\"}}],\"inLanguage\":\"fr-FR\"}]}<\/script>\r\n<!-- \/ Yoast SEO plugin. -->","yoast_head_json":{"title":"CERAVE BAUME HYDRATANT 50 ML - Paracherkaoui.ma","robots":{"index":"index","follow":"follow","max-snippet":"max-snippet:-1","max-image-preview":"max-image-preview:large","max-video-preview":"max-video-preview:-1"},"canonical":"https:\/\/paracherkaoui.ma\/index.php\/produit\/cerave-baume-hydratant-50-ml-2\/","og_locale":"fr_FR","og_type":"article","og_title":"CERAVE BAUME HYDRATANT 50 ML - Paracherkaoui.ma","og_description":".elementor-204 .elementor-element.elementor-element-70c25ea .elementor-tab-title, .elementor-204 .elementor-element.elementor-element-70c25ea .elementor-tab-title:before, .elementor-204 .elementor-element.elementor-element-70c25ea .elementor-tab-title:after, .elementor-204 .elementor-element.elementor-element-70c25ea .elementor-tab-content, .elementor-204 .elementor-element.elementor-element-70c25ea .elementor-tabs-content-wrapper{border-width:0.5px;}.elementor-204 .elementor-element.elementor-element-70c25ea .elementor-tab-title{color:#000000;}.elementor-204 .elementor-element.elementor-element-70c25ea .elementor-tab-title.elementor-active{color:#00a28d;}.elementor-204 .elementor-element.elementor-element-70c25ea","og_url":"https:\/\/paracherkaoui.ma\/index.php\/produit\/cerave-baume-hydratant-50-ml-2\/","og_site_name":"Paracherkaoui.ma","article_modified_time":"2025-12-12T16:47:31+00:00","og_image":[{"width":700,"height":700,"url":"https:\/\/paracherkaoui.ma\/wp-content\/uploads\/2025\/12\/cerave-cerave-baume-hydratant-50-ml-cremes-jour.jpg","type":"image\/jpeg"}],"twitter_card":"summary_large_image","twitter_misc":{"Dur\u00e9e de lecture estim\u00e9e":"5 minutes"},"schema":{"@context":"https:\/\/schema.org","@graph":[{"@type":"WebPage","@id":"https:\/\/paracherkaoui.ma\/index.php\/produit\/cerave-baume-hydratant-50-ml-2\/","url":"https:\/\/paracherkaoui.ma\/index.php\/produit\/cerave-baume-hydratant-50-ml-2\/","name":"CERAVE BAUME HYDRATANT 50 ML - Paracherkaoui.ma","isPartOf":{"@id":"https:\/\/paracherkaoui.ma\/#website"},"primaryImageOfPage":{"@id":"https:\/\/paracherkaoui.ma\/index.php\/produit\/cerave-baume-hydratant-50-ml-2\/#primaryimage"},"image":{"@id":"https:\/\/paracherkaoui.ma\/index.php\/produit\/cerave-baume-hydratant-50-ml-2\/#primaryimage"},"thumbnailUrl":"https:\/\/paracherkaoui.ma\/wp-content\/uploads\/2025\/12\/cerave-cerave-baume-hydratant-50-ml-cremes-jour.jpg","datePublished":"2025-12-12T16:47:30+00:00","dateModified":"2025-12-12T16:47:31+00:00","breadcrumb":{"@id":"https:\/\/paracherkaoui.ma\/index.php\/produit\/cerave-baume-hydratant-50-ml-2\/#breadcrumb"},"inLanguage":"fr-FR","potentialAction":[{"@type":"ReadAction","target":["https:\/\/paracherkaoui.ma\/index.php\/produit\/cerave-baume-hydratant-50-ml-2\/"]}]},{"@type":"ImageObject","inLanguage":"fr-FR","@id":"https:\/\/paracherkaoui.ma\/index.php\/produit\/cerave-baume-hydratant-50-ml-2\/#primaryimage","url":"https:\/\/paracherkaoui.ma\/wp-content\/uploads\/2025\/12\/cerave-cerave-baume-hydratant-50-ml-cremes-jour.jpg","contentUrl":"https:\/\/paracherkaoui.ma\/wp-content\/uploads\/2025\/12\/cerave-cerave-baume-hydratant-50-ml-cremes-jour.jpg","width":700,"height":700},{"@type":"BreadcrumbList","@id":"https:\/\/paracherkaoui.ma\/index.php\/produit\/cerave-baume-hydratant-50-ml-2\/#breadcrumb","itemListElement":[{"@type":"ListItem","position":1,"name":"Accueil","item":"https:\/\/paracherkaoui.ma\/"},{"@type":"ListItem","position":2,"name":"Boutique","item":"https:\/\/paracherkaoui.ma\/index.php\/boutique\/"},{"@type":"ListItem","position":3,"name":"CERAVE BAUME HYDRATANT 50 ML"}]},{"@type":"WebSite","@id":"https:\/\/paracherkaoui.ma\/#website","url":"https:\/\/paracherkaoui.ma\/","name":"Paracherkaoui.ma","description":"Achetez en ligne sur Paracherkaoui.ma","potentialAction":[{"@type":"SearchAction","target":{"@type":"EntryPoint","urlTemplate":"https:\/\/paracherkaoui.ma\/?s={search_term_string}"},"query-input":{"@type":"PropertyValueSpecification","valueRequired":true,"valueName":"search_term_string"}}],"inLanguage":"fr-FR"}]}},"_links":{"self":[{"href":"https:\/\/paracherkaoui.ma\/index.php\/wp-json\/wp\/v2\/product\/13271","targetHints":{"allow":["GET"]}}],"collection":[{"href":"https:\/\/paracherkaoui.ma\/index.php\/wp-json\/wp\/v2\/product"}],"about":[{"href":"https:\/\/paracherkaoui.ma\/index.php\/wp-json\/wp\/v2\/types\/product"}],"replies":[{"embeddable":true,"href":"https:\/\/paracherkaoui.ma\/index.php\/wp-json\/wp\/v2\/comments?post=13271"}],"version-history":[{"count":1,"href":"https:\/\/paracherkaoui.ma\/index.php\/wp-json\/wp\/v2\/product\/13271\/revisions"}],"predecessor-version":[{"id":13304,"href":"https:\/\/paracherkaoui.ma\/index.php\/wp-json\/wp\/v2\/product\/13271\/revisions\/13304"}],"wp:featuredmedia":[{"embeddable":true,"href":"https:\/\/paracherkaoui.ma\/index.php\/wp-json\/wp\/v2\/media\/11133"}],"wp:attachment":[{"href":"https:\/\/paracherkaoui.ma\/index.php\/wp-json\/wp\/v2\/media?parent=13271"}],"wp:term":[{"taxonomy":"product_brand","embeddable":true,"href":"https:\/\/paracherkaoui.ma\/index.php\/wp-json\/wp\/v2\/product_brand?post=13271"},{"taxonomy":"product_cat","embeddable":true,"href":"https:\/\/paracherkaoui.ma\/index.php\/wp-json\/wp\/v2\/product_cat?post=13271"},{"taxonomy":"product_tag","embeddable":true,"href":"https:\/\/paracherkaoui.ma\/index.php\/wp-json\/wp\/v2\/product_tag?post=13271"}],"curies":[{"name":"wp","href":"https:\/\/api.w.org\/{rel}","templated":true}]}}