{"id":13213,"date":"2025-12-12T17:47:25","date_gmt":"2025-12-12T16:47:25","guid":{"rendered":"https:\/\/test.ecbeaute.com\/?post_type=product&#038;p=13213"},"modified":"2025-12-12T17:47:28","modified_gmt":"2025-12-12T16:47:28","slug":"vichy-liftactiv-supreme-nuit-50-ml","status":"publish","type":"product","link":"https:\/\/paracherkaoui.ma\/index.php\/produit\/vichy-liftactiv-supreme-nuit-50-ml\/","title":{"rendered":"VICHY LIFTACTIV SUPREME NUIT 50 ML"},"content":{"rendered":"<p>Con\u00e7ue pour agir pendant le sommeil \u2014 moment o\u00f9 la r\u00e9g\u00e9n\u00e9ration cutan\u00e9e est \u00e0 son maximum \u2014 Vichy Liftactiv Nuit hydrate intens\u00e9ment, att\u00e9nue les rides profondes, et am\u00e9liore la tonicit\u00e9 de la peau. D\u00e8s la premi\u00e8re application, la peau est +44 % plus tonique. Apr\u00e8s 2 mois d\u2019utilisation, les rides sont r\u00e9duites de 20 %, selon les tests cliniques. De plus, 94 % des utilisatrices constatent une peau plus lisse et r\u00e9g\u00e9n\u00e9r\u00e9e, tandis que 93 % per\u00e7oivent une am\u00e9lioration de l\u2019\u00e9clat.<br \/>\nSa texture onctueuse et fondante procure une sensation de confort imm\u00e9diate sans fini gras ni collant. Hypoallerg\u00e9nique, sans parab\u00e8ne, et test\u00e9e sous contr\u00f4le dermatologique, cette cr\u00e8me convient parfaitement aux peaux sensibles, s\u00e8ches ou sujettes \u00e0 l\u2019inconfort.<br \/>\nEn adoptant Vichy Liftactiv Nuit, vous offrez \u00e0 votre peau un soin intensif et performant qui agit en profondeur, nuit apr\u00e8s nuit, pour r\u00e9v\u00e9ler une peau visiblement plus jeune et \u00e9clatante au r\u00e9veil.<br \/>\nConseils d&rsquo;utilisation<br \/>\nNettoyez soigneusement votre visage, cou et d\u00e9collet\u00e9.<br \/>\nAppliquez une noisette de cr\u00e8me chaque soir, en \u00e9vitant le contour des yeux.<br \/>\nMassez par mouvements circulaires jusqu\u2019\u00e0 absorption compl\u00e8te.<br \/>\nPour une efficacit\u00e9 optimale, associez la \u00e0 un s\u00e9rum anti-\u00e2ge de la m\u00eame gamme.<br \/>\nComposition<br \/>\nAQUA \/ WATER \/ EAU, GLYCERIN, DIMETHICONE, RHAMNOSE, ISOHEXADECANE, ALCOHOL DENAT., PROPANEDIOL, ISOPROPYL ISOSTEARATE, BEHENYL ALCOHOL, CETYL ALCOHOL, TALC, DIMETHICONE\/VINYL DIMETHICONE CROSSPOLYMER, ADENOSINE, CAFFEINE, CAPRYLOYL SALICYLIC ACID, CITRIC ACID, NEOHESPERIDIN DIHYDROCHALCONE, SODIUM HYALURONATE, TRISODIUM ETHYLENEDIAMINE DISUCCINATE, VITREOSCILLA FERMENT, ASCORBYL GLUCOSIDE, SILICA, ACRYLAMIDE\/SODIUM ACRYLOYLDIMETHYLTAURATE COPOLYMER, AMMONIUM POLYACRYLOYLDIMETHYL TAURATE, CAPRYLYL GLYCOL, CELLULOSE, CETEARYL ALCOHOL, CETEARYL GLUCOSIDE, CI 77891 \/ TITANIUM DIOXIDE, DISODIUM STEAROYL GLUTAMATE, MYRISTIC ACID, PALMITIC ACID, PEG-100 STEARATE, POLYSORBATE 80, SORBITAN OLEATE, STEARIC ACID, SYNTHETIC FLUORPHLOGOPITE<\/p>\n","protected":false},"excerpt":{"rendered":"<p>Con\u00e7ue pour agir pendant le sommeil \u2014 moment o\u00f9 la r\u00e9g\u00e9n\u00e9ration cutan\u00e9e est \u00e0 son maximum \u2014 Vichy Liftactiv Nuit<\/p>\n","protected":false},"featured_media":13262,"comment_status":"open","ping_status":"closed","template":"","meta":[],"product_brand":[139],"product_cat":[173],"product_tag":[],"class_list":{"0":"post-13213","1":"product","2":"type-product","3":"status-publish","4":"has-post-thumbnail","6":"product_brand-vichy","7":"product_cat-cremes-et-soins-visage","9":"first","10":"instock","11":"sale","12":"shipping-taxable","13":"purchasable","14":"product-type-simple"},"yoast_head":"<!-- This site is optimized with the Yoast SEO plugin v26.6 - https:\/\/yoast.com\/wordpress\/plugins\/seo\/ -->\r\n<title>VICHY LIFTACTIV SUPREME NUIT 50 ML - Paracherkaoui.ma<\/title>\r\n<meta name=\"robots\" content=\"index, follow, max-snippet:-1, max-image-preview:large, max-video-preview:-1\" \/>\r\n<link rel=\"canonical\" href=\"https:\/\/paracherkaoui.ma\/index.php\/produit\/vichy-liftactiv-supreme-nuit-50-ml\/\" \/>\r\n<meta property=\"og:locale\" content=\"fr_FR\" \/>\r\n<meta property=\"og:type\" content=\"article\" \/>\r\n<meta property=\"og:title\" content=\"VICHY LIFTACTIV SUPREME NUIT 50 ML - Paracherkaoui.ma\" \/>\r\n<meta property=\"og:description\" content=\"Con\u00e7ue pour agir pendant le sommeil \u2014 moment o\u00f9 la r\u00e9g\u00e9n\u00e9ration cutan\u00e9e est \u00e0 son maximum \u2014 Vichy Liftactiv Nuit\" \/>\r\n<meta property=\"og:url\" content=\"https:\/\/paracherkaoui.ma\/index.php\/produit\/vichy-liftactiv-supreme-nuit-50-ml\/\" \/>\r\n<meta property=\"og:site_name\" content=\"Paracherkaoui.ma\" \/>\r\n<meta property=\"article:modified_time\" content=\"2025-12-12T16:47:28+00:00\" \/>\r\n<meta property=\"og:image\" content=\"https:\/\/paracherkaoui.ma\/wp-content\/uploads\/2025\/12\/vichy-vichy-liftactiv-supreme-nuit-50-ml-peaux-matures.jpg\" \/>\r\n\t<meta property=\"og:image:width\" content=\"700\" \/>\r\n\t<meta property=\"og:image:height\" content=\"700\" \/>\r\n\t<meta property=\"og:image:type\" content=\"image\/jpeg\" \/>\r\n<meta name=\"twitter:card\" content=\"summary_large_image\" \/>\r\n<meta name=\"twitter:label1\" content=\"Dur\u00e9e de lecture estim\u00e9e\" \/>\n\t<meta name=\"twitter:data1\" content=\"1 minute\" \/>\r\n<script type=\"application\/ld+json\" class=\"yoast-schema-graph\">{\"@context\":\"https:\/\/schema.org\",\"@graph\":[{\"@type\":\"WebPage\",\"@id\":\"https:\/\/paracherkaoui.ma\/index.php\/produit\/vichy-liftactiv-supreme-nuit-50-ml\/\",\"url\":\"https:\/\/paracherkaoui.ma\/index.php\/produit\/vichy-liftactiv-supreme-nuit-50-ml\/\",\"name\":\"VICHY LIFTACTIV SUPREME NUIT 50 ML - Paracherkaoui.ma\",\"isPartOf\":{\"@id\":\"https:\/\/paracherkaoui.ma\/#website\"},\"primaryImageOfPage\":{\"@id\":\"https:\/\/paracherkaoui.ma\/index.php\/produit\/vichy-liftactiv-supreme-nuit-50-ml\/#primaryimage\"},\"image\":{\"@id\":\"https:\/\/paracherkaoui.ma\/index.php\/produit\/vichy-liftactiv-supreme-nuit-50-ml\/#primaryimage\"},\"thumbnailUrl\":\"https:\/\/paracherkaoui.ma\/wp-content\/uploads\/2025\/12\/vichy-vichy-liftactiv-supreme-nuit-50-ml-peaux-matures.jpg\",\"datePublished\":\"2025-12-12T16:47:25+00:00\",\"dateModified\":\"2025-12-12T16:47:28+00:00\",\"breadcrumb\":{\"@id\":\"https:\/\/paracherkaoui.ma\/index.php\/produit\/vichy-liftactiv-supreme-nuit-50-ml\/#breadcrumb\"},\"inLanguage\":\"fr-FR\",\"potentialAction\":[{\"@type\":\"ReadAction\",\"target\":[\"https:\/\/paracherkaoui.ma\/index.php\/produit\/vichy-liftactiv-supreme-nuit-50-ml\/\"]}]},{\"@type\":\"ImageObject\",\"inLanguage\":\"fr-FR\",\"@id\":\"https:\/\/paracherkaoui.ma\/index.php\/produit\/vichy-liftactiv-supreme-nuit-50-ml\/#primaryimage\",\"url\":\"https:\/\/paracherkaoui.ma\/wp-content\/uploads\/2025\/12\/vichy-vichy-liftactiv-supreme-nuit-50-ml-peaux-matures.jpg\",\"contentUrl\":\"https:\/\/paracherkaoui.ma\/wp-content\/uploads\/2025\/12\/vichy-vichy-liftactiv-supreme-nuit-50-ml-peaux-matures.jpg\",\"width\":700,\"height\":700},{\"@type\":\"BreadcrumbList\",\"@id\":\"https:\/\/paracherkaoui.ma\/index.php\/produit\/vichy-liftactiv-supreme-nuit-50-ml\/#breadcrumb\",\"itemListElement\":[{\"@type\":\"ListItem\",\"position\":1,\"name\":\"Accueil\",\"item\":\"https:\/\/paracherkaoui.ma\/\"},{\"@type\":\"ListItem\",\"position\":2,\"name\":\"Boutique\",\"item\":\"https:\/\/paracherkaoui.ma\/index.php\/boutique\/\"},{\"@type\":\"ListItem\",\"position\":3,\"name\":\"VICHY LIFTACTIV SUPREME NUIT 50 ML\"}]},{\"@type\":\"WebSite\",\"@id\":\"https:\/\/paracherkaoui.ma\/#website\",\"url\":\"https:\/\/paracherkaoui.ma\/\",\"name\":\"Paracherkaoui.ma\",\"description\":\"Achetez en ligne sur Paracherkaoui.ma\",\"potentialAction\":[{\"@type\":\"SearchAction\",\"target\":{\"@type\":\"EntryPoint\",\"urlTemplate\":\"https:\/\/paracherkaoui.ma\/?s={search_term_string}\"},\"query-input\":{\"@type\":\"PropertyValueSpecification\",\"valueRequired\":true,\"valueName\":\"search_term_string\"}}],\"inLanguage\":\"fr-FR\"}]}<\/script>\r\n<!-- \/ Yoast SEO plugin. -->","yoast_head_json":{"title":"VICHY LIFTACTIV SUPREME NUIT 50 ML - Paracherkaoui.ma","robots":{"index":"index","follow":"follow","max-snippet":"max-snippet:-1","max-image-preview":"max-image-preview:large","max-video-preview":"max-video-preview:-1"},"canonical":"https:\/\/paracherkaoui.ma\/index.php\/produit\/vichy-liftactiv-supreme-nuit-50-ml\/","og_locale":"fr_FR","og_type":"article","og_title":"VICHY LIFTACTIV SUPREME NUIT 50 ML - Paracherkaoui.ma","og_description":"Con\u00e7ue pour agir pendant le sommeil \u2014 moment o\u00f9 la r\u00e9g\u00e9n\u00e9ration cutan\u00e9e est \u00e0 son maximum \u2014 Vichy Liftactiv Nuit","og_url":"https:\/\/paracherkaoui.ma\/index.php\/produit\/vichy-liftactiv-supreme-nuit-50-ml\/","og_site_name":"Paracherkaoui.ma","article_modified_time":"2025-12-12T16:47:28+00:00","og_image":[{"width":700,"height":700,"url":"https:\/\/paracherkaoui.ma\/wp-content\/uploads\/2025\/12\/vichy-vichy-liftactiv-supreme-nuit-50-ml-peaux-matures.jpg","type":"image\/jpeg"}],"twitter_card":"summary_large_image","twitter_misc":{"Dur\u00e9e de lecture estim\u00e9e":"1 minute"},"schema":{"@context":"https:\/\/schema.org","@graph":[{"@type":"WebPage","@id":"https:\/\/paracherkaoui.ma\/index.php\/produit\/vichy-liftactiv-supreme-nuit-50-ml\/","url":"https:\/\/paracherkaoui.ma\/index.php\/produit\/vichy-liftactiv-supreme-nuit-50-ml\/","name":"VICHY LIFTACTIV SUPREME NUIT 50 ML - Paracherkaoui.ma","isPartOf":{"@id":"https:\/\/paracherkaoui.ma\/#website"},"primaryImageOfPage":{"@id":"https:\/\/paracherkaoui.ma\/index.php\/produit\/vichy-liftactiv-supreme-nuit-50-ml\/#primaryimage"},"image":{"@id":"https:\/\/paracherkaoui.ma\/index.php\/produit\/vichy-liftactiv-supreme-nuit-50-ml\/#primaryimage"},"thumbnailUrl":"https:\/\/paracherkaoui.ma\/wp-content\/uploads\/2025\/12\/vichy-vichy-liftactiv-supreme-nuit-50-ml-peaux-matures.jpg","datePublished":"2025-12-12T16:47:25+00:00","dateModified":"2025-12-12T16:47:28+00:00","breadcrumb":{"@id":"https:\/\/paracherkaoui.ma\/index.php\/produit\/vichy-liftactiv-supreme-nuit-50-ml\/#breadcrumb"},"inLanguage":"fr-FR","potentialAction":[{"@type":"ReadAction","target":["https:\/\/paracherkaoui.ma\/index.php\/produit\/vichy-liftactiv-supreme-nuit-50-ml\/"]}]},{"@type":"ImageObject","inLanguage":"fr-FR","@id":"https:\/\/paracherkaoui.ma\/index.php\/produit\/vichy-liftactiv-supreme-nuit-50-ml\/#primaryimage","url":"https:\/\/paracherkaoui.ma\/wp-content\/uploads\/2025\/12\/vichy-vichy-liftactiv-supreme-nuit-50-ml-peaux-matures.jpg","contentUrl":"https:\/\/paracherkaoui.ma\/wp-content\/uploads\/2025\/12\/vichy-vichy-liftactiv-supreme-nuit-50-ml-peaux-matures.jpg","width":700,"height":700},{"@type":"BreadcrumbList","@id":"https:\/\/paracherkaoui.ma\/index.php\/produit\/vichy-liftactiv-supreme-nuit-50-ml\/#breadcrumb","itemListElement":[{"@type":"ListItem","position":1,"name":"Accueil","item":"https:\/\/paracherkaoui.ma\/"},{"@type":"ListItem","position":2,"name":"Boutique","item":"https:\/\/paracherkaoui.ma\/index.php\/boutique\/"},{"@type":"ListItem","position":3,"name":"VICHY LIFTACTIV SUPREME NUIT 50 ML"}]},{"@type":"WebSite","@id":"https:\/\/paracherkaoui.ma\/#website","url":"https:\/\/paracherkaoui.ma\/","name":"Paracherkaoui.ma","description":"Achetez en ligne sur Paracherkaoui.ma","potentialAction":[{"@type":"SearchAction","target":{"@type":"EntryPoint","urlTemplate":"https:\/\/paracherkaoui.ma\/?s={search_term_string}"},"query-input":{"@type":"PropertyValueSpecification","valueRequired":true,"valueName":"search_term_string"}}],"inLanguage":"fr-FR"}]}},"_links":{"self":[{"href":"https:\/\/paracherkaoui.ma\/index.php\/wp-json\/wp\/v2\/product\/13213","targetHints":{"allow":["GET"]}}],"collection":[{"href":"https:\/\/paracherkaoui.ma\/index.php\/wp-json\/wp\/v2\/product"}],"about":[{"href":"https:\/\/paracherkaoui.ma\/index.php\/wp-json\/wp\/v2\/types\/product"}],"replies":[{"embeddable":true,"href":"https:\/\/paracherkaoui.ma\/index.php\/wp-json\/wp\/v2\/comments?post=13213"}],"version-history":[{"count":1,"href":"https:\/\/paracherkaoui.ma\/index.php\/wp-json\/wp\/v2\/product\/13213\/revisions"}],"predecessor-version":[{"id":13263,"href":"https:\/\/paracherkaoui.ma\/index.php\/wp-json\/wp\/v2\/product\/13213\/revisions\/13263"}],"wp:featuredmedia":[{"embeddable":true,"href":"https:\/\/paracherkaoui.ma\/index.php\/wp-json\/wp\/v2\/media\/13262"}],"wp:attachment":[{"href":"https:\/\/paracherkaoui.ma\/index.php\/wp-json\/wp\/v2\/media?parent=13213"}],"wp:term":[{"taxonomy":"product_brand","embeddable":true,"href":"https:\/\/paracherkaoui.ma\/index.php\/wp-json\/wp\/v2\/product_brand?post=13213"},{"taxonomy":"product_cat","embeddable":true,"href":"https:\/\/paracherkaoui.ma\/index.php\/wp-json\/wp\/v2\/product_cat?post=13213"},{"taxonomy":"product_tag","embeddable":true,"href":"https:\/\/paracherkaoui.ma\/index.php\/wp-json\/wp\/v2\/product_tag?post=13213"}],"curies":[{"name":"wp","href":"https:\/\/api.w.org\/{rel}","templated":true}]}}