{"id":13211,"date":"2025-12-12T17:47:25","date_gmt":"2025-12-12T16:47:25","guid":{"rendered":"https:\/\/test.ecbeaute.com\/?post_type=product&#038;p=13211"},"modified":"2025-12-12T17:47:28","modified_gmt":"2025-12-12T16:47:28","slug":"eucerin-hyaluron-filler-elasticity-soin-de-nuit-50-ml","status":"publish","type":"product","link":"https:\/\/paracherkaoui.ma\/index.php\/produit\/eucerin-hyaluron-filler-elasticity-soin-de-nuit-50-ml\/","title":{"rendered":"EUCERIN HYALURON FILLER + ELASTICITY SOIN DE NUIT 50 ML"},"content":{"rendered":"<p>Sa formule unique et innovante fournit de multiples b\u00e9n\u00e9fices anti-\u00e2ge gr\u00e2ce \u00e0 la pr\u00e9sence d&rsquo;ingr\u00e9dients actifs minutieusement choisis:<br \/>\n1. Elle contient de l&rsquo;Arctiine (un ingr\u00e9dient actif qui acc\u00e9l\u00e8re le renouvellement du collag\u00e8ne dans les cellules de la peau), qui fonctionne en combinaison avec la Silymarine (un antioxydant puissant qui prot\u00e8ge le collag\u00e8ne et l&rsquo;\u00e9lastine de leur d\u00e9gradation et am\u00e9liore la circulation de la peau au niveau cellulaire).<br \/>\n2. Elle contient \u00e9galement de l&rsquo;Acide Hyaluronique de bas et de haut poids mol\u00e9culaire afin de combler visiblement les rides.<br \/>\n3. Elle contient aussi de l&rsquo;Huile d&rsquo;Argan, riche en lipides nutritifs pour la peau, qui permet d&rsquo;aider \u00e0 la r\u00e9g\u00e9n\u00e9ration cutan\u00e9e nocturne et d&rsquo;adoucir la peau.<br \/>\nCONSEILS D&rsquo;UTILISATION :<br \/>\nAppliquer le soir sur le visage, le cou et le d\u00e9collet\u00e9, apr\u00e8s les avoir bien nettoy\u00e9s. Masser doucement pour faire p\u00e9n\u00e9trer dans la peau. \u00c9viter tout contact avec les yeux. Utiliser EUCERIN HYALURON-FILLER +ELASTICITY Soin de Nuit tous les jours en association avec EUCERIN ELASTICITY +FILLER Huile de soin Visage. Le matin, utiliser pr\u00e9f\u00e9rentiellement EUCERIN HYALURON-FILLER +ELASTICITY Soin de Jour.<br \/>\nCOMPOSITION :<br \/>\nAqua, Glycerin, Cetearyl Alcohol, Panthenol, Caprylic\/Capric Triglyceride, Butylene Glycol, Glyceryl Stearate Citrate, Pentylene Glycol, Methylpropanediol, Argania Spinosa Kernel Oil, Hydrogenated Coco-Glycerides, Butyrospermum Parkii Butter, Silybum Marianum Fruit Extract, Sodium Hyaluronate, Arctium Lappa Fruit Extract, Ascorbyl Palmitate, Lecithin, Tocopherol, Glycine Soja Seed Oil, Hydrogenated Palm Glycerides Citrate, Sodium Carbomer, Tapioca Starch, Dimethicone, Benzyl Alcohol, Trisodium EDTA, Caprylyl Glycol, BHT, Parfum<\/p>\n","protected":false},"excerpt":{"rendered":"<p>Sa formule unique et innovante fournit de multiples b\u00e9n\u00e9fices anti-\u00e2ge gr\u00e2ce \u00e0 la pr\u00e9sence d&rsquo;ingr\u00e9dients actifs minutieusement choisis: 1. Elle<\/p>\n","protected":false},"featured_media":13258,"comment_status":"open","ping_status":"closed","template":"","meta":[],"product_brand":[134],"product_cat":[173],"product_tag":[],"class_list":{"0":"post-13211","1":"product","2":"type-product","3":"status-publish","4":"has-post-thumbnail","6":"product_brand-eucerin","7":"product_cat-cremes-et-soins-visage","9":"first","10":"instock","11":"sale","12":"shipping-taxable","13":"purchasable","14":"product-type-simple"},"yoast_head":"<!-- This site is optimized with the Yoast SEO plugin v26.6 - https:\/\/yoast.com\/wordpress\/plugins\/seo\/ -->\r\n<title>EUCERIN HYALURON FILLER + ELASTICITY SOIN DE NUIT 50 ML - Paracherkaoui.ma<\/title>\r\n<meta name=\"robots\" content=\"index, follow, max-snippet:-1, max-image-preview:large, max-video-preview:-1\" \/>\r\n<link rel=\"canonical\" href=\"https:\/\/paracherkaoui.ma\/index.php\/produit\/eucerin-hyaluron-filler-elasticity-soin-de-nuit-50-ml\/\" \/>\r\n<meta property=\"og:locale\" content=\"fr_FR\" \/>\r\n<meta property=\"og:type\" content=\"article\" \/>\r\n<meta property=\"og:title\" content=\"EUCERIN HYALURON FILLER + ELASTICITY SOIN DE NUIT 50 ML - Paracherkaoui.ma\" \/>\r\n<meta property=\"og:description\" content=\"Sa formule unique et innovante fournit de multiples b\u00e9n\u00e9fices anti-\u00e2ge gr\u00e2ce \u00e0 la pr\u00e9sence d&rsquo;ingr\u00e9dients actifs minutieusement choisis: 1. Elle\" \/>\r\n<meta property=\"og:url\" content=\"https:\/\/paracherkaoui.ma\/index.php\/produit\/eucerin-hyaluron-filler-elasticity-soin-de-nuit-50-ml\/\" \/>\r\n<meta property=\"og:site_name\" content=\"Paracherkaoui.ma\" \/>\r\n<meta property=\"article:modified_time\" content=\"2025-12-12T16:47:28+00:00\" \/>\r\n<meta property=\"og:image\" content=\"https:\/\/paracherkaoui.ma\/wp-content\/uploads\/2025\/12\/eucerin-eucerin-hyaluron-filler-elasticity-soin-de-nuit-50-ml-peaux-matures.jpg\" \/>\r\n\t<meta property=\"og:image:width\" content=\"700\" \/>\r\n\t<meta property=\"og:image:height\" content=\"700\" \/>\r\n\t<meta property=\"og:image:type\" content=\"image\/jpeg\" \/>\r\n<meta name=\"twitter:card\" content=\"summary_large_image\" \/>\r\n<meta name=\"twitter:label1\" content=\"Dur\u00e9e de lecture estim\u00e9e\" \/>\n\t<meta name=\"twitter:data1\" content=\"1 minute\" \/>\r\n<script type=\"application\/ld+json\" class=\"yoast-schema-graph\">{\"@context\":\"https:\/\/schema.org\",\"@graph\":[{\"@type\":\"WebPage\",\"@id\":\"https:\/\/paracherkaoui.ma\/index.php\/produit\/eucerin-hyaluron-filler-elasticity-soin-de-nuit-50-ml\/\",\"url\":\"https:\/\/paracherkaoui.ma\/index.php\/produit\/eucerin-hyaluron-filler-elasticity-soin-de-nuit-50-ml\/\",\"name\":\"EUCERIN HYALURON FILLER + ELASTICITY SOIN DE NUIT 50 ML - Paracherkaoui.ma\",\"isPartOf\":{\"@id\":\"https:\/\/paracherkaoui.ma\/#website\"},\"primaryImageOfPage\":{\"@id\":\"https:\/\/paracherkaoui.ma\/index.php\/produit\/eucerin-hyaluron-filler-elasticity-soin-de-nuit-50-ml\/#primaryimage\"},\"image\":{\"@id\":\"https:\/\/paracherkaoui.ma\/index.php\/produit\/eucerin-hyaluron-filler-elasticity-soin-de-nuit-50-ml\/#primaryimage\"},\"thumbnailUrl\":\"https:\/\/paracherkaoui.ma\/wp-content\/uploads\/2025\/12\/eucerin-eucerin-hyaluron-filler-elasticity-soin-de-nuit-50-ml-peaux-matures.jpg\",\"datePublished\":\"2025-12-12T16:47:25+00:00\",\"dateModified\":\"2025-12-12T16:47:28+00:00\",\"breadcrumb\":{\"@id\":\"https:\/\/paracherkaoui.ma\/index.php\/produit\/eucerin-hyaluron-filler-elasticity-soin-de-nuit-50-ml\/#breadcrumb\"},\"inLanguage\":\"fr-FR\",\"potentialAction\":[{\"@type\":\"ReadAction\",\"target\":[\"https:\/\/paracherkaoui.ma\/index.php\/produit\/eucerin-hyaluron-filler-elasticity-soin-de-nuit-50-ml\/\"]}]},{\"@type\":\"ImageObject\",\"inLanguage\":\"fr-FR\",\"@id\":\"https:\/\/paracherkaoui.ma\/index.php\/produit\/eucerin-hyaluron-filler-elasticity-soin-de-nuit-50-ml\/#primaryimage\",\"url\":\"https:\/\/paracherkaoui.ma\/wp-content\/uploads\/2025\/12\/eucerin-eucerin-hyaluron-filler-elasticity-soin-de-nuit-50-ml-peaux-matures.jpg\",\"contentUrl\":\"https:\/\/paracherkaoui.ma\/wp-content\/uploads\/2025\/12\/eucerin-eucerin-hyaluron-filler-elasticity-soin-de-nuit-50-ml-peaux-matures.jpg\",\"width\":700,\"height\":700},{\"@type\":\"BreadcrumbList\",\"@id\":\"https:\/\/paracherkaoui.ma\/index.php\/produit\/eucerin-hyaluron-filler-elasticity-soin-de-nuit-50-ml\/#breadcrumb\",\"itemListElement\":[{\"@type\":\"ListItem\",\"position\":1,\"name\":\"Accueil\",\"item\":\"https:\/\/paracherkaoui.ma\/\"},{\"@type\":\"ListItem\",\"position\":2,\"name\":\"Boutique\",\"item\":\"https:\/\/paracherkaoui.ma\/index.php\/boutique\/\"},{\"@type\":\"ListItem\",\"position\":3,\"name\":\"EUCERIN HYALURON FILLER + ELASTICITY SOIN DE NUIT 50 ML\"}]},{\"@type\":\"WebSite\",\"@id\":\"https:\/\/paracherkaoui.ma\/#website\",\"url\":\"https:\/\/paracherkaoui.ma\/\",\"name\":\"Paracherkaoui.ma\",\"description\":\"Achetez en ligne sur Paracherkaoui.ma\",\"potentialAction\":[{\"@type\":\"SearchAction\",\"target\":{\"@type\":\"EntryPoint\",\"urlTemplate\":\"https:\/\/paracherkaoui.ma\/?s={search_term_string}\"},\"query-input\":{\"@type\":\"PropertyValueSpecification\",\"valueRequired\":true,\"valueName\":\"search_term_string\"}}],\"inLanguage\":\"fr-FR\"}]}<\/script>\r\n<!-- \/ Yoast SEO plugin. -->","yoast_head_json":{"title":"EUCERIN HYALURON FILLER + ELASTICITY SOIN DE NUIT 50 ML - Paracherkaoui.ma","robots":{"index":"index","follow":"follow","max-snippet":"max-snippet:-1","max-image-preview":"max-image-preview:large","max-video-preview":"max-video-preview:-1"},"canonical":"https:\/\/paracherkaoui.ma\/index.php\/produit\/eucerin-hyaluron-filler-elasticity-soin-de-nuit-50-ml\/","og_locale":"fr_FR","og_type":"article","og_title":"EUCERIN HYALURON FILLER + ELASTICITY SOIN DE NUIT 50 ML - Paracherkaoui.ma","og_description":"Sa formule unique et innovante fournit de multiples b\u00e9n\u00e9fices anti-\u00e2ge gr\u00e2ce \u00e0 la pr\u00e9sence d&rsquo;ingr\u00e9dients actifs minutieusement choisis: 1. Elle","og_url":"https:\/\/paracherkaoui.ma\/index.php\/produit\/eucerin-hyaluron-filler-elasticity-soin-de-nuit-50-ml\/","og_site_name":"Paracherkaoui.ma","article_modified_time":"2025-12-12T16:47:28+00:00","og_image":[{"width":700,"height":700,"url":"https:\/\/paracherkaoui.ma\/wp-content\/uploads\/2025\/12\/eucerin-eucerin-hyaluron-filler-elasticity-soin-de-nuit-50-ml-peaux-matures.jpg","type":"image\/jpeg"}],"twitter_card":"summary_large_image","twitter_misc":{"Dur\u00e9e de lecture estim\u00e9e":"1 minute"},"schema":{"@context":"https:\/\/schema.org","@graph":[{"@type":"WebPage","@id":"https:\/\/paracherkaoui.ma\/index.php\/produit\/eucerin-hyaluron-filler-elasticity-soin-de-nuit-50-ml\/","url":"https:\/\/paracherkaoui.ma\/index.php\/produit\/eucerin-hyaluron-filler-elasticity-soin-de-nuit-50-ml\/","name":"EUCERIN HYALURON FILLER + ELASTICITY SOIN DE NUIT 50 ML - Paracherkaoui.ma","isPartOf":{"@id":"https:\/\/paracherkaoui.ma\/#website"},"primaryImageOfPage":{"@id":"https:\/\/paracherkaoui.ma\/index.php\/produit\/eucerin-hyaluron-filler-elasticity-soin-de-nuit-50-ml\/#primaryimage"},"image":{"@id":"https:\/\/paracherkaoui.ma\/index.php\/produit\/eucerin-hyaluron-filler-elasticity-soin-de-nuit-50-ml\/#primaryimage"},"thumbnailUrl":"https:\/\/paracherkaoui.ma\/wp-content\/uploads\/2025\/12\/eucerin-eucerin-hyaluron-filler-elasticity-soin-de-nuit-50-ml-peaux-matures.jpg","datePublished":"2025-12-12T16:47:25+00:00","dateModified":"2025-12-12T16:47:28+00:00","breadcrumb":{"@id":"https:\/\/paracherkaoui.ma\/index.php\/produit\/eucerin-hyaluron-filler-elasticity-soin-de-nuit-50-ml\/#breadcrumb"},"inLanguage":"fr-FR","potentialAction":[{"@type":"ReadAction","target":["https:\/\/paracherkaoui.ma\/index.php\/produit\/eucerin-hyaluron-filler-elasticity-soin-de-nuit-50-ml\/"]}]},{"@type":"ImageObject","inLanguage":"fr-FR","@id":"https:\/\/paracherkaoui.ma\/index.php\/produit\/eucerin-hyaluron-filler-elasticity-soin-de-nuit-50-ml\/#primaryimage","url":"https:\/\/paracherkaoui.ma\/wp-content\/uploads\/2025\/12\/eucerin-eucerin-hyaluron-filler-elasticity-soin-de-nuit-50-ml-peaux-matures.jpg","contentUrl":"https:\/\/paracherkaoui.ma\/wp-content\/uploads\/2025\/12\/eucerin-eucerin-hyaluron-filler-elasticity-soin-de-nuit-50-ml-peaux-matures.jpg","width":700,"height":700},{"@type":"BreadcrumbList","@id":"https:\/\/paracherkaoui.ma\/index.php\/produit\/eucerin-hyaluron-filler-elasticity-soin-de-nuit-50-ml\/#breadcrumb","itemListElement":[{"@type":"ListItem","position":1,"name":"Accueil","item":"https:\/\/paracherkaoui.ma\/"},{"@type":"ListItem","position":2,"name":"Boutique","item":"https:\/\/paracherkaoui.ma\/index.php\/boutique\/"},{"@type":"ListItem","position":3,"name":"EUCERIN HYALURON FILLER + ELASTICITY SOIN DE NUIT 50 ML"}]},{"@type":"WebSite","@id":"https:\/\/paracherkaoui.ma\/#website","url":"https:\/\/paracherkaoui.ma\/","name":"Paracherkaoui.ma","description":"Achetez en ligne sur Paracherkaoui.ma","potentialAction":[{"@type":"SearchAction","target":{"@type":"EntryPoint","urlTemplate":"https:\/\/paracherkaoui.ma\/?s={search_term_string}"},"query-input":{"@type":"PropertyValueSpecification","valueRequired":true,"valueName":"search_term_string"}}],"inLanguage":"fr-FR"}]}},"_links":{"self":[{"href":"https:\/\/paracherkaoui.ma\/index.php\/wp-json\/wp\/v2\/product\/13211","targetHints":{"allow":["GET"]}}],"collection":[{"href":"https:\/\/paracherkaoui.ma\/index.php\/wp-json\/wp\/v2\/product"}],"about":[{"href":"https:\/\/paracherkaoui.ma\/index.php\/wp-json\/wp\/v2\/types\/product"}],"replies":[{"embeddable":true,"href":"https:\/\/paracherkaoui.ma\/index.php\/wp-json\/wp\/v2\/comments?post=13211"}],"version-history":[{"count":1,"href":"https:\/\/paracherkaoui.ma\/index.php\/wp-json\/wp\/v2\/product\/13211\/revisions"}],"predecessor-version":[{"id":13259,"href":"https:\/\/paracherkaoui.ma\/index.php\/wp-json\/wp\/v2\/product\/13211\/revisions\/13259"}],"wp:featuredmedia":[{"embeddable":true,"href":"https:\/\/paracherkaoui.ma\/index.php\/wp-json\/wp\/v2\/media\/13258"}],"wp:attachment":[{"href":"https:\/\/paracherkaoui.ma\/index.php\/wp-json\/wp\/v2\/media?parent=13211"}],"wp:term":[{"taxonomy":"product_brand","embeddable":true,"href":"https:\/\/paracherkaoui.ma\/index.php\/wp-json\/wp\/v2\/product_brand?post=13211"},{"taxonomy":"product_cat","embeddable":true,"href":"https:\/\/paracherkaoui.ma\/index.php\/wp-json\/wp\/v2\/product_cat?post=13211"},{"taxonomy":"product_tag","embeddable":true,"href":"https:\/\/paracherkaoui.ma\/index.php\/wp-json\/wp\/v2\/product_tag?post=13211"}],"curies":[{"name":"wp","href":"https:\/\/api.w.org\/{rel}","templated":true}]}}