{"id":13208,"date":"2025-12-12T17:47:24","date_gmt":"2025-12-12T16:47:24","guid":{"rendered":"https:\/\/test.ecbeaute.com\/?post_type=product&#038;p=13208"},"modified":"2025-12-12T17:47:27","modified_gmt":"2025-12-12T16:47:27","slug":"avene-hydrance-aqua-gel-creme-hydratant-50-ml","status":"publish","type":"product","link":"https:\/\/paracherkaoui.ma\/index.php\/produit\/avene-hydrance-aqua-gel-creme-hydratant-50-ml\/","title":{"rendered":"AVENE HYDRANCE AQUA GEL CREME HYDRATANT 50 ML"},"content":{"rendered":"<p>Ce gel-cr\u00e8me \u00e0 la texture aqua-gel tr\u00e8s fra\u00eeche, d\u00e9pose sur la peau une sensation \u00ab voile d&rsquo;eau \u00bb d\u00e9licate, pour apporter confort, souplesse et luminosit\u00e9. Soin complet tout-en-un, hydratant, protecteur, matifiant et \u00e9claircissant, Hydrance aqua-gel offre une hydratation durable et continue. Il hydrate, matifie et \u00e9claire en un seul geste tous les types de peaux sensibles d\u00e9shydrat\u00e9es. Soin hydratant complet, qui prot\u00e8ge la peau des agressions quotidiennes via l&rsquo;action antioxydante de la Provitamine E (Pr\u00e9-tocoph\u00e9ryl) combin\u00e9e \u00e0 l&rsquo;extrait de Myrthe, qui contribue \u00e0 illuminer et \u00e9claircir le teint. Enrichi en Cucurbita Pepo, il limite les brillances et rend les pores moins visibles.<br \/>\nLes bienfaits :<br \/>\n\u2022 HYDRATE et matifie la peau.<br \/>\n\u2022 PROT\u00c8GE des radicaux libres.<br \/>\n\u2022 \u00c9CLAIRCIT le teint.<br \/>\nIngr\u00e9dients :<br \/>\nAVENE THERMAL SPRING WATER (AVENE AQUA). GLYCERIN. PENTYLENE GLYCOL. 1,2-HEXANEDIOL. DIMETHICONE. ISOCETYL STEAROYL STEARATE. TRIETHYLHEXANOIN. CAPRYLIC\/CAPRIC TRIGLYCERIDE. BETAINE. METHYL GLUCETH-20. POLYGLYCERYL-10 MYRISTATE. ACRYLATES\/C10-30 ALKYL ACRYLATE CROSSPOLYMER. BHT. BIS-PEG-18 METHYL ETHER DIMETHYL SILANE. C12-20 ALKYL GLUCOSIDE. C14-22 ALCOHOLS. CARBOMER. CITRIC ACID. CUCURBITA PEPO (PUMPKIN) SEED OIL (CUCURBITA PEPO SEED OIL). FRAGRANCE (PARFUM). PHYTOSTEROLS. POTASSIUM HYDROXIDE. SODIUM CITRATE. SODIUM DEXTRAN SULFATE. SODIUM HYALURONATE. SQUALANE. TOCOPHERYL GLUCOSIDE. WATER (AQUA)<br \/>\nConseils d&rsquo;utilisation:<br \/>\nLe matin, appliquer une couche fine sur le visage, le cou et le contour des yeux.<br \/>\nLe soir, appliquer en couche plus \u00e9paisse et laisser poser toute la nuit.<\/p>\n","protected":false},"excerpt":{"rendered":"<p>Ce gel-cr\u00e8me \u00e0 la texture aqua-gel tr\u00e8s fra\u00eeche, d\u00e9pose sur la peau une sensation \u00ab voile d&rsquo;eau \u00bb d\u00e9licate, pour<\/p>\n","protected":false},"featured_media":13252,"comment_status":"open","ping_status":"closed","template":"","meta":[],"product_brand":[136],"product_cat":[173],"product_tag":[],"class_list":{"0":"post-13208","1":"product","2":"type-product","3":"status-publish","4":"has-post-thumbnail","6":"product_brand-avene","7":"product_cat-cremes-et-soins-visage","9":"first","10":"instock","11":"sale","12":"shipping-taxable","13":"purchasable","14":"product-type-simple"},"yoast_head":"<!-- This site is optimized with the Yoast SEO plugin v26.6 - https:\/\/yoast.com\/wordpress\/plugins\/seo\/ -->\r\n<title>AVENE HYDRANCE AQUA GEL CREME HYDRATANT 50 ML - Paracherkaoui.ma<\/title>\r\n<meta name=\"robots\" content=\"index, follow, max-snippet:-1, max-image-preview:large, max-video-preview:-1\" \/>\r\n<link rel=\"canonical\" href=\"https:\/\/paracherkaoui.ma\/index.php\/produit\/avene-hydrance-aqua-gel-creme-hydratant-50-ml\/\" \/>\r\n<meta property=\"og:locale\" content=\"fr_FR\" \/>\r\n<meta property=\"og:type\" content=\"article\" \/>\r\n<meta property=\"og:title\" content=\"AVENE HYDRANCE AQUA GEL CREME HYDRATANT 50 ML - Paracherkaoui.ma\" \/>\r\n<meta property=\"og:description\" content=\"Ce gel-cr\u00e8me \u00e0 la texture aqua-gel tr\u00e8s fra\u00eeche, d\u00e9pose sur la peau une sensation \u00ab voile d&rsquo;eau \u00bb d\u00e9licate, pour\" \/>\r\n<meta property=\"og:url\" content=\"https:\/\/paracherkaoui.ma\/index.php\/produit\/avene-hydrance-aqua-gel-creme-hydratant-50-ml\/\" \/>\r\n<meta property=\"og:site_name\" content=\"Paracherkaoui.ma\" \/>\r\n<meta property=\"article:modified_time\" content=\"2025-12-12T16:47:27+00:00\" \/>\r\n<meta property=\"og:image\" content=\"https:\/\/paracherkaoui.ma\/wp-content\/uploads\/2025\/12\/avene-avene-hydrance-aqua-gel-creme-hydratant-50-ml-cremes-jour.jpg\" \/>\r\n\t<meta property=\"og:image:width\" content=\"700\" \/>\r\n\t<meta property=\"og:image:height\" content=\"700\" \/>\r\n\t<meta property=\"og:image:type\" content=\"image\/jpeg\" \/>\r\n<meta name=\"twitter:card\" content=\"summary_large_image\" \/>\r\n<meta name=\"twitter:label1\" content=\"Dur\u00e9e de lecture estim\u00e9e\" \/>\n\t<meta name=\"twitter:data1\" content=\"1 minute\" \/>\r\n<script type=\"application\/ld+json\" class=\"yoast-schema-graph\">{\"@context\":\"https:\/\/schema.org\",\"@graph\":[{\"@type\":\"WebPage\",\"@id\":\"https:\/\/paracherkaoui.ma\/index.php\/produit\/avene-hydrance-aqua-gel-creme-hydratant-50-ml\/\",\"url\":\"https:\/\/paracherkaoui.ma\/index.php\/produit\/avene-hydrance-aqua-gel-creme-hydratant-50-ml\/\",\"name\":\"AVENE HYDRANCE AQUA GEL CREME HYDRATANT 50 ML - Paracherkaoui.ma\",\"isPartOf\":{\"@id\":\"https:\/\/paracherkaoui.ma\/#website\"},\"primaryImageOfPage\":{\"@id\":\"https:\/\/paracherkaoui.ma\/index.php\/produit\/avene-hydrance-aqua-gel-creme-hydratant-50-ml\/#primaryimage\"},\"image\":{\"@id\":\"https:\/\/paracherkaoui.ma\/index.php\/produit\/avene-hydrance-aqua-gel-creme-hydratant-50-ml\/#primaryimage\"},\"thumbnailUrl\":\"https:\/\/paracherkaoui.ma\/wp-content\/uploads\/2025\/12\/avene-avene-hydrance-aqua-gel-creme-hydratant-50-ml-cremes-jour.jpg\",\"datePublished\":\"2025-12-12T16:47:24+00:00\",\"dateModified\":\"2025-12-12T16:47:27+00:00\",\"breadcrumb\":{\"@id\":\"https:\/\/paracherkaoui.ma\/index.php\/produit\/avene-hydrance-aqua-gel-creme-hydratant-50-ml\/#breadcrumb\"},\"inLanguage\":\"fr-FR\",\"potentialAction\":[{\"@type\":\"ReadAction\",\"target\":[\"https:\/\/paracherkaoui.ma\/index.php\/produit\/avene-hydrance-aqua-gel-creme-hydratant-50-ml\/\"]}]},{\"@type\":\"ImageObject\",\"inLanguage\":\"fr-FR\",\"@id\":\"https:\/\/paracherkaoui.ma\/index.php\/produit\/avene-hydrance-aqua-gel-creme-hydratant-50-ml\/#primaryimage\",\"url\":\"https:\/\/paracherkaoui.ma\/wp-content\/uploads\/2025\/12\/avene-avene-hydrance-aqua-gel-creme-hydratant-50-ml-cremes-jour.jpg\",\"contentUrl\":\"https:\/\/paracherkaoui.ma\/wp-content\/uploads\/2025\/12\/avene-avene-hydrance-aqua-gel-creme-hydratant-50-ml-cremes-jour.jpg\",\"width\":700,\"height\":700},{\"@type\":\"BreadcrumbList\",\"@id\":\"https:\/\/paracherkaoui.ma\/index.php\/produit\/avene-hydrance-aqua-gel-creme-hydratant-50-ml\/#breadcrumb\",\"itemListElement\":[{\"@type\":\"ListItem\",\"position\":1,\"name\":\"Accueil\",\"item\":\"https:\/\/paracherkaoui.ma\/\"},{\"@type\":\"ListItem\",\"position\":2,\"name\":\"Boutique\",\"item\":\"https:\/\/paracherkaoui.ma\/index.php\/boutique\/\"},{\"@type\":\"ListItem\",\"position\":3,\"name\":\"AVENE HYDRANCE AQUA GEL CREME HYDRATANT 50 ML\"}]},{\"@type\":\"WebSite\",\"@id\":\"https:\/\/paracherkaoui.ma\/#website\",\"url\":\"https:\/\/paracherkaoui.ma\/\",\"name\":\"Paracherkaoui.ma\",\"description\":\"Achetez en ligne sur Paracherkaoui.ma\",\"potentialAction\":[{\"@type\":\"SearchAction\",\"target\":{\"@type\":\"EntryPoint\",\"urlTemplate\":\"https:\/\/paracherkaoui.ma\/?s={search_term_string}\"},\"query-input\":{\"@type\":\"PropertyValueSpecification\",\"valueRequired\":true,\"valueName\":\"search_term_string\"}}],\"inLanguage\":\"fr-FR\"}]}<\/script>\r\n<!-- \/ Yoast SEO plugin. -->","yoast_head_json":{"title":"AVENE HYDRANCE AQUA GEL CREME HYDRATANT 50 ML - Paracherkaoui.ma","robots":{"index":"index","follow":"follow","max-snippet":"max-snippet:-1","max-image-preview":"max-image-preview:large","max-video-preview":"max-video-preview:-1"},"canonical":"https:\/\/paracherkaoui.ma\/index.php\/produit\/avene-hydrance-aqua-gel-creme-hydratant-50-ml\/","og_locale":"fr_FR","og_type":"article","og_title":"AVENE HYDRANCE AQUA GEL CREME HYDRATANT 50 ML - Paracherkaoui.ma","og_description":"Ce gel-cr\u00e8me \u00e0 la texture aqua-gel tr\u00e8s fra\u00eeche, d\u00e9pose sur la peau une sensation \u00ab voile d&rsquo;eau \u00bb d\u00e9licate, pour","og_url":"https:\/\/paracherkaoui.ma\/index.php\/produit\/avene-hydrance-aqua-gel-creme-hydratant-50-ml\/","og_site_name":"Paracherkaoui.ma","article_modified_time":"2025-12-12T16:47:27+00:00","og_image":[{"width":700,"height":700,"url":"https:\/\/paracherkaoui.ma\/wp-content\/uploads\/2025\/12\/avene-avene-hydrance-aqua-gel-creme-hydratant-50-ml-cremes-jour.jpg","type":"image\/jpeg"}],"twitter_card":"summary_large_image","twitter_misc":{"Dur\u00e9e de lecture estim\u00e9e":"1 minute"},"schema":{"@context":"https:\/\/schema.org","@graph":[{"@type":"WebPage","@id":"https:\/\/paracherkaoui.ma\/index.php\/produit\/avene-hydrance-aqua-gel-creme-hydratant-50-ml\/","url":"https:\/\/paracherkaoui.ma\/index.php\/produit\/avene-hydrance-aqua-gel-creme-hydratant-50-ml\/","name":"AVENE HYDRANCE AQUA GEL CREME HYDRATANT 50 ML - Paracherkaoui.ma","isPartOf":{"@id":"https:\/\/paracherkaoui.ma\/#website"},"primaryImageOfPage":{"@id":"https:\/\/paracherkaoui.ma\/index.php\/produit\/avene-hydrance-aqua-gel-creme-hydratant-50-ml\/#primaryimage"},"image":{"@id":"https:\/\/paracherkaoui.ma\/index.php\/produit\/avene-hydrance-aqua-gel-creme-hydratant-50-ml\/#primaryimage"},"thumbnailUrl":"https:\/\/paracherkaoui.ma\/wp-content\/uploads\/2025\/12\/avene-avene-hydrance-aqua-gel-creme-hydratant-50-ml-cremes-jour.jpg","datePublished":"2025-12-12T16:47:24+00:00","dateModified":"2025-12-12T16:47:27+00:00","breadcrumb":{"@id":"https:\/\/paracherkaoui.ma\/index.php\/produit\/avene-hydrance-aqua-gel-creme-hydratant-50-ml\/#breadcrumb"},"inLanguage":"fr-FR","potentialAction":[{"@type":"ReadAction","target":["https:\/\/paracherkaoui.ma\/index.php\/produit\/avene-hydrance-aqua-gel-creme-hydratant-50-ml\/"]}]},{"@type":"ImageObject","inLanguage":"fr-FR","@id":"https:\/\/paracherkaoui.ma\/index.php\/produit\/avene-hydrance-aqua-gel-creme-hydratant-50-ml\/#primaryimage","url":"https:\/\/paracherkaoui.ma\/wp-content\/uploads\/2025\/12\/avene-avene-hydrance-aqua-gel-creme-hydratant-50-ml-cremes-jour.jpg","contentUrl":"https:\/\/paracherkaoui.ma\/wp-content\/uploads\/2025\/12\/avene-avene-hydrance-aqua-gel-creme-hydratant-50-ml-cremes-jour.jpg","width":700,"height":700},{"@type":"BreadcrumbList","@id":"https:\/\/paracherkaoui.ma\/index.php\/produit\/avene-hydrance-aqua-gel-creme-hydratant-50-ml\/#breadcrumb","itemListElement":[{"@type":"ListItem","position":1,"name":"Accueil","item":"https:\/\/paracherkaoui.ma\/"},{"@type":"ListItem","position":2,"name":"Boutique","item":"https:\/\/paracherkaoui.ma\/index.php\/boutique\/"},{"@type":"ListItem","position":3,"name":"AVENE HYDRANCE AQUA GEL CREME HYDRATANT 50 ML"}]},{"@type":"WebSite","@id":"https:\/\/paracherkaoui.ma\/#website","url":"https:\/\/paracherkaoui.ma\/","name":"Paracherkaoui.ma","description":"Achetez en ligne sur Paracherkaoui.ma","potentialAction":[{"@type":"SearchAction","target":{"@type":"EntryPoint","urlTemplate":"https:\/\/paracherkaoui.ma\/?s={search_term_string}"},"query-input":{"@type":"PropertyValueSpecification","valueRequired":true,"valueName":"search_term_string"}}],"inLanguage":"fr-FR"}]}},"_links":{"self":[{"href":"https:\/\/paracherkaoui.ma\/index.php\/wp-json\/wp\/v2\/product\/13208","targetHints":{"allow":["GET"]}}],"collection":[{"href":"https:\/\/paracherkaoui.ma\/index.php\/wp-json\/wp\/v2\/product"}],"about":[{"href":"https:\/\/paracherkaoui.ma\/index.php\/wp-json\/wp\/v2\/types\/product"}],"replies":[{"embeddable":true,"href":"https:\/\/paracherkaoui.ma\/index.php\/wp-json\/wp\/v2\/comments?post=13208"}],"version-history":[{"count":1,"href":"https:\/\/paracherkaoui.ma\/index.php\/wp-json\/wp\/v2\/product\/13208\/revisions"}],"predecessor-version":[{"id":13253,"href":"https:\/\/paracherkaoui.ma\/index.php\/wp-json\/wp\/v2\/product\/13208\/revisions\/13253"}],"wp:featuredmedia":[{"embeddable":true,"href":"https:\/\/paracherkaoui.ma\/index.php\/wp-json\/wp\/v2\/media\/13252"}],"wp:attachment":[{"href":"https:\/\/paracherkaoui.ma\/index.php\/wp-json\/wp\/v2\/media?parent=13208"}],"wp:term":[{"taxonomy":"product_brand","embeddable":true,"href":"https:\/\/paracherkaoui.ma\/index.php\/wp-json\/wp\/v2\/product_brand?post=13208"},{"taxonomy":"product_cat","embeddable":true,"href":"https:\/\/paracherkaoui.ma\/index.php\/wp-json\/wp\/v2\/product_cat?post=13208"},{"taxonomy":"product_tag","embeddable":true,"href":"https:\/\/paracherkaoui.ma\/index.php\/wp-json\/wp\/v2\/product_tag?post=13208"}],"curies":[{"name":"wp","href":"https:\/\/api.w.org\/{rel}","templated":true}]}}