{"id":13192,"date":"2025-12-12T17:47:24","date_gmt":"2025-12-12T16:47:24","guid":{"rendered":"https:\/\/test.ecbeaute.com\/?post_type=product&#038;p=13192"},"modified":"2025-12-12T17:47:26","modified_gmt":"2025-12-12T16:47:26","slug":"la-roche-posay-effaclar-mat-hydratant-sebo-regulateur-40-ml","status":"publish","type":"product","link":"https:\/\/paracherkaoui.ma\/index.php\/produit\/la-roche-posay-effaclar-mat-hydratant-sebo-regulateur-40-ml\/","title":{"rendered":"LA ROCHE POSAY EFFACLAR MAT HYDRATANT SEBO REGULATEUR 40 ML"},"content":{"rendered":"<p>Hydrate et matifie imm\u00e9diatement.<br \/>\nJour apr\u00e8s jour, le grain de peau est affin\u00e9, les pores se resserent et la production de s\u00e9rum est normalis\u00e9e.Jour apr\u00e8s jour, agit \u00e0 la source pour une double performance anti brillance + anti pores dilat\u00e9s.<br \/>\nAvec l\u2019association exclusive de :<br \/>\n&#8211; La Sebulyse, actif s\u00e9bo-r\u00e9gulateur plus puissant que le Zinc, pour sa capacit\u00e9 \u00e0 d\u00e9samorcer la production de s\u00e9bum \u00e0 sa source.<br \/>\n&#8211; Texture oil-free enrichie en microsph\u00e8res absorbantes et en perlite pour une peau imm\u00e9diatement matifi\u00e9e.<\/p>\n","protected":false},"excerpt":{"rendered":"<p>Hydrate et matifie imm\u00e9diatement. Jour apr\u00e8s jour, le grain de peau est affin\u00e9, les pores se resserent et la production<\/p>\n","protected":false},"featured_media":13228,"comment_status":"open","ping_status":"closed","template":"","meta":[],"product_brand":[132],"product_cat":[173],"product_tag":[],"class_list":{"0":"post-13192","1":"product","2":"type-product","3":"status-publish","4":"has-post-thumbnail","6":"product_brand-la-roche-posay","7":"product_cat-cremes-et-soins-visage","9":"first","10":"instock","11":"sale","12":"shipping-taxable","13":"purchasable","14":"product-type-simple"},"yoast_head":"<!-- This site is optimized with the Yoast SEO plugin v26.6 - https:\/\/yoast.com\/wordpress\/plugins\/seo\/ -->\r\n<title>LA ROCHE POSAY EFFACLAR MAT HYDRATANT SEBO REGULATEUR 40 ML - Paracherkaoui.ma<\/title>\r\n<meta name=\"robots\" content=\"index, follow, max-snippet:-1, max-image-preview:large, max-video-preview:-1\" \/>\r\n<link rel=\"canonical\" href=\"https:\/\/paracherkaoui.ma\/index.php\/produit\/la-roche-posay-effaclar-mat-hydratant-sebo-regulateur-40-ml\/\" \/>\r\n<meta property=\"og:locale\" content=\"fr_FR\" \/>\r\n<meta property=\"og:type\" content=\"article\" \/>\r\n<meta property=\"og:title\" content=\"LA ROCHE POSAY EFFACLAR MAT HYDRATANT SEBO REGULATEUR 40 ML - Paracherkaoui.ma\" \/>\r\n<meta property=\"og:description\" content=\"Hydrate et matifie imm\u00e9diatement. Jour apr\u00e8s jour, le grain de peau est affin\u00e9, les pores se resserent et la production\" \/>\r\n<meta property=\"og:url\" content=\"https:\/\/paracherkaoui.ma\/index.php\/produit\/la-roche-posay-effaclar-mat-hydratant-sebo-regulateur-40-ml\/\" \/>\r\n<meta property=\"og:site_name\" content=\"Paracherkaoui.ma\" \/>\r\n<meta property=\"article:modified_time\" content=\"2025-12-12T16:47:26+00:00\" \/>\r\n<meta property=\"og:image\" content=\"https:\/\/paracherkaoui.ma\/wp-content\/uploads\/2025\/12\/la-roche-posay-la-roche-posay-effaclar-mat-hydratant-sebo-regulateur-40-ml-soins-anti-imperfections.jpg\" \/>\r\n\t<meta property=\"og:image:width\" content=\"700\" \/>\r\n\t<meta property=\"og:image:height\" content=\"700\" \/>\r\n\t<meta property=\"og:image:type\" content=\"image\/jpeg\" \/>\r\n<meta name=\"twitter:card\" content=\"summary_large_image\" \/>\r\n<script type=\"application\/ld+json\" class=\"yoast-schema-graph\">{\"@context\":\"https:\/\/schema.org\",\"@graph\":[{\"@type\":\"WebPage\",\"@id\":\"https:\/\/paracherkaoui.ma\/index.php\/produit\/la-roche-posay-effaclar-mat-hydratant-sebo-regulateur-40-ml\/\",\"url\":\"https:\/\/paracherkaoui.ma\/index.php\/produit\/la-roche-posay-effaclar-mat-hydratant-sebo-regulateur-40-ml\/\",\"name\":\"LA ROCHE POSAY EFFACLAR MAT HYDRATANT SEBO REGULATEUR 40 ML - Paracherkaoui.ma\",\"isPartOf\":{\"@id\":\"https:\/\/paracherkaoui.ma\/#website\"},\"primaryImageOfPage\":{\"@id\":\"https:\/\/paracherkaoui.ma\/index.php\/produit\/la-roche-posay-effaclar-mat-hydratant-sebo-regulateur-40-ml\/#primaryimage\"},\"image\":{\"@id\":\"https:\/\/paracherkaoui.ma\/index.php\/produit\/la-roche-posay-effaclar-mat-hydratant-sebo-regulateur-40-ml\/#primaryimage\"},\"thumbnailUrl\":\"https:\/\/paracherkaoui.ma\/wp-content\/uploads\/2025\/12\/la-roche-posay-la-roche-posay-effaclar-mat-hydratant-sebo-regulateur-40-ml-soins-anti-imperfections.jpg\",\"datePublished\":\"2025-12-12T16:47:24+00:00\",\"dateModified\":\"2025-12-12T16:47:26+00:00\",\"breadcrumb\":{\"@id\":\"https:\/\/paracherkaoui.ma\/index.php\/produit\/la-roche-posay-effaclar-mat-hydratant-sebo-regulateur-40-ml\/#breadcrumb\"},\"inLanguage\":\"fr-FR\",\"potentialAction\":[{\"@type\":\"ReadAction\",\"target\":[\"https:\/\/paracherkaoui.ma\/index.php\/produit\/la-roche-posay-effaclar-mat-hydratant-sebo-regulateur-40-ml\/\"]}]},{\"@type\":\"ImageObject\",\"inLanguage\":\"fr-FR\",\"@id\":\"https:\/\/paracherkaoui.ma\/index.php\/produit\/la-roche-posay-effaclar-mat-hydratant-sebo-regulateur-40-ml\/#primaryimage\",\"url\":\"https:\/\/paracherkaoui.ma\/wp-content\/uploads\/2025\/12\/la-roche-posay-la-roche-posay-effaclar-mat-hydratant-sebo-regulateur-40-ml-soins-anti-imperfections.jpg\",\"contentUrl\":\"https:\/\/paracherkaoui.ma\/wp-content\/uploads\/2025\/12\/la-roche-posay-la-roche-posay-effaclar-mat-hydratant-sebo-regulateur-40-ml-soins-anti-imperfections.jpg\",\"width\":700,\"height\":700},{\"@type\":\"BreadcrumbList\",\"@id\":\"https:\/\/paracherkaoui.ma\/index.php\/produit\/la-roche-posay-effaclar-mat-hydratant-sebo-regulateur-40-ml\/#breadcrumb\",\"itemListElement\":[{\"@type\":\"ListItem\",\"position\":1,\"name\":\"Accueil\",\"item\":\"https:\/\/paracherkaoui.ma\/\"},{\"@type\":\"ListItem\",\"position\":2,\"name\":\"Boutique\",\"item\":\"https:\/\/paracherkaoui.ma\/index.php\/boutique\/\"},{\"@type\":\"ListItem\",\"position\":3,\"name\":\"LA ROCHE POSAY EFFACLAR MAT HYDRATANT SEBO REGULATEUR 40 ML\"}]},{\"@type\":\"WebSite\",\"@id\":\"https:\/\/paracherkaoui.ma\/#website\",\"url\":\"https:\/\/paracherkaoui.ma\/\",\"name\":\"Paracherkaoui.ma\",\"description\":\"Achetez en ligne sur Paracherkaoui.ma\",\"potentialAction\":[{\"@type\":\"SearchAction\",\"target\":{\"@type\":\"EntryPoint\",\"urlTemplate\":\"https:\/\/paracherkaoui.ma\/?s={search_term_string}\"},\"query-input\":{\"@type\":\"PropertyValueSpecification\",\"valueRequired\":true,\"valueName\":\"search_term_string\"}}],\"inLanguage\":\"fr-FR\"}]}<\/script>\r\n<!-- \/ Yoast SEO plugin. -->","yoast_head_json":{"title":"LA ROCHE POSAY EFFACLAR MAT HYDRATANT SEBO REGULATEUR 40 ML - Paracherkaoui.ma","robots":{"index":"index","follow":"follow","max-snippet":"max-snippet:-1","max-image-preview":"max-image-preview:large","max-video-preview":"max-video-preview:-1"},"canonical":"https:\/\/paracherkaoui.ma\/index.php\/produit\/la-roche-posay-effaclar-mat-hydratant-sebo-regulateur-40-ml\/","og_locale":"fr_FR","og_type":"article","og_title":"LA ROCHE POSAY EFFACLAR MAT HYDRATANT SEBO REGULATEUR 40 ML - Paracherkaoui.ma","og_description":"Hydrate et matifie imm\u00e9diatement. Jour apr\u00e8s jour, le grain de peau est affin\u00e9, les pores se resserent et la production","og_url":"https:\/\/paracherkaoui.ma\/index.php\/produit\/la-roche-posay-effaclar-mat-hydratant-sebo-regulateur-40-ml\/","og_site_name":"Paracherkaoui.ma","article_modified_time":"2025-12-12T16:47:26+00:00","og_image":[{"width":700,"height":700,"url":"https:\/\/paracherkaoui.ma\/wp-content\/uploads\/2025\/12\/la-roche-posay-la-roche-posay-effaclar-mat-hydratant-sebo-regulateur-40-ml-soins-anti-imperfections.jpg","type":"image\/jpeg"}],"twitter_card":"summary_large_image","schema":{"@context":"https:\/\/schema.org","@graph":[{"@type":"WebPage","@id":"https:\/\/paracherkaoui.ma\/index.php\/produit\/la-roche-posay-effaclar-mat-hydratant-sebo-regulateur-40-ml\/","url":"https:\/\/paracherkaoui.ma\/index.php\/produit\/la-roche-posay-effaclar-mat-hydratant-sebo-regulateur-40-ml\/","name":"LA ROCHE POSAY EFFACLAR MAT HYDRATANT SEBO REGULATEUR 40 ML - Paracherkaoui.ma","isPartOf":{"@id":"https:\/\/paracherkaoui.ma\/#website"},"primaryImageOfPage":{"@id":"https:\/\/paracherkaoui.ma\/index.php\/produit\/la-roche-posay-effaclar-mat-hydratant-sebo-regulateur-40-ml\/#primaryimage"},"image":{"@id":"https:\/\/paracherkaoui.ma\/index.php\/produit\/la-roche-posay-effaclar-mat-hydratant-sebo-regulateur-40-ml\/#primaryimage"},"thumbnailUrl":"https:\/\/paracherkaoui.ma\/wp-content\/uploads\/2025\/12\/la-roche-posay-la-roche-posay-effaclar-mat-hydratant-sebo-regulateur-40-ml-soins-anti-imperfections.jpg","datePublished":"2025-12-12T16:47:24+00:00","dateModified":"2025-12-12T16:47:26+00:00","breadcrumb":{"@id":"https:\/\/paracherkaoui.ma\/index.php\/produit\/la-roche-posay-effaclar-mat-hydratant-sebo-regulateur-40-ml\/#breadcrumb"},"inLanguage":"fr-FR","potentialAction":[{"@type":"ReadAction","target":["https:\/\/paracherkaoui.ma\/index.php\/produit\/la-roche-posay-effaclar-mat-hydratant-sebo-regulateur-40-ml\/"]}]},{"@type":"ImageObject","inLanguage":"fr-FR","@id":"https:\/\/paracherkaoui.ma\/index.php\/produit\/la-roche-posay-effaclar-mat-hydratant-sebo-regulateur-40-ml\/#primaryimage","url":"https:\/\/paracherkaoui.ma\/wp-content\/uploads\/2025\/12\/la-roche-posay-la-roche-posay-effaclar-mat-hydratant-sebo-regulateur-40-ml-soins-anti-imperfections.jpg","contentUrl":"https:\/\/paracherkaoui.ma\/wp-content\/uploads\/2025\/12\/la-roche-posay-la-roche-posay-effaclar-mat-hydratant-sebo-regulateur-40-ml-soins-anti-imperfections.jpg","width":700,"height":700},{"@type":"BreadcrumbList","@id":"https:\/\/paracherkaoui.ma\/index.php\/produit\/la-roche-posay-effaclar-mat-hydratant-sebo-regulateur-40-ml\/#breadcrumb","itemListElement":[{"@type":"ListItem","position":1,"name":"Accueil","item":"https:\/\/paracherkaoui.ma\/"},{"@type":"ListItem","position":2,"name":"Boutique","item":"https:\/\/paracherkaoui.ma\/index.php\/boutique\/"},{"@type":"ListItem","position":3,"name":"LA ROCHE POSAY EFFACLAR MAT HYDRATANT SEBO REGULATEUR 40 ML"}]},{"@type":"WebSite","@id":"https:\/\/paracherkaoui.ma\/#website","url":"https:\/\/paracherkaoui.ma\/","name":"Paracherkaoui.ma","description":"Achetez en ligne sur Paracherkaoui.ma","potentialAction":[{"@type":"SearchAction","target":{"@type":"EntryPoint","urlTemplate":"https:\/\/paracherkaoui.ma\/?s={search_term_string}"},"query-input":{"@type":"PropertyValueSpecification","valueRequired":true,"valueName":"search_term_string"}}],"inLanguage":"fr-FR"}]}},"_links":{"self":[{"href":"https:\/\/paracherkaoui.ma\/index.php\/wp-json\/wp\/v2\/product\/13192","targetHints":{"allow":["GET"]}}],"collection":[{"href":"https:\/\/paracherkaoui.ma\/index.php\/wp-json\/wp\/v2\/product"}],"about":[{"href":"https:\/\/paracherkaoui.ma\/index.php\/wp-json\/wp\/v2\/types\/product"}],"replies":[{"embeddable":true,"href":"https:\/\/paracherkaoui.ma\/index.php\/wp-json\/wp\/v2\/comments?post=13192"}],"version-history":[{"count":1,"href":"https:\/\/paracherkaoui.ma\/index.php\/wp-json\/wp\/v2\/product\/13192\/revisions"}],"predecessor-version":[{"id":13229,"href":"https:\/\/paracherkaoui.ma\/index.php\/wp-json\/wp\/v2\/product\/13192\/revisions\/13229"}],"wp:featuredmedia":[{"embeddable":true,"href":"https:\/\/paracherkaoui.ma\/index.php\/wp-json\/wp\/v2\/media\/13228"}],"wp:attachment":[{"href":"https:\/\/paracherkaoui.ma\/index.php\/wp-json\/wp\/v2\/media?parent=13192"}],"wp:term":[{"taxonomy":"product_brand","embeddable":true,"href":"https:\/\/paracherkaoui.ma\/index.php\/wp-json\/wp\/v2\/product_brand?post=13192"},{"taxonomy":"product_cat","embeddable":true,"href":"https:\/\/paracherkaoui.ma\/index.php\/wp-json\/wp\/v2\/product_cat?post=13192"},{"taxonomy":"product_tag","embeddable":true,"href":"https:\/\/paracherkaoui.ma\/index.php\/wp-json\/wp\/v2\/product_tag?post=13192"}],"curies":[{"name":"wp","href":"https:\/\/api.w.org\/{rel}","templated":true}]}}