{"id":13191,"date":"2025-12-12T17:47:24","date_gmt":"2025-12-12T16:47:24","guid":{"rendered":"https:\/\/test.ecbeaute.com\/?post_type=product&#038;p=13191"},"modified":"2025-12-12T17:47:26","modified_gmt":"2025-12-12T16:47:26","slug":"la-roche-posay-pure-vitamin-c12-serum-30-ml","status":"publish","type":"product","link":"https:\/\/paracherkaoui.ma\/index.php\/produit\/la-roche-posay-pure-vitamin-c12-serum-30-ml\/","title":{"rendered":"LA ROCHE POSAY PURE VITAMIN C12 SERUM 30 ML"},"content":{"rendered":"<p>.elementor-244 .elementor-element.elementor-element-3f6c00ba .elementor-tab-title, .elementor-244 .elementor-element.elementor-element-3f6c00ba .elementor-tab-title:before, .elementor-244 .elementor-element.elementor-element-3f6c00ba .elementor-tab-title:after, .elementor-244 .elementor-element.elementor-element-3f6c00ba .elementor-tab-content, .elementor-244 .elementor-element.elementor-element-3f6c00ba .elementor-tabs-content-wrapper{border-width:0.5px;}.elementor-244 .elementor-element.elementor-element-3f6c00ba .elementor-tab-title{color:#000000;}.elementor-244 .elementor-element.elementor-element-3f6c00ba .elementor-tab-title.elementor-active{color:#00a28d;}.elementor-244 .elementor-element.elementor-element-3f6c00ba .elementor-tab-content{color:#000000;}.elementor-244 .elementor-element.elementor-element-498686b1 .axps-swiper-slider .swiper-slide img{width:auto;}.elementor-244 .elementor-element.elementor-element-498686b1 .wrapper-items:not(.swiper-container-initialized) .item{-ms-flex:0 0 calc(100%\/2);flex:0 0 calc(100%\/2);max-width:calc(100%\/2);}.elementor-244 .elementor-element.elementor-element-498686b1 .wrapper-items .swiper-slide{padding-left:calc(30px\/2);padding-right:calc(30px\/2);}.elementor-244 .elementor-element.elementor-element-498686b1 .wrapper-items .swiper-slide .item-inner{margin-bottom:30px;}.elementor-244 .elementor-element.elementor-element-498686b1 .wrapper-items{margin-left:calc(-30px\/2);margin-right:calc(-30px\/2);}.elementor-244 .elementor-element.elementor-element-498686b1 .swiper-wrapper .item-inner{text-align:center;}.elementor-244 .elementor-element.elementor-element-d1ec08a{text-align:center;}.elementor-244 .elementor-element.elementor-element-d1ec08a.elementor-widget-heading .elementor-heading-title{color:#000000;}.elementor-244 .elementor-element.elementor-element-d1ec08a .elementor-heading-title{font-size:17px;font-weight:900;}.elementor-244 .elementor-element.elementor-element-454f2a34{margin-top:-16px;margin-bottom:0px;}.elementor-244 .elementor-element.elementor-element-2e19f3a7 > .elementor-widget-container{margin:-46px 0px 0px 0px;}.elementor-244 .elementor-element.elementor-element-489a47b6 > .elementor-widget-container{margin:-46px 0px 0px 0px;}.elementor-244 .elementor-element.elementor-element-61552d06 > .elementor-widget-container{margin:-46px 0px 0px 0px;}.elementor-244 .elementor-element.elementor-element-681800f1 > .elementor-widget-container{margin:-46px 0px 0px 0px;}.elementor-244 .elementor-element.elementor-element-8955099{text-align:center;}.elementor-244 .elementor-element.elementor-element-8955099.elementor-widget-heading .elementor-heading-title{color:#000000;}.elementor-244 .elementor-element.elementor-element-8955099 .elementor-heading-title{font-size:17px;font-weight:900;}.elementor-244 .elementor-element.elementor-element-58c01f16{margin-top:-16px;margin-bottom:0px;}.elementor-244 .elementor-element.elementor-element-15acc1f8 > .elementor-widget-container{margin:-46px 0px 0px 0px;}.elementor-244 .elementor-element.elementor-element-56428501 > .elementor-widget-container{margin:-46px 0px 0px 0px;}.elementor-244 .elementor-element.elementor-element-788e2853 > .elementor-widget-container{margin:-46px 0px 0px 0px;}@media(max-width:1024px){.elementor-244 .elementor-element.elementor-element-498686b1 .wrapper-items:not(.swiper-container-initialized) .item{-ms-flex:0 0 calc(100%\/4);flex:0 0 calc(100%\/4);max-width:calc(100%\/4);}.elementor-244 .elementor-element.elementor-element-498686b1 .wrapper-items .swiper-slide{padding-left:calc(20px\/2);padding-right:calc(20px\/2);}.elementor-244 .elementor-element.elementor-element-498686b1 .wrapper-items .swiper-slide .item-inner{margin-bottom:20px;}.elementor-244 .elementor-element.elementor-element-498686b1 .wrapper-items{margin-left:calc(-20px\/2);margin-right:calc(-20px\/2);}.elementor-244 .elementor-element.elementor-element-2e19f3a7 > .elementor-widget-container{margin:-33px 0px 0px 0px;}.elementor-244 .elementor-element.elementor-element-489a47b6 > .elementor-widget-container{margin:-33px 0px 0px 0px;}.elementor-244 .elementor-element.elementor-element-61552d06 > .elementor-widget-container{margin:-33px 0px 0px 0px;}.elementor-244 .elementor-element.elementor-element-681800f1 > .elementor-widget-container{margin:-33px 0px 0px 0px;}.elementor-244 .elementor-element.elementor-element-15acc1f8 > .elementor-widget-container{margin:-33px 0px 0px 0px;}.elementor-244 .elementor-element.elementor-element-56428501 > .elementor-widget-container{margin:-33px 0px 0px 0px;}.elementor-244 .elementor-element.elementor-element-788e2853 > .elementor-widget-container{margin:-33px 0px 0px 0px;}}@media(max-width:767px){.elementor-244 .elementor-element.elementor-element-498686b1 .wrapper-items:not(.swiper-container-initialized) .item{-ms-flex:0 0 calc(100%\/4);flex:0 0 calc(100%\/4);max-width:calc(100%\/4);}.elementor-244 .elementor-element.elementor-element-498686b1 .wrapper-items .swiper-slide{padding-left:calc(10px\/2);padding-right:calc(10px\/2);}.elementor-244 .elementor-element.elementor-element-498686b1 .wrapper-items .swiper-slide .item-inner{margin-bottom:10px;}.elementor-244 .elementor-element.elementor-element-498686b1 .wrapper-items{margin-left:calc(-10px\/2);margin-right:calc(-10px\/2);}.elementor-244 .elementor-element.elementor-element-4143dae5{width:50%;}.elementor-244 .elementor-element.elementor-element-2e19f3a7 > .elementor-widget-container{margin:-26px 0px 0px 0px;}.elementor-244 .elementor-element.elementor-element-69f3d80e{width:50%;}.elementor-244 .elementor-element.elementor-element-489a47b6 > .elementor-widget-container{margin:-26px 0px 0px 0px;}.elementor-244 .elementor-element.elementor-element-6143c8d6{width:50%;}.elementor-244 .elementor-element.elementor-element-61552d06 > .elementor-widget-container{margin:-26px 0px 0px 0px;}.elementor-244 .elementor-element.elementor-element-2a7d7747{width:50%;}.elementor-244 .elementor-element.elementor-element-681800f1 > .elementor-widget-container{margin:-26px 0px 0px 0px;}.elementor-244 .elementor-element.elementor-element-4f19c0f3{width:50%;}.elementor-244 .elementor-element.elementor-element-15acc1f8 > .elementor-widget-container{margin:-26px 0px 0px 0px;}.elementor-244 .elementor-element.elementor-element-6ad86564{width:50%;}.elementor-244 .elementor-element.elementor-element-56428501 > .elementor-widget-container{margin:-26px 0px 0px 0px;}.elementor-244 .elementor-element.elementor-element-7ab328b7{width:50%;}.elementor-244 .elementor-element.elementor-element-788e2853 > .elementor-widget-container{margin:-26px 0px 0px 0px;}}<br \/>\nDescription<br \/>\nConseils d&rsquo;utilisation<br \/>\nComposition<br \/>\nDescription<br \/>\nIngredients :<br \/>\n1\/ 12% DE VITAMINE C PURE<br \/>\nActif anti-\u00e2ge de r\u00e9f\u00e9rence qui r\u00e9v\u00e8le l&rsquo;\u00e9clat de la peau et estompe les rides et ridules. La vitamine C inhibe la production de m\u00e9lanine par les m\u00e9lanocytes dans l&rsquo;\u00e9piderme pour r\u00e9duire l&rsquo;apparence des taches brunes.<br \/>\nR\u00e9sultats apr\u00e8s 2 semaines : 93% des femmes constatent une am\u00e9lioration de l&rsquo;\u00e9clat*<br \/>\n2\/ ACIDE SALICYLIQUE<br \/>\nCe s\u00e9rum \u00e0 la vitamine C est \u00e9galement enrichi en acide salicylique et combine ainsi plusieurs propri\u00e9t\u00e9s. L&rsquo;acide salicylique permet de d\u00e9sobstruer les pores et de r\u00e9duire l&rsquo;accumulation de s\u00e9bum. Naturellement pr\u00e9sent dans certains fruits, l&rsquo;acide salicylique favorise \u00e9galement l&rsquo;\u00e9limination des cellules mortes. Son action k\u00e9ratolytique permet de lisser la surface de la peau.<br \/>\n76% des femmes constatent une am\u00e9lioration de l&rsquo;uniformit\u00e9 du teint*<br \/>\n3\/ NEUROSENSINE<br \/>\nAction apaisante<br \/>\nConseils d&rsquo;utilisation<br \/>\nAppliquer le s\u00e9rum \u00e0 la vitamine C le matin sur l&rsquo;ensemble du visage.<br \/>\nComposition<br \/>\nAQUA \/ WATER \/ EAU \u2022 ASCORBIC ACID \u2022 DIMETHICONE \u2022 GLYCERIN \u2022 ALCOHOL DENAT. \u2022 POTASSIUM HYDROXIDE \u2022 POLYSILICONE-11 \u2022 SILICA \u2022 PENTAERYTHRITYL TETRAETHYLHEXANOATE \u2022 PEG-20 METHYL GLUCOSE SESQUISTEARATE \u2022 SODIUM HYALURONATE \u2022 ADENOSINE \u2022 POLOXAMER 338 \u2022 AMMONIUM POLYACRYLOYLDIMETHYL TAURATE \u2022 HYDROLYZED HYALURONIC ACID \u2022 CAPRYLIC\/CAPRIC TRIGLYCERIDE \u2022 CAPRYLYL GLYCOL \u2022 CITRIC ACID \u2022 LAURETH-7 \u2022 TRISODIUM ETHYLENEDIAMINE DISUCCINATE \u2022 BIS-PEG\/PPG-16\/16 PEG\/PPG-16\/16 DIMETHICONE \u2022 ACETYL DIPEPTIDE-1 CETYL ESTER \u2022 XANTHAN GUM \u2022 PENTYLENE GLYCOL \u2022 POLYACRYLAMIDE \u2022 C13-14 ISOALKANE \u2022 TOCOPHEROL \u2022 PENTAERYTHRITYL TETRA-DI-T-BUTYL HYDROXYHYDROCINNAMATE \u2022 SALICYLIC ACID \u2022 PARFUM \/ FRAGRANCE (F.I.L. N70040246\/1)<br \/>\nD\u00e9couvrez plus de soins La Roche Posay<br \/>\nAjouter au Panier<br \/>\nAjouter au Panier<br \/>\nAjouter au Panier<br \/>\nAjouter au Panier<br \/>\nCompl\u00e9tez votre routine<br \/>\nAjouter au Panier<br \/>\nAjouter au Panier<br \/>\nAjouter au Panier<\/p>\n","protected":false},"excerpt":{"rendered":"<p>.elementor-244 .elementor-element.elementor-element-3f6c00ba .elementor-tab-title, .elementor-244 .elementor-element.elementor-element-3f6c00ba .elementor-tab-title:before, .elementor-244 .elementor-element.elementor-element-3f6c00ba .elementor-tab-title:after, .elementor-244 .elementor-element.elementor-element-3f6c00ba .elementor-tab-content, .elementor-244 .elementor-element.elementor-element-3f6c00ba .elementor-tabs-content-wrapper{border-width:0.5px;}.elementor-244 .elementor-element.elementor-element-3f6c00ba .elementor-tab-title{color:#000000;}.elementor-244 .elementor-element.elementor-element-3f6c00ba .elementor-tab-title.elementor-active{color:#00a28d;}.elementor-244 .elementor-element.elementor-element-3f6c00ba<\/p>\n","protected":false},"featured_media":13226,"comment_status":"open","ping_status":"closed","template":"","meta":[],"product_brand":[132],"product_cat":[173],"product_tag":[],"class_list":{"0":"post-13191","1":"product","2":"type-product","3":"status-publish","4":"has-post-thumbnail","6":"product_brand-la-roche-posay","7":"product_cat-cremes-et-soins-visage","9":"first","10":"instock","11":"sale","12":"shipping-taxable","13":"purchasable","14":"product-type-simple"},"yoast_head":"<!-- This site is optimized with the Yoast SEO plugin v26.6 - https:\/\/yoast.com\/wordpress\/plugins\/seo\/ -->\r\n<title>LA ROCHE POSAY PURE VITAMIN C12 SERUM 30 ML - Paracherkaoui.ma<\/title>\r\n<meta name=\"robots\" content=\"index, follow, max-snippet:-1, max-image-preview:large, max-video-preview:-1\" \/>\r\n<link rel=\"canonical\" href=\"https:\/\/paracherkaoui.ma\/index.php\/produit\/la-roche-posay-pure-vitamin-c12-serum-30-ml\/\" \/>\r\n<meta property=\"og:locale\" content=\"fr_FR\" \/>\r\n<meta property=\"og:type\" content=\"article\" \/>\r\n<meta property=\"og:title\" content=\"LA ROCHE POSAY PURE VITAMIN C12 SERUM 30 ML - Paracherkaoui.ma\" \/>\r\n<meta property=\"og:description\" content=\".elementor-244 .elementor-element.elementor-element-3f6c00ba .elementor-tab-title, .elementor-244 .elementor-element.elementor-element-3f6c00ba .elementor-tab-title:before, .elementor-244 .elementor-element.elementor-element-3f6c00ba .elementor-tab-title:after, .elementor-244 .elementor-element.elementor-element-3f6c00ba .elementor-tab-content, .elementor-244 .elementor-element.elementor-element-3f6c00ba .elementor-tabs-content-wrapper{border-width:0.5px;}.elementor-244 .elementor-element.elementor-element-3f6c00ba .elementor-tab-title{color:#000000;}.elementor-244 .elementor-element.elementor-element-3f6c00ba .elementor-tab-title.elementor-active{color:#00a28d;}.elementor-244 .elementor-element.elementor-element-3f6c00ba\" \/>\r\n<meta property=\"og:url\" content=\"https:\/\/paracherkaoui.ma\/index.php\/produit\/la-roche-posay-pure-vitamin-c12-serum-30-ml\/\" \/>\r\n<meta property=\"og:site_name\" content=\"Paracherkaoui.ma\" \/>\r\n<meta property=\"article:modified_time\" content=\"2025-12-12T16:47:26+00:00\" \/>\r\n<meta property=\"og:image\" content=\"https:\/\/paracherkaoui.ma\/wp-content\/uploads\/2025\/12\/la-roche-posay-la-roche-posay-pure-vitamin-c12-serum-30-ml-cremes-et-soins-visage.jpg\" \/>\r\n\t<meta property=\"og:image:width\" content=\"700\" \/>\r\n\t<meta property=\"og:image:height\" content=\"700\" \/>\r\n\t<meta property=\"og:image:type\" content=\"image\/jpeg\" \/>\r\n<meta name=\"twitter:card\" content=\"summary_large_image\" \/>\r\n<meta name=\"twitter:label1\" content=\"Dur\u00e9e de lecture estim\u00e9e\" \/>\n\t<meta name=\"twitter:data1\" content=\"4 minutes\" \/>\r\n<script type=\"application\/ld+json\" class=\"yoast-schema-graph\">{\"@context\":\"https:\/\/schema.org\",\"@graph\":[{\"@type\":\"WebPage\",\"@id\":\"https:\/\/paracherkaoui.ma\/index.php\/produit\/la-roche-posay-pure-vitamin-c12-serum-30-ml\/\",\"url\":\"https:\/\/paracherkaoui.ma\/index.php\/produit\/la-roche-posay-pure-vitamin-c12-serum-30-ml\/\",\"name\":\"LA ROCHE POSAY PURE VITAMIN C12 SERUM 30 ML - Paracherkaoui.ma\",\"isPartOf\":{\"@id\":\"https:\/\/paracherkaoui.ma\/#website\"},\"primaryImageOfPage\":{\"@id\":\"https:\/\/paracherkaoui.ma\/index.php\/produit\/la-roche-posay-pure-vitamin-c12-serum-30-ml\/#primaryimage\"},\"image\":{\"@id\":\"https:\/\/paracherkaoui.ma\/index.php\/produit\/la-roche-posay-pure-vitamin-c12-serum-30-ml\/#primaryimage\"},\"thumbnailUrl\":\"https:\/\/paracherkaoui.ma\/wp-content\/uploads\/2025\/12\/la-roche-posay-la-roche-posay-pure-vitamin-c12-serum-30-ml-cremes-et-soins-visage.jpg\",\"datePublished\":\"2025-12-12T16:47:24+00:00\",\"dateModified\":\"2025-12-12T16:47:26+00:00\",\"breadcrumb\":{\"@id\":\"https:\/\/paracherkaoui.ma\/index.php\/produit\/la-roche-posay-pure-vitamin-c12-serum-30-ml\/#breadcrumb\"},\"inLanguage\":\"fr-FR\",\"potentialAction\":[{\"@type\":\"ReadAction\",\"target\":[\"https:\/\/paracherkaoui.ma\/index.php\/produit\/la-roche-posay-pure-vitamin-c12-serum-30-ml\/\"]}]},{\"@type\":\"ImageObject\",\"inLanguage\":\"fr-FR\",\"@id\":\"https:\/\/paracherkaoui.ma\/index.php\/produit\/la-roche-posay-pure-vitamin-c12-serum-30-ml\/#primaryimage\",\"url\":\"https:\/\/paracherkaoui.ma\/wp-content\/uploads\/2025\/12\/la-roche-posay-la-roche-posay-pure-vitamin-c12-serum-30-ml-cremes-et-soins-visage.jpg\",\"contentUrl\":\"https:\/\/paracherkaoui.ma\/wp-content\/uploads\/2025\/12\/la-roche-posay-la-roche-posay-pure-vitamin-c12-serum-30-ml-cremes-et-soins-visage.jpg\",\"width\":700,\"height\":700},{\"@type\":\"BreadcrumbList\",\"@id\":\"https:\/\/paracherkaoui.ma\/index.php\/produit\/la-roche-posay-pure-vitamin-c12-serum-30-ml\/#breadcrumb\",\"itemListElement\":[{\"@type\":\"ListItem\",\"position\":1,\"name\":\"Accueil\",\"item\":\"https:\/\/paracherkaoui.ma\/\"},{\"@type\":\"ListItem\",\"position\":2,\"name\":\"Boutique\",\"item\":\"https:\/\/paracherkaoui.ma\/index.php\/boutique\/\"},{\"@type\":\"ListItem\",\"position\":3,\"name\":\"LA ROCHE POSAY PURE VITAMIN C12 SERUM 30 ML\"}]},{\"@type\":\"WebSite\",\"@id\":\"https:\/\/paracherkaoui.ma\/#website\",\"url\":\"https:\/\/paracherkaoui.ma\/\",\"name\":\"Paracherkaoui.ma\",\"description\":\"Achetez en ligne sur Paracherkaoui.ma\",\"potentialAction\":[{\"@type\":\"SearchAction\",\"target\":{\"@type\":\"EntryPoint\",\"urlTemplate\":\"https:\/\/paracherkaoui.ma\/?s={search_term_string}\"},\"query-input\":{\"@type\":\"PropertyValueSpecification\",\"valueRequired\":true,\"valueName\":\"search_term_string\"}}],\"inLanguage\":\"fr-FR\"}]}<\/script>\r\n<!-- \/ Yoast SEO plugin. -->","yoast_head_json":{"title":"LA ROCHE POSAY PURE VITAMIN C12 SERUM 30 ML - Paracherkaoui.ma","robots":{"index":"index","follow":"follow","max-snippet":"max-snippet:-1","max-image-preview":"max-image-preview:large","max-video-preview":"max-video-preview:-1"},"canonical":"https:\/\/paracherkaoui.ma\/index.php\/produit\/la-roche-posay-pure-vitamin-c12-serum-30-ml\/","og_locale":"fr_FR","og_type":"article","og_title":"LA ROCHE POSAY PURE VITAMIN C12 SERUM 30 ML - Paracherkaoui.ma","og_description":".elementor-244 .elementor-element.elementor-element-3f6c00ba .elementor-tab-title, .elementor-244 .elementor-element.elementor-element-3f6c00ba .elementor-tab-title:before, .elementor-244 .elementor-element.elementor-element-3f6c00ba .elementor-tab-title:after, .elementor-244 .elementor-element.elementor-element-3f6c00ba .elementor-tab-content, .elementor-244 .elementor-element.elementor-element-3f6c00ba .elementor-tabs-content-wrapper{border-width:0.5px;}.elementor-244 .elementor-element.elementor-element-3f6c00ba .elementor-tab-title{color:#000000;}.elementor-244 .elementor-element.elementor-element-3f6c00ba .elementor-tab-title.elementor-active{color:#00a28d;}.elementor-244 .elementor-element.elementor-element-3f6c00ba","og_url":"https:\/\/paracherkaoui.ma\/index.php\/produit\/la-roche-posay-pure-vitamin-c12-serum-30-ml\/","og_site_name":"Paracherkaoui.ma","article_modified_time":"2025-12-12T16:47:26+00:00","og_image":[{"width":700,"height":700,"url":"https:\/\/paracherkaoui.ma\/wp-content\/uploads\/2025\/12\/la-roche-posay-la-roche-posay-pure-vitamin-c12-serum-30-ml-cremes-et-soins-visage.jpg","type":"image\/jpeg"}],"twitter_card":"summary_large_image","twitter_misc":{"Dur\u00e9e de lecture estim\u00e9e":"4 minutes"},"schema":{"@context":"https:\/\/schema.org","@graph":[{"@type":"WebPage","@id":"https:\/\/paracherkaoui.ma\/index.php\/produit\/la-roche-posay-pure-vitamin-c12-serum-30-ml\/","url":"https:\/\/paracherkaoui.ma\/index.php\/produit\/la-roche-posay-pure-vitamin-c12-serum-30-ml\/","name":"LA ROCHE POSAY PURE VITAMIN C12 SERUM 30 ML - Paracherkaoui.ma","isPartOf":{"@id":"https:\/\/paracherkaoui.ma\/#website"},"primaryImageOfPage":{"@id":"https:\/\/paracherkaoui.ma\/index.php\/produit\/la-roche-posay-pure-vitamin-c12-serum-30-ml\/#primaryimage"},"image":{"@id":"https:\/\/paracherkaoui.ma\/index.php\/produit\/la-roche-posay-pure-vitamin-c12-serum-30-ml\/#primaryimage"},"thumbnailUrl":"https:\/\/paracherkaoui.ma\/wp-content\/uploads\/2025\/12\/la-roche-posay-la-roche-posay-pure-vitamin-c12-serum-30-ml-cremes-et-soins-visage.jpg","datePublished":"2025-12-12T16:47:24+00:00","dateModified":"2025-12-12T16:47:26+00:00","breadcrumb":{"@id":"https:\/\/paracherkaoui.ma\/index.php\/produit\/la-roche-posay-pure-vitamin-c12-serum-30-ml\/#breadcrumb"},"inLanguage":"fr-FR","potentialAction":[{"@type":"ReadAction","target":["https:\/\/paracherkaoui.ma\/index.php\/produit\/la-roche-posay-pure-vitamin-c12-serum-30-ml\/"]}]},{"@type":"ImageObject","inLanguage":"fr-FR","@id":"https:\/\/paracherkaoui.ma\/index.php\/produit\/la-roche-posay-pure-vitamin-c12-serum-30-ml\/#primaryimage","url":"https:\/\/paracherkaoui.ma\/wp-content\/uploads\/2025\/12\/la-roche-posay-la-roche-posay-pure-vitamin-c12-serum-30-ml-cremes-et-soins-visage.jpg","contentUrl":"https:\/\/paracherkaoui.ma\/wp-content\/uploads\/2025\/12\/la-roche-posay-la-roche-posay-pure-vitamin-c12-serum-30-ml-cremes-et-soins-visage.jpg","width":700,"height":700},{"@type":"BreadcrumbList","@id":"https:\/\/paracherkaoui.ma\/index.php\/produit\/la-roche-posay-pure-vitamin-c12-serum-30-ml\/#breadcrumb","itemListElement":[{"@type":"ListItem","position":1,"name":"Accueil","item":"https:\/\/paracherkaoui.ma\/"},{"@type":"ListItem","position":2,"name":"Boutique","item":"https:\/\/paracherkaoui.ma\/index.php\/boutique\/"},{"@type":"ListItem","position":3,"name":"LA ROCHE POSAY PURE VITAMIN C12 SERUM 30 ML"}]},{"@type":"WebSite","@id":"https:\/\/paracherkaoui.ma\/#website","url":"https:\/\/paracherkaoui.ma\/","name":"Paracherkaoui.ma","description":"Achetez en ligne sur Paracherkaoui.ma","potentialAction":[{"@type":"SearchAction","target":{"@type":"EntryPoint","urlTemplate":"https:\/\/paracherkaoui.ma\/?s={search_term_string}"},"query-input":{"@type":"PropertyValueSpecification","valueRequired":true,"valueName":"search_term_string"}}],"inLanguage":"fr-FR"}]}},"_links":{"self":[{"href":"https:\/\/paracherkaoui.ma\/index.php\/wp-json\/wp\/v2\/product\/13191","targetHints":{"allow":["GET"]}}],"collection":[{"href":"https:\/\/paracherkaoui.ma\/index.php\/wp-json\/wp\/v2\/product"}],"about":[{"href":"https:\/\/paracherkaoui.ma\/index.php\/wp-json\/wp\/v2\/types\/product"}],"replies":[{"embeddable":true,"href":"https:\/\/paracherkaoui.ma\/index.php\/wp-json\/wp\/v2\/comments?post=13191"}],"version-history":[{"count":1,"href":"https:\/\/paracherkaoui.ma\/index.php\/wp-json\/wp\/v2\/product\/13191\/revisions"}],"predecessor-version":[{"id":13227,"href":"https:\/\/paracherkaoui.ma\/index.php\/wp-json\/wp\/v2\/product\/13191\/revisions\/13227"}],"wp:featuredmedia":[{"embeddable":true,"href":"https:\/\/paracherkaoui.ma\/index.php\/wp-json\/wp\/v2\/media\/13226"}],"wp:attachment":[{"href":"https:\/\/paracherkaoui.ma\/index.php\/wp-json\/wp\/v2\/media?parent=13191"}],"wp:term":[{"taxonomy":"product_brand","embeddable":true,"href":"https:\/\/paracherkaoui.ma\/index.php\/wp-json\/wp\/v2\/product_brand?post=13191"},{"taxonomy":"product_cat","embeddable":true,"href":"https:\/\/paracherkaoui.ma\/index.php\/wp-json\/wp\/v2\/product_cat?post=13191"},{"taxonomy":"product_tag","embeddable":true,"href":"https:\/\/paracherkaoui.ma\/index.php\/wp-json\/wp\/v2\/product_tag?post=13191"}],"curies":[{"name":"wp","href":"https:\/\/api.w.org\/{rel}","templated":true}]}}