{"id":13185,"date":"2025-12-12T17:47:23","date_gmt":"2025-12-12T16:47:23","guid":{"rendered":"https:\/\/test.ecbeaute.com\/?post_type=product&#038;p=13185"},"modified":"2025-12-12T17:47:25","modified_gmt":"2025-12-12T16:47:25","slug":"la-roche-posay-cicaplast-baume-reparateur-40ml-b5","status":"publish","type":"product","link":"https:\/\/paracherkaoui.ma\/index.php\/produit\/la-roche-posay-cicaplast-baume-reparateur-40ml-b5\/","title":{"rendered":"LA ROCHE POSAY CICAPLAST BAUME REPARATEUR 40ML B5 +"},"content":{"rendered":"<p>.elementor-236 .elementor-element.elementor-element-6596ba3a .elementor-tab-title, .elementor-236 .elementor-element.elementor-element-6596ba3a .elementor-tab-title:before, .elementor-236 .elementor-element.elementor-element-6596ba3a .elementor-tab-title:after, .elementor-236 .elementor-element.elementor-element-6596ba3a .elementor-tab-content, .elementor-236 .elementor-element.elementor-element-6596ba3a .elementor-tabs-content-wrapper{border-width:0.5px;}.elementor-236 .elementor-element.elementor-element-6596ba3a .elementor-tab-title{color:#000000;}.elementor-236 .elementor-element.elementor-element-6596ba3a .elementor-tab-title.elementor-active{color:#00a28d;}.elementor-236 .elementor-element.elementor-element-6596ba3a .elementor-tab-content{color:#000000;}.elementor-236 .elementor-element.elementor-element-4849c051 .axps-swiper-slider .swiper-slide img{width:auto;}.elementor-236 .elementor-element.elementor-element-4849c051 .wrapper-items:not(.swiper-container-initialized) .item{-ms-flex:0 0 calc(100%\/3);flex:0 0 calc(100%\/3);max-width:calc(100%\/3);}.elementor-236 .elementor-element.elementor-element-4849c051 .wrapper-items .swiper-slide{padding-left:calc(30px\/2);padding-right:calc(30px\/2);}.elementor-236 .elementor-element.elementor-element-4849c051 .wrapper-items .swiper-slide .item-inner{margin-bottom:30px;}.elementor-236 .elementor-element.elementor-element-4849c051 .wrapper-items{margin-left:calc(-30px\/2);margin-right:calc(-30px\/2);}.elementor-236 .elementor-element.elementor-element-4849c051 .swiper-wrapper .item-inner{text-align:center;}.elementor-236 .elementor-element.elementor-element-5cddcaee{margin-top:-16px;margin-bottom:0px;}.elementor-236 .elementor-element.elementor-element-3e729ae6 > .elementor-widget-container{margin:-46px 0px 0px 0px;}.elementor-236 .elementor-element.elementor-element-45a53f6c > .elementor-widget-container{margin:-46px 0px 0px 0px;}.elementor-236 .elementor-element.elementor-element-7fb5e2c3 > .elementor-widget-container{margin:-46px 0px 0px 0px;}.elementor-236 .elementor-element.elementor-element-49db3be{margin-top:-16px;margin-bottom:0px;}.elementor-236 .elementor-element.elementor-element-59918a6 > .elementor-widget-container{margin:-46px 0px 0px 0px;}.elementor-236 .elementor-element.elementor-element-b5b58f9 > .elementor-widget-container{margin:-46px 0px 0px 0px;}.elementor-236 .elementor-element.elementor-element-1ff2c6c > .elementor-widget-container{margin:-46px 0px 0px 0px;}.elementor-236 .elementor-element.elementor-element-60c35b6 > .elementor-widget-container{margin:-46px 0px 0px 0px;}@media(max-width:1024px){.elementor-236 .elementor-element.elementor-element-4849c051 .wrapper-items:not(.swiper-container-initialized) .item{-ms-flex:0 0 calc(100%\/4);flex:0 0 calc(100%\/4);max-width:calc(100%\/4);}.elementor-236 .elementor-element.elementor-element-4849c051 .wrapper-items .swiper-slide{padding-left:calc(20px\/2);padding-right:calc(20px\/2);}.elementor-236 .elementor-element.elementor-element-4849c051 .wrapper-items .swiper-slide .item-inner{margin-bottom:20px;}.elementor-236 .elementor-element.elementor-element-4849c051 .wrapper-items{margin-left:calc(-20px\/2);margin-right:calc(-20px\/2);}.elementor-236 .elementor-element.elementor-element-3e729ae6 > .elementor-widget-container{margin:-33px 0px 0px 0px;}.elementor-236 .elementor-element.elementor-element-45a53f6c > .elementor-widget-container{margin:-33px 0px 0px 0px;}.elementor-236 .elementor-element.elementor-element-7fb5e2c3 > .elementor-widget-container{margin:-33px 0px 0px 0px;}.elementor-236 .elementor-element.elementor-element-59918a6 > .elementor-widget-container{margin:-33px 0px 0px 0px;}.elementor-236 .elementor-element.elementor-element-b5b58f9 > .elementor-widget-container{margin:-33px 0px 0px 0px;}.elementor-236 .elementor-element.elementor-element-1ff2c6c > .elementor-widget-container{margin:-33px 0px 0px 0px;}.elementor-236 .elementor-element.elementor-element-60c35b6 > .elementor-widget-container{margin:-33px 0px 0px 0px;}}@media(max-width:767px){.elementor-236 .elementor-element.elementor-element-4849c051 .wrapper-items:not(.swiper-container-initialized) .item{-ms-flex:0 0 calc(100%\/4);flex:0 0 calc(100%\/4);max-width:calc(100%\/4);}.elementor-236 .elementor-element.elementor-element-4849c051 .wrapper-items .swiper-slide{padding-left:calc(10px\/2);padding-right:calc(10px\/2);}.elementor-236 .elementor-element.elementor-element-4849c051 .wrapper-items .swiper-slide .item-inner{margin-bottom:10px;}.elementor-236 .elementor-element.elementor-element-4849c051 .wrapper-items{margin-left:calc(-10px\/2);margin-right:calc(-10px\/2);}.elementor-236 .elementor-element.elementor-element-36a7b82f{width:50%;}.elementor-236 .elementor-element.elementor-element-3e729ae6 > .elementor-widget-container{margin:-26px 0px 0px 0px;}.elementor-236 .elementor-element.elementor-element-21e7bc6d{width:50%;}.elementor-236 .elementor-element.elementor-element-45a53f6c > .elementor-widget-container{margin:-26px 0px 0px 0px;}.elementor-236 .elementor-element.elementor-element-24afb98c{width:50%;}.elementor-236 .elementor-element.elementor-element-7fb5e2c3 > .elementor-widget-container{margin:-26px 0px 0px 0px;}.elementor-236 .elementor-element.elementor-element-becc5ae{width:50%;}.elementor-236 .elementor-element.elementor-element-59918a6 > .elementor-widget-container{margin:-26px 0px 0px 0px;}.elementor-236 .elementor-element.elementor-element-d983aa7{width:50%;}.elementor-236 .elementor-element.elementor-element-b5b58f9 > .elementor-widget-container{margin:-26px 0px 0px 0px;}.elementor-236 .elementor-element.elementor-element-1b4072e{width:50%;}.elementor-236 .elementor-element.elementor-element-1ff2c6c > .elementor-widget-container{margin:-26px 0px 0px 0px;}.elementor-236 .elementor-element.elementor-element-170fb74{width:50%;}.elementor-236 .elementor-element.elementor-element-60c35b6 > .elementor-widget-container{margin:-26px 0px 0px 0px;}}<br \/>\nDescription<br \/>\nConseils d&rsquo;utilisation<br \/>\nComposition<br \/>\nDescription<br \/>\nAu c\u0153ur de sa formule se trouve Tribioma, un complexe pr\u00e9biotique exclusif qui r\u00e9\u00e9quilibre le microbiome cutan\u00e9, essentiel pour une r\u00e9paration optimale de la peau. Associ\u00e9 \u00e0 la Vitamine B5 (Panth\u00e9nol), reconnu pour stimuler la r\u00e9g\u00e9n\u00e9ration cellulaire et calmer les irritations, ainsi qu\u2019au Mad\u00e9cassoside, puissant extrait de la Centella Asiatica, ce baume soulage intens\u00e9ment tout en r\u00e9duisant efficacement les inflammations, les desquamations et les rougeurs. Le cuivre et le zinc renforcent l\u2019action purifiante, tandis que le beurre de karit\u00e9 et la glyc\u00e9rine apportent nutrition et hydratation profonde \u00e0 la peau.<br \/>\nTest\u00e9 sous contr\u00f4le dermatologique et p\u00e9diatrique, Cicaplast Baume B5+ convient \u00e0 toute la famille, y compris les nourrissons, et s\u2019utilise aussi bien sur le visage, le corps que les l\u00e8vres. Il est sans parfum, sans allerg\u00e8nes, avec une texture non collante qui p\u00e9n\u00e8tre rapidement pour laisser un film protecteur confortable.<br \/>\nIndications :<br \/>\nPeaux fragilis\u00e9es : ecz\u00e9ma, \u00e9ryth\u00e8me fessier, irritations post-\u00e9pilation, dartres, s\u00e9cheresse s\u00e9v\u00e8re, br\u00fblures superficielles, post-laser\u2026<br \/>\nConvient aux b\u00e9b\u00e9s, enfants, adultes.<br \/>\nConseils d&rsquo;utilisation<br \/>\nAppliquer 2 fois par jour sur peau propre et s\u00e8che, en couche fine ou plus \u00e9paisse selon l\u2019intensit\u00e9 des l\u00e9sions :<br \/>\nZones cibl\u00e9es du visage, corps, l\u00e8vres.<br \/>\n\u00c9viter le contour des yeux.<br \/>\nUtilisable d\u00e8s la naissance.<br \/>\nComposition<br \/>\nAQUA \/ WATER, HYDROGENATED POLYISOBUTENE, DIMETHICONE, GLYCERIN, BUTYROSPERMUM PARKII BUTTER \/ SHEA BUTTER, PANTHENOL, PROPANEDIOL, BUTYLENE GLYCOL, ALUMINUM STARCH OCTENYLSUCCINATE, CETYL PEG\/PPG-10\/1 DIMETHICONE, TRIHYDROXYSTEARIN, ZINC GLUCONATE, MADECASSOSIDE, MANGANESE GLUCONATE, SILICA, ALUMINUM HYDROXIDE, MAGNESIUM SULFATE, DISODIUM EDTA, COPPER GLUCONATE, CAPRYLOYL GLYCINE, CITRIC ACID, ACETYLATED GLYCOL, STEARATE, POLYGLYCERYL-4 ISOSTEARATE, TOCOPHEROL, PENTAERYTHRITYL TETRA-DI-T-BUTYL, HYDROXYHYDROCINNAMATE, CI 77891 \/ TITANIUM DIOXIDE<br \/>\nSouple, efficace et multiusage, Cicaplast Baume B5+ est le r\u00e9flexe dermo-cosm\u00e9tique des peaux fragilis\u00e9es en qu\u00eate de r\u00e9paration rapide et durable.<br \/>\nAjouter au Panier<br \/>\nAjouter au Panier<br \/>\nAjouter au Panier<br \/>\nAjouter au Panier<br \/>\nAjouter au Panier<br \/>\nAjouter au Panier<br \/>\nAjouter au Panier<\/p>\n","protected":false},"excerpt":{"rendered":"<p>.elementor-236 .elementor-element.elementor-element-6596ba3a .elementor-tab-title, .elementor-236 .elementor-element.elementor-element-6596ba3a .elementor-tab-title:before, .elementor-236 .elementor-element.elementor-element-6596ba3a .elementor-tab-title:after, .elementor-236 .elementor-element.elementor-element-6596ba3a .elementor-tab-content, .elementor-236 .elementor-element.elementor-element-6596ba3a .elementor-tabs-content-wrapper{border-width:0.5px;}.elementor-236 .elementor-element.elementor-element-6596ba3a .elementor-tab-title{color:#000000;}.elementor-236 .elementor-element.elementor-element-6596ba3a .elementor-tab-title.elementor-active{color:#00a28d;}.elementor-236 .elementor-element.elementor-element-6596ba3a<\/p>\n","protected":false},"featured_media":13215,"comment_status":"open","ping_status":"closed","template":"","meta":[],"product_brand":[132],"product_cat":[173],"product_tag":[],"class_list":{"0":"post-13185","1":"product","2":"type-product","3":"status-publish","4":"has-post-thumbnail","6":"product_brand-la-roche-posay","7":"product_cat-cremes-et-soins-visage","9":"first","10":"instock","11":"sale","12":"shipping-taxable","13":"purchasable","14":"product-type-simple"},"yoast_head":"<!-- This site is optimized with the Yoast SEO plugin v26.6 - https:\/\/yoast.com\/wordpress\/plugins\/seo\/ -->\r\n<title>LA ROCHE POSAY CICAPLAST BAUME REPARATEUR 40ML B5 + - Paracherkaoui.ma<\/title>\r\n<meta name=\"robots\" content=\"index, follow, max-snippet:-1, max-image-preview:large, max-video-preview:-1\" \/>\r\n<link rel=\"canonical\" href=\"https:\/\/paracherkaoui.ma\/index.php\/produit\/la-roche-posay-cicaplast-baume-reparateur-40ml-b5\/\" \/>\r\n<meta property=\"og:locale\" content=\"fr_FR\" \/>\r\n<meta property=\"og:type\" content=\"article\" \/>\r\n<meta property=\"og:title\" content=\"LA ROCHE POSAY CICAPLAST BAUME REPARATEUR 40ML B5 + - Paracherkaoui.ma\" \/>\r\n<meta property=\"og:description\" content=\".elementor-236 .elementor-element.elementor-element-6596ba3a .elementor-tab-title, .elementor-236 .elementor-element.elementor-element-6596ba3a .elementor-tab-title:before, .elementor-236 .elementor-element.elementor-element-6596ba3a .elementor-tab-title:after, .elementor-236 .elementor-element.elementor-element-6596ba3a .elementor-tab-content, .elementor-236 .elementor-element.elementor-element-6596ba3a .elementor-tabs-content-wrapper{border-width:0.5px;}.elementor-236 .elementor-element.elementor-element-6596ba3a .elementor-tab-title{color:#000000;}.elementor-236 .elementor-element.elementor-element-6596ba3a .elementor-tab-title.elementor-active{color:#00a28d;}.elementor-236 .elementor-element.elementor-element-6596ba3a\" \/>\r\n<meta property=\"og:url\" content=\"https:\/\/paracherkaoui.ma\/index.php\/produit\/la-roche-posay-cicaplast-baume-reparateur-40ml-b5\/\" \/>\r\n<meta property=\"og:site_name\" content=\"Paracherkaoui.ma\" \/>\r\n<meta property=\"article:modified_time\" content=\"2025-12-12T16:47:25+00:00\" \/>\r\n<meta property=\"og:image\" content=\"https:\/\/paracherkaoui.ma\/wp-content\/uploads\/2025\/12\/la-roche-posay-la-roche-posay-cicaplast-baume-reparateur-40ml-b5-pommades-et-cremes-cicatrisantes.jpg\" \/>\r\n\t<meta property=\"og:image:width\" content=\"700\" \/>\r\n\t<meta property=\"og:image:height\" content=\"700\" \/>\r\n\t<meta property=\"og:image:type\" content=\"image\/jpeg\" \/>\r\n<meta name=\"twitter:card\" content=\"summary_large_image\" \/>\r\n<meta name=\"twitter:label1\" content=\"Dur\u00e9e de lecture estim\u00e9e\" \/>\n\t<meta name=\"twitter:data1\" content=\"4 minutes\" \/>\r\n<script type=\"application\/ld+json\" class=\"yoast-schema-graph\">{\"@context\":\"https:\/\/schema.org\",\"@graph\":[{\"@type\":\"WebPage\",\"@id\":\"https:\/\/paracherkaoui.ma\/index.php\/produit\/la-roche-posay-cicaplast-baume-reparateur-40ml-b5\/\",\"url\":\"https:\/\/paracherkaoui.ma\/index.php\/produit\/la-roche-posay-cicaplast-baume-reparateur-40ml-b5\/\",\"name\":\"LA ROCHE POSAY CICAPLAST BAUME REPARATEUR 40ML B5 + - Paracherkaoui.ma\",\"isPartOf\":{\"@id\":\"https:\/\/paracherkaoui.ma\/#website\"},\"primaryImageOfPage\":{\"@id\":\"https:\/\/paracherkaoui.ma\/index.php\/produit\/la-roche-posay-cicaplast-baume-reparateur-40ml-b5\/#primaryimage\"},\"image\":{\"@id\":\"https:\/\/paracherkaoui.ma\/index.php\/produit\/la-roche-posay-cicaplast-baume-reparateur-40ml-b5\/#primaryimage\"},\"thumbnailUrl\":\"https:\/\/paracherkaoui.ma\/wp-content\/uploads\/2025\/12\/la-roche-posay-la-roche-posay-cicaplast-baume-reparateur-40ml-b5-pommades-et-cremes-cicatrisantes.jpg\",\"datePublished\":\"2025-12-12T16:47:23+00:00\",\"dateModified\":\"2025-12-12T16:47:25+00:00\",\"breadcrumb\":{\"@id\":\"https:\/\/paracherkaoui.ma\/index.php\/produit\/la-roche-posay-cicaplast-baume-reparateur-40ml-b5\/#breadcrumb\"},\"inLanguage\":\"fr-FR\",\"potentialAction\":[{\"@type\":\"ReadAction\",\"target\":[\"https:\/\/paracherkaoui.ma\/index.php\/produit\/la-roche-posay-cicaplast-baume-reparateur-40ml-b5\/\"]}]},{\"@type\":\"ImageObject\",\"inLanguage\":\"fr-FR\",\"@id\":\"https:\/\/paracherkaoui.ma\/index.php\/produit\/la-roche-posay-cicaplast-baume-reparateur-40ml-b5\/#primaryimage\",\"url\":\"https:\/\/paracherkaoui.ma\/wp-content\/uploads\/2025\/12\/la-roche-posay-la-roche-posay-cicaplast-baume-reparateur-40ml-b5-pommades-et-cremes-cicatrisantes.jpg\",\"contentUrl\":\"https:\/\/paracherkaoui.ma\/wp-content\/uploads\/2025\/12\/la-roche-posay-la-roche-posay-cicaplast-baume-reparateur-40ml-b5-pommades-et-cremes-cicatrisantes.jpg\",\"width\":700,\"height\":700},{\"@type\":\"BreadcrumbList\",\"@id\":\"https:\/\/paracherkaoui.ma\/index.php\/produit\/la-roche-posay-cicaplast-baume-reparateur-40ml-b5\/#breadcrumb\",\"itemListElement\":[{\"@type\":\"ListItem\",\"position\":1,\"name\":\"Accueil\",\"item\":\"https:\/\/paracherkaoui.ma\/\"},{\"@type\":\"ListItem\",\"position\":2,\"name\":\"Boutique\",\"item\":\"https:\/\/paracherkaoui.ma\/index.php\/boutique\/\"},{\"@type\":\"ListItem\",\"position\":3,\"name\":\"LA ROCHE POSAY CICAPLAST BAUME REPARATEUR 40ML B5 +\"}]},{\"@type\":\"WebSite\",\"@id\":\"https:\/\/paracherkaoui.ma\/#website\",\"url\":\"https:\/\/paracherkaoui.ma\/\",\"name\":\"Paracherkaoui.ma\",\"description\":\"Achetez en ligne sur Paracherkaoui.ma\",\"potentialAction\":[{\"@type\":\"SearchAction\",\"target\":{\"@type\":\"EntryPoint\",\"urlTemplate\":\"https:\/\/paracherkaoui.ma\/?s={search_term_string}\"},\"query-input\":{\"@type\":\"PropertyValueSpecification\",\"valueRequired\":true,\"valueName\":\"search_term_string\"}}],\"inLanguage\":\"fr-FR\"}]}<\/script>\r\n<!-- \/ Yoast SEO plugin. -->","yoast_head_json":{"title":"LA ROCHE POSAY CICAPLAST BAUME REPARATEUR 40ML B5 + - Paracherkaoui.ma","robots":{"index":"index","follow":"follow","max-snippet":"max-snippet:-1","max-image-preview":"max-image-preview:large","max-video-preview":"max-video-preview:-1"},"canonical":"https:\/\/paracherkaoui.ma\/index.php\/produit\/la-roche-posay-cicaplast-baume-reparateur-40ml-b5\/","og_locale":"fr_FR","og_type":"article","og_title":"LA ROCHE POSAY CICAPLAST BAUME REPARATEUR 40ML B5 + - Paracherkaoui.ma","og_description":".elementor-236 .elementor-element.elementor-element-6596ba3a .elementor-tab-title, .elementor-236 .elementor-element.elementor-element-6596ba3a .elementor-tab-title:before, .elementor-236 .elementor-element.elementor-element-6596ba3a .elementor-tab-title:after, .elementor-236 .elementor-element.elementor-element-6596ba3a .elementor-tab-content, .elementor-236 .elementor-element.elementor-element-6596ba3a .elementor-tabs-content-wrapper{border-width:0.5px;}.elementor-236 .elementor-element.elementor-element-6596ba3a .elementor-tab-title{color:#000000;}.elementor-236 .elementor-element.elementor-element-6596ba3a .elementor-tab-title.elementor-active{color:#00a28d;}.elementor-236 .elementor-element.elementor-element-6596ba3a","og_url":"https:\/\/paracherkaoui.ma\/index.php\/produit\/la-roche-posay-cicaplast-baume-reparateur-40ml-b5\/","og_site_name":"Paracherkaoui.ma","article_modified_time":"2025-12-12T16:47:25+00:00","og_image":[{"width":700,"height":700,"url":"https:\/\/paracherkaoui.ma\/wp-content\/uploads\/2025\/12\/la-roche-posay-la-roche-posay-cicaplast-baume-reparateur-40ml-b5-pommades-et-cremes-cicatrisantes.jpg","type":"image\/jpeg"}],"twitter_card":"summary_large_image","twitter_misc":{"Dur\u00e9e de lecture estim\u00e9e":"4 minutes"},"schema":{"@context":"https:\/\/schema.org","@graph":[{"@type":"WebPage","@id":"https:\/\/paracherkaoui.ma\/index.php\/produit\/la-roche-posay-cicaplast-baume-reparateur-40ml-b5\/","url":"https:\/\/paracherkaoui.ma\/index.php\/produit\/la-roche-posay-cicaplast-baume-reparateur-40ml-b5\/","name":"LA ROCHE POSAY CICAPLAST BAUME REPARATEUR 40ML B5 + - Paracherkaoui.ma","isPartOf":{"@id":"https:\/\/paracherkaoui.ma\/#website"},"primaryImageOfPage":{"@id":"https:\/\/paracherkaoui.ma\/index.php\/produit\/la-roche-posay-cicaplast-baume-reparateur-40ml-b5\/#primaryimage"},"image":{"@id":"https:\/\/paracherkaoui.ma\/index.php\/produit\/la-roche-posay-cicaplast-baume-reparateur-40ml-b5\/#primaryimage"},"thumbnailUrl":"https:\/\/paracherkaoui.ma\/wp-content\/uploads\/2025\/12\/la-roche-posay-la-roche-posay-cicaplast-baume-reparateur-40ml-b5-pommades-et-cremes-cicatrisantes.jpg","datePublished":"2025-12-12T16:47:23+00:00","dateModified":"2025-12-12T16:47:25+00:00","breadcrumb":{"@id":"https:\/\/paracherkaoui.ma\/index.php\/produit\/la-roche-posay-cicaplast-baume-reparateur-40ml-b5\/#breadcrumb"},"inLanguage":"fr-FR","potentialAction":[{"@type":"ReadAction","target":["https:\/\/paracherkaoui.ma\/index.php\/produit\/la-roche-posay-cicaplast-baume-reparateur-40ml-b5\/"]}]},{"@type":"ImageObject","inLanguage":"fr-FR","@id":"https:\/\/paracherkaoui.ma\/index.php\/produit\/la-roche-posay-cicaplast-baume-reparateur-40ml-b5\/#primaryimage","url":"https:\/\/paracherkaoui.ma\/wp-content\/uploads\/2025\/12\/la-roche-posay-la-roche-posay-cicaplast-baume-reparateur-40ml-b5-pommades-et-cremes-cicatrisantes.jpg","contentUrl":"https:\/\/paracherkaoui.ma\/wp-content\/uploads\/2025\/12\/la-roche-posay-la-roche-posay-cicaplast-baume-reparateur-40ml-b5-pommades-et-cremes-cicatrisantes.jpg","width":700,"height":700},{"@type":"BreadcrumbList","@id":"https:\/\/paracherkaoui.ma\/index.php\/produit\/la-roche-posay-cicaplast-baume-reparateur-40ml-b5\/#breadcrumb","itemListElement":[{"@type":"ListItem","position":1,"name":"Accueil","item":"https:\/\/paracherkaoui.ma\/"},{"@type":"ListItem","position":2,"name":"Boutique","item":"https:\/\/paracherkaoui.ma\/index.php\/boutique\/"},{"@type":"ListItem","position":3,"name":"LA ROCHE POSAY CICAPLAST BAUME REPARATEUR 40ML B5 +"}]},{"@type":"WebSite","@id":"https:\/\/paracherkaoui.ma\/#website","url":"https:\/\/paracherkaoui.ma\/","name":"Paracherkaoui.ma","description":"Achetez en ligne sur Paracherkaoui.ma","potentialAction":[{"@type":"SearchAction","target":{"@type":"EntryPoint","urlTemplate":"https:\/\/paracherkaoui.ma\/?s={search_term_string}"},"query-input":{"@type":"PropertyValueSpecification","valueRequired":true,"valueName":"search_term_string"}}],"inLanguage":"fr-FR"}]}},"_links":{"self":[{"href":"https:\/\/paracherkaoui.ma\/index.php\/wp-json\/wp\/v2\/product\/13185","targetHints":{"allow":["GET"]}}],"collection":[{"href":"https:\/\/paracherkaoui.ma\/index.php\/wp-json\/wp\/v2\/product"}],"about":[{"href":"https:\/\/paracherkaoui.ma\/index.php\/wp-json\/wp\/v2\/types\/product"}],"replies":[{"embeddable":true,"href":"https:\/\/paracherkaoui.ma\/index.php\/wp-json\/wp\/v2\/comments?post=13185"}],"version-history":[{"count":1,"href":"https:\/\/paracherkaoui.ma\/index.php\/wp-json\/wp\/v2\/product\/13185\/revisions"}],"predecessor-version":[{"id":13216,"href":"https:\/\/paracherkaoui.ma\/index.php\/wp-json\/wp\/v2\/product\/13185\/revisions\/13216"}],"wp:featuredmedia":[{"embeddable":true,"href":"https:\/\/paracherkaoui.ma\/index.php\/wp-json\/wp\/v2\/media\/13215"}],"wp:attachment":[{"href":"https:\/\/paracherkaoui.ma\/index.php\/wp-json\/wp\/v2\/media?parent=13185"}],"wp:term":[{"taxonomy":"product_brand","embeddable":true,"href":"https:\/\/paracherkaoui.ma\/index.php\/wp-json\/wp\/v2\/product_brand?post=13185"},{"taxonomy":"product_cat","embeddable":true,"href":"https:\/\/paracherkaoui.ma\/index.php\/wp-json\/wp\/v2\/product_cat?post=13185"},{"taxonomy":"product_tag","embeddable":true,"href":"https:\/\/paracherkaoui.ma\/index.php\/wp-json\/wp\/v2\/product_tag?post=13185"}],"curies":[{"name":"wp","href":"https:\/\/api.w.org\/{rel}","templated":true}]}}