{"id":13115,"date":"2025-12-12T17:47:19","date_gmt":"2025-12-12T16:47:19","guid":{"rendered":"https:\/\/test.ecbeaute.com\/?post_type=product&#038;p=13115"},"modified":"2025-12-12T17:47:21","modified_gmt":"2025-12-12T16:47:21","slug":"svr-sun-secure-spray-apres-soleil-rafraichissant-apaisant-et-hydratant-200-ml-2","status":"publish","type":"product","link":"https:\/\/paracherkaoui.ma\/index.php\/produit\/svr-sun-secure-spray-apres-soleil-rafraichissant-apaisant-et-hydratant-200-ml-2\/","title":{"rendered":"SVR SUN SECURE SPRAY APRES SOLEIL RAFRAICHISSANT APAISANT ET HYDRATANT 200 ML"},"content":{"rendered":"<p>Spray apr\u00e8s-soleil rafra\u00eechissant apaisant hydratant<\/p>\n<p>Peaux \u00e9chauff\u00e9es et hypersensibles. B\u00e9b\u00e9, enfant, adulte. Visage et corps. Le nouveau geste rafra\u00eechissant, hydratant et ultra-l\u00e9ger en mode express ! Sa texture brume aqueuse apaise et rafra\u00eechit imm\u00e9diatement les peaux \u00e9chauff\u00e9es par le soleil. Sa formule \u00e0 base d\u2019aloe vera*, niacinamide et ferments microbiotiques aide \u00e0 r\u00e9parer les dommages li\u00e9s \u00e0 l\u2019exposition. R\u00e9-hydrat\u00e9e et r\u00e9par\u00e9e, la peau est plus lumineuse.<br \/>\nConseils d&rsquo;utilisation:<br \/>\nAgiter avant emploi. Appliquer apr\u00e8s l\u2019exposition. Vaporiser dans les mains avant d\u2019appliquer sur le visage.<\/p>\n","protected":false},"excerpt":{"rendered":"<p>Spray apr\u00e8s-soleil rafra\u00eechissant apaisant hydratant Peaux \u00e9chauff\u00e9es et hypersensibles. B\u00e9b\u00e9, enfant, adulte. Visage et corps. Le nouveau geste rafra\u00eechissant, hydratant<\/p>\n","protected":false},"featured_media":12845,"comment_status":"open","ping_status":"closed","template":"","meta":[],"product_brand":[133],"product_cat":[171],"product_tag":[],"class_list":{"0":"post-13115","1":"product","2":"type-product","3":"status-publish","4":"has-post-thumbnail","6":"product_brand-svr","7":"product_cat-protection-solaire-visage","9":"first","10":"instock","11":"sale","12":"shipping-taxable","13":"purchasable","14":"product-type-simple"},"yoast_head":"<!-- This site is optimized with the Yoast SEO plugin v26.6 - https:\/\/yoast.com\/wordpress\/plugins\/seo\/ -->\r\n<title>SVR SUN SECURE SPRAY APRES SOLEIL RAFRAICHISSANT APAISANT ET HYDRATANT 200 ML - Paracherkaoui.ma<\/title>\r\n<meta name=\"robots\" content=\"index, follow, max-snippet:-1, max-image-preview:large, max-video-preview:-1\" \/>\r\n<link rel=\"canonical\" href=\"https:\/\/paracherkaoui.ma\/index.php\/produit\/svr-sun-secure-spray-apres-soleil-rafraichissant-apaisant-et-hydratant-200-ml-2\/\" \/>\r\n<meta property=\"og:locale\" content=\"fr_FR\" \/>\r\n<meta property=\"og:type\" content=\"article\" \/>\r\n<meta property=\"og:title\" content=\"SVR SUN SECURE SPRAY APRES SOLEIL RAFRAICHISSANT APAISANT ET HYDRATANT 200 ML - Paracherkaoui.ma\" \/>\r\n<meta property=\"og:description\" content=\"Spray apr\u00e8s-soleil rafra\u00eechissant apaisant hydratant Peaux \u00e9chauff\u00e9es et hypersensibles. B\u00e9b\u00e9, enfant, adulte. Visage et corps. Le nouveau geste rafra\u00eechissant, hydratant\" \/>\r\n<meta property=\"og:url\" content=\"https:\/\/paracherkaoui.ma\/index.php\/produit\/svr-sun-secure-spray-apres-soleil-rafraichissant-apaisant-et-hydratant-200-ml-2\/\" \/>\r\n<meta property=\"og:site_name\" content=\"Paracherkaoui.ma\" \/>\r\n<meta property=\"article:modified_time\" content=\"2025-12-12T16:47:21+00:00\" \/>\r\n<meta property=\"og:image\" content=\"https:\/\/paracherkaoui.ma\/wp-content\/uploads\/2025\/12\/svr-svr-sun-secure-spray-apres-soleil-rafraichissant-apaisant-et-hydratant-200-ml-apres-soleil.jpg\" \/>\r\n\t<meta property=\"og:image:width\" content=\"700\" \/>\r\n\t<meta property=\"og:image:height\" content=\"700\" \/>\r\n\t<meta property=\"og:image:type\" content=\"image\/jpeg\" \/>\r\n<meta name=\"twitter:card\" content=\"summary_large_image\" \/>\r\n<script type=\"application\/ld+json\" class=\"yoast-schema-graph\">{\"@context\":\"https:\/\/schema.org\",\"@graph\":[{\"@type\":\"WebPage\",\"@id\":\"https:\/\/paracherkaoui.ma\/index.php\/produit\/svr-sun-secure-spray-apres-soleil-rafraichissant-apaisant-et-hydratant-200-ml-2\/\",\"url\":\"https:\/\/paracherkaoui.ma\/index.php\/produit\/svr-sun-secure-spray-apres-soleil-rafraichissant-apaisant-et-hydratant-200-ml-2\/\",\"name\":\"SVR SUN SECURE SPRAY APRES SOLEIL RAFRAICHISSANT APAISANT ET HYDRATANT 200 ML - Paracherkaoui.ma\",\"isPartOf\":{\"@id\":\"https:\/\/paracherkaoui.ma\/#website\"},\"primaryImageOfPage\":{\"@id\":\"https:\/\/paracherkaoui.ma\/index.php\/produit\/svr-sun-secure-spray-apres-soleil-rafraichissant-apaisant-et-hydratant-200-ml-2\/#primaryimage\"},\"image\":{\"@id\":\"https:\/\/paracherkaoui.ma\/index.php\/produit\/svr-sun-secure-spray-apres-soleil-rafraichissant-apaisant-et-hydratant-200-ml-2\/#primaryimage\"},\"thumbnailUrl\":\"https:\/\/paracherkaoui.ma\/wp-content\/uploads\/2025\/12\/svr-svr-sun-secure-spray-apres-soleil-rafraichissant-apaisant-et-hydratant-200-ml-apres-soleil.jpg\",\"datePublished\":\"2025-12-12T16:47:19+00:00\",\"dateModified\":\"2025-12-12T16:47:21+00:00\",\"breadcrumb\":{\"@id\":\"https:\/\/paracherkaoui.ma\/index.php\/produit\/svr-sun-secure-spray-apres-soleil-rafraichissant-apaisant-et-hydratant-200-ml-2\/#breadcrumb\"},\"inLanguage\":\"fr-FR\",\"potentialAction\":[{\"@type\":\"ReadAction\",\"target\":[\"https:\/\/paracherkaoui.ma\/index.php\/produit\/svr-sun-secure-spray-apres-soleil-rafraichissant-apaisant-et-hydratant-200-ml-2\/\"]}]},{\"@type\":\"ImageObject\",\"inLanguage\":\"fr-FR\",\"@id\":\"https:\/\/paracherkaoui.ma\/index.php\/produit\/svr-sun-secure-spray-apres-soleil-rafraichissant-apaisant-et-hydratant-200-ml-2\/#primaryimage\",\"url\":\"https:\/\/paracherkaoui.ma\/wp-content\/uploads\/2025\/12\/svr-svr-sun-secure-spray-apres-soleil-rafraichissant-apaisant-et-hydratant-200-ml-apres-soleil.jpg\",\"contentUrl\":\"https:\/\/paracherkaoui.ma\/wp-content\/uploads\/2025\/12\/svr-svr-sun-secure-spray-apres-soleil-rafraichissant-apaisant-et-hydratant-200-ml-apres-soleil.jpg\",\"width\":700,\"height\":700},{\"@type\":\"BreadcrumbList\",\"@id\":\"https:\/\/paracherkaoui.ma\/index.php\/produit\/svr-sun-secure-spray-apres-soleil-rafraichissant-apaisant-et-hydratant-200-ml-2\/#breadcrumb\",\"itemListElement\":[{\"@type\":\"ListItem\",\"position\":1,\"name\":\"Accueil\",\"item\":\"https:\/\/paracherkaoui.ma\/\"},{\"@type\":\"ListItem\",\"position\":2,\"name\":\"Boutique\",\"item\":\"https:\/\/paracherkaoui.ma\/index.php\/boutique\/\"},{\"@type\":\"ListItem\",\"position\":3,\"name\":\"SVR SUN SECURE SPRAY APRES SOLEIL RAFRAICHISSANT APAISANT ET HYDRATANT 200 ML\"}]},{\"@type\":\"WebSite\",\"@id\":\"https:\/\/paracherkaoui.ma\/#website\",\"url\":\"https:\/\/paracherkaoui.ma\/\",\"name\":\"Paracherkaoui.ma\",\"description\":\"Achetez en ligne sur Paracherkaoui.ma\",\"potentialAction\":[{\"@type\":\"SearchAction\",\"target\":{\"@type\":\"EntryPoint\",\"urlTemplate\":\"https:\/\/paracherkaoui.ma\/?s={search_term_string}\"},\"query-input\":{\"@type\":\"PropertyValueSpecification\",\"valueRequired\":true,\"valueName\":\"search_term_string\"}}],\"inLanguage\":\"fr-FR\"}]}<\/script>\r\n<!-- \/ Yoast SEO plugin. -->","yoast_head_json":{"title":"SVR SUN SECURE SPRAY APRES SOLEIL RAFRAICHISSANT APAISANT ET HYDRATANT 200 ML - Paracherkaoui.ma","robots":{"index":"index","follow":"follow","max-snippet":"max-snippet:-1","max-image-preview":"max-image-preview:large","max-video-preview":"max-video-preview:-1"},"canonical":"https:\/\/paracherkaoui.ma\/index.php\/produit\/svr-sun-secure-spray-apres-soleil-rafraichissant-apaisant-et-hydratant-200-ml-2\/","og_locale":"fr_FR","og_type":"article","og_title":"SVR SUN SECURE SPRAY APRES SOLEIL RAFRAICHISSANT APAISANT ET HYDRATANT 200 ML - Paracherkaoui.ma","og_description":"Spray apr\u00e8s-soleil rafra\u00eechissant apaisant hydratant Peaux \u00e9chauff\u00e9es et hypersensibles. B\u00e9b\u00e9, enfant, adulte. Visage et corps. Le nouveau geste rafra\u00eechissant, hydratant","og_url":"https:\/\/paracherkaoui.ma\/index.php\/produit\/svr-sun-secure-spray-apres-soleil-rafraichissant-apaisant-et-hydratant-200-ml-2\/","og_site_name":"Paracherkaoui.ma","article_modified_time":"2025-12-12T16:47:21+00:00","og_image":[{"width":700,"height":700,"url":"https:\/\/paracherkaoui.ma\/wp-content\/uploads\/2025\/12\/svr-svr-sun-secure-spray-apres-soleil-rafraichissant-apaisant-et-hydratant-200-ml-apres-soleil.jpg","type":"image\/jpeg"}],"twitter_card":"summary_large_image","schema":{"@context":"https:\/\/schema.org","@graph":[{"@type":"WebPage","@id":"https:\/\/paracherkaoui.ma\/index.php\/produit\/svr-sun-secure-spray-apres-soleil-rafraichissant-apaisant-et-hydratant-200-ml-2\/","url":"https:\/\/paracherkaoui.ma\/index.php\/produit\/svr-sun-secure-spray-apres-soleil-rafraichissant-apaisant-et-hydratant-200-ml-2\/","name":"SVR SUN SECURE SPRAY APRES SOLEIL RAFRAICHISSANT APAISANT ET HYDRATANT 200 ML - Paracherkaoui.ma","isPartOf":{"@id":"https:\/\/paracherkaoui.ma\/#website"},"primaryImageOfPage":{"@id":"https:\/\/paracherkaoui.ma\/index.php\/produit\/svr-sun-secure-spray-apres-soleil-rafraichissant-apaisant-et-hydratant-200-ml-2\/#primaryimage"},"image":{"@id":"https:\/\/paracherkaoui.ma\/index.php\/produit\/svr-sun-secure-spray-apres-soleil-rafraichissant-apaisant-et-hydratant-200-ml-2\/#primaryimage"},"thumbnailUrl":"https:\/\/paracherkaoui.ma\/wp-content\/uploads\/2025\/12\/svr-svr-sun-secure-spray-apres-soleil-rafraichissant-apaisant-et-hydratant-200-ml-apres-soleil.jpg","datePublished":"2025-12-12T16:47:19+00:00","dateModified":"2025-12-12T16:47:21+00:00","breadcrumb":{"@id":"https:\/\/paracherkaoui.ma\/index.php\/produit\/svr-sun-secure-spray-apres-soleil-rafraichissant-apaisant-et-hydratant-200-ml-2\/#breadcrumb"},"inLanguage":"fr-FR","potentialAction":[{"@type":"ReadAction","target":["https:\/\/paracherkaoui.ma\/index.php\/produit\/svr-sun-secure-spray-apres-soleil-rafraichissant-apaisant-et-hydratant-200-ml-2\/"]}]},{"@type":"ImageObject","inLanguage":"fr-FR","@id":"https:\/\/paracherkaoui.ma\/index.php\/produit\/svr-sun-secure-spray-apres-soleil-rafraichissant-apaisant-et-hydratant-200-ml-2\/#primaryimage","url":"https:\/\/paracherkaoui.ma\/wp-content\/uploads\/2025\/12\/svr-svr-sun-secure-spray-apres-soleil-rafraichissant-apaisant-et-hydratant-200-ml-apres-soleil.jpg","contentUrl":"https:\/\/paracherkaoui.ma\/wp-content\/uploads\/2025\/12\/svr-svr-sun-secure-spray-apres-soleil-rafraichissant-apaisant-et-hydratant-200-ml-apres-soleil.jpg","width":700,"height":700},{"@type":"BreadcrumbList","@id":"https:\/\/paracherkaoui.ma\/index.php\/produit\/svr-sun-secure-spray-apres-soleil-rafraichissant-apaisant-et-hydratant-200-ml-2\/#breadcrumb","itemListElement":[{"@type":"ListItem","position":1,"name":"Accueil","item":"https:\/\/paracherkaoui.ma\/"},{"@type":"ListItem","position":2,"name":"Boutique","item":"https:\/\/paracherkaoui.ma\/index.php\/boutique\/"},{"@type":"ListItem","position":3,"name":"SVR SUN SECURE SPRAY APRES SOLEIL RAFRAICHISSANT APAISANT ET HYDRATANT 200 ML"}]},{"@type":"WebSite","@id":"https:\/\/paracherkaoui.ma\/#website","url":"https:\/\/paracherkaoui.ma\/","name":"Paracherkaoui.ma","description":"Achetez en ligne sur Paracherkaoui.ma","potentialAction":[{"@type":"SearchAction","target":{"@type":"EntryPoint","urlTemplate":"https:\/\/paracherkaoui.ma\/?s={search_term_string}"},"query-input":{"@type":"PropertyValueSpecification","valueRequired":true,"valueName":"search_term_string"}}],"inLanguage":"fr-FR"}]}},"_links":{"self":[{"href":"https:\/\/paracherkaoui.ma\/index.php\/wp-json\/wp\/v2\/product\/13115","targetHints":{"allow":["GET"]}}],"collection":[{"href":"https:\/\/paracherkaoui.ma\/index.php\/wp-json\/wp\/v2\/product"}],"about":[{"href":"https:\/\/paracherkaoui.ma\/index.php\/wp-json\/wp\/v2\/types\/product"}],"replies":[{"embeddable":true,"href":"https:\/\/paracherkaoui.ma\/index.php\/wp-json\/wp\/v2\/comments?post=13115"}],"version-history":[{"count":1,"href":"https:\/\/paracherkaoui.ma\/index.php\/wp-json\/wp\/v2\/product\/13115\/revisions"}],"predecessor-version":[{"id":13155,"href":"https:\/\/paracherkaoui.ma\/index.php\/wp-json\/wp\/v2\/product\/13115\/revisions\/13155"}],"wp:featuredmedia":[{"embeddable":true,"href":"https:\/\/paracherkaoui.ma\/index.php\/wp-json\/wp\/v2\/media\/12845"}],"wp:attachment":[{"href":"https:\/\/paracherkaoui.ma\/index.php\/wp-json\/wp\/v2\/media?parent=13115"}],"wp:term":[{"taxonomy":"product_brand","embeddable":true,"href":"https:\/\/paracherkaoui.ma\/index.php\/wp-json\/wp\/v2\/product_brand?post=13115"},{"taxonomy":"product_cat","embeddable":true,"href":"https:\/\/paracherkaoui.ma\/index.php\/wp-json\/wp\/v2\/product_cat?post=13115"},{"taxonomy":"product_tag","embeddable":true,"href":"https:\/\/paracherkaoui.ma\/index.php\/wp-json\/wp\/v2\/product_tag?post=13115"}],"curies":[{"name":"wp","href":"https:\/\/api.w.org\/{rel}","templated":true}]}}