{"id":13114,"date":"2025-12-12T17:47:19","date_gmt":"2025-12-12T16:47:19","guid":{"rendered":"https:\/\/test.ecbeaute.com\/?post_type=product&#038;p=13114"},"modified":"2025-12-12T17:47:21","modified_gmt":"2025-12-12T16:47:21","slug":"vichy-offre-capital-soleil-emulsion-protectrice-anti-brillance-peau-mixte-a-grasse-50-ml-spf-50-vichy-mpinerale89-offert-10ml","status":"publish","type":"product","link":"https:\/\/paracherkaoui.ma\/index.php\/produit\/vichy-offre-capital-soleil-emulsion-protectrice-anti-brillance-peau-mixte-a-grasse-50-ml-spf-50-vichy-mpinerale89-offert-10ml\/","title":{"rendered":"VICHY OFFRE CAPITAL SOLEIL EMULSION PROTECTRICE ANTI BRILLANCE PEAU MIXTE A GRASSE 50 ML SPF 50 + VICHY MPINERALE89 OFFERT 10ML"},"content":{"rendered":"<p>Sa formule \u00e0 tr\u00e8s haute protection solaire SPF 50, enrichie en syst\u00e8me filtrant au Mexoryl, agit comme un v\u00e9ritable bouclier contre les UVA et UVB. Elle aide \u00e0 pr\u00e9venir les dommages cutan\u00e9s caus\u00e9s par le soleil, tout en pr\u00e9servant l\u2019\u00e9clat naturel de la peau. Gr\u00e2ce \u00e0 l\u2019eau thermale de Vichy, reconnue pour ses propri\u00e9t\u00e9s apaisantes et fortifiantes, la peau est calm\u00e9e et renforc\u00e9e face aux agressions ext\u00e9rieures.<br \/>\nL\u00e9g\u00e8re et non grasse, cette \u00e9mulsion au toucher sec p\u00e9n\u00e8tre rapidement sans laisser de film blanc. Elle matifie imm\u00e9diatement le teint et limite durablement l\u2019exc\u00e8s de s\u00e9bum. Son efficacit\u00e9 anti-brillance est id\u00e9ale pour les peaux sujettes aux zones de brillance en \u00e9t\u00e9 ou lors d\u2019expositions prolong\u00e9es au soleil.<br \/>\nTest\u00e9e sous contr\u00f4le dermatologique, hypoallerg\u00e9nique, non-com\u00e9dog\u00e8ne et sans parab\u00e8ne, cette protection solaire s\u2019adapte parfaitement aux peaux les plus exigeantes. Elle est \u00e9galement r\u00e9sistante \u00e0 l\u2019eau, pour une s\u00e9curit\u00e9 renforc\u00e9e m\u00eame apr\u00e8s la baignade.<br \/>\nConseils d&rsquo;utilisation<br \/>\nAppliquer g\u00e9n\u00e9reusement sur le visage, le cou et le d\u00e9collet\u00e9 15 \u00e0 30 minutes avant l\u2019exposition au soleil.<br \/>\nRenouveler fr\u00e9quemment l\u2019application, toutes les 2 heures et apr\u00e8s la baignade, le sport ou s\u2019\u00eatre essuy\u00e9.<br \/>\n\u00c9viter le contour des yeux. En cas de contact, rincer imm\u00e9diatement et abondamment.<br \/>\nComposition<br \/>\nAqua \/ Water, Homosalate, Silica, Ethylhexyl Salicylate, Ethylhexyl Triazone, C12-15 Alkyl Benzoate, Bis-Ethylhexyloxyphenol Methoxyphenyl Triazine, Drometrizole Trisiloxane, Butyl Methoxydibenzoylmethane, Aluminum Starch Octenylsuccinate, Octocrylene, Glycerin, Pentylene Glycol, Styrene\/Acrylates Copolymer, Potassium Cetyl Phosphate, Parfum \/ Fragrance, Caprylyl Methicone, Acrylates\/C10-30 Alkyl Acrylate Crosspolymer, Aluminum Hydroxide, Caprylyl Glycol, Cinnamomum Cassia Bark Extract, Dimethicone, Disodium EDTA, Inulin Lauryl Carbamate, PEG-8 Laurate, Phenoxyethanol, Poterium Officinale Root Extract, Stearic Acid, Stearyl Alcohol, Terephthalylidene Dicamphor Sulfonic Acid, Titanium Dioxide, Tocopherol, Triethanolamine, Xanthan Gum, Zingiber Officinale Root Extract \/ Ginger Root Extract<\/p>\n","protected":false},"excerpt":{"rendered":"<p>Sa formule \u00e0 tr\u00e8s haute protection solaire SPF 50, enrichie en syst\u00e8me filtrant au Mexoryl, agit comme un v\u00e9ritable bouclier<\/p>\n","protected":false},"featured_media":13153,"comment_status":"open","ping_status":"closed","template":"","meta":[],"product_brand":[139],"product_cat":[171],"product_tag":[],"class_list":{"0":"post-13114","1":"product","2":"type-product","3":"status-publish","4":"has-post-thumbnail","6":"product_brand-vichy","7":"product_cat-protection-solaire-visage","9":"first","10":"instock","11":"sale","12":"shipping-taxable","13":"purchasable","14":"product-type-simple"},"yoast_head":"<!-- This site is optimized with the Yoast SEO plugin v26.6 - https:\/\/yoast.com\/wordpress\/plugins\/seo\/ -->\r\n<title>VICHY OFFRE CAPITAL SOLEIL EMULSION PROTECTRICE ANTI BRILLANCE PEAU MIXTE A GRASSE 50 ML SPF 50 + VICHY MPINERALE89 OFFERT 10ML - Paracherkaoui.ma<\/title>\r\n<meta name=\"robots\" content=\"index, follow, max-snippet:-1, max-image-preview:large, max-video-preview:-1\" \/>\r\n<link rel=\"canonical\" href=\"https:\/\/paracherkaoui.ma\/index.php\/produit\/vichy-offre-capital-soleil-emulsion-protectrice-anti-brillance-peau-mixte-a-grasse-50-ml-spf-50-vichy-mpinerale89-offert-10ml\/\" \/>\r\n<meta property=\"og:locale\" content=\"fr_FR\" \/>\r\n<meta property=\"og:type\" content=\"article\" \/>\r\n<meta property=\"og:title\" content=\"VICHY OFFRE CAPITAL SOLEIL EMULSION PROTECTRICE ANTI BRILLANCE PEAU MIXTE A GRASSE 50 ML SPF 50 + VICHY MPINERALE89 OFFERT 10ML - Paracherkaoui.ma\" \/>\r\n<meta property=\"og:description\" content=\"Sa formule \u00e0 tr\u00e8s haute protection solaire SPF 50, enrichie en syst\u00e8me filtrant au Mexoryl, agit comme un v\u00e9ritable bouclier\" \/>\r\n<meta property=\"og:url\" content=\"https:\/\/paracherkaoui.ma\/index.php\/produit\/vichy-offre-capital-soleil-emulsion-protectrice-anti-brillance-peau-mixte-a-grasse-50-ml-spf-50-vichy-mpinerale89-offert-10ml\/\" \/>\r\n<meta property=\"og:site_name\" content=\"Paracherkaoui.ma\" \/>\r\n<meta property=\"article:modified_time\" content=\"2025-12-12T16:47:21+00:00\" \/>\r\n<meta property=\"og:image\" content=\"https:\/\/paracherkaoui.ma\/wp-content\/uploads\/2025\/12\/vichy-vichy-offre-capital-soleil-emulsion-protectrice-anti-brillance-peau-mixte-a-grasse-50-ml-spf-50-vichy-mpinerale89-offert-1.jpg\" \/>\r\n\t<meta property=\"og:image:width\" content=\"700\" \/>\r\n\t<meta property=\"og:image:height\" content=\"700\" \/>\r\n\t<meta property=\"og:image:type\" content=\"image\/jpeg\" \/>\r\n<meta name=\"twitter:card\" content=\"summary_large_image\" \/>\r\n<meta name=\"twitter:label1\" content=\"Dur\u00e9e de lecture estim\u00e9e\" \/>\n\t<meta name=\"twitter:data1\" content=\"2 minutes\" \/>\r\n<script type=\"application\/ld+json\" class=\"yoast-schema-graph\">{\"@context\":\"https:\/\/schema.org\",\"@graph\":[{\"@type\":\"WebPage\",\"@id\":\"https:\/\/paracherkaoui.ma\/index.php\/produit\/vichy-offre-capital-soleil-emulsion-protectrice-anti-brillance-peau-mixte-a-grasse-50-ml-spf-50-vichy-mpinerale89-offert-10ml\/\",\"url\":\"https:\/\/paracherkaoui.ma\/index.php\/produit\/vichy-offre-capital-soleil-emulsion-protectrice-anti-brillance-peau-mixte-a-grasse-50-ml-spf-50-vichy-mpinerale89-offert-10ml\/\",\"name\":\"VICHY OFFRE CAPITAL SOLEIL EMULSION PROTECTRICE ANTI BRILLANCE PEAU MIXTE A GRASSE 50 ML SPF 50 + VICHY MPINERALE89 OFFERT 10ML - Paracherkaoui.ma\",\"isPartOf\":{\"@id\":\"https:\/\/paracherkaoui.ma\/#website\"},\"primaryImageOfPage\":{\"@id\":\"https:\/\/paracherkaoui.ma\/index.php\/produit\/vichy-offre-capital-soleil-emulsion-protectrice-anti-brillance-peau-mixte-a-grasse-50-ml-spf-50-vichy-mpinerale89-offert-10ml\/#primaryimage\"},\"image\":{\"@id\":\"https:\/\/paracherkaoui.ma\/index.php\/produit\/vichy-offre-capital-soleil-emulsion-protectrice-anti-brillance-peau-mixte-a-grasse-50-ml-spf-50-vichy-mpinerale89-offert-10ml\/#primaryimage\"},\"thumbnailUrl\":\"https:\/\/paracherkaoui.ma\/wp-content\/uploads\/2025\/12\/vichy-vichy-offre-capital-soleil-emulsion-protectrice-anti-brillance-peau-mixte-a-grasse-50-ml-spf-50-vichy-mpinerale89-offert-1.jpg\",\"datePublished\":\"2025-12-12T16:47:19+00:00\",\"dateModified\":\"2025-12-12T16:47:21+00:00\",\"breadcrumb\":{\"@id\":\"https:\/\/paracherkaoui.ma\/index.php\/produit\/vichy-offre-capital-soleil-emulsion-protectrice-anti-brillance-peau-mixte-a-grasse-50-ml-spf-50-vichy-mpinerale89-offert-10ml\/#breadcrumb\"},\"inLanguage\":\"fr-FR\",\"potentialAction\":[{\"@type\":\"ReadAction\",\"target\":[\"https:\/\/paracherkaoui.ma\/index.php\/produit\/vichy-offre-capital-soleil-emulsion-protectrice-anti-brillance-peau-mixte-a-grasse-50-ml-spf-50-vichy-mpinerale89-offert-10ml\/\"]}]},{\"@type\":\"ImageObject\",\"inLanguage\":\"fr-FR\",\"@id\":\"https:\/\/paracherkaoui.ma\/index.php\/produit\/vichy-offre-capital-soleil-emulsion-protectrice-anti-brillance-peau-mixte-a-grasse-50-ml-spf-50-vichy-mpinerale89-offert-10ml\/#primaryimage\",\"url\":\"https:\/\/paracherkaoui.ma\/wp-content\/uploads\/2025\/12\/vichy-vichy-offre-capital-soleil-emulsion-protectrice-anti-brillance-peau-mixte-a-grasse-50-ml-spf-50-vichy-mpinerale89-offert-1.jpg\",\"contentUrl\":\"https:\/\/paracherkaoui.ma\/wp-content\/uploads\/2025\/12\/vichy-vichy-offre-capital-soleil-emulsion-protectrice-anti-brillance-peau-mixte-a-grasse-50-ml-spf-50-vichy-mpinerale89-offert-1.jpg\",\"width\":700,\"height\":700},{\"@type\":\"BreadcrumbList\",\"@id\":\"https:\/\/paracherkaoui.ma\/index.php\/produit\/vichy-offre-capital-soleil-emulsion-protectrice-anti-brillance-peau-mixte-a-grasse-50-ml-spf-50-vichy-mpinerale89-offert-10ml\/#breadcrumb\",\"itemListElement\":[{\"@type\":\"ListItem\",\"position\":1,\"name\":\"Accueil\",\"item\":\"https:\/\/paracherkaoui.ma\/\"},{\"@type\":\"ListItem\",\"position\":2,\"name\":\"Boutique\",\"item\":\"https:\/\/paracherkaoui.ma\/index.php\/boutique\/\"},{\"@type\":\"ListItem\",\"position\":3,\"name\":\"VICHY OFFRE CAPITAL SOLEIL EMULSION PROTECTRICE ANTI BRILLANCE PEAU MIXTE A GRASSE 50 ML SPF 50 + VICHY MPINERALE89 OFFERT 10ML\"}]},{\"@type\":\"WebSite\",\"@id\":\"https:\/\/paracherkaoui.ma\/#website\",\"url\":\"https:\/\/paracherkaoui.ma\/\",\"name\":\"Paracherkaoui.ma\",\"description\":\"Achetez en ligne sur Paracherkaoui.ma\",\"potentialAction\":[{\"@type\":\"SearchAction\",\"target\":{\"@type\":\"EntryPoint\",\"urlTemplate\":\"https:\/\/paracherkaoui.ma\/?s={search_term_string}\"},\"query-input\":{\"@type\":\"PropertyValueSpecification\",\"valueRequired\":true,\"valueName\":\"search_term_string\"}}],\"inLanguage\":\"fr-FR\"}]}<\/script>\r\n<!-- \/ Yoast SEO plugin. -->","yoast_head_json":{"title":"VICHY OFFRE CAPITAL SOLEIL EMULSION PROTECTRICE ANTI BRILLANCE PEAU MIXTE A GRASSE 50 ML SPF 50 + VICHY MPINERALE89 OFFERT 10ML - Paracherkaoui.ma","robots":{"index":"index","follow":"follow","max-snippet":"max-snippet:-1","max-image-preview":"max-image-preview:large","max-video-preview":"max-video-preview:-1"},"canonical":"https:\/\/paracherkaoui.ma\/index.php\/produit\/vichy-offre-capital-soleil-emulsion-protectrice-anti-brillance-peau-mixte-a-grasse-50-ml-spf-50-vichy-mpinerale89-offert-10ml\/","og_locale":"fr_FR","og_type":"article","og_title":"VICHY OFFRE CAPITAL SOLEIL EMULSION PROTECTRICE ANTI BRILLANCE PEAU MIXTE A GRASSE 50 ML SPF 50 + VICHY MPINERALE89 OFFERT 10ML - Paracherkaoui.ma","og_description":"Sa formule \u00e0 tr\u00e8s haute protection solaire SPF 50, enrichie en syst\u00e8me filtrant au Mexoryl, agit comme un v\u00e9ritable bouclier","og_url":"https:\/\/paracherkaoui.ma\/index.php\/produit\/vichy-offre-capital-soleil-emulsion-protectrice-anti-brillance-peau-mixte-a-grasse-50-ml-spf-50-vichy-mpinerale89-offert-10ml\/","og_site_name":"Paracherkaoui.ma","article_modified_time":"2025-12-12T16:47:21+00:00","og_image":[{"width":700,"height":700,"url":"https:\/\/paracherkaoui.ma\/wp-content\/uploads\/2025\/12\/vichy-vichy-offre-capital-soleil-emulsion-protectrice-anti-brillance-peau-mixte-a-grasse-50-ml-spf-50-vichy-mpinerale89-offert-1.jpg","type":"image\/jpeg"}],"twitter_card":"summary_large_image","twitter_misc":{"Dur\u00e9e de lecture estim\u00e9e":"2 minutes"},"schema":{"@context":"https:\/\/schema.org","@graph":[{"@type":"WebPage","@id":"https:\/\/paracherkaoui.ma\/index.php\/produit\/vichy-offre-capital-soleil-emulsion-protectrice-anti-brillance-peau-mixte-a-grasse-50-ml-spf-50-vichy-mpinerale89-offert-10ml\/","url":"https:\/\/paracherkaoui.ma\/index.php\/produit\/vichy-offre-capital-soleil-emulsion-protectrice-anti-brillance-peau-mixte-a-grasse-50-ml-spf-50-vichy-mpinerale89-offert-10ml\/","name":"VICHY OFFRE CAPITAL SOLEIL EMULSION PROTECTRICE ANTI BRILLANCE PEAU MIXTE A GRASSE 50 ML SPF 50 + VICHY MPINERALE89 OFFERT 10ML - Paracherkaoui.ma","isPartOf":{"@id":"https:\/\/paracherkaoui.ma\/#website"},"primaryImageOfPage":{"@id":"https:\/\/paracherkaoui.ma\/index.php\/produit\/vichy-offre-capital-soleil-emulsion-protectrice-anti-brillance-peau-mixte-a-grasse-50-ml-spf-50-vichy-mpinerale89-offert-10ml\/#primaryimage"},"image":{"@id":"https:\/\/paracherkaoui.ma\/index.php\/produit\/vichy-offre-capital-soleil-emulsion-protectrice-anti-brillance-peau-mixte-a-grasse-50-ml-spf-50-vichy-mpinerale89-offert-10ml\/#primaryimage"},"thumbnailUrl":"https:\/\/paracherkaoui.ma\/wp-content\/uploads\/2025\/12\/vichy-vichy-offre-capital-soleil-emulsion-protectrice-anti-brillance-peau-mixte-a-grasse-50-ml-spf-50-vichy-mpinerale89-offert-1.jpg","datePublished":"2025-12-12T16:47:19+00:00","dateModified":"2025-12-12T16:47:21+00:00","breadcrumb":{"@id":"https:\/\/paracherkaoui.ma\/index.php\/produit\/vichy-offre-capital-soleil-emulsion-protectrice-anti-brillance-peau-mixte-a-grasse-50-ml-spf-50-vichy-mpinerale89-offert-10ml\/#breadcrumb"},"inLanguage":"fr-FR","potentialAction":[{"@type":"ReadAction","target":["https:\/\/paracherkaoui.ma\/index.php\/produit\/vichy-offre-capital-soleil-emulsion-protectrice-anti-brillance-peau-mixte-a-grasse-50-ml-spf-50-vichy-mpinerale89-offert-10ml\/"]}]},{"@type":"ImageObject","inLanguage":"fr-FR","@id":"https:\/\/paracherkaoui.ma\/index.php\/produit\/vichy-offre-capital-soleil-emulsion-protectrice-anti-brillance-peau-mixte-a-grasse-50-ml-spf-50-vichy-mpinerale89-offert-10ml\/#primaryimage","url":"https:\/\/paracherkaoui.ma\/wp-content\/uploads\/2025\/12\/vichy-vichy-offre-capital-soleil-emulsion-protectrice-anti-brillance-peau-mixte-a-grasse-50-ml-spf-50-vichy-mpinerale89-offert-1.jpg","contentUrl":"https:\/\/paracherkaoui.ma\/wp-content\/uploads\/2025\/12\/vichy-vichy-offre-capital-soleil-emulsion-protectrice-anti-brillance-peau-mixte-a-grasse-50-ml-spf-50-vichy-mpinerale89-offert-1.jpg","width":700,"height":700},{"@type":"BreadcrumbList","@id":"https:\/\/paracherkaoui.ma\/index.php\/produit\/vichy-offre-capital-soleil-emulsion-protectrice-anti-brillance-peau-mixte-a-grasse-50-ml-spf-50-vichy-mpinerale89-offert-10ml\/#breadcrumb","itemListElement":[{"@type":"ListItem","position":1,"name":"Accueil","item":"https:\/\/paracherkaoui.ma\/"},{"@type":"ListItem","position":2,"name":"Boutique","item":"https:\/\/paracherkaoui.ma\/index.php\/boutique\/"},{"@type":"ListItem","position":3,"name":"VICHY OFFRE CAPITAL SOLEIL EMULSION PROTECTRICE ANTI BRILLANCE PEAU MIXTE A GRASSE 50 ML SPF 50 + VICHY MPINERALE89 OFFERT 10ML"}]},{"@type":"WebSite","@id":"https:\/\/paracherkaoui.ma\/#website","url":"https:\/\/paracherkaoui.ma\/","name":"Paracherkaoui.ma","description":"Achetez en ligne sur Paracherkaoui.ma","potentialAction":[{"@type":"SearchAction","target":{"@type":"EntryPoint","urlTemplate":"https:\/\/paracherkaoui.ma\/?s={search_term_string}"},"query-input":{"@type":"PropertyValueSpecification","valueRequired":true,"valueName":"search_term_string"}}],"inLanguage":"fr-FR"}]}},"_links":{"self":[{"href":"https:\/\/paracherkaoui.ma\/index.php\/wp-json\/wp\/v2\/product\/13114","targetHints":{"allow":["GET"]}}],"collection":[{"href":"https:\/\/paracherkaoui.ma\/index.php\/wp-json\/wp\/v2\/product"}],"about":[{"href":"https:\/\/paracherkaoui.ma\/index.php\/wp-json\/wp\/v2\/types\/product"}],"replies":[{"embeddable":true,"href":"https:\/\/paracherkaoui.ma\/index.php\/wp-json\/wp\/v2\/comments?post=13114"}],"version-history":[{"count":1,"href":"https:\/\/paracherkaoui.ma\/index.php\/wp-json\/wp\/v2\/product\/13114\/revisions"}],"predecessor-version":[{"id":13154,"href":"https:\/\/paracherkaoui.ma\/index.php\/wp-json\/wp\/v2\/product\/13114\/revisions\/13154"}],"wp:featuredmedia":[{"embeddable":true,"href":"https:\/\/paracherkaoui.ma\/index.php\/wp-json\/wp\/v2\/media\/13153"}],"wp:attachment":[{"href":"https:\/\/paracherkaoui.ma\/index.php\/wp-json\/wp\/v2\/media?parent=13114"}],"wp:term":[{"taxonomy":"product_brand","embeddable":true,"href":"https:\/\/paracherkaoui.ma\/index.php\/wp-json\/wp\/v2\/product_brand?post=13114"},{"taxonomy":"product_cat","embeddable":true,"href":"https:\/\/paracherkaoui.ma\/index.php\/wp-json\/wp\/v2\/product_cat?post=13114"},{"taxonomy":"product_tag","embeddable":true,"href":"https:\/\/paracherkaoui.ma\/index.php\/wp-json\/wp\/v2\/product_tag?post=13114"}],"curies":[{"name":"wp","href":"https:\/\/api.w.org\/{rel}","templated":true}]}}