{"id":13109,"date":"2025-12-12T17:47:19","date_gmt":"2025-12-12T16:47:19","guid":{"rendered":"https:\/\/test.ecbeaute.com\/?post_type=product&#038;p=13109"},"modified":"2025-12-12T17:47:20","modified_gmt":"2025-12-12T16:47:20","slug":"svr-clairial-creme-spf-50-depigmentant-complex-40-ml-2","status":"publish","type":"product","link":"https:\/\/paracherkaoui.ma\/index.php\/produit\/svr-clairial-creme-spf-50-depigmentant-complex-40-ml-2\/","title":{"rendered":"SVR CLAIRIAL CREME SPF 50+ DEPIGMENTANT COMPLEX 40 ml"},"content":{"rendered":"<p>Description:<br \/>\nLe 1er*\u00a0soin anti-taches 2-en-1\u00a0:Pr\u00e9vention:Le 1er* soin d\u00e9pigmentant SPF50+ qui prot\u00e8ge contre les UVA et les UVB, associ\u00e9 \u00e0 un actif anti-lumi\u00e8re bleue.\u00a0Correction:Une tr\u00e8s haute concentration en complexe d\u00e9pigmentant exclusif pour une correction anti-taches intense et une action pr\u00e9ventrice pour \u00e9viter la r\u00e9apparition.Le tout dans une texture non collante au fini mat, qui s\u2019\u00e9tale et p\u00e9n\u00e8tre facilement pour une application quotidienne.Imm\u00e9diatement prot\u00e9g\u00e9e,\u00a0 la peau est unifi\u00e9e. Jour apr\u00e8s jour, les taches s\u2019estompent.<br \/>\nConseils d&rsquo;utilisation:<br \/>\nTous types de taches (soleil, vieillissement, imperfections, teint irr\u00e9gulier).Appliquer le matin sur les zones expos\u00e9es : Visage &#8211; D\u00e9collet\u00e9 &#8211; Mains.Pour une action anti-taches renforc\u00e9e, appliquer les autres produits de la gamme CLAIRAL :\u2022 Matin et soir : Utiliser Clairial S\u00e9rum et Clairial Cr\u00e8me 10 pour une action d\u00e9pigmentante et un teint unifi\u00e9.\u2022 Un soir sur deux : utiliser Clairial Peel, acc\u00e9l\u00e9rateur d\u00e9pigmentant qui booste l\u2019efficacit\u00e9 des soins d\u00e9pigmentants.<br \/>\nAppliquez en quantit\u00e9 suffisante et homog\u00e8ne avant chaque exposition solaire. Renouvelez fr\u00e9quemment l\u2019application. Il est conseill\u00e9 de ne pas s\u2019exposer au soleil entre 12h et 16h.<\/p>\n","protected":false},"excerpt":{"rendered":"<p>Description: Le 1er*\u00a0soin anti-taches 2-en-1\u00a0:Pr\u00e9vention:Le 1er* soin d\u00e9pigmentant SPF50+ qui prot\u00e8ge contre les UVA et les UVB, associ\u00e9 \u00e0 un<\/p>\n","protected":false},"featured_media":11887,"comment_status":"open","ping_status":"closed","template":"","meta":[],"product_brand":[133],"product_cat":[171],"product_tag":[],"class_list":{"0":"post-13109","1":"product","2":"type-product","3":"status-publish","4":"has-post-thumbnail","6":"product_brand-svr","7":"product_cat-protection-solaire-visage","9":"first","10":"instock","11":"sale","12":"shipping-taxable","13":"purchasable","14":"product-type-simple"},"yoast_head":"<!-- This site is optimized with the Yoast SEO plugin v26.6 - https:\/\/yoast.com\/wordpress\/plugins\/seo\/ -->\r\n<title>SVR CLAIRIAL CREME SPF 50+ DEPIGMENTANT COMPLEX 40 ml - Paracherkaoui.ma<\/title>\r\n<meta name=\"robots\" content=\"index, follow, max-snippet:-1, max-image-preview:large, max-video-preview:-1\" \/>\r\n<link rel=\"canonical\" href=\"https:\/\/paracherkaoui.ma\/index.php\/produit\/svr-clairial-creme-spf-50-depigmentant-complex-40-ml-2\/\" \/>\r\n<meta property=\"og:locale\" content=\"fr_FR\" \/>\r\n<meta property=\"og:type\" content=\"article\" \/>\r\n<meta property=\"og:title\" content=\"SVR CLAIRIAL CREME SPF 50+ DEPIGMENTANT COMPLEX 40 ml - Paracherkaoui.ma\" \/>\r\n<meta property=\"og:description\" content=\"Description: Le 1er*\u00a0soin anti-taches 2-en-1\u00a0:Pr\u00e9vention:Le 1er* soin d\u00e9pigmentant SPF50+ qui prot\u00e8ge contre les UVA et les UVB, associ\u00e9 \u00e0 un\" \/>\r\n<meta property=\"og:url\" content=\"https:\/\/paracherkaoui.ma\/index.php\/produit\/svr-clairial-creme-spf-50-depigmentant-complex-40-ml-2\/\" \/>\r\n<meta property=\"og:site_name\" content=\"Paracherkaoui.ma\" \/>\r\n<meta property=\"article:modified_time\" content=\"2025-12-12T16:47:20+00:00\" \/>\r\n<meta property=\"og:image\" content=\"https:\/\/paracherkaoui.ma\/wp-content\/uploads\/2025\/12\/svr-svr-clairial-creme-spf-50-depigmentant-complex-40-ml-cremes-depigmentantes.jpg\" \/>\r\n\t<meta property=\"og:image:width\" content=\"700\" \/>\r\n\t<meta property=\"og:image:height\" content=\"700\" \/>\r\n\t<meta property=\"og:image:type\" content=\"image\/jpeg\" \/>\r\n<meta name=\"twitter:card\" content=\"summary_large_image\" \/>\r\n<meta name=\"twitter:label1\" content=\"Dur\u00e9e de lecture estim\u00e9e\" \/>\n\t<meta name=\"twitter:data1\" content=\"1 minute\" \/>\r\n<script type=\"application\/ld+json\" class=\"yoast-schema-graph\">{\"@context\":\"https:\/\/schema.org\",\"@graph\":[{\"@type\":\"WebPage\",\"@id\":\"https:\/\/paracherkaoui.ma\/index.php\/produit\/svr-clairial-creme-spf-50-depigmentant-complex-40-ml-2\/\",\"url\":\"https:\/\/paracherkaoui.ma\/index.php\/produit\/svr-clairial-creme-spf-50-depigmentant-complex-40-ml-2\/\",\"name\":\"SVR CLAIRIAL CREME SPF 50+ DEPIGMENTANT COMPLEX 40 ml - Paracherkaoui.ma\",\"isPartOf\":{\"@id\":\"https:\/\/paracherkaoui.ma\/#website\"},\"primaryImageOfPage\":{\"@id\":\"https:\/\/paracherkaoui.ma\/index.php\/produit\/svr-clairial-creme-spf-50-depigmentant-complex-40-ml-2\/#primaryimage\"},\"image\":{\"@id\":\"https:\/\/paracherkaoui.ma\/index.php\/produit\/svr-clairial-creme-spf-50-depigmentant-complex-40-ml-2\/#primaryimage\"},\"thumbnailUrl\":\"https:\/\/paracherkaoui.ma\/wp-content\/uploads\/2025\/12\/svr-svr-clairial-creme-spf-50-depigmentant-complex-40-ml-cremes-depigmentantes.jpg\",\"datePublished\":\"2025-12-12T16:47:19+00:00\",\"dateModified\":\"2025-12-12T16:47:20+00:00\",\"breadcrumb\":{\"@id\":\"https:\/\/paracherkaoui.ma\/index.php\/produit\/svr-clairial-creme-spf-50-depigmentant-complex-40-ml-2\/#breadcrumb\"},\"inLanguage\":\"fr-FR\",\"potentialAction\":[{\"@type\":\"ReadAction\",\"target\":[\"https:\/\/paracherkaoui.ma\/index.php\/produit\/svr-clairial-creme-spf-50-depigmentant-complex-40-ml-2\/\"]}]},{\"@type\":\"ImageObject\",\"inLanguage\":\"fr-FR\",\"@id\":\"https:\/\/paracherkaoui.ma\/index.php\/produit\/svr-clairial-creme-spf-50-depigmentant-complex-40-ml-2\/#primaryimage\",\"url\":\"https:\/\/paracherkaoui.ma\/wp-content\/uploads\/2025\/12\/svr-svr-clairial-creme-spf-50-depigmentant-complex-40-ml-cremes-depigmentantes.jpg\",\"contentUrl\":\"https:\/\/paracherkaoui.ma\/wp-content\/uploads\/2025\/12\/svr-svr-clairial-creme-spf-50-depigmentant-complex-40-ml-cremes-depigmentantes.jpg\",\"width\":700,\"height\":700},{\"@type\":\"BreadcrumbList\",\"@id\":\"https:\/\/paracherkaoui.ma\/index.php\/produit\/svr-clairial-creme-spf-50-depigmentant-complex-40-ml-2\/#breadcrumb\",\"itemListElement\":[{\"@type\":\"ListItem\",\"position\":1,\"name\":\"Accueil\",\"item\":\"https:\/\/paracherkaoui.ma\/\"},{\"@type\":\"ListItem\",\"position\":2,\"name\":\"Boutique\",\"item\":\"https:\/\/paracherkaoui.ma\/index.php\/boutique\/\"},{\"@type\":\"ListItem\",\"position\":3,\"name\":\"SVR CLAIRIAL CREME SPF 50+ DEPIGMENTANT COMPLEX 40 ml\"}]},{\"@type\":\"WebSite\",\"@id\":\"https:\/\/paracherkaoui.ma\/#website\",\"url\":\"https:\/\/paracherkaoui.ma\/\",\"name\":\"Paracherkaoui.ma\",\"description\":\"Achetez en ligne sur Paracherkaoui.ma\",\"potentialAction\":[{\"@type\":\"SearchAction\",\"target\":{\"@type\":\"EntryPoint\",\"urlTemplate\":\"https:\/\/paracherkaoui.ma\/?s={search_term_string}\"},\"query-input\":{\"@type\":\"PropertyValueSpecification\",\"valueRequired\":true,\"valueName\":\"search_term_string\"}}],\"inLanguage\":\"fr-FR\"}]}<\/script>\r\n<!-- \/ Yoast SEO plugin. -->","yoast_head_json":{"title":"SVR CLAIRIAL CREME SPF 50+ DEPIGMENTANT COMPLEX 40 ml - Paracherkaoui.ma","robots":{"index":"index","follow":"follow","max-snippet":"max-snippet:-1","max-image-preview":"max-image-preview:large","max-video-preview":"max-video-preview:-1"},"canonical":"https:\/\/paracherkaoui.ma\/index.php\/produit\/svr-clairial-creme-spf-50-depigmentant-complex-40-ml-2\/","og_locale":"fr_FR","og_type":"article","og_title":"SVR CLAIRIAL CREME SPF 50+ DEPIGMENTANT COMPLEX 40 ml - Paracherkaoui.ma","og_description":"Description: Le 1er*\u00a0soin anti-taches 2-en-1\u00a0:Pr\u00e9vention:Le 1er* soin d\u00e9pigmentant SPF50+ qui prot\u00e8ge contre les UVA et les UVB, associ\u00e9 \u00e0 un","og_url":"https:\/\/paracherkaoui.ma\/index.php\/produit\/svr-clairial-creme-spf-50-depigmentant-complex-40-ml-2\/","og_site_name":"Paracherkaoui.ma","article_modified_time":"2025-12-12T16:47:20+00:00","og_image":[{"width":700,"height":700,"url":"https:\/\/paracherkaoui.ma\/wp-content\/uploads\/2025\/12\/svr-svr-clairial-creme-spf-50-depigmentant-complex-40-ml-cremes-depigmentantes.jpg","type":"image\/jpeg"}],"twitter_card":"summary_large_image","twitter_misc":{"Dur\u00e9e de lecture estim\u00e9e":"1 minute"},"schema":{"@context":"https:\/\/schema.org","@graph":[{"@type":"WebPage","@id":"https:\/\/paracherkaoui.ma\/index.php\/produit\/svr-clairial-creme-spf-50-depigmentant-complex-40-ml-2\/","url":"https:\/\/paracherkaoui.ma\/index.php\/produit\/svr-clairial-creme-spf-50-depigmentant-complex-40-ml-2\/","name":"SVR CLAIRIAL CREME SPF 50+ DEPIGMENTANT COMPLEX 40 ml - Paracherkaoui.ma","isPartOf":{"@id":"https:\/\/paracherkaoui.ma\/#website"},"primaryImageOfPage":{"@id":"https:\/\/paracherkaoui.ma\/index.php\/produit\/svr-clairial-creme-spf-50-depigmentant-complex-40-ml-2\/#primaryimage"},"image":{"@id":"https:\/\/paracherkaoui.ma\/index.php\/produit\/svr-clairial-creme-spf-50-depigmentant-complex-40-ml-2\/#primaryimage"},"thumbnailUrl":"https:\/\/paracherkaoui.ma\/wp-content\/uploads\/2025\/12\/svr-svr-clairial-creme-spf-50-depigmentant-complex-40-ml-cremes-depigmentantes.jpg","datePublished":"2025-12-12T16:47:19+00:00","dateModified":"2025-12-12T16:47:20+00:00","breadcrumb":{"@id":"https:\/\/paracherkaoui.ma\/index.php\/produit\/svr-clairial-creme-spf-50-depigmentant-complex-40-ml-2\/#breadcrumb"},"inLanguage":"fr-FR","potentialAction":[{"@type":"ReadAction","target":["https:\/\/paracherkaoui.ma\/index.php\/produit\/svr-clairial-creme-spf-50-depigmentant-complex-40-ml-2\/"]}]},{"@type":"ImageObject","inLanguage":"fr-FR","@id":"https:\/\/paracherkaoui.ma\/index.php\/produit\/svr-clairial-creme-spf-50-depigmentant-complex-40-ml-2\/#primaryimage","url":"https:\/\/paracherkaoui.ma\/wp-content\/uploads\/2025\/12\/svr-svr-clairial-creme-spf-50-depigmentant-complex-40-ml-cremes-depigmentantes.jpg","contentUrl":"https:\/\/paracherkaoui.ma\/wp-content\/uploads\/2025\/12\/svr-svr-clairial-creme-spf-50-depigmentant-complex-40-ml-cremes-depigmentantes.jpg","width":700,"height":700},{"@type":"BreadcrumbList","@id":"https:\/\/paracherkaoui.ma\/index.php\/produit\/svr-clairial-creme-spf-50-depigmentant-complex-40-ml-2\/#breadcrumb","itemListElement":[{"@type":"ListItem","position":1,"name":"Accueil","item":"https:\/\/paracherkaoui.ma\/"},{"@type":"ListItem","position":2,"name":"Boutique","item":"https:\/\/paracherkaoui.ma\/index.php\/boutique\/"},{"@type":"ListItem","position":3,"name":"SVR CLAIRIAL CREME SPF 50+ DEPIGMENTANT COMPLEX 40 ml"}]},{"@type":"WebSite","@id":"https:\/\/paracherkaoui.ma\/#website","url":"https:\/\/paracherkaoui.ma\/","name":"Paracherkaoui.ma","description":"Achetez en ligne sur Paracherkaoui.ma","potentialAction":[{"@type":"SearchAction","target":{"@type":"EntryPoint","urlTemplate":"https:\/\/paracherkaoui.ma\/?s={search_term_string}"},"query-input":{"@type":"PropertyValueSpecification","valueRequired":true,"valueName":"search_term_string"}}],"inLanguage":"fr-FR"}]}},"_links":{"self":[{"href":"https:\/\/paracherkaoui.ma\/index.php\/wp-json\/wp\/v2\/product\/13109","targetHints":{"allow":["GET"]}}],"collection":[{"href":"https:\/\/paracherkaoui.ma\/index.php\/wp-json\/wp\/v2\/product"}],"about":[{"href":"https:\/\/paracherkaoui.ma\/index.php\/wp-json\/wp\/v2\/types\/product"}],"replies":[{"embeddable":true,"href":"https:\/\/paracherkaoui.ma\/index.php\/wp-json\/wp\/v2\/comments?post=13109"}],"version-history":[{"count":1,"href":"https:\/\/paracherkaoui.ma\/index.php\/wp-json\/wp\/v2\/product\/13109\/revisions"}],"predecessor-version":[{"id":13144,"href":"https:\/\/paracherkaoui.ma\/index.php\/wp-json\/wp\/v2\/product\/13109\/revisions\/13144"}],"wp:featuredmedia":[{"embeddable":true,"href":"https:\/\/paracherkaoui.ma\/index.php\/wp-json\/wp\/v2\/media\/11887"}],"wp:attachment":[{"href":"https:\/\/paracherkaoui.ma\/index.php\/wp-json\/wp\/v2\/media?parent=13109"}],"wp:term":[{"taxonomy":"product_brand","embeddable":true,"href":"https:\/\/paracherkaoui.ma\/index.php\/wp-json\/wp\/v2\/product_brand?post=13109"},{"taxonomy":"product_cat","embeddable":true,"href":"https:\/\/paracherkaoui.ma\/index.php\/wp-json\/wp\/v2\/product_cat?post=13109"},{"taxonomy":"product_tag","embeddable":true,"href":"https:\/\/paracherkaoui.ma\/index.php\/wp-json\/wp\/v2\/product_tag?post=13109"}],"curies":[{"name":"wp","href":"https:\/\/api.w.org\/{rel}","templated":true}]}}