{"id":13044,"date":"2025-12-12T17:47:14","date_gmt":"2025-12-12T16:47:14","guid":{"rendered":"https:\/\/test.ecbeaute.com\/?post_type=product&#038;p=13044"},"modified":"2025-12-12T17:47:17","modified_gmt":"2025-12-12T16:47:17","slug":"uriage-eau-thermale-creme-deau-legere-spf20-creme-hydratante-et-protectrice-40-ml","status":"publish","type":"product","link":"https:\/\/paracherkaoui.ma\/index.php\/produit\/uriage-eau-thermale-creme-deau-legere-spf20-creme-hydratante-et-protectrice-40-ml\/","title":{"rendered":"URIAGE EAU THERMALE CR\u00c8ME D\u2019EAU L\u00c9G\u00c8RE SPF20 CR\u00c8ME HYDRATANTE ET PROTECTRICE 40 ML"},"content":{"rendered":"<p>DESCRIPTION :<br \/>\nRafra\u00eechissante et vivifiante, cette cr\u00e8me l\u00e9g\u00e8re hydrate la peau et contient des actifs qui contribuent \u00e0 la pr\u00e9server des effets n\u00e9fastes de la pollution urbaine. Il la prot\u00e8ge \u00e9galement des UVA et UVB gr\u00e2ce \u00e0 un filtre SPF20.<br \/>\nR\u00e9g\u00e9n\u00e8re l\u2019hydratation de la peau<br \/>\nCette Cr\u00e8me d\u2019Eau L\u00e9g\u00e8re enrichie en Eau Thermale d\u2019Uriage aide \u00e0 reconstruire la barri\u00e8re cutan\u00e9e pour maintenir un taux d\u2019hydratation optimal.<br \/>\nOptimise l\u2019hydratation en continu de l\u2019\u00e9piderme<br \/>\nPermet de reformer un film de surface et de lib\u00e9rer progressivement les agents hydratants contenus dans la Cr\u00e8me d\u2019Eau.<br \/>\nRestaure l\u2019effet barri\u00e8re de la peau et limiter sa d\u00e9shydratation<br \/>\nAgit sur la reconstruction du ciment corn\u00e9ocytaire pour booster durablement l\u2019hydratation.<br \/>\nProt\u00e8ge la peau<br \/>\nBouclier anti-pollution et filtre UV pour une protection UVA\/UVB.<br \/>\nPrincipes actifs :<\/p>\n<p>Complexe Hydro-Thermal<br \/>\nFiltres UVA\/UVB<br \/>\nVitamines E &#038; C<br \/>\nParfum<br \/>\nHypoallerg\u00e9nique<br \/>\nTest\u00e9e sous contr\u00f4le dermatologique<br \/>\nProtection UVA\/UVB anti-pollution<br \/>\nCONSEILS D&rsquo;UTILISATION :<br \/>\nAppliquez le matin sur le visage, le cou et le d\u00e9collet\u00e9 parfaitement nettoy\u00e9s. Evitez le contact avec les yeux.<\/p>\n","protected":false},"excerpt":{"rendered":"<p>DESCRIPTION : Rafra\u00eechissante et vivifiante, cette cr\u00e8me l\u00e9g\u00e8re hydrate la peau et contient des actifs qui contribuent \u00e0 la pr\u00e9server<\/p>\n","protected":false},"featured_media":13097,"comment_status":"open","ping_status":"closed","template":"","meta":[],"product_brand":[130],"product_cat":[171],"product_tag":[],"class_list":{"0":"post-13044","1":"product","2":"type-product","3":"status-publish","4":"has-post-thumbnail","6":"product_brand-uriage","7":"product_cat-protection-solaire-visage","9":"first","10":"instock","11":"sale","12":"shipping-taxable","13":"purchasable","14":"product-type-simple"},"yoast_head":"<!-- This site is optimized with the Yoast SEO plugin v26.6 - https:\/\/yoast.com\/wordpress\/plugins\/seo\/ -->\r\n<title>URIAGE EAU THERMALE CR\u00c8ME D\u2019EAU L\u00c9G\u00c8RE SPF20 CR\u00c8ME HYDRATANTE ET PROTECTRICE 40 ML - Paracherkaoui.ma<\/title>\r\n<meta name=\"robots\" content=\"index, follow, max-snippet:-1, max-image-preview:large, max-video-preview:-1\" \/>\r\n<link rel=\"canonical\" href=\"https:\/\/paracherkaoui.ma\/index.php\/produit\/uriage-eau-thermale-creme-deau-legere-spf20-creme-hydratante-et-protectrice-40-ml\/\" \/>\r\n<meta property=\"og:locale\" content=\"fr_FR\" \/>\r\n<meta property=\"og:type\" content=\"article\" \/>\r\n<meta property=\"og:title\" content=\"URIAGE EAU THERMALE CR\u00c8ME D\u2019EAU L\u00c9G\u00c8RE SPF20 CR\u00c8ME HYDRATANTE ET PROTECTRICE 40 ML - Paracherkaoui.ma\" \/>\r\n<meta property=\"og:description\" content=\"DESCRIPTION : Rafra\u00eechissante et vivifiante, cette cr\u00e8me l\u00e9g\u00e8re hydrate la peau et contient des actifs qui contribuent \u00e0 la pr\u00e9server\" \/>\r\n<meta property=\"og:url\" content=\"https:\/\/paracherkaoui.ma\/index.php\/produit\/uriage-eau-thermale-creme-deau-legere-spf20-creme-hydratante-et-protectrice-40-ml\/\" \/>\r\n<meta property=\"og:site_name\" content=\"Paracherkaoui.ma\" \/>\r\n<meta property=\"article:modified_time\" content=\"2025-12-12T16:47:17+00:00\" \/>\r\n<meta property=\"og:image\" content=\"https:\/\/paracherkaoui.ma\/wp-content\/uploads\/2025\/12\/uriage-uriage-eau-thermale-creme-deau-legere-spf20-creme-hydratante-et-protectrice-40-ml-hydratants-peaux-normales-a-mixtes.jpg\" \/>\r\n\t<meta property=\"og:image:width\" content=\"700\" \/>\r\n\t<meta property=\"og:image:height\" content=\"700\" \/>\r\n\t<meta property=\"og:image:type\" content=\"image\/jpeg\" \/>\r\n<meta name=\"twitter:card\" content=\"summary_large_image\" \/>\r\n<meta name=\"twitter:label1\" content=\"Dur\u00e9e de lecture estim\u00e9e\" \/>\n\t<meta name=\"twitter:data1\" content=\"1 minute\" \/>\r\n<script type=\"application\/ld+json\" class=\"yoast-schema-graph\">{\"@context\":\"https:\/\/schema.org\",\"@graph\":[{\"@type\":\"WebPage\",\"@id\":\"https:\/\/paracherkaoui.ma\/index.php\/produit\/uriage-eau-thermale-creme-deau-legere-spf20-creme-hydratante-et-protectrice-40-ml\/\",\"url\":\"https:\/\/paracherkaoui.ma\/index.php\/produit\/uriage-eau-thermale-creme-deau-legere-spf20-creme-hydratante-et-protectrice-40-ml\/\",\"name\":\"URIAGE EAU THERMALE CR\u00c8ME D\u2019EAU L\u00c9G\u00c8RE SPF20 CR\u00c8ME HYDRATANTE ET PROTECTRICE 40 ML - Paracherkaoui.ma\",\"isPartOf\":{\"@id\":\"https:\/\/paracherkaoui.ma\/#website\"},\"primaryImageOfPage\":{\"@id\":\"https:\/\/paracherkaoui.ma\/index.php\/produit\/uriage-eau-thermale-creme-deau-legere-spf20-creme-hydratante-et-protectrice-40-ml\/#primaryimage\"},\"image\":{\"@id\":\"https:\/\/paracherkaoui.ma\/index.php\/produit\/uriage-eau-thermale-creme-deau-legere-spf20-creme-hydratante-et-protectrice-40-ml\/#primaryimage\"},\"thumbnailUrl\":\"https:\/\/paracherkaoui.ma\/wp-content\/uploads\/2025\/12\/uriage-uriage-eau-thermale-creme-deau-legere-spf20-creme-hydratante-et-protectrice-40-ml-hydratants-peaux-normales-a-mixtes.jpg\",\"datePublished\":\"2025-12-12T16:47:14+00:00\",\"dateModified\":\"2025-12-12T16:47:17+00:00\",\"breadcrumb\":{\"@id\":\"https:\/\/paracherkaoui.ma\/index.php\/produit\/uriage-eau-thermale-creme-deau-legere-spf20-creme-hydratante-et-protectrice-40-ml\/#breadcrumb\"},\"inLanguage\":\"fr-FR\",\"potentialAction\":[{\"@type\":\"ReadAction\",\"target\":[\"https:\/\/paracherkaoui.ma\/index.php\/produit\/uriage-eau-thermale-creme-deau-legere-spf20-creme-hydratante-et-protectrice-40-ml\/\"]}]},{\"@type\":\"ImageObject\",\"inLanguage\":\"fr-FR\",\"@id\":\"https:\/\/paracherkaoui.ma\/index.php\/produit\/uriage-eau-thermale-creme-deau-legere-spf20-creme-hydratante-et-protectrice-40-ml\/#primaryimage\",\"url\":\"https:\/\/paracherkaoui.ma\/wp-content\/uploads\/2025\/12\/uriage-uriage-eau-thermale-creme-deau-legere-spf20-creme-hydratante-et-protectrice-40-ml-hydratants-peaux-normales-a-mixtes.jpg\",\"contentUrl\":\"https:\/\/paracherkaoui.ma\/wp-content\/uploads\/2025\/12\/uriage-uriage-eau-thermale-creme-deau-legere-spf20-creme-hydratante-et-protectrice-40-ml-hydratants-peaux-normales-a-mixtes.jpg\",\"width\":700,\"height\":700},{\"@type\":\"BreadcrumbList\",\"@id\":\"https:\/\/paracherkaoui.ma\/index.php\/produit\/uriage-eau-thermale-creme-deau-legere-spf20-creme-hydratante-et-protectrice-40-ml\/#breadcrumb\",\"itemListElement\":[{\"@type\":\"ListItem\",\"position\":1,\"name\":\"Accueil\",\"item\":\"https:\/\/paracherkaoui.ma\/\"},{\"@type\":\"ListItem\",\"position\":2,\"name\":\"Boutique\",\"item\":\"https:\/\/paracherkaoui.ma\/index.php\/boutique\/\"},{\"@type\":\"ListItem\",\"position\":3,\"name\":\"URIAGE EAU THERMALE CR\u00c8ME D\u2019EAU L\u00c9G\u00c8RE SPF20 CR\u00c8ME HYDRATANTE ET PROTECTRICE 40 ML\"}]},{\"@type\":\"WebSite\",\"@id\":\"https:\/\/paracherkaoui.ma\/#website\",\"url\":\"https:\/\/paracherkaoui.ma\/\",\"name\":\"Paracherkaoui.ma\",\"description\":\"Achetez en ligne sur Paracherkaoui.ma\",\"potentialAction\":[{\"@type\":\"SearchAction\",\"target\":{\"@type\":\"EntryPoint\",\"urlTemplate\":\"https:\/\/paracherkaoui.ma\/?s={search_term_string}\"},\"query-input\":{\"@type\":\"PropertyValueSpecification\",\"valueRequired\":true,\"valueName\":\"search_term_string\"}}],\"inLanguage\":\"fr-FR\"}]}<\/script>\r\n<!-- \/ Yoast SEO plugin. -->","yoast_head_json":{"title":"URIAGE EAU THERMALE CR\u00c8ME D\u2019EAU L\u00c9G\u00c8RE SPF20 CR\u00c8ME HYDRATANTE ET PROTECTRICE 40 ML - Paracherkaoui.ma","robots":{"index":"index","follow":"follow","max-snippet":"max-snippet:-1","max-image-preview":"max-image-preview:large","max-video-preview":"max-video-preview:-1"},"canonical":"https:\/\/paracherkaoui.ma\/index.php\/produit\/uriage-eau-thermale-creme-deau-legere-spf20-creme-hydratante-et-protectrice-40-ml\/","og_locale":"fr_FR","og_type":"article","og_title":"URIAGE EAU THERMALE CR\u00c8ME D\u2019EAU L\u00c9G\u00c8RE SPF20 CR\u00c8ME HYDRATANTE ET PROTECTRICE 40 ML - Paracherkaoui.ma","og_description":"DESCRIPTION : Rafra\u00eechissante et vivifiante, cette cr\u00e8me l\u00e9g\u00e8re hydrate la peau et contient des actifs qui contribuent \u00e0 la pr\u00e9server","og_url":"https:\/\/paracherkaoui.ma\/index.php\/produit\/uriage-eau-thermale-creme-deau-legere-spf20-creme-hydratante-et-protectrice-40-ml\/","og_site_name":"Paracherkaoui.ma","article_modified_time":"2025-12-12T16:47:17+00:00","og_image":[{"width":700,"height":700,"url":"https:\/\/paracherkaoui.ma\/wp-content\/uploads\/2025\/12\/uriage-uriage-eau-thermale-creme-deau-legere-spf20-creme-hydratante-et-protectrice-40-ml-hydratants-peaux-normales-a-mixtes.jpg","type":"image\/jpeg"}],"twitter_card":"summary_large_image","twitter_misc":{"Dur\u00e9e de lecture estim\u00e9e":"1 minute"},"schema":{"@context":"https:\/\/schema.org","@graph":[{"@type":"WebPage","@id":"https:\/\/paracherkaoui.ma\/index.php\/produit\/uriage-eau-thermale-creme-deau-legere-spf20-creme-hydratante-et-protectrice-40-ml\/","url":"https:\/\/paracherkaoui.ma\/index.php\/produit\/uriage-eau-thermale-creme-deau-legere-spf20-creme-hydratante-et-protectrice-40-ml\/","name":"URIAGE EAU THERMALE CR\u00c8ME D\u2019EAU L\u00c9G\u00c8RE SPF20 CR\u00c8ME HYDRATANTE ET PROTECTRICE 40 ML - Paracherkaoui.ma","isPartOf":{"@id":"https:\/\/paracherkaoui.ma\/#website"},"primaryImageOfPage":{"@id":"https:\/\/paracherkaoui.ma\/index.php\/produit\/uriage-eau-thermale-creme-deau-legere-spf20-creme-hydratante-et-protectrice-40-ml\/#primaryimage"},"image":{"@id":"https:\/\/paracherkaoui.ma\/index.php\/produit\/uriage-eau-thermale-creme-deau-legere-spf20-creme-hydratante-et-protectrice-40-ml\/#primaryimage"},"thumbnailUrl":"https:\/\/paracherkaoui.ma\/wp-content\/uploads\/2025\/12\/uriage-uriage-eau-thermale-creme-deau-legere-spf20-creme-hydratante-et-protectrice-40-ml-hydratants-peaux-normales-a-mixtes.jpg","datePublished":"2025-12-12T16:47:14+00:00","dateModified":"2025-12-12T16:47:17+00:00","breadcrumb":{"@id":"https:\/\/paracherkaoui.ma\/index.php\/produit\/uriage-eau-thermale-creme-deau-legere-spf20-creme-hydratante-et-protectrice-40-ml\/#breadcrumb"},"inLanguage":"fr-FR","potentialAction":[{"@type":"ReadAction","target":["https:\/\/paracherkaoui.ma\/index.php\/produit\/uriage-eau-thermale-creme-deau-legere-spf20-creme-hydratante-et-protectrice-40-ml\/"]}]},{"@type":"ImageObject","inLanguage":"fr-FR","@id":"https:\/\/paracherkaoui.ma\/index.php\/produit\/uriage-eau-thermale-creme-deau-legere-spf20-creme-hydratante-et-protectrice-40-ml\/#primaryimage","url":"https:\/\/paracherkaoui.ma\/wp-content\/uploads\/2025\/12\/uriage-uriage-eau-thermale-creme-deau-legere-spf20-creme-hydratante-et-protectrice-40-ml-hydratants-peaux-normales-a-mixtes.jpg","contentUrl":"https:\/\/paracherkaoui.ma\/wp-content\/uploads\/2025\/12\/uriage-uriage-eau-thermale-creme-deau-legere-spf20-creme-hydratante-et-protectrice-40-ml-hydratants-peaux-normales-a-mixtes.jpg","width":700,"height":700},{"@type":"BreadcrumbList","@id":"https:\/\/paracherkaoui.ma\/index.php\/produit\/uriage-eau-thermale-creme-deau-legere-spf20-creme-hydratante-et-protectrice-40-ml\/#breadcrumb","itemListElement":[{"@type":"ListItem","position":1,"name":"Accueil","item":"https:\/\/paracherkaoui.ma\/"},{"@type":"ListItem","position":2,"name":"Boutique","item":"https:\/\/paracherkaoui.ma\/index.php\/boutique\/"},{"@type":"ListItem","position":3,"name":"URIAGE EAU THERMALE CR\u00c8ME D\u2019EAU L\u00c9G\u00c8RE SPF20 CR\u00c8ME HYDRATANTE ET PROTECTRICE 40 ML"}]},{"@type":"WebSite","@id":"https:\/\/paracherkaoui.ma\/#website","url":"https:\/\/paracherkaoui.ma\/","name":"Paracherkaoui.ma","description":"Achetez en ligne sur Paracherkaoui.ma","potentialAction":[{"@type":"SearchAction","target":{"@type":"EntryPoint","urlTemplate":"https:\/\/paracherkaoui.ma\/?s={search_term_string}"},"query-input":{"@type":"PropertyValueSpecification","valueRequired":true,"valueName":"search_term_string"}}],"inLanguage":"fr-FR"}]}},"_links":{"self":[{"href":"https:\/\/paracherkaoui.ma\/index.php\/wp-json\/wp\/v2\/product\/13044","targetHints":{"allow":["GET"]}}],"collection":[{"href":"https:\/\/paracherkaoui.ma\/index.php\/wp-json\/wp\/v2\/product"}],"about":[{"href":"https:\/\/paracherkaoui.ma\/index.php\/wp-json\/wp\/v2\/types\/product"}],"replies":[{"embeddable":true,"href":"https:\/\/paracherkaoui.ma\/index.php\/wp-json\/wp\/v2\/comments?post=13044"}],"version-history":[{"count":1,"href":"https:\/\/paracherkaoui.ma\/index.php\/wp-json\/wp\/v2\/product\/13044\/revisions"}],"predecessor-version":[{"id":13098,"href":"https:\/\/paracherkaoui.ma\/index.php\/wp-json\/wp\/v2\/product\/13044\/revisions\/13098"}],"wp:featuredmedia":[{"embeddable":true,"href":"https:\/\/paracherkaoui.ma\/index.php\/wp-json\/wp\/v2\/media\/13097"}],"wp:attachment":[{"href":"https:\/\/paracherkaoui.ma\/index.php\/wp-json\/wp\/v2\/media?parent=13044"}],"wp:term":[{"taxonomy":"product_brand","embeddable":true,"href":"https:\/\/paracherkaoui.ma\/index.php\/wp-json\/wp\/v2\/product_brand?post=13044"},{"taxonomy":"product_cat","embeddable":true,"href":"https:\/\/paracherkaoui.ma\/index.php\/wp-json\/wp\/v2\/product_cat?post=13044"},{"taxonomy":"product_tag","embeddable":true,"href":"https:\/\/paracherkaoui.ma\/index.php\/wp-json\/wp\/v2\/product_tag?post=13044"}],"curies":[{"name":"wp","href":"https:\/\/api.w.org\/{rel}","templated":true}]}}