{"id":13040,"date":"2025-12-12T17:47:14","date_gmt":"2025-12-12T16:47:14","guid":{"rendered":"https:\/\/test.ecbeaute.com\/?post_type=product&#038;p=13040"},"modified":"2025-12-12T17:47:17","modified_gmt":"2025-12-12T16:47:17","slug":"bioderma-photoderm-m-spf-50-bleu-light-protection-61-claire-40ml","status":"publish","type":"product","link":"https:\/\/paracherkaoui.ma\/index.php\/produit\/bioderma-photoderm-m-spf-50-bleu-light-protection-61-claire-40ml\/","title":{"rendered":"BIODERMA PHOTODERM M SPF 50 BLEU LIGHT PROTECTION 61 CLAIRE 40ML"},"content":{"rendered":"<p>Protection solaire de haute technologie, renforc\u00e9e contre les UVA &#8211; Clarifie les taches brunes existantes gr\u00e2ce \u00e0 la glabridine &#8211; Unifie : Haute concentration de pigments, haute couvrance sans effet masque &#8211; Fini matifiant et poudr\u00e9 8h Convient aux femmes enceintes et allaitantes &#8211; Texture gel-cr\u00e8me &#8211; Non collant &#8211; Non gras &#8211; Sans parfum &#8211; Tr\u00e8s bonne tol\u00e9rance cutan\u00e9e et oculaire &#8211; Non com\u00e9dog\u00e8ne &#8211; R\u00e9sistant \u00e0 l&rsquo;eau, \u00e0 la chaleur et \u00e0 une forte humidit\u00e9<br \/>\nConseils d&rsquo;utilisation:<br \/>\nAppliquer quotidiennement uniform\u00e9ment et g\u00e9n\u00e9reusement sur le visage et le cou avant l&rsquo;exposition au soleil (une petite quantit\u00e9 de produit diminue le niveau de protection solaire).<\/p>\n","protected":false},"excerpt":{"rendered":"<p>Protection solaire de haute technologie, renforc\u00e9e contre les UVA &#8211; Clarifie les taches brunes existantes gr\u00e2ce \u00e0 la glabridine &#8211;<\/p>\n","protected":false},"featured_media":13090,"comment_status":"open","ping_status":"closed","template":"","meta":[],"product_brand":[137],"product_cat":[171],"product_tag":[],"class_list":{"0":"post-13040","1":"product","2":"type-product","3":"status-publish","4":"has-post-thumbnail","6":"product_brand-bioderma","7":"product_cat-protection-solaire-visage","9":"first","10":"instock","11":"sale","12":"shipping-taxable","13":"purchasable","14":"product-type-simple"},"yoast_head":"<!-- This site is optimized with the Yoast SEO plugin v26.6 - https:\/\/yoast.com\/wordpress\/plugins\/seo\/ -->\r\n<title>BIODERMA PHOTODERM M SPF 50 BLEU LIGHT PROTECTION 61 CLAIRE 40ML - Paracherkaoui.ma<\/title>\r\n<meta name=\"robots\" content=\"index, follow, max-snippet:-1, max-image-preview:large, max-video-preview:-1\" \/>\r\n<link rel=\"canonical\" href=\"https:\/\/paracherkaoui.ma\/index.php\/produit\/bioderma-photoderm-m-spf-50-bleu-light-protection-61-claire-40ml\/\" \/>\r\n<meta property=\"og:locale\" content=\"fr_FR\" \/>\r\n<meta property=\"og:type\" content=\"article\" \/>\r\n<meta property=\"og:title\" content=\"BIODERMA PHOTODERM M SPF 50 BLEU LIGHT PROTECTION 61 CLAIRE 40ML - Paracherkaoui.ma\" \/>\r\n<meta property=\"og:description\" content=\"Protection solaire de haute technologie, renforc\u00e9e contre les UVA &#8211; Clarifie les taches brunes existantes gr\u00e2ce \u00e0 la glabridine &#8211;\" \/>\r\n<meta property=\"og:url\" content=\"https:\/\/paracherkaoui.ma\/index.php\/produit\/bioderma-photoderm-m-spf-50-bleu-light-protection-61-claire-40ml\/\" \/>\r\n<meta property=\"og:site_name\" content=\"Paracherkaoui.ma\" \/>\r\n<meta property=\"article:modified_time\" content=\"2025-12-12T16:47:17+00:00\" \/>\r\n<meta property=\"og:image\" content=\"https:\/\/paracherkaoui.ma\/wp-content\/uploads\/2025\/12\/bioderma-bioderma-photoderm-m-spf-50-bleu-light-protection-61-claire-40ml-cremes.jpg\" \/>\r\n\t<meta property=\"og:image:width\" content=\"700\" \/>\r\n\t<meta property=\"og:image:height\" content=\"700\" \/>\r\n\t<meta property=\"og:image:type\" content=\"image\/jpeg\" \/>\r\n<meta name=\"twitter:card\" content=\"summary_large_image\" \/>\r\n<meta name=\"twitter:label1\" content=\"Dur\u00e9e de lecture estim\u00e9e\" \/>\n\t<meta name=\"twitter:data1\" content=\"1 minute\" \/>\r\n<script type=\"application\/ld+json\" class=\"yoast-schema-graph\">{\"@context\":\"https:\/\/schema.org\",\"@graph\":[{\"@type\":\"WebPage\",\"@id\":\"https:\/\/paracherkaoui.ma\/index.php\/produit\/bioderma-photoderm-m-spf-50-bleu-light-protection-61-claire-40ml\/\",\"url\":\"https:\/\/paracherkaoui.ma\/index.php\/produit\/bioderma-photoderm-m-spf-50-bleu-light-protection-61-claire-40ml\/\",\"name\":\"BIODERMA PHOTODERM M SPF 50 BLEU LIGHT PROTECTION 61 CLAIRE 40ML - Paracherkaoui.ma\",\"isPartOf\":{\"@id\":\"https:\/\/paracherkaoui.ma\/#website\"},\"primaryImageOfPage\":{\"@id\":\"https:\/\/paracherkaoui.ma\/index.php\/produit\/bioderma-photoderm-m-spf-50-bleu-light-protection-61-claire-40ml\/#primaryimage\"},\"image\":{\"@id\":\"https:\/\/paracherkaoui.ma\/index.php\/produit\/bioderma-photoderm-m-spf-50-bleu-light-protection-61-claire-40ml\/#primaryimage\"},\"thumbnailUrl\":\"https:\/\/paracherkaoui.ma\/wp-content\/uploads\/2025\/12\/bioderma-bioderma-photoderm-m-spf-50-bleu-light-protection-61-claire-40ml-cremes.jpg\",\"datePublished\":\"2025-12-12T16:47:14+00:00\",\"dateModified\":\"2025-12-12T16:47:17+00:00\",\"breadcrumb\":{\"@id\":\"https:\/\/paracherkaoui.ma\/index.php\/produit\/bioderma-photoderm-m-spf-50-bleu-light-protection-61-claire-40ml\/#breadcrumb\"},\"inLanguage\":\"fr-FR\",\"potentialAction\":[{\"@type\":\"ReadAction\",\"target\":[\"https:\/\/paracherkaoui.ma\/index.php\/produit\/bioderma-photoderm-m-spf-50-bleu-light-protection-61-claire-40ml\/\"]}]},{\"@type\":\"ImageObject\",\"inLanguage\":\"fr-FR\",\"@id\":\"https:\/\/paracherkaoui.ma\/index.php\/produit\/bioderma-photoderm-m-spf-50-bleu-light-protection-61-claire-40ml\/#primaryimage\",\"url\":\"https:\/\/paracherkaoui.ma\/wp-content\/uploads\/2025\/12\/bioderma-bioderma-photoderm-m-spf-50-bleu-light-protection-61-claire-40ml-cremes.jpg\",\"contentUrl\":\"https:\/\/paracherkaoui.ma\/wp-content\/uploads\/2025\/12\/bioderma-bioderma-photoderm-m-spf-50-bleu-light-protection-61-claire-40ml-cremes.jpg\",\"width\":700,\"height\":700},{\"@type\":\"BreadcrumbList\",\"@id\":\"https:\/\/paracherkaoui.ma\/index.php\/produit\/bioderma-photoderm-m-spf-50-bleu-light-protection-61-claire-40ml\/#breadcrumb\",\"itemListElement\":[{\"@type\":\"ListItem\",\"position\":1,\"name\":\"Accueil\",\"item\":\"https:\/\/paracherkaoui.ma\/\"},{\"@type\":\"ListItem\",\"position\":2,\"name\":\"Boutique\",\"item\":\"https:\/\/paracherkaoui.ma\/index.php\/boutique\/\"},{\"@type\":\"ListItem\",\"position\":3,\"name\":\"BIODERMA PHOTODERM M SPF 50 BLEU LIGHT PROTECTION 61 CLAIRE 40ML\"}]},{\"@type\":\"WebSite\",\"@id\":\"https:\/\/paracherkaoui.ma\/#website\",\"url\":\"https:\/\/paracherkaoui.ma\/\",\"name\":\"Paracherkaoui.ma\",\"description\":\"Achetez en ligne sur Paracherkaoui.ma\",\"potentialAction\":[{\"@type\":\"SearchAction\",\"target\":{\"@type\":\"EntryPoint\",\"urlTemplate\":\"https:\/\/paracherkaoui.ma\/?s={search_term_string}\"},\"query-input\":{\"@type\":\"PropertyValueSpecification\",\"valueRequired\":true,\"valueName\":\"search_term_string\"}}],\"inLanguage\":\"fr-FR\"}]}<\/script>\r\n<!-- \/ Yoast SEO plugin. -->","yoast_head_json":{"title":"BIODERMA PHOTODERM M SPF 50 BLEU LIGHT PROTECTION 61 CLAIRE 40ML - Paracherkaoui.ma","robots":{"index":"index","follow":"follow","max-snippet":"max-snippet:-1","max-image-preview":"max-image-preview:large","max-video-preview":"max-video-preview:-1"},"canonical":"https:\/\/paracherkaoui.ma\/index.php\/produit\/bioderma-photoderm-m-spf-50-bleu-light-protection-61-claire-40ml\/","og_locale":"fr_FR","og_type":"article","og_title":"BIODERMA PHOTODERM M SPF 50 BLEU LIGHT PROTECTION 61 CLAIRE 40ML - Paracherkaoui.ma","og_description":"Protection solaire de haute technologie, renforc\u00e9e contre les UVA &#8211; Clarifie les taches brunes existantes gr\u00e2ce \u00e0 la glabridine &#8211;","og_url":"https:\/\/paracherkaoui.ma\/index.php\/produit\/bioderma-photoderm-m-spf-50-bleu-light-protection-61-claire-40ml\/","og_site_name":"Paracherkaoui.ma","article_modified_time":"2025-12-12T16:47:17+00:00","og_image":[{"width":700,"height":700,"url":"https:\/\/paracherkaoui.ma\/wp-content\/uploads\/2025\/12\/bioderma-bioderma-photoderm-m-spf-50-bleu-light-protection-61-claire-40ml-cremes.jpg","type":"image\/jpeg"}],"twitter_card":"summary_large_image","twitter_misc":{"Dur\u00e9e de lecture estim\u00e9e":"1 minute"},"schema":{"@context":"https:\/\/schema.org","@graph":[{"@type":"WebPage","@id":"https:\/\/paracherkaoui.ma\/index.php\/produit\/bioderma-photoderm-m-spf-50-bleu-light-protection-61-claire-40ml\/","url":"https:\/\/paracherkaoui.ma\/index.php\/produit\/bioderma-photoderm-m-spf-50-bleu-light-protection-61-claire-40ml\/","name":"BIODERMA PHOTODERM M SPF 50 BLEU LIGHT PROTECTION 61 CLAIRE 40ML - Paracherkaoui.ma","isPartOf":{"@id":"https:\/\/paracherkaoui.ma\/#website"},"primaryImageOfPage":{"@id":"https:\/\/paracherkaoui.ma\/index.php\/produit\/bioderma-photoderm-m-spf-50-bleu-light-protection-61-claire-40ml\/#primaryimage"},"image":{"@id":"https:\/\/paracherkaoui.ma\/index.php\/produit\/bioderma-photoderm-m-spf-50-bleu-light-protection-61-claire-40ml\/#primaryimage"},"thumbnailUrl":"https:\/\/paracherkaoui.ma\/wp-content\/uploads\/2025\/12\/bioderma-bioderma-photoderm-m-spf-50-bleu-light-protection-61-claire-40ml-cremes.jpg","datePublished":"2025-12-12T16:47:14+00:00","dateModified":"2025-12-12T16:47:17+00:00","breadcrumb":{"@id":"https:\/\/paracherkaoui.ma\/index.php\/produit\/bioderma-photoderm-m-spf-50-bleu-light-protection-61-claire-40ml\/#breadcrumb"},"inLanguage":"fr-FR","potentialAction":[{"@type":"ReadAction","target":["https:\/\/paracherkaoui.ma\/index.php\/produit\/bioderma-photoderm-m-spf-50-bleu-light-protection-61-claire-40ml\/"]}]},{"@type":"ImageObject","inLanguage":"fr-FR","@id":"https:\/\/paracherkaoui.ma\/index.php\/produit\/bioderma-photoderm-m-spf-50-bleu-light-protection-61-claire-40ml\/#primaryimage","url":"https:\/\/paracherkaoui.ma\/wp-content\/uploads\/2025\/12\/bioderma-bioderma-photoderm-m-spf-50-bleu-light-protection-61-claire-40ml-cremes.jpg","contentUrl":"https:\/\/paracherkaoui.ma\/wp-content\/uploads\/2025\/12\/bioderma-bioderma-photoderm-m-spf-50-bleu-light-protection-61-claire-40ml-cremes.jpg","width":700,"height":700},{"@type":"BreadcrumbList","@id":"https:\/\/paracherkaoui.ma\/index.php\/produit\/bioderma-photoderm-m-spf-50-bleu-light-protection-61-claire-40ml\/#breadcrumb","itemListElement":[{"@type":"ListItem","position":1,"name":"Accueil","item":"https:\/\/paracherkaoui.ma\/"},{"@type":"ListItem","position":2,"name":"Boutique","item":"https:\/\/paracherkaoui.ma\/index.php\/boutique\/"},{"@type":"ListItem","position":3,"name":"BIODERMA PHOTODERM M SPF 50 BLEU LIGHT PROTECTION 61 CLAIRE 40ML"}]},{"@type":"WebSite","@id":"https:\/\/paracherkaoui.ma\/#website","url":"https:\/\/paracherkaoui.ma\/","name":"Paracherkaoui.ma","description":"Achetez en ligne sur Paracherkaoui.ma","potentialAction":[{"@type":"SearchAction","target":{"@type":"EntryPoint","urlTemplate":"https:\/\/paracherkaoui.ma\/?s={search_term_string}"},"query-input":{"@type":"PropertyValueSpecification","valueRequired":true,"valueName":"search_term_string"}}],"inLanguage":"fr-FR"}]}},"_links":{"self":[{"href":"https:\/\/paracherkaoui.ma\/index.php\/wp-json\/wp\/v2\/product\/13040","targetHints":{"allow":["GET"]}}],"collection":[{"href":"https:\/\/paracherkaoui.ma\/index.php\/wp-json\/wp\/v2\/product"}],"about":[{"href":"https:\/\/paracherkaoui.ma\/index.php\/wp-json\/wp\/v2\/types\/product"}],"replies":[{"embeddable":true,"href":"https:\/\/paracherkaoui.ma\/index.php\/wp-json\/wp\/v2\/comments?post=13040"}],"version-history":[{"count":1,"href":"https:\/\/paracherkaoui.ma\/index.php\/wp-json\/wp\/v2\/product\/13040\/revisions"}],"predecessor-version":[{"id":13091,"href":"https:\/\/paracherkaoui.ma\/index.php\/wp-json\/wp\/v2\/product\/13040\/revisions\/13091"}],"wp:featuredmedia":[{"embeddable":true,"href":"https:\/\/paracherkaoui.ma\/index.php\/wp-json\/wp\/v2\/media\/13090"}],"wp:attachment":[{"href":"https:\/\/paracherkaoui.ma\/index.php\/wp-json\/wp\/v2\/media?parent=13040"}],"wp:term":[{"taxonomy":"product_brand","embeddable":true,"href":"https:\/\/paracherkaoui.ma\/index.php\/wp-json\/wp\/v2\/product_brand?post=13040"},{"taxonomy":"product_cat","embeddable":true,"href":"https:\/\/paracherkaoui.ma\/index.php\/wp-json\/wp\/v2\/product_cat?post=13040"},{"taxonomy":"product_tag","embeddable":true,"href":"https:\/\/paracherkaoui.ma\/index.php\/wp-json\/wp\/v2\/product_tag?post=13040"}],"curies":[{"name":"wp","href":"https:\/\/api.w.org\/{rel}","templated":true}]}}