{"id":13036,"date":"2025-12-12T17:47:14","date_gmt":"2025-12-12T16:47:14","guid":{"rendered":"https:\/\/test.ecbeaute.com\/?post_type=product&#038;p=13036"},"modified":"2025-12-12T17:47:16","modified_gmt":"2025-12-12T16:47:16","slug":"bioderma-photoderm-nude-touch-spf-50-teinte-doree","status":"publish","type":"product","link":"https:\/\/paracherkaoui.ma\/index.php\/produit\/bioderma-photoderm-nude-touch-spf-50-teinte-doree\/","title":{"rendered":"BIODERMA PHOTODERM NUDE TOUCH SPF 50+ TEINTE DOREE"},"content":{"rendered":"<p>Description:<br \/>\nBioderma\u00a0photoderm NUDE Touch SPF 50+ Teinte dor\u00e9e pour peaux mixtes \u00e0 grasse\u00a0 Tr\u00e8s haute protection\u00a0UVA\/UVB\u00a0min\u00e9rale, compl\u00e9t\u00e9e par une protection biologique : le Brevet Bioprotection\u00a0cellulaireSPF 50+ (m\u00e9thode in vivo)\/\u00a0UVA\u00a025 (m\u00e9thode in vivo) (1) (2)\u00a0B\u00e9n\u00e9fices peau parfaite :\u00a0Anti-brillance 8H (oil control) (3)Unifie le teint (4) : effet peau nue (5) &#038; tenue longue dur\u00e9e 8h (4)Booste l&rsquo;\u00e9clat du teint (5)Limite les imperfections jour apr\u00e8s jour (5)Tr\u00e8s r\u00e9sistant \u00e0 l&rsquo;eau (6)\u00a0Imm\u00e9diatement la peau est prot\u00e9g\u00e9e, le teint est sublim\u00e9 et unifi\u00e9. Jour apr\u00e8s jour, les imperfections sont limit\u00e9es.Texture ultra-l\u00e9g\u00e8re, application soyeuse, fini poudr\u00e9 en parfaite fusion avec la peau.<\/p>\n","protected":false},"excerpt":{"rendered":"<p>Description: Bioderma\u00a0photoderm NUDE Touch SPF 50+ Teinte dor\u00e9e pour peaux mixtes \u00e0 grasse\u00a0 Tr\u00e8s haute protection\u00a0UVA\/UVB\u00a0min\u00e9rale, compl\u00e9t\u00e9e par une protection<\/p>\n","protected":false},"featured_media":13082,"comment_status":"open","ping_status":"closed","template":"","meta":[],"product_brand":[137],"product_cat":[171],"product_tag":[],"class_list":{"0":"post-13036","1":"product","2":"type-product","3":"status-publish","4":"has-post-thumbnail","6":"product_brand-bioderma","7":"product_cat-protection-solaire-visage","9":"first","10":"instock","11":"sale","12":"shipping-taxable","13":"purchasable","14":"product-type-simple"},"yoast_head":"<!-- This site is optimized with the Yoast SEO plugin v26.6 - https:\/\/yoast.com\/wordpress\/plugins\/seo\/ -->\r\n<title>BIODERMA PHOTODERM NUDE TOUCH SPF 50+ TEINTE DOREE - Paracherkaoui.ma<\/title>\r\n<meta name=\"robots\" content=\"index, follow, max-snippet:-1, max-image-preview:large, max-video-preview:-1\" \/>\r\n<link rel=\"canonical\" href=\"https:\/\/paracherkaoui.ma\/index.php\/produit\/bioderma-photoderm-nude-touch-spf-50-teinte-doree\/\" \/>\r\n<meta property=\"og:locale\" content=\"fr_FR\" \/>\r\n<meta property=\"og:type\" content=\"article\" \/>\r\n<meta property=\"og:title\" content=\"BIODERMA PHOTODERM NUDE TOUCH SPF 50+ TEINTE DOREE - Paracherkaoui.ma\" \/>\r\n<meta property=\"og:description\" content=\"Description: Bioderma\u00a0photoderm NUDE Touch SPF 50+ Teinte dor\u00e9e pour peaux mixtes \u00e0 grasse\u00a0 Tr\u00e8s haute protection\u00a0UVA\/UVB\u00a0min\u00e9rale, compl\u00e9t\u00e9e par une protection\" \/>\r\n<meta property=\"og:url\" content=\"https:\/\/paracherkaoui.ma\/index.php\/produit\/bioderma-photoderm-nude-touch-spf-50-teinte-doree\/\" \/>\r\n<meta property=\"og:site_name\" content=\"Paracherkaoui.ma\" \/>\r\n<meta property=\"article:modified_time\" content=\"2025-12-12T16:47:16+00:00\" \/>\r\n<meta property=\"og:image\" content=\"https:\/\/paracherkaoui.ma\/wp-content\/uploads\/2025\/12\/bioderma-bioderma-photoderm-nude-touch-spf-50-teinte-doree-cremes.jpg\" \/>\r\n\t<meta property=\"og:image:width\" content=\"700\" \/>\r\n\t<meta property=\"og:image:height\" content=\"700\" \/>\r\n\t<meta property=\"og:image:type\" content=\"image\/jpeg\" \/>\r\n<meta name=\"twitter:card\" content=\"summary_large_image\" \/>\r\n<meta name=\"twitter:label1\" content=\"Dur\u00e9e de lecture estim\u00e9e\" \/>\n\t<meta name=\"twitter:data1\" content=\"1 minute\" \/>\r\n<script type=\"application\/ld+json\" class=\"yoast-schema-graph\">{\"@context\":\"https:\/\/schema.org\",\"@graph\":[{\"@type\":\"WebPage\",\"@id\":\"https:\/\/paracherkaoui.ma\/index.php\/produit\/bioderma-photoderm-nude-touch-spf-50-teinte-doree\/\",\"url\":\"https:\/\/paracherkaoui.ma\/index.php\/produit\/bioderma-photoderm-nude-touch-spf-50-teinte-doree\/\",\"name\":\"BIODERMA PHOTODERM NUDE TOUCH SPF 50+ TEINTE DOREE - Paracherkaoui.ma\",\"isPartOf\":{\"@id\":\"https:\/\/paracherkaoui.ma\/#website\"},\"primaryImageOfPage\":{\"@id\":\"https:\/\/paracherkaoui.ma\/index.php\/produit\/bioderma-photoderm-nude-touch-spf-50-teinte-doree\/#primaryimage\"},\"image\":{\"@id\":\"https:\/\/paracherkaoui.ma\/index.php\/produit\/bioderma-photoderm-nude-touch-spf-50-teinte-doree\/#primaryimage\"},\"thumbnailUrl\":\"https:\/\/paracherkaoui.ma\/wp-content\/uploads\/2025\/12\/bioderma-bioderma-photoderm-nude-touch-spf-50-teinte-doree-cremes.jpg\",\"datePublished\":\"2025-12-12T16:47:14+00:00\",\"dateModified\":\"2025-12-12T16:47:16+00:00\",\"breadcrumb\":{\"@id\":\"https:\/\/paracherkaoui.ma\/index.php\/produit\/bioderma-photoderm-nude-touch-spf-50-teinte-doree\/#breadcrumb\"},\"inLanguage\":\"fr-FR\",\"potentialAction\":[{\"@type\":\"ReadAction\",\"target\":[\"https:\/\/paracherkaoui.ma\/index.php\/produit\/bioderma-photoderm-nude-touch-spf-50-teinte-doree\/\"]}]},{\"@type\":\"ImageObject\",\"inLanguage\":\"fr-FR\",\"@id\":\"https:\/\/paracherkaoui.ma\/index.php\/produit\/bioderma-photoderm-nude-touch-spf-50-teinte-doree\/#primaryimage\",\"url\":\"https:\/\/paracherkaoui.ma\/wp-content\/uploads\/2025\/12\/bioderma-bioderma-photoderm-nude-touch-spf-50-teinte-doree-cremes.jpg\",\"contentUrl\":\"https:\/\/paracherkaoui.ma\/wp-content\/uploads\/2025\/12\/bioderma-bioderma-photoderm-nude-touch-spf-50-teinte-doree-cremes.jpg\",\"width\":700,\"height\":700},{\"@type\":\"BreadcrumbList\",\"@id\":\"https:\/\/paracherkaoui.ma\/index.php\/produit\/bioderma-photoderm-nude-touch-spf-50-teinte-doree\/#breadcrumb\",\"itemListElement\":[{\"@type\":\"ListItem\",\"position\":1,\"name\":\"Accueil\",\"item\":\"https:\/\/paracherkaoui.ma\/\"},{\"@type\":\"ListItem\",\"position\":2,\"name\":\"Boutique\",\"item\":\"https:\/\/paracherkaoui.ma\/index.php\/boutique\/\"},{\"@type\":\"ListItem\",\"position\":3,\"name\":\"BIODERMA PHOTODERM NUDE TOUCH SPF 50+ TEINTE DOREE\"}]},{\"@type\":\"WebSite\",\"@id\":\"https:\/\/paracherkaoui.ma\/#website\",\"url\":\"https:\/\/paracherkaoui.ma\/\",\"name\":\"Paracherkaoui.ma\",\"description\":\"Achetez en ligne sur Paracherkaoui.ma\",\"potentialAction\":[{\"@type\":\"SearchAction\",\"target\":{\"@type\":\"EntryPoint\",\"urlTemplate\":\"https:\/\/paracherkaoui.ma\/?s={search_term_string}\"},\"query-input\":{\"@type\":\"PropertyValueSpecification\",\"valueRequired\":true,\"valueName\":\"search_term_string\"}}],\"inLanguage\":\"fr-FR\"}]}<\/script>\r\n<!-- \/ Yoast SEO plugin. -->","yoast_head_json":{"title":"BIODERMA PHOTODERM NUDE TOUCH SPF 50+ TEINTE DOREE - Paracherkaoui.ma","robots":{"index":"index","follow":"follow","max-snippet":"max-snippet:-1","max-image-preview":"max-image-preview:large","max-video-preview":"max-video-preview:-1"},"canonical":"https:\/\/paracherkaoui.ma\/index.php\/produit\/bioderma-photoderm-nude-touch-spf-50-teinte-doree\/","og_locale":"fr_FR","og_type":"article","og_title":"BIODERMA PHOTODERM NUDE TOUCH SPF 50+ TEINTE DOREE - Paracherkaoui.ma","og_description":"Description: Bioderma\u00a0photoderm NUDE Touch SPF 50+ Teinte dor\u00e9e pour peaux mixtes \u00e0 grasse\u00a0 Tr\u00e8s haute protection\u00a0UVA\/UVB\u00a0min\u00e9rale, compl\u00e9t\u00e9e par une protection","og_url":"https:\/\/paracherkaoui.ma\/index.php\/produit\/bioderma-photoderm-nude-touch-spf-50-teinte-doree\/","og_site_name":"Paracherkaoui.ma","article_modified_time":"2025-12-12T16:47:16+00:00","og_image":[{"width":700,"height":700,"url":"https:\/\/paracherkaoui.ma\/wp-content\/uploads\/2025\/12\/bioderma-bioderma-photoderm-nude-touch-spf-50-teinte-doree-cremes.jpg","type":"image\/jpeg"}],"twitter_card":"summary_large_image","twitter_misc":{"Dur\u00e9e de lecture estim\u00e9e":"1 minute"},"schema":{"@context":"https:\/\/schema.org","@graph":[{"@type":"WebPage","@id":"https:\/\/paracherkaoui.ma\/index.php\/produit\/bioderma-photoderm-nude-touch-spf-50-teinte-doree\/","url":"https:\/\/paracherkaoui.ma\/index.php\/produit\/bioderma-photoderm-nude-touch-spf-50-teinte-doree\/","name":"BIODERMA PHOTODERM NUDE TOUCH SPF 50+ TEINTE DOREE - Paracherkaoui.ma","isPartOf":{"@id":"https:\/\/paracherkaoui.ma\/#website"},"primaryImageOfPage":{"@id":"https:\/\/paracherkaoui.ma\/index.php\/produit\/bioderma-photoderm-nude-touch-spf-50-teinte-doree\/#primaryimage"},"image":{"@id":"https:\/\/paracherkaoui.ma\/index.php\/produit\/bioderma-photoderm-nude-touch-spf-50-teinte-doree\/#primaryimage"},"thumbnailUrl":"https:\/\/paracherkaoui.ma\/wp-content\/uploads\/2025\/12\/bioderma-bioderma-photoderm-nude-touch-spf-50-teinte-doree-cremes.jpg","datePublished":"2025-12-12T16:47:14+00:00","dateModified":"2025-12-12T16:47:16+00:00","breadcrumb":{"@id":"https:\/\/paracherkaoui.ma\/index.php\/produit\/bioderma-photoderm-nude-touch-spf-50-teinte-doree\/#breadcrumb"},"inLanguage":"fr-FR","potentialAction":[{"@type":"ReadAction","target":["https:\/\/paracherkaoui.ma\/index.php\/produit\/bioderma-photoderm-nude-touch-spf-50-teinte-doree\/"]}]},{"@type":"ImageObject","inLanguage":"fr-FR","@id":"https:\/\/paracherkaoui.ma\/index.php\/produit\/bioderma-photoderm-nude-touch-spf-50-teinte-doree\/#primaryimage","url":"https:\/\/paracherkaoui.ma\/wp-content\/uploads\/2025\/12\/bioderma-bioderma-photoderm-nude-touch-spf-50-teinte-doree-cremes.jpg","contentUrl":"https:\/\/paracherkaoui.ma\/wp-content\/uploads\/2025\/12\/bioderma-bioderma-photoderm-nude-touch-spf-50-teinte-doree-cremes.jpg","width":700,"height":700},{"@type":"BreadcrumbList","@id":"https:\/\/paracherkaoui.ma\/index.php\/produit\/bioderma-photoderm-nude-touch-spf-50-teinte-doree\/#breadcrumb","itemListElement":[{"@type":"ListItem","position":1,"name":"Accueil","item":"https:\/\/paracherkaoui.ma\/"},{"@type":"ListItem","position":2,"name":"Boutique","item":"https:\/\/paracherkaoui.ma\/index.php\/boutique\/"},{"@type":"ListItem","position":3,"name":"BIODERMA PHOTODERM NUDE TOUCH SPF 50+ TEINTE DOREE"}]},{"@type":"WebSite","@id":"https:\/\/paracherkaoui.ma\/#website","url":"https:\/\/paracherkaoui.ma\/","name":"Paracherkaoui.ma","description":"Achetez en ligne sur Paracherkaoui.ma","potentialAction":[{"@type":"SearchAction","target":{"@type":"EntryPoint","urlTemplate":"https:\/\/paracherkaoui.ma\/?s={search_term_string}"},"query-input":{"@type":"PropertyValueSpecification","valueRequired":true,"valueName":"search_term_string"}}],"inLanguage":"fr-FR"}]}},"_links":{"self":[{"href":"https:\/\/paracherkaoui.ma\/index.php\/wp-json\/wp\/v2\/product\/13036","targetHints":{"allow":["GET"]}}],"collection":[{"href":"https:\/\/paracherkaoui.ma\/index.php\/wp-json\/wp\/v2\/product"}],"about":[{"href":"https:\/\/paracherkaoui.ma\/index.php\/wp-json\/wp\/v2\/types\/product"}],"replies":[{"embeddable":true,"href":"https:\/\/paracherkaoui.ma\/index.php\/wp-json\/wp\/v2\/comments?post=13036"}],"version-history":[{"count":1,"href":"https:\/\/paracherkaoui.ma\/index.php\/wp-json\/wp\/v2\/product\/13036\/revisions"}],"predecessor-version":[{"id":13083,"href":"https:\/\/paracherkaoui.ma\/index.php\/wp-json\/wp\/v2\/product\/13036\/revisions\/13083"}],"wp:featuredmedia":[{"embeddable":true,"href":"https:\/\/paracherkaoui.ma\/index.php\/wp-json\/wp\/v2\/media\/13082"}],"wp:attachment":[{"href":"https:\/\/paracherkaoui.ma\/index.php\/wp-json\/wp\/v2\/media?parent=13036"}],"wp:term":[{"taxonomy":"product_brand","embeddable":true,"href":"https:\/\/paracherkaoui.ma\/index.php\/wp-json\/wp\/v2\/product_brand?post=13036"},{"taxonomy":"product_cat","embeddable":true,"href":"https:\/\/paracherkaoui.ma\/index.php\/wp-json\/wp\/v2\/product_cat?post=13036"},{"taxonomy":"product_tag","embeddable":true,"href":"https:\/\/paracherkaoui.ma\/index.php\/wp-json\/wp\/v2\/product_tag?post=13036"}],"curies":[{"name":"wp","href":"https:\/\/api.w.org\/{rel}","templated":true}]}}