{"id":13034,"date":"2025-12-12T17:47:14","date_gmt":"2025-12-12T16:47:14","guid":{"rendered":"https:\/\/test.ecbeaute.com\/?post_type=product&#038;p=13034"},"modified":"2025-12-12T17:47:16","modified_gmt":"2025-12-12T16:47:16","slug":"uriage-bariesun-creme-teintee-spf-50-50-ml-doree","status":"publish","type":"product","link":"https:\/\/paracherkaoui.ma\/index.php\/produit\/uriage-bariesun-creme-teintee-spf-50-50-ml-doree\/","title":{"rendered":"URIAGE BARIESUN CREME TEINTEE SPF 50+ 50 ML DOREE"},"content":{"rendered":"<p>Sa formule innovante, \u00e0 la fois fondante et non grasse, unifie naturellement le teint pour un effet bonne mine imm\u00e9diat. La texture nouvelle g\u00e9n\u00e9ration, avec un toucher sec, assure une absorption rapide et un effet anti-brillance durable. En plus de sa haute performance, cette cr\u00e8me adopte une d\u00e9marche \u00e9co-responsable respectant les coraux et les oc\u00e9ans, et soutient les ONG en reversant 1% des b\u00e9n\u00e9fices mondiaux de Bari\u00e9sun.<br \/>\nGr\u00e2ce \u00e0 son complexe filtrant de derni\u00e8re g\u00e9n\u00e9ration, cette cr\u00e8me assure une protection maximale contre les UV et les radicaux libres, tout en pr\u00e9venant le dess\u00e8chement cutan\u00e9. Enrichie en Eau Thermale d\u2019Uriage et en Aquaspongines, elle hydrate intens\u00e9ment la peau, renfor\u00e7ant ainsi la barri\u00e8re cutan\u00e9e et prot\u00e9geant l\u2019ADN des d\u00e9gradations dues aux UV. Sa texture l\u00e9g\u00e8re, non-grasse et agr\u00e9ablement parfum\u00e9e garantit un plaisir d\u2019utilisation renouvel\u00e9 \u00e0 chaque application.<br \/>\nSubtilement nacr\u00e9e, elle sublime le teint d\u2019un \u00e9clat dor\u00e9 pour un fini naturel et radieux. Test\u00e9e dermatologiquement, elle offre une haute s\u00e9curit\u00e9 et une grande tol\u00e9rance pour toutes les peaux, m\u00eame les plus sensibles.<br \/>\nCOMPOSITION<br \/>\nAqua (eau), carbonate de dicaprylyle, bis-benzotriazolyl de m\u00e9thyl\u00e8ne t\u00e9tram\u00e9thylbutylph\u00e9nol[nano], CI 77891 (dioxyde de titane), \u00e9thylhexyl triazone, butyl m\u00e9thoxydibenzoylm\u00e9thane, s\u00e9bacate de diisopropyle, dicaprylate\/dicaprate de propyl\u00e8ne glycol, glyc\u00e9rides de palmiste hydrog\u00e9n\u00e9s, benzoate d&rsquo;alkyle en C12-15, Adipate de diisopropyle, bis-\u00e9thylhexyloxyph\u00e9nol m\u00e9thoxyph\u00e9nyl triazine, silice, triacontanyl Pvp, CI 77492 (oxydes de fer), glyc\u00e9rine, phosphate d&rsquo;alkyle en C20-22, alcools en C20-22, d\u00e9cylglucoside, butyl\u00e8ne glycol, glyc\u00e9rides de palme hydrog\u00e9n\u00e9s, glucose, CI 77491 (fer Oxydes), Gomme Xanthane, Parfum (parfum), Coco-glucoside, Acide Benzo\u00efque, Edta T\u00e9trasodique, Alcool de Coco, Tri\u00e9thoxycaprylylsilane, Polyd\u00e9c\u00e8ne Hydrog\u00e9n\u00e9, Ac\u00e9tate de Tocoph\u00e9ryle, O-cymen-5-ol, CI 77499 (oxydes de fer), Tr\u00e9halose, Propyl\u00e8ne Glycol, acide citrique, hydroxyde de sodium, t\u00e9traisopalmitate d&rsquo;ascorbyle, tocoph\u00e9rol, extrait de Spirulina Platensis, Polyquaternium-51.<br \/>\nCONSEIL D\u2019UTILISATION<br \/>\nAppliquez g\u00e9n\u00e9reusement sur le visage et le cou avant l&rsquo;exposition au soleil. Renouvelez fr\u00e9quemment l&rsquo;application, notamment apr\u00e8s avoir transpir\u00e9, nag\u00e9 ou s&rsquo;\u00eatre essuy\u00e9. \u00c9vitez le contact avec les yeux. En cas de contact, rincez abondamment \u00e0 l&rsquo;eau claire.<\/p>\n","protected":false},"excerpt":{"rendered":"<p>Sa formule innovante, \u00e0 la fois fondante et non grasse, unifie naturellement le teint pour un effet bonne mine imm\u00e9diat.<\/p>\n","protected":false},"featured_media":13079,"comment_status":"open","ping_status":"closed","template":"","meta":[],"product_brand":[130],"product_cat":[171],"product_tag":[],"class_list":{"0":"post-13034","1":"product","2":"type-product","3":"status-publish","4":"has-post-thumbnail","6":"product_brand-uriage","7":"product_cat-protection-solaire-visage","9":"first","10":"instock","11":"sale","12":"shipping-taxable","13":"purchasable","14":"product-type-simple"},"yoast_head":"<!-- This site is optimized with the Yoast SEO plugin v26.6 - https:\/\/yoast.com\/wordpress\/plugins\/seo\/ -->\r\n<title>URIAGE BARIESUN CREME TEINTEE SPF 50+ 50 ML DOREE - Paracherkaoui.ma<\/title>\r\n<meta name=\"robots\" content=\"index, follow, max-snippet:-1, max-image-preview:large, max-video-preview:-1\" \/>\r\n<link rel=\"canonical\" href=\"https:\/\/paracherkaoui.ma\/index.php\/produit\/uriage-bariesun-creme-teintee-spf-50-50-ml-doree\/\" \/>\r\n<meta property=\"og:locale\" content=\"fr_FR\" \/>\r\n<meta property=\"og:type\" content=\"article\" \/>\r\n<meta property=\"og:title\" content=\"URIAGE BARIESUN CREME TEINTEE SPF 50+ 50 ML DOREE - Paracherkaoui.ma\" \/>\r\n<meta property=\"og:description\" content=\"Sa formule innovante, \u00e0 la fois fondante et non grasse, unifie naturellement le teint pour un effet bonne mine imm\u00e9diat.\" \/>\r\n<meta property=\"og:url\" content=\"https:\/\/paracherkaoui.ma\/index.php\/produit\/uriage-bariesun-creme-teintee-spf-50-50-ml-doree\/\" \/>\r\n<meta property=\"og:site_name\" content=\"Paracherkaoui.ma\" \/>\r\n<meta property=\"article:modified_time\" content=\"2025-12-12T16:47:16+00:00\" \/>\r\n<meta property=\"og:image\" content=\"https:\/\/paracherkaoui.ma\/wp-content\/uploads\/2025\/12\/uriage-uriage-bariesun-creme-teintee-spf-50-50-ml-doree-cremes-solaires.jpg\" \/>\r\n\t<meta property=\"og:image:width\" content=\"700\" \/>\r\n\t<meta property=\"og:image:height\" content=\"700\" \/>\r\n\t<meta property=\"og:image:type\" content=\"image\/jpeg\" \/>\r\n<meta name=\"twitter:card\" content=\"summary_large_image\" \/>\r\n<meta name=\"twitter:label1\" content=\"Dur\u00e9e de lecture estim\u00e9e\" \/>\n\t<meta name=\"twitter:data1\" content=\"2 minutes\" \/>\r\n<script type=\"application\/ld+json\" class=\"yoast-schema-graph\">{\"@context\":\"https:\/\/schema.org\",\"@graph\":[{\"@type\":\"WebPage\",\"@id\":\"https:\/\/paracherkaoui.ma\/index.php\/produit\/uriage-bariesun-creme-teintee-spf-50-50-ml-doree\/\",\"url\":\"https:\/\/paracherkaoui.ma\/index.php\/produit\/uriage-bariesun-creme-teintee-spf-50-50-ml-doree\/\",\"name\":\"URIAGE BARIESUN CREME TEINTEE SPF 50+ 50 ML DOREE - Paracherkaoui.ma\",\"isPartOf\":{\"@id\":\"https:\/\/paracherkaoui.ma\/#website\"},\"primaryImageOfPage\":{\"@id\":\"https:\/\/paracherkaoui.ma\/index.php\/produit\/uriage-bariesun-creme-teintee-spf-50-50-ml-doree\/#primaryimage\"},\"image\":{\"@id\":\"https:\/\/paracherkaoui.ma\/index.php\/produit\/uriage-bariesun-creme-teintee-spf-50-50-ml-doree\/#primaryimage\"},\"thumbnailUrl\":\"https:\/\/paracherkaoui.ma\/wp-content\/uploads\/2025\/12\/uriage-uriage-bariesun-creme-teintee-spf-50-50-ml-doree-cremes-solaires.jpg\",\"datePublished\":\"2025-12-12T16:47:14+00:00\",\"dateModified\":\"2025-12-12T16:47:16+00:00\",\"breadcrumb\":{\"@id\":\"https:\/\/paracherkaoui.ma\/index.php\/produit\/uriage-bariesun-creme-teintee-spf-50-50-ml-doree\/#breadcrumb\"},\"inLanguage\":\"fr-FR\",\"potentialAction\":[{\"@type\":\"ReadAction\",\"target\":[\"https:\/\/paracherkaoui.ma\/index.php\/produit\/uriage-bariesun-creme-teintee-spf-50-50-ml-doree\/\"]}]},{\"@type\":\"ImageObject\",\"inLanguage\":\"fr-FR\",\"@id\":\"https:\/\/paracherkaoui.ma\/index.php\/produit\/uriage-bariesun-creme-teintee-spf-50-50-ml-doree\/#primaryimage\",\"url\":\"https:\/\/paracherkaoui.ma\/wp-content\/uploads\/2025\/12\/uriage-uriage-bariesun-creme-teintee-spf-50-50-ml-doree-cremes-solaires.jpg\",\"contentUrl\":\"https:\/\/paracherkaoui.ma\/wp-content\/uploads\/2025\/12\/uriage-uriage-bariesun-creme-teintee-spf-50-50-ml-doree-cremes-solaires.jpg\",\"width\":700,\"height\":700},{\"@type\":\"BreadcrumbList\",\"@id\":\"https:\/\/paracherkaoui.ma\/index.php\/produit\/uriage-bariesun-creme-teintee-spf-50-50-ml-doree\/#breadcrumb\",\"itemListElement\":[{\"@type\":\"ListItem\",\"position\":1,\"name\":\"Accueil\",\"item\":\"https:\/\/paracherkaoui.ma\/\"},{\"@type\":\"ListItem\",\"position\":2,\"name\":\"Boutique\",\"item\":\"https:\/\/paracherkaoui.ma\/index.php\/boutique\/\"},{\"@type\":\"ListItem\",\"position\":3,\"name\":\"URIAGE BARIESUN CREME TEINTEE SPF 50+ 50 ML DOREE\"}]},{\"@type\":\"WebSite\",\"@id\":\"https:\/\/paracherkaoui.ma\/#website\",\"url\":\"https:\/\/paracherkaoui.ma\/\",\"name\":\"Paracherkaoui.ma\",\"description\":\"Achetez en ligne sur Paracherkaoui.ma\",\"potentialAction\":[{\"@type\":\"SearchAction\",\"target\":{\"@type\":\"EntryPoint\",\"urlTemplate\":\"https:\/\/paracherkaoui.ma\/?s={search_term_string}\"},\"query-input\":{\"@type\":\"PropertyValueSpecification\",\"valueRequired\":true,\"valueName\":\"search_term_string\"}}],\"inLanguage\":\"fr-FR\"}]}<\/script>\r\n<!-- \/ Yoast SEO plugin. -->","yoast_head_json":{"title":"URIAGE BARIESUN CREME TEINTEE SPF 50+ 50 ML DOREE - Paracherkaoui.ma","robots":{"index":"index","follow":"follow","max-snippet":"max-snippet:-1","max-image-preview":"max-image-preview:large","max-video-preview":"max-video-preview:-1"},"canonical":"https:\/\/paracherkaoui.ma\/index.php\/produit\/uriage-bariesun-creme-teintee-spf-50-50-ml-doree\/","og_locale":"fr_FR","og_type":"article","og_title":"URIAGE BARIESUN CREME TEINTEE SPF 50+ 50 ML DOREE - Paracherkaoui.ma","og_description":"Sa formule innovante, \u00e0 la fois fondante et non grasse, unifie naturellement le teint pour un effet bonne mine imm\u00e9diat.","og_url":"https:\/\/paracherkaoui.ma\/index.php\/produit\/uriage-bariesun-creme-teintee-spf-50-50-ml-doree\/","og_site_name":"Paracherkaoui.ma","article_modified_time":"2025-12-12T16:47:16+00:00","og_image":[{"width":700,"height":700,"url":"https:\/\/paracherkaoui.ma\/wp-content\/uploads\/2025\/12\/uriage-uriage-bariesun-creme-teintee-spf-50-50-ml-doree-cremes-solaires.jpg","type":"image\/jpeg"}],"twitter_card":"summary_large_image","twitter_misc":{"Dur\u00e9e de lecture estim\u00e9e":"2 minutes"},"schema":{"@context":"https:\/\/schema.org","@graph":[{"@type":"WebPage","@id":"https:\/\/paracherkaoui.ma\/index.php\/produit\/uriage-bariesun-creme-teintee-spf-50-50-ml-doree\/","url":"https:\/\/paracherkaoui.ma\/index.php\/produit\/uriage-bariesun-creme-teintee-spf-50-50-ml-doree\/","name":"URIAGE BARIESUN CREME TEINTEE SPF 50+ 50 ML DOREE - Paracherkaoui.ma","isPartOf":{"@id":"https:\/\/paracherkaoui.ma\/#website"},"primaryImageOfPage":{"@id":"https:\/\/paracherkaoui.ma\/index.php\/produit\/uriage-bariesun-creme-teintee-spf-50-50-ml-doree\/#primaryimage"},"image":{"@id":"https:\/\/paracherkaoui.ma\/index.php\/produit\/uriage-bariesun-creme-teintee-spf-50-50-ml-doree\/#primaryimage"},"thumbnailUrl":"https:\/\/paracherkaoui.ma\/wp-content\/uploads\/2025\/12\/uriage-uriage-bariesun-creme-teintee-spf-50-50-ml-doree-cremes-solaires.jpg","datePublished":"2025-12-12T16:47:14+00:00","dateModified":"2025-12-12T16:47:16+00:00","breadcrumb":{"@id":"https:\/\/paracherkaoui.ma\/index.php\/produit\/uriage-bariesun-creme-teintee-spf-50-50-ml-doree\/#breadcrumb"},"inLanguage":"fr-FR","potentialAction":[{"@type":"ReadAction","target":["https:\/\/paracherkaoui.ma\/index.php\/produit\/uriage-bariesun-creme-teintee-spf-50-50-ml-doree\/"]}]},{"@type":"ImageObject","inLanguage":"fr-FR","@id":"https:\/\/paracherkaoui.ma\/index.php\/produit\/uriage-bariesun-creme-teintee-spf-50-50-ml-doree\/#primaryimage","url":"https:\/\/paracherkaoui.ma\/wp-content\/uploads\/2025\/12\/uriage-uriage-bariesun-creme-teintee-spf-50-50-ml-doree-cremes-solaires.jpg","contentUrl":"https:\/\/paracherkaoui.ma\/wp-content\/uploads\/2025\/12\/uriage-uriage-bariesun-creme-teintee-spf-50-50-ml-doree-cremes-solaires.jpg","width":700,"height":700},{"@type":"BreadcrumbList","@id":"https:\/\/paracherkaoui.ma\/index.php\/produit\/uriage-bariesun-creme-teintee-spf-50-50-ml-doree\/#breadcrumb","itemListElement":[{"@type":"ListItem","position":1,"name":"Accueil","item":"https:\/\/paracherkaoui.ma\/"},{"@type":"ListItem","position":2,"name":"Boutique","item":"https:\/\/paracherkaoui.ma\/index.php\/boutique\/"},{"@type":"ListItem","position":3,"name":"URIAGE BARIESUN CREME TEINTEE SPF 50+ 50 ML DOREE"}]},{"@type":"WebSite","@id":"https:\/\/paracherkaoui.ma\/#website","url":"https:\/\/paracherkaoui.ma\/","name":"Paracherkaoui.ma","description":"Achetez en ligne sur Paracherkaoui.ma","potentialAction":[{"@type":"SearchAction","target":{"@type":"EntryPoint","urlTemplate":"https:\/\/paracherkaoui.ma\/?s={search_term_string}"},"query-input":{"@type":"PropertyValueSpecification","valueRequired":true,"valueName":"search_term_string"}}],"inLanguage":"fr-FR"}]}},"_links":{"self":[{"href":"https:\/\/paracherkaoui.ma\/index.php\/wp-json\/wp\/v2\/product\/13034","targetHints":{"allow":["GET"]}}],"collection":[{"href":"https:\/\/paracherkaoui.ma\/index.php\/wp-json\/wp\/v2\/product"}],"about":[{"href":"https:\/\/paracherkaoui.ma\/index.php\/wp-json\/wp\/v2\/types\/product"}],"replies":[{"embeddable":true,"href":"https:\/\/paracherkaoui.ma\/index.php\/wp-json\/wp\/v2\/comments?post=13034"}],"version-history":[{"count":1,"href":"https:\/\/paracherkaoui.ma\/index.php\/wp-json\/wp\/v2\/product\/13034\/revisions"}],"predecessor-version":[{"id":13080,"href":"https:\/\/paracherkaoui.ma\/index.php\/wp-json\/wp\/v2\/product\/13034\/revisions\/13080"}],"wp:featuredmedia":[{"embeddable":true,"href":"https:\/\/paracherkaoui.ma\/index.php\/wp-json\/wp\/v2\/media\/13079"}],"wp:attachment":[{"href":"https:\/\/paracherkaoui.ma\/index.php\/wp-json\/wp\/v2\/media?parent=13034"}],"wp:term":[{"taxonomy":"product_brand","embeddable":true,"href":"https:\/\/paracherkaoui.ma\/index.php\/wp-json\/wp\/v2\/product_brand?post=13034"},{"taxonomy":"product_cat","embeddable":true,"href":"https:\/\/paracherkaoui.ma\/index.php\/wp-json\/wp\/v2\/product_cat?post=13034"},{"taxonomy":"product_tag","embeddable":true,"href":"https:\/\/paracherkaoui.ma\/index.php\/wp-json\/wp\/v2\/product_tag?post=13034"}],"curies":[{"name":"wp","href":"https:\/\/api.w.org\/{rel}","templated":true}]}}