{"id":13023,"date":"2025-12-12T17:47:13","date_gmt":"2025-12-12T16:47:13","guid":{"rendered":"https:\/\/test.ecbeaute.com\/?post_type=product&#038;p=13023"},"modified":"2025-12-12T17:47:15","modified_gmt":"2025-12-12T16:47:15","slug":"vichy-capital-soleil-matifiant-3-en-1-spf-50","status":"publish","type":"product","link":"https:\/\/paracherkaoui.ma\/index.php\/produit\/vichy-capital-soleil-matifiant-3-en-1-spf-50\/","title":{"rendered":"VICHY CAPITAL SOLEIL MATIFIANT 3 EN 1 SPF 50+"},"content":{"rendered":"<p>Ce n&rsquo;est plus un r\u00eave ! Gr\u00e2ce \u00e0 l&rsquo;alliance puissante de l&rsquo;argile verte, reconnue pour ses propri\u00e9t\u00e9s absorbantes et purifiantes, et des extraits de Bifidus, qui renforcent la barri\u00e8re cutan\u00e9e et r\u00e9duisent la sensibilit\u00e9, votre peau est prot\u00e9g\u00e9e, purifi\u00e9e et apais\u00e9e. La texture l\u00e9g\u00e8re et \u00e0 absorption rapide de cette cr\u00e8me solaire matifiante laisse un toucher sec et un fini invisible, sans traces blanches ni effet gras. Sa r\u00e9sistance \u00e0 l&rsquo;eau en fait votre alli\u00e9 id\u00e9al pour toutes vos activit\u00e9s, m\u00eame aquatiques.<br \/>\nVichy Capital Soleil Matifiant 3 en 1 SPF 50+ ne se contente pas de prot\u00e9ger. Des tests cliniques ont prouv\u00e9 son efficacit\u00e9 anti-brillance (-23%), anti-pollution (-51% des impuret\u00e9s) et antioxydante (-90% d&rsquo;oxydation du s\u00e9bum). Les consommateurs l&rsquo;ont \u00e9galement approuv\u00e9, avec plus de 90% soulignant sa texture l\u00e9g\u00e8re et agr\u00e9able et pr\u00e8s de 90% constatant l&rsquo;absence de sensation grasse ou de brillance.<br \/>\nHypoallerg\u00e9nique, non com\u00e9dog\u00e8ne et test\u00e9e sous contr\u00f4le dermatologique, cette cr\u00e8me solaire matifiante respecte m\u00eame les peaux les plus sensibles. Int\u00e9grez-la \u00e0 votre routine quotidienne pour une protection solaire optimale et une peau visiblement plus saine et matifi\u00e9e. Offrez \u00e0 votre peau le soin expert qu&rsquo;elle m\u00e9rite avec Vichy Capital Soleil Matifiant 3 en 1 SPF 50+, votre secret pour une peau prot\u00e9g\u00e9e, purifi\u00e9e et \u00e9clatante de matit\u00e9.<br \/>\nEfficacit\u00e9 :<br \/>\nTest\u00e9 cliniquement*<br \/>\nANTI-BRILLANCE: -23% de brillance<br \/>\nANTI-POLLUTION: -51% d&rsquo;impuret\u00e9s<br \/>\nANTIOXYDANT: -90% d&rsquo;oxydation du s\u00e9bum<br \/>\nApprouv\u00e9 par les consommateurs**<br \/>\n92.5% disent que la Texture : est l\u00e9g\u00e8re et plaisante<br \/>\n88% disent que la peau n&rsquo;est pas grasse ou brillante<br \/>\n*Test\u00e9 sur 21 femmes<br \/>\n** Test\u00e9 aupr\u00e8s de 55 hommes et femmes pendant 28 jours<br \/>\nConseils d&rsquo;utilisation<br \/>\nAppliquez g\u00e9n\u00e9reusement une demi-heure avant l\u2019exposition au soleil sur le visage et le cou.<br \/>\nRenouvelez l\u2019application fr\u00e9quemment, toutes les 2 heures minimum, ou plus souvent apr\u00e8s avoir nag\u00e9, transpir\u00e9 ou vous \u00eatre essuy\u00e9.<br \/>\n\u00c9vitez le contour des yeux. En cas de contact, rincez imm\u00e9diatement et abondamment.<br \/>\n\u00c9vitez le contact avec les textiles pour pr\u00e9venir les taches.<br \/>\nPour apaiser et hydrater votre peau apr\u00e8s l&rsquo;exposition, utilisez le Lait Apaisant Apr\u00e8s Soleil Vichy.<br \/>\nComposition<br \/>\nIngr\u00e9dients &#038; Principes Actifs Cl\u00e9s<br \/>\nArgile Verte : Absorbe le s\u00e9bum pour un effet mat. Prot\u00e8ge la peau contre les particules de pollution.<br \/>\nExtraits de Bifidus : Renforce la barri\u00e8re cutan\u00e9e et r\u00e9duit la sensibilit\u00e9 de la peau.<br \/>\nAQUA \/ WATER, HOMOSALATE, SILICA, BIFIDA FERMENT LYSATE, ISONONYL ISONONANOATE, GLYCERIN, ETHYLHEXYL TRIAZONE, BUTYL METHOXYDIBENZOYLMETHANE, BIS-ETHYLHEXYLOXYPHENOL METHOXYPHENYL TRIAZINE, DIISOPROPYL SEBACATE, PHENYLBENZIMIDAZOLE SULFONIC ACID, OCTOCRYLENE, CAPRYLYL METHICONE, PENTYLENE GLYCOL, ALUMINUM STARCH OCTENYLSUCCINATE, TRIETHANOLAMINE, TITANIUM DIOXIDE [NANO] \/ TITANIUM DIOXIDE, POTASSIUM CETYL PHOSPHATE, METHYLENE BIS-BENZOTRIAZOLYL TETRAMETHYLBUTYLPHENOL [NANO] \/ METHYLENE BIS-BENZOTRIAZOLYL TETRAMETHYLBUTYLPHENOL, ACRYLATES\/C10-30 ALKYL ACRYLATE CROSSPOLYMER, ALUMINUM HYDROXIDE, AMMONIUM ACRYLOYLDIMETHYLTAURATE\/VP COPOLYMER, BUTYLENE GLYCOL, CAPRYLYL GLYCOL, DISODIUM EDTA, GLYCERYL STEARATE, KAOLIN, LAURYL METHACRYLATE\/GLYCOL DIMETHACRYLATE CROSSPOLYMER, MYRISTIC ACID, PALMITIC ACID, PEG-100 STEARATE, PHENOXYETHANOL, POLOXAMER 338, POLYGLYCERYL-10 LAURATE, SILICA SILYLATE, SODIUM BENZOATE, SODIUM METHYL STEAROYL TAURATE, STEARIC ACID, STEARYL ALCOHOL, T-BUTYL ALCOHOL, TEREPHTHALYLIDENE DICAMPHOR SULFONIC ACID, TOCOPHEROL, PARFUM \/ FRAGRANCE.<\/p>\n","protected":false},"excerpt":{"rendered":"<p>Ce n&rsquo;est plus un r\u00eave ! Gr\u00e2ce \u00e0 l&rsquo;alliance puissante de l&rsquo;argile verte, reconnue pour ses propri\u00e9t\u00e9s absorbantes et purifiantes,<\/p>\n","protected":false},"featured_media":13058,"comment_status":"open","ping_status":"closed","template":"","meta":[],"product_brand":[139],"product_cat":[171],"product_tag":[],"class_list":{"0":"post-13023","1":"product","2":"type-product","3":"status-publish","4":"has-post-thumbnail","6":"product_brand-vichy","7":"product_cat-protection-solaire-visage","9":"first","10":"instock","11":"sale","12":"shipping-taxable","13":"purchasable","14":"product-type-simple"},"yoast_head":"<!-- This site is optimized with the Yoast SEO plugin v26.6 - https:\/\/yoast.com\/wordpress\/plugins\/seo\/ -->\r\n<title>VICHY CAPITAL SOLEIL MATIFIANT 3 EN 1 SPF 50+ - Paracherkaoui.ma<\/title>\r\n<meta name=\"robots\" content=\"index, follow, max-snippet:-1, max-image-preview:large, max-video-preview:-1\" \/>\r\n<link rel=\"canonical\" href=\"https:\/\/paracherkaoui.ma\/index.php\/produit\/vichy-capital-soleil-matifiant-3-en-1-spf-50\/\" \/>\r\n<meta property=\"og:locale\" content=\"fr_FR\" \/>\r\n<meta property=\"og:type\" content=\"article\" \/>\r\n<meta property=\"og:title\" content=\"VICHY CAPITAL SOLEIL MATIFIANT 3 EN 1 SPF 50+ - Paracherkaoui.ma\" \/>\r\n<meta property=\"og:description\" content=\"Ce n&rsquo;est plus un r\u00eave ! Gr\u00e2ce \u00e0 l&rsquo;alliance puissante de l&rsquo;argile verte, reconnue pour ses propri\u00e9t\u00e9s absorbantes et purifiantes,\" \/>\r\n<meta property=\"og:url\" content=\"https:\/\/paracherkaoui.ma\/index.php\/produit\/vichy-capital-soleil-matifiant-3-en-1-spf-50\/\" \/>\r\n<meta property=\"og:site_name\" content=\"Paracherkaoui.ma\" \/>\r\n<meta property=\"article:modified_time\" content=\"2025-12-12T16:47:15+00:00\" \/>\r\n<meta property=\"og:image\" content=\"https:\/\/paracherkaoui.ma\/wp-content\/uploads\/2025\/12\/vichy-vichy-capital-soleil-matifiant-3-en-1-spf-50-cremes-solaires.jpg\" \/>\r\n\t<meta property=\"og:image:width\" content=\"700\" \/>\r\n\t<meta property=\"og:image:height\" content=\"700\" \/>\r\n\t<meta property=\"og:image:type\" content=\"image\/jpeg\" \/>\r\n<meta name=\"twitter:card\" content=\"summary_large_image\" \/>\r\n<meta name=\"twitter:label1\" content=\"Dur\u00e9e de lecture estim\u00e9e\" \/>\n\t<meta name=\"twitter:data1\" content=\"3 minutes\" \/>\r\n<script type=\"application\/ld+json\" class=\"yoast-schema-graph\">{\"@context\":\"https:\/\/schema.org\",\"@graph\":[{\"@type\":\"WebPage\",\"@id\":\"https:\/\/paracherkaoui.ma\/index.php\/produit\/vichy-capital-soleil-matifiant-3-en-1-spf-50\/\",\"url\":\"https:\/\/paracherkaoui.ma\/index.php\/produit\/vichy-capital-soleil-matifiant-3-en-1-spf-50\/\",\"name\":\"VICHY CAPITAL SOLEIL MATIFIANT 3 EN 1 SPF 50+ - Paracherkaoui.ma\",\"isPartOf\":{\"@id\":\"https:\/\/paracherkaoui.ma\/#website\"},\"primaryImageOfPage\":{\"@id\":\"https:\/\/paracherkaoui.ma\/index.php\/produit\/vichy-capital-soleil-matifiant-3-en-1-spf-50\/#primaryimage\"},\"image\":{\"@id\":\"https:\/\/paracherkaoui.ma\/index.php\/produit\/vichy-capital-soleil-matifiant-3-en-1-spf-50\/#primaryimage\"},\"thumbnailUrl\":\"https:\/\/paracherkaoui.ma\/wp-content\/uploads\/2025\/12\/vichy-vichy-capital-soleil-matifiant-3-en-1-spf-50-cremes-solaires.jpg\",\"datePublished\":\"2025-12-12T16:47:13+00:00\",\"dateModified\":\"2025-12-12T16:47:15+00:00\",\"breadcrumb\":{\"@id\":\"https:\/\/paracherkaoui.ma\/index.php\/produit\/vichy-capital-soleil-matifiant-3-en-1-spf-50\/#breadcrumb\"},\"inLanguage\":\"fr-FR\",\"potentialAction\":[{\"@type\":\"ReadAction\",\"target\":[\"https:\/\/paracherkaoui.ma\/index.php\/produit\/vichy-capital-soleil-matifiant-3-en-1-spf-50\/\"]}]},{\"@type\":\"ImageObject\",\"inLanguage\":\"fr-FR\",\"@id\":\"https:\/\/paracherkaoui.ma\/index.php\/produit\/vichy-capital-soleil-matifiant-3-en-1-spf-50\/#primaryimage\",\"url\":\"https:\/\/paracherkaoui.ma\/wp-content\/uploads\/2025\/12\/vichy-vichy-capital-soleil-matifiant-3-en-1-spf-50-cremes-solaires.jpg\",\"contentUrl\":\"https:\/\/paracherkaoui.ma\/wp-content\/uploads\/2025\/12\/vichy-vichy-capital-soleil-matifiant-3-en-1-spf-50-cremes-solaires.jpg\",\"width\":700,\"height\":700},{\"@type\":\"BreadcrumbList\",\"@id\":\"https:\/\/paracherkaoui.ma\/index.php\/produit\/vichy-capital-soleil-matifiant-3-en-1-spf-50\/#breadcrumb\",\"itemListElement\":[{\"@type\":\"ListItem\",\"position\":1,\"name\":\"Accueil\",\"item\":\"https:\/\/paracherkaoui.ma\/\"},{\"@type\":\"ListItem\",\"position\":2,\"name\":\"Boutique\",\"item\":\"https:\/\/paracherkaoui.ma\/index.php\/boutique\/\"},{\"@type\":\"ListItem\",\"position\":3,\"name\":\"VICHY CAPITAL SOLEIL MATIFIANT 3 EN 1 SPF 50+\"}]},{\"@type\":\"WebSite\",\"@id\":\"https:\/\/paracherkaoui.ma\/#website\",\"url\":\"https:\/\/paracherkaoui.ma\/\",\"name\":\"Paracherkaoui.ma\",\"description\":\"Achetez en ligne sur Paracherkaoui.ma\",\"potentialAction\":[{\"@type\":\"SearchAction\",\"target\":{\"@type\":\"EntryPoint\",\"urlTemplate\":\"https:\/\/paracherkaoui.ma\/?s={search_term_string}\"},\"query-input\":{\"@type\":\"PropertyValueSpecification\",\"valueRequired\":true,\"valueName\":\"search_term_string\"}}],\"inLanguage\":\"fr-FR\"}]}<\/script>\r\n<!-- \/ Yoast SEO plugin. -->","yoast_head_json":{"title":"VICHY CAPITAL SOLEIL MATIFIANT 3 EN 1 SPF 50+ - Paracherkaoui.ma","robots":{"index":"index","follow":"follow","max-snippet":"max-snippet:-1","max-image-preview":"max-image-preview:large","max-video-preview":"max-video-preview:-1"},"canonical":"https:\/\/paracherkaoui.ma\/index.php\/produit\/vichy-capital-soleil-matifiant-3-en-1-spf-50\/","og_locale":"fr_FR","og_type":"article","og_title":"VICHY CAPITAL SOLEIL MATIFIANT 3 EN 1 SPF 50+ - Paracherkaoui.ma","og_description":"Ce n&rsquo;est plus un r\u00eave ! Gr\u00e2ce \u00e0 l&rsquo;alliance puissante de l&rsquo;argile verte, reconnue pour ses propri\u00e9t\u00e9s absorbantes et purifiantes,","og_url":"https:\/\/paracherkaoui.ma\/index.php\/produit\/vichy-capital-soleil-matifiant-3-en-1-spf-50\/","og_site_name":"Paracherkaoui.ma","article_modified_time":"2025-12-12T16:47:15+00:00","og_image":[{"width":700,"height":700,"url":"https:\/\/paracherkaoui.ma\/wp-content\/uploads\/2025\/12\/vichy-vichy-capital-soleil-matifiant-3-en-1-spf-50-cremes-solaires.jpg","type":"image\/jpeg"}],"twitter_card":"summary_large_image","twitter_misc":{"Dur\u00e9e de lecture estim\u00e9e":"3 minutes"},"schema":{"@context":"https:\/\/schema.org","@graph":[{"@type":"WebPage","@id":"https:\/\/paracherkaoui.ma\/index.php\/produit\/vichy-capital-soleil-matifiant-3-en-1-spf-50\/","url":"https:\/\/paracherkaoui.ma\/index.php\/produit\/vichy-capital-soleil-matifiant-3-en-1-spf-50\/","name":"VICHY CAPITAL SOLEIL MATIFIANT 3 EN 1 SPF 50+ - Paracherkaoui.ma","isPartOf":{"@id":"https:\/\/paracherkaoui.ma\/#website"},"primaryImageOfPage":{"@id":"https:\/\/paracherkaoui.ma\/index.php\/produit\/vichy-capital-soleil-matifiant-3-en-1-spf-50\/#primaryimage"},"image":{"@id":"https:\/\/paracherkaoui.ma\/index.php\/produit\/vichy-capital-soleil-matifiant-3-en-1-spf-50\/#primaryimage"},"thumbnailUrl":"https:\/\/paracherkaoui.ma\/wp-content\/uploads\/2025\/12\/vichy-vichy-capital-soleil-matifiant-3-en-1-spf-50-cremes-solaires.jpg","datePublished":"2025-12-12T16:47:13+00:00","dateModified":"2025-12-12T16:47:15+00:00","breadcrumb":{"@id":"https:\/\/paracherkaoui.ma\/index.php\/produit\/vichy-capital-soleil-matifiant-3-en-1-spf-50\/#breadcrumb"},"inLanguage":"fr-FR","potentialAction":[{"@type":"ReadAction","target":["https:\/\/paracherkaoui.ma\/index.php\/produit\/vichy-capital-soleil-matifiant-3-en-1-spf-50\/"]}]},{"@type":"ImageObject","inLanguage":"fr-FR","@id":"https:\/\/paracherkaoui.ma\/index.php\/produit\/vichy-capital-soleil-matifiant-3-en-1-spf-50\/#primaryimage","url":"https:\/\/paracherkaoui.ma\/wp-content\/uploads\/2025\/12\/vichy-vichy-capital-soleil-matifiant-3-en-1-spf-50-cremes-solaires.jpg","contentUrl":"https:\/\/paracherkaoui.ma\/wp-content\/uploads\/2025\/12\/vichy-vichy-capital-soleil-matifiant-3-en-1-spf-50-cremes-solaires.jpg","width":700,"height":700},{"@type":"BreadcrumbList","@id":"https:\/\/paracherkaoui.ma\/index.php\/produit\/vichy-capital-soleil-matifiant-3-en-1-spf-50\/#breadcrumb","itemListElement":[{"@type":"ListItem","position":1,"name":"Accueil","item":"https:\/\/paracherkaoui.ma\/"},{"@type":"ListItem","position":2,"name":"Boutique","item":"https:\/\/paracherkaoui.ma\/index.php\/boutique\/"},{"@type":"ListItem","position":3,"name":"VICHY CAPITAL SOLEIL MATIFIANT 3 EN 1 SPF 50+"}]},{"@type":"WebSite","@id":"https:\/\/paracherkaoui.ma\/#website","url":"https:\/\/paracherkaoui.ma\/","name":"Paracherkaoui.ma","description":"Achetez en ligne sur Paracherkaoui.ma","potentialAction":[{"@type":"SearchAction","target":{"@type":"EntryPoint","urlTemplate":"https:\/\/paracherkaoui.ma\/?s={search_term_string}"},"query-input":{"@type":"PropertyValueSpecification","valueRequired":true,"valueName":"search_term_string"}}],"inLanguage":"fr-FR"}]}},"_links":{"self":[{"href":"https:\/\/paracherkaoui.ma\/index.php\/wp-json\/wp\/v2\/product\/13023","targetHints":{"allow":["GET"]}}],"collection":[{"href":"https:\/\/paracherkaoui.ma\/index.php\/wp-json\/wp\/v2\/product"}],"about":[{"href":"https:\/\/paracherkaoui.ma\/index.php\/wp-json\/wp\/v2\/types\/product"}],"replies":[{"embeddable":true,"href":"https:\/\/paracherkaoui.ma\/index.php\/wp-json\/wp\/v2\/comments?post=13023"}],"version-history":[{"count":1,"href":"https:\/\/paracherkaoui.ma\/index.php\/wp-json\/wp\/v2\/product\/13023\/revisions"}],"predecessor-version":[{"id":13059,"href":"https:\/\/paracherkaoui.ma\/index.php\/wp-json\/wp\/v2\/product\/13023\/revisions\/13059"}],"wp:featuredmedia":[{"embeddable":true,"href":"https:\/\/paracherkaoui.ma\/index.php\/wp-json\/wp\/v2\/media\/13058"}],"wp:attachment":[{"href":"https:\/\/paracherkaoui.ma\/index.php\/wp-json\/wp\/v2\/media?parent=13023"}],"wp:term":[{"taxonomy":"product_brand","embeddable":true,"href":"https:\/\/paracherkaoui.ma\/index.php\/wp-json\/wp\/v2\/product_brand?post=13023"},{"taxonomy":"product_cat","embeddable":true,"href":"https:\/\/paracherkaoui.ma\/index.php\/wp-json\/wp\/v2\/product_cat?post=13023"},{"taxonomy":"product_tag","embeddable":true,"href":"https:\/\/paracherkaoui.ma\/index.php\/wp-json\/wp\/v2\/product_tag?post=13023"}],"curies":[{"name":"wp","href":"https:\/\/api.w.org\/{rel}","templated":true}]}}