{"id":13022,"date":"2025-12-12T17:47:13","date_gmt":"2025-12-12T16:47:13","guid":{"rendered":"https:\/\/test.ecbeaute.com\/?post_type=product&#038;p=13022"},"modified":"2025-12-12T17:47:15","modified_gmt":"2025-12-12T16:47:15","slug":"la-roche-posay-offre-anthelios-uvmune400-oil-control-invisible-spf50-50ml-gel-moussant-50ml-offert","status":"publish","type":"product","link":"https:\/\/paracherkaoui.ma\/index.php\/produit\/la-roche-posay-offre-anthelios-uvmune400-oil-control-invisible-spf50-50ml-gel-moussant-50ml-offert\/","title":{"rendered":"LA ROCHE POSAY OFFRE ANTHELIOS UVMUNE400 OIL CONTROL INVISIBLE SPF50+ 50ML + GEL MOUSSANT 50ML OFFERT"},"content":{"rendered":"<p>.elementor-234 .elementor-element.elementor-element-3a9ca34d .elementor-tab-title, .elementor-234 .elementor-element.elementor-element-3a9ca34d .elementor-tab-title:before, .elementor-234 .elementor-element.elementor-element-3a9ca34d .elementor-tab-title:after, .elementor-234 .elementor-element.elementor-element-3a9ca34d .elementor-tab-content, .elementor-234 .elementor-element.elementor-element-3a9ca34d .elementor-tabs-content-wrapper{border-width:0.5px;}.elementor-234 .elementor-element.elementor-element-3a9ca34d .elementor-tab-title{color:#000000;}.elementor-234 .elementor-element.elementor-element-3a9ca34d .elementor-tab-title.elementor-active{color:#00a28d;}.elementor-234 .elementor-element.elementor-element-3a9ca34d .elementor-tab-content{color:#000000;}.elementor-234 .elementor-element.elementor-element-7bbe78b5 .axps-swiper-slider .swiper-slide img{width:auto;}.elementor-234 .elementor-element.elementor-element-7bbe78b5 .wrapper-items:not(.swiper-container-initialized) .item{-ms-flex:0 0 calc(100%\/2);flex:0 0 calc(100%\/2);max-width:calc(100%\/2);}.elementor-234 .elementor-element.elementor-element-7bbe78b5 .wrapper-items .swiper-slide{padding-left:calc(30px\/2);padding-right:calc(30px\/2);}.elementor-234 .elementor-element.elementor-element-7bbe78b5 .wrapper-items .swiper-slide .item-inner{margin-bottom:30px;}.elementor-234 .elementor-element.elementor-element-7bbe78b5 .wrapper-items{margin-left:calc(-30px\/2);margin-right:calc(-30px\/2);}.elementor-234 .elementor-element.elementor-element-7bbe78b5 .swiper-wrapper .item-inner{text-align:center;}.elementor-234 .elementor-element.elementor-element-c8bc554{text-align:center;}.elementor-234 .elementor-element.elementor-element-c8bc554.elementor-widget-heading .elementor-heading-title{color:#000000;}.elementor-234 .elementor-element.elementor-element-c8bc554 .elementor-heading-title{font-size:17px;font-weight:900;}.elementor-234 .elementor-element.elementor-element-699b0ce7{margin-top:-16px;margin-bottom:0px;}.elementor-234 .elementor-element.elementor-element-746a87ec > .elementor-widget-container{margin:-46px 0px 0px 0px;}.elementor-234 .elementor-element.elementor-element-16eac253 > .elementor-widget-container{margin:-46px 0px 0px 0px;}.elementor-234 .elementor-element.elementor-element-1464b6ff > .elementor-widget-container{margin:-46px 0px 0px 0px;}.elementor-234 .elementor-element.elementor-element-563b4866 > .elementor-widget-container{margin:-46px 0px 0px 0px;}.elementor-234 .elementor-element.elementor-element-2f63118b > .elementor-widget-container{margin:-46px 0px 0px 0px;}.elementor-234 .elementor-element.elementor-element-0cdcddf{text-align:center;}.elementor-234 .elementor-element.elementor-element-0cdcddf.elementor-widget-heading .elementor-heading-title{color:#000000;}.elementor-234 .elementor-element.elementor-element-0cdcddf .elementor-heading-title{font-size:17px;font-weight:900;}.elementor-234 .elementor-element.elementor-element-721577b7{margin-top:-16px;margin-bottom:0px;}.elementor-234 .elementor-element.elementor-element-2059a93 > .elementor-widget-container{margin:-46px 0px 0px 0px;}.elementor-234 .elementor-element.elementor-element-3717048a > .elementor-widget-container{margin:-46px 0px 0px 0px;}.elementor-234 .elementor-element.elementor-element-d5d8273 > .elementor-widget-container{margin:-46px 0px 0px 0px;}@media(max-width:1024px){.elementor-234 .elementor-element.elementor-element-7bbe78b5 .wrapper-items:not(.swiper-container-initialized) .item{-ms-flex:0 0 calc(100%\/4);flex:0 0 calc(100%\/4);max-width:calc(100%\/4);}.elementor-234 .elementor-element.elementor-element-7bbe78b5 .wrapper-items .swiper-slide{padding-left:calc(20px\/2);padding-right:calc(20px\/2);}.elementor-234 .elementor-element.elementor-element-7bbe78b5 .wrapper-items .swiper-slide .item-inner{margin-bottom:20px;}.elementor-234 .elementor-element.elementor-element-7bbe78b5 .wrapper-items{margin-left:calc(-20px\/2);margin-right:calc(-20px\/2);}.elementor-234 .elementor-element.elementor-element-746a87ec > .elementor-widget-container{margin:-33px 0px 0px 0px;}.elementor-234 .elementor-element.elementor-element-16eac253 > .elementor-widget-container{margin:-33px 0px 0px 0px;}.elementor-234 .elementor-element.elementor-element-1464b6ff > .elementor-widget-container{margin:-33px 0px 0px 0px;}.elementor-234 .elementor-element.elementor-element-563b4866 > .elementor-widget-container{margin:-33px 0px 0px 0px;}.elementor-234 .elementor-element.elementor-element-2f63118b > .elementor-widget-container{margin:-33px 0px 0px 0px;}.elementor-234 .elementor-element.elementor-element-2059a93 > .elementor-widget-container{margin:-33px 0px 0px 0px;}.elementor-234 .elementor-element.elementor-element-3717048a > .elementor-widget-container{margin:-33px 0px 0px 0px;}.elementor-234 .elementor-element.elementor-element-d5d8273 > .elementor-widget-container{margin:-33px 0px 0px 0px;}}@media(max-width:767px){.elementor-234 .elementor-element.elementor-element-7bbe78b5 .wrapper-items:not(.swiper-container-initialized) .item{-ms-flex:0 0 calc(100%\/4);flex:0 0 calc(100%\/4);max-width:calc(100%\/4);}.elementor-234 .elementor-element.elementor-element-7bbe78b5 .wrapper-items .swiper-slide{padding-left:calc(10px\/2);padding-right:calc(10px\/2);}.elementor-234 .elementor-element.elementor-element-7bbe78b5 .wrapper-items .swiper-slide .item-inner{margin-bottom:10px;}.elementor-234 .elementor-element.elementor-element-7bbe78b5 .wrapper-items{margin-left:calc(-10px\/2);margin-right:calc(-10px\/2);}.elementor-234 .elementor-element.elementor-element-41c2ee70{width:50%;}.elementor-234 .elementor-element.elementor-element-746a87ec > .elementor-widget-container{margin:-26px 0px 0px 0px;}.elementor-234 .elementor-element.elementor-element-29088fbd{width:50%;}.elementor-234 .elementor-element.elementor-element-16eac253 > .elementor-widget-container{margin:-26px 0px 0px 0px;}.elementor-234 .elementor-element.elementor-element-5d5e8f3{width:50%;}.elementor-234 .elementor-element.elementor-element-1464b6ff > .elementor-widget-container{margin:-26px 0px 0px 0px;}.elementor-234 .elementor-element.elementor-element-145aae89{width:50%;}.elementor-234 .elementor-element.elementor-element-563b4866 > .elementor-widget-container{margin:-26px 0px 0px 0px;}.elementor-234 .elementor-element.elementor-element-6448e4c2{width:50%;}.elementor-234 .elementor-element.elementor-element-2f63118b > .elementor-widget-container{margin:-26px 0px 0px 0px;}.elementor-234 .elementor-element.elementor-element-5c31a15{width:50%;}.elementor-234 .elementor-element.elementor-element-2059a93 > .elementor-widget-container{margin:-26px 0px 0px 0px;}.elementor-234 .elementor-element.elementor-element-3c24d3e9{width:50%;}.elementor-234 .elementor-element.elementor-element-3717048a > .elementor-widget-container{margin:-26px 0px 0px 0px;}.elementor-234 .elementor-element.elementor-element-9be5186{width:50%;}.elementor-234 .elementor-element.elementor-element-d5d8273 > .elementor-widget-container{margin:-26px 0px 0px 0px;}}<br \/>\nDescription<br \/>\nConseils d&rsquo;utilisation<br \/>\nComposition<br \/>\nDescription<br \/>\nEnrichie en\u00a0Airlicium, un actif d\u00e9riv\u00e9 de la silice ultra-l\u00e9ger, elle\u00a0matifie imm\u00e9diatement la peau\u00a0et contr\u00f4le la brillance li\u00e9e au s\u00e9bum et \u00e0 l\u2019humidit\u00e9 pendant plusieurs heures. L\u2019eau thermale de La Roche-Posay et le\u00a0s\u00e9l\u00e9nium\u00a0apaisent la peau et apportent une\u00a0action antioxydante\u00a0pour lutter contre le vieillissement pr\u00e9matur\u00e9 caus\u00e9 par le soleil.<br \/>\nSa\u00a0texture gel-cr\u00e8me a\u00e9rienne, non grasse et\u00a0invisible, p\u00e9n\u00e8tre rapidement sans laisser de film blanc. Elle est \u00e9galement\u00a0r\u00e9sistante \u00e0 l\u2019eau,\u00a0sans parfum,\u00a0sans parab\u00e8ne,\u00a0non-com\u00e9dog\u00e8ne\u00a0et\u00a0photostable, ce qui la rend id\u00e9ale pour les peaux sensibles ou sujettes aux r\u00e9actions solaires.<br \/>\nAdopt\u00e9e par les dermatologues, cette\u00a0cr\u00e8me solaire matifiante invisible\u00a0permet de prot\u00e9ger efficacement votre peau tout en limitant les imperfections et brillances. Un indispensable dans votre routine quotidienne, que ce soit en ville ou \u00e0 la plage.<br \/>\nConseils d&rsquo;utilisation<br \/>\nAppliquer g\u00e9n\u00e9reusement sur le visage et le cou\u00a030 minutes avant l\u2019exposition.<br \/>\nRenouveler l&rsquo;application\u00a0toutes les 2 heures\u00a0et apr\u00e8s la baignade ou une transpiration excessive.<br \/>\n\u00c9viter le contact avec les yeux.\u00a0En cas de contact, rincer abondamment.<br \/>\nComposition<br \/>\nAQUA \/ WATER, HOMOSALATE, ETHYLHEXYL SALICYLATE, SILICA, ETHYLHEXYL TRIAZONE, STYRENE\/ACRYLATES COPOLYMER, BIS-ETHYLHEXYLOXYPHENOL METHOXYPHENYL TRIAZINE, DROMETRIZOLE TRISILOXANE, BUTYL METHOXYDIBENZOYLMETHANE, ALUMINUM STARCH OCTENYLSUCCINATE, OCTOCRYLENE, C12-15 ALKYL BENZOATE, GLYCERIN, PENTYLENE GLYCOL, POTASSIUM CETYL PHOSPHATE, DIMETHICONE, PERLITE, PROPYLENE GLYCOL, ACRYLATES\/C10-30 ALKYL ACRYLATE CROSSPOLYMER, ALUMINUM HYDROXIDE, CAPRYLYL GLYCOL, DISODIUM EDTA, INULIN LAURYL CARBAMATE, ISOPROPYL LAUROYL SARCOSINATE, PEG-8 LAURATE, PHENOXYETHANOL, STEARIC ACID, STEARYL ALCOHOL, TEREPHTHALYLIDENE DICAMPHOR SULFONIC ACID, TITANIUM DIOXIDE [NANO] \/ TITANIUM DIOXIDE, TOCOPHEROL, TRIETHANOLAMINE, XANTHAN GUM, ZINC GLUCONATE<br \/>\nD\u00e9couvrez plus de protections solaires La Roche Posay<br \/>\nAjouter au Panier<br \/>\nAjouter au Panier<br \/>\nAjouter au Panier<br \/>\nAjouter au Panier<br \/>\nAjouter au Panier<br \/>\nCompl\u00e9tez votre routine<br \/>\nAjouter au Panier<br \/>\nAjouter au Panier<br \/>\nAjouter au Panier<\/p>\n","protected":false},"excerpt":{"rendered":"<p>.elementor-234 .elementor-element.elementor-element-3a9ca34d .elementor-tab-title, .elementor-234 .elementor-element.elementor-element-3a9ca34d .elementor-tab-title:before, .elementor-234 .elementor-element.elementor-element-3a9ca34d .elementor-tab-title:after, .elementor-234 .elementor-element.elementor-element-3a9ca34d .elementor-tab-content, .elementor-234 .elementor-element.elementor-element-3a9ca34d .elementor-tabs-content-wrapper{border-width:0.5px;}.elementor-234 .elementor-element.elementor-element-3a9ca34d .elementor-tab-title{color:#000000;}.elementor-234 .elementor-element.elementor-element-3a9ca34d .elementor-tab-title.elementor-active{color:#00a28d;}.elementor-234 .elementor-element.elementor-element-3a9ca34d<\/p>\n","protected":false},"featured_media":13056,"comment_status":"open","ping_status":"closed","template":"","meta":[],"product_brand":[132],"product_cat":[171],"product_tag":[],"class_list":{"0":"post-13022","1":"product","2":"type-product","3":"status-publish","4":"has-post-thumbnail","6":"product_brand-la-roche-posay","7":"product_cat-protection-solaire-visage","9":"first","10":"instock","11":"sale","12":"shipping-taxable","13":"purchasable","14":"product-type-simple"},"yoast_head":"<!-- This site is optimized with the Yoast SEO plugin v26.6 - https:\/\/yoast.com\/wordpress\/plugins\/seo\/ -->\r\n<title>LA ROCHE POSAY OFFRE ANTHELIOS UVMUNE400 OIL CONTROL INVISIBLE SPF50+ 50ML + GEL MOUSSANT 50ML OFFERT - Paracherkaoui.ma<\/title>\r\n<meta name=\"robots\" content=\"index, follow, max-snippet:-1, max-image-preview:large, max-video-preview:-1\" \/>\r\n<link rel=\"canonical\" href=\"https:\/\/paracherkaoui.ma\/index.php\/produit\/la-roche-posay-offre-anthelios-uvmune400-oil-control-invisible-spf50-50ml-gel-moussant-50ml-offert\/\" \/>\r\n<meta property=\"og:locale\" content=\"fr_FR\" \/>\r\n<meta property=\"og:type\" content=\"article\" \/>\r\n<meta property=\"og:title\" content=\"LA ROCHE POSAY OFFRE ANTHELIOS UVMUNE400 OIL CONTROL INVISIBLE SPF50+ 50ML + GEL MOUSSANT 50ML OFFERT - Paracherkaoui.ma\" \/>\r\n<meta property=\"og:description\" content=\".elementor-234 .elementor-element.elementor-element-3a9ca34d .elementor-tab-title, .elementor-234 .elementor-element.elementor-element-3a9ca34d .elementor-tab-title:before, .elementor-234 .elementor-element.elementor-element-3a9ca34d .elementor-tab-title:after, .elementor-234 .elementor-element.elementor-element-3a9ca34d .elementor-tab-content, .elementor-234 .elementor-element.elementor-element-3a9ca34d .elementor-tabs-content-wrapper{border-width:0.5px;}.elementor-234 .elementor-element.elementor-element-3a9ca34d .elementor-tab-title{color:#000000;}.elementor-234 .elementor-element.elementor-element-3a9ca34d .elementor-tab-title.elementor-active{color:#00a28d;}.elementor-234 .elementor-element.elementor-element-3a9ca34d\" \/>\r\n<meta property=\"og:url\" content=\"https:\/\/paracherkaoui.ma\/index.php\/produit\/la-roche-posay-offre-anthelios-uvmune400-oil-control-invisible-spf50-50ml-gel-moussant-50ml-offert\/\" \/>\r\n<meta property=\"og:site_name\" content=\"Paracherkaoui.ma\" \/>\r\n<meta property=\"article:modified_time\" content=\"2025-12-12T16:47:15+00:00\" \/>\r\n<meta property=\"og:image\" content=\"https:\/\/paracherkaoui.ma\/wp-content\/uploads\/2025\/12\/la-roche-posay-la-roche-posay-offre-anthelios-uvmune400-oil-control-invisible-spf50-50ml-gel-moussant-50ml-offert-protection-sol.jpg\" \/>\r\n\t<meta property=\"og:image:width\" content=\"700\" \/>\r\n\t<meta property=\"og:image:height\" content=\"700\" \/>\r\n\t<meta property=\"og:image:type\" content=\"image\/jpeg\" \/>\r\n<meta name=\"twitter:card\" content=\"summary_large_image\" \/>\r\n<meta name=\"twitter:label1\" content=\"Dur\u00e9e de lecture estim\u00e9e\" \/>\n\t<meta name=\"twitter:data1\" content=\"5 minutes\" \/>\r\n<script type=\"application\/ld+json\" class=\"yoast-schema-graph\">{\"@context\":\"https:\/\/schema.org\",\"@graph\":[{\"@type\":\"WebPage\",\"@id\":\"https:\/\/paracherkaoui.ma\/index.php\/produit\/la-roche-posay-offre-anthelios-uvmune400-oil-control-invisible-spf50-50ml-gel-moussant-50ml-offert\/\",\"url\":\"https:\/\/paracherkaoui.ma\/index.php\/produit\/la-roche-posay-offre-anthelios-uvmune400-oil-control-invisible-spf50-50ml-gel-moussant-50ml-offert\/\",\"name\":\"LA ROCHE POSAY OFFRE ANTHELIOS UVMUNE400 OIL CONTROL INVISIBLE SPF50+ 50ML + GEL MOUSSANT 50ML OFFERT - Paracherkaoui.ma\",\"isPartOf\":{\"@id\":\"https:\/\/paracherkaoui.ma\/#website\"},\"primaryImageOfPage\":{\"@id\":\"https:\/\/paracherkaoui.ma\/index.php\/produit\/la-roche-posay-offre-anthelios-uvmune400-oil-control-invisible-spf50-50ml-gel-moussant-50ml-offert\/#primaryimage\"},\"image\":{\"@id\":\"https:\/\/paracherkaoui.ma\/index.php\/produit\/la-roche-posay-offre-anthelios-uvmune400-oil-control-invisible-spf50-50ml-gel-moussant-50ml-offert\/#primaryimage\"},\"thumbnailUrl\":\"https:\/\/paracherkaoui.ma\/wp-content\/uploads\/2025\/12\/la-roche-posay-la-roche-posay-offre-anthelios-uvmune400-oil-control-invisible-spf50-50ml-gel-moussant-50ml-offert-protection-sol.jpg\",\"datePublished\":\"2025-12-12T16:47:13+00:00\",\"dateModified\":\"2025-12-12T16:47:15+00:00\",\"breadcrumb\":{\"@id\":\"https:\/\/paracherkaoui.ma\/index.php\/produit\/la-roche-posay-offre-anthelios-uvmune400-oil-control-invisible-spf50-50ml-gel-moussant-50ml-offert\/#breadcrumb\"},\"inLanguage\":\"fr-FR\",\"potentialAction\":[{\"@type\":\"ReadAction\",\"target\":[\"https:\/\/paracherkaoui.ma\/index.php\/produit\/la-roche-posay-offre-anthelios-uvmune400-oil-control-invisible-spf50-50ml-gel-moussant-50ml-offert\/\"]}]},{\"@type\":\"ImageObject\",\"inLanguage\":\"fr-FR\",\"@id\":\"https:\/\/paracherkaoui.ma\/index.php\/produit\/la-roche-posay-offre-anthelios-uvmune400-oil-control-invisible-spf50-50ml-gel-moussant-50ml-offert\/#primaryimage\",\"url\":\"https:\/\/paracherkaoui.ma\/wp-content\/uploads\/2025\/12\/la-roche-posay-la-roche-posay-offre-anthelios-uvmune400-oil-control-invisible-spf50-50ml-gel-moussant-50ml-offert-protection-sol.jpg\",\"contentUrl\":\"https:\/\/paracherkaoui.ma\/wp-content\/uploads\/2025\/12\/la-roche-posay-la-roche-posay-offre-anthelios-uvmune400-oil-control-invisible-spf50-50ml-gel-moussant-50ml-offert-protection-sol.jpg\",\"width\":700,\"height\":700},{\"@type\":\"BreadcrumbList\",\"@id\":\"https:\/\/paracherkaoui.ma\/index.php\/produit\/la-roche-posay-offre-anthelios-uvmune400-oil-control-invisible-spf50-50ml-gel-moussant-50ml-offert\/#breadcrumb\",\"itemListElement\":[{\"@type\":\"ListItem\",\"position\":1,\"name\":\"Accueil\",\"item\":\"https:\/\/paracherkaoui.ma\/\"},{\"@type\":\"ListItem\",\"position\":2,\"name\":\"Boutique\",\"item\":\"https:\/\/paracherkaoui.ma\/index.php\/boutique\/\"},{\"@type\":\"ListItem\",\"position\":3,\"name\":\"LA ROCHE POSAY OFFRE ANTHELIOS UVMUNE400 OIL CONTROL INVISIBLE SPF50+ 50ML + GEL MOUSSANT 50ML OFFERT\"}]},{\"@type\":\"WebSite\",\"@id\":\"https:\/\/paracherkaoui.ma\/#website\",\"url\":\"https:\/\/paracherkaoui.ma\/\",\"name\":\"Paracherkaoui.ma\",\"description\":\"Achetez en ligne sur Paracherkaoui.ma\",\"potentialAction\":[{\"@type\":\"SearchAction\",\"target\":{\"@type\":\"EntryPoint\",\"urlTemplate\":\"https:\/\/paracherkaoui.ma\/?s={search_term_string}\"},\"query-input\":{\"@type\":\"PropertyValueSpecification\",\"valueRequired\":true,\"valueName\":\"search_term_string\"}}],\"inLanguage\":\"fr-FR\"}]}<\/script>\r\n<!-- \/ Yoast SEO plugin. -->","yoast_head_json":{"title":"LA ROCHE POSAY OFFRE ANTHELIOS UVMUNE400 OIL CONTROL INVISIBLE SPF50+ 50ML + GEL MOUSSANT 50ML OFFERT - Paracherkaoui.ma","robots":{"index":"index","follow":"follow","max-snippet":"max-snippet:-1","max-image-preview":"max-image-preview:large","max-video-preview":"max-video-preview:-1"},"canonical":"https:\/\/paracherkaoui.ma\/index.php\/produit\/la-roche-posay-offre-anthelios-uvmune400-oil-control-invisible-spf50-50ml-gel-moussant-50ml-offert\/","og_locale":"fr_FR","og_type":"article","og_title":"LA ROCHE POSAY OFFRE ANTHELIOS UVMUNE400 OIL CONTROL INVISIBLE SPF50+ 50ML + GEL MOUSSANT 50ML OFFERT - Paracherkaoui.ma","og_description":".elementor-234 .elementor-element.elementor-element-3a9ca34d .elementor-tab-title, .elementor-234 .elementor-element.elementor-element-3a9ca34d .elementor-tab-title:before, .elementor-234 .elementor-element.elementor-element-3a9ca34d .elementor-tab-title:after, .elementor-234 .elementor-element.elementor-element-3a9ca34d .elementor-tab-content, .elementor-234 .elementor-element.elementor-element-3a9ca34d .elementor-tabs-content-wrapper{border-width:0.5px;}.elementor-234 .elementor-element.elementor-element-3a9ca34d .elementor-tab-title{color:#000000;}.elementor-234 .elementor-element.elementor-element-3a9ca34d .elementor-tab-title.elementor-active{color:#00a28d;}.elementor-234 .elementor-element.elementor-element-3a9ca34d","og_url":"https:\/\/paracherkaoui.ma\/index.php\/produit\/la-roche-posay-offre-anthelios-uvmune400-oil-control-invisible-spf50-50ml-gel-moussant-50ml-offert\/","og_site_name":"Paracherkaoui.ma","article_modified_time":"2025-12-12T16:47:15+00:00","og_image":[{"width":700,"height":700,"url":"https:\/\/paracherkaoui.ma\/wp-content\/uploads\/2025\/12\/la-roche-posay-la-roche-posay-offre-anthelios-uvmune400-oil-control-invisible-spf50-50ml-gel-moussant-50ml-offert-protection-sol.jpg","type":"image\/jpeg"}],"twitter_card":"summary_large_image","twitter_misc":{"Dur\u00e9e de lecture estim\u00e9e":"5 minutes"},"schema":{"@context":"https:\/\/schema.org","@graph":[{"@type":"WebPage","@id":"https:\/\/paracherkaoui.ma\/index.php\/produit\/la-roche-posay-offre-anthelios-uvmune400-oil-control-invisible-spf50-50ml-gel-moussant-50ml-offert\/","url":"https:\/\/paracherkaoui.ma\/index.php\/produit\/la-roche-posay-offre-anthelios-uvmune400-oil-control-invisible-spf50-50ml-gel-moussant-50ml-offert\/","name":"LA ROCHE POSAY OFFRE ANTHELIOS UVMUNE400 OIL CONTROL INVISIBLE SPF50+ 50ML + GEL MOUSSANT 50ML OFFERT - Paracherkaoui.ma","isPartOf":{"@id":"https:\/\/paracherkaoui.ma\/#website"},"primaryImageOfPage":{"@id":"https:\/\/paracherkaoui.ma\/index.php\/produit\/la-roche-posay-offre-anthelios-uvmune400-oil-control-invisible-spf50-50ml-gel-moussant-50ml-offert\/#primaryimage"},"image":{"@id":"https:\/\/paracherkaoui.ma\/index.php\/produit\/la-roche-posay-offre-anthelios-uvmune400-oil-control-invisible-spf50-50ml-gel-moussant-50ml-offert\/#primaryimage"},"thumbnailUrl":"https:\/\/paracherkaoui.ma\/wp-content\/uploads\/2025\/12\/la-roche-posay-la-roche-posay-offre-anthelios-uvmune400-oil-control-invisible-spf50-50ml-gel-moussant-50ml-offert-protection-sol.jpg","datePublished":"2025-12-12T16:47:13+00:00","dateModified":"2025-12-12T16:47:15+00:00","breadcrumb":{"@id":"https:\/\/paracherkaoui.ma\/index.php\/produit\/la-roche-posay-offre-anthelios-uvmune400-oil-control-invisible-spf50-50ml-gel-moussant-50ml-offert\/#breadcrumb"},"inLanguage":"fr-FR","potentialAction":[{"@type":"ReadAction","target":["https:\/\/paracherkaoui.ma\/index.php\/produit\/la-roche-posay-offre-anthelios-uvmune400-oil-control-invisible-spf50-50ml-gel-moussant-50ml-offert\/"]}]},{"@type":"ImageObject","inLanguage":"fr-FR","@id":"https:\/\/paracherkaoui.ma\/index.php\/produit\/la-roche-posay-offre-anthelios-uvmune400-oil-control-invisible-spf50-50ml-gel-moussant-50ml-offert\/#primaryimage","url":"https:\/\/paracherkaoui.ma\/wp-content\/uploads\/2025\/12\/la-roche-posay-la-roche-posay-offre-anthelios-uvmune400-oil-control-invisible-spf50-50ml-gel-moussant-50ml-offert-protection-sol.jpg","contentUrl":"https:\/\/paracherkaoui.ma\/wp-content\/uploads\/2025\/12\/la-roche-posay-la-roche-posay-offre-anthelios-uvmune400-oil-control-invisible-spf50-50ml-gel-moussant-50ml-offert-protection-sol.jpg","width":700,"height":700},{"@type":"BreadcrumbList","@id":"https:\/\/paracherkaoui.ma\/index.php\/produit\/la-roche-posay-offre-anthelios-uvmune400-oil-control-invisible-spf50-50ml-gel-moussant-50ml-offert\/#breadcrumb","itemListElement":[{"@type":"ListItem","position":1,"name":"Accueil","item":"https:\/\/paracherkaoui.ma\/"},{"@type":"ListItem","position":2,"name":"Boutique","item":"https:\/\/paracherkaoui.ma\/index.php\/boutique\/"},{"@type":"ListItem","position":3,"name":"LA ROCHE POSAY OFFRE ANTHELIOS UVMUNE400 OIL CONTROL INVISIBLE SPF50+ 50ML + GEL MOUSSANT 50ML OFFERT"}]},{"@type":"WebSite","@id":"https:\/\/paracherkaoui.ma\/#website","url":"https:\/\/paracherkaoui.ma\/","name":"Paracherkaoui.ma","description":"Achetez en ligne sur Paracherkaoui.ma","potentialAction":[{"@type":"SearchAction","target":{"@type":"EntryPoint","urlTemplate":"https:\/\/paracherkaoui.ma\/?s={search_term_string}"},"query-input":{"@type":"PropertyValueSpecification","valueRequired":true,"valueName":"search_term_string"}}],"inLanguage":"fr-FR"}]}},"_links":{"self":[{"href":"https:\/\/paracherkaoui.ma\/index.php\/wp-json\/wp\/v2\/product\/13022","targetHints":{"allow":["GET"]}}],"collection":[{"href":"https:\/\/paracherkaoui.ma\/index.php\/wp-json\/wp\/v2\/product"}],"about":[{"href":"https:\/\/paracherkaoui.ma\/index.php\/wp-json\/wp\/v2\/types\/product"}],"replies":[{"embeddable":true,"href":"https:\/\/paracherkaoui.ma\/index.php\/wp-json\/wp\/v2\/comments?post=13022"}],"version-history":[{"count":1,"href":"https:\/\/paracherkaoui.ma\/index.php\/wp-json\/wp\/v2\/product\/13022\/revisions"}],"predecessor-version":[{"id":13057,"href":"https:\/\/paracherkaoui.ma\/index.php\/wp-json\/wp\/v2\/product\/13022\/revisions\/13057"}],"wp:featuredmedia":[{"embeddable":true,"href":"https:\/\/paracherkaoui.ma\/index.php\/wp-json\/wp\/v2\/media\/13056"}],"wp:attachment":[{"href":"https:\/\/paracherkaoui.ma\/index.php\/wp-json\/wp\/v2\/media?parent=13022"}],"wp:term":[{"taxonomy":"product_brand","embeddable":true,"href":"https:\/\/paracherkaoui.ma\/index.php\/wp-json\/wp\/v2\/product_brand?post=13022"},{"taxonomy":"product_cat","embeddable":true,"href":"https:\/\/paracherkaoui.ma\/index.php\/wp-json\/wp\/v2\/product_cat?post=13022"},{"taxonomy":"product_tag","embeddable":true,"href":"https:\/\/paracherkaoui.ma\/index.php\/wp-json\/wp\/v2\/product_tag?post=13022"}],"curies":[{"name":"wp","href":"https:\/\/api.w.org\/{rel}","templated":true}]}}