{"id":13020,"date":"2025-12-12T17:47:13","date_gmt":"2025-12-12T16:47:13","guid":{"rendered":"https:\/\/test.ecbeaute.com\/?post_type=product&#038;p=13020"},"modified":"2025-12-12T17:47:14","modified_gmt":"2025-12-12T16:47:14","slug":"eucerin-photoaging-control-tinted-sun-gel-creme-spf-50-medium","status":"publish","type":"product","link":"https:\/\/paracherkaoui.ma\/index.php\/produit\/eucerin-photoaging-control-tinted-sun-gel-creme-spf-50-medium\/","title":{"rendered":"EUCERIN PHOTOAGING CONTROL TINTED SUN GEL CREME SPF 50+ MEDIUM"},"content":{"rendered":"<p>Une protection visage sup\u00e9rieure pour tous les types de peau avec des pigments color\u00e9s pour unifier le teint de peau.<br \/>\nEucerin Sun Protection Innovation with Advanced Spectral Technology associe des filtres UVA\/UVB pour une tr\u00e8s haute protection UV et de la Licohalcone A pour la neutralisation des radicaux libres induits par les UV et la lumi\u00e8re visible \u00e0 haute \u00e9nergie.<br \/>\nLa formule \u00e0 l&rsquo;acide hyaluronique aide \u00e0 r\u00e9duire les signes du vieillissement tels que les ridules et les pigments de couleur pour un double effet : unifie instantan\u00e9ment le teint et fournit une d\u00e9fense suppl\u00e9mentaire contre les signes du vieillissement induits par HEVIS.<\/p>\n","protected":false},"excerpt":{"rendered":"<p>Une protection visage sup\u00e9rieure pour tous les types de peau avec des pigments color\u00e9s pour unifier le teint de peau.<\/p>\n","protected":false},"featured_media":13052,"comment_status":"open","ping_status":"closed","template":"","meta":[],"product_brand":[134],"product_cat":[171],"product_tag":[],"class_list":{"0":"post-13020","1":"product","2":"type-product","3":"status-publish","4":"has-post-thumbnail","6":"product_brand-eucerin","7":"product_cat-protection-solaire-visage","9":"first","10":"instock","11":"sale","12":"shipping-taxable","13":"purchasable","14":"product-type-simple"},"yoast_head":"<!-- This site is optimized with the Yoast SEO plugin v26.6 - https:\/\/yoast.com\/wordpress\/plugins\/seo\/ -->\r\n<title>EUCERIN PHOTOAGING CONTROL TINTED SUN GEL CREME SPF 50+ MEDIUM - Paracherkaoui.ma<\/title>\r\n<meta name=\"robots\" content=\"index, follow, max-snippet:-1, max-image-preview:large, max-video-preview:-1\" \/>\r\n<link rel=\"canonical\" href=\"https:\/\/paracherkaoui.ma\/index.php\/produit\/eucerin-photoaging-control-tinted-sun-gel-creme-spf-50-medium\/\" \/>\r\n<meta property=\"og:locale\" content=\"fr_FR\" \/>\r\n<meta property=\"og:type\" content=\"article\" \/>\r\n<meta property=\"og:title\" content=\"EUCERIN PHOTOAGING CONTROL TINTED SUN GEL CREME SPF 50+ MEDIUM - Paracherkaoui.ma\" \/>\r\n<meta property=\"og:description\" content=\"Une protection visage sup\u00e9rieure pour tous les types de peau avec des pigments color\u00e9s pour unifier le teint de peau.\" \/>\r\n<meta property=\"og:url\" content=\"https:\/\/paracherkaoui.ma\/index.php\/produit\/eucerin-photoaging-control-tinted-sun-gel-creme-spf-50-medium\/\" \/>\r\n<meta property=\"og:site_name\" content=\"Paracherkaoui.ma\" \/>\r\n<meta property=\"article:modified_time\" content=\"2025-12-12T16:47:14+00:00\" \/>\r\n<meta property=\"og:image\" content=\"https:\/\/paracherkaoui.ma\/wp-content\/uploads\/2025\/12\/eucerin-eucerin-photoaging-control-tinted-sun-gel-creme-spf-50-medium-gels.jpg\" \/>\r\n\t<meta property=\"og:image:width\" content=\"700\" \/>\r\n\t<meta property=\"og:image:height\" content=\"700\" \/>\r\n\t<meta property=\"og:image:type\" content=\"image\/jpeg\" \/>\r\n<meta name=\"twitter:card\" content=\"summary_large_image\" \/>\r\n<meta name=\"twitter:label1\" content=\"Dur\u00e9e de lecture estim\u00e9e\" \/>\n\t<meta name=\"twitter:data1\" content=\"1 minute\" \/>\r\n<script type=\"application\/ld+json\" class=\"yoast-schema-graph\">{\"@context\":\"https:\/\/schema.org\",\"@graph\":[{\"@type\":\"WebPage\",\"@id\":\"https:\/\/paracherkaoui.ma\/index.php\/produit\/eucerin-photoaging-control-tinted-sun-gel-creme-spf-50-medium\/\",\"url\":\"https:\/\/paracherkaoui.ma\/index.php\/produit\/eucerin-photoaging-control-tinted-sun-gel-creme-spf-50-medium\/\",\"name\":\"EUCERIN PHOTOAGING CONTROL TINTED SUN GEL CREME SPF 50+ MEDIUM - Paracherkaoui.ma\",\"isPartOf\":{\"@id\":\"https:\/\/paracherkaoui.ma\/#website\"},\"primaryImageOfPage\":{\"@id\":\"https:\/\/paracherkaoui.ma\/index.php\/produit\/eucerin-photoaging-control-tinted-sun-gel-creme-spf-50-medium\/#primaryimage\"},\"image\":{\"@id\":\"https:\/\/paracherkaoui.ma\/index.php\/produit\/eucerin-photoaging-control-tinted-sun-gel-creme-spf-50-medium\/#primaryimage\"},\"thumbnailUrl\":\"https:\/\/paracherkaoui.ma\/wp-content\/uploads\/2025\/12\/eucerin-eucerin-photoaging-control-tinted-sun-gel-creme-spf-50-medium-gels.jpg\",\"datePublished\":\"2025-12-12T16:47:13+00:00\",\"dateModified\":\"2025-12-12T16:47:14+00:00\",\"breadcrumb\":{\"@id\":\"https:\/\/paracherkaoui.ma\/index.php\/produit\/eucerin-photoaging-control-tinted-sun-gel-creme-spf-50-medium\/#breadcrumb\"},\"inLanguage\":\"fr-FR\",\"potentialAction\":[{\"@type\":\"ReadAction\",\"target\":[\"https:\/\/paracherkaoui.ma\/index.php\/produit\/eucerin-photoaging-control-tinted-sun-gel-creme-spf-50-medium\/\"]}]},{\"@type\":\"ImageObject\",\"inLanguage\":\"fr-FR\",\"@id\":\"https:\/\/paracherkaoui.ma\/index.php\/produit\/eucerin-photoaging-control-tinted-sun-gel-creme-spf-50-medium\/#primaryimage\",\"url\":\"https:\/\/paracherkaoui.ma\/wp-content\/uploads\/2025\/12\/eucerin-eucerin-photoaging-control-tinted-sun-gel-creme-spf-50-medium-gels.jpg\",\"contentUrl\":\"https:\/\/paracherkaoui.ma\/wp-content\/uploads\/2025\/12\/eucerin-eucerin-photoaging-control-tinted-sun-gel-creme-spf-50-medium-gels.jpg\",\"width\":700,\"height\":700},{\"@type\":\"BreadcrumbList\",\"@id\":\"https:\/\/paracherkaoui.ma\/index.php\/produit\/eucerin-photoaging-control-tinted-sun-gel-creme-spf-50-medium\/#breadcrumb\",\"itemListElement\":[{\"@type\":\"ListItem\",\"position\":1,\"name\":\"Accueil\",\"item\":\"https:\/\/paracherkaoui.ma\/\"},{\"@type\":\"ListItem\",\"position\":2,\"name\":\"Boutique\",\"item\":\"https:\/\/paracherkaoui.ma\/index.php\/boutique\/\"},{\"@type\":\"ListItem\",\"position\":3,\"name\":\"EUCERIN PHOTOAGING CONTROL TINTED SUN GEL CREME SPF 50+ MEDIUM\"}]},{\"@type\":\"WebSite\",\"@id\":\"https:\/\/paracherkaoui.ma\/#website\",\"url\":\"https:\/\/paracherkaoui.ma\/\",\"name\":\"Paracherkaoui.ma\",\"description\":\"Achetez en ligne sur Paracherkaoui.ma\",\"potentialAction\":[{\"@type\":\"SearchAction\",\"target\":{\"@type\":\"EntryPoint\",\"urlTemplate\":\"https:\/\/paracherkaoui.ma\/?s={search_term_string}\"},\"query-input\":{\"@type\":\"PropertyValueSpecification\",\"valueRequired\":true,\"valueName\":\"search_term_string\"}}],\"inLanguage\":\"fr-FR\"}]}<\/script>\r\n<!-- \/ Yoast SEO plugin. -->","yoast_head_json":{"title":"EUCERIN PHOTOAGING CONTROL TINTED SUN GEL CREME SPF 50+ MEDIUM - Paracherkaoui.ma","robots":{"index":"index","follow":"follow","max-snippet":"max-snippet:-1","max-image-preview":"max-image-preview:large","max-video-preview":"max-video-preview:-1"},"canonical":"https:\/\/paracherkaoui.ma\/index.php\/produit\/eucerin-photoaging-control-tinted-sun-gel-creme-spf-50-medium\/","og_locale":"fr_FR","og_type":"article","og_title":"EUCERIN PHOTOAGING CONTROL TINTED SUN GEL CREME SPF 50+ MEDIUM - Paracherkaoui.ma","og_description":"Une protection visage sup\u00e9rieure pour tous les types de peau avec des pigments color\u00e9s pour unifier le teint de peau.","og_url":"https:\/\/paracherkaoui.ma\/index.php\/produit\/eucerin-photoaging-control-tinted-sun-gel-creme-spf-50-medium\/","og_site_name":"Paracherkaoui.ma","article_modified_time":"2025-12-12T16:47:14+00:00","og_image":[{"width":700,"height":700,"url":"https:\/\/paracherkaoui.ma\/wp-content\/uploads\/2025\/12\/eucerin-eucerin-photoaging-control-tinted-sun-gel-creme-spf-50-medium-gels.jpg","type":"image\/jpeg"}],"twitter_card":"summary_large_image","twitter_misc":{"Dur\u00e9e de lecture estim\u00e9e":"1 minute"},"schema":{"@context":"https:\/\/schema.org","@graph":[{"@type":"WebPage","@id":"https:\/\/paracherkaoui.ma\/index.php\/produit\/eucerin-photoaging-control-tinted-sun-gel-creme-spf-50-medium\/","url":"https:\/\/paracherkaoui.ma\/index.php\/produit\/eucerin-photoaging-control-tinted-sun-gel-creme-spf-50-medium\/","name":"EUCERIN PHOTOAGING CONTROL TINTED SUN GEL CREME SPF 50+ MEDIUM - Paracherkaoui.ma","isPartOf":{"@id":"https:\/\/paracherkaoui.ma\/#website"},"primaryImageOfPage":{"@id":"https:\/\/paracherkaoui.ma\/index.php\/produit\/eucerin-photoaging-control-tinted-sun-gel-creme-spf-50-medium\/#primaryimage"},"image":{"@id":"https:\/\/paracherkaoui.ma\/index.php\/produit\/eucerin-photoaging-control-tinted-sun-gel-creme-spf-50-medium\/#primaryimage"},"thumbnailUrl":"https:\/\/paracherkaoui.ma\/wp-content\/uploads\/2025\/12\/eucerin-eucerin-photoaging-control-tinted-sun-gel-creme-spf-50-medium-gels.jpg","datePublished":"2025-12-12T16:47:13+00:00","dateModified":"2025-12-12T16:47:14+00:00","breadcrumb":{"@id":"https:\/\/paracherkaoui.ma\/index.php\/produit\/eucerin-photoaging-control-tinted-sun-gel-creme-spf-50-medium\/#breadcrumb"},"inLanguage":"fr-FR","potentialAction":[{"@type":"ReadAction","target":["https:\/\/paracherkaoui.ma\/index.php\/produit\/eucerin-photoaging-control-tinted-sun-gel-creme-spf-50-medium\/"]}]},{"@type":"ImageObject","inLanguage":"fr-FR","@id":"https:\/\/paracherkaoui.ma\/index.php\/produit\/eucerin-photoaging-control-tinted-sun-gel-creme-spf-50-medium\/#primaryimage","url":"https:\/\/paracherkaoui.ma\/wp-content\/uploads\/2025\/12\/eucerin-eucerin-photoaging-control-tinted-sun-gel-creme-spf-50-medium-gels.jpg","contentUrl":"https:\/\/paracherkaoui.ma\/wp-content\/uploads\/2025\/12\/eucerin-eucerin-photoaging-control-tinted-sun-gel-creme-spf-50-medium-gels.jpg","width":700,"height":700},{"@type":"BreadcrumbList","@id":"https:\/\/paracherkaoui.ma\/index.php\/produit\/eucerin-photoaging-control-tinted-sun-gel-creme-spf-50-medium\/#breadcrumb","itemListElement":[{"@type":"ListItem","position":1,"name":"Accueil","item":"https:\/\/paracherkaoui.ma\/"},{"@type":"ListItem","position":2,"name":"Boutique","item":"https:\/\/paracherkaoui.ma\/index.php\/boutique\/"},{"@type":"ListItem","position":3,"name":"EUCERIN PHOTOAGING CONTROL TINTED SUN GEL CREME SPF 50+ MEDIUM"}]},{"@type":"WebSite","@id":"https:\/\/paracherkaoui.ma\/#website","url":"https:\/\/paracherkaoui.ma\/","name":"Paracherkaoui.ma","description":"Achetez en ligne sur Paracherkaoui.ma","potentialAction":[{"@type":"SearchAction","target":{"@type":"EntryPoint","urlTemplate":"https:\/\/paracherkaoui.ma\/?s={search_term_string}"},"query-input":{"@type":"PropertyValueSpecification","valueRequired":true,"valueName":"search_term_string"}}],"inLanguage":"fr-FR"}]}},"_links":{"self":[{"href":"https:\/\/paracherkaoui.ma\/index.php\/wp-json\/wp\/v2\/product\/13020","targetHints":{"allow":["GET"]}}],"collection":[{"href":"https:\/\/paracherkaoui.ma\/index.php\/wp-json\/wp\/v2\/product"}],"about":[{"href":"https:\/\/paracherkaoui.ma\/index.php\/wp-json\/wp\/v2\/types\/product"}],"replies":[{"embeddable":true,"href":"https:\/\/paracherkaoui.ma\/index.php\/wp-json\/wp\/v2\/comments?post=13020"}],"version-history":[{"count":1,"href":"https:\/\/paracherkaoui.ma\/index.php\/wp-json\/wp\/v2\/product\/13020\/revisions"}],"predecessor-version":[{"id":13053,"href":"https:\/\/paracherkaoui.ma\/index.php\/wp-json\/wp\/v2\/product\/13020\/revisions\/13053"}],"wp:featuredmedia":[{"embeddable":true,"href":"https:\/\/paracherkaoui.ma\/index.php\/wp-json\/wp\/v2\/media\/13052"}],"wp:attachment":[{"href":"https:\/\/paracherkaoui.ma\/index.php\/wp-json\/wp\/v2\/media?parent=13020"}],"wp:term":[{"taxonomy":"product_brand","embeddable":true,"href":"https:\/\/paracherkaoui.ma\/index.php\/wp-json\/wp\/v2\/product_brand?post=13020"},{"taxonomy":"product_cat","embeddable":true,"href":"https:\/\/paracherkaoui.ma\/index.php\/wp-json\/wp\/v2\/product_cat?post=13020"},{"taxonomy":"product_tag","embeddable":true,"href":"https:\/\/paracherkaoui.ma\/index.php\/wp-json\/wp\/v2\/product_tag?post=13020"}],"curies":[{"name":"wp","href":"https:\/\/api.w.org\/{rel}","templated":true}]}}