{"id":12964,"date":"2025-12-12T17:47:09","date_gmt":"2025-12-12T16:47:09","guid":{"rendered":"https:\/\/test.ecbeaute.com\/?post_type=product&#038;p=12964"},"modified":"2025-12-12T17:47:12","modified_gmt":"2025-12-12T16:47:12","slug":"uriage-bariesun-100-fluide-protecteur-extreme-spf-50-50ml","status":"publish","type":"product","link":"https:\/\/paracherkaoui.ma\/index.php\/produit\/uriage-bariesun-100-fluide-protecteur-extreme-spf-50-50ml\/","title":{"rendered":"URIAGE BARIESUN 100 FLUIDE PROTECTEUR EXTREME SPF 50+ 50ML"},"content":{"rendered":"<p>Uriage Bari\u00e9sun 100 Fluide Protecteur Extr\u00eame SPF 50+ 50 ml est un soin qui apporte une tr\u00e8s haute protection aux peaux pr\u00e9sentant un risque \u00e9lev\u00e9 face aux UV (phototypes tr\u00e8s clairs). Son innovation consiste en une photoprotection optimis\u00e9e associ\u00e9e \u00e0 une texture l\u00e9g\u00e8re ultra-confortable. Celle-ci permet d&rsquo;ailleurs une application et un \u00e9talement faciles avec un fini sec et invisible ainsi qu&rsquo; une tr\u00e8s haute tol\u00e9rance.<br \/>\nAppliquer g\u00e9n\u00e9reusement avant l&rsquo;exposition au soleil pour bien couvrir la zone expos\u00e9e.<br \/>\nRenouveler l&rsquo;application fr\u00e9quemment surtout apr\u00e8s s&rsquo;\u00eatre baign\u00e9 et essuy\u00e9.<br \/>\nLa r\u00e9duction de quantit\u00e9 de produit r\u00e9duit le niveau de protection.<br \/>\n\u00c9viter le contact avec les yeux.<br \/>\nIndication : Protection solaire visage et corps. Peaux intol\u00e9rantes au soleil.<\/p>\n","protected":false},"excerpt":{"rendered":"<p>Uriage Bari\u00e9sun 100 Fluide Protecteur Extr\u00eame SPF 50+ 50 ml est un soin qui apporte une tr\u00e8s haute protection aux<\/p>\n","protected":false},"featured_media":13014,"comment_status":"open","ping_status":"closed","template":"","meta":[],"product_brand":[130],"product_cat":[171],"product_tag":[],"class_list":{"0":"post-12964","1":"product","2":"type-product","3":"status-publish","4":"has-post-thumbnail","6":"product_brand-uriage","7":"product_cat-protection-solaire-visage","9":"first","10":"instock","11":"sale","12":"shipping-taxable","13":"purchasable","14":"product-type-simple"},"yoast_head":"<!-- This site is optimized with the Yoast SEO plugin v26.6 - https:\/\/yoast.com\/wordpress\/plugins\/seo\/ -->\r\n<title>URIAGE BARIESUN 100 FLUIDE PROTECTEUR EXTREME SPF 50+ 50ML - Paracherkaoui.ma<\/title>\r\n<meta name=\"robots\" content=\"index, follow, max-snippet:-1, max-image-preview:large, max-video-preview:-1\" \/>\r\n<link rel=\"canonical\" href=\"https:\/\/paracherkaoui.ma\/index.php\/produit\/uriage-bariesun-100-fluide-protecteur-extreme-spf-50-50ml\/\" \/>\r\n<meta property=\"og:locale\" content=\"fr_FR\" \/>\r\n<meta property=\"og:type\" content=\"article\" \/>\r\n<meta property=\"og:title\" content=\"URIAGE BARIESUN 100 FLUIDE PROTECTEUR EXTREME SPF 50+ 50ML - Paracherkaoui.ma\" \/>\r\n<meta property=\"og:description\" content=\"Uriage Bari\u00e9sun 100 Fluide Protecteur Extr\u00eame SPF 50+ 50 ml est un soin qui apporte une tr\u00e8s haute protection aux\" \/>\r\n<meta property=\"og:url\" content=\"https:\/\/paracherkaoui.ma\/index.php\/produit\/uriage-bariesun-100-fluide-protecteur-extreme-spf-50-50ml\/\" \/>\r\n<meta property=\"og:site_name\" content=\"Paracherkaoui.ma\" \/>\r\n<meta property=\"article:modified_time\" content=\"2025-12-12T16:47:12+00:00\" \/>\r\n<meta property=\"og:image\" content=\"https:\/\/paracherkaoui.ma\/wp-content\/uploads\/2025\/12\/uriage-uriage-bariesun-100-fluide-protecteur-extreme-spf-50-50ml-cremes.jpg\" \/>\r\n\t<meta property=\"og:image:width\" content=\"700\" \/>\r\n\t<meta property=\"og:image:height\" content=\"700\" \/>\r\n\t<meta property=\"og:image:type\" content=\"image\/jpeg\" \/>\r\n<meta name=\"twitter:card\" content=\"summary_large_image\" \/>\r\n<meta name=\"twitter:label1\" content=\"Dur\u00e9e de lecture estim\u00e9e\" \/>\n\t<meta name=\"twitter:data1\" content=\"1 minute\" \/>\r\n<script type=\"application\/ld+json\" class=\"yoast-schema-graph\">{\"@context\":\"https:\/\/schema.org\",\"@graph\":[{\"@type\":\"WebPage\",\"@id\":\"https:\/\/paracherkaoui.ma\/index.php\/produit\/uriage-bariesun-100-fluide-protecteur-extreme-spf-50-50ml\/\",\"url\":\"https:\/\/paracherkaoui.ma\/index.php\/produit\/uriage-bariesun-100-fluide-protecteur-extreme-spf-50-50ml\/\",\"name\":\"URIAGE BARIESUN 100 FLUIDE PROTECTEUR EXTREME SPF 50+ 50ML - Paracherkaoui.ma\",\"isPartOf\":{\"@id\":\"https:\/\/paracherkaoui.ma\/#website\"},\"primaryImageOfPage\":{\"@id\":\"https:\/\/paracherkaoui.ma\/index.php\/produit\/uriage-bariesun-100-fluide-protecteur-extreme-spf-50-50ml\/#primaryimage\"},\"image\":{\"@id\":\"https:\/\/paracherkaoui.ma\/index.php\/produit\/uriage-bariesun-100-fluide-protecteur-extreme-spf-50-50ml\/#primaryimage\"},\"thumbnailUrl\":\"https:\/\/paracherkaoui.ma\/wp-content\/uploads\/2025\/12\/uriage-uriage-bariesun-100-fluide-protecteur-extreme-spf-50-50ml-cremes.jpg\",\"datePublished\":\"2025-12-12T16:47:09+00:00\",\"dateModified\":\"2025-12-12T16:47:12+00:00\",\"breadcrumb\":{\"@id\":\"https:\/\/paracherkaoui.ma\/index.php\/produit\/uriage-bariesun-100-fluide-protecteur-extreme-spf-50-50ml\/#breadcrumb\"},\"inLanguage\":\"fr-FR\",\"potentialAction\":[{\"@type\":\"ReadAction\",\"target\":[\"https:\/\/paracherkaoui.ma\/index.php\/produit\/uriage-bariesun-100-fluide-protecteur-extreme-spf-50-50ml\/\"]}]},{\"@type\":\"ImageObject\",\"inLanguage\":\"fr-FR\",\"@id\":\"https:\/\/paracherkaoui.ma\/index.php\/produit\/uriage-bariesun-100-fluide-protecteur-extreme-spf-50-50ml\/#primaryimage\",\"url\":\"https:\/\/paracherkaoui.ma\/wp-content\/uploads\/2025\/12\/uriage-uriage-bariesun-100-fluide-protecteur-extreme-spf-50-50ml-cremes.jpg\",\"contentUrl\":\"https:\/\/paracherkaoui.ma\/wp-content\/uploads\/2025\/12\/uriage-uriage-bariesun-100-fluide-protecteur-extreme-spf-50-50ml-cremes.jpg\",\"width\":700,\"height\":700},{\"@type\":\"BreadcrumbList\",\"@id\":\"https:\/\/paracherkaoui.ma\/index.php\/produit\/uriage-bariesun-100-fluide-protecteur-extreme-spf-50-50ml\/#breadcrumb\",\"itemListElement\":[{\"@type\":\"ListItem\",\"position\":1,\"name\":\"Accueil\",\"item\":\"https:\/\/paracherkaoui.ma\/\"},{\"@type\":\"ListItem\",\"position\":2,\"name\":\"Boutique\",\"item\":\"https:\/\/paracherkaoui.ma\/index.php\/boutique\/\"},{\"@type\":\"ListItem\",\"position\":3,\"name\":\"URIAGE BARIESUN 100 FLUIDE PROTECTEUR EXTREME SPF 50+ 50ML\"}]},{\"@type\":\"WebSite\",\"@id\":\"https:\/\/paracherkaoui.ma\/#website\",\"url\":\"https:\/\/paracherkaoui.ma\/\",\"name\":\"Paracherkaoui.ma\",\"description\":\"Achetez en ligne sur Paracherkaoui.ma\",\"potentialAction\":[{\"@type\":\"SearchAction\",\"target\":{\"@type\":\"EntryPoint\",\"urlTemplate\":\"https:\/\/paracherkaoui.ma\/?s={search_term_string}\"},\"query-input\":{\"@type\":\"PropertyValueSpecification\",\"valueRequired\":true,\"valueName\":\"search_term_string\"}}],\"inLanguage\":\"fr-FR\"}]}<\/script>\r\n<!-- \/ Yoast SEO plugin. -->","yoast_head_json":{"title":"URIAGE BARIESUN 100 FLUIDE PROTECTEUR EXTREME SPF 50+ 50ML - Paracherkaoui.ma","robots":{"index":"index","follow":"follow","max-snippet":"max-snippet:-1","max-image-preview":"max-image-preview:large","max-video-preview":"max-video-preview:-1"},"canonical":"https:\/\/paracherkaoui.ma\/index.php\/produit\/uriage-bariesun-100-fluide-protecteur-extreme-spf-50-50ml\/","og_locale":"fr_FR","og_type":"article","og_title":"URIAGE BARIESUN 100 FLUIDE PROTECTEUR EXTREME SPF 50+ 50ML - Paracherkaoui.ma","og_description":"Uriage Bari\u00e9sun 100 Fluide Protecteur Extr\u00eame SPF 50+ 50 ml est un soin qui apporte une tr\u00e8s haute protection aux","og_url":"https:\/\/paracherkaoui.ma\/index.php\/produit\/uriage-bariesun-100-fluide-protecteur-extreme-spf-50-50ml\/","og_site_name":"Paracherkaoui.ma","article_modified_time":"2025-12-12T16:47:12+00:00","og_image":[{"width":700,"height":700,"url":"https:\/\/paracherkaoui.ma\/wp-content\/uploads\/2025\/12\/uriage-uriage-bariesun-100-fluide-protecteur-extreme-spf-50-50ml-cremes.jpg","type":"image\/jpeg"}],"twitter_card":"summary_large_image","twitter_misc":{"Dur\u00e9e de lecture estim\u00e9e":"1 minute"},"schema":{"@context":"https:\/\/schema.org","@graph":[{"@type":"WebPage","@id":"https:\/\/paracherkaoui.ma\/index.php\/produit\/uriage-bariesun-100-fluide-protecteur-extreme-spf-50-50ml\/","url":"https:\/\/paracherkaoui.ma\/index.php\/produit\/uriage-bariesun-100-fluide-protecteur-extreme-spf-50-50ml\/","name":"URIAGE BARIESUN 100 FLUIDE PROTECTEUR EXTREME SPF 50+ 50ML - Paracherkaoui.ma","isPartOf":{"@id":"https:\/\/paracherkaoui.ma\/#website"},"primaryImageOfPage":{"@id":"https:\/\/paracherkaoui.ma\/index.php\/produit\/uriage-bariesun-100-fluide-protecteur-extreme-spf-50-50ml\/#primaryimage"},"image":{"@id":"https:\/\/paracherkaoui.ma\/index.php\/produit\/uriage-bariesun-100-fluide-protecteur-extreme-spf-50-50ml\/#primaryimage"},"thumbnailUrl":"https:\/\/paracherkaoui.ma\/wp-content\/uploads\/2025\/12\/uriage-uriage-bariesun-100-fluide-protecteur-extreme-spf-50-50ml-cremes.jpg","datePublished":"2025-12-12T16:47:09+00:00","dateModified":"2025-12-12T16:47:12+00:00","breadcrumb":{"@id":"https:\/\/paracherkaoui.ma\/index.php\/produit\/uriage-bariesun-100-fluide-protecteur-extreme-spf-50-50ml\/#breadcrumb"},"inLanguage":"fr-FR","potentialAction":[{"@type":"ReadAction","target":["https:\/\/paracherkaoui.ma\/index.php\/produit\/uriage-bariesun-100-fluide-protecteur-extreme-spf-50-50ml\/"]}]},{"@type":"ImageObject","inLanguage":"fr-FR","@id":"https:\/\/paracherkaoui.ma\/index.php\/produit\/uriage-bariesun-100-fluide-protecteur-extreme-spf-50-50ml\/#primaryimage","url":"https:\/\/paracherkaoui.ma\/wp-content\/uploads\/2025\/12\/uriage-uriage-bariesun-100-fluide-protecteur-extreme-spf-50-50ml-cremes.jpg","contentUrl":"https:\/\/paracherkaoui.ma\/wp-content\/uploads\/2025\/12\/uriage-uriage-bariesun-100-fluide-protecteur-extreme-spf-50-50ml-cremes.jpg","width":700,"height":700},{"@type":"BreadcrumbList","@id":"https:\/\/paracherkaoui.ma\/index.php\/produit\/uriage-bariesun-100-fluide-protecteur-extreme-spf-50-50ml\/#breadcrumb","itemListElement":[{"@type":"ListItem","position":1,"name":"Accueil","item":"https:\/\/paracherkaoui.ma\/"},{"@type":"ListItem","position":2,"name":"Boutique","item":"https:\/\/paracherkaoui.ma\/index.php\/boutique\/"},{"@type":"ListItem","position":3,"name":"URIAGE BARIESUN 100 FLUIDE PROTECTEUR EXTREME SPF 50+ 50ML"}]},{"@type":"WebSite","@id":"https:\/\/paracherkaoui.ma\/#website","url":"https:\/\/paracherkaoui.ma\/","name":"Paracherkaoui.ma","description":"Achetez en ligne sur Paracherkaoui.ma","potentialAction":[{"@type":"SearchAction","target":{"@type":"EntryPoint","urlTemplate":"https:\/\/paracherkaoui.ma\/?s={search_term_string}"},"query-input":{"@type":"PropertyValueSpecification","valueRequired":true,"valueName":"search_term_string"}}],"inLanguage":"fr-FR"}]}},"_links":{"self":[{"href":"https:\/\/paracherkaoui.ma\/index.php\/wp-json\/wp\/v2\/product\/12964","targetHints":{"allow":["GET"]}}],"collection":[{"href":"https:\/\/paracherkaoui.ma\/index.php\/wp-json\/wp\/v2\/product"}],"about":[{"href":"https:\/\/paracherkaoui.ma\/index.php\/wp-json\/wp\/v2\/types\/product"}],"replies":[{"embeddable":true,"href":"https:\/\/paracherkaoui.ma\/index.php\/wp-json\/wp\/v2\/comments?post=12964"}],"version-history":[{"count":1,"href":"https:\/\/paracherkaoui.ma\/index.php\/wp-json\/wp\/v2\/product\/12964\/revisions"}],"predecessor-version":[{"id":13015,"href":"https:\/\/paracherkaoui.ma\/index.php\/wp-json\/wp\/v2\/product\/12964\/revisions\/13015"}],"wp:featuredmedia":[{"embeddable":true,"href":"https:\/\/paracherkaoui.ma\/index.php\/wp-json\/wp\/v2\/media\/13014"}],"wp:attachment":[{"href":"https:\/\/paracherkaoui.ma\/index.php\/wp-json\/wp\/v2\/media?parent=12964"}],"wp:term":[{"taxonomy":"product_brand","embeddable":true,"href":"https:\/\/paracherkaoui.ma\/index.php\/wp-json\/wp\/v2\/product_brand?post=12964"},{"taxonomy":"product_cat","embeddable":true,"href":"https:\/\/paracherkaoui.ma\/index.php\/wp-json\/wp\/v2\/product_cat?post=12964"},{"taxonomy":"product_tag","embeddable":true,"href":"https:\/\/paracherkaoui.ma\/index.php\/wp-json\/wp\/v2\/product_tag?post=12964"}],"curies":[{"name":"wp","href":"https:\/\/api.w.org\/{rel}","templated":true}]}}