{"id":12961,"date":"2025-12-12T17:47:09","date_gmt":"2025-12-12T16:47:09","guid":{"rendered":"https:\/\/test.ecbeaute.com\/?post_type=product&#038;p=12961"},"modified":"2025-12-12T17:47:12","modified_gmt":"2025-12-12T16:47:12","slug":"isdin-fotoprotector-fusion-water-urban-spf-30","status":"publish","type":"product","link":"https:\/\/paracherkaoui.ma\/index.php\/produit\/isdin-fotoprotector-fusion-water-urban-spf-30\/","title":{"rendered":"ISDIN Fotoprotector Fusion Water Urban SPF 30"},"content":{"rendered":"<p>Description:<br \/>\nPhotoprotection du visage de phase aqueuse et avec une texture ultral\u00e9g\u00e8re qui prot\u00e8ge la peau des dommages oxydatifs induits par la pollution urbaine et offre une protection renforc\u00e9e contre les UVA et la lumi\u00e8re bleue SPF 30. Am\u00e9liore les signes de fatigue cutan\u00e9e en donnant de l\u2019\u00e9clat et un aspect sain \u00e0 la peau.<\/p>\n","protected":false},"excerpt":{"rendered":"<p>Description: Photoprotection du visage de phase aqueuse et avec une texture ultral\u00e9g\u00e8re qui prot\u00e8ge la peau des dommages oxydatifs induits<\/p>\n","protected":false},"featured_media":13009,"comment_status":"open","ping_status":"closed","template":"","meta":[],"product_brand":[135],"product_cat":[171],"product_tag":[],"class_list":{"0":"post-12961","1":"product","2":"type-product","3":"status-publish","4":"has-post-thumbnail","6":"product_brand-isdin","7":"product_cat-protection-solaire-visage","9":"first","10":"instock","11":"sale","12":"shipping-taxable","13":"purchasable","14":"product-type-simple"},"yoast_head":"<!-- This site is optimized with the Yoast SEO plugin v26.6 - https:\/\/yoast.com\/wordpress\/plugins\/seo\/ -->\r\n<title>ISDIN Fotoprotector Fusion Water Urban SPF 30 - Paracherkaoui.ma<\/title>\r\n<meta name=\"robots\" content=\"index, follow, max-snippet:-1, max-image-preview:large, max-video-preview:-1\" \/>\r\n<link rel=\"canonical\" href=\"https:\/\/paracherkaoui.ma\/index.php\/produit\/isdin-fotoprotector-fusion-water-urban-spf-30\/\" \/>\r\n<meta property=\"og:locale\" content=\"fr_FR\" \/>\r\n<meta property=\"og:type\" content=\"article\" \/>\r\n<meta property=\"og:title\" content=\"ISDIN Fotoprotector Fusion Water Urban SPF 30 - Paracherkaoui.ma\" \/>\r\n<meta property=\"og:description\" content=\"Description: Photoprotection du visage de phase aqueuse et avec une texture ultral\u00e9g\u00e8re qui prot\u00e8ge la peau des dommages oxydatifs induits\" \/>\r\n<meta property=\"og:url\" content=\"https:\/\/paracherkaoui.ma\/index.php\/produit\/isdin-fotoprotector-fusion-water-urban-spf-30\/\" \/>\r\n<meta property=\"og:site_name\" content=\"Paracherkaoui.ma\" \/>\r\n<meta property=\"article:modified_time\" content=\"2025-12-12T16:47:12+00:00\" \/>\r\n<meta property=\"og:image\" content=\"https:\/\/paracherkaoui.ma\/wp-content\/uploads\/2025\/12\/isdin-isdin-fotoprotector-fusion-water-urban-spf-30-cremes-solaires.jpg\" \/>\r\n\t<meta property=\"og:image:width\" content=\"700\" \/>\r\n\t<meta property=\"og:image:height\" content=\"700\" \/>\r\n\t<meta property=\"og:image:type\" content=\"image\/jpeg\" \/>\r\n<meta name=\"twitter:card\" content=\"summary_large_image\" \/>\r\n<script type=\"application\/ld+json\" class=\"yoast-schema-graph\">{\"@context\":\"https:\/\/schema.org\",\"@graph\":[{\"@type\":\"WebPage\",\"@id\":\"https:\/\/paracherkaoui.ma\/index.php\/produit\/isdin-fotoprotector-fusion-water-urban-spf-30\/\",\"url\":\"https:\/\/paracherkaoui.ma\/index.php\/produit\/isdin-fotoprotector-fusion-water-urban-spf-30\/\",\"name\":\"ISDIN Fotoprotector Fusion Water Urban SPF 30 - Paracherkaoui.ma\",\"isPartOf\":{\"@id\":\"https:\/\/paracherkaoui.ma\/#website\"},\"primaryImageOfPage\":{\"@id\":\"https:\/\/paracherkaoui.ma\/index.php\/produit\/isdin-fotoprotector-fusion-water-urban-spf-30\/#primaryimage\"},\"image\":{\"@id\":\"https:\/\/paracherkaoui.ma\/index.php\/produit\/isdin-fotoprotector-fusion-water-urban-spf-30\/#primaryimage\"},\"thumbnailUrl\":\"https:\/\/paracherkaoui.ma\/wp-content\/uploads\/2025\/12\/isdin-isdin-fotoprotector-fusion-water-urban-spf-30-cremes-solaires.jpg\",\"datePublished\":\"2025-12-12T16:47:09+00:00\",\"dateModified\":\"2025-12-12T16:47:12+00:00\",\"breadcrumb\":{\"@id\":\"https:\/\/paracherkaoui.ma\/index.php\/produit\/isdin-fotoprotector-fusion-water-urban-spf-30\/#breadcrumb\"},\"inLanguage\":\"fr-FR\",\"potentialAction\":[{\"@type\":\"ReadAction\",\"target\":[\"https:\/\/paracherkaoui.ma\/index.php\/produit\/isdin-fotoprotector-fusion-water-urban-spf-30\/\"]}]},{\"@type\":\"ImageObject\",\"inLanguage\":\"fr-FR\",\"@id\":\"https:\/\/paracherkaoui.ma\/index.php\/produit\/isdin-fotoprotector-fusion-water-urban-spf-30\/#primaryimage\",\"url\":\"https:\/\/paracherkaoui.ma\/wp-content\/uploads\/2025\/12\/isdin-isdin-fotoprotector-fusion-water-urban-spf-30-cremes-solaires.jpg\",\"contentUrl\":\"https:\/\/paracherkaoui.ma\/wp-content\/uploads\/2025\/12\/isdin-isdin-fotoprotector-fusion-water-urban-spf-30-cremes-solaires.jpg\",\"width\":700,\"height\":700},{\"@type\":\"BreadcrumbList\",\"@id\":\"https:\/\/paracherkaoui.ma\/index.php\/produit\/isdin-fotoprotector-fusion-water-urban-spf-30\/#breadcrumb\",\"itemListElement\":[{\"@type\":\"ListItem\",\"position\":1,\"name\":\"Accueil\",\"item\":\"https:\/\/paracherkaoui.ma\/\"},{\"@type\":\"ListItem\",\"position\":2,\"name\":\"Boutique\",\"item\":\"https:\/\/paracherkaoui.ma\/index.php\/boutique\/\"},{\"@type\":\"ListItem\",\"position\":3,\"name\":\"ISDIN Fotoprotector Fusion Water Urban SPF 30\"}]},{\"@type\":\"WebSite\",\"@id\":\"https:\/\/paracherkaoui.ma\/#website\",\"url\":\"https:\/\/paracherkaoui.ma\/\",\"name\":\"Paracherkaoui.ma\",\"description\":\"Achetez en ligne sur Paracherkaoui.ma\",\"potentialAction\":[{\"@type\":\"SearchAction\",\"target\":{\"@type\":\"EntryPoint\",\"urlTemplate\":\"https:\/\/paracherkaoui.ma\/?s={search_term_string}\"},\"query-input\":{\"@type\":\"PropertyValueSpecification\",\"valueRequired\":true,\"valueName\":\"search_term_string\"}}],\"inLanguage\":\"fr-FR\"}]}<\/script>\r\n<!-- \/ Yoast SEO plugin. -->","yoast_head_json":{"title":"ISDIN Fotoprotector Fusion Water Urban SPF 30 - Paracherkaoui.ma","robots":{"index":"index","follow":"follow","max-snippet":"max-snippet:-1","max-image-preview":"max-image-preview:large","max-video-preview":"max-video-preview:-1"},"canonical":"https:\/\/paracherkaoui.ma\/index.php\/produit\/isdin-fotoprotector-fusion-water-urban-spf-30\/","og_locale":"fr_FR","og_type":"article","og_title":"ISDIN Fotoprotector Fusion Water Urban SPF 30 - Paracherkaoui.ma","og_description":"Description: Photoprotection du visage de phase aqueuse et avec une texture ultral\u00e9g\u00e8re qui prot\u00e8ge la peau des dommages oxydatifs induits","og_url":"https:\/\/paracherkaoui.ma\/index.php\/produit\/isdin-fotoprotector-fusion-water-urban-spf-30\/","og_site_name":"Paracherkaoui.ma","article_modified_time":"2025-12-12T16:47:12+00:00","og_image":[{"width":700,"height":700,"url":"https:\/\/paracherkaoui.ma\/wp-content\/uploads\/2025\/12\/isdin-isdin-fotoprotector-fusion-water-urban-spf-30-cremes-solaires.jpg","type":"image\/jpeg"}],"twitter_card":"summary_large_image","schema":{"@context":"https:\/\/schema.org","@graph":[{"@type":"WebPage","@id":"https:\/\/paracherkaoui.ma\/index.php\/produit\/isdin-fotoprotector-fusion-water-urban-spf-30\/","url":"https:\/\/paracherkaoui.ma\/index.php\/produit\/isdin-fotoprotector-fusion-water-urban-spf-30\/","name":"ISDIN Fotoprotector Fusion Water Urban SPF 30 - Paracherkaoui.ma","isPartOf":{"@id":"https:\/\/paracherkaoui.ma\/#website"},"primaryImageOfPage":{"@id":"https:\/\/paracherkaoui.ma\/index.php\/produit\/isdin-fotoprotector-fusion-water-urban-spf-30\/#primaryimage"},"image":{"@id":"https:\/\/paracherkaoui.ma\/index.php\/produit\/isdin-fotoprotector-fusion-water-urban-spf-30\/#primaryimage"},"thumbnailUrl":"https:\/\/paracherkaoui.ma\/wp-content\/uploads\/2025\/12\/isdin-isdin-fotoprotector-fusion-water-urban-spf-30-cremes-solaires.jpg","datePublished":"2025-12-12T16:47:09+00:00","dateModified":"2025-12-12T16:47:12+00:00","breadcrumb":{"@id":"https:\/\/paracherkaoui.ma\/index.php\/produit\/isdin-fotoprotector-fusion-water-urban-spf-30\/#breadcrumb"},"inLanguage":"fr-FR","potentialAction":[{"@type":"ReadAction","target":["https:\/\/paracherkaoui.ma\/index.php\/produit\/isdin-fotoprotector-fusion-water-urban-spf-30\/"]}]},{"@type":"ImageObject","inLanguage":"fr-FR","@id":"https:\/\/paracherkaoui.ma\/index.php\/produit\/isdin-fotoprotector-fusion-water-urban-spf-30\/#primaryimage","url":"https:\/\/paracherkaoui.ma\/wp-content\/uploads\/2025\/12\/isdin-isdin-fotoprotector-fusion-water-urban-spf-30-cremes-solaires.jpg","contentUrl":"https:\/\/paracherkaoui.ma\/wp-content\/uploads\/2025\/12\/isdin-isdin-fotoprotector-fusion-water-urban-spf-30-cremes-solaires.jpg","width":700,"height":700},{"@type":"BreadcrumbList","@id":"https:\/\/paracherkaoui.ma\/index.php\/produit\/isdin-fotoprotector-fusion-water-urban-spf-30\/#breadcrumb","itemListElement":[{"@type":"ListItem","position":1,"name":"Accueil","item":"https:\/\/paracherkaoui.ma\/"},{"@type":"ListItem","position":2,"name":"Boutique","item":"https:\/\/paracherkaoui.ma\/index.php\/boutique\/"},{"@type":"ListItem","position":3,"name":"ISDIN Fotoprotector Fusion Water Urban SPF 30"}]},{"@type":"WebSite","@id":"https:\/\/paracherkaoui.ma\/#website","url":"https:\/\/paracherkaoui.ma\/","name":"Paracherkaoui.ma","description":"Achetez en ligne sur Paracherkaoui.ma","potentialAction":[{"@type":"SearchAction","target":{"@type":"EntryPoint","urlTemplate":"https:\/\/paracherkaoui.ma\/?s={search_term_string}"},"query-input":{"@type":"PropertyValueSpecification","valueRequired":true,"valueName":"search_term_string"}}],"inLanguage":"fr-FR"}]}},"_links":{"self":[{"href":"https:\/\/paracherkaoui.ma\/index.php\/wp-json\/wp\/v2\/product\/12961","targetHints":{"allow":["GET"]}}],"collection":[{"href":"https:\/\/paracherkaoui.ma\/index.php\/wp-json\/wp\/v2\/product"}],"about":[{"href":"https:\/\/paracherkaoui.ma\/index.php\/wp-json\/wp\/v2\/types\/product"}],"replies":[{"embeddable":true,"href":"https:\/\/paracherkaoui.ma\/index.php\/wp-json\/wp\/v2\/comments?post=12961"}],"version-history":[{"count":1,"href":"https:\/\/paracherkaoui.ma\/index.php\/wp-json\/wp\/v2\/product\/12961\/revisions"}],"predecessor-version":[{"id":13010,"href":"https:\/\/paracherkaoui.ma\/index.php\/wp-json\/wp\/v2\/product\/12961\/revisions\/13010"}],"wp:featuredmedia":[{"embeddable":true,"href":"https:\/\/paracherkaoui.ma\/index.php\/wp-json\/wp\/v2\/media\/13009"}],"wp:attachment":[{"href":"https:\/\/paracherkaoui.ma\/index.php\/wp-json\/wp\/v2\/media?parent=12961"}],"wp:term":[{"taxonomy":"product_brand","embeddable":true,"href":"https:\/\/paracherkaoui.ma\/index.php\/wp-json\/wp\/v2\/product_brand?post=12961"},{"taxonomy":"product_cat","embeddable":true,"href":"https:\/\/paracherkaoui.ma\/index.php\/wp-json\/wp\/v2\/product_cat?post=12961"},{"taxonomy":"product_tag","embeddable":true,"href":"https:\/\/paracherkaoui.ma\/index.php\/wp-json\/wp\/v2\/product_tag?post=12961"}],"curies":[{"name":"wp","href":"https:\/\/api.w.org\/{rel}","templated":true}]}}