{"id":12957,"date":"2025-12-12T17:47:09","date_gmt":"2025-12-12T16:47:09","guid":{"rendered":"https:\/\/test.ecbeaute.com\/?post_type=product&#038;p=12957"},"modified":"2025-12-12T17:47:12","modified_gmt":"2025-12-12T16:47:12","slug":"biafine-soleil-biafine-emulsion-solaire-visage-fps-50-texture-fluide-peaux-tres-claires-ou-sensibles","status":"publish","type":"product","link":"https:\/\/paracherkaoui.ma\/index.php\/produit\/biafine-soleil-biafine-emulsion-solaire-visage-fps-50-texture-fluide-peaux-tres-claires-ou-sensibles\/","title":{"rendered":"BIAFINE SOLEIL BIAFINE EMULSION SOLAIRE VISAGE FPS 50+ TEXTURE FLUIDE PEAUX TRES CLAIRES OU SENSIBLES"},"content":{"rendered":"<p>DESCRIPTION :<br \/>\nEn surface, le syst\u00e8me performant et photostable de filtres anti-UVA et UVB \u00e0 large spectre vous prot\u00e8ge des\u00a0coups de soleil.Un anti-oxydant* reconnu, d\u00e9riv\u00e9 de la vitamine E, contribue \u00e0 prot\u00e9ger votre peau des\u00a0dommages cutan\u00e9s \u00e0 long terme.Texture l\u00e9g\u00e8re et agr\u00e9able D\u00e9velopp\u00e9e sous contr\u00f4le m\u00e9dical et test\u00e9e cliniquement R\u00e9sistante \u00e0 l&rsquo;eauSans paraben Hypoallerg\u00e9nique (formul\u00e9 pour minimiser les risques d&rsquo;allergies)<br \/>\nCONSEILS D&rsquo;UTILISATION :<br \/>\nAvant l\u2019exposition, appliquer g\u00e9n\u00e9reusement et uniform\u00e9ment l&rsquo;\u00e9mulsion solaire sur tout le visage. Une application r\u00e9duite de protection solaire peut baisser significativement le niveau de protection. Renouveler fr\u00e9quemment l\u2019application, en particulier apr\u00e8s avoir transpir\u00e9, nag\u00e9 ou vous \u00eatre essuy\u00e9. Eviter le soleil en milieu de journ\u00e9e.<\/p>\n","protected":false},"excerpt":{"rendered":"<p>DESCRIPTION : En surface, le syst\u00e8me performant et photostable de filtres anti-UVA et UVB \u00e0 large spectre vous prot\u00e8ge des\u00a0coups<\/p>\n","protected":false},"featured_media":13002,"comment_status":"open","ping_status":"closed","template":"","meta":[],"product_brand":[149],"product_cat":[171],"product_tag":[],"class_list":{"0":"post-12957","1":"product","2":"type-product","3":"status-publish","4":"has-post-thumbnail","6":"product_brand-biafine","7":"product_cat-protection-solaire-visage","9":"first","10":"instock","11":"sale","12":"shipping-taxable","13":"purchasable","14":"product-type-simple"},"yoast_head":"<!-- This site is optimized with the Yoast SEO plugin v26.6 - https:\/\/yoast.com\/wordpress\/plugins\/seo\/ -->\r\n<title>BIAFINE SOLEIL BIAFINE EMULSION SOLAIRE VISAGE FPS 50+ TEXTURE FLUIDE PEAUX TRES CLAIRES OU SENSIBLES - Paracherkaoui.ma<\/title>\r\n<meta name=\"robots\" content=\"index, follow, max-snippet:-1, max-image-preview:large, max-video-preview:-1\" \/>\r\n<link rel=\"canonical\" href=\"https:\/\/paracherkaoui.ma\/index.php\/produit\/biafine-soleil-biafine-emulsion-solaire-visage-fps-50-texture-fluide-peaux-tres-claires-ou-sensibles\/\" \/>\r\n<meta property=\"og:locale\" content=\"fr_FR\" \/>\r\n<meta property=\"og:type\" content=\"article\" \/>\r\n<meta property=\"og:title\" content=\"BIAFINE SOLEIL BIAFINE EMULSION SOLAIRE VISAGE FPS 50+ TEXTURE FLUIDE PEAUX TRES CLAIRES OU SENSIBLES - Paracherkaoui.ma\" \/>\r\n<meta property=\"og:description\" content=\"DESCRIPTION : En surface, le syst\u00e8me performant et photostable de filtres anti-UVA et UVB \u00e0 large spectre vous prot\u00e8ge des\u00a0coups\" \/>\r\n<meta property=\"og:url\" content=\"https:\/\/paracherkaoui.ma\/index.php\/produit\/biafine-soleil-biafine-emulsion-solaire-visage-fps-50-texture-fluide-peaux-tres-claires-ou-sensibles\/\" \/>\r\n<meta property=\"og:site_name\" content=\"Paracherkaoui.ma\" \/>\r\n<meta property=\"article:modified_time\" content=\"2025-12-12T16:47:12+00:00\" \/>\r\n<meta property=\"og:image\" content=\"https:\/\/paracherkaoui.ma\/wp-content\/uploads\/2025\/12\/biafine-soleil-biafine-emulsion-solaire-visage-fps-50-texture-fluide-peaux-tres-claires-ou-sensibles.jpg\" \/>\r\n\t<meta property=\"og:image:width\" content=\"700\" \/>\r\n\t<meta property=\"og:image:height\" content=\"700\" \/>\r\n\t<meta property=\"og:image:type\" content=\"image\/jpeg\" \/>\r\n<meta name=\"twitter:card\" content=\"summary_large_image\" \/>\r\n<meta name=\"twitter:label1\" content=\"Dur\u00e9e de lecture estim\u00e9e\" \/>\n\t<meta name=\"twitter:data1\" content=\"1 minute\" \/>\r\n<script type=\"application\/ld+json\" class=\"yoast-schema-graph\">{\"@context\":\"https:\/\/schema.org\",\"@graph\":[{\"@type\":\"WebPage\",\"@id\":\"https:\/\/paracherkaoui.ma\/index.php\/produit\/biafine-soleil-biafine-emulsion-solaire-visage-fps-50-texture-fluide-peaux-tres-claires-ou-sensibles\/\",\"url\":\"https:\/\/paracherkaoui.ma\/index.php\/produit\/biafine-soleil-biafine-emulsion-solaire-visage-fps-50-texture-fluide-peaux-tres-claires-ou-sensibles\/\",\"name\":\"BIAFINE SOLEIL BIAFINE EMULSION SOLAIRE VISAGE FPS 50+ TEXTURE FLUIDE PEAUX TRES CLAIRES OU SENSIBLES - Paracherkaoui.ma\",\"isPartOf\":{\"@id\":\"https:\/\/paracherkaoui.ma\/#website\"},\"primaryImageOfPage\":{\"@id\":\"https:\/\/paracherkaoui.ma\/index.php\/produit\/biafine-soleil-biafine-emulsion-solaire-visage-fps-50-texture-fluide-peaux-tres-claires-ou-sensibles\/#primaryimage\"},\"image\":{\"@id\":\"https:\/\/paracherkaoui.ma\/index.php\/produit\/biafine-soleil-biafine-emulsion-solaire-visage-fps-50-texture-fluide-peaux-tres-claires-ou-sensibles\/#primaryimage\"},\"thumbnailUrl\":\"https:\/\/paracherkaoui.ma\/wp-content\/uploads\/2025\/12\/biafine-soleil-biafine-emulsion-solaire-visage-fps-50-texture-fluide-peaux-tres-claires-ou-sensibles.jpg\",\"datePublished\":\"2025-12-12T16:47:09+00:00\",\"dateModified\":\"2025-12-12T16:47:12+00:00\",\"breadcrumb\":{\"@id\":\"https:\/\/paracherkaoui.ma\/index.php\/produit\/biafine-soleil-biafine-emulsion-solaire-visage-fps-50-texture-fluide-peaux-tres-claires-ou-sensibles\/#breadcrumb\"},\"inLanguage\":\"fr-FR\",\"potentialAction\":[{\"@type\":\"ReadAction\",\"target\":[\"https:\/\/paracherkaoui.ma\/index.php\/produit\/biafine-soleil-biafine-emulsion-solaire-visage-fps-50-texture-fluide-peaux-tres-claires-ou-sensibles\/\"]}]},{\"@type\":\"ImageObject\",\"inLanguage\":\"fr-FR\",\"@id\":\"https:\/\/paracherkaoui.ma\/index.php\/produit\/biafine-soleil-biafine-emulsion-solaire-visage-fps-50-texture-fluide-peaux-tres-claires-ou-sensibles\/#primaryimage\",\"url\":\"https:\/\/paracherkaoui.ma\/wp-content\/uploads\/2025\/12\/biafine-soleil-biafine-emulsion-solaire-visage-fps-50-texture-fluide-peaux-tres-claires-ou-sensibles.jpg\",\"contentUrl\":\"https:\/\/paracherkaoui.ma\/wp-content\/uploads\/2025\/12\/biafine-soleil-biafine-emulsion-solaire-visage-fps-50-texture-fluide-peaux-tres-claires-ou-sensibles.jpg\",\"width\":700,\"height\":700},{\"@type\":\"BreadcrumbList\",\"@id\":\"https:\/\/paracherkaoui.ma\/index.php\/produit\/biafine-soleil-biafine-emulsion-solaire-visage-fps-50-texture-fluide-peaux-tres-claires-ou-sensibles\/#breadcrumb\",\"itemListElement\":[{\"@type\":\"ListItem\",\"position\":1,\"name\":\"Accueil\",\"item\":\"https:\/\/paracherkaoui.ma\/\"},{\"@type\":\"ListItem\",\"position\":2,\"name\":\"Boutique\",\"item\":\"https:\/\/paracherkaoui.ma\/index.php\/boutique\/\"},{\"@type\":\"ListItem\",\"position\":3,\"name\":\"BIAFINE SOLEIL BIAFINE EMULSION SOLAIRE VISAGE FPS 50+ TEXTURE FLUIDE PEAUX TRES CLAIRES OU SENSIBLES\"}]},{\"@type\":\"WebSite\",\"@id\":\"https:\/\/paracherkaoui.ma\/#website\",\"url\":\"https:\/\/paracherkaoui.ma\/\",\"name\":\"Paracherkaoui.ma\",\"description\":\"Achetez en ligne sur Paracherkaoui.ma\",\"potentialAction\":[{\"@type\":\"SearchAction\",\"target\":{\"@type\":\"EntryPoint\",\"urlTemplate\":\"https:\/\/paracherkaoui.ma\/?s={search_term_string}\"},\"query-input\":{\"@type\":\"PropertyValueSpecification\",\"valueRequired\":true,\"valueName\":\"search_term_string\"}}],\"inLanguage\":\"fr-FR\"}]}<\/script>\r\n<!-- \/ Yoast SEO plugin. -->","yoast_head_json":{"title":"BIAFINE SOLEIL BIAFINE EMULSION SOLAIRE VISAGE FPS 50+ TEXTURE FLUIDE PEAUX TRES CLAIRES OU SENSIBLES - Paracherkaoui.ma","robots":{"index":"index","follow":"follow","max-snippet":"max-snippet:-1","max-image-preview":"max-image-preview:large","max-video-preview":"max-video-preview:-1"},"canonical":"https:\/\/paracherkaoui.ma\/index.php\/produit\/biafine-soleil-biafine-emulsion-solaire-visage-fps-50-texture-fluide-peaux-tres-claires-ou-sensibles\/","og_locale":"fr_FR","og_type":"article","og_title":"BIAFINE SOLEIL BIAFINE EMULSION SOLAIRE VISAGE FPS 50+ TEXTURE FLUIDE PEAUX TRES CLAIRES OU SENSIBLES - Paracherkaoui.ma","og_description":"DESCRIPTION : En surface, le syst\u00e8me performant et photostable de filtres anti-UVA et UVB \u00e0 large spectre vous prot\u00e8ge des\u00a0coups","og_url":"https:\/\/paracherkaoui.ma\/index.php\/produit\/biafine-soleil-biafine-emulsion-solaire-visage-fps-50-texture-fluide-peaux-tres-claires-ou-sensibles\/","og_site_name":"Paracherkaoui.ma","article_modified_time":"2025-12-12T16:47:12+00:00","og_image":[{"width":700,"height":700,"url":"https:\/\/paracherkaoui.ma\/wp-content\/uploads\/2025\/12\/biafine-soleil-biafine-emulsion-solaire-visage-fps-50-texture-fluide-peaux-tres-claires-ou-sensibles.jpg","type":"image\/jpeg"}],"twitter_card":"summary_large_image","twitter_misc":{"Dur\u00e9e de lecture estim\u00e9e":"1 minute"},"schema":{"@context":"https:\/\/schema.org","@graph":[{"@type":"WebPage","@id":"https:\/\/paracherkaoui.ma\/index.php\/produit\/biafine-soleil-biafine-emulsion-solaire-visage-fps-50-texture-fluide-peaux-tres-claires-ou-sensibles\/","url":"https:\/\/paracherkaoui.ma\/index.php\/produit\/biafine-soleil-biafine-emulsion-solaire-visage-fps-50-texture-fluide-peaux-tres-claires-ou-sensibles\/","name":"BIAFINE SOLEIL BIAFINE EMULSION SOLAIRE VISAGE FPS 50+ TEXTURE FLUIDE PEAUX TRES CLAIRES OU SENSIBLES - Paracherkaoui.ma","isPartOf":{"@id":"https:\/\/paracherkaoui.ma\/#website"},"primaryImageOfPage":{"@id":"https:\/\/paracherkaoui.ma\/index.php\/produit\/biafine-soleil-biafine-emulsion-solaire-visage-fps-50-texture-fluide-peaux-tres-claires-ou-sensibles\/#primaryimage"},"image":{"@id":"https:\/\/paracherkaoui.ma\/index.php\/produit\/biafine-soleil-biafine-emulsion-solaire-visage-fps-50-texture-fluide-peaux-tres-claires-ou-sensibles\/#primaryimage"},"thumbnailUrl":"https:\/\/paracherkaoui.ma\/wp-content\/uploads\/2025\/12\/biafine-soleil-biafine-emulsion-solaire-visage-fps-50-texture-fluide-peaux-tres-claires-ou-sensibles.jpg","datePublished":"2025-12-12T16:47:09+00:00","dateModified":"2025-12-12T16:47:12+00:00","breadcrumb":{"@id":"https:\/\/paracherkaoui.ma\/index.php\/produit\/biafine-soleil-biafine-emulsion-solaire-visage-fps-50-texture-fluide-peaux-tres-claires-ou-sensibles\/#breadcrumb"},"inLanguage":"fr-FR","potentialAction":[{"@type":"ReadAction","target":["https:\/\/paracherkaoui.ma\/index.php\/produit\/biafine-soleil-biafine-emulsion-solaire-visage-fps-50-texture-fluide-peaux-tres-claires-ou-sensibles\/"]}]},{"@type":"ImageObject","inLanguage":"fr-FR","@id":"https:\/\/paracherkaoui.ma\/index.php\/produit\/biafine-soleil-biafine-emulsion-solaire-visage-fps-50-texture-fluide-peaux-tres-claires-ou-sensibles\/#primaryimage","url":"https:\/\/paracherkaoui.ma\/wp-content\/uploads\/2025\/12\/biafine-soleil-biafine-emulsion-solaire-visage-fps-50-texture-fluide-peaux-tres-claires-ou-sensibles.jpg","contentUrl":"https:\/\/paracherkaoui.ma\/wp-content\/uploads\/2025\/12\/biafine-soleil-biafine-emulsion-solaire-visage-fps-50-texture-fluide-peaux-tres-claires-ou-sensibles.jpg","width":700,"height":700},{"@type":"BreadcrumbList","@id":"https:\/\/paracherkaoui.ma\/index.php\/produit\/biafine-soleil-biafine-emulsion-solaire-visage-fps-50-texture-fluide-peaux-tres-claires-ou-sensibles\/#breadcrumb","itemListElement":[{"@type":"ListItem","position":1,"name":"Accueil","item":"https:\/\/paracherkaoui.ma\/"},{"@type":"ListItem","position":2,"name":"Boutique","item":"https:\/\/paracherkaoui.ma\/index.php\/boutique\/"},{"@type":"ListItem","position":3,"name":"BIAFINE SOLEIL BIAFINE EMULSION SOLAIRE VISAGE FPS 50+ TEXTURE FLUIDE PEAUX TRES CLAIRES OU SENSIBLES"}]},{"@type":"WebSite","@id":"https:\/\/paracherkaoui.ma\/#website","url":"https:\/\/paracherkaoui.ma\/","name":"Paracherkaoui.ma","description":"Achetez en ligne sur Paracherkaoui.ma","potentialAction":[{"@type":"SearchAction","target":{"@type":"EntryPoint","urlTemplate":"https:\/\/paracherkaoui.ma\/?s={search_term_string}"},"query-input":{"@type":"PropertyValueSpecification","valueRequired":true,"valueName":"search_term_string"}}],"inLanguage":"fr-FR"}]}},"_links":{"self":[{"href":"https:\/\/paracherkaoui.ma\/index.php\/wp-json\/wp\/v2\/product\/12957","targetHints":{"allow":["GET"]}}],"collection":[{"href":"https:\/\/paracherkaoui.ma\/index.php\/wp-json\/wp\/v2\/product"}],"about":[{"href":"https:\/\/paracherkaoui.ma\/index.php\/wp-json\/wp\/v2\/types\/product"}],"replies":[{"embeddable":true,"href":"https:\/\/paracherkaoui.ma\/index.php\/wp-json\/wp\/v2\/comments?post=12957"}],"version-history":[{"count":1,"href":"https:\/\/paracherkaoui.ma\/index.php\/wp-json\/wp\/v2\/product\/12957\/revisions"}],"predecessor-version":[{"id":13003,"href":"https:\/\/paracherkaoui.ma\/index.php\/wp-json\/wp\/v2\/product\/12957\/revisions\/13003"}],"wp:featuredmedia":[{"embeddable":true,"href":"https:\/\/paracherkaoui.ma\/index.php\/wp-json\/wp\/v2\/media\/13002"}],"wp:attachment":[{"href":"https:\/\/paracherkaoui.ma\/index.php\/wp-json\/wp\/v2\/media?parent=12957"}],"wp:term":[{"taxonomy":"product_brand","embeddable":true,"href":"https:\/\/paracherkaoui.ma\/index.php\/wp-json\/wp\/v2\/product_brand?post=12957"},{"taxonomy":"product_cat","embeddable":true,"href":"https:\/\/paracherkaoui.ma\/index.php\/wp-json\/wp\/v2\/product_cat?post=12957"},{"taxonomy":"product_tag","embeddable":true,"href":"https:\/\/paracherkaoui.ma\/index.php\/wp-json\/wp\/v2\/product_tag?post=12957"}],"curies":[{"name":"wp","href":"https:\/\/api.w.org\/{rel}","templated":true}]}}