{"id":12952,"date":"2025-12-12T17:47:09","date_gmt":"2025-12-12T16:47:09","guid":{"rendered":"https:\/\/test.ecbeaute.com\/?post_type=product&#038;p=12952"},"modified":"2025-12-12T17:47:11","modified_gmt":"2025-12-12T16:47:11","slug":"uriage-bariesun-fluide-anti-taches-spf50-40-ml","status":"publish","type":"product","link":"https:\/\/paracherkaoui.ma\/index.php\/produit\/uriage-bariesun-fluide-anti-taches-spf50-40-ml\/","title":{"rendered":"URIAGE BARIESUN FLUIDE ANTI TACHES SPF50+ 40 ML"},"content":{"rendered":"<p>Ce soin anti-taches apporte une tr\u00e8s haute protection contre les UVA\/UVB, att\u00e9nue les d\u00e9fauts de pigmentation et aide \u00e0 pr\u00e9venir l&rsquo;apparition des taches brunes. Sa texture fondante assure une p\u00e9n\u00e9tration rapide et un fini non-gras invisible.<br \/>\nProt\u00e8ge contre les UV<br \/>\nSon complexe filtrant, associ\u00e9 \u00e0 la vitamine E et \u00e0 un d\u00e9riv\u00e9 de vitamine C, apporte une tr\u00e8s haute protection contre les UVB, UVA et les radicaux libres, pour pr\u00e9venir l\u2019apparition des taches.<br \/>\nCorrige les taches brunes<br \/>\nLe complexe Cx, associant des actifs anti-taches, apaisants et anti-oxydants homog\u00e9n\u00e9ise le teint et att\u00e9nue les d\u00e9fauts de pigmentation.<\/p>\n","protected":false},"excerpt":{"rendered":"<p>Ce soin anti-taches apporte une tr\u00e8s haute protection contre les UVA\/UVB, att\u00e9nue les d\u00e9fauts de pigmentation et aide \u00e0 pr\u00e9venir<\/p>\n","protected":false},"featured_media":12995,"comment_status":"open","ping_status":"closed","template":"","meta":[],"product_brand":[130],"product_cat":[171],"product_tag":[],"class_list":{"0":"post-12952","1":"product","2":"type-product","3":"status-publish","4":"has-post-thumbnail","6":"product_brand-uriage","7":"product_cat-protection-solaire-visage","9":"first","10":"instock","11":"sale","12":"shipping-taxable","13":"purchasable","14":"product-type-simple"},"yoast_head":"<!-- This site is optimized with the Yoast SEO plugin v26.6 - https:\/\/yoast.com\/wordpress\/plugins\/seo\/ -->\r\n<title>URIAGE BARIESUN FLUIDE ANTI TACHES SPF50+ 40 ML - Paracherkaoui.ma<\/title>\r\n<meta name=\"robots\" content=\"index, follow, max-snippet:-1, max-image-preview:large, max-video-preview:-1\" \/>\r\n<link rel=\"canonical\" href=\"https:\/\/paracherkaoui.ma\/index.php\/produit\/uriage-bariesun-fluide-anti-taches-spf50-40-ml\/\" \/>\r\n<meta property=\"og:locale\" content=\"fr_FR\" \/>\r\n<meta property=\"og:type\" content=\"article\" \/>\r\n<meta property=\"og:title\" content=\"URIAGE BARIESUN FLUIDE ANTI TACHES SPF50+ 40 ML - Paracherkaoui.ma\" \/>\r\n<meta property=\"og:description\" content=\"Ce soin anti-taches apporte une tr\u00e8s haute protection contre les UVA\/UVB, att\u00e9nue les d\u00e9fauts de pigmentation et aide \u00e0 pr\u00e9venir\" \/>\r\n<meta property=\"og:url\" content=\"https:\/\/paracherkaoui.ma\/index.php\/produit\/uriage-bariesun-fluide-anti-taches-spf50-40-ml\/\" \/>\r\n<meta property=\"og:site_name\" content=\"Paracherkaoui.ma\" \/>\r\n<meta property=\"article:modified_time\" content=\"2025-12-12T16:47:11+00:00\" \/>\r\n<meta property=\"og:image\" content=\"https:\/\/paracherkaoui.ma\/wp-content\/uploads\/2025\/12\/uriage-uriage-bariesun-fluide-anti-taches-spf50-40-ml-cremes-depigmentantes.jpg\" \/>\r\n\t<meta property=\"og:image:width\" content=\"700\" \/>\r\n\t<meta property=\"og:image:height\" content=\"700\" \/>\r\n\t<meta property=\"og:image:type\" content=\"image\/jpeg\" \/>\r\n<meta name=\"twitter:card\" content=\"summary_large_image\" \/>\r\n<meta name=\"twitter:label1\" content=\"Dur\u00e9e de lecture estim\u00e9e\" \/>\n\t<meta name=\"twitter:data1\" content=\"1 minute\" \/>\r\n<script type=\"application\/ld+json\" class=\"yoast-schema-graph\">{\"@context\":\"https:\/\/schema.org\",\"@graph\":[{\"@type\":\"WebPage\",\"@id\":\"https:\/\/paracherkaoui.ma\/index.php\/produit\/uriage-bariesun-fluide-anti-taches-spf50-40-ml\/\",\"url\":\"https:\/\/paracherkaoui.ma\/index.php\/produit\/uriage-bariesun-fluide-anti-taches-spf50-40-ml\/\",\"name\":\"URIAGE BARIESUN FLUIDE ANTI TACHES SPF50+ 40 ML - Paracherkaoui.ma\",\"isPartOf\":{\"@id\":\"https:\/\/paracherkaoui.ma\/#website\"},\"primaryImageOfPage\":{\"@id\":\"https:\/\/paracherkaoui.ma\/index.php\/produit\/uriage-bariesun-fluide-anti-taches-spf50-40-ml\/#primaryimage\"},\"image\":{\"@id\":\"https:\/\/paracherkaoui.ma\/index.php\/produit\/uriage-bariesun-fluide-anti-taches-spf50-40-ml\/#primaryimage\"},\"thumbnailUrl\":\"https:\/\/paracherkaoui.ma\/wp-content\/uploads\/2025\/12\/uriage-uriage-bariesun-fluide-anti-taches-spf50-40-ml-cremes-depigmentantes.jpg\",\"datePublished\":\"2025-12-12T16:47:09+00:00\",\"dateModified\":\"2025-12-12T16:47:11+00:00\",\"breadcrumb\":{\"@id\":\"https:\/\/paracherkaoui.ma\/index.php\/produit\/uriage-bariesun-fluide-anti-taches-spf50-40-ml\/#breadcrumb\"},\"inLanguage\":\"fr-FR\",\"potentialAction\":[{\"@type\":\"ReadAction\",\"target\":[\"https:\/\/paracherkaoui.ma\/index.php\/produit\/uriage-bariesun-fluide-anti-taches-spf50-40-ml\/\"]}]},{\"@type\":\"ImageObject\",\"inLanguage\":\"fr-FR\",\"@id\":\"https:\/\/paracherkaoui.ma\/index.php\/produit\/uriage-bariesun-fluide-anti-taches-spf50-40-ml\/#primaryimage\",\"url\":\"https:\/\/paracherkaoui.ma\/wp-content\/uploads\/2025\/12\/uriage-uriage-bariesun-fluide-anti-taches-spf50-40-ml-cremes-depigmentantes.jpg\",\"contentUrl\":\"https:\/\/paracherkaoui.ma\/wp-content\/uploads\/2025\/12\/uriage-uriage-bariesun-fluide-anti-taches-spf50-40-ml-cremes-depigmentantes.jpg\",\"width\":700,\"height\":700},{\"@type\":\"BreadcrumbList\",\"@id\":\"https:\/\/paracherkaoui.ma\/index.php\/produit\/uriage-bariesun-fluide-anti-taches-spf50-40-ml\/#breadcrumb\",\"itemListElement\":[{\"@type\":\"ListItem\",\"position\":1,\"name\":\"Accueil\",\"item\":\"https:\/\/paracherkaoui.ma\/\"},{\"@type\":\"ListItem\",\"position\":2,\"name\":\"Boutique\",\"item\":\"https:\/\/paracherkaoui.ma\/index.php\/boutique\/\"},{\"@type\":\"ListItem\",\"position\":3,\"name\":\"URIAGE BARIESUN FLUIDE ANTI TACHES SPF50+ 40 ML\"}]},{\"@type\":\"WebSite\",\"@id\":\"https:\/\/paracherkaoui.ma\/#website\",\"url\":\"https:\/\/paracherkaoui.ma\/\",\"name\":\"Paracherkaoui.ma\",\"description\":\"Achetez en ligne sur Paracherkaoui.ma\",\"potentialAction\":[{\"@type\":\"SearchAction\",\"target\":{\"@type\":\"EntryPoint\",\"urlTemplate\":\"https:\/\/paracherkaoui.ma\/?s={search_term_string}\"},\"query-input\":{\"@type\":\"PropertyValueSpecification\",\"valueRequired\":true,\"valueName\":\"search_term_string\"}}],\"inLanguage\":\"fr-FR\"}]}<\/script>\r\n<!-- \/ Yoast SEO plugin. -->","yoast_head_json":{"title":"URIAGE BARIESUN FLUIDE ANTI TACHES SPF50+ 40 ML - Paracherkaoui.ma","robots":{"index":"index","follow":"follow","max-snippet":"max-snippet:-1","max-image-preview":"max-image-preview:large","max-video-preview":"max-video-preview:-1"},"canonical":"https:\/\/paracherkaoui.ma\/index.php\/produit\/uriage-bariesun-fluide-anti-taches-spf50-40-ml\/","og_locale":"fr_FR","og_type":"article","og_title":"URIAGE BARIESUN FLUIDE ANTI TACHES SPF50+ 40 ML - Paracherkaoui.ma","og_description":"Ce soin anti-taches apporte une tr\u00e8s haute protection contre les UVA\/UVB, att\u00e9nue les d\u00e9fauts de pigmentation et aide \u00e0 pr\u00e9venir","og_url":"https:\/\/paracherkaoui.ma\/index.php\/produit\/uriage-bariesun-fluide-anti-taches-spf50-40-ml\/","og_site_name":"Paracherkaoui.ma","article_modified_time":"2025-12-12T16:47:11+00:00","og_image":[{"width":700,"height":700,"url":"https:\/\/paracherkaoui.ma\/wp-content\/uploads\/2025\/12\/uriage-uriage-bariesun-fluide-anti-taches-spf50-40-ml-cremes-depigmentantes.jpg","type":"image\/jpeg"}],"twitter_card":"summary_large_image","twitter_misc":{"Dur\u00e9e de lecture estim\u00e9e":"1 minute"},"schema":{"@context":"https:\/\/schema.org","@graph":[{"@type":"WebPage","@id":"https:\/\/paracherkaoui.ma\/index.php\/produit\/uriage-bariesun-fluide-anti-taches-spf50-40-ml\/","url":"https:\/\/paracherkaoui.ma\/index.php\/produit\/uriage-bariesun-fluide-anti-taches-spf50-40-ml\/","name":"URIAGE BARIESUN FLUIDE ANTI TACHES SPF50+ 40 ML - Paracherkaoui.ma","isPartOf":{"@id":"https:\/\/paracherkaoui.ma\/#website"},"primaryImageOfPage":{"@id":"https:\/\/paracherkaoui.ma\/index.php\/produit\/uriage-bariesun-fluide-anti-taches-spf50-40-ml\/#primaryimage"},"image":{"@id":"https:\/\/paracherkaoui.ma\/index.php\/produit\/uriage-bariesun-fluide-anti-taches-spf50-40-ml\/#primaryimage"},"thumbnailUrl":"https:\/\/paracherkaoui.ma\/wp-content\/uploads\/2025\/12\/uriage-uriage-bariesun-fluide-anti-taches-spf50-40-ml-cremes-depigmentantes.jpg","datePublished":"2025-12-12T16:47:09+00:00","dateModified":"2025-12-12T16:47:11+00:00","breadcrumb":{"@id":"https:\/\/paracherkaoui.ma\/index.php\/produit\/uriage-bariesun-fluide-anti-taches-spf50-40-ml\/#breadcrumb"},"inLanguage":"fr-FR","potentialAction":[{"@type":"ReadAction","target":["https:\/\/paracherkaoui.ma\/index.php\/produit\/uriage-bariesun-fluide-anti-taches-spf50-40-ml\/"]}]},{"@type":"ImageObject","inLanguage":"fr-FR","@id":"https:\/\/paracherkaoui.ma\/index.php\/produit\/uriage-bariesun-fluide-anti-taches-spf50-40-ml\/#primaryimage","url":"https:\/\/paracherkaoui.ma\/wp-content\/uploads\/2025\/12\/uriage-uriage-bariesun-fluide-anti-taches-spf50-40-ml-cremes-depigmentantes.jpg","contentUrl":"https:\/\/paracherkaoui.ma\/wp-content\/uploads\/2025\/12\/uriage-uriage-bariesun-fluide-anti-taches-spf50-40-ml-cremes-depigmentantes.jpg","width":700,"height":700},{"@type":"BreadcrumbList","@id":"https:\/\/paracherkaoui.ma\/index.php\/produit\/uriage-bariesun-fluide-anti-taches-spf50-40-ml\/#breadcrumb","itemListElement":[{"@type":"ListItem","position":1,"name":"Accueil","item":"https:\/\/paracherkaoui.ma\/"},{"@type":"ListItem","position":2,"name":"Boutique","item":"https:\/\/paracherkaoui.ma\/index.php\/boutique\/"},{"@type":"ListItem","position":3,"name":"URIAGE BARIESUN FLUIDE ANTI TACHES SPF50+ 40 ML"}]},{"@type":"WebSite","@id":"https:\/\/paracherkaoui.ma\/#website","url":"https:\/\/paracherkaoui.ma\/","name":"Paracherkaoui.ma","description":"Achetez en ligne sur Paracherkaoui.ma","potentialAction":[{"@type":"SearchAction","target":{"@type":"EntryPoint","urlTemplate":"https:\/\/paracherkaoui.ma\/?s={search_term_string}"},"query-input":{"@type":"PropertyValueSpecification","valueRequired":true,"valueName":"search_term_string"}}],"inLanguage":"fr-FR"}]}},"_links":{"self":[{"href":"https:\/\/paracherkaoui.ma\/index.php\/wp-json\/wp\/v2\/product\/12952","targetHints":{"allow":["GET"]}}],"collection":[{"href":"https:\/\/paracherkaoui.ma\/index.php\/wp-json\/wp\/v2\/product"}],"about":[{"href":"https:\/\/paracherkaoui.ma\/index.php\/wp-json\/wp\/v2\/types\/product"}],"replies":[{"embeddable":true,"href":"https:\/\/paracherkaoui.ma\/index.php\/wp-json\/wp\/v2\/comments?post=12952"}],"version-history":[{"count":1,"href":"https:\/\/paracherkaoui.ma\/index.php\/wp-json\/wp\/v2\/product\/12952\/revisions"}],"predecessor-version":[{"id":12996,"href":"https:\/\/paracherkaoui.ma\/index.php\/wp-json\/wp\/v2\/product\/12952\/revisions\/12996"}],"wp:featuredmedia":[{"embeddable":true,"href":"https:\/\/paracherkaoui.ma\/index.php\/wp-json\/wp\/v2\/media\/12995"}],"wp:attachment":[{"href":"https:\/\/paracherkaoui.ma\/index.php\/wp-json\/wp\/v2\/media?parent=12952"}],"wp:term":[{"taxonomy":"product_brand","embeddable":true,"href":"https:\/\/paracherkaoui.ma\/index.php\/wp-json\/wp\/v2\/product_brand?post=12952"},{"taxonomy":"product_cat","embeddable":true,"href":"https:\/\/paracherkaoui.ma\/index.php\/wp-json\/wp\/v2\/product_cat?post=12952"},{"taxonomy":"product_tag","embeddable":true,"href":"https:\/\/paracherkaoui.ma\/index.php\/wp-json\/wp\/v2\/product_tag?post=12952"}],"curies":[{"name":"wp","href":"https:\/\/api.w.org\/{rel}","templated":true}]}}