{"id":12950,"date":"2025-12-12T17:47:09","date_gmt":"2025-12-12T16:47:09","guid":{"rendered":"https:\/\/test.ecbeaute.com\/?post_type=product&#038;p=12950"},"modified":"2025-12-12T17:47:11","modified_gmt":"2025-12-12T16:47:11","slug":"avene-creme-fini-invisible-spf-50-peaux-sensibles-seches-50-ml","status":"publish","type":"product","link":"https:\/\/paracherkaoui.ma\/index.php\/produit\/avene-creme-fini-invisible-spf-50-peaux-sensibles-seches-50-ml\/","title":{"rendered":"AVENE CREME FINI INVISIBLE SPF 50+ PEAUX SENSIBLES SECHES 50 ML"},"content":{"rendered":"<p>La Cr\u00e8me SPF 50+ offre une protection solaire quotidienne ultra large spectre. Elle est id\u00e9ale pour la peau sensible s\u00e8che du visage. Sa texture velout\u00e9e et fondante permet une hydratation du visage jusqu&rsquo;\u00e0 8 heures* laissant ainsi la peau nourrie et douce au toucher. La Cr\u00e8me SPF 50+ laisse sur la peau un fini imperceptible et non brillant \u00e0 l\u2019application et constitue une excellente base de maquillage au quotidien. Sa formule est \u00e9galement r\u00e9sistante \u00e0 l&rsquo;eau.<\/p>\n<p>Conseils d&rsquo;utilisation:<br \/>\nAvant toute exposition au soleil, appliquer uniform\u00e9ment sur la peau. Renouveler fr\u00e9quemment l\u2019application en cas d\u2019expositions prolong\u00e9es et apr\u00e8s chaque bain.L\u2019utilisation de ce produit ne doit pas inciter \u00e0 s\u2019exposer longtemps au soleil.\u00c9viter l\u2019exposition entre 12h et 16h.Les coups de soleil dont dangereux, surtout chez l\u2019enfant.<\/p>\n","protected":false},"excerpt":{"rendered":"<p>La Cr\u00e8me SPF 50+ offre une protection solaire quotidienne ultra large spectre. Elle est id\u00e9ale pour la peau sensible s\u00e8che<\/p>\n","protected":false},"featured_media":12991,"comment_status":"open","ping_status":"closed","template":"","meta":[],"product_brand":[136],"product_cat":[171],"product_tag":[],"class_list":{"0":"post-12950","1":"product","2":"type-product","3":"status-publish","4":"has-post-thumbnail","6":"product_brand-avene","7":"product_cat-protection-solaire-visage","9":"first","10":"instock","11":"sale","12":"shipping-taxable","13":"purchasable","14":"product-type-simple"},"yoast_head":"<!-- This site is optimized with the Yoast SEO plugin v26.6 - https:\/\/yoast.com\/wordpress\/plugins\/seo\/ -->\r\n<title>AVENE CREME FINI INVISIBLE SPF 50+ PEAUX SENSIBLES SECHES 50 ML - Paracherkaoui.ma<\/title>\r\n<meta name=\"robots\" content=\"index, follow, max-snippet:-1, max-image-preview:large, max-video-preview:-1\" \/>\r\n<link rel=\"canonical\" href=\"https:\/\/paracherkaoui.ma\/index.php\/produit\/avene-creme-fini-invisible-spf-50-peaux-sensibles-seches-50-ml\/\" \/>\r\n<meta property=\"og:locale\" content=\"fr_FR\" \/>\r\n<meta property=\"og:type\" content=\"article\" \/>\r\n<meta property=\"og:title\" content=\"AVENE CREME FINI INVISIBLE SPF 50+ PEAUX SENSIBLES SECHES 50 ML - Paracherkaoui.ma\" \/>\r\n<meta property=\"og:description\" content=\"La Cr\u00e8me SPF 50+ offre une protection solaire quotidienne ultra large spectre. Elle est id\u00e9ale pour la peau sensible s\u00e8che\" \/>\r\n<meta property=\"og:url\" content=\"https:\/\/paracherkaoui.ma\/index.php\/produit\/avene-creme-fini-invisible-spf-50-peaux-sensibles-seches-50-ml\/\" \/>\r\n<meta property=\"og:site_name\" content=\"Paracherkaoui.ma\" \/>\r\n<meta property=\"article:modified_time\" content=\"2025-12-12T16:47:11+00:00\" \/>\r\n<meta property=\"og:image\" content=\"https:\/\/paracherkaoui.ma\/wp-content\/uploads\/2025\/12\/avene-avene-creme-fini-invisible-spf-50-peaux-sensibles-seches-50-ml-cremes.jpg\" \/>\r\n\t<meta property=\"og:image:width\" content=\"700\" \/>\r\n\t<meta property=\"og:image:height\" content=\"700\" \/>\r\n\t<meta property=\"og:image:type\" content=\"image\/jpeg\" \/>\r\n<meta name=\"twitter:card\" content=\"summary_large_image\" \/>\r\n<meta name=\"twitter:label1\" content=\"Dur\u00e9e de lecture estim\u00e9e\" \/>\n\t<meta name=\"twitter:data1\" content=\"1 minute\" \/>\r\n<script type=\"application\/ld+json\" class=\"yoast-schema-graph\">{\"@context\":\"https:\/\/schema.org\",\"@graph\":[{\"@type\":\"WebPage\",\"@id\":\"https:\/\/paracherkaoui.ma\/index.php\/produit\/avene-creme-fini-invisible-spf-50-peaux-sensibles-seches-50-ml\/\",\"url\":\"https:\/\/paracherkaoui.ma\/index.php\/produit\/avene-creme-fini-invisible-spf-50-peaux-sensibles-seches-50-ml\/\",\"name\":\"AVENE CREME FINI INVISIBLE SPF 50+ PEAUX SENSIBLES SECHES 50 ML - Paracherkaoui.ma\",\"isPartOf\":{\"@id\":\"https:\/\/paracherkaoui.ma\/#website\"},\"primaryImageOfPage\":{\"@id\":\"https:\/\/paracherkaoui.ma\/index.php\/produit\/avene-creme-fini-invisible-spf-50-peaux-sensibles-seches-50-ml\/#primaryimage\"},\"image\":{\"@id\":\"https:\/\/paracherkaoui.ma\/index.php\/produit\/avene-creme-fini-invisible-spf-50-peaux-sensibles-seches-50-ml\/#primaryimage\"},\"thumbnailUrl\":\"https:\/\/paracherkaoui.ma\/wp-content\/uploads\/2025\/12\/avene-avene-creme-fini-invisible-spf-50-peaux-sensibles-seches-50-ml-cremes.jpg\",\"datePublished\":\"2025-12-12T16:47:09+00:00\",\"dateModified\":\"2025-12-12T16:47:11+00:00\",\"breadcrumb\":{\"@id\":\"https:\/\/paracherkaoui.ma\/index.php\/produit\/avene-creme-fini-invisible-spf-50-peaux-sensibles-seches-50-ml\/#breadcrumb\"},\"inLanguage\":\"fr-FR\",\"potentialAction\":[{\"@type\":\"ReadAction\",\"target\":[\"https:\/\/paracherkaoui.ma\/index.php\/produit\/avene-creme-fini-invisible-spf-50-peaux-sensibles-seches-50-ml\/\"]}]},{\"@type\":\"ImageObject\",\"inLanguage\":\"fr-FR\",\"@id\":\"https:\/\/paracherkaoui.ma\/index.php\/produit\/avene-creme-fini-invisible-spf-50-peaux-sensibles-seches-50-ml\/#primaryimage\",\"url\":\"https:\/\/paracherkaoui.ma\/wp-content\/uploads\/2025\/12\/avene-avene-creme-fini-invisible-spf-50-peaux-sensibles-seches-50-ml-cremes.jpg\",\"contentUrl\":\"https:\/\/paracherkaoui.ma\/wp-content\/uploads\/2025\/12\/avene-avene-creme-fini-invisible-spf-50-peaux-sensibles-seches-50-ml-cremes.jpg\",\"width\":700,\"height\":700},{\"@type\":\"BreadcrumbList\",\"@id\":\"https:\/\/paracherkaoui.ma\/index.php\/produit\/avene-creme-fini-invisible-spf-50-peaux-sensibles-seches-50-ml\/#breadcrumb\",\"itemListElement\":[{\"@type\":\"ListItem\",\"position\":1,\"name\":\"Accueil\",\"item\":\"https:\/\/paracherkaoui.ma\/\"},{\"@type\":\"ListItem\",\"position\":2,\"name\":\"Boutique\",\"item\":\"https:\/\/paracherkaoui.ma\/index.php\/boutique\/\"},{\"@type\":\"ListItem\",\"position\":3,\"name\":\"AVENE CREME FINI INVISIBLE SPF 50+ PEAUX SENSIBLES SECHES 50 ML\"}]},{\"@type\":\"WebSite\",\"@id\":\"https:\/\/paracherkaoui.ma\/#website\",\"url\":\"https:\/\/paracherkaoui.ma\/\",\"name\":\"Paracherkaoui.ma\",\"description\":\"Achetez en ligne sur Paracherkaoui.ma\",\"potentialAction\":[{\"@type\":\"SearchAction\",\"target\":{\"@type\":\"EntryPoint\",\"urlTemplate\":\"https:\/\/paracherkaoui.ma\/?s={search_term_string}\"},\"query-input\":{\"@type\":\"PropertyValueSpecification\",\"valueRequired\":true,\"valueName\":\"search_term_string\"}}],\"inLanguage\":\"fr-FR\"}]}<\/script>\r\n<!-- \/ Yoast SEO plugin. -->","yoast_head_json":{"title":"AVENE CREME FINI INVISIBLE SPF 50+ PEAUX SENSIBLES SECHES 50 ML - Paracherkaoui.ma","robots":{"index":"index","follow":"follow","max-snippet":"max-snippet:-1","max-image-preview":"max-image-preview:large","max-video-preview":"max-video-preview:-1"},"canonical":"https:\/\/paracherkaoui.ma\/index.php\/produit\/avene-creme-fini-invisible-spf-50-peaux-sensibles-seches-50-ml\/","og_locale":"fr_FR","og_type":"article","og_title":"AVENE CREME FINI INVISIBLE SPF 50+ PEAUX SENSIBLES SECHES 50 ML - Paracherkaoui.ma","og_description":"La Cr\u00e8me SPF 50+ offre une protection solaire quotidienne ultra large spectre. Elle est id\u00e9ale pour la peau sensible s\u00e8che","og_url":"https:\/\/paracherkaoui.ma\/index.php\/produit\/avene-creme-fini-invisible-spf-50-peaux-sensibles-seches-50-ml\/","og_site_name":"Paracherkaoui.ma","article_modified_time":"2025-12-12T16:47:11+00:00","og_image":[{"width":700,"height":700,"url":"https:\/\/paracherkaoui.ma\/wp-content\/uploads\/2025\/12\/avene-avene-creme-fini-invisible-spf-50-peaux-sensibles-seches-50-ml-cremes.jpg","type":"image\/jpeg"}],"twitter_card":"summary_large_image","twitter_misc":{"Dur\u00e9e de lecture estim\u00e9e":"1 minute"},"schema":{"@context":"https:\/\/schema.org","@graph":[{"@type":"WebPage","@id":"https:\/\/paracherkaoui.ma\/index.php\/produit\/avene-creme-fini-invisible-spf-50-peaux-sensibles-seches-50-ml\/","url":"https:\/\/paracherkaoui.ma\/index.php\/produit\/avene-creme-fini-invisible-spf-50-peaux-sensibles-seches-50-ml\/","name":"AVENE CREME FINI INVISIBLE SPF 50+ PEAUX SENSIBLES SECHES 50 ML - Paracherkaoui.ma","isPartOf":{"@id":"https:\/\/paracherkaoui.ma\/#website"},"primaryImageOfPage":{"@id":"https:\/\/paracherkaoui.ma\/index.php\/produit\/avene-creme-fini-invisible-spf-50-peaux-sensibles-seches-50-ml\/#primaryimage"},"image":{"@id":"https:\/\/paracherkaoui.ma\/index.php\/produit\/avene-creme-fini-invisible-spf-50-peaux-sensibles-seches-50-ml\/#primaryimage"},"thumbnailUrl":"https:\/\/paracherkaoui.ma\/wp-content\/uploads\/2025\/12\/avene-avene-creme-fini-invisible-spf-50-peaux-sensibles-seches-50-ml-cremes.jpg","datePublished":"2025-12-12T16:47:09+00:00","dateModified":"2025-12-12T16:47:11+00:00","breadcrumb":{"@id":"https:\/\/paracherkaoui.ma\/index.php\/produit\/avene-creme-fini-invisible-spf-50-peaux-sensibles-seches-50-ml\/#breadcrumb"},"inLanguage":"fr-FR","potentialAction":[{"@type":"ReadAction","target":["https:\/\/paracherkaoui.ma\/index.php\/produit\/avene-creme-fini-invisible-spf-50-peaux-sensibles-seches-50-ml\/"]}]},{"@type":"ImageObject","inLanguage":"fr-FR","@id":"https:\/\/paracherkaoui.ma\/index.php\/produit\/avene-creme-fini-invisible-spf-50-peaux-sensibles-seches-50-ml\/#primaryimage","url":"https:\/\/paracherkaoui.ma\/wp-content\/uploads\/2025\/12\/avene-avene-creme-fini-invisible-spf-50-peaux-sensibles-seches-50-ml-cremes.jpg","contentUrl":"https:\/\/paracherkaoui.ma\/wp-content\/uploads\/2025\/12\/avene-avene-creme-fini-invisible-spf-50-peaux-sensibles-seches-50-ml-cremes.jpg","width":700,"height":700},{"@type":"BreadcrumbList","@id":"https:\/\/paracherkaoui.ma\/index.php\/produit\/avene-creme-fini-invisible-spf-50-peaux-sensibles-seches-50-ml\/#breadcrumb","itemListElement":[{"@type":"ListItem","position":1,"name":"Accueil","item":"https:\/\/paracherkaoui.ma\/"},{"@type":"ListItem","position":2,"name":"Boutique","item":"https:\/\/paracherkaoui.ma\/index.php\/boutique\/"},{"@type":"ListItem","position":3,"name":"AVENE CREME FINI INVISIBLE SPF 50+ PEAUX SENSIBLES SECHES 50 ML"}]},{"@type":"WebSite","@id":"https:\/\/paracherkaoui.ma\/#website","url":"https:\/\/paracherkaoui.ma\/","name":"Paracherkaoui.ma","description":"Achetez en ligne sur Paracherkaoui.ma","potentialAction":[{"@type":"SearchAction","target":{"@type":"EntryPoint","urlTemplate":"https:\/\/paracherkaoui.ma\/?s={search_term_string}"},"query-input":{"@type":"PropertyValueSpecification","valueRequired":true,"valueName":"search_term_string"}}],"inLanguage":"fr-FR"}]}},"_links":{"self":[{"href":"https:\/\/paracherkaoui.ma\/index.php\/wp-json\/wp\/v2\/product\/12950","targetHints":{"allow":["GET"]}}],"collection":[{"href":"https:\/\/paracherkaoui.ma\/index.php\/wp-json\/wp\/v2\/product"}],"about":[{"href":"https:\/\/paracherkaoui.ma\/index.php\/wp-json\/wp\/v2\/types\/product"}],"replies":[{"embeddable":true,"href":"https:\/\/paracherkaoui.ma\/index.php\/wp-json\/wp\/v2\/comments?post=12950"}],"version-history":[{"count":1,"href":"https:\/\/paracherkaoui.ma\/index.php\/wp-json\/wp\/v2\/product\/12950\/revisions"}],"predecessor-version":[{"id":12992,"href":"https:\/\/paracherkaoui.ma\/index.php\/wp-json\/wp\/v2\/product\/12950\/revisions\/12992"}],"wp:featuredmedia":[{"embeddable":true,"href":"https:\/\/paracherkaoui.ma\/index.php\/wp-json\/wp\/v2\/media\/12991"}],"wp:attachment":[{"href":"https:\/\/paracherkaoui.ma\/index.php\/wp-json\/wp\/v2\/media?parent=12950"}],"wp:term":[{"taxonomy":"product_brand","embeddable":true,"href":"https:\/\/paracherkaoui.ma\/index.php\/wp-json\/wp\/v2\/product_brand?post=12950"},{"taxonomy":"product_cat","embeddable":true,"href":"https:\/\/paracherkaoui.ma\/index.php\/wp-json\/wp\/v2\/product_cat?post=12950"},{"taxonomy":"product_tag","embeddable":true,"href":"https:\/\/paracherkaoui.ma\/index.php\/wp-json\/wp\/v2\/product_tag?post=12950"}],"curies":[{"name":"wp","href":"https:\/\/api.w.org\/{rel}","templated":true}]}}