{"id":12940,"date":"2025-12-12T17:47:08","date_gmt":"2025-12-12T16:47:08","guid":{"rendered":"https:\/\/test.ecbeaute.com\/?post_type=product&#038;p=12940"},"modified":"2025-12-12T17:47:10","modified_gmt":"2025-12-12T16:47:10","slug":"svr-sun-secure-hydratant-invisible-spf-50-spray-pocket-20-ml","status":"publish","type":"product","link":"https:\/\/paracherkaoui.ma\/index.php\/produit\/svr-sun-secure-hydratant-invisible-spf-50-spray-pocket-20-ml\/","title":{"rendered":"SVR SUN SECURE HYDRATANT INVISIBLE SPF 50+ SPRAY POCKET 20 ML"},"content":{"rendered":"<p>Le Spray Pocket SPF50+ Sun Secure de SVR\u00a0offre une tr\u00e8s haute protection dermatologique int\u00e9grant cette nouvelle association de filtre brevet\u00e9e1 respectueuse de l\u2019environnement marin. Ce soin est con\u00e7u pour les peaux hypersensibles au soleil de toute la famille et est con\u00e7u pour le visage et les zones sensibles expos\u00e9es (nez, pommettes, oreilles, mains\u2026).<br \/>\nConseils d&rsquo;utilisation:<br \/>\nAppliquer g\u00e9n\u00e9reusement et uniform\u00e9ment avant l\u2019exposition. Renouveler fr\u00e9quemment l\u2019application pour maintenir la protection, surtout apr\u00e8s avoir transpir\u00e9, nag\u00e9 ou s\u2019\u00eatre essuy\u00e9.<\/p>\n","protected":false},"excerpt":{"rendered":"<p>Le Spray Pocket SPF50+ Sun Secure de SVR\u00a0offre une tr\u00e8s haute protection dermatologique int\u00e9grant cette nouvelle association de filtre brevet\u00e9e1<\/p>\n","protected":false},"featured_media":12973,"comment_status":"open","ping_status":"closed","template":"","meta":[],"product_brand":[133],"product_cat":[171],"product_tag":[],"class_list":{"0":"post-12940","1":"product","2":"type-product","3":"status-publish","4":"has-post-thumbnail","6":"product_brand-svr","7":"product_cat-protection-solaire-visage","9":"first","10":"instock","11":"sale","12":"shipping-taxable","13":"purchasable","14":"product-type-simple"},"yoast_head":"<!-- This site is optimized with the Yoast SEO plugin v26.6 - https:\/\/yoast.com\/wordpress\/plugins\/seo\/ -->\r\n<title>SVR SUN SECURE HYDRATANT INVISIBLE SPF 50+ SPRAY POCKET 20 ML - Paracherkaoui.ma<\/title>\r\n<meta name=\"robots\" content=\"index, follow, max-snippet:-1, max-image-preview:large, max-video-preview:-1\" \/>\r\n<link rel=\"canonical\" href=\"https:\/\/paracherkaoui.ma\/index.php\/produit\/svr-sun-secure-hydratant-invisible-spf-50-spray-pocket-20-ml\/\" \/>\r\n<meta property=\"og:locale\" content=\"fr_FR\" \/>\r\n<meta property=\"og:type\" content=\"article\" \/>\r\n<meta property=\"og:title\" content=\"SVR SUN SECURE HYDRATANT INVISIBLE SPF 50+ SPRAY POCKET 20 ML - Paracherkaoui.ma\" \/>\r\n<meta property=\"og:description\" content=\"Le Spray Pocket SPF50+ Sun Secure de SVR\u00a0offre une tr\u00e8s haute protection dermatologique int\u00e9grant cette nouvelle association de filtre brevet\u00e9e1\" \/>\r\n<meta property=\"og:url\" content=\"https:\/\/paracherkaoui.ma\/index.php\/produit\/svr-sun-secure-hydratant-invisible-spf-50-spray-pocket-20-ml\/\" \/>\r\n<meta property=\"og:site_name\" content=\"Paracherkaoui.ma\" \/>\r\n<meta property=\"article:modified_time\" content=\"2025-12-12T16:47:10+00:00\" \/>\r\n<meta property=\"og:image\" content=\"https:\/\/paracherkaoui.ma\/wp-content\/uploads\/2025\/12\/svr-svr-sun-secure-hydratant-invisible-spf-50-spray-pocket-20-ml-spray-solaire.jpg\" \/>\r\n\t<meta property=\"og:image:width\" content=\"700\" \/>\r\n\t<meta property=\"og:image:height\" content=\"700\" \/>\r\n\t<meta property=\"og:image:type\" content=\"image\/jpeg\" \/>\r\n<meta name=\"twitter:card\" content=\"summary_large_image\" \/>\r\n<script type=\"application\/ld+json\" class=\"yoast-schema-graph\">{\"@context\":\"https:\/\/schema.org\",\"@graph\":[{\"@type\":\"WebPage\",\"@id\":\"https:\/\/paracherkaoui.ma\/index.php\/produit\/svr-sun-secure-hydratant-invisible-spf-50-spray-pocket-20-ml\/\",\"url\":\"https:\/\/paracherkaoui.ma\/index.php\/produit\/svr-sun-secure-hydratant-invisible-spf-50-spray-pocket-20-ml\/\",\"name\":\"SVR SUN SECURE HYDRATANT INVISIBLE SPF 50+ SPRAY POCKET 20 ML - Paracherkaoui.ma\",\"isPartOf\":{\"@id\":\"https:\/\/paracherkaoui.ma\/#website\"},\"primaryImageOfPage\":{\"@id\":\"https:\/\/paracherkaoui.ma\/index.php\/produit\/svr-sun-secure-hydratant-invisible-spf-50-spray-pocket-20-ml\/#primaryimage\"},\"image\":{\"@id\":\"https:\/\/paracherkaoui.ma\/index.php\/produit\/svr-sun-secure-hydratant-invisible-spf-50-spray-pocket-20-ml\/#primaryimage\"},\"thumbnailUrl\":\"https:\/\/paracherkaoui.ma\/wp-content\/uploads\/2025\/12\/svr-svr-sun-secure-hydratant-invisible-spf-50-spray-pocket-20-ml-spray-solaire.jpg\",\"datePublished\":\"2025-12-12T16:47:08+00:00\",\"dateModified\":\"2025-12-12T16:47:10+00:00\",\"breadcrumb\":{\"@id\":\"https:\/\/paracherkaoui.ma\/index.php\/produit\/svr-sun-secure-hydratant-invisible-spf-50-spray-pocket-20-ml\/#breadcrumb\"},\"inLanguage\":\"fr-FR\",\"potentialAction\":[{\"@type\":\"ReadAction\",\"target\":[\"https:\/\/paracherkaoui.ma\/index.php\/produit\/svr-sun-secure-hydratant-invisible-spf-50-spray-pocket-20-ml\/\"]}]},{\"@type\":\"ImageObject\",\"inLanguage\":\"fr-FR\",\"@id\":\"https:\/\/paracherkaoui.ma\/index.php\/produit\/svr-sun-secure-hydratant-invisible-spf-50-spray-pocket-20-ml\/#primaryimage\",\"url\":\"https:\/\/paracherkaoui.ma\/wp-content\/uploads\/2025\/12\/svr-svr-sun-secure-hydratant-invisible-spf-50-spray-pocket-20-ml-spray-solaire.jpg\",\"contentUrl\":\"https:\/\/paracherkaoui.ma\/wp-content\/uploads\/2025\/12\/svr-svr-sun-secure-hydratant-invisible-spf-50-spray-pocket-20-ml-spray-solaire.jpg\",\"width\":700,\"height\":700},{\"@type\":\"BreadcrumbList\",\"@id\":\"https:\/\/paracherkaoui.ma\/index.php\/produit\/svr-sun-secure-hydratant-invisible-spf-50-spray-pocket-20-ml\/#breadcrumb\",\"itemListElement\":[{\"@type\":\"ListItem\",\"position\":1,\"name\":\"Accueil\",\"item\":\"https:\/\/paracherkaoui.ma\/\"},{\"@type\":\"ListItem\",\"position\":2,\"name\":\"Boutique\",\"item\":\"https:\/\/paracherkaoui.ma\/index.php\/boutique\/\"},{\"@type\":\"ListItem\",\"position\":3,\"name\":\"SVR SUN SECURE HYDRATANT INVISIBLE SPF 50+ SPRAY POCKET 20 ML\"}]},{\"@type\":\"WebSite\",\"@id\":\"https:\/\/paracherkaoui.ma\/#website\",\"url\":\"https:\/\/paracherkaoui.ma\/\",\"name\":\"Paracherkaoui.ma\",\"description\":\"Achetez en ligne sur Paracherkaoui.ma\",\"potentialAction\":[{\"@type\":\"SearchAction\",\"target\":{\"@type\":\"EntryPoint\",\"urlTemplate\":\"https:\/\/paracherkaoui.ma\/?s={search_term_string}\"},\"query-input\":{\"@type\":\"PropertyValueSpecification\",\"valueRequired\":true,\"valueName\":\"search_term_string\"}}],\"inLanguage\":\"fr-FR\"}]}<\/script>\r\n<!-- \/ Yoast SEO plugin. -->","yoast_head_json":{"title":"SVR SUN SECURE HYDRATANT INVISIBLE SPF 50+ SPRAY POCKET 20 ML - Paracherkaoui.ma","robots":{"index":"index","follow":"follow","max-snippet":"max-snippet:-1","max-image-preview":"max-image-preview:large","max-video-preview":"max-video-preview:-1"},"canonical":"https:\/\/paracherkaoui.ma\/index.php\/produit\/svr-sun-secure-hydratant-invisible-spf-50-spray-pocket-20-ml\/","og_locale":"fr_FR","og_type":"article","og_title":"SVR SUN SECURE HYDRATANT INVISIBLE SPF 50+ SPRAY POCKET 20 ML - Paracherkaoui.ma","og_description":"Le Spray Pocket SPF50+ Sun Secure de SVR\u00a0offre une tr\u00e8s haute protection dermatologique int\u00e9grant cette nouvelle association de filtre brevet\u00e9e1","og_url":"https:\/\/paracherkaoui.ma\/index.php\/produit\/svr-sun-secure-hydratant-invisible-spf-50-spray-pocket-20-ml\/","og_site_name":"Paracherkaoui.ma","article_modified_time":"2025-12-12T16:47:10+00:00","og_image":[{"width":700,"height":700,"url":"https:\/\/paracherkaoui.ma\/wp-content\/uploads\/2025\/12\/svr-svr-sun-secure-hydratant-invisible-spf-50-spray-pocket-20-ml-spray-solaire.jpg","type":"image\/jpeg"}],"twitter_card":"summary_large_image","schema":{"@context":"https:\/\/schema.org","@graph":[{"@type":"WebPage","@id":"https:\/\/paracherkaoui.ma\/index.php\/produit\/svr-sun-secure-hydratant-invisible-spf-50-spray-pocket-20-ml\/","url":"https:\/\/paracherkaoui.ma\/index.php\/produit\/svr-sun-secure-hydratant-invisible-spf-50-spray-pocket-20-ml\/","name":"SVR SUN SECURE HYDRATANT INVISIBLE SPF 50+ SPRAY POCKET 20 ML - Paracherkaoui.ma","isPartOf":{"@id":"https:\/\/paracherkaoui.ma\/#website"},"primaryImageOfPage":{"@id":"https:\/\/paracherkaoui.ma\/index.php\/produit\/svr-sun-secure-hydratant-invisible-spf-50-spray-pocket-20-ml\/#primaryimage"},"image":{"@id":"https:\/\/paracherkaoui.ma\/index.php\/produit\/svr-sun-secure-hydratant-invisible-spf-50-spray-pocket-20-ml\/#primaryimage"},"thumbnailUrl":"https:\/\/paracherkaoui.ma\/wp-content\/uploads\/2025\/12\/svr-svr-sun-secure-hydratant-invisible-spf-50-spray-pocket-20-ml-spray-solaire.jpg","datePublished":"2025-12-12T16:47:08+00:00","dateModified":"2025-12-12T16:47:10+00:00","breadcrumb":{"@id":"https:\/\/paracherkaoui.ma\/index.php\/produit\/svr-sun-secure-hydratant-invisible-spf-50-spray-pocket-20-ml\/#breadcrumb"},"inLanguage":"fr-FR","potentialAction":[{"@type":"ReadAction","target":["https:\/\/paracherkaoui.ma\/index.php\/produit\/svr-sun-secure-hydratant-invisible-spf-50-spray-pocket-20-ml\/"]}]},{"@type":"ImageObject","inLanguage":"fr-FR","@id":"https:\/\/paracherkaoui.ma\/index.php\/produit\/svr-sun-secure-hydratant-invisible-spf-50-spray-pocket-20-ml\/#primaryimage","url":"https:\/\/paracherkaoui.ma\/wp-content\/uploads\/2025\/12\/svr-svr-sun-secure-hydratant-invisible-spf-50-spray-pocket-20-ml-spray-solaire.jpg","contentUrl":"https:\/\/paracherkaoui.ma\/wp-content\/uploads\/2025\/12\/svr-svr-sun-secure-hydratant-invisible-spf-50-spray-pocket-20-ml-spray-solaire.jpg","width":700,"height":700},{"@type":"BreadcrumbList","@id":"https:\/\/paracherkaoui.ma\/index.php\/produit\/svr-sun-secure-hydratant-invisible-spf-50-spray-pocket-20-ml\/#breadcrumb","itemListElement":[{"@type":"ListItem","position":1,"name":"Accueil","item":"https:\/\/paracherkaoui.ma\/"},{"@type":"ListItem","position":2,"name":"Boutique","item":"https:\/\/paracherkaoui.ma\/index.php\/boutique\/"},{"@type":"ListItem","position":3,"name":"SVR SUN SECURE HYDRATANT INVISIBLE SPF 50+ SPRAY POCKET 20 ML"}]},{"@type":"WebSite","@id":"https:\/\/paracherkaoui.ma\/#website","url":"https:\/\/paracherkaoui.ma\/","name":"Paracherkaoui.ma","description":"Achetez en ligne sur Paracherkaoui.ma","potentialAction":[{"@type":"SearchAction","target":{"@type":"EntryPoint","urlTemplate":"https:\/\/paracherkaoui.ma\/?s={search_term_string}"},"query-input":{"@type":"PropertyValueSpecification","valueRequired":true,"valueName":"search_term_string"}}],"inLanguage":"fr-FR"}]}},"_links":{"self":[{"href":"https:\/\/paracherkaoui.ma\/index.php\/wp-json\/wp\/v2\/product\/12940","targetHints":{"allow":["GET"]}}],"collection":[{"href":"https:\/\/paracherkaoui.ma\/index.php\/wp-json\/wp\/v2\/product"}],"about":[{"href":"https:\/\/paracherkaoui.ma\/index.php\/wp-json\/wp\/v2\/types\/product"}],"replies":[{"embeddable":true,"href":"https:\/\/paracherkaoui.ma\/index.php\/wp-json\/wp\/v2\/comments?post=12940"}],"version-history":[{"count":1,"href":"https:\/\/paracherkaoui.ma\/index.php\/wp-json\/wp\/v2\/product\/12940\/revisions"}],"predecessor-version":[{"id":12974,"href":"https:\/\/paracherkaoui.ma\/index.php\/wp-json\/wp\/v2\/product\/12940\/revisions\/12974"}],"wp:featuredmedia":[{"embeddable":true,"href":"https:\/\/paracherkaoui.ma\/index.php\/wp-json\/wp\/v2\/media\/12973"}],"wp:attachment":[{"href":"https:\/\/paracherkaoui.ma\/index.php\/wp-json\/wp\/v2\/media?parent=12940"}],"wp:term":[{"taxonomy":"product_brand","embeddable":true,"href":"https:\/\/paracherkaoui.ma\/index.php\/wp-json\/wp\/v2\/product_brand?post=12940"},{"taxonomy":"product_cat","embeddable":true,"href":"https:\/\/paracherkaoui.ma\/index.php\/wp-json\/wp\/v2\/product_cat?post=12940"},{"taxonomy":"product_tag","embeddable":true,"href":"https:\/\/paracherkaoui.ma\/index.php\/wp-json\/wp\/v2\/product_tag?post=12940"}],"curies":[{"name":"wp","href":"https:\/\/api.w.org\/{rel}","templated":true}]}}