{"id":12939,"date":"2025-12-12T17:47:08","date_gmt":"2025-12-12T16:47:08","guid":{"rendered":"https:\/\/test.ecbeaute.com\/?post_type=product&#038;p=12939"},"modified":"2025-12-12T17:47:10","modified_gmt":"2025-12-12T16:47:10","slug":"uriage-bariesun-spray-invisible-spf50-200-ml","status":"publish","type":"product","link":"https:\/\/paracherkaoui.ma\/index.php\/produit\/uriage-bariesun-spray-invisible-spf50-200-ml\/","title":{"rendered":"URIAGE BARIESUN SPRAY INVISIBLE SPF50+ 200 ML"},"content":{"rendered":"<p>Gr\u00e2ce \u00e0 un complexe filtrant tr\u00e8s performant, le spray Bariesun Spf50+ de Uriage apporte une tr\u00e8s haute protection contre les UVA, les UVB, les radicaux libres et pr\u00e9vient du dess\u00e8chement cutan\u00e9. Sa texture l\u00e9g\u00e8re, non grasse et agr\u00e9ablement parfum\u00e9e, garantit un plaisir d\u2019utilisation renouvel\u00e9 \u00e0 chaque application. Ce soin garantit une haute s\u00e9curit\u00e9, une grande tol\u00e9rance et une p\u00e9n\u00e9tration rapide.<\/p>\n<p>CONSEILS D&rsquo;UTILISATION :<\/p>\n<p>Avant l\u2019exposition, appliquez g\u00e9n\u00e9reusement et de fa\u00e7on homog\u00e8ne le Spray Bariesun Spf50+ de Uriage, afin de bien couvrir la zone expos\u00e9e au soleil. Renouveler g\u00e9n\u00e9reusement toutes les 2 heures et apr\u00e8s chaque baignade.<br \/>\n(une quantit\u00e9 r\u00e9duite de produit diminue le niveau de protection solaire).<br \/>\nNe restez pas trop longtemps au soleil, m\u00eame si vous utilisez un produit de protection solaire<br \/>\nN\u2019exposez pas les b\u00e9b\u00e9s et les jeunes enfants directement au soleil<br \/>\nL&rsquo;abus de soleil est nuisible \u00e0 la sant\u00e9<\/p>\n<p>COMPOSITION :<\/p>\n<p>Eau Thermale d\u2019Uriage<br \/>\nNouveau Complexe filtrant anti UVA-UVB<br \/>\nVitamines C et E<br \/>\nAquaspongines<br \/>\nParfum<\/p>\n","protected":false},"excerpt":{"rendered":"<p>Gr\u00e2ce \u00e0 un complexe filtrant tr\u00e8s performant, le spray Bariesun Spf50+ de Uriage apporte une tr\u00e8s haute protection contre les<\/p>\n","protected":false},"featured_media":12971,"comment_status":"open","ping_status":"closed","template":"","meta":[],"product_brand":[130],"product_cat":[171],"product_tag":[],"class_list":{"0":"post-12939","1":"product","2":"type-product","3":"status-publish","4":"has-post-thumbnail","6":"product_brand-uriage","7":"product_cat-protection-solaire-visage","9":"first","10":"instock","11":"sale","12":"shipping-taxable","13":"purchasable","14":"product-type-simple"},"yoast_head":"<!-- This site is optimized with the Yoast SEO plugin v26.6 - https:\/\/yoast.com\/wordpress\/plugins\/seo\/ -->\r\n<title>URIAGE BARIESUN SPRAY INVISIBLE SPF50+ 200 ML - Paracherkaoui.ma<\/title>\r\n<meta name=\"robots\" content=\"index, follow, max-snippet:-1, max-image-preview:large, max-video-preview:-1\" \/>\r\n<link rel=\"canonical\" href=\"https:\/\/paracherkaoui.ma\/index.php\/produit\/uriage-bariesun-spray-invisible-spf50-200-ml\/\" \/>\r\n<meta property=\"og:locale\" content=\"fr_FR\" \/>\r\n<meta property=\"og:type\" content=\"article\" \/>\r\n<meta property=\"og:title\" content=\"URIAGE BARIESUN SPRAY INVISIBLE SPF50+ 200 ML - Paracherkaoui.ma\" \/>\r\n<meta property=\"og:description\" content=\"Gr\u00e2ce \u00e0 un complexe filtrant tr\u00e8s performant, le spray Bariesun Spf50+ de Uriage apporte une tr\u00e8s haute protection contre les\" \/>\r\n<meta property=\"og:url\" content=\"https:\/\/paracherkaoui.ma\/index.php\/produit\/uriage-bariesun-spray-invisible-spf50-200-ml\/\" \/>\r\n<meta property=\"og:site_name\" content=\"Paracherkaoui.ma\" \/>\r\n<meta property=\"article:modified_time\" content=\"2025-12-12T16:47:10+00:00\" \/>\r\n<meta property=\"og:image\" content=\"https:\/\/paracherkaoui.ma\/wp-content\/uploads\/2025\/12\/uriage-bariesun-spray-invisible-spf50-200-ml.jpg\" \/>\r\n\t<meta property=\"og:image:width\" content=\"700\" \/>\r\n\t<meta property=\"og:image:height\" content=\"700\" \/>\r\n\t<meta property=\"og:image:type\" content=\"image\/jpeg\" \/>\r\n<meta name=\"twitter:card\" content=\"summary_large_image\" \/>\r\n<meta name=\"twitter:label1\" content=\"Dur\u00e9e de lecture estim\u00e9e\" \/>\n\t<meta name=\"twitter:data1\" content=\"1 minute\" \/>\r\n<script type=\"application\/ld+json\" class=\"yoast-schema-graph\">{\"@context\":\"https:\/\/schema.org\",\"@graph\":[{\"@type\":\"WebPage\",\"@id\":\"https:\/\/paracherkaoui.ma\/index.php\/produit\/uriage-bariesun-spray-invisible-spf50-200-ml\/\",\"url\":\"https:\/\/paracherkaoui.ma\/index.php\/produit\/uriage-bariesun-spray-invisible-spf50-200-ml\/\",\"name\":\"URIAGE BARIESUN SPRAY INVISIBLE SPF50+ 200 ML - Paracherkaoui.ma\",\"isPartOf\":{\"@id\":\"https:\/\/paracherkaoui.ma\/#website\"},\"primaryImageOfPage\":{\"@id\":\"https:\/\/paracherkaoui.ma\/index.php\/produit\/uriage-bariesun-spray-invisible-spf50-200-ml\/#primaryimage\"},\"image\":{\"@id\":\"https:\/\/paracherkaoui.ma\/index.php\/produit\/uriage-bariesun-spray-invisible-spf50-200-ml\/#primaryimage\"},\"thumbnailUrl\":\"https:\/\/paracherkaoui.ma\/wp-content\/uploads\/2025\/12\/uriage-bariesun-spray-invisible-spf50-200-ml.jpg\",\"datePublished\":\"2025-12-12T16:47:08+00:00\",\"dateModified\":\"2025-12-12T16:47:10+00:00\",\"breadcrumb\":{\"@id\":\"https:\/\/paracherkaoui.ma\/index.php\/produit\/uriage-bariesun-spray-invisible-spf50-200-ml\/#breadcrumb\"},\"inLanguage\":\"fr-FR\",\"potentialAction\":[{\"@type\":\"ReadAction\",\"target\":[\"https:\/\/paracherkaoui.ma\/index.php\/produit\/uriage-bariesun-spray-invisible-spf50-200-ml\/\"]}]},{\"@type\":\"ImageObject\",\"inLanguage\":\"fr-FR\",\"@id\":\"https:\/\/paracherkaoui.ma\/index.php\/produit\/uriage-bariesun-spray-invisible-spf50-200-ml\/#primaryimage\",\"url\":\"https:\/\/paracherkaoui.ma\/wp-content\/uploads\/2025\/12\/uriage-bariesun-spray-invisible-spf50-200-ml.jpg\",\"contentUrl\":\"https:\/\/paracherkaoui.ma\/wp-content\/uploads\/2025\/12\/uriage-bariesun-spray-invisible-spf50-200-ml.jpg\",\"width\":700,\"height\":700},{\"@type\":\"BreadcrumbList\",\"@id\":\"https:\/\/paracherkaoui.ma\/index.php\/produit\/uriage-bariesun-spray-invisible-spf50-200-ml\/#breadcrumb\",\"itemListElement\":[{\"@type\":\"ListItem\",\"position\":1,\"name\":\"Accueil\",\"item\":\"https:\/\/paracherkaoui.ma\/\"},{\"@type\":\"ListItem\",\"position\":2,\"name\":\"Boutique\",\"item\":\"https:\/\/paracherkaoui.ma\/index.php\/boutique\/\"},{\"@type\":\"ListItem\",\"position\":3,\"name\":\"URIAGE BARIESUN SPRAY INVISIBLE SPF50+ 200 ML\"}]},{\"@type\":\"WebSite\",\"@id\":\"https:\/\/paracherkaoui.ma\/#website\",\"url\":\"https:\/\/paracherkaoui.ma\/\",\"name\":\"Paracherkaoui.ma\",\"description\":\"Achetez en ligne sur Paracherkaoui.ma\",\"potentialAction\":[{\"@type\":\"SearchAction\",\"target\":{\"@type\":\"EntryPoint\",\"urlTemplate\":\"https:\/\/paracherkaoui.ma\/?s={search_term_string}\"},\"query-input\":{\"@type\":\"PropertyValueSpecification\",\"valueRequired\":true,\"valueName\":\"search_term_string\"}}],\"inLanguage\":\"fr-FR\"}]}<\/script>\r\n<!-- \/ Yoast SEO plugin. -->","yoast_head_json":{"title":"URIAGE BARIESUN SPRAY INVISIBLE SPF50+ 200 ML - Paracherkaoui.ma","robots":{"index":"index","follow":"follow","max-snippet":"max-snippet:-1","max-image-preview":"max-image-preview:large","max-video-preview":"max-video-preview:-1"},"canonical":"https:\/\/paracherkaoui.ma\/index.php\/produit\/uriage-bariesun-spray-invisible-spf50-200-ml\/","og_locale":"fr_FR","og_type":"article","og_title":"URIAGE BARIESUN SPRAY INVISIBLE SPF50+ 200 ML - Paracherkaoui.ma","og_description":"Gr\u00e2ce \u00e0 un complexe filtrant tr\u00e8s performant, le spray Bariesun Spf50+ de Uriage apporte une tr\u00e8s haute protection contre les","og_url":"https:\/\/paracherkaoui.ma\/index.php\/produit\/uriage-bariesun-spray-invisible-spf50-200-ml\/","og_site_name":"Paracherkaoui.ma","article_modified_time":"2025-12-12T16:47:10+00:00","og_image":[{"width":700,"height":700,"url":"https:\/\/paracherkaoui.ma\/wp-content\/uploads\/2025\/12\/uriage-bariesun-spray-invisible-spf50-200-ml.jpg","type":"image\/jpeg"}],"twitter_card":"summary_large_image","twitter_misc":{"Dur\u00e9e de lecture estim\u00e9e":"1 minute"},"schema":{"@context":"https:\/\/schema.org","@graph":[{"@type":"WebPage","@id":"https:\/\/paracherkaoui.ma\/index.php\/produit\/uriage-bariesun-spray-invisible-spf50-200-ml\/","url":"https:\/\/paracherkaoui.ma\/index.php\/produit\/uriage-bariesun-spray-invisible-spf50-200-ml\/","name":"URIAGE BARIESUN SPRAY INVISIBLE SPF50+ 200 ML - Paracherkaoui.ma","isPartOf":{"@id":"https:\/\/paracherkaoui.ma\/#website"},"primaryImageOfPage":{"@id":"https:\/\/paracherkaoui.ma\/index.php\/produit\/uriage-bariesun-spray-invisible-spf50-200-ml\/#primaryimage"},"image":{"@id":"https:\/\/paracherkaoui.ma\/index.php\/produit\/uriage-bariesun-spray-invisible-spf50-200-ml\/#primaryimage"},"thumbnailUrl":"https:\/\/paracherkaoui.ma\/wp-content\/uploads\/2025\/12\/uriage-bariesun-spray-invisible-spf50-200-ml.jpg","datePublished":"2025-12-12T16:47:08+00:00","dateModified":"2025-12-12T16:47:10+00:00","breadcrumb":{"@id":"https:\/\/paracherkaoui.ma\/index.php\/produit\/uriage-bariesun-spray-invisible-spf50-200-ml\/#breadcrumb"},"inLanguage":"fr-FR","potentialAction":[{"@type":"ReadAction","target":["https:\/\/paracherkaoui.ma\/index.php\/produit\/uriage-bariesun-spray-invisible-spf50-200-ml\/"]}]},{"@type":"ImageObject","inLanguage":"fr-FR","@id":"https:\/\/paracherkaoui.ma\/index.php\/produit\/uriage-bariesun-spray-invisible-spf50-200-ml\/#primaryimage","url":"https:\/\/paracherkaoui.ma\/wp-content\/uploads\/2025\/12\/uriage-bariesun-spray-invisible-spf50-200-ml.jpg","contentUrl":"https:\/\/paracherkaoui.ma\/wp-content\/uploads\/2025\/12\/uriage-bariesun-spray-invisible-spf50-200-ml.jpg","width":700,"height":700},{"@type":"BreadcrumbList","@id":"https:\/\/paracherkaoui.ma\/index.php\/produit\/uriage-bariesun-spray-invisible-spf50-200-ml\/#breadcrumb","itemListElement":[{"@type":"ListItem","position":1,"name":"Accueil","item":"https:\/\/paracherkaoui.ma\/"},{"@type":"ListItem","position":2,"name":"Boutique","item":"https:\/\/paracherkaoui.ma\/index.php\/boutique\/"},{"@type":"ListItem","position":3,"name":"URIAGE BARIESUN SPRAY INVISIBLE SPF50+ 200 ML"}]},{"@type":"WebSite","@id":"https:\/\/paracherkaoui.ma\/#website","url":"https:\/\/paracherkaoui.ma\/","name":"Paracherkaoui.ma","description":"Achetez en ligne sur Paracherkaoui.ma","potentialAction":[{"@type":"SearchAction","target":{"@type":"EntryPoint","urlTemplate":"https:\/\/paracherkaoui.ma\/?s={search_term_string}"},"query-input":{"@type":"PropertyValueSpecification","valueRequired":true,"valueName":"search_term_string"}}],"inLanguage":"fr-FR"}]}},"_links":{"self":[{"href":"https:\/\/paracherkaoui.ma\/index.php\/wp-json\/wp\/v2\/product\/12939","targetHints":{"allow":["GET"]}}],"collection":[{"href":"https:\/\/paracherkaoui.ma\/index.php\/wp-json\/wp\/v2\/product"}],"about":[{"href":"https:\/\/paracherkaoui.ma\/index.php\/wp-json\/wp\/v2\/types\/product"}],"replies":[{"embeddable":true,"href":"https:\/\/paracherkaoui.ma\/index.php\/wp-json\/wp\/v2\/comments?post=12939"}],"version-history":[{"count":1,"href":"https:\/\/paracherkaoui.ma\/index.php\/wp-json\/wp\/v2\/product\/12939\/revisions"}],"predecessor-version":[{"id":12972,"href":"https:\/\/paracherkaoui.ma\/index.php\/wp-json\/wp\/v2\/product\/12939\/revisions\/12972"}],"wp:featuredmedia":[{"embeddable":true,"href":"https:\/\/paracherkaoui.ma\/index.php\/wp-json\/wp\/v2\/media\/12971"}],"wp:attachment":[{"href":"https:\/\/paracherkaoui.ma\/index.php\/wp-json\/wp\/v2\/media?parent=12939"}],"wp:term":[{"taxonomy":"product_brand","embeddable":true,"href":"https:\/\/paracherkaoui.ma\/index.php\/wp-json\/wp\/v2\/product_brand?post=12939"},{"taxonomy":"product_cat","embeddable":true,"href":"https:\/\/paracherkaoui.ma\/index.php\/wp-json\/wp\/v2\/product_cat?post=12939"},{"taxonomy":"product_tag","embeddable":true,"href":"https:\/\/paracherkaoui.ma\/index.php\/wp-json\/wp\/v2\/product_tag?post=12939"}],"curies":[{"name":"wp","href":"https:\/\/api.w.org\/{rel}","templated":true}]}}