{"id":12892,"date":"2025-12-12T17:46:49","date_gmt":"2025-12-12T16:46:49","guid":{"rendered":"https:\/\/test.ecbeaute.com\/?post_type=product&#038;p=12892"},"modified":"2025-12-12T17:46:51","modified_gmt":"2025-12-12T16:46:51","slug":"isdin-eryfotona-ak-nmsc-fluid-spf99-50ml","status":"publish","type":"product","link":"https:\/\/paracherkaoui.ma\/index.php\/produit\/isdin-eryfotona-ak-nmsc-fluid-spf99-50ml\/","title":{"rendered":"ISDIN ERYFOTONA AK NMSC FLUID SPF99 50ML"},"content":{"rendered":"<p>Protection solaire ultra-\u00e9lev\u00e9e<br \/>\nAvec un indice de protection SPF 99, Eryfotona AK-NMSC Fluid agit comme un bouclier contre les rayons UVA et UVB, responsables du vieillissement pr\u00e9matur\u00e9 et des l\u00e9sions cutan\u00e9es. Cette haute protection est essentielle pour les peaux sensibles ou d\u00e9j\u00e0 affect\u00e9es par des dommages actiniques.<br \/>\nR\u00e9paration active de l&rsquo;ADN<br \/>\nCe fluide contient des DNA Repairsomes, une combinaison de filtres UVB-UVA et d&rsquo;extrait de plancton, qui aident \u00e0 pr\u00e9venir et \u00e0 r\u00e9duire le risque de dommages solaires accumul\u00e9s. En stimulant le m\u00e9canisme naturel de r\u00e9paration de l&rsquo;ADN, il favorise la r\u00e9g\u00e9n\u00e9ration des cellules cutan\u00e9es endommag\u00e9es par l&rsquo;exposition solaire.<br \/>\nTexture fluide et application agr\u00e9able<br \/>\nSa texture fluide et l\u00e9g\u00e8re p\u00e9n\u00e8tre rapidement sans laisser de r\u00e9sidu gras, rendant son application agr\u00e9able pour un usage quotidien. De plus, il est r\u00e9sistant \u00e0 l&rsquo;eau, offrant une protection durable m\u00eame lors d&rsquo;activit\u00e9s en plein air.<br \/>\nConseils d&rsquo;utilisation<br \/>\nPour une efficacit\u00e9 optimale, agitez le flacon avant utilisation. Appliquez g\u00e9n\u00e9reusement Eryfotona AK-NMSC Fluid sur les zones concern\u00e9es et les zones expos\u00e9es au soleil, telles que le visage, les oreilles, le d\u00e9collet\u00e9 et le dos des mains, deux fois par jour, le matin et \u00e0 midi. En cas d&rsquo;exposition directe au soleil, r\u00e9appliquez le produit toutes les deux heures. \u00c9vitez d&rsquo;appliquer d&rsquo;autres produits dermatologiques ou cosm\u00e9tiques dans les 20 minutes suivant l&rsquo;application.<br \/>\nComposition (INCI)<br \/>\nAQUA (WATER), DIBUTYL ADIPATE, OCTOCRYLENE, CYCLOPENTASILOXANE, DICAPRYLYL CARBONATE, ALCOHOL DENAT., TITANIUM DIOXIDE [NANO], BUTYL METHOXYDIBENZOYLMETHANE, CYCLOHEXASILOXANE, BIS-ETHYLHEXYLOXYPHENOL METHOXYPHENYL TRIAZINE, BUTYLENE GLYCOL, PEG-30 DIPOLYHYDROXYSTEARATE, NYLON-12, DIMETHICONE, PEG-10 DIMETHICONE, SODIUM CHLORIDE, PHENOXYETHANOL, SILICA, DISTEARDIMONIUM HECTORITE, TOCOPHERYL ACETATE, GLYCERYL STEARATE, PARFUM (FRAGRANCE), BISABOLOL, DISODIUM EDTA, ETHYLHEXYLGLYCERIN, PANTHENOL, PEG-8, TOCOPHEROL, LECITHIN, PLANKTON EXTRACT, ASCORBYL PALMITATE, ASCORBIC ACID, CITRIC ACID.<\/p>\n","protected":false},"excerpt":{"rendered":"<p>Protection solaire ultra-\u00e9lev\u00e9e Avec un indice de protection SPF 99, Eryfotona AK-NMSC Fluid agit comme un bouclier contre les rayons<\/p>\n","protected":false},"featured_media":12924,"comment_status":"open","ping_status":"closed","template":"","meta":[],"product_brand":[135],"product_cat":[171],"product_tag":[],"class_list":{"0":"post-12892","1":"product","2":"type-product","3":"status-publish","4":"has-post-thumbnail","6":"product_brand-isdin","7":"product_cat-protection-solaire-visage","9":"first","10":"instock","11":"sale","12":"shipping-taxable","13":"purchasable","14":"product-type-simple"},"yoast_head":"<!-- This site is optimized with the Yoast SEO plugin v26.6 - https:\/\/yoast.com\/wordpress\/plugins\/seo\/ -->\r\n<title>ISDIN ERYFOTONA AK NMSC FLUID SPF99 50ML - Paracherkaoui.ma<\/title>\r\n<meta name=\"robots\" content=\"index, follow, max-snippet:-1, max-image-preview:large, max-video-preview:-1\" \/>\r\n<link rel=\"canonical\" href=\"https:\/\/paracherkaoui.ma\/index.php\/produit\/isdin-eryfotona-ak-nmsc-fluid-spf99-50ml\/\" \/>\r\n<meta property=\"og:locale\" content=\"fr_FR\" \/>\r\n<meta property=\"og:type\" content=\"article\" \/>\r\n<meta property=\"og:title\" content=\"ISDIN ERYFOTONA AK NMSC FLUID SPF99 50ML - Paracherkaoui.ma\" \/>\r\n<meta property=\"og:description\" content=\"Protection solaire ultra-\u00e9lev\u00e9e Avec un indice de protection SPF 99, Eryfotona AK-NMSC Fluid agit comme un bouclier contre les rayons\" \/>\r\n<meta property=\"og:url\" content=\"https:\/\/paracherkaoui.ma\/index.php\/produit\/isdin-eryfotona-ak-nmsc-fluid-spf99-50ml\/\" \/>\r\n<meta property=\"og:site_name\" content=\"Paracherkaoui.ma\" \/>\r\n<meta property=\"article:modified_time\" content=\"2025-12-12T16:46:51+00:00\" \/>\r\n<meta property=\"og:image\" content=\"https:\/\/paracherkaoui.ma\/wp-content\/uploads\/2025\/12\/isdin-isdin-eryfotona-ak-nmsc-fluid-spf99-50ml-cremes-solaires.jpg\" \/>\r\n\t<meta property=\"og:image:width\" content=\"700\" \/>\r\n\t<meta property=\"og:image:height\" content=\"700\" \/>\r\n\t<meta property=\"og:image:type\" content=\"image\/jpeg\" \/>\r\n<meta name=\"twitter:card\" content=\"summary_large_image\" \/>\r\n<meta name=\"twitter:label1\" content=\"Dur\u00e9e de lecture estim\u00e9e\" \/>\n\t<meta name=\"twitter:data1\" content=\"2 minutes\" \/>\r\n<script type=\"application\/ld+json\" class=\"yoast-schema-graph\">{\"@context\":\"https:\/\/schema.org\",\"@graph\":[{\"@type\":\"WebPage\",\"@id\":\"https:\/\/paracherkaoui.ma\/index.php\/produit\/isdin-eryfotona-ak-nmsc-fluid-spf99-50ml\/\",\"url\":\"https:\/\/paracherkaoui.ma\/index.php\/produit\/isdin-eryfotona-ak-nmsc-fluid-spf99-50ml\/\",\"name\":\"ISDIN ERYFOTONA AK NMSC FLUID SPF99 50ML - Paracherkaoui.ma\",\"isPartOf\":{\"@id\":\"https:\/\/paracherkaoui.ma\/#website\"},\"primaryImageOfPage\":{\"@id\":\"https:\/\/paracherkaoui.ma\/index.php\/produit\/isdin-eryfotona-ak-nmsc-fluid-spf99-50ml\/#primaryimage\"},\"image\":{\"@id\":\"https:\/\/paracherkaoui.ma\/index.php\/produit\/isdin-eryfotona-ak-nmsc-fluid-spf99-50ml\/#primaryimage\"},\"thumbnailUrl\":\"https:\/\/paracherkaoui.ma\/wp-content\/uploads\/2025\/12\/isdin-isdin-eryfotona-ak-nmsc-fluid-spf99-50ml-cremes-solaires.jpg\",\"datePublished\":\"2025-12-12T16:46:49+00:00\",\"dateModified\":\"2025-12-12T16:46:51+00:00\",\"breadcrumb\":{\"@id\":\"https:\/\/paracherkaoui.ma\/index.php\/produit\/isdin-eryfotona-ak-nmsc-fluid-spf99-50ml\/#breadcrumb\"},\"inLanguage\":\"fr-FR\",\"potentialAction\":[{\"@type\":\"ReadAction\",\"target\":[\"https:\/\/paracherkaoui.ma\/index.php\/produit\/isdin-eryfotona-ak-nmsc-fluid-spf99-50ml\/\"]}]},{\"@type\":\"ImageObject\",\"inLanguage\":\"fr-FR\",\"@id\":\"https:\/\/paracherkaoui.ma\/index.php\/produit\/isdin-eryfotona-ak-nmsc-fluid-spf99-50ml\/#primaryimage\",\"url\":\"https:\/\/paracherkaoui.ma\/wp-content\/uploads\/2025\/12\/isdin-isdin-eryfotona-ak-nmsc-fluid-spf99-50ml-cremes-solaires.jpg\",\"contentUrl\":\"https:\/\/paracherkaoui.ma\/wp-content\/uploads\/2025\/12\/isdin-isdin-eryfotona-ak-nmsc-fluid-spf99-50ml-cremes-solaires.jpg\",\"width\":700,\"height\":700},{\"@type\":\"BreadcrumbList\",\"@id\":\"https:\/\/paracherkaoui.ma\/index.php\/produit\/isdin-eryfotona-ak-nmsc-fluid-spf99-50ml\/#breadcrumb\",\"itemListElement\":[{\"@type\":\"ListItem\",\"position\":1,\"name\":\"Accueil\",\"item\":\"https:\/\/paracherkaoui.ma\/\"},{\"@type\":\"ListItem\",\"position\":2,\"name\":\"Boutique\",\"item\":\"https:\/\/paracherkaoui.ma\/index.php\/boutique\/\"},{\"@type\":\"ListItem\",\"position\":3,\"name\":\"ISDIN ERYFOTONA AK NMSC FLUID SPF99 50ML\"}]},{\"@type\":\"WebSite\",\"@id\":\"https:\/\/paracherkaoui.ma\/#website\",\"url\":\"https:\/\/paracherkaoui.ma\/\",\"name\":\"Paracherkaoui.ma\",\"description\":\"Achetez en ligne sur Paracherkaoui.ma\",\"potentialAction\":[{\"@type\":\"SearchAction\",\"target\":{\"@type\":\"EntryPoint\",\"urlTemplate\":\"https:\/\/paracherkaoui.ma\/?s={search_term_string}\"},\"query-input\":{\"@type\":\"PropertyValueSpecification\",\"valueRequired\":true,\"valueName\":\"search_term_string\"}}],\"inLanguage\":\"fr-FR\"}]}<\/script>\r\n<!-- \/ Yoast SEO plugin. -->","yoast_head_json":{"title":"ISDIN ERYFOTONA AK NMSC FLUID SPF99 50ML - Paracherkaoui.ma","robots":{"index":"index","follow":"follow","max-snippet":"max-snippet:-1","max-image-preview":"max-image-preview:large","max-video-preview":"max-video-preview:-1"},"canonical":"https:\/\/paracherkaoui.ma\/index.php\/produit\/isdin-eryfotona-ak-nmsc-fluid-spf99-50ml\/","og_locale":"fr_FR","og_type":"article","og_title":"ISDIN ERYFOTONA AK NMSC FLUID SPF99 50ML - Paracherkaoui.ma","og_description":"Protection solaire ultra-\u00e9lev\u00e9e Avec un indice de protection SPF 99, Eryfotona AK-NMSC Fluid agit comme un bouclier contre les rayons","og_url":"https:\/\/paracherkaoui.ma\/index.php\/produit\/isdin-eryfotona-ak-nmsc-fluid-spf99-50ml\/","og_site_name":"Paracherkaoui.ma","article_modified_time":"2025-12-12T16:46:51+00:00","og_image":[{"width":700,"height":700,"url":"https:\/\/paracherkaoui.ma\/wp-content\/uploads\/2025\/12\/isdin-isdin-eryfotona-ak-nmsc-fluid-spf99-50ml-cremes-solaires.jpg","type":"image\/jpeg"}],"twitter_card":"summary_large_image","twitter_misc":{"Dur\u00e9e de lecture estim\u00e9e":"2 minutes"},"schema":{"@context":"https:\/\/schema.org","@graph":[{"@type":"WebPage","@id":"https:\/\/paracherkaoui.ma\/index.php\/produit\/isdin-eryfotona-ak-nmsc-fluid-spf99-50ml\/","url":"https:\/\/paracherkaoui.ma\/index.php\/produit\/isdin-eryfotona-ak-nmsc-fluid-spf99-50ml\/","name":"ISDIN ERYFOTONA AK NMSC FLUID SPF99 50ML - Paracherkaoui.ma","isPartOf":{"@id":"https:\/\/paracherkaoui.ma\/#website"},"primaryImageOfPage":{"@id":"https:\/\/paracherkaoui.ma\/index.php\/produit\/isdin-eryfotona-ak-nmsc-fluid-spf99-50ml\/#primaryimage"},"image":{"@id":"https:\/\/paracherkaoui.ma\/index.php\/produit\/isdin-eryfotona-ak-nmsc-fluid-spf99-50ml\/#primaryimage"},"thumbnailUrl":"https:\/\/paracherkaoui.ma\/wp-content\/uploads\/2025\/12\/isdin-isdin-eryfotona-ak-nmsc-fluid-spf99-50ml-cremes-solaires.jpg","datePublished":"2025-12-12T16:46:49+00:00","dateModified":"2025-12-12T16:46:51+00:00","breadcrumb":{"@id":"https:\/\/paracherkaoui.ma\/index.php\/produit\/isdin-eryfotona-ak-nmsc-fluid-spf99-50ml\/#breadcrumb"},"inLanguage":"fr-FR","potentialAction":[{"@type":"ReadAction","target":["https:\/\/paracherkaoui.ma\/index.php\/produit\/isdin-eryfotona-ak-nmsc-fluid-spf99-50ml\/"]}]},{"@type":"ImageObject","inLanguage":"fr-FR","@id":"https:\/\/paracherkaoui.ma\/index.php\/produit\/isdin-eryfotona-ak-nmsc-fluid-spf99-50ml\/#primaryimage","url":"https:\/\/paracherkaoui.ma\/wp-content\/uploads\/2025\/12\/isdin-isdin-eryfotona-ak-nmsc-fluid-spf99-50ml-cremes-solaires.jpg","contentUrl":"https:\/\/paracherkaoui.ma\/wp-content\/uploads\/2025\/12\/isdin-isdin-eryfotona-ak-nmsc-fluid-spf99-50ml-cremes-solaires.jpg","width":700,"height":700},{"@type":"BreadcrumbList","@id":"https:\/\/paracherkaoui.ma\/index.php\/produit\/isdin-eryfotona-ak-nmsc-fluid-spf99-50ml\/#breadcrumb","itemListElement":[{"@type":"ListItem","position":1,"name":"Accueil","item":"https:\/\/paracherkaoui.ma\/"},{"@type":"ListItem","position":2,"name":"Boutique","item":"https:\/\/paracherkaoui.ma\/index.php\/boutique\/"},{"@type":"ListItem","position":3,"name":"ISDIN ERYFOTONA AK NMSC FLUID SPF99 50ML"}]},{"@type":"WebSite","@id":"https:\/\/paracherkaoui.ma\/#website","url":"https:\/\/paracherkaoui.ma\/","name":"Paracherkaoui.ma","description":"Achetez en ligne sur Paracherkaoui.ma","potentialAction":[{"@type":"SearchAction","target":{"@type":"EntryPoint","urlTemplate":"https:\/\/paracherkaoui.ma\/?s={search_term_string}"},"query-input":{"@type":"PropertyValueSpecification","valueRequired":true,"valueName":"search_term_string"}}],"inLanguage":"fr-FR"}]}},"_links":{"self":[{"href":"https:\/\/paracherkaoui.ma\/index.php\/wp-json\/wp\/v2\/product\/12892","targetHints":{"allow":["GET"]}}],"collection":[{"href":"https:\/\/paracherkaoui.ma\/index.php\/wp-json\/wp\/v2\/product"}],"about":[{"href":"https:\/\/paracherkaoui.ma\/index.php\/wp-json\/wp\/v2\/types\/product"}],"replies":[{"embeddable":true,"href":"https:\/\/paracherkaoui.ma\/index.php\/wp-json\/wp\/v2\/comments?post=12892"}],"version-history":[{"count":1,"href":"https:\/\/paracherkaoui.ma\/index.php\/wp-json\/wp\/v2\/product\/12892\/revisions"}],"predecessor-version":[{"id":12925,"href":"https:\/\/paracherkaoui.ma\/index.php\/wp-json\/wp\/v2\/product\/12892\/revisions\/12925"}],"wp:featuredmedia":[{"embeddable":true,"href":"https:\/\/paracherkaoui.ma\/index.php\/wp-json\/wp\/v2\/media\/12924"}],"wp:attachment":[{"href":"https:\/\/paracherkaoui.ma\/index.php\/wp-json\/wp\/v2\/media?parent=12892"}],"wp:term":[{"taxonomy":"product_brand","embeddable":true,"href":"https:\/\/paracherkaoui.ma\/index.php\/wp-json\/wp\/v2\/product_brand?post=12892"},{"taxonomy":"product_cat","embeddable":true,"href":"https:\/\/paracherkaoui.ma\/index.php\/wp-json\/wp\/v2\/product_cat?post=12892"},{"taxonomy":"product_tag","embeddable":true,"href":"https:\/\/paracherkaoui.ma\/index.php\/wp-json\/wp\/v2\/product_tag?post=12892"}],"curies":[{"name":"wp","href":"https:\/\/api.w.org\/{rel}","templated":true}]}}