{"id":12889,"date":"2025-12-12T17:46:49","date_gmt":"2025-12-12T16:46:49","guid":{"rendered":"https:\/\/test.ecbeaute.com\/?post_type=product&#038;p=12889"},"modified":"2025-12-12T17:46:50","modified_gmt":"2025-12-12T16:46:50","slug":"eucerin-sun-sensitive-protect-creme-spf50-50-ml","status":"publish","type":"product","link":"https:\/\/paracherkaoui.ma\/index.php\/produit\/eucerin-sun-sensitive-protect-creme-spf50-50-ml\/","title":{"rendered":"EUCERIN SUN SENSITIVE PROTECT CREME SPF50+ 50 ML"},"content":{"rendered":"<p>Gr\u00e2ce \u00e0 sa technologie Advanced Spectral Technology, cette cr\u00e8me associe des filtres UVA\/UVB photostables \u00e0 large spectre et de la Licochalcone A, un puissant antioxydant capable de neutraliser les radicaux libres g\u00e9n\u00e9r\u00e9s par les rayons UV et la lumi\u00e8re visible \u00e0 haute \u00e9nergie. Enrichie en Acide Glycyrrh\u00e9tinique, elle stimule les m\u00e9canismes naturels de r\u00e9paration de l\u2019ADN de la peau, r\u00e9duisant ainsi les effets du vieillissement cutan\u00e9 pr\u00e9matur\u00e9.<br \/>\nSa formule sans parfum et \u00e0 la texture l\u00e9g\u00e8re, non grasse et rapidement absorb\u00e9e la rend agr\u00e9able \u00e0 appliquer au quotidien, tout en garantissant une excellente tol\u00e9rance cutan\u00e9e, m\u00eame sur les peaux atopiques. Elle aide \u00e0 pr\u00e9venir les coups de soleil, les taches pigmentaires et les alt\u00e9rations cutan\u00e9es li\u00e9es \u00e0 l\u2019exposition solaire r\u00e9p\u00e9t\u00e9e.<br \/>\nEucerin Sun Sensitive Protect Cr\u00e8me SPF50+ est bien plus qu\u2019un simple \u00e9cran solaire : c\u2019est une barri\u00e8re protectrice compl\u00e8te et un soin r\u00e9parateur pour les peaux exigeantes.<br \/>\nConseils d\u2019utilisation<br \/>\nAppliquez g\u00e9n\u00e9reusement avant toute exposition au soleil.<br \/>\nR\u00e9appliquez fr\u00e9quemment, surtout apr\u00e8s avoir nag\u00e9, transpir\u00e9 ou vous \u00eatre essuy\u00e9.<br \/>\n\u00c9vitez le contact avec les yeux.<br \/>\nLimitez l\u2019exposition au soleil, surtout entre 12h et 16h.<br \/>\nNe pas exposer les nourrissons et les jeunes enfants directement au soleil.<br \/>\nComposition<br \/>\nAqua, Homosalate, Octocrylene, Alcohol Denat., Butyl Methoxydibenzoylmethane, C12-15 Alkyl Benzoate, Ethylhexyl Salicylate, Butylene Glycol Dicaprylate\/Dicaprate, Bis-Ethylhexyloxyphenol Methoxyphenyl Triazine, Glycyrrhiza Inflata Root Extract, Glycyrrhetinic Acid, Glycerin, Tapioca Starch, Silica Dimethyl Silylate, Behenyl Alcohol, Cetearyl Alcohol, Sodium Stearoyl Glutamate, Xanthan Gum, Acrylates\/C10-30 Alkyl Acrylate Crosspolymer, Sodium Chloride, Trisodium EDTA, Phenoxyethanol<\/p>\n","protected":false},"excerpt":{"rendered":"<p>Gr\u00e2ce \u00e0 sa technologie Advanced Spectral Technology, cette cr\u00e8me associe des filtres UVA\/UVB photostables \u00e0 large spectre et de la<\/p>\n","protected":false},"featured_media":12918,"comment_status":"open","ping_status":"closed","template":"","meta":[],"product_brand":[134],"product_cat":[171],"product_tag":[],"class_list":{"0":"post-12889","1":"product","2":"type-product","3":"status-publish","4":"has-post-thumbnail","6":"product_brand-eucerin","7":"product_cat-protection-solaire-visage","9":"first","10":"instock","11":"sale","12":"shipping-taxable","13":"purchasable","14":"product-type-simple"},"yoast_head":"<!-- This site is optimized with the Yoast SEO plugin v26.6 - https:\/\/yoast.com\/wordpress\/plugins\/seo\/ -->\r\n<title>EUCERIN SUN SENSITIVE PROTECT CREME SPF50+ 50 ML - Paracherkaoui.ma<\/title>\r\n<meta name=\"robots\" content=\"index, follow, max-snippet:-1, max-image-preview:large, max-video-preview:-1\" \/>\r\n<link rel=\"canonical\" href=\"https:\/\/paracherkaoui.ma\/index.php\/produit\/eucerin-sun-sensitive-protect-creme-spf50-50-ml\/\" \/>\r\n<meta property=\"og:locale\" content=\"fr_FR\" \/>\r\n<meta property=\"og:type\" content=\"article\" \/>\r\n<meta property=\"og:title\" content=\"EUCERIN SUN SENSITIVE PROTECT CREME SPF50+ 50 ML - Paracherkaoui.ma\" \/>\r\n<meta property=\"og:description\" content=\"Gr\u00e2ce \u00e0 sa technologie Advanced Spectral Technology, cette cr\u00e8me associe des filtres UVA\/UVB photostables \u00e0 large spectre et de la\" \/>\r\n<meta property=\"og:url\" content=\"https:\/\/paracherkaoui.ma\/index.php\/produit\/eucerin-sun-sensitive-protect-creme-spf50-50-ml\/\" \/>\r\n<meta property=\"og:site_name\" content=\"Paracherkaoui.ma\" \/>\r\n<meta property=\"article:modified_time\" content=\"2025-12-12T16:46:50+00:00\" \/>\r\n<meta property=\"og:image\" content=\"https:\/\/paracherkaoui.ma\/wp-content\/uploads\/2025\/12\/eucerin-eucerin-sun-sensitive-protect-creme-spf50-50-ml-cremes-solaires.jpg\" \/>\r\n\t<meta property=\"og:image:width\" content=\"700\" \/>\r\n\t<meta property=\"og:image:height\" content=\"700\" \/>\r\n\t<meta property=\"og:image:type\" content=\"image\/jpeg\" \/>\r\n<meta name=\"twitter:card\" content=\"summary_large_image\" \/>\r\n<meta name=\"twitter:label1\" content=\"Dur\u00e9e de lecture estim\u00e9e\" \/>\n\t<meta name=\"twitter:data1\" content=\"1 minute\" \/>\r\n<script type=\"application\/ld+json\" class=\"yoast-schema-graph\">{\"@context\":\"https:\/\/schema.org\",\"@graph\":[{\"@type\":\"WebPage\",\"@id\":\"https:\/\/paracherkaoui.ma\/index.php\/produit\/eucerin-sun-sensitive-protect-creme-spf50-50-ml\/\",\"url\":\"https:\/\/paracherkaoui.ma\/index.php\/produit\/eucerin-sun-sensitive-protect-creme-spf50-50-ml\/\",\"name\":\"EUCERIN SUN SENSITIVE PROTECT CREME SPF50+ 50 ML - Paracherkaoui.ma\",\"isPartOf\":{\"@id\":\"https:\/\/paracherkaoui.ma\/#website\"},\"primaryImageOfPage\":{\"@id\":\"https:\/\/paracherkaoui.ma\/index.php\/produit\/eucerin-sun-sensitive-protect-creme-spf50-50-ml\/#primaryimage\"},\"image\":{\"@id\":\"https:\/\/paracherkaoui.ma\/index.php\/produit\/eucerin-sun-sensitive-protect-creme-spf50-50-ml\/#primaryimage\"},\"thumbnailUrl\":\"https:\/\/paracherkaoui.ma\/wp-content\/uploads\/2025\/12\/eucerin-eucerin-sun-sensitive-protect-creme-spf50-50-ml-cremes-solaires.jpg\",\"datePublished\":\"2025-12-12T16:46:49+00:00\",\"dateModified\":\"2025-12-12T16:46:50+00:00\",\"breadcrumb\":{\"@id\":\"https:\/\/paracherkaoui.ma\/index.php\/produit\/eucerin-sun-sensitive-protect-creme-spf50-50-ml\/#breadcrumb\"},\"inLanguage\":\"fr-FR\",\"potentialAction\":[{\"@type\":\"ReadAction\",\"target\":[\"https:\/\/paracherkaoui.ma\/index.php\/produit\/eucerin-sun-sensitive-protect-creme-spf50-50-ml\/\"]}]},{\"@type\":\"ImageObject\",\"inLanguage\":\"fr-FR\",\"@id\":\"https:\/\/paracherkaoui.ma\/index.php\/produit\/eucerin-sun-sensitive-protect-creme-spf50-50-ml\/#primaryimage\",\"url\":\"https:\/\/paracherkaoui.ma\/wp-content\/uploads\/2025\/12\/eucerin-eucerin-sun-sensitive-protect-creme-spf50-50-ml-cremes-solaires.jpg\",\"contentUrl\":\"https:\/\/paracherkaoui.ma\/wp-content\/uploads\/2025\/12\/eucerin-eucerin-sun-sensitive-protect-creme-spf50-50-ml-cremes-solaires.jpg\",\"width\":700,\"height\":700},{\"@type\":\"BreadcrumbList\",\"@id\":\"https:\/\/paracherkaoui.ma\/index.php\/produit\/eucerin-sun-sensitive-protect-creme-spf50-50-ml\/#breadcrumb\",\"itemListElement\":[{\"@type\":\"ListItem\",\"position\":1,\"name\":\"Accueil\",\"item\":\"https:\/\/paracherkaoui.ma\/\"},{\"@type\":\"ListItem\",\"position\":2,\"name\":\"Boutique\",\"item\":\"https:\/\/paracherkaoui.ma\/index.php\/boutique\/\"},{\"@type\":\"ListItem\",\"position\":3,\"name\":\"EUCERIN SUN SENSITIVE PROTECT CREME SPF50+ 50 ML\"}]},{\"@type\":\"WebSite\",\"@id\":\"https:\/\/paracherkaoui.ma\/#website\",\"url\":\"https:\/\/paracherkaoui.ma\/\",\"name\":\"Paracherkaoui.ma\",\"description\":\"Achetez en ligne sur Paracherkaoui.ma\",\"potentialAction\":[{\"@type\":\"SearchAction\",\"target\":{\"@type\":\"EntryPoint\",\"urlTemplate\":\"https:\/\/paracherkaoui.ma\/?s={search_term_string}\"},\"query-input\":{\"@type\":\"PropertyValueSpecification\",\"valueRequired\":true,\"valueName\":\"search_term_string\"}}],\"inLanguage\":\"fr-FR\"}]}<\/script>\r\n<!-- \/ Yoast SEO plugin. -->","yoast_head_json":{"title":"EUCERIN SUN SENSITIVE PROTECT CREME SPF50+ 50 ML - Paracherkaoui.ma","robots":{"index":"index","follow":"follow","max-snippet":"max-snippet:-1","max-image-preview":"max-image-preview:large","max-video-preview":"max-video-preview:-1"},"canonical":"https:\/\/paracherkaoui.ma\/index.php\/produit\/eucerin-sun-sensitive-protect-creme-spf50-50-ml\/","og_locale":"fr_FR","og_type":"article","og_title":"EUCERIN SUN SENSITIVE PROTECT CREME SPF50+ 50 ML - Paracherkaoui.ma","og_description":"Gr\u00e2ce \u00e0 sa technologie Advanced Spectral Technology, cette cr\u00e8me associe des filtres UVA\/UVB photostables \u00e0 large spectre et de la","og_url":"https:\/\/paracherkaoui.ma\/index.php\/produit\/eucerin-sun-sensitive-protect-creme-spf50-50-ml\/","og_site_name":"Paracherkaoui.ma","article_modified_time":"2025-12-12T16:46:50+00:00","og_image":[{"width":700,"height":700,"url":"https:\/\/paracherkaoui.ma\/wp-content\/uploads\/2025\/12\/eucerin-eucerin-sun-sensitive-protect-creme-spf50-50-ml-cremes-solaires.jpg","type":"image\/jpeg"}],"twitter_card":"summary_large_image","twitter_misc":{"Dur\u00e9e de lecture estim\u00e9e":"1 minute"},"schema":{"@context":"https:\/\/schema.org","@graph":[{"@type":"WebPage","@id":"https:\/\/paracherkaoui.ma\/index.php\/produit\/eucerin-sun-sensitive-protect-creme-spf50-50-ml\/","url":"https:\/\/paracherkaoui.ma\/index.php\/produit\/eucerin-sun-sensitive-protect-creme-spf50-50-ml\/","name":"EUCERIN SUN SENSITIVE PROTECT CREME SPF50+ 50 ML - Paracherkaoui.ma","isPartOf":{"@id":"https:\/\/paracherkaoui.ma\/#website"},"primaryImageOfPage":{"@id":"https:\/\/paracherkaoui.ma\/index.php\/produit\/eucerin-sun-sensitive-protect-creme-spf50-50-ml\/#primaryimage"},"image":{"@id":"https:\/\/paracherkaoui.ma\/index.php\/produit\/eucerin-sun-sensitive-protect-creme-spf50-50-ml\/#primaryimage"},"thumbnailUrl":"https:\/\/paracherkaoui.ma\/wp-content\/uploads\/2025\/12\/eucerin-eucerin-sun-sensitive-protect-creme-spf50-50-ml-cremes-solaires.jpg","datePublished":"2025-12-12T16:46:49+00:00","dateModified":"2025-12-12T16:46:50+00:00","breadcrumb":{"@id":"https:\/\/paracherkaoui.ma\/index.php\/produit\/eucerin-sun-sensitive-protect-creme-spf50-50-ml\/#breadcrumb"},"inLanguage":"fr-FR","potentialAction":[{"@type":"ReadAction","target":["https:\/\/paracherkaoui.ma\/index.php\/produit\/eucerin-sun-sensitive-protect-creme-spf50-50-ml\/"]}]},{"@type":"ImageObject","inLanguage":"fr-FR","@id":"https:\/\/paracherkaoui.ma\/index.php\/produit\/eucerin-sun-sensitive-protect-creme-spf50-50-ml\/#primaryimage","url":"https:\/\/paracherkaoui.ma\/wp-content\/uploads\/2025\/12\/eucerin-eucerin-sun-sensitive-protect-creme-spf50-50-ml-cremes-solaires.jpg","contentUrl":"https:\/\/paracherkaoui.ma\/wp-content\/uploads\/2025\/12\/eucerin-eucerin-sun-sensitive-protect-creme-spf50-50-ml-cremes-solaires.jpg","width":700,"height":700},{"@type":"BreadcrumbList","@id":"https:\/\/paracherkaoui.ma\/index.php\/produit\/eucerin-sun-sensitive-protect-creme-spf50-50-ml\/#breadcrumb","itemListElement":[{"@type":"ListItem","position":1,"name":"Accueil","item":"https:\/\/paracherkaoui.ma\/"},{"@type":"ListItem","position":2,"name":"Boutique","item":"https:\/\/paracherkaoui.ma\/index.php\/boutique\/"},{"@type":"ListItem","position":3,"name":"EUCERIN SUN SENSITIVE PROTECT CREME SPF50+ 50 ML"}]},{"@type":"WebSite","@id":"https:\/\/paracherkaoui.ma\/#website","url":"https:\/\/paracherkaoui.ma\/","name":"Paracherkaoui.ma","description":"Achetez en ligne sur Paracherkaoui.ma","potentialAction":[{"@type":"SearchAction","target":{"@type":"EntryPoint","urlTemplate":"https:\/\/paracherkaoui.ma\/?s={search_term_string}"},"query-input":{"@type":"PropertyValueSpecification","valueRequired":true,"valueName":"search_term_string"}}],"inLanguage":"fr-FR"}]}},"_links":{"self":[{"href":"https:\/\/paracherkaoui.ma\/index.php\/wp-json\/wp\/v2\/product\/12889","targetHints":{"allow":["GET"]}}],"collection":[{"href":"https:\/\/paracherkaoui.ma\/index.php\/wp-json\/wp\/v2\/product"}],"about":[{"href":"https:\/\/paracherkaoui.ma\/index.php\/wp-json\/wp\/v2\/types\/product"}],"replies":[{"embeddable":true,"href":"https:\/\/paracherkaoui.ma\/index.php\/wp-json\/wp\/v2\/comments?post=12889"}],"version-history":[{"count":1,"href":"https:\/\/paracherkaoui.ma\/index.php\/wp-json\/wp\/v2\/product\/12889\/revisions"}],"predecessor-version":[{"id":12919,"href":"https:\/\/paracherkaoui.ma\/index.php\/wp-json\/wp\/v2\/product\/12889\/revisions\/12919"}],"wp:featuredmedia":[{"embeddable":true,"href":"https:\/\/paracherkaoui.ma\/index.php\/wp-json\/wp\/v2\/media\/12918"}],"wp:attachment":[{"href":"https:\/\/paracherkaoui.ma\/index.php\/wp-json\/wp\/v2\/media?parent=12889"}],"wp:term":[{"taxonomy":"product_brand","embeddable":true,"href":"https:\/\/paracherkaoui.ma\/index.php\/wp-json\/wp\/v2\/product_brand?post=12889"},{"taxonomy":"product_cat","embeddable":true,"href":"https:\/\/paracherkaoui.ma\/index.php\/wp-json\/wp\/v2\/product_cat?post=12889"},{"taxonomy":"product_tag","embeddable":true,"href":"https:\/\/paracherkaoui.ma\/index.php\/wp-json\/wp\/v2\/product_tag?post=12889"}],"curies":[{"name":"wp","href":"https:\/\/api.w.org\/{rel}","templated":true}]}}