{"id":12887,"date":"2025-12-12T17:46:49","date_gmt":"2025-12-12T16:46:49","guid":{"rendered":"https:\/\/test.ecbeaute.com\/?post_type=product&#038;p=12887"},"modified":"2025-12-12T17:46:50","modified_gmt":"2025-12-12T16:46:50","slug":"isdin-fotoprotecteur-fusion-gel-sport-spf50-100-ml","status":"publish","type":"product","link":"https:\/\/paracherkaoui.ma\/index.php\/produit\/isdin-fotoprotecteur-fusion-gel-sport-spf50-100-ml\/","title":{"rendered":"ISDIN Fotoprotecteur Fusion Gel Sport SPF50+ 100 ML"},"content":{"rendered":"<p>Fotoprotecteur ISDIN\u00ae Fusion Gel Sport SPF50+ est un gel \u00e0 l&rsquo;indice de protection \u00e9lev\u00e9, id\u00e9al pour la pratique de sports en plein air.<br \/>\nPropri\u00e9t\u00e9s :<br \/>\nApporte une sensation de fra\u00eecheur qui \u00e9quilibre la temp\u00e9rature corporelle pendant l&rsquo;effort.<br \/>\nId\u00e9al pour les zones pileuses et le cuir chevelu.<br \/>\nPeut \u00eatre utilis\u00e9 sur la peau mouill\u00e9e.<br \/>\nAbsorption rapide.<br \/>\nOil-free.<br \/>\nBiod\u00e9gradable.<br \/>\n*Test\u00e9 dermatologiquement.<br \/>\nProt\u00e9gez votre peau du soleil !<br \/>\nComment utiliser\u00a0Fotoprotecteur ISDIN\u00ae Fusion Gel Sport SPF50+ ?<br \/>\nAppliquer g\u00e9n\u00e9reusement une demi-heure avant l&rsquo;exposition au soleil. Renouveler l&rsquo;application toutes les 2 heures ou apr\u00e8s avoir transpir\u00e9, vous \u00eatre baign\u00e9 ou s\u00e9ch\u00e9 avec une serviette.<\/p>\n","protected":false},"excerpt":{"rendered":"<p>Fotoprotecteur ISDIN\u00ae Fusion Gel Sport SPF50+ est un gel \u00e0 l&rsquo;indice de protection \u00e9lev\u00e9, id\u00e9al pour la pratique de sports<\/p>\n","protected":false},"featured_media":12914,"comment_status":"open","ping_status":"closed","template":"","meta":[],"product_brand":[135],"product_cat":[171],"product_tag":[],"class_list":{"0":"post-12887","1":"product","2":"type-product","3":"status-publish","4":"has-post-thumbnail","6":"product_brand-isdin","7":"product_cat-protection-solaire-visage","9":"first","10":"instock","11":"sale","12":"shipping-taxable","13":"purchasable","14":"product-type-simple"},"yoast_head":"<!-- This site is optimized with the Yoast SEO plugin v26.6 - https:\/\/yoast.com\/wordpress\/plugins\/seo\/ -->\r\n<title>ISDIN Fotoprotecteur Fusion Gel Sport SPF50+ 100 ML - Paracherkaoui.ma<\/title>\r\n<meta name=\"robots\" content=\"index, follow, max-snippet:-1, max-image-preview:large, max-video-preview:-1\" \/>\r\n<link rel=\"canonical\" href=\"https:\/\/paracherkaoui.ma\/index.php\/produit\/isdin-fotoprotecteur-fusion-gel-sport-spf50-100-ml\/\" \/>\r\n<meta property=\"og:locale\" content=\"fr_FR\" \/>\r\n<meta property=\"og:type\" content=\"article\" \/>\r\n<meta property=\"og:title\" content=\"ISDIN Fotoprotecteur Fusion Gel Sport SPF50+ 100 ML - Paracherkaoui.ma\" \/>\r\n<meta property=\"og:description\" content=\"Fotoprotecteur ISDIN\u00ae Fusion Gel Sport SPF50+ est un gel \u00e0 l&rsquo;indice de protection \u00e9lev\u00e9, id\u00e9al pour la pratique de sports\" \/>\r\n<meta property=\"og:url\" content=\"https:\/\/paracherkaoui.ma\/index.php\/produit\/isdin-fotoprotecteur-fusion-gel-sport-spf50-100-ml\/\" \/>\r\n<meta property=\"og:site_name\" content=\"Paracherkaoui.ma\" \/>\r\n<meta property=\"article:modified_time\" content=\"2025-12-12T16:46:50+00:00\" \/>\r\n<meta property=\"og:image\" content=\"https:\/\/paracherkaoui.ma\/wp-content\/uploads\/2025\/12\/isdin-isdin-fotoprotecteur-fusion-gel-sport-spf50-100-ml-gels-solaire.jpg\" \/>\r\n\t<meta property=\"og:image:width\" content=\"700\" \/>\r\n\t<meta property=\"og:image:height\" content=\"700\" \/>\r\n\t<meta property=\"og:image:type\" content=\"image\/jpeg\" \/>\r\n<meta name=\"twitter:card\" content=\"summary_large_image\" \/>\r\n<meta name=\"twitter:label1\" content=\"Dur\u00e9e de lecture estim\u00e9e\" \/>\n\t<meta name=\"twitter:data1\" content=\"1 minute\" \/>\r\n<script type=\"application\/ld+json\" class=\"yoast-schema-graph\">{\"@context\":\"https:\/\/schema.org\",\"@graph\":[{\"@type\":\"WebPage\",\"@id\":\"https:\/\/paracherkaoui.ma\/index.php\/produit\/isdin-fotoprotecteur-fusion-gel-sport-spf50-100-ml\/\",\"url\":\"https:\/\/paracherkaoui.ma\/index.php\/produit\/isdin-fotoprotecteur-fusion-gel-sport-spf50-100-ml\/\",\"name\":\"ISDIN Fotoprotecteur Fusion Gel Sport SPF50+ 100 ML - Paracherkaoui.ma\",\"isPartOf\":{\"@id\":\"https:\/\/paracherkaoui.ma\/#website\"},\"primaryImageOfPage\":{\"@id\":\"https:\/\/paracherkaoui.ma\/index.php\/produit\/isdin-fotoprotecteur-fusion-gel-sport-spf50-100-ml\/#primaryimage\"},\"image\":{\"@id\":\"https:\/\/paracherkaoui.ma\/index.php\/produit\/isdin-fotoprotecteur-fusion-gel-sport-spf50-100-ml\/#primaryimage\"},\"thumbnailUrl\":\"https:\/\/paracherkaoui.ma\/wp-content\/uploads\/2025\/12\/isdin-isdin-fotoprotecteur-fusion-gel-sport-spf50-100-ml-gels-solaire.jpg\",\"datePublished\":\"2025-12-12T16:46:49+00:00\",\"dateModified\":\"2025-12-12T16:46:50+00:00\",\"breadcrumb\":{\"@id\":\"https:\/\/paracherkaoui.ma\/index.php\/produit\/isdin-fotoprotecteur-fusion-gel-sport-spf50-100-ml\/#breadcrumb\"},\"inLanguage\":\"fr-FR\",\"potentialAction\":[{\"@type\":\"ReadAction\",\"target\":[\"https:\/\/paracherkaoui.ma\/index.php\/produit\/isdin-fotoprotecteur-fusion-gel-sport-spf50-100-ml\/\"]}]},{\"@type\":\"ImageObject\",\"inLanguage\":\"fr-FR\",\"@id\":\"https:\/\/paracherkaoui.ma\/index.php\/produit\/isdin-fotoprotecteur-fusion-gel-sport-spf50-100-ml\/#primaryimage\",\"url\":\"https:\/\/paracherkaoui.ma\/wp-content\/uploads\/2025\/12\/isdin-isdin-fotoprotecteur-fusion-gel-sport-spf50-100-ml-gels-solaire.jpg\",\"contentUrl\":\"https:\/\/paracherkaoui.ma\/wp-content\/uploads\/2025\/12\/isdin-isdin-fotoprotecteur-fusion-gel-sport-spf50-100-ml-gels-solaire.jpg\",\"width\":700,\"height\":700},{\"@type\":\"BreadcrumbList\",\"@id\":\"https:\/\/paracherkaoui.ma\/index.php\/produit\/isdin-fotoprotecteur-fusion-gel-sport-spf50-100-ml\/#breadcrumb\",\"itemListElement\":[{\"@type\":\"ListItem\",\"position\":1,\"name\":\"Accueil\",\"item\":\"https:\/\/paracherkaoui.ma\/\"},{\"@type\":\"ListItem\",\"position\":2,\"name\":\"Boutique\",\"item\":\"https:\/\/paracherkaoui.ma\/index.php\/boutique\/\"},{\"@type\":\"ListItem\",\"position\":3,\"name\":\"ISDIN Fotoprotecteur Fusion Gel Sport SPF50+ 100 ML\"}]},{\"@type\":\"WebSite\",\"@id\":\"https:\/\/paracherkaoui.ma\/#website\",\"url\":\"https:\/\/paracherkaoui.ma\/\",\"name\":\"Paracherkaoui.ma\",\"description\":\"Achetez en ligne sur Paracherkaoui.ma\",\"potentialAction\":[{\"@type\":\"SearchAction\",\"target\":{\"@type\":\"EntryPoint\",\"urlTemplate\":\"https:\/\/paracherkaoui.ma\/?s={search_term_string}\"},\"query-input\":{\"@type\":\"PropertyValueSpecification\",\"valueRequired\":true,\"valueName\":\"search_term_string\"}}],\"inLanguage\":\"fr-FR\"}]}<\/script>\r\n<!-- \/ Yoast SEO plugin. -->","yoast_head_json":{"title":"ISDIN Fotoprotecteur Fusion Gel Sport SPF50+ 100 ML - Paracherkaoui.ma","robots":{"index":"index","follow":"follow","max-snippet":"max-snippet:-1","max-image-preview":"max-image-preview:large","max-video-preview":"max-video-preview:-1"},"canonical":"https:\/\/paracherkaoui.ma\/index.php\/produit\/isdin-fotoprotecteur-fusion-gel-sport-spf50-100-ml\/","og_locale":"fr_FR","og_type":"article","og_title":"ISDIN Fotoprotecteur Fusion Gel Sport SPF50+ 100 ML - Paracherkaoui.ma","og_description":"Fotoprotecteur ISDIN\u00ae Fusion Gel Sport SPF50+ est un gel \u00e0 l&rsquo;indice de protection \u00e9lev\u00e9, id\u00e9al pour la pratique de sports","og_url":"https:\/\/paracherkaoui.ma\/index.php\/produit\/isdin-fotoprotecteur-fusion-gel-sport-spf50-100-ml\/","og_site_name":"Paracherkaoui.ma","article_modified_time":"2025-12-12T16:46:50+00:00","og_image":[{"width":700,"height":700,"url":"https:\/\/paracherkaoui.ma\/wp-content\/uploads\/2025\/12\/isdin-isdin-fotoprotecteur-fusion-gel-sport-spf50-100-ml-gels-solaire.jpg","type":"image\/jpeg"}],"twitter_card":"summary_large_image","twitter_misc":{"Dur\u00e9e de lecture estim\u00e9e":"1 minute"},"schema":{"@context":"https:\/\/schema.org","@graph":[{"@type":"WebPage","@id":"https:\/\/paracherkaoui.ma\/index.php\/produit\/isdin-fotoprotecteur-fusion-gel-sport-spf50-100-ml\/","url":"https:\/\/paracherkaoui.ma\/index.php\/produit\/isdin-fotoprotecteur-fusion-gel-sport-spf50-100-ml\/","name":"ISDIN Fotoprotecteur Fusion Gel Sport SPF50+ 100 ML - Paracherkaoui.ma","isPartOf":{"@id":"https:\/\/paracherkaoui.ma\/#website"},"primaryImageOfPage":{"@id":"https:\/\/paracherkaoui.ma\/index.php\/produit\/isdin-fotoprotecteur-fusion-gel-sport-spf50-100-ml\/#primaryimage"},"image":{"@id":"https:\/\/paracherkaoui.ma\/index.php\/produit\/isdin-fotoprotecteur-fusion-gel-sport-spf50-100-ml\/#primaryimage"},"thumbnailUrl":"https:\/\/paracherkaoui.ma\/wp-content\/uploads\/2025\/12\/isdin-isdin-fotoprotecteur-fusion-gel-sport-spf50-100-ml-gels-solaire.jpg","datePublished":"2025-12-12T16:46:49+00:00","dateModified":"2025-12-12T16:46:50+00:00","breadcrumb":{"@id":"https:\/\/paracherkaoui.ma\/index.php\/produit\/isdin-fotoprotecteur-fusion-gel-sport-spf50-100-ml\/#breadcrumb"},"inLanguage":"fr-FR","potentialAction":[{"@type":"ReadAction","target":["https:\/\/paracherkaoui.ma\/index.php\/produit\/isdin-fotoprotecteur-fusion-gel-sport-spf50-100-ml\/"]}]},{"@type":"ImageObject","inLanguage":"fr-FR","@id":"https:\/\/paracherkaoui.ma\/index.php\/produit\/isdin-fotoprotecteur-fusion-gel-sport-spf50-100-ml\/#primaryimage","url":"https:\/\/paracherkaoui.ma\/wp-content\/uploads\/2025\/12\/isdin-isdin-fotoprotecteur-fusion-gel-sport-spf50-100-ml-gels-solaire.jpg","contentUrl":"https:\/\/paracherkaoui.ma\/wp-content\/uploads\/2025\/12\/isdin-isdin-fotoprotecteur-fusion-gel-sport-spf50-100-ml-gels-solaire.jpg","width":700,"height":700},{"@type":"BreadcrumbList","@id":"https:\/\/paracherkaoui.ma\/index.php\/produit\/isdin-fotoprotecteur-fusion-gel-sport-spf50-100-ml\/#breadcrumb","itemListElement":[{"@type":"ListItem","position":1,"name":"Accueil","item":"https:\/\/paracherkaoui.ma\/"},{"@type":"ListItem","position":2,"name":"Boutique","item":"https:\/\/paracherkaoui.ma\/index.php\/boutique\/"},{"@type":"ListItem","position":3,"name":"ISDIN Fotoprotecteur Fusion Gel Sport SPF50+ 100 ML"}]},{"@type":"WebSite","@id":"https:\/\/paracherkaoui.ma\/#website","url":"https:\/\/paracherkaoui.ma\/","name":"Paracherkaoui.ma","description":"Achetez en ligne sur Paracherkaoui.ma","potentialAction":[{"@type":"SearchAction","target":{"@type":"EntryPoint","urlTemplate":"https:\/\/paracherkaoui.ma\/?s={search_term_string}"},"query-input":{"@type":"PropertyValueSpecification","valueRequired":true,"valueName":"search_term_string"}}],"inLanguage":"fr-FR"}]}},"_links":{"self":[{"href":"https:\/\/paracherkaoui.ma\/index.php\/wp-json\/wp\/v2\/product\/12887","targetHints":{"allow":["GET"]}}],"collection":[{"href":"https:\/\/paracherkaoui.ma\/index.php\/wp-json\/wp\/v2\/product"}],"about":[{"href":"https:\/\/paracherkaoui.ma\/index.php\/wp-json\/wp\/v2\/types\/product"}],"replies":[{"embeddable":true,"href":"https:\/\/paracherkaoui.ma\/index.php\/wp-json\/wp\/v2\/comments?post=12887"}],"version-history":[{"count":1,"href":"https:\/\/paracherkaoui.ma\/index.php\/wp-json\/wp\/v2\/product\/12887\/revisions"}],"predecessor-version":[{"id":12915,"href":"https:\/\/paracherkaoui.ma\/index.php\/wp-json\/wp\/v2\/product\/12887\/revisions\/12915"}],"wp:featuredmedia":[{"embeddable":true,"href":"https:\/\/paracherkaoui.ma\/index.php\/wp-json\/wp\/v2\/media\/12914"}],"wp:attachment":[{"href":"https:\/\/paracherkaoui.ma\/index.php\/wp-json\/wp\/v2\/media?parent=12887"}],"wp:term":[{"taxonomy":"product_brand","embeddable":true,"href":"https:\/\/paracherkaoui.ma\/index.php\/wp-json\/wp\/v2\/product_brand?post=12887"},{"taxonomy":"product_cat","embeddable":true,"href":"https:\/\/paracherkaoui.ma\/index.php\/wp-json\/wp\/v2\/product_cat?post=12887"},{"taxonomy":"product_tag","embeddable":true,"href":"https:\/\/paracherkaoui.ma\/index.php\/wp-json\/wp\/v2\/product_tag?post=12887"}],"curies":[{"name":"wp","href":"https:\/\/api.w.org\/{rel}","templated":true}]}}