{"id":12883,"date":"2025-12-12T17:46:48","date_gmt":"2025-12-12T16:46:48","guid":{"rendered":"https:\/\/test.ecbeaute.com\/?post_type=product&#038;p=12883"},"modified":"2025-12-12T17:46:50","modified_gmt":"2025-12-12T16:46:50","slug":"vichy-capital-soleil-soin-anti-taches-teinte-3-en-1-spf50","status":"publish","type":"product","link":"https:\/\/paracherkaoui.ma\/index.php\/produit\/vichy-capital-soleil-soin-anti-taches-teinte-3-en-1-spf50\/","title":{"rendered":"VICHY CAPITAL SOLEIL SOIN ANTI TACHES TEINTE 3 EN 1 SPF50+"},"content":{"rendered":"<p>Enrichi en PhE-R\u00e9sorcinol, un actif reconnu pour son action cibl\u00e9e contre les taches pigmentaires, ce soin permet d\u2019estomper visiblement les imperfections cutan\u00e9es. Associ\u00e9 \u00e0 des filtres solaires anti-UVA\/UVB derni\u00e8re g\u00e9n\u00e9ration, il offre une protection optimale SPF50+, y compris contre les UVA longs, responsables du vieillissement pr\u00e9matur\u00e9 et de l\u2019aggravation des taches brunes.<br \/>\nSa formule teint\u00e9e, enrichie en pigments min\u00e9raux, unifie instantan\u00e9ment le teint, camouflant les irr\u00e9gularit\u00e9s tout en offrant un rendu naturel et lumineux. R\u00e9sultat ? La peau est prot\u00e9g\u00e9e, le teint est unifi\u00e9, les taches sont corrig\u00e9es jour apr\u00e8s jour. Apr\u00e8s 8 semaines d\u2019utilisation r\u00e9guli\u00e8re, une diminution visible de 19,2% des taches pigmentaires a \u00e9t\u00e9 cliniquement observ\u00e9e.<br \/>\nTest\u00e9 sous contr\u00f4le dermatologique, hypoallerg\u00e9nique, sans parab\u00e8ne, ce soin est parfaitement adapt\u00e9 aux peaux sensibles.<br \/>\nEfficacit\u00e9 :<br \/>\n19,2% des taches sont att\u00e9nu\u00e9es apr\u00e8s 8 semaines d&rsquo;utilisation. Protection renforc\u00e9e jusqu&rsquo;aux UVA longs.<br \/>\nConseils d&rsquo;utilisation<br \/>\nAppliquez g\u00e9n\u00e9reusement sur une peau propre et s\u00e8che, sur le visage, le cou et le d\u00e9collet\u00e9.<br \/>\n\u00c9vitez le contour des yeux.<br \/>\nRenouvelez fr\u00e9quemment l\u2019application, surtout apr\u00e8s la baignade, avoir transpir\u00e9 ou vous \u00eatre essuy\u00e9.<br \/>\nComposition<br \/>\nIngr\u00e9dients &#038; Principes Actifs Cl\u00e9s :<br \/>\nPigments min\u00e9raux, qui sont des colorants naturels.<br \/>\nPhE-R\u00e9sorcinol : lutte efficacement contre les imperfections qui apparaissent sur la peau.<br \/>\nFiltres anti-UV : assurent un indice de protection tr\u00e8s \u00e9lev\u00e9.<br \/>\nAqua\/Water, CI 77891\/Titanium Dioxide, Homosalate, Silica, Ethylhexyl Salicylate, Ethylhexyl Triazone, C12-15 Alkyl Benzoate, Bis-Ethylhexyloxyphenol Methoxyphenyl Triazine, Drometrizole Trisiloxane, Butyl Methoxydibenzoylmethane, Glycerin, Aluminum Starch Octenylsuccinate, Octocrylene, Pentylene Glycol, Styrene\/Acrylates Copolymer, CI 77491, CI 77492, CI 77499\/Iron Oxides, Potassium Cetyl Phosphate, Parfum\/Fragrance, Caprylyl Methicone, Acrylates\/C10-30 Alkyl Acrylate Crosspolymer, Aluminum Hydroxide, Butylene Glycol, Caprylyl Glycol, Cinnamomum Cassia Bark Extract, Dimethicone, Disodium EDTA, Inulin Lauryl Carbamate, PEG-8 Laurate, Phenoxyethanol, Phenylethyl Resorcinol, Poterium Officinale Root Extract, Stearic Acid, Stearyl Alcohol, Terephthalylidene Dicamphor Sulfonic Acid, Titanium Dioxide [Nano]\/Titanium Dioxide, Tocopherol, Triethanolamine, Xanthan Gum, Zingiber Officinale Root Extract\/Ginger Root Extract<\/p>\n","protected":false},"excerpt":{"rendered":"<p>Enrichi en PhE-R\u00e9sorcinol, un actif reconnu pour son action cibl\u00e9e contre les taches pigmentaires, ce soin permet d\u2019estomper visiblement les<\/p>\n","protected":false},"featured_media":12907,"comment_status":"open","ping_status":"closed","template":"","meta":[],"product_brand":[139],"product_cat":[171],"product_tag":[],"class_list":{"0":"post-12883","1":"product","2":"type-product","3":"status-publish","4":"has-post-thumbnail","6":"product_brand-vichy","7":"product_cat-protection-solaire-visage","9":"first","10":"instock","11":"sale","12":"shipping-taxable","13":"purchasable","14":"product-type-simple"},"yoast_head":"<!-- This site is optimized with the Yoast SEO plugin v26.6 - https:\/\/yoast.com\/wordpress\/plugins\/seo\/ -->\r\n<title>VICHY CAPITAL SOLEIL SOIN ANTI TACHES TEINTE 3 EN 1 SPF50+ - Paracherkaoui.ma<\/title>\r\n<meta name=\"robots\" content=\"index, follow, max-snippet:-1, max-image-preview:large, max-video-preview:-1\" \/>\r\n<link rel=\"canonical\" href=\"https:\/\/paracherkaoui.ma\/index.php\/produit\/vichy-capital-soleil-soin-anti-taches-teinte-3-en-1-spf50\/\" \/>\r\n<meta property=\"og:locale\" content=\"fr_FR\" \/>\r\n<meta property=\"og:type\" content=\"article\" \/>\r\n<meta property=\"og:title\" content=\"VICHY CAPITAL SOLEIL SOIN ANTI TACHES TEINTE 3 EN 1 SPF50+ - Paracherkaoui.ma\" \/>\r\n<meta property=\"og:description\" content=\"Enrichi en PhE-R\u00e9sorcinol, un actif reconnu pour son action cibl\u00e9e contre les taches pigmentaires, ce soin permet d\u2019estomper visiblement les\" \/>\r\n<meta property=\"og:url\" content=\"https:\/\/paracherkaoui.ma\/index.php\/produit\/vichy-capital-soleil-soin-anti-taches-teinte-3-en-1-spf50\/\" \/>\r\n<meta property=\"og:site_name\" content=\"Paracherkaoui.ma\" \/>\r\n<meta property=\"article:modified_time\" content=\"2025-12-12T16:46:50+00:00\" \/>\r\n<meta property=\"og:image\" content=\"https:\/\/paracherkaoui.ma\/wp-content\/uploads\/2025\/12\/vichy-vichy-capital-soleil-soin-anti-taches-teinte-3-en-1-spf50-cremes-solaires.jpg\" \/>\r\n\t<meta property=\"og:image:width\" content=\"700\" \/>\r\n\t<meta property=\"og:image:height\" content=\"700\" \/>\r\n\t<meta property=\"og:image:type\" content=\"image\/jpeg\" \/>\r\n<meta name=\"twitter:card\" content=\"summary_large_image\" \/>\r\n<meta name=\"twitter:label1\" content=\"Dur\u00e9e de lecture estim\u00e9e\" \/>\n\t<meta name=\"twitter:data1\" content=\"2 minutes\" \/>\r\n<script type=\"application\/ld+json\" class=\"yoast-schema-graph\">{\"@context\":\"https:\/\/schema.org\",\"@graph\":[{\"@type\":\"WebPage\",\"@id\":\"https:\/\/paracherkaoui.ma\/index.php\/produit\/vichy-capital-soleil-soin-anti-taches-teinte-3-en-1-spf50\/\",\"url\":\"https:\/\/paracherkaoui.ma\/index.php\/produit\/vichy-capital-soleil-soin-anti-taches-teinte-3-en-1-spf50\/\",\"name\":\"VICHY CAPITAL SOLEIL SOIN ANTI TACHES TEINTE 3 EN 1 SPF50+ - Paracherkaoui.ma\",\"isPartOf\":{\"@id\":\"https:\/\/paracherkaoui.ma\/#website\"},\"primaryImageOfPage\":{\"@id\":\"https:\/\/paracherkaoui.ma\/index.php\/produit\/vichy-capital-soleil-soin-anti-taches-teinte-3-en-1-spf50\/#primaryimage\"},\"image\":{\"@id\":\"https:\/\/paracherkaoui.ma\/index.php\/produit\/vichy-capital-soleil-soin-anti-taches-teinte-3-en-1-spf50\/#primaryimage\"},\"thumbnailUrl\":\"https:\/\/paracherkaoui.ma\/wp-content\/uploads\/2025\/12\/vichy-vichy-capital-soleil-soin-anti-taches-teinte-3-en-1-spf50-cremes-solaires.jpg\",\"datePublished\":\"2025-12-12T16:46:48+00:00\",\"dateModified\":\"2025-12-12T16:46:50+00:00\",\"breadcrumb\":{\"@id\":\"https:\/\/paracherkaoui.ma\/index.php\/produit\/vichy-capital-soleil-soin-anti-taches-teinte-3-en-1-spf50\/#breadcrumb\"},\"inLanguage\":\"fr-FR\",\"potentialAction\":[{\"@type\":\"ReadAction\",\"target\":[\"https:\/\/paracherkaoui.ma\/index.php\/produit\/vichy-capital-soleil-soin-anti-taches-teinte-3-en-1-spf50\/\"]}]},{\"@type\":\"ImageObject\",\"inLanguage\":\"fr-FR\",\"@id\":\"https:\/\/paracherkaoui.ma\/index.php\/produit\/vichy-capital-soleil-soin-anti-taches-teinte-3-en-1-spf50\/#primaryimage\",\"url\":\"https:\/\/paracherkaoui.ma\/wp-content\/uploads\/2025\/12\/vichy-vichy-capital-soleil-soin-anti-taches-teinte-3-en-1-spf50-cremes-solaires.jpg\",\"contentUrl\":\"https:\/\/paracherkaoui.ma\/wp-content\/uploads\/2025\/12\/vichy-vichy-capital-soleil-soin-anti-taches-teinte-3-en-1-spf50-cremes-solaires.jpg\",\"width\":700,\"height\":700},{\"@type\":\"BreadcrumbList\",\"@id\":\"https:\/\/paracherkaoui.ma\/index.php\/produit\/vichy-capital-soleil-soin-anti-taches-teinte-3-en-1-spf50\/#breadcrumb\",\"itemListElement\":[{\"@type\":\"ListItem\",\"position\":1,\"name\":\"Accueil\",\"item\":\"https:\/\/paracherkaoui.ma\/\"},{\"@type\":\"ListItem\",\"position\":2,\"name\":\"Boutique\",\"item\":\"https:\/\/paracherkaoui.ma\/index.php\/boutique\/\"},{\"@type\":\"ListItem\",\"position\":3,\"name\":\"VICHY CAPITAL SOLEIL SOIN ANTI TACHES TEINTE 3 EN 1 SPF50+\"}]},{\"@type\":\"WebSite\",\"@id\":\"https:\/\/paracherkaoui.ma\/#website\",\"url\":\"https:\/\/paracherkaoui.ma\/\",\"name\":\"Paracherkaoui.ma\",\"description\":\"Achetez en ligne sur Paracherkaoui.ma\",\"potentialAction\":[{\"@type\":\"SearchAction\",\"target\":{\"@type\":\"EntryPoint\",\"urlTemplate\":\"https:\/\/paracherkaoui.ma\/?s={search_term_string}\"},\"query-input\":{\"@type\":\"PropertyValueSpecification\",\"valueRequired\":true,\"valueName\":\"search_term_string\"}}],\"inLanguage\":\"fr-FR\"}]}<\/script>\r\n<!-- \/ Yoast SEO plugin. -->","yoast_head_json":{"title":"VICHY CAPITAL SOLEIL SOIN ANTI TACHES TEINTE 3 EN 1 SPF50+ - Paracherkaoui.ma","robots":{"index":"index","follow":"follow","max-snippet":"max-snippet:-1","max-image-preview":"max-image-preview:large","max-video-preview":"max-video-preview:-1"},"canonical":"https:\/\/paracherkaoui.ma\/index.php\/produit\/vichy-capital-soleil-soin-anti-taches-teinte-3-en-1-spf50\/","og_locale":"fr_FR","og_type":"article","og_title":"VICHY CAPITAL SOLEIL SOIN ANTI TACHES TEINTE 3 EN 1 SPF50+ - Paracherkaoui.ma","og_description":"Enrichi en PhE-R\u00e9sorcinol, un actif reconnu pour son action cibl\u00e9e contre les taches pigmentaires, ce soin permet d\u2019estomper visiblement les","og_url":"https:\/\/paracherkaoui.ma\/index.php\/produit\/vichy-capital-soleil-soin-anti-taches-teinte-3-en-1-spf50\/","og_site_name":"Paracherkaoui.ma","article_modified_time":"2025-12-12T16:46:50+00:00","og_image":[{"width":700,"height":700,"url":"https:\/\/paracherkaoui.ma\/wp-content\/uploads\/2025\/12\/vichy-vichy-capital-soleil-soin-anti-taches-teinte-3-en-1-spf50-cremes-solaires.jpg","type":"image\/jpeg"}],"twitter_card":"summary_large_image","twitter_misc":{"Dur\u00e9e de lecture estim\u00e9e":"2 minutes"},"schema":{"@context":"https:\/\/schema.org","@graph":[{"@type":"WebPage","@id":"https:\/\/paracherkaoui.ma\/index.php\/produit\/vichy-capital-soleil-soin-anti-taches-teinte-3-en-1-spf50\/","url":"https:\/\/paracherkaoui.ma\/index.php\/produit\/vichy-capital-soleil-soin-anti-taches-teinte-3-en-1-spf50\/","name":"VICHY CAPITAL SOLEIL SOIN ANTI TACHES TEINTE 3 EN 1 SPF50+ - Paracherkaoui.ma","isPartOf":{"@id":"https:\/\/paracherkaoui.ma\/#website"},"primaryImageOfPage":{"@id":"https:\/\/paracherkaoui.ma\/index.php\/produit\/vichy-capital-soleil-soin-anti-taches-teinte-3-en-1-spf50\/#primaryimage"},"image":{"@id":"https:\/\/paracherkaoui.ma\/index.php\/produit\/vichy-capital-soleil-soin-anti-taches-teinte-3-en-1-spf50\/#primaryimage"},"thumbnailUrl":"https:\/\/paracherkaoui.ma\/wp-content\/uploads\/2025\/12\/vichy-vichy-capital-soleil-soin-anti-taches-teinte-3-en-1-spf50-cremes-solaires.jpg","datePublished":"2025-12-12T16:46:48+00:00","dateModified":"2025-12-12T16:46:50+00:00","breadcrumb":{"@id":"https:\/\/paracherkaoui.ma\/index.php\/produit\/vichy-capital-soleil-soin-anti-taches-teinte-3-en-1-spf50\/#breadcrumb"},"inLanguage":"fr-FR","potentialAction":[{"@type":"ReadAction","target":["https:\/\/paracherkaoui.ma\/index.php\/produit\/vichy-capital-soleil-soin-anti-taches-teinte-3-en-1-spf50\/"]}]},{"@type":"ImageObject","inLanguage":"fr-FR","@id":"https:\/\/paracherkaoui.ma\/index.php\/produit\/vichy-capital-soleil-soin-anti-taches-teinte-3-en-1-spf50\/#primaryimage","url":"https:\/\/paracherkaoui.ma\/wp-content\/uploads\/2025\/12\/vichy-vichy-capital-soleil-soin-anti-taches-teinte-3-en-1-spf50-cremes-solaires.jpg","contentUrl":"https:\/\/paracherkaoui.ma\/wp-content\/uploads\/2025\/12\/vichy-vichy-capital-soleil-soin-anti-taches-teinte-3-en-1-spf50-cremes-solaires.jpg","width":700,"height":700},{"@type":"BreadcrumbList","@id":"https:\/\/paracherkaoui.ma\/index.php\/produit\/vichy-capital-soleil-soin-anti-taches-teinte-3-en-1-spf50\/#breadcrumb","itemListElement":[{"@type":"ListItem","position":1,"name":"Accueil","item":"https:\/\/paracherkaoui.ma\/"},{"@type":"ListItem","position":2,"name":"Boutique","item":"https:\/\/paracherkaoui.ma\/index.php\/boutique\/"},{"@type":"ListItem","position":3,"name":"VICHY CAPITAL SOLEIL SOIN ANTI TACHES TEINTE 3 EN 1 SPF50+"}]},{"@type":"WebSite","@id":"https:\/\/paracherkaoui.ma\/#website","url":"https:\/\/paracherkaoui.ma\/","name":"Paracherkaoui.ma","description":"Achetez en ligne sur Paracherkaoui.ma","potentialAction":[{"@type":"SearchAction","target":{"@type":"EntryPoint","urlTemplate":"https:\/\/paracherkaoui.ma\/?s={search_term_string}"},"query-input":{"@type":"PropertyValueSpecification","valueRequired":true,"valueName":"search_term_string"}}],"inLanguage":"fr-FR"}]}},"_links":{"self":[{"href":"https:\/\/paracherkaoui.ma\/index.php\/wp-json\/wp\/v2\/product\/12883","targetHints":{"allow":["GET"]}}],"collection":[{"href":"https:\/\/paracherkaoui.ma\/index.php\/wp-json\/wp\/v2\/product"}],"about":[{"href":"https:\/\/paracherkaoui.ma\/index.php\/wp-json\/wp\/v2\/types\/product"}],"replies":[{"embeddable":true,"href":"https:\/\/paracherkaoui.ma\/index.php\/wp-json\/wp\/v2\/comments?post=12883"}],"version-history":[{"count":1,"href":"https:\/\/paracherkaoui.ma\/index.php\/wp-json\/wp\/v2\/product\/12883\/revisions"}],"predecessor-version":[{"id":12908,"href":"https:\/\/paracherkaoui.ma\/index.php\/wp-json\/wp\/v2\/product\/12883\/revisions\/12908"}],"wp:featuredmedia":[{"embeddable":true,"href":"https:\/\/paracherkaoui.ma\/index.php\/wp-json\/wp\/v2\/media\/12907"}],"wp:attachment":[{"href":"https:\/\/paracherkaoui.ma\/index.php\/wp-json\/wp\/v2\/media?parent=12883"}],"wp:term":[{"taxonomy":"product_brand","embeddable":true,"href":"https:\/\/paracherkaoui.ma\/index.php\/wp-json\/wp\/v2\/product_brand?post=12883"},{"taxonomy":"product_cat","embeddable":true,"href":"https:\/\/paracherkaoui.ma\/index.php\/wp-json\/wp\/v2\/product_cat?post=12883"},{"taxonomy":"product_tag","embeddable":true,"href":"https:\/\/paracherkaoui.ma\/index.php\/wp-json\/wp\/v2\/product_tag?post=12883"}],"curies":[{"name":"wp","href":"https:\/\/api.w.org\/{rel}","templated":true}]}}