{"id":12827,"date":"2025-12-12T17:46:44","date_gmt":"2025-12-12T16:46:44","guid":{"rendered":"https:\/\/test.ecbeaute.com\/?post_type=product&#038;p=12827"},"modified":"2025-12-12T17:46:48","modified_gmt":"2025-12-12T16:46:48","slug":"isdin-foto-ultra-age-repair-color-fusion-water-spf-50-50ml","status":"publish","type":"product","link":"https:\/\/paracherkaoui.ma\/index.php\/produit\/isdin-foto-ultra-age-repair-color-fusion-water-spf-50-50ml\/","title":{"rendered":"ISDIN FOTO ULTRA AGE REPAIR COLOR FUSION WATER SPF 50 \/50ML"},"content":{"rendered":"<p>Protection solaire color\u00e9e pour le visage, ultra-l\u00e9g\u00e8re et \u00e0 usage quotidien, avec une triple action anti-photo-aging. De plus, il offre une couverture naturelle qui unifie le teint et dissimule les imperfections, donnant ainsi un bon effet au visage. Non-com\u00e9dog\u00e8ne. Sans huile. Hypoallerg\u00e9nique.<\/p>\n","protected":false},"excerpt":{"rendered":"<p>Protection solaire color\u00e9e pour le visage, ultra-l\u00e9g\u00e8re et \u00e0 usage quotidien, avec une triple action anti-photo-aging. De plus, il offre<\/p>\n","protected":false},"featured_media":12875,"comment_status":"open","ping_status":"closed","template":"","meta":[],"product_brand":[135],"product_cat":[171],"product_tag":[],"class_list":{"0":"post-12827","1":"product","2":"type-product","3":"status-publish","4":"has-post-thumbnail","6":"product_brand-isdin","7":"product_cat-protection-solaire-visage","9":"first","10":"instock","11":"sale","12":"shipping-taxable","13":"purchasable","14":"product-type-simple"},"yoast_head":"<!-- This site is optimized with the Yoast SEO plugin v26.6 - https:\/\/yoast.com\/wordpress\/plugins\/seo\/ -->\r\n<title>ISDIN FOTO ULTRA AGE REPAIR COLOR FUSION WATER SPF 50 \/50ML - Paracherkaoui.ma<\/title>\r\n<meta name=\"robots\" content=\"index, follow, max-snippet:-1, max-image-preview:large, max-video-preview:-1\" \/>\r\n<link rel=\"canonical\" href=\"https:\/\/paracherkaoui.ma\/index.php\/produit\/isdin-foto-ultra-age-repair-color-fusion-water-spf-50-50ml\/\" \/>\r\n<meta property=\"og:locale\" content=\"fr_FR\" \/>\r\n<meta property=\"og:type\" content=\"article\" \/>\r\n<meta property=\"og:title\" content=\"ISDIN FOTO ULTRA AGE REPAIR COLOR FUSION WATER SPF 50 \/50ML - Paracherkaoui.ma\" \/>\r\n<meta property=\"og:description\" content=\"Protection solaire color\u00e9e pour le visage, ultra-l\u00e9g\u00e8re et \u00e0 usage quotidien, avec une triple action anti-photo-aging. De plus, il offre\" \/>\r\n<meta property=\"og:url\" content=\"https:\/\/paracherkaoui.ma\/index.php\/produit\/isdin-foto-ultra-age-repair-color-fusion-water-spf-50-50ml\/\" \/>\r\n<meta property=\"og:site_name\" content=\"Paracherkaoui.ma\" \/>\r\n<meta property=\"article:modified_time\" content=\"2025-12-12T16:46:48+00:00\" \/>\r\n<meta property=\"og:image\" content=\"https:\/\/paracherkaoui.ma\/wp-content\/uploads\/2025\/12\/isdin-isdin-foto-ultra-age-repair-color-fusion-water-spf-50-50ml-cremes.jpg\" \/>\r\n\t<meta property=\"og:image:width\" content=\"700\" \/>\r\n\t<meta property=\"og:image:height\" content=\"700\" \/>\r\n\t<meta property=\"og:image:type\" content=\"image\/jpeg\" \/>\r\n<meta name=\"twitter:card\" content=\"summary_large_image\" \/>\r\n<script type=\"application\/ld+json\" class=\"yoast-schema-graph\">{\"@context\":\"https:\/\/schema.org\",\"@graph\":[{\"@type\":\"WebPage\",\"@id\":\"https:\/\/paracherkaoui.ma\/index.php\/produit\/isdin-foto-ultra-age-repair-color-fusion-water-spf-50-50ml\/\",\"url\":\"https:\/\/paracherkaoui.ma\/index.php\/produit\/isdin-foto-ultra-age-repair-color-fusion-water-spf-50-50ml\/\",\"name\":\"ISDIN FOTO ULTRA AGE REPAIR COLOR FUSION WATER SPF 50 \/50ML - Paracherkaoui.ma\",\"isPartOf\":{\"@id\":\"https:\/\/paracherkaoui.ma\/#website\"},\"primaryImageOfPage\":{\"@id\":\"https:\/\/paracherkaoui.ma\/index.php\/produit\/isdin-foto-ultra-age-repair-color-fusion-water-spf-50-50ml\/#primaryimage\"},\"image\":{\"@id\":\"https:\/\/paracherkaoui.ma\/index.php\/produit\/isdin-foto-ultra-age-repair-color-fusion-water-spf-50-50ml\/#primaryimage\"},\"thumbnailUrl\":\"https:\/\/paracherkaoui.ma\/wp-content\/uploads\/2025\/12\/isdin-isdin-foto-ultra-age-repair-color-fusion-water-spf-50-50ml-cremes.jpg\",\"datePublished\":\"2025-12-12T16:46:44+00:00\",\"dateModified\":\"2025-12-12T16:46:48+00:00\",\"breadcrumb\":{\"@id\":\"https:\/\/paracherkaoui.ma\/index.php\/produit\/isdin-foto-ultra-age-repair-color-fusion-water-spf-50-50ml\/#breadcrumb\"},\"inLanguage\":\"fr-FR\",\"potentialAction\":[{\"@type\":\"ReadAction\",\"target\":[\"https:\/\/paracherkaoui.ma\/index.php\/produit\/isdin-foto-ultra-age-repair-color-fusion-water-spf-50-50ml\/\"]}]},{\"@type\":\"ImageObject\",\"inLanguage\":\"fr-FR\",\"@id\":\"https:\/\/paracherkaoui.ma\/index.php\/produit\/isdin-foto-ultra-age-repair-color-fusion-water-spf-50-50ml\/#primaryimage\",\"url\":\"https:\/\/paracherkaoui.ma\/wp-content\/uploads\/2025\/12\/isdin-isdin-foto-ultra-age-repair-color-fusion-water-spf-50-50ml-cremes.jpg\",\"contentUrl\":\"https:\/\/paracherkaoui.ma\/wp-content\/uploads\/2025\/12\/isdin-isdin-foto-ultra-age-repair-color-fusion-water-spf-50-50ml-cremes.jpg\",\"width\":700,\"height\":700},{\"@type\":\"BreadcrumbList\",\"@id\":\"https:\/\/paracherkaoui.ma\/index.php\/produit\/isdin-foto-ultra-age-repair-color-fusion-water-spf-50-50ml\/#breadcrumb\",\"itemListElement\":[{\"@type\":\"ListItem\",\"position\":1,\"name\":\"Accueil\",\"item\":\"https:\/\/paracherkaoui.ma\/\"},{\"@type\":\"ListItem\",\"position\":2,\"name\":\"Boutique\",\"item\":\"https:\/\/paracherkaoui.ma\/index.php\/boutique\/\"},{\"@type\":\"ListItem\",\"position\":3,\"name\":\"ISDIN FOTO ULTRA AGE REPAIR COLOR FUSION WATER SPF 50 \/50ML\"}]},{\"@type\":\"WebSite\",\"@id\":\"https:\/\/paracherkaoui.ma\/#website\",\"url\":\"https:\/\/paracherkaoui.ma\/\",\"name\":\"Paracherkaoui.ma\",\"description\":\"Achetez en ligne sur Paracherkaoui.ma\",\"potentialAction\":[{\"@type\":\"SearchAction\",\"target\":{\"@type\":\"EntryPoint\",\"urlTemplate\":\"https:\/\/paracherkaoui.ma\/?s={search_term_string}\"},\"query-input\":{\"@type\":\"PropertyValueSpecification\",\"valueRequired\":true,\"valueName\":\"search_term_string\"}}],\"inLanguage\":\"fr-FR\"}]}<\/script>\r\n<!-- \/ Yoast SEO plugin. -->","yoast_head_json":{"title":"ISDIN FOTO ULTRA AGE REPAIR COLOR FUSION WATER SPF 50 \/50ML - Paracherkaoui.ma","robots":{"index":"index","follow":"follow","max-snippet":"max-snippet:-1","max-image-preview":"max-image-preview:large","max-video-preview":"max-video-preview:-1"},"canonical":"https:\/\/paracherkaoui.ma\/index.php\/produit\/isdin-foto-ultra-age-repair-color-fusion-water-spf-50-50ml\/","og_locale":"fr_FR","og_type":"article","og_title":"ISDIN FOTO ULTRA AGE REPAIR COLOR FUSION WATER SPF 50 \/50ML - Paracherkaoui.ma","og_description":"Protection solaire color\u00e9e pour le visage, ultra-l\u00e9g\u00e8re et \u00e0 usage quotidien, avec une triple action anti-photo-aging. De plus, il offre","og_url":"https:\/\/paracherkaoui.ma\/index.php\/produit\/isdin-foto-ultra-age-repair-color-fusion-water-spf-50-50ml\/","og_site_name":"Paracherkaoui.ma","article_modified_time":"2025-12-12T16:46:48+00:00","og_image":[{"width":700,"height":700,"url":"https:\/\/paracherkaoui.ma\/wp-content\/uploads\/2025\/12\/isdin-isdin-foto-ultra-age-repair-color-fusion-water-spf-50-50ml-cremes.jpg","type":"image\/jpeg"}],"twitter_card":"summary_large_image","schema":{"@context":"https:\/\/schema.org","@graph":[{"@type":"WebPage","@id":"https:\/\/paracherkaoui.ma\/index.php\/produit\/isdin-foto-ultra-age-repair-color-fusion-water-spf-50-50ml\/","url":"https:\/\/paracherkaoui.ma\/index.php\/produit\/isdin-foto-ultra-age-repair-color-fusion-water-spf-50-50ml\/","name":"ISDIN FOTO ULTRA AGE REPAIR COLOR FUSION WATER SPF 50 \/50ML - Paracherkaoui.ma","isPartOf":{"@id":"https:\/\/paracherkaoui.ma\/#website"},"primaryImageOfPage":{"@id":"https:\/\/paracherkaoui.ma\/index.php\/produit\/isdin-foto-ultra-age-repair-color-fusion-water-spf-50-50ml\/#primaryimage"},"image":{"@id":"https:\/\/paracherkaoui.ma\/index.php\/produit\/isdin-foto-ultra-age-repair-color-fusion-water-spf-50-50ml\/#primaryimage"},"thumbnailUrl":"https:\/\/paracherkaoui.ma\/wp-content\/uploads\/2025\/12\/isdin-isdin-foto-ultra-age-repair-color-fusion-water-spf-50-50ml-cremes.jpg","datePublished":"2025-12-12T16:46:44+00:00","dateModified":"2025-12-12T16:46:48+00:00","breadcrumb":{"@id":"https:\/\/paracherkaoui.ma\/index.php\/produit\/isdin-foto-ultra-age-repair-color-fusion-water-spf-50-50ml\/#breadcrumb"},"inLanguage":"fr-FR","potentialAction":[{"@type":"ReadAction","target":["https:\/\/paracherkaoui.ma\/index.php\/produit\/isdin-foto-ultra-age-repair-color-fusion-water-spf-50-50ml\/"]}]},{"@type":"ImageObject","inLanguage":"fr-FR","@id":"https:\/\/paracherkaoui.ma\/index.php\/produit\/isdin-foto-ultra-age-repair-color-fusion-water-spf-50-50ml\/#primaryimage","url":"https:\/\/paracherkaoui.ma\/wp-content\/uploads\/2025\/12\/isdin-isdin-foto-ultra-age-repair-color-fusion-water-spf-50-50ml-cremes.jpg","contentUrl":"https:\/\/paracherkaoui.ma\/wp-content\/uploads\/2025\/12\/isdin-isdin-foto-ultra-age-repair-color-fusion-water-spf-50-50ml-cremes.jpg","width":700,"height":700},{"@type":"BreadcrumbList","@id":"https:\/\/paracherkaoui.ma\/index.php\/produit\/isdin-foto-ultra-age-repair-color-fusion-water-spf-50-50ml\/#breadcrumb","itemListElement":[{"@type":"ListItem","position":1,"name":"Accueil","item":"https:\/\/paracherkaoui.ma\/"},{"@type":"ListItem","position":2,"name":"Boutique","item":"https:\/\/paracherkaoui.ma\/index.php\/boutique\/"},{"@type":"ListItem","position":3,"name":"ISDIN FOTO ULTRA AGE REPAIR COLOR FUSION WATER SPF 50 \/50ML"}]},{"@type":"WebSite","@id":"https:\/\/paracherkaoui.ma\/#website","url":"https:\/\/paracherkaoui.ma\/","name":"Paracherkaoui.ma","description":"Achetez en ligne sur Paracherkaoui.ma","potentialAction":[{"@type":"SearchAction","target":{"@type":"EntryPoint","urlTemplate":"https:\/\/paracherkaoui.ma\/?s={search_term_string}"},"query-input":{"@type":"PropertyValueSpecification","valueRequired":true,"valueName":"search_term_string"}}],"inLanguage":"fr-FR"}]}},"_links":{"self":[{"href":"https:\/\/paracherkaoui.ma\/index.php\/wp-json\/wp\/v2\/product\/12827","targetHints":{"allow":["GET"]}}],"collection":[{"href":"https:\/\/paracherkaoui.ma\/index.php\/wp-json\/wp\/v2\/product"}],"about":[{"href":"https:\/\/paracherkaoui.ma\/index.php\/wp-json\/wp\/v2\/types\/product"}],"replies":[{"embeddable":true,"href":"https:\/\/paracherkaoui.ma\/index.php\/wp-json\/wp\/v2\/comments?post=12827"}],"version-history":[{"count":1,"href":"https:\/\/paracherkaoui.ma\/index.php\/wp-json\/wp\/v2\/product\/12827\/revisions"}],"predecessor-version":[{"id":12876,"href":"https:\/\/paracherkaoui.ma\/index.php\/wp-json\/wp\/v2\/product\/12827\/revisions\/12876"}],"wp:featuredmedia":[{"embeddable":true,"href":"https:\/\/paracherkaoui.ma\/index.php\/wp-json\/wp\/v2\/media\/12875"}],"wp:attachment":[{"href":"https:\/\/paracherkaoui.ma\/index.php\/wp-json\/wp\/v2\/media?parent=12827"}],"wp:term":[{"taxonomy":"product_brand","embeddable":true,"href":"https:\/\/paracherkaoui.ma\/index.php\/wp-json\/wp\/v2\/product_brand?post=12827"},{"taxonomy":"product_cat","embeddable":true,"href":"https:\/\/paracherkaoui.ma\/index.php\/wp-json\/wp\/v2\/product_cat?post=12827"},{"taxonomy":"product_tag","embeddable":true,"href":"https:\/\/paracherkaoui.ma\/index.php\/wp-json\/wp\/v2\/product_tag?post=12827"}],"curies":[{"name":"wp","href":"https:\/\/api.w.org\/{rel}","templated":true}]}}