{"id":12826,"date":"2025-12-12T17:46:44","date_gmt":"2025-12-12T16:46:44","guid":{"rendered":"https:\/\/test.ecbeaute.com\/?post_type=product&#038;p=12826"},"modified":"2025-12-12T17:46:48","modified_gmt":"2025-12-12T16:46:48","slug":"cerave-offre-creme-hydratante-visage-spf-50-52-ml-creme-hydratante-3ml-creme-lavante-20ml-offerts-2","status":"publish","type":"product","link":"https:\/\/paracherkaoui.ma\/index.php\/produit\/cerave-offre-creme-hydratante-visage-spf-50-52-ml-creme-hydratante-3ml-creme-lavante-20ml-offerts-2\/","title":{"rendered":"CERAVE OFFRE CREME HYDRATANTE VISAGE SPF 50 52 ML + CREME HYDRATANTE 3ML + CREME LAVANTE 20ML OFFERTS"},"content":{"rendered":"<p>.elementor-210 .elementor-element.elementor-element-5e20d221 .elementor-tab-title, .elementor-210 .elementor-element.elementor-element-5e20d221 .elementor-tab-title:before, .elementor-210 .elementor-element.elementor-element-5e20d221 .elementor-tab-title:after, .elementor-210 .elementor-element.elementor-element-5e20d221 .elementor-tab-content, .elementor-210 .elementor-element.elementor-element-5e20d221 .elementor-tabs-content-wrapper{border-width:0.5px;}.elementor-210 .elementor-element.elementor-element-5e20d221 .elementor-tab-title{color:#000000;}.elementor-210 .elementor-element.elementor-element-5e20d221 .elementor-tab-title.elementor-active{color:#00a28d;}.elementor-210 .elementor-element.elementor-element-5e20d221 .elementor-tab-content{color:#000000;}.elementor-210 .elementor-element.elementor-element-22daf441 .axps-swiper-slider .swiper-slide img{width:auto;}.elementor-210 .elementor-element.elementor-element-22daf441 .wrapper-items:not(.swiper-container-initialized) .item{-ms-flex:0 0 calc(100%\/4);flex:0 0 calc(100%\/4);max-width:calc(100%\/4);}.elementor-210 .elementor-element.elementor-element-22daf441 .wrapper-items .swiper-slide{padding-left:calc(30px\/2);padding-right:calc(30px\/2);}.elementor-210 .elementor-element.elementor-element-22daf441 .wrapper-items .swiper-slide .item-inner{margin-bottom:30px;}.elementor-210 .elementor-element.elementor-element-22daf441 .wrapper-items{margin-left:calc(-30px\/2);margin-right:calc(-30px\/2);}.elementor-210 .elementor-element.elementor-element-22daf441 .swiper-wrapper .item-inner{text-align:center;}.elementor-210 .elementor-element.elementor-element-609f8064{margin-top:-16px;margin-bottom:0px;}.elementor-210 .elementor-element.elementor-element-556978cb > .elementor-widget-container{margin:-46px 0px 0px 0px;}.elementor-210 .elementor-element.elementor-element-29bf665c > .elementor-widget-container{margin:-46px 0px 0px 0px;}.elementor-210 .elementor-element.elementor-element-7c3d478b > .elementor-widget-container{margin:-46px 0px 0px 0px;}.elementor-210 .elementor-element.elementor-element-6052d056{margin-top:-16px;margin-bottom:0px;}.elementor-210 .elementor-element.elementor-element-68a88629 > .elementor-widget-container{margin:-46px 0px 0px 0px;}.elementor-210 .elementor-element.elementor-element-3ecf5a20 > .elementor-widget-container{margin:-46px 0px 0px 0px;}.elementor-210 .elementor-element.elementor-element-59a2957d > .elementor-widget-container{margin:-46px 0px 0px 0px;}@media(max-width:1024px){.elementor-210 .elementor-element.elementor-element-22daf441 .wrapper-items:not(.swiper-container-initialized) .item{-ms-flex:0 0 calc(100%\/4);flex:0 0 calc(100%\/4);max-width:calc(100%\/4);}.elementor-210 .elementor-element.elementor-element-22daf441 .wrapper-items .swiper-slide{padding-left:calc(20px\/2);padding-right:calc(20px\/2);}.elementor-210 .elementor-element.elementor-element-22daf441 .wrapper-items .swiper-slide .item-inner{margin-bottom:20px;}.elementor-210 .elementor-element.elementor-element-22daf441 .wrapper-items{margin-left:calc(-20px\/2);margin-right:calc(-20px\/2);}.elementor-210 .elementor-element.elementor-element-556978cb > .elementor-widget-container{margin:-33px 0px 0px 0px;}.elementor-210 .elementor-element.elementor-element-29bf665c > .elementor-widget-container{margin:-33px 0px 0px 0px;}.elementor-210 .elementor-element.elementor-element-7c3d478b > .elementor-widget-container{margin:-33px 0px 0px 0px;}.elementor-210 .elementor-element.elementor-element-68a88629 > .elementor-widget-container{margin:-33px 0px 0px 0px;}.elementor-210 .elementor-element.elementor-element-3ecf5a20 > .elementor-widget-container{margin:-33px 0px 0px 0px;}.elementor-210 .elementor-element.elementor-element-59a2957d > .elementor-widget-container{margin:-33px 0px 0px 0px;}}@media(max-width:767px){.elementor-210 .elementor-element.elementor-element-22daf441 .wrapper-items:not(.swiper-container-initialized) .item{-ms-flex:0 0 calc(100%\/4);flex:0 0 calc(100%\/4);max-width:calc(100%\/4);}.elementor-210 .elementor-element.elementor-element-22daf441 .wrapper-items .swiper-slide{padding-left:calc(10px\/2);padding-right:calc(10px\/2);}.elementor-210 .elementor-element.elementor-element-22daf441 .wrapper-items .swiper-slide .item-inner{margin-bottom:10px;}.elementor-210 .elementor-element.elementor-element-22daf441 .wrapper-items{margin-left:calc(-10px\/2);margin-right:calc(-10px\/2);}.elementor-210 .elementor-element.elementor-element-1db7eaa9{width:50%;}.elementor-210 .elementor-element.elementor-element-556978cb > .elementor-widget-container{margin:-26px 0px 0px 0px;}.elementor-210 .elementor-element.elementor-element-62983d14{width:50%;}.elementor-210 .elementor-element.elementor-element-29bf665c > .elementor-widget-container{margin:-26px 0px 0px 0px;}.elementor-210 .elementor-element.elementor-element-283b54a{width:50%;}.elementor-210 .elementor-element.elementor-element-7c3d478b > .elementor-widget-container{margin:-26px 0px 0px 0px;}.elementor-210 .elementor-element.elementor-element-5cea6fdb{width:50%;}.elementor-210 .elementor-element.elementor-element-68a88629 > .elementor-widget-container{margin:-26px 0px 0px 0px;}.elementor-210 .elementor-element.elementor-element-3fb5ae1f{width:50%;}.elementor-210 .elementor-element.elementor-element-3ecf5a20 > .elementor-widget-container{margin:-26px 0px 0px 0px;}.elementor-210 .elementor-element.elementor-element-21b54ae0{width:50%;}.elementor-210 .elementor-element.elementor-element-59a2957d > .elementor-widget-container{margin:-26px 0px 0px 0px;}}<br \/>\nDescription<br \/>\nConseils d&rsquo;utilisation<br \/>\nComposition<br \/>\nDescription<br \/>\nD\u00e9velopp\u00e9e en collaboration avec des dermatologues, sa formule associe des\u00a0actifs dermatologiques reconnus\u00a0pour leur efficacit\u00e9 et leur douceur. Enrichie en\u00a0niacinamide\u00a0et\u00a0vitamine E, elle apaise instantan\u00e9ment la peau tout en renfor\u00e7ant sa\u00a0barri\u00e8re cutan\u00e9e. Les\u00a03 c\u00e9ramides essentiels (1, 3 et 6-II)\u00a0contenus dans tous les produits CeraVe aident \u00e0 restaurer la fonction barri\u00e8re naturelle de la peau, tandis que\u00a0l\u2019acide hyaluronique\u00a0assure une hydratation durable en captant l\u2019eau dans les tissus.<br \/>\nSa\u00a0technologie brevet\u00e9e MVE\u00a0diffuse progressivement les actifs tout au long de la journ\u00e9e, assurant une\u00a0hydratation continue, sans effet gras ni brillance. Sans parfum, sans parab\u00e8ne et\u00a0non com\u00e9dog\u00e8ne, cette cr\u00e8me convient parfaitement aux peaux sensibles et sujettes aux imperfections.<br \/>\nQue ce soit en ville ou \u00e0 la plage,\u00a0CeraVe Cr\u00e8me Hydratante Visage SPF 50\u00a0est le geste essentiel de votre routine quotidienne pour une peau\u00a0souple, prot\u00e9g\u00e9e et \u00e9clatante de sant\u00e9.<br \/>\nConseils d&rsquo;utilisation<br \/>\nAppliquez g\u00e9n\u00e9reusement chaque matin sur le visage et le cou parfaitement nettoy\u00e9s.<br \/>\nRenouvelez l\u2019application en cas d\u2019exposition prolong\u00e9e au soleil.<br \/>\n\u00c9vitez le contour des yeux.<br \/>\nCompl\u00e9tez votre routine avec un nettoyant doux CeraVe pour de meilleurs r\u00e9sultats.<br \/>\nComposition<br \/>\nAQUA\/WATER, GLYCERIN, CETEARYL ALCOHOL, PHENOXYETHANOL, STEARYL ALCOHOL, CETYL ALCOHOL, PEG-40 STEARATE, BEHENTRIMONIUM METHOSULFATE, GLYCERYL STEARATE, POLYSORBATE 20, ETHYLHEXYLGLYCERIN, POTASSIUM PHOSPHATE, DISODIUM EDTA, DIPOTASSIUM PHOSPHATE, SODIUM LAUROYL LACTYLATE, CERAMIDE NP, CERAMIDE AP, PHYTOSPHINGOSINE, CHOLESTEROL, SODIUM HYALURONATE, XANTHAN GUM, CARBOMER, TOCOPHEROL, CERAMIDE EOP<br \/>\nAjouter au Panier<br \/>\nAjouter au Panier<br \/>\nAjouter au Panier<br \/>\nAjouter au Panier<br \/>\nAjouter au Panier<br \/>\nAjouter au Panier<\/p>\n","protected":false},"excerpt":{"rendered":"<p>.elementor-210 .elementor-element.elementor-element-5e20d221 .elementor-tab-title, .elementor-210 .elementor-element.elementor-element-5e20d221 .elementor-tab-title:before, .elementor-210 .elementor-element.elementor-element-5e20d221 .elementor-tab-title:after, .elementor-210 .elementor-element.elementor-element-5e20d221 .elementor-tab-content, .elementor-210 .elementor-element.elementor-element-5e20d221 .elementor-tabs-content-wrapper{border-width:0.5px;}.elementor-210 .elementor-element.elementor-element-5e20d221 .elementor-tab-title{color:#000000;}.elementor-210 .elementor-element.elementor-element-5e20d221 .elementor-tab-title.elementor-active{color:#00a28d;}.elementor-210 .elementor-element.elementor-element-5e20d221<\/p>\n","protected":false},"featured_media":11065,"comment_status":"open","ping_status":"closed","template":"","meta":[],"product_brand":[131],"product_cat":[171],"product_tag":[],"class_list":{"0":"post-12826","1":"product","2":"type-product","3":"status-publish","4":"has-post-thumbnail","6":"product_brand-cerave","7":"product_cat-protection-solaire-visage","9":"first","10":"instock","11":"sale","12":"shipping-taxable","13":"purchasable","14":"product-type-simple"},"yoast_head":"<!-- This site is optimized with the Yoast SEO plugin v26.6 - https:\/\/yoast.com\/wordpress\/plugins\/seo\/ -->\r\n<title>CERAVE OFFRE CREME HYDRATANTE VISAGE SPF 50 52 ML + CREME HYDRATANTE 3ML + CREME LAVANTE 20ML OFFERTS - Paracherkaoui.ma<\/title>\r\n<meta name=\"robots\" content=\"index, follow, max-snippet:-1, max-image-preview:large, max-video-preview:-1\" \/>\r\n<link rel=\"canonical\" href=\"https:\/\/paracherkaoui.ma\/index.php\/produit\/cerave-offre-creme-hydratante-visage-spf-50-52-ml-creme-hydratante-3ml-creme-lavante-20ml-offerts-2\/\" \/>\r\n<meta property=\"og:locale\" content=\"fr_FR\" \/>\r\n<meta property=\"og:type\" content=\"article\" \/>\r\n<meta property=\"og:title\" content=\"CERAVE OFFRE CREME HYDRATANTE VISAGE SPF 50 52 ML + CREME HYDRATANTE 3ML + CREME LAVANTE 20ML OFFERTS - Paracherkaoui.ma\" \/>\r\n<meta property=\"og:description\" content=\".elementor-210 .elementor-element.elementor-element-5e20d221 .elementor-tab-title, .elementor-210 .elementor-element.elementor-element-5e20d221 .elementor-tab-title:before, .elementor-210 .elementor-element.elementor-element-5e20d221 .elementor-tab-title:after, .elementor-210 .elementor-element.elementor-element-5e20d221 .elementor-tab-content, .elementor-210 .elementor-element.elementor-element-5e20d221 .elementor-tabs-content-wrapper{border-width:0.5px;}.elementor-210 .elementor-element.elementor-element-5e20d221 .elementor-tab-title{color:#000000;}.elementor-210 .elementor-element.elementor-element-5e20d221 .elementor-tab-title.elementor-active{color:#00a28d;}.elementor-210 .elementor-element.elementor-element-5e20d221\" \/>\r\n<meta property=\"og:url\" content=\"https:\/\/paracherkaoui.ma\/index.php\/produit\/cerave-offre-creme-hydratante-visage-spf-50-52-ml-creme-hydratante-3ml-creme-lavante-20ml-offerts-2\/\" \/>\r\n<meta property=\"og:site_name\" content=\"Paracherkaoui.ma\" \/>\r\n<meta property=\"article:modified_time\" content=\"2025-12-12T16:46:48+00:00\" \/>\r\n<meta property=\"og:image\" content=\"https:\/\/paracherkaoui.ma\/wp-content\/uploads\/2025\/12\/cerave-offre-creme-hydratante-visage-spf-50-52-ml-creme-hydratante-3ml-creme-lavante-20ml-offerts.jpg\" \/>\r\n\t<meta property=\"og:image:width\" content=\"700\" \/>\r\n\t<meta property=\"og:image:height\" content=\"700\" \/>\r\n\t<meta property=\"og:image:type\" content=\"image\/jpeg\" \/>\r\n<meta name=\"twitter:card\" content=\"summary_large_image\" \/>\r\n<meta name=\"twitter:label1\" content=\"Dur\u00e9e de lecture estim\u00e9e\" \/>\n\t<meta name=\"twitter:data1\" content=\"4 minutes\" \/>\r\n<script type=\"application\/ld+json\" class=\"yoast-schema-graph\">{\"@context\":\"https:\/\/schema.org\",\"@graph\":[{\"@type\":\"WebPage\",\"@id\":\"https:\/\/paracherkaoui.ma\/index.php\/produit\/cerave-offre-creme-hydratante-visage-spf-50-52-ml-creme-hydratante-3ml-creme-lavante-20ml-offerts-2\/\",\"url\":\"https:\/\/paracherkaoui.ma\/index.php\/produit\/cerave-offre-creme-hydratante-visage-spf-50-52-ml-creme-hydratante-3ml-creme-lavante-20ml-offerts-2\/\",\"name\":\"CERAVE OFFRE CREME HYDRATANTE VISAGE SPF 50 52 ML + CREME HYDRATANTE 3ML + CREME LAVANTE 20ML OFFERTS - Paracherkaoui.ma\",\"isPartOf\":{\"@id\":\"https:\/\/paracherkaoui.ma\/#website\"},\"primaryImageOfPage\":{\"@id\":\"https:\/\/paracherkaoui.ma\/index.php\/produit\/cerave-offre-creme-hydratante-visage-spf-50-52-ml-creme-hydratante-3ml-creme-lavante-20ml-offerts-2\/#primaryimage\"},\"image\":{\"@id\":\"https:\/\/paracherkaoui.ma\/index.php\/produit\/cerave-offre-creme-hydratante-visage-spf-50-52-ml-creme-hydratante-3ml-creme-lavante-20ml-offerts-2\/#primaryimage\"},\"thumbnailUrl\":\"https:\/\/paracherkaoui.ma\/wp-content\/uploads\/2025\/12\/cerave-offre-creme-hydratante-visage-spf-50-52-ml-creme-hydratante-3ml-creme-lavante-20ml-offerts.jpg\",\"datePublished\":\"2025-12-12T16:46:44+00:00\",\"dateModified\":\"2025-12-12T16:46:48+00:00\",\"breadcrumb\":{\"@id\":\"https:\/\/paracherkaoui.ma\/index.php\/produit\/cerave-offre-creme-hydratante-visage-spf-50-52-ml-creme-hydratante-3ml-creme-lavante-20ml-offerts-2\/#breadcrumb\"},\"inLanguage\":\"fr-FR\",\"potentialAction\":[{\"@type\":\"ReadAction\",\"target\":[\"https:\/\/paracherkaoui.ma\/index.php\/produit\/cerave-offre-creme-hydratante-visage-spf-50-52-ml-creme-hydratante-3ml-creme-lavante-20ml-offerts-2\/\"]}]},{\"@type\":\"ImageObject\",\"inLanguage\":\"fr-FR\",\"@id\":\"https:\/\/paracherkaoui.ma\/index.php\/produit\/cerave-offre-creme-hydratante-visage-spf-50-52-ml-creme-hydratante-3ml-creme-lavante-20ml-offerts-2\/#primaryimage\",\"url\":\"https:\/\/paracherkaoui.ma\/wp-content\/uploads\/2025\/12\/cerave-offre-creme-hydratante-visage-spf-50-52-ml-creme-hydratante-3ml-creme-lavante-20ml-offerts.jpg\",\"contentUrl\":\"https:\/\/paracherkaoui.ma\/wp-content\/uploads\/2025\/12\/cerave-offre-creme-hydratante-visage-spf-50-52-ml-creme-hydratante-3ml-creme-lavante-20ml-offerts.jpg\",\"width\":700,\"height\":700},{\"@type\":\"BreadcrumbList\",\"@id\":\"https:\/\/paracherkaoui.ma\/index.php\/produit\/cerave-offre-creme-hydratante-visage-spf-50-52-ml-creme-hydratante-3ml-creme-lavante-20ml-offerts-2\/#breadcrumb\",\"itemListElement\":[{\"@type\":\"ListItem\",\"position\":1,\"name\":\"Accueil\",\"item\":\"https:\/\/paracherkaoui.ma\/\"},{\"@type\":\"ListItem\",\"position\":2,\"name\":\"Boutique\",\"item\":\"https:\/\/paracherkaoui.ma\/index.php\/boutique\/\"},{\"@type\":\"ListItem\",\"position\":3,\"name\":\"CERAVE OFFRE CREME HYDRATANTE VISAGE SPF 50 52 ML + CREME HYDRATANTE 3ML + CREME LAVANTE 20ML OFFERTS\"}]},{\"@type\":\"WebSite\",\"@id\":\"https:\/\/paracherkaoui.ma\/#website\",\"url\":\"https:\/\/paracherkaoui.ma\/\",\"name\":\"Paracherkaoui.ma\",\"description\":\"Achetez en ligne sur Paracherkaoui.ma\",\"potentialAction\":[{\"@type\":\"SearchAction\",\"target\":{\"@type\":\"EntryPoint\",\"urlTemplate\":\"https:\/\/paracherkaoui.ma\/?s={search_term_string}\"},\"query-input\":{\"@type\":\"PropertyValueSpecification\",\"valueRequired\":true,\"valueName\":\"search_term_string\"}}],\"inLanguage\":\"fr-FR\"}]}<\/script>\r\n<!-- \/ Yoast SEO plugin. -->","yoast_head_json":{"title":"CERAVE OFFRE CREME HYDRATANTE VISAGE SPF 50 52 ML + CREME HYDRATANTE 3ML + CREME LAVANTE 20ML OFFERTS - Paracherkaoui.ma","robots":{"index":"index","follow":"follow","max-snippet":"max-snippet:-1","max-image-preview":"max-image-preview:large","max-video-preview":"max-video-preview:-1"},"canonical":"https:\/\/paracherkaoui.ma\/index.php\/produit\/cerave-offre-creme-hydratante-visage-spf-50-52-ml-creme-hydratante-3ml-creme-lavante-20ml-offerts-2\/","og_locale":"fr_FR","og_type":"article","og_title":"CERAVE OFFRE CREME HYDRATANTE VISAGE SPF 50 52 ML + CREME HYDRATANTE 3ML + CREME LAVANTE 20ML OFFERTS - Paracherkaoui.ma","og_description":".elementor-210 .elementor-element.elementor-element-5e20d221 .elementor-tab-title, .elementor-210 .elementor-element.elementor-element-5e20d221 .elementor-tab-title:before, .elementor-210 .elementor-element.elementor-element-5e20d221 .elementor-tab-title:after, .elementor-210 .elementor-element.elementor-element-5e20d221 .elementor-tab-content, .elementor-210 .elementor-element.elementor-element-5e20d221 .elementor-tabs-content-wrapper{border-width:0.5px;}.elementor-210 .elementor-element.elementor-element-5e20d221 .elementor-tab-title{color:#000000;}.elementor-210 .elementor-element.elementor-element-5e20d221 .elementor-tab-title.elementor-active{color:#00a28d;}.elementor-210 .elementor-element.elementor-element-5e20d221","og_url":"https:\/\/paracherkaoui.ma\/index.php\/produit\/cerave-offre-creme-hydratante-visage-spf-50-52-ml-creme-hydratante-3ml-creme-lavante-20ml-offerts-2\/","og_site_name":"Paracherkaoui.ma","article_modified_time":"2025-12-12T16:46:48+00:00","og_image":[{"width":700,"height":700,"url":"https:\/\/paracherkaoui.ma\/wp-content\/uploads\/2025\/12\/cerave-offre-creme-hydratante-visage-spf-50-52-ml-creme-hydratante-3ml-creme-lavante-20ml-offerts.jpg","type":"image\/jpeg"}],"twitter_card":"summary_large_image","twitter_misc":{"Dur\u00e9e de lecture estim\u00e9e":"4 minutes"},"schema":{"@context":"https:\/\/schema.org","@graph":[{"@type":"WebPage","@id":"https:\/\/paracherkaoui.ma\/index.php\/produit\/cerave-offre-creme-hydratante-visage-spf-50-52-ml-creme-hydratante-3ml-creme-lavante-20ml-offerts-2\/","url":"https:\/\/paracherkaoui.ma\/index.php\/produit\/cerave-offre-creme-hydratante-visage-spf-50-52-ml-creme-hydratante-3ml-creme-lavante-20ml-offerts-2\/","name":"CERAVE OFFRE CREME HYDRATANTE VISAGE SPF 50 52 ML + CREME HYDRATANTE 3ML + CREME LAVANTE 20ML OFFERTS - Paracherkaoui.ma","isPartOf":{"@id":"https:\/\/paracherkaoui.ma\/#website"},"primaryImageOfPage":{"@id":"https:\/\/paracherkaoui.ma\/index.php\/produit\/cerave-offre-creme-hydratante-visage-spf-50-52-ml-creme-hydratante-3ml-creme-lavante-20ml-offerts-2\/#primaryimage"},"image":{"@id":"https:\/\/paracherkaoui.ma\/index.php\/produit\/cerave-offre-creme-hydratante-visage-spf-50-52-ml-creme-hydratante-3ml-creme-lavante-20ml-offerts-2\/#primaryimage"},"thumbnailUrl":"https:\/\/paracherkaoui.ma\/wp-content\/uploads\/2025\/12\/cerave-offre-creme-hydratante-visage-spf-50-52-ml-creme-hydratante-3ml-creme-lavante-20ml-offerts.jpg","datePublished":"2025-12-12T16:46:44+00:00","dateModified":"2025-12-12T16:46:48+00:00","breadcrumb":{"@id":"https:\/\/paracherkaoui.ma\/index.php\/produit\/cerave-offre-creme-hydratante-visage-spf-50-52-ml-creme-hydratante-3ml-creme-lavante-20ml-offerts-2\/#breadcrumb"},"inLanguage":"fr-FR","potentialAction":[{"@type":"ReadAction","target":["https:\/\/paracherkaoui.ma\/index.php\/produit\/cerave-offre-creme-hydratante-visage-spf-50-52-ml-creme-hydratante-3ml-creme-lavante-20ml-offerts-2\/"]}]},{"@type":"ImageObject","inLanguage":"fr-FR","@id":"https:\/\/paracherkaoui.ma\/index.php\/produit\/cerave-offre-creme-hydratante-visage-spf-50-52-ml-creme-hydratante-3ml-creme-lavante-20ml-offerts-2\/#primaryimage","url":"https:\/\/paracherkaoui.ma\/wp-content\/uploads\/2025\/12\/cerave-offre-creme-hydratante-visage-spf-50-52-ml-creme-hydratante-3ml-creme-lavante-20ml-offerts.jpg","contentUrl":"https:\/\/paracherkaoui.ma\/wp-content\/uploads\/2025\/12\/cerave-offre-creme-hydratante-visage-spf-50-52-ml-creme-hydratante-3ml-creme-lavante-20ml-offerts.jpg","width":700,"height":700},{"@type":"BreadcrumbList","@id":"https:\/\/paracherkaoui.ma\/index.php\/produit\/cerave-offre-creme-hydratante-visage-spf-50-52-ml-creme-hydratante-3ml-creme-lavante-20ml-offerts-2\/#breadcrumb","itemListElement":[{"@type":"ListItem","position":1,"name":"Accueil","item":"https:\/\/paracherkaoui.ma\/"},{"@type":"ListItem","position":2,"name":"Boutique","item":"https:\/\/paracherkaoui.ma\/index.php\/boutique\/"},{"@type":"ListItem","position":3,"name":"CERAVE OFFRE CREME HYDRATANTE VISAGE SPF 50 52 ML + CREME HYDRATANTE 3ML + CREME LAVANTE 20ML OFFERTS"}]},{"@type":"WebSite","@id":"https:\/\/paracherkaoui.ma\/#website","url":"https:\/\/paracherkaoui.ma\/","name":"Paracherkaoui.ma","description":"Achetez en ligne sur Paracherkaoui.ma","potentialAction":[{"@type":"SearchAction","target":{"@type":"EntryPoint","urlTemplate":"https:\/\/paracherkaoui.ma\/?s={search_term_string}"},"query-input":{"@type":"PropertyValueSpecification","valueRequired":true,"valueName":"search_term_string"}}],"inLanguage":"fr-FR"}]}},"_links":{"self":[{"href":"https:\/\/paracherkaoui.ma\/index.php\/wp-json\/wp\/v2\/product\/12826","targetHints":{"allow":["GET"]}}],"collection":[{"href":"https:\/\/paracherkaoui.ma\/index.php\/wp-json\/wp\/v2\/product"}],"about":[{"href":"https:\/\/paracherkaoui.ma\/index.php\/wp-json\/wp\/v2\/types\/product"}],"replies":[{"embeddable":true,"href":"https:\/\/paracherkaoui.ma\/index.php\/wp-json\/wp\/v2\/comments?post=12826"}],"version-history":[{"count":1,"href":"https:\/\/paracherkaoui.ma\/index.php\/wp-json\/wp\/v2\/product\/12826\/revisions"}],"predecessor-version":[{"id":12874,"href":"https:\/\/paracherkaoui.ma\/index.php\/wp-json\/wp\/v2\/product\/12826\/revisions\/12874"}],"wp:featuredmedia":[{"embeddable":true,"href":"https:\/\/paracherkaoui.ma\/index.php\/wp-json\/wp\/v2\/media\/11065"}],"wp:attachment":[{"href":"https:\/\/paracherkaoui.ma\/index.php\/wp-json\/wp\/v2\/media?parent=12826"}],"wp:term":[{"taxonomy":"product_brand","embeddable":true,"href":"https:\/\/paracherkaoui.ma\/index.php\/wp-json\/wp\/v2\/product_brand?post=12826"},{"taxonomy":"product_cat","embeddable":true,"href":"https:\/\/paracherkaoui.ma\/index.php\/wp-json\/wp\/v2\/product_cat?post=12826"},{"taxonomy":"product_tag","embeddable":true,"href":"https:\/\/paracherkaoui.ma\/index.php\/wp-json\/wp\/v2\/product_tag?post=12826"}],"curies":[{"name":"wp","href":"https:\/\/api.w.org\/{rel}","templated":true}]}}