{"id":12823,"date":"2025-12-12T17:46:44","date_gmt":"2025-12-12T16:46:44","guid":{"rendered":"https:\/\/test.ecbeaute.com\/?post_type=product&#038;p=12823"},"modified":"2025-12-12T17:46:47","modified_gmt":"2025-12-12T16:46:47","slug":"uriage-offre-hyseac-fluide-ecran-spf-50-gel-nettoyant-50ml-offert-3","status":"publish","type":"product","link":"https:\/\/paracherkaoui.ma\/index.php\/produit\/uriage-offre-hyseac-fluide-ecran-spf-50-gel-nettoyant-50ml-offert-3\/","title":{"rendered":"URIAGE OFFRE HYSEAC FLUIDE ECRAN SPF 50 + GEL NETTOYANT 50ML OFFERT"},"content":{"rendered":"<p>Le Fluide HYS\u00c9AC SPF50+ associe une protection solaire efficace aux propri\u00e9t\u00e9s adapt\u00e9es aux peaux mixtes \u00e0 grasses.<br \/>\nIl dispose d\u2019une tr\u00e8s haute protection UVA-UVB gr\u00e2ce \u00e0 un nouveau complexe filtrant ultra\u2013performant sans octocryl\u00e8ne.<br \/>\nSa texture est non collante et non grasse.<br \/>\nTr\u00e8s hydratant, il d\u00e9tient des actfifs limitant la d\u00e9shydratation.<br \/>\nIl apporte un effet matifiant durable gr\u00e2ce \u00e0 l\u2019extrait de Licorice qui limite l\u2019exc\u00e8s de s\u00e9bum et pr\u00e9vient ainsi l\u2019apparition de nouvelles imperfections.<br \/>\nConseils d\u2019utilisation<br \/>\nAvant de s\u2019exposer au soleil, appliquer une dose suffisante et homog\u00e8ne.<br \/>\nRenouveler toutes les 2 heures.<\/p>\n","protected":false},"excerpt":{"rendered":"<p>Le Fluide HYS\u00c9AC SPF50+ associe une protection solaire efficace aux propri\u00e9t\u00e9s adapt\u00e9es aux peaux mixtes \u00e0 grasses. Il dispose d\u2019une<\/p>\n","protected":false},"featured_media":10714,"comment_status":"open","ping_status":"closed","template":"","meta":[],"product_brand":[130],"product_cat":[171],"product_tag":[],"class_list":{"0":"post-12823","1":"product","2":"type-product","3":"status-publish","4":"has-post-thumbnail","6":"product_brand-uriage","7":"product_cat-protection-solaire-visage","9":"first","10":"instock","11":"sale","12":"shipping-taxable","13":"purchasable","14":"product-type-simple"},"yoast_head":"<!-- This site is optimized with the Yoast SEO plugin v26.6 - https:\/\/yoast.com\/wordpress\/plugins\/seo\/ -->\r\n<title>URIAGE OFFRE HYSEAC FLUIDE ECRAN SPF 50 + GEL NETTOYANT 50ML OFFERT - Paracherkaoui.ma<\/title>\r\n<meta name=\"robots\" content=\"index, follow, max-snippet:-1, max-image-preview:large, max-video-preview:-1\" \/>\r\n<link rel=\"canonical\" href=\"https:\/\/paracherkaoui.ma\/index.php\/produit\/uriage-offre-hyseac-fluide-ecran-spf-50-gel-nettoyant-50ml-offert-3\/\" \/>\r\n<meta property=\"og:locale\" content=\"fr_FR\" \/>\r\n<meta property=\"og:type\" content=\"article\" \/>\r\n<meta property=\"og:title\" content=\"URIAGE OFFRE HYSEAC FLUIDE ECRAN SPF 50 + GEL NETTOYANT 50ML OFFERT - Paracherkaoui.ma\" \/>\r\n<meta property=\"og:description\" content=\"Le Fluide HYS\u00c9AC SPF50+ associe une protection solaire efficace aux propri\u00e9t\u00e9s adapt\u00e9es aux peaux mixtes \u00e0 grasses. Il dispose d\u2019une\" \/>\r\n<meta property=\"og:url\" content=\"https:\/\/paracherkaoui.ma\/index.php\/produit\/uriage-offre-hyseac-fluide-ecran-spf-50-gel-nettoyant-50ml-offert-3\/\" \/>\r\n<meta property=\"og:site_name\" content=\"Paracherkaoui.ma\" \/>\r\n<meta property=\"article:modified_time\" content=\"2025-12-12T16:46:47+00:00\" \/>\r\n<meta property=\"og:image\" content=\"https:\/\/paracherkaoui.ma\/wp-content\/uploads\/2025\/12\/uriage-uriage-offre-hyseac-fluide-ecran-spf-50-gel-nettoyant-50ml-offert-soins-anti-imperfections.jpg\" \/>\r\n\t<meta property=\"og:image:width\" content=\"700\" \/>\r\n\t<meta property=\"og:image:height\" content=\"700\" \/>\r\n\t<meta property=\"og:image:type\" content=\"image\/jpeg\" \/>\r\n<meta name=\"twitter:card\" content=\"summary_large_image\" \/>\r\n<meta name=\"twitter:label1\" content=\"Dur\u00e9e de lecture estim\u00e9e\" \/>\n\t<meta name=\"twitter:data1\" content=\"1 minute\" \/>\r\n<script type=\"application\/ld+json\" class=\"yoast-schema-graph\">{\"@context\":\"https:\/\/schema.org\",\"@graph\":[{\"@type\":\"WebPage\",\"@id\":\"https:\/\/paracherkaoui.ma\/index.php\/produit\/uriage-offre-hyseac-fluide-ecran-spf-50-gel-nettoyant-50ml-offert-3\/\",\"url\":\"https:\/\/paracherkaoui.ma\/index.php\/produit\/uriage-offre-hyseac-fluide-ecran-spf-50-gel-nettoyant-50ml-offert-3\/\",\"name\":\"URIAGE OFFRE HYSEAC FLUIDE ECRAN SPF 50 + GEL NETTOYANT 50ML OFFERT - Paracherkaoui.ma\",\"isPartOf\":{\"@id\":\"https:\/\/paracherkaoui.ma\/#website\"},\"primaryImageOfPage\":{\"@id\":\"https:\/\/paracherkaoui.ma\/index.php\/produit\/uriage-offre-hyseac-fluide-ecran-spf-50-gel-nettoyant-50ml-offert-3\/#primaryimage\"},\"image\":{\"@id\":\"https:\/\/paracherkaoui.ma\/index.php\/produit\/uriage-offre-hyseac-fluide-ecran-spf-50-gel-nettoyant-50ml-offert-3\/#primaryimage\"},\"thumbnailUrl\":\"https:\/\/paracherkaoui.ma\/wp-content\/uploads\/2025\/12\/uriage-uriage-offre-hyseac-fluide-ecran-spf-50-gel-nettoyant-50ml-offert-soins-anti-imperfections.jpg\",\"datePublished\":\"2025-12-12T16:46:44+00:00\",\"dateModified\":\"2025-12-12T16:46:47+00:00\",\"breadcrumb\":{\"@id\":\"https:\/\/paracherkaoui.ma\/index.php\/produit\/uriage-offre-hyseac-fluide-ecran-spf-50-gel-nettoyant-50ml-offert-3\/#breadcrumb\"},\"inLanguage\":\"fr-FR\",\"potentialAction\":[{\"@type\":\"ReadAction\",\"target\":[\"https:\/\/paracherkaoui.ma\/index.php\/produit\/uriage-offre-hyseac-fluide-ecran-spf-50-gel-nettoyant-50ml-offert-3\/\"]}]},{\"@type\":\"ImageObject\",\"inLanguage\":\"fr-FR\",\"@id\":\"https:\/\/paracherkaoui.ma\/index.php\/produit\/uriage-offre-hyseac-fluide-ecran-spf-50-gel-nettoyant-50ml-offert-3\/#primaryimage\",\"url\":\"https:\/\/paracherkaoui.ma\/wp-content\/uploads\/2025\/12\/uriage-uriage-offre-hyseac-fluide-ecran-spf-50-gel-nettoyant-50ml-offert-soins-anti-imperfections.jpg\",\"contentUrl\":\"https:\/\/paracherkaoui.ma\/wp-content\/uploads\/2025\/12\/uriage-uriage-offre-hyseac-fluide-ecran-spf-50-gel-nettoyant-50ml-offert-soins-anti-imperfections.jpg\",\"width\":700,\"height\":700},{\"@type\":\"BreadcrumbList\",\"@id\":\"https:\/\/paracherkaoui.ma\/index.php\/produit\/uriage-offre-hyseac-fluide-ecran-spf-50-gel-nettoyant-50ml-offert-3\/#breadcrumb\",\"itemListElement\":[{\"@type\":\"ListItem\",\"position\":1,\"name\":\"Accueil\",\"item\":\"https:\/\/paracherkaoui.ma\/\"},{\"@type\":\"ListItem\",\"position\":2,\"name\":\"Boutique\",\"item\":\"https:\/\/paracherkaoui.ma\/index.php\/boutique\/\"},{\"@type\":\"ListItem\",\"position\":3,\"name\":\"URIAGE OFFRE HYSEAC FLUIDE ECRAN SPF 50 + GEL NETTOYANT 50ML OFFERT\"}]},{\"@type\":\"WebSite\",\"@id\":\"https:\/\/paracherkaoui.ma\/#website\",\"url\":\"https:\/\/paracherkaoui.ma\/\",\"name\":\"Paracherkaoui.ma\",\"description\":\"Achetez en ligne sur Paracherkaoui.ma\",\"potentialAction\":[{\"@type\":\"SearchAction\",\"target\":{\"@type\":\"EntryPoint\",\"urlTemplate\":\"https:\/\/paracherkaoui.ma\/?s={search_term_string}\"},\"query-input\":{\"@type\":\"PropertyValueSpecification\",\"valueRequired\":true,\"valueName\":\"search_term_string\"}}],\"inLanguage\":\"fr-FR\"}]}<\/script>\r\n<!-- \/ Yoast SEO plugin. -->","yoast_head_json":{"title":"URIAGE OFFRE HYSEAC FLUIDE ECRAN SPF 50 + GEL NETTOYANT 50ML OFFERT - Paracherkaoui.ma","robots":{"index":"index","follow":"follow","max-snippet":"max-snippet:-1","max-image-preview":"max-image-preview:large","max-video-preview":"max-video-preview:-1"},"canonical":"https:\/\/paracherkaoui.ma\/index.php\/produit\/uriage-offre-hyseac-fluide-ecran-spf-50-gel-nettoyant-50ml-offert-3\/","og_locale":"fr_FR","og_type":"article","og_title":"URIAGE OFFRE HYSEAC FLUIDE ECRAN SPF 50 + GEL NETTOYANT 50ML OFFERT - Paracherkaoui.ma","og_description":"Le Fluide HYS\u00c9AC SPF50+ associe une protection solaire efficace aux propri\u00e9t\u00e9s adapt\u00e9es aux peaux mixtes \u00e0 grasses. Il dispose d\u2019une","og_url":"https:\/\/paracherkaoui.ma\/index.php\/produit\/uriage-offre-hyseac-fluide-ecran-spf-50-gel-nettoyant-50ml-offert-3\/","og_site_name":"Paracherkaoui.ma","article_modified_time":"2025-12-12T16:46:47+00:00","og_image":[{"width":700,"height":700,"url":"https:\/\/paracherkaoui.ma\/wp-content\/uploads\/2025\/12\/uriage-uriage-offre-hyseac-fluide-ecran-spf-50-gel-nettoyant-50ml-offert-soins-anti-imperfections.jpg","type":"image\/jpeg"}],"twitter_card":"summary_large_image","twitter_misc":{"Dur\u00e9e de lecture estim\u00e9e":"1 minute"},"schema":{"@context":"https:\/\/schema.org","@graph":[{"@type":"WebPage","@id":"https:\/\/paracherkaoui.ma\/index.php\/produit\/uriage-offre-hyseac-fluide-ecran-spf-50-gel-nettoyant-50ml-offert-3\/","url":"https:\/\/paracherkaoui.ma\/index.php\/produit\/uriage-offre-hyseac-fluide-ecran-spf-50-gel-nettoyant-50ml-offert-3\/","name":"URIAGE OFFRE HYSEAC FLUIDE ECRAN SPF 50 + GEL NETTOYANT 50ML OFFERT - Paracherkaoui.ma","isPartOf":{"@id":"https:\/\/paracherkaoui.ma\/#website"},"primaryImageOfPage":{"@id":"https:\/\/paracherkaoui.ma\/index.php\/produit\/uriage-offre-hyseac-fluide-ecran-spf-50-gel-nettoyant-50ml-offert-3\/#primaryimage"},"image":{"@id":"https:\/\/paracherkaoui.ma\/index.php\/produit\/uriage-offre-hyseac-fluide-ecran-spf-50-gel-nettoyant-50ml-offert-3\/#primaryimage"},"thumbnailUrl":"https:\/\/paracherkaoui.ma\/wp-content\/uploads\/2025\/12\/uriage-uriage-offre-hyseac-fluide-ecran-spf-50-gel-nettoyant-50ml-offert-soins-anti-imperfections.jpg","datePublished":"2025-12-12T16:46:44+00:00","dateModified":"2025-12-12T16:46:47+00:00","breadcrumb":{"@id":"https:\/\/paracherkaoui.ma\/index.php\/produit\/uriage-offre-hyseac-fluide-ecran-spf-50-gel-nettoyant-50ml-offert-3\/#breadcrumb"},"inLanguage":"fr-FR","potentialAction":[{"@type":"ReadAction","target":["https:\/\/paracherkaoui.ma\/index.php\/produit\/uriage-offre-hyseac-fluide-ecran-spf-50-gel-nettoyant-50ml-offert-3\/"]}]},{"@type":"ImageObject","inLanguage":"fr-FR","@id":"https:\/\/paracherkaoui.ma\/index.php\/produit\/uriage-offre-hyseac-fluide-ecran-spf-50-gel-nettoyant-50ml-offert-3\/#primaryimage","url":"https:\/\/paracherkaoui.ma\/wp-content\/uploads\/2025\/12\/uriage-uriage-offre-hyseac-fluide-ecran-spf-50-gel-nettoyant-50ml-offert-soins-anti-imperfections.jpg","contentUrl":"https:\/\/paracherkaoui.ma\/wp-content\/uploads\/2025\/12\/uriage-uriage-offre-hyseac-fluide-ecran-spf-50-gel-nettoyant-50ml-offert-soins-anti-imperfections.jpg","width":700,"height":700},{"@type":"BreadcrumbList","@id":"https:\/\/paracherkaoui.ma\/index.php\/produit\/uriage-offre-hyseac-fluide-ecran-spf-50-gel-nettoyant-50ml-offert-3\/#breadcrumb","itemListElement":[{"@type":"ListItem","position":1,"name":"Accueil","item":"https:\/\/paracherkaoui.ma\/"},{"@type":"ListItem","position":2,"name":"Boutique","item":"https:\/\/paracherkaoui.ma\/index.php\/boutique\/"},{"@type":"ListItem","position":3,"name":"URIAGE OFFRE HYSEAC FLUIDE ECRAN SPF 50 + GEL NETTOYANT 50ML OFFERT"}]},{"@type":"WebSite","@id":"https:\/\/paracherkaoui.ma\/#website","url":"https:\/\/paracherkaoui.ma\/","name":"Paracherkaoui.ma","description":"Achetez en ligne sur Paracherkaoui.ma","potentialAction":[{"@type":"SearchAction","target":{"@type":"EntryPoint","urlTemplate":"https:\/\/paracherkaoui.ma\/?s={search_term_string}"},"query-input":{"@type":"PropertyValueSpecification","valueRequired":true,"valueName":"search_term_string"}}],"inLanguage":"fr-FR"}]}},"_links":{"self":[{"href":"https:\/\/paracherkaoui.ma\/index.php\/wp-json\/wp\/v2\/product\/12823","targetHints":{"allow":["GET"]}}],"collection":[{"href":"https:\/\/paracherkaoui.ma\/index.php\/wp-json\/wp\/v2\/product"}],"about":[{"href":"https:\/\/paracherkaoui.ma\/index.php\/wp-json\/wp\/v2\/types\/product"}],"replies":[{"embeddable":true,"href":"https:\/\/paracherkaoui.ma\/index.php\/wp-json\/wp\/v2\/comments?post=12823"}],"version-history":[{"count":1,"href":"https:\/\/paracherkaoui.ma\/index.php\/wp-json\/wp\/v2\/product\/12823\/revisions"}],"predecessor-version":[{"id":12870,"href":"https:\/\/paracherkaoui.ma\/index.php\/wp-json\/wp\/v2\/product\/12823\/revisions\/12870"}],"wp:featuredmedia":[{"embeddable":true,"href":"https:\/\/paracherkaoui.ma\/index.php\/wp-json\/wp\/v2\/media\/10714"}],"wp:attachment":[{"href":"https:\/\/paracherkaoui.ma\/index.php\/wp-json\/wp\/v2\/media?parent=12823"}],"wp:term":[{"taxonomy":"product_brand","embeddable":true,"href":"https:\/\/paracherkaoui.ma\/index.php\/wp-json\/wp\/v2\/product_brand?post=12823"},{"taxonomy":"product_cat","embeddable":true,"href":"https:\/\/paracherkaoui.ma\/index.php\/wp-json\/wp\/v2\/product_cat?post=12823"},{"taxonomy":"product_tag","embeddable":true,"href":"https:\/\/paracherkaoui.ma\/index.php\/wp-json\/wp\/v2\/product_tag?post=12823"}],"curies":[{"name":"wp","href":"https:\/\/api.w.org\/{rel}","templated":true}]}}