{"id":12822,"date":"2025-12-12T17:46:44","date_gmt":"2025-12-12T16:46:44","guid":{"rendered":"https:\/\/test.ecbeaute.com\/?post_type=product&#038;p=12822"},"modified":"2025-12-12T17:46:47","modified_gmt":"2025-12-12T16:46:47","slug":"la-roche-posay-anthelios-brume-visage-invisible-spf50-spray-75-ml","status":"publish","type":"product","link":"https:\/\/paracherkaoui.ma\/index.php\/produit\/la-roche-posay-anthelios-brume-visage-invisible-spf50-spray-75-ml\/","title":{"rendered":"LA ROCHE POSAY ANTHELIOS BRUME VISAGE INVISIBLE SPF50 + SPRAY 75 ML"},"content":{"rendered":"<p>INDICATIONS :<br \/>\nLA ROCHE-POSAY ANTHELIOS Brume visage invisible SPF50+. La Brume visage invisible Anthelios de La Roche-Posay est un soin solaire tr\u00e8s haute protection. Il est particuli\u00e8rement recommand\u00e9 pour les peaux sensibles ou sujettes aux allergies solaires. Son parfum agr\u00e9able et l\u00e9ger est envo\u00fbtant et son fini sec et invisible permet de l&rsquo;appliquer tout au long de la journ\u00e9e. La peau est prot\u00e9g\u00e9e des rayons n\u00e9fastes du soleil. Sans paraben<br \/>\nPR\u00c9SENTATION :<br \/>\n1 Spray de 75 ml<br \/>\nCONSEIL D&rsquo;UTILISATIONS :<br \/>\nAppliquer le produit juste avant l&rsquo;exposition. Renouveler g\u00e9n\u00e9reusement et fr\u00e9quemment, surtout apr\u00e8s une baignade ou s&rsquo;\u00eatre essuy\u00e9. Usage externe.<br \/>\nPR\u00c9CAUTIONS D&rsquo;EMPLOI :<br \/>\nPr\u00e9cautions: L&rsquo;abus de soleil est dangereux. Un produit solaire ne prot\u00e8ge jamais totalement.<br \/>\nCOMPOSITION :<br \/>\nLes informations relatives \u00e0 la composition de nos produits ne sauraient se substituer aux informations figurant sur l\u2019emballage du produit qui font seules foi, et auxquelles vous \u00eates invit\u00e9 \u00e0 vous reporter. COMPOSITION &#8211; Code FIL : C192648\/1 BUTANE . AQUA \/ WATER . HOMOSALATE . OCTOCRYLENE . GLYCERIN . DIMETHICONE . ETHYLHEXYL SALICYLATE . DICAPRYLYL CARBONATE . NYLON-12 . DIISOPROPYL SEBACATE . BUTYL METHOXYDIBENZOYLMETHANE . STYRENE\/ACRYLATES COPOLYMER . p-ANISIC ACID . CAPRYLYL GLYCOL . CARNOSINE . CYCLOHEXASILOXANE . DISODIUM EDTA . DROMETRIZOLE TRISILOXANE . ETHYLHEXYL TRIAZONE . MEL \/ HONEY . METHYL METHACRYLATE CROSSPOLYMER . PEG-32 . PEG-8 LAURATE . PENTYLENE GLYCOL . PHENOXYETHANOL . POLY C10-30 ALKYL ACRYLATE . POLYGLYCERYL-6 POLYRICINOLEATE . PROPYLENE GLYCOL . SILICA SILYLATE . SODIUM CHLORIDE . SODIUM SACCHARIN . TOCOPHEROL . PARFUM \/ FRAGRANCE<\/p>\n","protected":false},"excerpt":{"rendered":"<p>INDICATIONS : LA ROCHE-POSAY ANTHELIOS Brume visage invisible SPF50+. La Brume visage invisible Anthelios de La Roche-Posay est un soin<\/p>\n","protected":false},"featured_media":12868,"comment_status":"open","ping_status":"closed","template":"","meta":[],"product_brand":[132],"product_cat":[171],"product_tag":[],"class_list":{"0":"post-12822","1":"product","2":"type-product","3":"status-publish","4":"has-post-thumbnail","6":"product_brand-la-roche-posay","7":"product_cat-protection-solaire-visage","9":"first","10":"instock","11":"sale","12":"shipping-taxable","13":"purchasable","14":"product-type-simple"},"yoast_head":"<!-- This site is optimized with the Yoast SEO plugin v26.6 - https:\/\/yoast.com\/wordpress\/plugins\/seo\/ -->\r\n<title>LA ROCHE POSAY ANTHELIOS BRUME VISAGE INVISIBLE SPF50 + SPRAY 75 ML - Paracherkaoui.ma<\/title>\r\n<meta name=\"robots\" content=\"index, follow, max-snippet:-1, max-image-preview:large, max-video-preview:-1\" \/>\r\n<link rel=\"canonical\" href=\"https:\/\/paracherkaoui.ma\/index.php\/produit\/la-roche-posay-anthelios-brume-visage-invisible-spf50-spray-75-ml\/\" \/>\r\n<meta property=\"og:locale\" content=\"fr_FR\" \/>\r\n<meta property=\"og:type\" content=\"article\" \/>\r\n<meta property=\"og:title\" content=\"LA ROCHE POSAY ANTHELIOS BRUME VISAGE INVISIBLE SPF50 + SPRAY 75 ML - Paracherkaoui.ma\" \/>\r\n<meta property=\"og:description\" content=\"INDICATIONS : LA ROCHE-POSAY ANTHELIOS Brume visage invisible SPF50+. La Brume visage invisible Anthelios de La Roche-Posay est un soin\" \/>\r\n<meta property=\"og:url\" content=\"https:\/\/paracherkaoui.ma\/index.php\/produit\/la-roche-posay-anthelios-brume-visage-invisible-spf50-spray-75-ml\/\" \/>\r\n<meta property=\"og:site_name\" content=\"Paracherkaoui.ma\" \/>\r\n<meta property=\"article:modified_time\" content=\"2025-12-12T16:46:47+00:00\" \/>\r\n<meta property=\"og:image\" content=\"https:\/\/paracherkaoui.ma\/wp-content\/uploads\/2025\/12\/la-roche-posay-la-roche-posay-anthelios-brume-visage-invisible-spf50-spray-75-ml-protection-solaire-visage.jpg\" \/>\r\n\t<meta property=\"og:image:width\" content=\"700\" \/>\r\n\t<meta property=\"og:image:height\" content=\"700\" \/>\r\n\t<meta property=\"og:image:type\" content=\"image\/jpeg\" \/>\r\n<meta name=\"twitter:card\" content=\"summary_large_image\" \/>\r\n<meta name=\"twitter:label1\" content=\"Dur\u00e9e de lecture estim\u00e9e\" \/>\n\t<meta name=\"twitter:data1\" content=\"1 minute\" \/>\r\n<script type=\"application\/ld+json\" class=\"yoast-schema-graph\">{\"@context\":\"https:\/\/schema.org\",\"@graph\":[{\"@type\":\"WebPage\",\"@id\":\"https:\/\/paracherkaoui.ma\/index.php\/produit\/la-roche-posay-anthelios-brume-visage-invisible-spf50-spray-75-ml\/\",\"url\":\"https:\/\/paracherkaoui.ma\/index.php\/produit\/la-roche-posay-anthelios-brume-visage-invisible-spf50-spray-75-ml\/\",\"name\":\"LA ROCHE POSAY ANTHELIOS BRUME VISAGE INVISIBLE SPF50 + SPRAY 75 ML - Paracherkaoui.ma\",\"isPartOf\":{\"@id\":\"https:\/\/paracherkaoui.ma\/#website\"},\"primaryImageOfPage\":{\"@id\":\"https:\/\/paracherkaoui.ma\/index.php\/produit\/la-roche-posay-anthelios-brume-visage-invisible-spf50-spray-75-ml\/#primaryimage\"},\"image\":{\"@id\":\"https:\/\/paracherkaoui.ma\/index.php\/produit\/la-roche-posay-anthelios-brume-visage-invisible-spf50-spray-75-ml\/#primaryimage\"},\"thumbnailUrl\":\"https:\/\/paracherkaoui.ma\/wp-content\/uploads\/2025\/12\/la-roche-posay-la-roche-posay-anthelios-brume-visage-invisible-spf50-spray-75-ml-protection-solaire-visage.jpg\",\"datePublished\":\"2025-12-12T16:46:44+00:00\",\"dateModified\":\"2025-12-12T16:46:47+00:00\",\"breadcrumb\":{\"@id\":\"https:\/\/paracherkaoui.ma\/index.php\/produit\/la-roche-posay-anthelios-brume-visage-invisible-spf50-spray-75-ml\/#breadcrumb\"},\"inLanguage\":\"fr-FR\",\"potentialAction\":[{\"@type\":\"ReadAction\",\"target\":[\"https:\/\/paracherkaoui.ma\/index.php\/produit\/la-roche-posay-anthelios-brume-visage-invisible-spf50-spray-75-ml\/\"]}]},{\"@type\":\"ImageObject\",\"inLanguage\":\"fr-FR\",\"@id\":\"https:\/\/paracherkaoui.ma\/index.php\/produit\/la-roche-posay-anthelios-brume-visage-invisible-spf50-spray-75-ml\/#primaryimage\",\"url\":\"https:\/\/paracherkaoui.ma\/wp-content\/uploads\/2025\/12\/la-roche-posay-la-roche-posay-anthelios-brume-visage-invisible-spf50-spray-75-ml-protection-solaire-visage.jpg\",\"contentUrl\":\"https:\/\/paracherkaoui.ma\/wp-content\/uploads\/2025\/12\/la-roche-posay-la-roche-posay-anthelios-brume-visage-invisible-spf50-spray-75-ml-protection-solaire-visage.jpg\",\"width\":700,\"height\":700},{\"@type\":\"BreadcrumbList\",\"@id\":\"https:\/\/paracherkaoui.ma\/index.php\/produit\/la-roche-posay-anthelios-brume-visage-invisible-spf50-spray-75-ml\/#breadcrumb\",\"itemListElement\":[{\"@type\":\"ListItem\",\"position\":1,\"name\":\"Accueil\",\"item\":\"https:\/\/paracherkaoui.ma\/\"},{\"@type\":\"ListItem\",\"position\":2,\"name\":\"Boutique\",\"item\":\"https:\/\/paracherkaoui.ma\/index.php\/boutique\/\"},{\"@type\":\"ListItem\",\"position\":3,\"name\":\"LA ROCHE POSAY ANTHELIOS BRUME VISAGE INVISIBLE SPF50 + SPRAY 75 ML\"}]},{\"@type\":\"WebSite\",\"@id\":\"https:\/\/paracherkaoui.ma\/#website\",\"url\":\"https:\/\/paracherkaoui.ma\/\",\"name\":\"Paracherkaoui.ma\",\"description\":\"Achetez en ligne sur Paracherkaoui.ma\",\"potentialAction\":[{\"@type\":\"SearchAction\",\"target\":{\"@type\":\"EntryPoint\",\"urlTemplate\":\"https:\/\/paracherkaoui.ma\/?s={search_term_string}\"},\"query-input\":{\"@type\":\"PropertyValueSpecification\",\"valueRequired\":true,\"valueName\":\"search_term_string\"}}],\"inLanguage\":\"fr-FR\"}]}<\/script>\r\n<!-- \/ Yoast SEO plugin. -->","yoast_head_json":{"title":"LA ROCHE POSAY ANTHELIOS BRUME VISAGE INVISIBLE SPF50 + SPRAY 75 ML - Paracherkaoui.ma","robots":{"index":"index","follow":"follow","max-snippet":"max-snippet:-1","max-image-preview":"max-image-preview:large","max-video-preview":"max-video-preview:-1"},"canonical":"https:\/\/paracherkaoui.ma\/index.php\/produit\/la-roche-posay-anthelios-brume-visage-invisible-spf50-spray-75-ml\/","og_locale":"fr_FR","og_type":"article","og_title":"LA ROCHE POSAY ANTHELIOS BRUME VISAGE INVISIBLE SPF50 + SPRAY 75 ML - Paracherkaoui.ma","og_description":"INDICATIONS : LA ROCHE-POSAY ANTHELIOS Brume visage invisible SPF50+. La Brume visage invisible Anthelios de La Roche-Posay est un soin","og_url":"https:\/\/paracherkaoui.ma\/index.php\/produit\/la-roche-posay-anthelios-brume-visage-invisible-spf50-spray-75-ml\/","og_site_name":"Paracherkaoui.ma","article_modified_time":"2025-12-12T16:46:47+00:00","og_image":[{"width":700,"height":700,"url":"https:\/\/paracherkaoui.ma\/wp-content\/uploads\/2025\/12\/la-roche-posay-la-roche-posay-anthelios-brume-visage-invisible-spf50-spray-75-ml-protection-solaire-visage.jpg","type":"image\/jpeg"}],"twitter_card":"summary_large_image","twitter_misc":{"Dur\u00e9e de lecture estim\u00e9e":"1 minute"},"schema":{"@context":"https:\/\/schema.org","@graph":[{"@type":"WebPage","@id":"https:\/\/paracherkaoui.ma\/index.php\/produit\/la-roche-posay-anthelios-brume-visage-invisible-spf50-spray-75-ml\/","url":"https:\/\/paracherkaoui.ma\/index.php\/produit\/la-roche-posay-anthelios-brume-visage-invisible-spf50-spray-75-ml\/","name":"LA ROCHE POSAY ANTHELIOS BRUME VISAGE INVISIBLE SPF50 + SPRAY 75 ML - Paracherkaoui.ma","isPartOf":{"@id":"https:\/\/paracherkaoui.ma\/#website"},"primaryImageOfPage":{"@id":"https:\/\/paracherkaoui.ma\/index.php\/produit\/la-roche-posay-anthelios-brume-visage-invisible-spf50-spray-75-ml\/#primaryimage"},"image":{"@id":"https:\/\/paracherkaoui.ma\/index.php\/produit\/la-roche-posay-anthelios-brume-visage-invisible-spf50-spray-75-ml\/#primaryimage"},"thumbnailUrl":"https:\/\/paracherkaoui.ma\/wp-content\/uploads\/2025\/12\/la-roche-posay-la-roche-posay-anthelios-brume-visage-invisible-spf50-spray-75-ml-protection-solaire-visage.jpg","datePublished":"2025-12-12T16:46:44+00:00","dateModified":"2025-12-12T16:46:47+00:00","breadcrumb":{"@id":"https:\/\/paracherkaoui.ma\/index.php\/produit\/la-roche-posay-anthelios-brume-visage-invisible-spf50-spray-75-ml\/#breadcrumb"},"inLanguage":"fr-FR","potentialAction":[{"@type":"ReadAction","target":["https:\/\/paracherkaoui.ma\/index.php\/produit\/la-roche-posay-anthelios-brume-visage-invisible-spf50-spray-75-ml\/"]}]},{"@type":"ImageObject","inLanguage":"fr-FR","@id":"https:\/\/paracherkaoui.ma\/index.php\/produit\/la-roche-posay-anthelios-brume-visage-invisible-spf50-spray-75-ml\/#primaryimage","url":"https:\/\/paracherkaoui.ma\/wp-content\/uploads\/2025\/12\/la-roche-posay-la-roche-posay-anthelios-brume-visage-invisible-spf50-spray-75-ml-protection-solaire-visage.jpg","contentUrl":"https:\/\/paracherkaoui.ma\/wp-content\/uploads\/2025\/12\/la-roche-posay-la-roche-posay-anthelios-brume-visage-invisible-spf50-spray-75-ml-protection-solaire-visage.jpg","width":700,"height":700},{"@type":"BreadcrumbList","@id":"https:\/\/paracherkaoui.ma\/index.php\/produit\/la-roche-posay-anthelios-brume-visage-invisible-spf50-spray-75-ml\/#breadcrumb","itemListElement":[{"@type":"ListItem","position":1,"name":"Accueil","item":"https:\/\/paracherkaoui.ma\/"},{"@type":"ListItem","position":2,"name":"Boutique","item":"https:\/\/paracherkaoui.ma\/index.php\/boutique\/"},{"@type":"ListItem","position":3,"name":"LA ROCHE POSAY ANTHELIOS BRUME VISAGE INVISIBLE SPF50 + SPRAY 75 ML"}]},{"@type":"WebSite","@id":"https:\/\/paracherkaoui.ma\/#website","url":"https:\/\/paracherkaoui.ma\/","name":"Paracherkaoui.ma","description":"Achetez en ligne sur Paracherkaoui.ma","potentialAction":[{"@type":"SearchAction","target":{"@type":"EntryPoint","urlTemplate":"https:\/\/paracherkaoui.ma\/?s={search_term_string}"},"query-input":{"@type":"PropertyValueSpecification","valueRequired":true,"valueName":"search_term_string"}}],"inLanguage":"fr-FR"}]}},"_links":{"self":[{"href":"https:\/\/paracherkaoui.ma\/index.php\/wp-json\/wp\/v2\/product\/12822","targetHints":{"allow":["GET"]}}],"collection":[{"href":"https:\/\/paracherkaoui.ma\/index.php\/wp-json\/wp\/v2\/product"}],"about":[{"href":"https:\/\/paracherkaoui.ma\/index.php\/wp-json\/wp\/v2\/types\/product"}],"replies":[{"embeddable":true,"href":"https:\/\/paracherkaoui.ma\/index.php\/wp-json\/wp\/v2\/comments?post=12822"}],"version-history":[{"count":1,"href":"https:\/\/paracherkaoui.ma\/index.php\/wp-json\/wp\/v2\/product\/12822\/revisions"}],"predecessor-version":[{"id":12869,"href":"https:\/\/paracherkaoui.ma\/index.php\/wp-json\/wp\/v2\/product\/12822\/revisions\/12869"}],"wp:featuredmedia":[{"embeddable":true,"href":"https:\/\/paracherkaoui.ma\/index.php\/wp-json\/wp\/v2\/media\/12868"}],"wp:attachment":[{"href":"https:\/\/paracherkaoui.ma\/index.php\/wp-json\/wp\/v2\/media?parent=12822"}],"wp:term":[{"taxonomy":"product_brand","embeddable":true,"href":"https:\/\/paracherkaoui.ma\/index.php\/wp-json\/wp\/v2\/product_brand?post=12822"},{"taxonomy":"product_cat","embeddable":true,"href":"https:\/\/paracherkaoui.ma\/index.php\/wp-json\/wp\/v2\/product_cat?post=12822"},{"taxonomy":"product_tag","embeddable":true,"href":"https:\/\/paracherkaoui.ma\/index.php\/wp-json\/wp\/v2\/product_tag?post=12822"}],"curies":[{"name":"wp","href":"https:\/\/api.w.org\/{rel}","templated":true}]}}