{"id":12816,"date":"2025-12-12T17:46:44","date_gmt":"2025-12-12T16:46:44","guid":{"rendered":"https:\/\/test.ecbeaute.com\/?post_type=product&#038;p=12816"},"modified":"2025-12-12T17:46:46","modified_gmt":"2025-12-12T16:46:46","slug":"isdin-foto-ultra-age-repair-fusion-water-spf-50","status":"publish","type":"product","link":"https:\/\/paracherkaoui.ma\/index.php\/produit\/isdin-foto-ultra-age-repair-fusion-water-spf-50\/","title":{"rendered":"ISDIN FOTO ULTRA AGE REPAIR FUSION WATER SPF 50"},"content":{"rendered":"<p>Description:<br \/>\nFoto Ultra ISDIN\u00ae AgeSPF50+ est un \u00e9cran solaire con\u00e7u pour pr\u00e9venir et freiner le photovieillissement.Prot\u00e8ge des rayons UVA et UVB. R\u00e9pare l\u2019ADN cellulaire.Att\u00e9nue les signes visibles du photovieillissement. R\u00e9duit les rides. Illumine la peau. Prot\u00e8ge et rajeunit votre peau !<\/p>\n","protected":false},"excerpt":{"rendered":"<p>Description: Foto Ultra ISDIN\u00ae AgeSPF50+ est un \u00e9cran solaire con\u00e7u pour pr\u00e9venir et freiner le photovieillissement.Prot\u00e8ge des rayons UVA et<\/p>\n","protected":false},"featured_media":12856,"comment_status":"open","ping_status":"closed","template":"","meta":[],"product_brand":[135],"product_cat":[171],"product_tag":[],"class_list":{"0":"post-12816","1":"product","2":"type-product","3":"status-publish","4":"has-post-thumbnail","6":"product_brand-isdin","7":"product_cat-protection-solaire-visage","9":"first","10":"instock","11":"sale","12":"shipping-taxable","13":"purchasable","14":"product-type-simple"},"yoast_head":"<!-- This site is optimized with the Yoast SEO plugin v26.6 - https:\/\/yoast.com\/wordpress\/plugins\/seo\/ -->\r\n<title>ISDIN FOTO ULTRA AGE REPAIR FUSION WATER SPF 50 - Paracherkaoui.ma<\/title>\r\n<meta name=\"robots\" content=\"index, follow, max-snippet:-1, max-image-preview:large, max-video-preview:-1\" \/>\r\n<link rel=\"canonical\" href=\"https:\/\/paracherkaoui.ma\/index.php\/produit\/isdin-foto-ultra-age-repair-fusion-water-spf-50\/\" \/>\r\n<meta property=\"og:locale\" content=\"fr_FR\" \/>\r\n<meta property=\"og:type\" content=\"article\" \/>\r\n<meta property=\"og:title\" content=\"ISDIN FOTO ULTRA AGE REPAIR FUSION WATER SPF 50 - Paracherkaoui.ma\" \/>\r\n<meta property=\"og:description\" content=\"Description: Foto Ultra ISDIN\u00ae AgeSPF50+ est un \u00e9cran solaire con\u00e7u pour pr\u00e9venir et freiner le photovieillissement.Prot\u00e8ge des rayons UVA et\" \/>\r\n<meta property=\"og:url\" content=\"https:\/\/paracherkaoui.ma\/index.php\/produit\/isdin-foto-ultra-age-repair-fusion-water-spf-50\/\" \/>\r\n<meta property=\"og:site_name\" content=\"Paracherkaoui.ma\" \/>\r\n<meta property=\"article:modified_time\" content=\"2025-12-12T16:46:46+00:00\" \/>\r\n<meta property=\"og:image\" content=\"https:\/\/paracherkaoui.ma\/wp-content\/uploads\/2025\/12\/isdin-foto-ultra-age-repair-fusion-water-spf-50.jpg\" \/>\r\n\t<meta property=\"og:image:width\" content=\"700\" \/>\r\n\t<meta property=\"og:image:height\" content=\"700\" \/>\r\n\t<meta property=\"og:image:type\" content=\"image\/jpeg\" \/>\r\n<meta name=\"twitter:card\" content=\"summary_large_image\" \/>\r\n<script type=\"application\/ld+json\" class=\"yoast-schema-graph\">{\"@context\":\"https:\/\/schema.org\",\"@graph\":[{\"@type\":\"WebPage\",\"@id\":\"https:\/\/paracherkaoui.ma\/index.php\/produit\/isdin-foto-ultra-age-repair-fusion-water-spf-50\/\",\"url\":\"https:\/\/paracherkaoui.ma\/index.php\/produit\/isdin-foto-ultra-age-repair-fusion-water-spf-50\/\",\"name\":\"ISDIN FOTO ULTRA AGE REPAIR FUSION WATER SPF 50 - Paracherkaoui.ma\",\"isPartOf\":{\"@id\":\"https:\/\/paracherkaoui.ma\/#website\"},\"primaryImageOfPage\":{\"@id\":\"https:\/\/paracherkaoui.ma\/index.php\/produit\/isdin-foto-ultra-age-repair-fusion-water-spf-50\/#primaryimage\"},\"image\":{\"@id\":\"https:\/\/paracherkaoui.ma\/index.php\/produit\/isdin-foto-ultra-age-repair-fusion-water-spf-50\/#primaryimage\"},\"thumbnailUrl\":\"https:\/\/paracherkaoui.ma\/wp-content\/uploads\/2025\/12\/isdin-foto-ultra-age-repair-fusion-water-spf-50.jpg\",\"datePublished\":\"2025-12-12T16:46:44+00:00\",\"dateModified\":\"2025-12-12T16:46:46+00:00\",\"breadcrumb\":{\"@id\":\"https:\/\/paracherkaoui.ma\/index.php\/produit\/isdin-foto-ultra-age-repair-fusion-water-spf-50\/#breadcrumb\"},\"inLanguage\":\"fr-FR\",\"potentialAction\":[{\"@type\":\"ReadAction\",\"target\":[\"https:\/\/paracherkaoui.ma\/index.php\/produit\/isdin-foto-ultra-age-repair-fusion-water-spf-50\/\"]}]},{\"@type\":\"ImageObject\",\"inLanguage\":\"fr-FR\",\"@id\":\"https:\/\/paracherkaoui.ma\/index.php\/produit\/isdin-foto-ultra-age-repair-fusion-water-spf-50\/#primaryimage\",\"url\":\"https:\/\/paracherkaoui.ma\/wp-content\/uploads\/2025\/12\/isdin-foto-ultra-age-repair-fusion-water-spf-50.jpg\",\"contentUrl\":\"https:\/\/paracherkaoui.ma\/wp-content\/uploads\/2025\/12\/isdin-foto-ultra-age-repair-fusion-water-spf-50.jpg\",\"width\":700,\"height\":700},{\"@type\":\"BreadcrumbList\",\"@id\":\"https:\/\/paracherkaoui.ma\/index.php\/produit\/isdin-foto-ultra-age-repair-fusion-water-spf-50\/#breadcrumb\",\"itemListElement\":[{\"@type\":\"ListItem\",\"position\":1,\"name\":\"Accueil\",\"item\":\"https:\/\/paracherkaoui.ma\/\"},{\"@type\":\"ListItem\",\"position\":2,\"name\":\"Boutique\",\"item\":\"https:\/\/paracherkaoui.ma\/index.php\/boutique\/\"},{\"@type\":\"ListItem\",\"position\":3,\"name\":\"ISDIN FOTO ULTRA AGE REPAIR FUSION WATER SPF 50\"}]},{\"@type\":\"WebSite\",\"@id\":\"https:\/\/paracherkaoui.ma\/#website\",\"url\":\"https:\/\/paracherkaoui.ma\/\",\"name\":\"Paracherkaoui.ma\",\"description\":\"Achetez en ligne sur Paracherkaoui.ma\",\"potentialAction\":[{\"@type\":\"SearchAction\",\"target\":{\"@type\":\"EntryPoint\",\"urlTemplate\":\"https:\/\/paracherkaoui.ma\/?s={search_term_string}\"},\"query-input\":{\"@type\":\"PropertyValueSpecification\",\"valueRequired\":true,\"valueName\":\"search_term_string\"}}],\"inLanguage\":\"fr-FR\"}]}<\/script>\r\n<!-- \/ Yoast SEO plugin. -->","yoast_head_json":{"title":"ISDIN FOTO ULTRA AGE REPAIR FUSION WATER SPF 50 - Paracherkaoui.ma","robots":{"index":"index","follow":"follow","max-snippet":"max-snippet:-1","max-image-preview":"max-image-preview:large","max-video-preview":"max-video-preview:-1"},"canonical":"https:\/\/paracherkaoui.ma\/index.php\/produit\/isdin-foto-ultra-age-repair-fusion-water-spf-50\/","og_locale":"fr_FR","og_type":"article","og_title":"ISDIN FOTO ULTRA AGE REPAIR FUSION WATER SPF 50 - Paracherkaoui.ma","og_description":"Description: Foto Ultra ISDIN\u00ae AgeSPF50+ est un \u00e9cran solaire con\u00e7u pour pr\u00e9venir et freiner le photovieillissement.Prot\u00e8ge des rayons UVA et","og_url":"https:\/\/paracherkaoui.ma\/index.php\/produit\/isdin-foto-ultra-age-repair-fusion-water-spf-50\/","og_site_name":"Paracherkaoui.ma","article_modified_time":"2025-12-12T16:46:46+00:00","og_image":[{"width":700,"height":700,"url":"https:\/\/paracherkaoui.ma\/wp-content\/uploads\/2025\/12\/isdin-foto-ultra-age-repair-fusion-water-spf-50.jpg","type":"image\/jpeg"}],"twitter_card":"summary_large_image","schema":{"@context":"https:\/\/schema.org","@graph":[{"@type":"WebPage","@id":"https:\/\/paracherkaoui.ma\/index.php\/produit\/isdin-foto-ultra-age-repair-fusion-water-spf-50\/","url":"https:\/\/paracherkaoui.ma\/index.php\/produit\/isdin-foto-ultra-age-repair-fusion-water-spf-50\/","name":"ISDIN FOTO ULTRA AGE REPAIR FUSION WATER SPF 50 - Paracherkaoui.ma","isPartOf":{"@id":"https:\/\/paracherkaoui.ma\/#website"},"primaryImageOfPage":{"@id":"https:\/\/paracherkaoui.ma\/index.php\/produit\/isdin-foto-ultra-age-repair-fusion-water-spf-50\/#primaryimage"},"image":{"@id":"https:\/\/paracherkaoui.ma\/index.php\/produit\/isdin-foto-ultra-age-repair-fusion-water-spf-50\/#primaryimage"},"thumbnailUrl":"https:\/\/paracherkaoui.ma\/wp-content\/uploads\/2025\/12\/isdin-foto-ultra-age-repair-fusion-water-spf-50.jpg","datePublished":"2025-12-12T16:46:44+00:00","dateModified":"2025-12-12T16:46:46+00:00","breadcrumb":{"@id":"https:\/\/paracherkaoui.ma\/index.php\/produit\/isdin-foto-ultra-age-repair-fusion-water-spf-50\/#breadcrumb"},"inLanguage":"fr-FR","potentialAction":[{"@type":"ReadAction","target":["https:\/\/paracherkaoui.ma\/index.php\/produit\/isdin-foto-ultra-age-repair-fusion-water-spf-50\/"]}]},{"@type":"ImageObject","inLanguage":"fr-FR","@id":"https:\/\/paracherkaoui.ma\/index.php\/produit\/isdin-foto-ultra-age-repair-fusion-water-spf-50\/#primaryimage","url":"https:\/\/paracherkaoui.ma\/wp-content\/uploads\/2025\/12\/isdin-foto-ultra-age-repair-fusion-water-spf-50.jpg","contentUrl":"https:\/\/paracherkaoui.ma\/wp-content\/uploads\/2025\/12\/isdin-foto-ultra-age-repair-fusion-water-spf-50.jpg","width":700,"height":700},{"@type":"BreadcrumbList","@id":"https:\/\/paracherkaoui.ma\/index.php\/produit\/isdin-foto-ultra-age-repair-fusion-water-spf-50\/#breadcrumb","itemListElement":[{"@type":"ListItem","position":1,"name":"Accueil","item":"https:\/\/paracherkaoui.ma\/"},{"@type":"ListItem","position":2,"name":"Boutique","item":"https:\/\/paracherkaoui.ma\/index.php\/boutique\/"},{"@type":"ListItem","position":3,"name":"ISDIN FOTO ULTRA AGE REPAIR FUSION WATER SPF 50"}]},{"@type":"WebSite","@id":"https:\/\/paracherkaoui.ma\/#website","url":"https:\/\/paracherkaoui.ma\/","name":"Paracherkaoui.ma","description":"Achetez en ligne sur Paracherkaoui.ma","potentialAction":[{"@type":"SearchAction","target":{"@type":"EntryPoint","urlTemplate":"https:\/\/paracherkaoui.ma\/?s={search_term_string}"},"query-input":{"@type":"PropertyValueSpecification","valueRequired":true,"valueName":"search_term_string"}}],"inLanguage":"fr-FR"}]}},"_links":{"self":[{"href":"https:\/\/paracherkaoui.ma\/index.php\/wp-json\/wp\/v2\/product\/12816","targetHints":{"allow":["GET"]}}],"collection":[{"href":"https:\/\/paracherkaoui.ma\/index.php\/wp-json\/wp\/v2\/product"}],"about":[{"href":"https:\/\/paracherkaoui.ma\/index.php\/wp-json\/wp\/v2\/types\/product"}],"replies":[{"embeddable":true,"href":"https:\/\/paracherkaoui.ma\/index.php\/wp-json\/wp\/v2\/comments?post=12816"}],"version-history":[{"count":1,"href":"https:\/\/paracherkaoui.ma\/index.php\/wp-json\/wp\/v2\/product\/12816\/revisions"}],"predecessor-version":[{"id":12857,"href":"https:\/\/paracherkaoui.ma\/index.php\/wp-json\/wp\/v2\/product\/12816\/revisions\/12857"}],"wp:featuredmedia":[{"embeddable":true,"href":"https:\/\/paracherkaoui.ma\/index.php\/wp-json\/wp\/v2\/media\/12856"}],"wp:attachment":[{"href":"https:\/\/paracherkaoui.ma\/index.php\/wp-json\/wp\/v2\/media?parent=12816"}],"wp:term":[{"taxonomy":"product_brand","embeddable":true,"href":"https:\/\/paracherkaoui.ma\/index.php\/wp-json\/wp\/v2\/product_brand?post=12816"},{"taxonomy":"product_cat","embeddable":true,"href":"https:\/\/paracherkaoui.ma\/index.php\/wp-json\/wp\/v2\/product_cat?post=12816"},{"taxonomy":"product_tag","embeddable":true,"href":"https:\/\/paracherkaoui.ma\/index.php\/wp-json\/wp\/v2\/product_tag?post=12816"}],"curies":[{"name":"wp","href":"https:\/\/api.w.org\/{rel}","templated":true}]}}