{"id":12812,"date":"2025-12-12T17:46:44","date_gmt":"2025-12-12T16:46:44","guid":{"rendered":"https:\/\/test.ecbeaute.com\/?post_type=product&#038;p=12812"},"modified":"2025-12-12T17:46:46","modified_gmt":"2025-12-12T16:46:46","slug":"biafine-soleil-biafine-lait-apres-soleil-nourrissant-150-ml-2","status":"publish","type":"product","link":"https:\/\/paracherkaoui.ma\/index.php\/produit\/biafine-soleil-biafine-lait-apres-soleil-nourrissant-150-ml-2\/","title":{"rendered":"BIAFINE SOLEIL BIAFINE LAIT APRES SOLEIL NOURRISSANT 150 ML"},"content":{"rendered":"<p>DESCRIPTION :<br \/>\nGr\u00e2ce \u00e0 son complexe nourrissant, Soleil Biafine Lait Apr\u00e8s Soleil Nourissant hydrate, nourrit et aide \u00e0 r\u00e9parer les dommages induits par une exposition solaire prolong\u00e9e.\u00a0Avec sa combinaison d\u2019actifs reconnus pour leurs propri\u00e9t\u00e9s apaisantes et r\u00e9paratrices, il soulage rapidement et nourrit intens\u00e9ment la peau.\u00a0Il contient \u00e9galement de la vitamine E qui aide \u00e0 renforcer les d\u00e9fenses naturelles de la peau.<br \/>\nCONSEILS D&rsquo;UTILISATION :<br \/>\nAppliquer chaque soir apr\u00e8s exposition au soleil sur une peau pr\u00e9alablement nettoy\u00e9e.<br \/>\nR\u00e9-appliquer le produit aussi souvent que votre peau en a besoin.<\/p>\n","protected":false},"excerpt":{"rendered":"<p>DESCRIPTION : Gr\u00e2ce \u00e0 son complexe nourrissant, Soleil Biafine Lait Apr\u00e8s Soleil Nourissant hydrate, nourrit et aide \u00e0 r\u00e9parer les<\/p>\n","protected":false},"featured_media":11560,"comment_status":"open","ping_status":"closed","template":"","meta":[],"product_brand":[149],"product_cat":[170],"product_tag":[],"class_list":{"0":"post-12812","1":"product","2":"type-product","3":"status-publish","4":"has-post-thumbnail","6":"product_brand-biafine","7":"product_cat-protection-solaire-corps","9":"first","10":"instock","11":"sale","12":"shipping-taxable","13":"purchasable","14":"product-type-simple"},"yoast_head":"<!-- This site is optimized with the Yoast SEO plugin v26.6 - https:\/\/yoast.com\/wordpress\/plugins\/seo\/ -->\r\n<title>BIAFINE SOLEIL BIAFINE LAIT APRES SOLEIL NOURRISSANT 150 ML - Paracherkaoui.ma<\/title>\r\n<meta name=\"robots\" content=\"index, follow, max-snippet:-1, max-image-preview:large, max-video-preview:-1\" \/>\r\n<link rel=\"canonical\" href=\"https:\/\/paracherkaoui.ma\/index.php\/produit\/biafine-soleil-biafine-lait-apres-soleil-nourrissant-150-ml-2\/\" \/>\r\n<meta property=\"og:locale\" content=\"fr_FR\" \/>\r\n<meta property=\"og:type\" content=\"article\" \/>\r\n<meta property=\"og:title\" content=\"BIAFINE SOLEIL BIAFINE LAIT APRES SOLEIL NOURRISSANT 150 ML - Paracherkaoui.ma\" \/>\r\n<meta property=\"og:description\" content=\"DESCRIPTION : Gr\u00e2ce \u00e0 son complexe nourrissant, Soleil Biafine Lait Apr\u00e8s Soleil Nourissant hydrate, nourrit et aide \u00e0 r\u00e9parer les\" \/>\r\n<meta property=\"og:url\" content=\"https:\/\/paracherkaoui.ma\/index.php\/produit\/biafine-soleil-biafine-lait-apres-soleil-nourrissant-150-ml-2\/\" \/>\r\n<meta property=\"og:site_name\" content=\"Paracherkaoui.ma\" \/>\r\n<meta property=\"article:modified_time\" content=\"2025-12-12T16:46:46+00:00\" \/>\r\n<meta property=\"og:image\" content=\"https:\/\/paracherkaoui.ma\/wp-content\/uploads\/2025\/12\/biafine-soleil-biafine-lait-apres-soleil-nourrissant-150-ml.jpg\" \/>\r\n\t<meta property=\"og:image:width\" content=\"700\" \/>\r\n\t<meta property=\"og:image:height\" content=\"700\" \/>\r\n\t<meta property=\"og:image:type\" content=\"image\/jpeg\" \/>\r\n<meta name=\"twitter:card\" content=\"summary_large_image\" \/>\r\n<script type=\"application\/ld+json\" class=\"yoast-schema-graph\">{\"@context\":\"https:\/\/schema.org\",\"@graph\":[{\"@type\":\"WebPage\",\"@id\":\"https:\/\/paracherkaoui.ma\/index.php\/produit\/biafine-soleil-biafine-lait-apres-soleil-nourrissant-150-ml-2\/\",\"url\":\"https:\/\/paracherkaoui.ma\/index.php\/produit\/biafine-soleil-biafine-lait-apres-soleil-nourrissant-150-ml-2\/\",\"name\":\"BIAFINE SOLEIL BIAFINE LAIT APRES SOLEIL NOURRISSANT 150 ML - Paracherkaoui.ma\",\"isPartOf\":{\"@id\":\"https:\/\/paracherkaoui.ma\/#website\"},\"primaryImageOfPage\":{\"@id\":\"https:\/\/paracherkaoui.ma\/index.php\/produit\/biafine-soleil-biafine-lait-apres-soleil-nourrissant-150-ml-2\/#primaryimage\"},\"image\":{\"@id\":\"https:\/\/paracherkaoui.ma\/index.php\/produit\/biafine-soleil-biafine-lait-apres-soleil-nourrissant-150-ml-2\/#primaryimage\"},\"thumbnailUrl\":\"https:\/\/paracherkaoui.ma\/wp-content\/uploads\/2025\/12\/biafine-soleil-biafine-lait-apres-soleil-nourrissant-150-ml.jpg\",\"datePublished\":\"2025-12-12T16:46:44+00:00\",\"dateModified\":\"2025-12-12T16:46:46+00:00\",\"breadcrumb\":{\"@id\":\"https:\/\/paracherkaoui.ma\/index.php\/produit\/biafine-soleil-biafine-lait-apres-soleil-nourrissant-150-ml-2\/#breadcrumb\"},\"inLanguage\":\"fr-FR\",\"potentialAction\":[{\"@type\":\"ReadAction\",\"target\":[\"https:\/\/paracherkaoui.ma\/index.php\/produit\/biafine-soleil-biafine-lait-apres-soleil-nourrissant-150-ml-2\/\"]}]},{\"@type\":\"ImageObject\",\"inLanguage\":\"fr-FR\",\"@id\":\"https:\/\/paracherkaoui.ma\/index.php\/produit\/biafine-soleil-biafine-lait-apres-soleil-nourrissant-150-ml-2\/#primaryimage\",\"url\":\"https:\/\/paracherkaoui.ma\/wp-content\/uploads\/2025\/12\/biafine-soleil-biafine-lait-apres-soleil-nourrissant-150-ml.jpg\",\"contentUrl\":\"https:\/\/paracherkaoui.ma\/wp-content\/uploads\/2025\/12\/biafine-soleil-biafine-lait-apres-soleil-nourrissant-150-ml.jpg\",\"width\":700,\"height\":700},{\"@type\":\"BreadcrumbList\",\"@id\":\"https:\/\/paracherkaoui.ma\/index.php\/produit\/biafine-soleil-biafine-lait-apres-soleil-nourrissant-150-ml-2\/#breadcrumb\",\"itemListElement\":[{\"@type\":\"ListItem\",\"position\":1,\"name\":\"Accueil\",\"item\":\"https:\/\/paracherkaoui.ma\/\"},{\"@type\":\"ListItem\",\"position\":2,\"name\":\"Boutique\",\"item\":\"https:\/\/paracherkaoui.ma\/index.php\/boutique\/\"},{\"@type\":\"ListItem\",\"position\":3,\"name\":\"BIAFINE SOLEIL BIAFINE LAIT APRES SOLEIL NOURRISSANT 150 ML\"}]},{\"@type\":\"WebSite\",\"@id\":\"https:\/\/paracherkaoui.ma\/#website\",\"url\":\"https:\/\/paracherkaoui.ma\/\",\"name\":\"Paracherkaoui.ma\",\"description\":\"Achetez en ligne sur Paracherkaoui.ma\",\"potentialAction\":[{\"@type\":\"SearchAction\",\"target\":{\"@type\":\"EntryPoint\",\"urlTemplate\":\"https:\/\/paracherkaoui.ma\/?s={search_term_string}\"},\"query-input\":{\"@type\":\"PropertyValueSpecification\",\"valueRequired\":true,\"valueName\":\"search_term_string\"}}],\"inLanguage\":\"fr-FR\"}]}<\/script>\r\n<!-- \/ Yoast SEO plugin. -->","yoast_head_json":{"title":"BIAFINE SOLEIL BIAFINE LAIT APRES SOLEIL NOURRISSANT 150 ML - Paracherkaoui.ma","robots":{"index":"index","follow":"follow","max-snippet":"max-snippet:-1","max-image-preview":"max-image-preview:large","max-video-preview":"max-video-preview:-1"},"canonical":"https:\/\/paracherkaoui.ma\/index.php\/produit\/biafine-soleil-biafine-lait-apres-soleil-nourrissant-150-ml-2\/","og_locale":"fr_FR","og_type":"article","og_title":"BIAFINE SOLEIL BIAFINE LAIT APRES SOLEIL NOURRISSANT 150 ML - Paracherkaoui.ma","og_description":"DESCRIPTION : Gr\u00e2ce \u00e0 son complexe nourrissant, Soleil Biafine Lait Apr\u00e8s Soleil Nourissant hydrate, nourrit et aide \u00e0 r\u00e9parer les","og_url":"https:\/\/paracherkaoui.ma\/index.php\/produit\/biafine-soleil-biafine-lait-apres-soleil-nourrissant-150-ml-2\/","og_site_name":"Paracherkaoui.ma","article_modified_time":"2025-12-12T16:46:46+00:00","og_image":[{"width":700,"height":700,"url":"https:\/\/paracherkaoui.ma\/wp-content\/uploads\/2025\/12\/biafine-soleil-biafine-lait-apres-soleil-nourrissant-150-ml.jpg","type":"image\/jpeg"}],"twitter_card":"summary_large_image","schema":{"@context":"https:\/\/schema.org","@graph":[{"@type":"WebPage","@id":"https:\/\/paracherkaoui.ma\/index.php\/produit\/biafine-soleil-biafine-lait-apres-soleil-nourrissant-150-ml-2\/","url":"https:\/\/paracherkaoui.ma\/index.php\/produit\/biafine-soleil-biafine-lait-apres-soleil-nourrissant-150-ml-2\/","name":"BIAFINE SOLEIL BIAFINE LAIT APRES SOLEIL NOURRISSANT 150 ML - Paracherkaoui.ma","isPartOf":{"@id":"https:\/\/paracherkaoui.ma\/#website"},"primaryImageOfPage":{"@id":"https:\/\/paracherkaoui.ma\/index.php\/produit\/biafine-soleil-biafine-lait-apres-soleil-nourrissant-150-ml-2\/#primaryimage"},"image":{"@id":"https:\/\/paracherkaoui.ma\/index.php\/produit\/biafine-soleil-biafine-lait-apres-soleil-nourrissant-150-ml-2\/#primaryimage"},"thumbnailUrl":"https:\/\/paracherkaoui.ma\/wp-content\/uploads\/2025\/12\/biafine-soleil-biafine-lait-apres-soleil-nourrissant-150-ml.jpg","datePublished":"2025-12-12T16:46:44+00:00","dateModified":"2025-12-12T16:46:46+00:00","breadcrumb":{"@id":"https:\/\/paracherkaoui.ma\/index.php\/produit\/biafine-soleil-biafine-lait-apres-soleil-nourrissant-150-ml-2\/#breadcrumb"},"inLanguage":"fr-FR","potentialAction":[{"@type":"ReadAction","target":["https:\/\/paracherkaoui.ma\/index.php\/produit\/biafine-soleil-biafine-lait-apres-soleil-nourrissant-150-ml-2\/"]}]},{"@type":"ImageObject","inLanguage":"fr-FR","@id":"https:\/\/paracherkaoui.ma\/index.php\/produit\/biafine-soleil-biafine-lait-apres-soleil-nourrissant-150-ml-2\/#primaryimage","url":"https:\/\/paracherkaoui.ma\/wp-content\/uploads\/2025\/12\/biafine-soleil-biafine-lait-apres-soleil-nourrissant-150-ml.jpg","contentUrl":"https:\/\/paracherkaoui.ma\/wp-content\/uploads\/2025\/12\/biafine-soleil-biafine-lait-apres-soleil-nourrissant-150-ml.jpg","width":700,"height":700},{"@type":"BreadcrumbList","@id":"https:\/\/paracherkaoui.ma\/index.php\/produit\/biafine-soleil-biafine-lait-apres-soleil-nourrissant-150-ml-2\/#breadcrumb","itemListElement":[{"@type":"ListItem","position":1,"name":"Accueil","item":"https:\/\/paracherkaoui.ma\/"},{"@type":"ListItem","position":2,"name":"Boutique","item":"https:\/\/paracherkaoui.ma\/index.php\/boutique\/"},{"@type":"ListItem","position":3,"name":"BIAFINE SOLEIL BIAFINE LAIT APRES SOLEIL NOURRISSANT 150 ML"}]},{"@type":"WebSite","@id":"https:\/\/paracherkaoui.ma\/#website","url":"https:\/\/paracherkaoui.ma\/","name":"Paracherkaoui.ma","description":"Achetez en ligne sur Paracherkaoui.ma","potentialAction":[{"@type":"SearchAction","target":{"@type":"EntryPoint","urlTemplate":"https:\/\/paracherkaoui.ma\/?s={search_term_string}"},"query-input":{"@type":"PropertyValueSpecification","valueRequired":true,"valueName":"search_term_string"}}],"inLanguage":"fr-FR"}]}},"_links":{"self":[{"href":"https:\/\/paracherkaoui.ma\/index.php\/wp-json\/wp\/v2\/product\/12812","targetHints":{"allow":["GET"]}}],"collection":[{"href":"https:\/\/paracherkaoui.ma\/index.php\/wp-json\/wp\/v2\/product"}],"about":[{"href":"https:\/\/paracherkaoui.ma\/index.php\/wp-json\/wp\/v2\/types\/product"}],"replies":[{"embeddable":true,"href":"https:\/\/paracherkaoui.ma\/index.php\/wp-json\/wp\/v2\/comments?post=12812"}],"version-history":[{"count":1,"href":"https:\/\/paracherkaoui.ma\/index.php\/wp-json\/wp\/v2\/product\/12812\/revisions"}],"predecessor-version":[{"id":12850,"href":"https:\/\/paracherkaoui.ma\/index.php\/wp-json\/wp\/v2\/product\/12812\/revisions\/12850"}],"wp:featuredmedia":[{"embeddable":true,"href":"https:\/\/paracherkaoui.ma\/index.php\/wp-json\/wp\/v2\/media\/11560"}],"wp:attachment":[{"href":"https:\/\/paracherkaoui.ma\/index.php\/wp-json\/wp\/v2\/media?parent=12812"}],"wp:term":[{"taxonomy":"product_brand","embeddable":true,"href":"https:\/\/paracherkaoui.ma\/index.php\/wp-json\/wp\/v2\/product_brand?post=12812"},{"taxonomy":"product_cat","embeddable":true,"href":"https:\/\/paracherkaoui.ma\/index.php\/wp-json\/wp\/v2\/product_cat?post=12812"},{"taxonomy":"product_tag","embeddable":true,"href":"https:\/\/paracherkaoui.ma\/index.php\/wp-json\/wp\/v2\/product_tag?post=12812"}],"curies":[{"name":"wp","href":"https:\/\/api.w.org\/{rel}","templated":true}]}}