{"id":12804,"date":"2025-12-12T17:46:44","date_gmt":"2025-12-12T16:46:44","guid":{"rendered":"https:\/\/test.ecbeaute.com\/?post_type=product&#038;p=12804"},"modified":"2025-12-12T17:46:45","modified_gmt":"2025-12-12T16:46:45","slug":"isdin-fotoprotector-gel-cream-wet-skin-spf-50-250ml","status":"publish","type":"product","link":"https:\/\/paracherkaoui.ma\/index.php\/produit\/isdin-fotoprotector-gel-cream-wet-skin-spf-50-250ml\/","title":{"rendered":"ISDIN Fotoprotector Gel Cream WET SKIN SPF 50+ \/250ML"},"content":{"rendered":"<p>Cette cr\u00e8me solaire combine les propri\u00e9t\u00e9s hydratantes d&rsquo;une cr\u00e8me avec la l\u00e9g\u00e8ret\u00e9 et la fra\u00eecheur d&rsquo;un gel. Sa texture unique p\u00e9n\u00e8tre rapidement la peau, offrant une sensation soyeuse et un fini mat, id\u00e9al pour une utilisation quotidienne sans laisser de r\u00e9sidu gras. De plus, sa formule est con\u00e7ue pour \u00eatre appliqu\u00e9e sur peau s\u00e8che, assurant une protection optimale m\u00eame lors des journ\u00e9es les plus actives<br \/>\nL&rsquo;un des points forts de ce Fotoprotector est sa haute protection SPF 50+, qui aide \u00e0 pr\u00e9venir les dommages caus\u00e9s par les rayons UVA et UVB. Cette protection est essentielle pour r\u00e9duire les risques de coups de soleil, de vieillissement pr\u00e9matur\u00e9 de la peau et d&rsquo;autres affections cutan\u00e9es li\u00e9es \u00e0 l&rsquo;exposition solaire.<br \/>\nConseils d&rsquo;utilisation<br \/>\nApplication initiale : Appliquez g\u00e9n\u00e9reusement la cr\u00e8me sur une peau s\u00e8che environ 30 minutes avant l&rsquo;exposition au soleil.<br \/>\nRenouvellement : R\u00e9appliquez toutes les deux heures, ou plus fr\u00e9quemment en cas de transpiration, apr\u00e8s la baignade ou apr\u00e8s vous \u00eatre essuy\u00e9 avec une serviette.<br \/>\nQuantit\u00e9 ad\u00e9quate : Une application insuffisante r\u00e9duit le niveau de protection. Assurez-vous d&rsquo;utiliser une quantit\u00e9 suffisante pour couvrir toutes les zones expos\u00e9es.<br \/>\nEn int\u00e9grant le Fotoprotector Gel Cream WET SKIN SPF 50+ d&rsquo;ISDIN dans votre routine, vous offrez \u00e0 votre peau une protection efficace tout en profitant d&rsquo;une texture agr\u00e9able et d&rsquo;une sensation de fra\u00eecheur. N&rsquo;oubliez pas que la protection solaire est indispensable tout au long de l&rsquo;ann\u00e9e, m\u00eame par temps nuageux, pour maintenir une peau saine et radieuse.<br \/>\nComposition<br \/>\nAqua (Water), Dibutyl Adipate, Diisopropyl Sebacate, Isopropyl Palmitate, Ethylhexyl Salicylate, Butyl Methoxydibenzoylmethane, Ethylhexyl Triazone, Propanediol, Diethylhexyl Butamido Triazone, Bis-Ethylhexyloxyphenol Methoxyphenyl Triazine, Pentylene Glycol, Phenylbenzimidazole Sulfonic Acid, Poly C10-30 Alkyl Acrylate, Trimethylpentanediol\/Adipic Acid\/Glycerin Crosspolymer, C20-22 Alkyl Phosphate, C20-22 Alcohols, Polyacrylate Crosspolymer-6, Caprylyl Glycol, Diethylamino Hydroxybenzoyl Hexyl Benzoate, Hydroxyacetophenone, Oryza Sativa Cera (Oriza Sativa Rice Bran Wax), Panthenol, Pentaerythrityl Tetra-Di-T-Butyl Hydroxyhydrocinnamate, Tocopheryl Acetate, Parfum (Fragrance), Sodium Hydroxide, Xanthan Gum, Tetrasodium Glutamate Diacetate, Zingiber Officinale (Ginger) Root Extract, T-Butyl Alcohol.<\/p>\n","protected":false},"excerpt":{"rendered":"<p>Cette cr\u00e8me solaire combine les propri\u00e9t\u00e9s hydratantes d&rsquo;une cr\u00e8me avec la l\u00e9g\u00e8ret\u00e9 et la fra\u00eecheur d&rsquo;un gel. Sa texture unique<\/p>\n","protected":false},"featured_media":12836,"comment_status":"open","ping_status":"closed","template":"","meta":[],"product_brand":[135],"product_cat":[170],"product_tag":[],"class_list":{"0":"post-12804","1":"product","2":"type-product","3":"status-publish","4":"has-post-thumbnail","6":"product_brand-isdin","7":"product_cat-protection-solaire-corps","9":"first","10":"instock","11":"sale","12":"shipping-taxable","13":"purchasable","14":"product-type-simple"},"yoast_head":"<!-- This site is optimized with the Yoast SEO plugin v26.6 - https:\/\/yoast.com\/wordpress\/plugins\/seo\/ -->\r\n<title>ISDIN Fotoprotector Gel Cream WET SKIN SPF 50+ \/250ML - Paracherkaoui.ma<\/title>\r\n<meta name=\"robots\" content=\"index, follow, max-snippet:-1, max-image-preview:large, max-video-preview:-1\" \/>\r\n<link rel=\"canonical\" href=\"https:\/\/paracherkaoui.ma\/index.php\/produit\/isdin-fotoprotector-gel-cream-wet-skin-spf-50-250ml\/\" \/>\r\n<meta property=\"og:locale\" content=\"fr_FR\" \/>\r\n<meta property=\"og:type\" content=\"article\" \/>\r\n<meta property=\"og:title\" content=\"ISDIN Fotoprotector Gel Cream WET SKIN SPF 50+ \/250ML - Paracherkaoui.ma\" \/>\r\n<meta property=\"og:description\" content=\"Cette cr\u00e8me solaire combine les propri\u00e9t\u00e9s hydratantes d&rsquo;une cr\u00e8me avec la l\u00e9g\u00e8ret\u00e9 et la fra\u00eecheur d&rsquo;un gel. Sa texture unique\" \/>\r\n<meta property=\"og:url\" content=\"https:\/\/paracherkaoui.ma\/index.php\/produit\/isdin-fotoprotector-gel-cream-wet-skin-spf-50-250ml\/\" \/>\r\n<meta property=\"og:site_name\" content=\"Paracherkaoui.ma\" \/>\r\n<meta property=\"article:modified_time\" content=\"2025-12-12T16:46:45+00:00\" \/>\r\n<meta property=\"og:image\" content=\"https:\/\/paracherkaoui.ma\/wp-content\/uploads\/2025\/12\/isdin-isdin-fotoprotector-gel-cream-wet-skin-spf-50-250ml-gels-solaire.jpg\" \/>\r\n\t<meta property=\"og:image:width\" content=\"700\" \/>\r\n\t<meta property=\"og:image:height\" content=\"700\" \/>\r\n\t<meta property=\"og:image:type\" content=\"image\/jpeg\" \/>\r\n<meta name=\"twitter:card\" content=\"summary_large_image\" \/>\r\n<meta name=\"twitter:label1\" content=\"Dur\u00e9e de lecture estim\u00e9e\" \/>\n\t<meta name=\"twitter:data1\" content=\"2 minutes\" \/>\r\n<script type=\"application\/ld+json\" class=\"yoast-schema-graph\">{\"@context\":\"https:\/\/schema.org\",\"@graph\":[{\"@type\":\"WebPage\",\"@id\":\"https:\/\/paracherkaoui.ma\/index.php\/produit\/isdin-fotoprotector-gel-cream-wet-skin-spf-50-250ml\/\",\"url\":\"https:\/\/paracherkaoui.ma\/index.php\/produit\/isdin-fotoprotector-gel-cream-wet-skin-spf-50-250ml\/\",\"name\":\"ISDIN Fotoprotector Gel Cream WET SKIN SPF 50+ \/250ML - Paracherkaoui.ma\",\"isPartOf\":{\"@id\":\"https:\/\/paracherkaoui.ma\/#website\"},\"primaryImageOfPage\":{\"@id\":\"https:\/\/paracherkaoui.ma\/index.php\/produit\/isdin-fotoprotector-gel-cream-wet-skin-spf-50-250ml\/#primaryimage\"},\"image\":{\"@id\":\"https:\/\/paracherkaoui.ma\/index.php\/produit\/isdin-fotoprotector-gel-cream-wet-skin-spf-50-250ml\/#primaryimage\"},\"thumbnailUrl\":\"https:\/\/paracherkaoui.ma\/wp-content\/uploads\/2025\/12\/isdin-isdin-fotoprotector-gel-cream-wet-skin-spf-50-250ml-gels-solaire.jpg\",\"datePublished\":\"2025-12-12T16:46:44+00:00\",\"dateModified\":\"2025-12-12T16:46:45+00:00\",\"breadcrumb\":{\"@id\":\"https:\/\/paracherkaoui.ma\/index.php\/produit\/isdin-fotoprotector-gel-cream-wet-skin-spf-50-250ml\/#breadcrumb\"},\"inLanguage\":\"fr-FR\",\"potentialAction\":[{\"@type\":\"ReadAction\",\"target\":[\"https:\/\/paracherkaoui.ma\/index.php\/produit\/isdin-fotoprotector-gel-cream-wet-skin-spf-50-250ml\/\"]}]},{\"@type\":\"ImageObject\",\"inLanguage\":\"fr-FR\",\"@id\":\"https:\/\/paracherkaoui.ma\/index.php\/produit\/isdin-fotoprotector-gel-cream-wet-skin-spf-50-250ml\/#primaryimage\",\"url\":\"https:\/\/paracherkaoui.ma\/wp-content\/uploads\/2025\/12\/isdin-isdin-fotoprotector-gel-cream-wet-skin-spf-50-250ml-gels-solaire.jpg\",\"contentUrl\":\"https:\/\/paracherkaoui.ma\/wp-content\/uploads\/2025\/12\/isdin-isdin-fotoprotector-gel-cream-wet-skin-spf-50-250ml-gels-solaire.jpg\",\"width\":700,\"height\":700},{\"@type\":\"BreadcrumbList\",\"@id\":\"https:\/\/paracherkaoui.ma\/index.php\/produit\/isdin-fotoprotector-gel-cream-wet-skin-spf-50-250ml\/#breadcrumb\",\"itemListElement\":[{\"@type\":\"ListItem\",\"position\":1,\"name\":\"Accueil\",\"item\":\"https:\/\/paracherkaoui.ma\/\"},{\"@type\":\"ListItem\",\"position\":2,\"name\":\"Boutique\",\"item\":\"https:\/\/paracherkaoui.ma\/index.php\/boutique\/\"},{\"@type\":\"ListItem\",\"position\":3,\"name\":\"ISDIN Fotoprotector Gel Cream WET SKIN SPF 50+ \/250ML\"}]},{\"@type\":\"WebSite\",\"@id\":\"https:\/\/paracherkaoui.ma\/#website\",\"url\":\"https:\/\/paracherkaoui.ma\/\",\"name\":\"Paracherkaoui.ma\",\"description\":\"Achetez en ligne sur Paracherkaoui.ma\",\"potentialAction\":[{\"@type\":\"SearchAction\",\"target\":{\"@type\":\"EntryPoint\",\"urlTemplate\":\"https:\/\/paracherkaoui.ma\/?s={search_term_string}\"},\"query-input\":{\"@type\":\"PropertyValueSpecification\",\"valueRequired\":true,\"valueName\":\"search_term_string\"}}],\"inLanguage\":\"fr-FR\"}]}<\/script>\r\n<!-- \/ Yoast SEO plugin. -->","yoast_head_json":{"title":"ISDIN Fotoprotector Gel Cream WET SKIN SPF 50+ \/250ML - Paracherkaoui.ma","robots":{"index":"index","follow":"follow","max-snippet":"max-snippet:-1","max-image-preview":"max-image-preview:large","max-video-preview":"max-video-preview:-1"},"canonical":"https:\/\/paracherkaoui.ma\/index.php\/produit\/isdin-fotoprotector-gel-cream-wet-skin-spf-50-250ml\/","og_locale":"fr_FR","og_type":"article","og_title":"ISDIN Fotoprotector Gel Cream WET SKIN SPF 50+ \/250ML - Paracherkaoui.ma","og_description":"Cette cr\u00e8me solaire combine les propri\u00e9t\u00e9s hydratantes d&rsquo;une cr\u00e8me avec la l\u00e9g\u00e8ret\u00e9 et la fra\u00eecheur d&rsquo;un gel. Sa texture unique","og_url":"https:\/\/paracherkaoui.ma\/index.php\/produit\/isdin-fotoprotector-gel-cream-wet-skin-spf-50-250ml\/","og_site_name":"Paracherkaoui.ma","article_modified_time":"2025-12-12T16:46:45+00:00","og_image":[{"width":700,"height":700,"url":"https:\/\/paracherkaoui.ma\/wp-content\/uploads\/2025\/12\/isdin-isdin-fotoprotector-gel-cream-wet-skin-spf-50-250ml-gels-solaire.jpg","type":"image\/jpeg"}],"twitter_card":"summary_large_image","twitter_misc":{"Dur\u00e9e de lecture estim\u00e9e":"2 minutes"},"schema":{"@context":"https:\/\/schema.org","@graph":[{"@type":"WebPage","@id":"https:\/\/paracherkaoui.ma\/index.php\/produit\/isdin-fotoprotector-gel-cream-wet-skin-spf-50-250ml\/","url":"https:\/\/paracherkaoui.ma\/index.php\/produit\/isdin-fotoprotector-gel-cream-wet-skin-spf-50-250ml\/","name":"ISDIN Fotoprotector Gel Cream WET SKIN SPF 50+ \/250ML - Paracherkaoui.ma","isPartOf":{"@id":"https:\/\/paracherkaoui.ma\/#website"},"primaryImageOfPage":{"@id":"https:\/\/paracherkaoui.ma\/index.php\/produit\/isdin-fotoprotector-gel-cream-wet-skin-spf-50-250ml\/#primaryimage"},"image":{"@id":"https:\/\/paracherkaoui.ma\/index.php\/produit\/isdin-fotoprotector-gel-cream-wet-skin-spf-50-250ml\/#primaryimage"},"thumbnailUrl":"https:\/\/paracherkaoui.ma\/wp-content\/uploads\/2025\/12\/isdin-isdin-fotoprotector-gel-cream-wet-skin-spf-50-250ml-gels-solaire.jpg","datePublished":"2025-12-12T16:46:44+00:00","dateModified":"2025-12-12T16:46:45+00:00","breadcrumb":{"@id":"https:\/\/paracherkaoui.ma\/index.php\/produit\/isdin-fotoprotector-gel-cream-wet-skin-spf-50-250ml\/#breadcrumb"},"inLanguage":"fr-FR","potentialAction":[{"@type":"ReadAction","target":["https:\/\/paracherkaoui.ma\/index.php\/produit\/isdin-fotoprotector-gel-cream-wet-skin-spf-50-250ml\/"]}]},{"@type":"ImageObject","inLanguage":"fr-FR","@id":"https:\/\/paracherkaoui.ma\/index.php\/produit\/isdin-fotoprotector-gel-cream-wet-skin-spf-50-250ml\/#primaryimage","url":"https:\/\/paracherkaoui.ma\/wp-content\/uploads\/2025\/12\/isdin-isdin-fotoprotector-gel-cream-wet-skin-spf-50-250ml-gels-solaire.jpg","contentUrl":"https:\/\/paracherkaoui.ma\/wp-content\/uploads\/2025\/12\/isdin-isdin-fotoprotector-gel-cream-wet-skin-spf-50-250ml-gels-solaire.jpg","width":700,"height":700},{"@type":"BreadcrumbList","@id":"https:\/\/paracherkaoui.ma\/index.php\/produit\/isdin-fotoprotector-gel-cream-wet-skin-spf-50-250ml\/#breadcrumb","itemListElement":[{"@type":"ListItem","position":1,"name":"Accueil","item":"https:\/\/paracherkaoui.ma\/"},{"@type":"ListItem","position":2,"name":"Boutique","item":"https:\/\/paracherkaoui.ma\/index.php\/boutique\/"},{"@type":"ListItem","position":3,"name":"ISDIN Fotoprotector Gel Cream WET SKIN SPF 50+ \/250ML"}]},{"@type":"WebSite","@id":"https:\/\/paracherkaoui.ma\/#website","url":"https:\/\/paracherkaoui.ma\/","name":"Paracherkaoui.ma","description":"Achetez en ligne sur Paracherkaoui.ma","potentialAction":[{"@type":"SearchAction","target":{"@type":"EntryPoint","urlTemplate":"https:\/\/paracherkaoui.ma\/?s={search_term_string}"},"query-input":{"@type":"PropertyValueSpecification","valueRequired":true,"valueName":"search_term_string"}}],"inLanguage":"fr-FR"}]}},"_links":{"self":[{"href":"https:\/\/paracherkaoui.ma\/index.php\/wp-json\/wp\/v2\/product\/12804","targetHints":{"allow":["GET"]}}],"collection":[{"href":"https:\/\/paracherkaoui.ma\/index.php\/wp-json\/wp\/v2\/product"}],"about":[{"href":"https:\/\/paracherkaoui.ma\/index.php\/wp-json\/wp\/v2\/types\/product"}],"replies":[{"embeddable":true,"href":"https:\/\/paracherkaoui.ma\/index.php\/wp-json\/wp\/v2\/comments?post=12804"}],"version-history":[{"count":1,"href":"https:\/\/paracherkaoui.ma\/index.php\/wp-json\/wp\/v2\/product\/12804\/revisions"}],"predecessor-version":[{"id":12837,"href":"https:\/\/paracherkaoui.ma\/index.php\/wp-json\/wp\/v2\/product\/12804\/revisions\/12837"}],"wp:featuredmedia":[{"embeddable":true,"href":"https:\/\/paracherkaoui.ma\/index.php\/wp-json\/wp\/v2\/media\/12836"}],"wp:attachment":[{"href":"https:\/\/paracherkaoui.ma\/index.php\/wp-json\/wp\/v2\/media?parent=12804"}],"wp:term":[{"taxonomy":"product_brand","embeddable":true,"href":"https:\/\/paracherkaoui.ma\/index.php\/wp-json\/wp\/v2\/product_brand?post=12804"},{"taxonomy":"product_cat","embeddable":true,"href":"https:\/\/paracherkaoui.ma\/index.php\/wp-json\/wp\/v2\/product_cat?post=12804"},{"taxonomy":"product_tag","embeddable":true,"href":"https:\/\/paracherkaoui.ma\/index.php\/wp-json\/wp\/v2\/product_tag?post=12804"}],"curies":[{"name":"wp","href":"https:\/\/api.w.org\/{rel}","templated":true}]}}