{"id":12802,"date":"2025-12-12T17:46:43","date_gmt":"2025-12-12T16:46:43","guid":{"rendered":"https:\/\/test.ecbeaute.com\/?post_type=product&#038;p=12802"},"modified":"2025-12-12T17:46:45","modified_gmt":"2025-12-12T16:46:45","slug":"isdin-fotoprotector-pediatrics-lotion-spray-spf-50-250-ml-2","status":"publish","type":"product","link":"https:\/\/paracherkaoui.ma\/index.php\/produit\/isdin-fotoprotector-pediatrics-lotion-spray-spf-50-250-ml-2\/","title":{"rendered":"ISDIN FOTOPROTECTOR PEDIATRICS LOTION SPRAY SPF 50+ 250 ML"},"content":{"rendered":"<p>Une protection avanc\u00e9e adapt\u00e9e aux enfants<br \/>\nCon\u00e7u pour tous les types de peaux, y compris les peaux atopiques et sensibles, ISDIN Pediatrics int\u00e8gre une formule am\u00e9lior\u00e9e \u00e0 base d\u2019extrait de SiempreViva, un actif reconnu pour ses propri\u00e9t\u00e9s apaisantes et renfor\u00e7ant la barri\u00e8re cutan\u00e9e. Son action est renforc\u00e9e par la pr\u00e9sence de Vitamine E et de Dexpanthenol, qui contribuent \u00e0 maintenir l\u2019hydratation et \u00e0 prot\u00e9ger la peau des agressions ext\u00e9rieures.<br \/>\nSa texture l\u00e9g\u00e8re s\u00e8che imm\u00e9diatement apr\u00e8s application, \u00e9vitant ainsi toute sensation collante ou grasse. Facile \u00e0 utiliser gr\u00e2ce \u00e0 son format spray pratique, il permet une application rapide et homog\u00e8ne, id\u00e9ale pour les enfants impatients de profiter du plein air.<br \/>\nConseils d\u2019utilisation pour une efficacit\u00e9 optimale<br \/>\nAppliquer g\u00e9n\u00e9reusement sur peau s\u00e8che ou humide, au moins 30 minutes avant l\u2019exposition au soleil.<br \/>\nRenouveler l\u2019application toutes les 2 heures, ainsi qu\u2019apr\u00e8s une baignade, une transpiration excessive ou un essuyage avec une serviette.<br \/>\nPour assurer une protection maximale, veillez \u00e0 appliquer une quantit\u00e9 suffisante de produit.<br \/>\nNe pas exposer directement les b\u00e9b\u00e9s et les jeunes enfants au soleil. Compl\u00e9tez leur protection avec des v\u00eatements, un chapeau et des lunettes de soleil.<br \/>\nD\u00e8s 6 mois, cette protection solaire est id\u00e9ale pour assurer le bien-\u00eatre de la peau des tout-petits tout en les prot\u00e9geant efficacement des rayons nocifs du soleil.<br \/>\nComposition<br \/>\nIsobutane, Aqua, Dibutyl Adipate, Butyl Methoxydibenzoylmethane, C12-15 Alkyl Benzoate, Ethylhexyl Salicylate, Isoamyl Laurate, Isononyl Isononanoate, Coco-Caprylate\/Caprate, Ethylhexyl Triazone, Polyglyceryl-2 Dipolyhydroxystearate, Bis-Ethylhexyloxyphenol Methoxyphenyl Triazine, Trimethylpentanediol\/Adipic Acid\/Glycerin Crosspolymer, Caprylic\/Capric Triglyceride, Silica, Pentylene Glycol, Glyceryl Oleate, Magnesium Sulfate, Sodium Chloride, Glycerin, Panthenol, Poly C10-30 Alkyl Acrylate, Tocopheryl Acetate, Disteardimonium Hectorite, Hydroxyacetophenone, Caprylyl Glycol, Propylene Carbonate, Tetrasodium Glutamate Diacetate, Glyceryl Stearate, Tocopherol, Helichrysum Italicum Extract, Lecithin, Ascorbyl Palmitate, Citric Acid.<\/p>\n","protected":false},"excerpt":{"rendered":"<p>Une protection avanc\u00e9e adapt\u00e9e aux enfants Con\u00e7u pour tous les types de peaux, y compris les peaux atopiques et sensibles,<\/p>\n","protected":false},"featured_media":12607,"comment_status":"open","ping_status":"closed","template":"","meta":[],"product_brand":[135],"product_cat":[170],"product_tag":[],"class_list":{"0":"post-12802","1":"product","2":"type-product","3":"status-publish","4":"has-post-thumbnail","6":"product_brand-isdin","7":"product_cat-protection-solaire-corps","9":"first","10":"instock","11":"sale","12":"shipping-taxable","13":"purchasable","14":"product-type-simple"},"yoast_head":"<!-- This site is optimized with the Yoast SEO plugin v26.6 - https:\/\/yoast.com\/wordpress\/plugins\/seo\/ -->\r\n<title>ISDIN FOTOPROTECTOR PEDIATRICS LOTION SPRAY SPF 50+ 250 ML - Paracherkaoui.ma<\/title>\r\n<meta name=\"robots\" content=\"index, follow, max-snippet:-1, max-image-preview:large, max-video-preview:-1\" \/>\r\n<link rel=\"canonical\" href=\"https:\/\/paracherkaoui.ma\/index.php\/produit\/isdin-fotoprotector-pediatrics-lotion-spray-spf-50-250-ml-2\/\" \/>\r\n<meta property=\"og:locale\" content=\"fr_FR\" \/>\r\n<meta property=\"og:type\" content=\"article\" \/>\r\n<meta property=\"og:title\" content=\"ISDIN FOTOPROTECTOR PEDIATRICS LOTION SPRAY SPF 50+ 250 ML - Paracherkaoui.ma\" \/>\r\n<meta property=\"og:description\" content=\"Une protection avanc\u00e9e adapt\u00e9e aux enfants Con\u00e7u pour tous les types de peaux, y compris les peaux atopiques et sensibles,\" \/>\r\n<meta property=\"og:url\" content=\"https:\/\/paracherkaoui.ma\/index.php\/produit\/isdin-fotoprotector-pediatrics-lotion-spray-spf-50-250-ml-2\/\" \/>\r\n<meta property=\"og:site_name\" content=\"Paracherkaoui.ma\" \/>\r\n<meta property=\"article:modified_time\" content=\"2025-12-12T16:46:45+00:00\" \/>\r\n<meta property=\"og:image\" content=\"https:\/\/paracherkaoui.ma\/wp-content\/uploads\/2025\/12\/isdin-isdin-fotoprotector-pediatrics-lotion-spray-spf-50-250-ml-solaires-bebes-et-enfants.jpg\" \/>\r\n\t<meta property=\"og:image:width\" content=\"700\" \/>\r\n\t<meta property=\"og:image:height\" content=\"700\" \/>\r\n\t<meta property=\"og:image:type\" content=\"image\/jpeg\" \/>\r\n<meta name=\"twitter:card\" content=\"summary_large_image\" \/>\r\n<meta name=\"twitter:label1\" content=\"Dur\u00e9e de lecture estim\u00e9e\" \/>\n\t<meta name=\"twitter:data1\" content=\"2 minutes\" \/>\r\n<script type=\"application\/ld+json\" class=\"yoast-schema-graph\">{\"@context\":\"https:\/\/schema.org\",\"@graph\":[{\"@type\":\"WebPage\",\"@id\":\"https:\/\/paracherkaoui.ma\/index.php\/produit\/isdin-fotoprotector-pediatrics-lotion-spray-spf-50-250-ml-2\/\",\"url\":\"https:\/\/paracherkaoui.ma\/index.php\/produit\/isdin-fotoprotector-pediatrics-lotion-spray-spf-50-250-ml-2\/\",\"name\":\"ISDIN FOTOPROTECTOR PEDIATRICS LOTION SPRAY SPF 50+ 250 ML - Paracherkaoui.ma\",\"isPartOf\":{\"@id\":\"https:\/\/paracherkaoui.ma\/#website\"},\"primaryImageOfPage\":{\"@id\":\"https:\/\/paracherkaoui.ma\/index.php\/produit\/isdin-fotoprotector-pediatrics-lotion-spray-spf-50-250-ml-2\/#primaryimage\"},\"image\":{\"@id\":\"https:\/\/paracherkaoui.ma\/index.php\/produit\/isdin-fotoprotector-pediatrics-lotion-spray-spf-50-250-ml-2\/#primaryimage\"},\"thumbnailUrl\":\"https:\/\/paracherkaoui.ma\/wp-content\/uploads\/2025\/12\/isdin-isdin-fotoprotector-pediatrics-lotion-spray-spf-50-250-ml-solaires-bebes-et-enfants.jpg\",\"datePublished\":\"2025-12-12T16:46:43+00:00\",\"dateModified\":\"2025-12-12T16:46:45+00:00\",\"breadcrumb\":{\"@id\":\"https:\/\/paracherkaoui.ma\/index.php\/produit\/isdin-fotoprotector-pediatrics-lotion-spray-spf-50-250-ml-2\/#breadcrumb\"},\"inLanguage\":\"fr-FR\",\"potentialAction\":[{\"@type\":\"ReadAction\",\"target\":[\"https:\/\/paracherkaoui.ma\/index.php\/produit\/isdin-fotoprotector-pediatrics-lotion-spray-spf-50-250-ml-2\/\"]}]},{\"@type\":\"ImageObject\",\"inLanguage\":\"fr-FR\",\"@id\":\"https:\/\/paracherkaoui.ma\/index.php\/produit\/isdin-fotoprotector-pediatrics-lotion-spray-spf-50-250-ml-2\/#primaryimage\",\"url\":\"https:\/\/paracherkaoui.ma\/wp-content\/uploads\/2025\/12\/isdin-isdin-fotoprotector-pediatrics-lotion-spray-spf-50-250-ml-solaires-bebes-et-enfants.jpg\",\"contentUrl\":\"https:\/\/paracherkaoui.ma\/wp-content\/uploads\/2025\/12\/isdin-isdin-fotoprotector-pediatrics-lotion-spray-spf-50-250-ml-solaires-bebes-et-enfants.jpg\",\"width\":700,\"height\":700},{\"@type\":\"BreadcrumbList\",\"@id\":\"https:\/\/paracherkaoui.ma\/index.php\/produit\/isdin-fotoprotector-pediatrics-lotion-spray-spf-50-250-ml-2\/#breadcrumb\",\"itemListElement\":[{\"@type\":\"ListItem\",\"position\":1,\"name\":\"Accueil\",\"item\":\"https:\/\/paracherkaoui.ma\/\"},{\"@type\":\"ListItem\",\"position\":2,\"name\":\"Boutique\",\"item\":\"https:\/\/paracherkaoui.ma\/index.php\/boutique\/\"},{\"@type\":\"ListItem\",\"position\":3,\"name\":\"ISDIN FOTOPROTECTOR PEDIATRICS LOTION SPRAY SPF 50+ 250 ML\"}]},{\"@type\":\"WebSite\",\"@id\":\"https:\/\/paracherkaoui.ma\/#website\",\"url\":\"https:\/\/paracherkaoui.ma\/\",\"name\":\"Paracherkaoui.ma\",\"description\":\"Achetez en ligne sur Paracherkaoui.ma\",\"potentialAction\":[{\"@type\":\"SearchAction\",\"target\":{\"@type\":\"EntryPoint\",\"urlTemplate\":\"https:\/\/paracherkaoui.ma\/?s={search_term_string}\"},\"query-input\":{\"@type\":\"PropertyValueSpecification\",\"valueRequired\":true,\"valueName\":\"search_term_string\"}}],\"inLanguage\":\"fr-FR\"}]}<\/script>\r\n<!-- \/ Yoast SEO plugin. -->","yoast_head_json":{"title":"ISDIN FOTOPROTECTOR PEDIATRICS LOTION SPRAY SPF 50+ 250 ML - Paracherkaoui.ma","robots":{"index":"index","follow":"follow","max-snippet":"max-snippet:-1","max-image-preview":"max-image-preview:large","max-video-preview":"max-video-preview:-1"},"canonical":"https:\/\/paracherkaoui.ma\/index.php\/produit\/isdin-fotoprotector-pediatrics-lotion-spray-spf-50-250-ml-2\/","og_locale":"fr_FR","og_type":"article","og_title":"ISDIN FOTOPROTECTOR PEDIATRICS LOTION SPRAY SPF 50+ 250 ML - Paracherkaoui.ma","og_description":"Une protection avanc\u00e9e adapt\u00e9e aux enfants Con\u00e7u pour tous les types de peaux, y compris les peaux atopiques et sensibles,","og_url":"https:\/\/paracherkaoui.ma\/index.php\/produit\/isdin-fotoprotector-pediatrics-lotion-spray-spf-50-250-ml-2\/","og_site_name":"Paracherkaoui.ma","article_modified_time":"2025-12-12T16:46:45+00:00","og_image":[{"width":700,"height":700,"url":"https:\/\/paracherkaoui.ma\/wp-content\/uploads\/2025\/12\/isdin-isdin-fotoprotector-pediatrics-lotion-spray-spf-50-250-ml-solaires-bebes-et-enfants.jpg","type":"image\/jpeg"}],"twitter_card":"summary_large_image","twitter_misc":{"Dur\u00e9e de lecture estim\u00e9e":"2 minutes"},"schema":{"@context":"https:\/\/schema.org","@graph":[{"@type":"WebPage","@id":"https:\/\/paracherkaoui.ma\/index.php\/produit\/isdin-fotoprotector-pediatrics-lotion-spray-spf-50-250-ml-2\/","url":"https:\/\/paracherkaoui.ma\/index.php\/produit\/isdin-fotoprotector-pediatrics-lotion-spray-spf-50-250-ml-2\/","name":"ISDIN FOTOPROTECTOR PEDIATRICS LOTION SPRAY SPF 50+ 250 ML - Paracherkaoui.ma","isPartOf":{"@id":"https:\/\/paracherkaoui.ma\/#website"},"primaryImageOfPage":{"@id":"https:\/\/paracherkaoui.ma\/index.php\/produit\/isdin-fotoprotector-pediatrics-lotion-spray-spf-50-250-ml-2\/#primaryimage"},"image":{"@id":"https:\/\/paracherkaoui.ma\/index.php\/produit\/isdin-fotoprotector-pediatrics-lotion-spray-spf-50-250-ml-2\/#primaryimage"},"thumbnailUrl":"https:\/\/paracherkaoui.ma\/wp-content\/uploads\/2025\/12\/isdin-isdin-fotoprotector-pediatrics-lotion-spray-spf-50-250-ml-solaires-bebes-et-enfants.jpg","datePublished":"2025-12-12T16:46:43+00:00","dateModified":"2025-12-12T16:46:45+00:00","breadcrumb":{"@id":"https:\/\/paracherkaoui.ma\/index.php\/produit\/isdin-fotoprotector-pediatrics-lotion-spray-spf-50-250-ml-2\/#breadcrumb"},"inLanguage":"fr-FR","potentialAction":[{"@type":"ReadAction","target":["https:\/\/paracherkaoui.ma\/index.php\/produit\/isdin-fotoprotector-pediatrics-lotion-spray-spf-50-250-ml-2\/"]}]},{"@type":"ImageObject","inLanguage":"fr-FR","@id":"https:\/\/paracherkaoui.ma\/index.php\/produit\/isdin-fotoprotector-pediatrics-lotion-spray-spf-50-250-ml-2\/#primaryimage","url":"https:\/\/paracherkaoui.ma\/wp-content\/uploads\/2025\/12\/isdin-isdin-fotoprotector-pediatrics-lotion-spray-spf-50-250-ml-solaires-bebes-et-enfants.jpg","contentUrl":"https:\/\/paracherkaoui.ma\/wp-content\/uploads\/2025\/12\/isdin-isdin-fotoprotector-pediatrics-lotion-spray-spf-50-250-ml-solaires-bebes-et-enfants.jpg","width":700,"height":700},{"@type":"BreadcrumbList","@id":"https:\/\/paracherkaoui.ma\/index.php\/produit\/isdin-fotoprotector-pediatrics-lotion-spray-spf-50-250-ml-2\/#breadcrumb","itemListElement":[{"@type":"ListItem","position":1,"name":"Accueil","item":"https:\/\/paracherkaoui.ma\/"},{"@type":"ListItem","position":2,"name":"Boutique","item":"https:\/\/paracherkaoui.ma\/index.php\/boutique\/"},{"@type":"ListItem","position":3,"name":"ISDIN FOTOPROTECTOR PEDIATRICS LOTION SPRAY SPF 50+ 250 ML"}]},{"@type":"WebSite","@id":"https:\/\/paracherkaoui.ma\/#website","url":"https:\/\/paracherkaoui.ma\/","name":"Paracherkaoui.ma","description":"Achetez en ligne sur Paracherkaoui.ma","potentialAction":[{"@type":"SearchAction","target":{"@type":"EntryPoint","urlTemplate":"https:\/\/paracherkaoui.ma\/?s={search_term_string}"},"query-input":{"@type":"PropertyValueSpecification","valueRequired":true,"valueName":"search_term_string"}}],"inLanguage":"fr-FR"}]}},"_links":{"self":[{"href":"https:\/\/paracherkaoui.ma\/index.php\/wp-json\/wp\/v2\/product\/12802","targetHints":{"allow":["GET"]}}],"collection":[{"href":"https:\/\/paracherkaoui.ma\/index.php\/wp-json\/wp\/v2\/product"}],"about":[{"href":"https:\/\/paracherkaoui.ma\/index.php\/wp-json\/wp\/v2\/types\/product"}],"replies":[{"embeddable":true,"href":"https:\/\/paracherkaoui.ma\/index.php\/wp-json\/wp\/v2\/comments?post=12802"}],"version-history":[{"count":1,"href":"https:\/\/paracherkaoui.ma\/index.php\/wp-json\/wp\/v2\/product\/12802\/revisions"}],"predecessor-version":[{"id":12834,"href":"https:\/\/paracherkaoui.ma\/index.php\/wp-json\/wp\/v2\/product\/12802\/revisions\/12834"}],"wp:featuredmedia":[{"embeddable":true,"href":"https:\/\/paracherkaoui.ma\/index.php\/wp-json\/wp\/v2\/media\/12607"}],"wp:attachment":[{"href":"https:\/\/paracherkaoui.ma\/index.php\/wp-json\/wp\/v2\/media?parent=12802"}],"wp:term":[{"taxonomy":"product_brand","embeddable":true,"href":"https:\/\/paracherkaoui.ma\/index.php\/wp-json\/wp\/v2\/product_brand?post=12802"},{"taxonomy":"product_cat","embeddable":true,"href":"https:\/\/paracherkaoui.ma\/index.php\/wp-json\/wp\/v2\/product_cat?post=12802"},{"taxonomy":"product_tag","embeddable":true,"href":"https:\/\/paracherkaoui.ma\/index.php\/wp-json\/wp\/v2\/product_tag?post=12802"}],"curies":[{"name":"wp","href":"https:\/\/api.w.org\/{rel}","templated":true}]}}